{"id":842,"date":"2025-07-20T13:52:58","date_gmt":"2025-07-20T10:52:58","guid":{"rendered":"https:\/\/indoorgarden.ee\/product\/letpot-mini-5-pod-siseruumide-hudropooniline-aed\/"},"modified":"2026-04-26T15:21:58","modified_gmt":"2026-04-26T12:21:58","slug":"letpot-mini-5-pod-siseruumide-hudropooniline-aed","status":"publish","type":"product","link":"https:\/\/indoorgarden.ee\/et\/toode\/letpot-mini-5-pod-siseruumide-hudropooniline-aed\/","title":{"rendered":"LetPot Mini 5-pesaline nutiaed \u2013 kasvata \u00fcrte, salatit ja k\u00f6\u00f6givilja aastaringselt"},"content":{"rendered":"<p>LetPot Mini nutiaed v\u00f5imaldab Sul nautida kodus enda kasvatatud v\u00e4rskeid maitsetaimi, k\u00f6\u00f6givilju, puuvilju ja lilli aastaringselt, olenemata p\u00e4ikesevalgusest! Saad kasvatada maitserohelist otse oma k\u00f6\u00f6gitasapinnal ja soodsamalt kui poest ostes.<\/p>\n<p>LetPot Mini nutiaias saad kasvatada korraga <strong data-start=\"104\" data-end=\"117\">kuni 5 taime<\/strong> ja t\u00e4nu h\u00fcdropoonilisele tehnoloogiale ning p\u00e4ikesevalgust imiteerivale lambile kasvavad Sinu \u00fcrdid kuni <strong data-start=\"308\" data-end=\"323\">3\u00d7kiiremini<\/strong> traditsioonilise mullas kasvatamisega v\u00f5rreldes.<\/p>\n<p>LetPot Mini h\u00fcdropooniline nutiaed on rakenduse abil juhitav nutipott &#8211; saad \u00fclevaate taimede heaolust, juhtida ja reguleerida valgust ja palju muud.<\/p>\n<h2>Peamised eelised<\/h2>\n<ul>\n<li><strong>Lihtne siseruumide aiandus<\/strong>: Ilma mullata, ei mingit segadust, ei vaja eelnevat kogemust.<\/li>\n<li><strong>Nutikad veepuuduse hoiatused<\/strong>: LetPot App teavitab Sind, kui on aeg 1,5 l paaki uuesti t\u00e4ita.<\/li>\n<li><strong>T\u00e4ielik rakenduse kontroll ja \u00fclevaade<\/strong>: Taimede Wiki, kasvup\u00e4evik, valguse kaugjuhtimine ja palju muud.<\/li>\n<li><strong>Optimeeritud valgus kasvuks<\/strong>: Muudetav valgustuse k\u00f5rgus tagab ideaalsed tingimused.<\/li>\n<li><strong>J\u00e4tkusuutlik ja puhas<\/strong>: Kasutab kuni 90% v\u00e4hem vett kui traditsiooniline aiandus &#8211; ei vaja pestitsiidide kasutamist.<\/li>\n<li><strong>Kompaktne ja stiilne<\/strong>: ABS plastikust valmistatud elegantse disainiga, mis sobib igale t\u00f6\u00f6lauale v\u00f5i aknalauale.<\/li>\n<\/ul>\n<h2>Spetsifikatsioonid<\/h2>\n<table>\n<thead>\n<tr>\n<th>Funktsioon<\/th>\n<th>Detailid<\/th>\n<\/tr>\n<\/thead>\n<tbody>\n<tr>\n<td><strong>Mudel<\/strong><\/td>\n<td>LPH-M5<\/td>\n<\/tr>\n<tr>\n<td><strong>Taimepesad<\/strong><\/td>\n<td>5<\/td>\n<\/tr>\n<tr>\n<td><strong>Veepaagi mahutavus<\/strong><\/td>\n<td>1,5 L<\/td>\n<\/tr>\n<tr>\n<td><strong>Sisend \/ v\u00f5imsus<\/strong><\/td>\n<td>5 V &#8211; 2 A \/ 10 W<\/td>\n<\/tr>\n<tr>\n<td><strong>Valguse re\u017eiimid<\/strong><\/td>\n<td>K\u00f6\u00f6giviljad ja maitsetaimed | Puuviljad ja lilled<\/td>\n<\/tr>\n<tr>\n<td><strong>Valguse k\u00f5rguse reguleerimine<\/strong><\/td>\n<td>10,9 cm kuni 41,4 cm<\/td>\n<\/tr>\n<tr>\n<td><strong>T\u00f6\u00f6temperatuuri vahemik<\/strong><\/td>\n<td>10 \u00b0C kuni 30 \u00b0C<\/td>\n<\/tr>\n<tr>\n<td><strong>Kaal<\/strong><\/td>\n<td>1,0 kg<\/td>\n<\/tr>\n<tr>\n<td><strong>Suurus (sisse t\u00f5mmatud \/ v\u00e4lja t\u00f5mmatud)<\/strong><\/td>\n<td>22,1 cm \u00d7 13,5 cm \u00d7 10,9 cm \/ 41,4 cm<\/td>\n<\/tr>\n<tr>\n<td><strong>Materjalid<\/strong><\/td>\n<td>Vastupidav ABS plastik<\/td>\n<\/tr>\n<\/tbody>\n<\/table>\n<h2>Mis on karbis<\/h2>\n<ul>\n<li>Pistikupesa adapter \u00d7 1<\/li>\n<li>Taimepesad \u00d7 5<\/li>\n<li>Korvi komplekt \u00d7 5<\/li>\n<li>Idanemiskaitse \u00d7 5<\/li>\n<li>Tahke toitaine A \u00d7 1<\/li>\n<li>Tahke toitaine B \u00d7 1<\/li>\n<li>Korvi etikett \u00d7 5<\/li>\n<li>Tugivardad \u00d7 4<\/li>\n<li>Taimede katted \u00d7 2<\/li>\n<\/ul>\n<h2>Kuidas see t\u00f6\u00f6tab \/ seadistamine<\/h2>\n<ol>\n<li><strong>Kokkupanek ja t\u00e4itmine<\/strong>\n<ul>\n<li>Sisesta taimepesad ja korvikomplektid taimealusesse.<\/li>\n<li>Vala toitainelahus 1,5 l veepaaki.<\/li>\n<\/ul>\n<\/li>\n<li><strong>Taimed ja katted<\/strong>\n<ul>\n<li>Aseta seemned (1-3 seemet) taimepesadesse; kata idanemiskaantega.<\/li>\n<\/ul>\n<\/li>\n<li><strong>\u00dchenda LetPot rakendusega (valikuline)<\/strong>\n<ul>\n<li>\u00dchenda seade, laadi alla rakendus LetPot ja \u00fchendage see Bluetoothi kaudu.<\/li>\n<\/ul>\n<\/li>\n<li><strong>Kohanda valguse ajakava<\/strong>\n<ul>\n<li>Vali re\u017eiim &#8220;K\u00f6\u00f6giviljad ja maitsetaimed&#8221; v\u00f5i &#8220;Puuviljad ja lilled&#8221;.<\/li>\n<li>Seadista oma kasvuvalgustuse igap\u00e4evased sisse- ja v\u00e4ljal\u00fclitusajad.<\/li>\n<\/ul>\n<\/li>\n<li><strong>Monitooring ja saagikoristus<\/strong>\n<ul>\n<li>J\u00e4lgi kasvu p\u00e4evikus, saa veepuuduse hoiatusi ja naudi v\u00e4rsket saaki juba 2-4 n\u00e4dala p\u00e4rast.<\/li>\n<\/ul>\n<\/li>\n<\/ol>\n<h2>Miks valida LetPot Mini?<\/h2>\n<p>LetPot \u00fchendab <strong>j\u00e4tkusuutlikkuse<\/strong>, <strong>innovatsiooni<\/strong> ja <strong>r\u00f5\u00f5mu<\/strong> \u00fches kompaktses seadmes. Nutikas h\u00fcdropooniline s\u00fcsteem s\u00e4\u00e4stab vett, ei vaja mulda ja v\u00e4ldib kahjulikke kemikaale &#8211; ideaalne terviseteadlikele aednikele ja sobilik kompaktsetele elamispindadele. Intuitiivse rakenduse juhtimise ja sisseehitatud \u00f5ppevahenditega muudab LetPot Mini siseruumide aianduse k\u00e4ttesaadavaks, stressivabaks ja rahuldust pakkuvaks.<\/p>\n<h3>Mida kasvatavad inimesed meie nutiaedadega<\/h3>\n<p><img loading=\"lazy\" decoding=\"async\" class=\"alignnone wp-image-1114 size-large\" src=\"https:\/\/indoorgarden.ee\/wp-content\/uploads\/2025\/07\/Results-of-Indoor-Gardening-With-Hydroponic-System-At-Home-1024x576.jpg\" alt=\"Tulemused nutiaedadega koos h\u00fcdropoonilise s\u00fcsteemi kodus\" width=\"1024\" height=\"576\" srcset=\"https:\/\/indoorgarden.ee\/wp-content\/uploads\/2025\/07\/Results-of-Indoor-Gardening-With-Hydroponic-System-At-Home-1024x576.jpg 1024w, https:\/\/indoorgarden.ee\/wp-content\/uploads\/2025\/07\/Results-of-Indoor-Gardening-With-Hydroponic-System-At-Home-300x169.jpg 300w, https:\/\/indoorgarden.ee\/wp-content\/uploads\/2025\/07\/Results-of-Indoor-Gardening-With-Hydroponic-System-At-Home-768x432.jpg 768w, https:\/\/indoorgarden.ee\/wp-content\/uploads\/2025\/07\/Results-of-Indoor-Gardening-With-Hydroponic-System-At-Home-1536x864.jpg 1536w, https:\/\/indoorgarden.ee\/wp-content\/uploads\/2025\/07\/Results-of-Indoor-Gardening-With-Hydroponic-System-At-Home-600x338.jpg 600w, https:\/\/indoorgarden.ee\/wp-content\/uploads\/2025\/07\/Results-of-Indoor-Gardening-With-Hydroponic-System-At-Home.jpg 1920w\" sizes=\"auto, (max-width: 1024px) 100vw, 1024px\" \/><\/p>\n<h2>KKK<\/h2>\n<ul>\n<li><strong>Kui tihti vajab Mini vett?<\/strong><br \/>\n1,5-liitrine paak kestab tavaliselt umbes 7-10 p\u00e4eva<\/li>\n<li><strong>Kas ma saan kasvatada suuri taimi?<\/strong><br \/>\nJah &#8211; LED-paneel ulatub 11-41 cm (4,3&#8243; kuni 16,3&#8243;) k\u00f5rgusele, mis annab pikematele sortidele ruumi, k\u00f5rgemate taimede jaoks vali suurem mudel.<\/li>\n<li><strong>Kas selleks on vaja Wi-Fi?<\/strong><br \/>\nEi &#8211; k\u00f5iki valgusre\u017eiime ja pumba ts\u00fckleid juhitakse sisseehitatud puuteplaadi abil. Wi-Fi on vajalik ainult rakenduse kaugjuhtimise funktsioonide avamiseks.<\/li>\n<li><strong>Mida ma saan kasvatada?<\/strong><br \/>\nVali erinevate taimede hulgast, sealhulgas:<\/p>\n<ul>\n<li>maitsetaimed (basiilik, till, t\u00fc\u00fcmian, petersell, piparm\u00fcnt, koriander)<\/li>\n<li>Salat ja maitseroheline (salat, spinat, lehtkapsas, rukola)<\/li>\n<li>K\u00f6\u00f6giviljad (kurk, suvik\u00f5rvits) &#8211; soovitame suuremat mudelit!<\/li>\n<li>Tomatid &#8211; soovitame suuremat mudelit!<\/li>\n<li>T\u0161illipiprad (jalape\u00f1o, cayenne, habanero) &#8211; soovitame suuremat mudelit!<\/li>\n<li>Metsmaasikad<\/li>\n<li>Lilled nt kummel, saialill (v\u00e4rske tee tegemiseks v\u00f5i lihtsalt silmailuks)<\/li>\n<\/ul>\n<\/li>\n<li><strong>Kas ma v\u00f5in kasvatada aastaringselt?<\/strong><br \/>\nJah &#8211; 10 W t\u00e4isspektriline LED-valgus imiteerib loomulikku p\u00e4ikesevalgust ja t\u00f6\u00f6tab reguleeritava ajakava j\u00e4rgi, tagades stabiilse kasvu igal aastaajal.<\/li>\n<li><strong>Kas selleks on vaja rakendust?<\/strong><br \/>\nEi &#8211; saad seadistada valgusgraafikuid ja pumpade ts\u00fckleid puuteplaadil. LetPoti rakendus lisab kaugplaneerimise, v\u00e4hese veega seotud hoiatused, kasvuanal\u00fc\u00fcsi ja retseptisoovitused.<\/li>\n<li><strong>Mida lisab veepump?<\/strong><br \/>\n\u00dclimalt vaikne pump t\u00f6\u00f6tab iga 30 minuti j\u00e4rel, et tsirkuleerida toitaineid, hapnikuga varustada juuri ja v\u00e4ltida stagnatsiooni, soodustades kiiremat ja tervislikumat kasvu.<\/li>\n<li><strong>Kui tihti pean ma t\u00e4itma?<\/strong><br \/>\nT\u00e4ida 1,5 l mahutit k\u00e4sitsi iga 7-10 p\u00e4eva j\u00e4rel v\u00f5i harvem, s\u00f5ltuvalt sellest, mida ja kui palju kasvatad<\/li>\n<\/ul>\n<h2>LetPot&#8217;i kohta<\/h2>\n<p>LetPot on <strong>alates 2007. aastast rohkem kui 100 000 kasutaja poolt armastatud, enam kui 400 meediav\u00e4ljaandes tutvustatud ja enam kui 500 peamise arvamusliidri ja tarbija poolt rangelt testitud<\/strong> nutika aianduse br\u00e4nd, mille eesm\u00e4rk on muuta v\u00e4rskete maitsetaimede ja k\u00f6\u00f6giviljade kasvatamine lihtsaks ja nauditavaks k\u00f5igile, algajatest kogenud rohen\u00e4ppudeni. LetPoti intuitiivsed s\u00fcsteemid, milles on enne 2019. aastal turule tulekut kasutatud \u00fcle 12 aasta agri-IoT ja nutikodu teadmisi, kombineerivad automaatset kastmist, toitainete doseerimist, vee ringlust, valguse reguleerimist ja reaalajas andurite j\u00e4lgimist, et tagada teie taimede kasvamine minimaalse vaevaga. Valmistatud BPA-vabadest, taaskasutatavatest materjalidest ning tagatud nanovetikakindla ja roostevabast terasest kattetehnoloogiaga, mis hoiab veam\u00e4\u00e4ra alla 0,1%, annab LetPot teile meelerahu koos usaldusv\u00e4\u00e4rse j\u00f5udlusega, mida v\u00f5ite usaldada.<\/p>\n<p><strong>Telli oma LetPot Mini 5-pod siseh\u00fcdropooniline aed juba t\u00e4na ja alusta v\u00e4rske, toitaineterohke saagi korjamist juba m\u00f5ne n\u00e4dala p\u00e4rast!<\/strong><\/p>\n","protected":false},"excerpt":{"rendered":"<p>Kompaktne 5-pesaline h\u00fcdropooniline nutiaed sisseehitatud LED-kasvulambi ja automaatse kastmisega \u2013 kasvata v\u00e4rskeid \u00fcrte, salatit ja k\u00f6\u00f6givilju kodus aastaringselt. Sobib ideaalselt k\u00f6\u00f6git\u00f6\u00f6pinnale, v\u00e4ikesesse korterisse ja algajatele.<\/p>\n","protected":false},"featured_media":136,"comment_status":"open","ping_status":"closed","template":"","meta":[],"product_brand":[125],"product_cat":[114,117],"product_tag":[],"class_list":{"0":"post-842","1":"product","2":"type-product","3":"status-publish","4":"has-post-thumbnail","6":"product_brand-letpot-et","7":"product_cat-nutiaiad","8":"product_cat-vaiksemad-nutiaiad","10":"first","11":"instock","12":"taxable","13":"shipping-taxable","14":"purchasable","15":"product-type-simple"},"jetpack_sharing_enabled":true,"jetpack-related-posts":[{"id":804,"url":"https:\/\/indoorgarden.ee\/et\/toode\/letpot-air-10-pods-hudropooniline-aiandussusteem\/","url_meta":{"origin":842,"position":0},"title":"LetPot Air 10-pesaline nutiaed \u2013 rohkem \u00fcrte, salatit ja k\u00f6\u00f6givilja korraga","author":"admin","date":"23. juuli 2025","format":false,"excerpt":"10-pesaline h\u00fcdropooniline nutiaed automaatse kastmise ja LED-kasvulambiga. Sobib peredele, kes tahavad rohkem v\u00e4rsket korraga, aga ei taha k\u00f6\u00f6gipinda kogu s\u00fcsteemile loovutada. Wi-Fi \u00e4piga juhitav.","rel":"","context":"With 1 comment","block_context":{"text":"With 1 comment","link":"https:\/\/indoorgarden.ee\/et\/toode\/letpot-air-10-pods-hudropooniline-aiandussusteem\/#comments"},"img":{"alt_text":"","src":"https:\/\/i0.wp.com\/indoorgarden.ee\/wp-content\/uploads\/2025\/07\/20250310134248.jpg?resize=350%2C200&ssl=1","width":350,"height":200,"srcset":"https:\/\/i0.wp.com\/indoorgarden.ee\/wp-content\/uploads\/2025\/07\/20250310134248.jpg?resize=350%2C200&ssl=1 1x, https:\/\/i0.wp.com\/indoorgarden.ee\/wp-content\/uploads\/2025\/07\/20250310134248.jpg?resize=525%2C300&ssl=1 1.5x, https:\/\/i0.wp.com\/indoorgarden.ee\/wp-content\/uploads\/2025\/07\/20250310134248.jpg?resize=700%2C400&ssl=1 2x, https:\/\/i0.wp.com\/indoorgarden.ee\/wp-content\/uploads\/2025\/07\/20250310134248.jpg?resize=1050%2C600&ssl=1 3x, https:\/\/i0.wp.com\/indoorgarden.ee\/wp-content\/uploads\/2025\/07\/20250310134248.jpg?resize=1400%2C800&ssl=1 4x"},"classes":[]},{"id":806,"url":"https:\/\/indoorgarden.ee\/et\/toode\/letpot-senior-12-pod-hudropooniline-kasvatussusteem\/","url_meta":{"origin":842,"position":1},"title":"LetPot Senior 12-pesaline nutiaed \u2013 metallraamiga s\u00fcsteem \u00fcrtidele ja k\u00f5rgematele taimedele","author":"admin","date":"23. juuli 2025","format":false,"excerpt":"12-pesaline premium nutiaed metallraamiga, sobiv ka k\u00f5rgematele taimedele nagu tomat ja t\u0161illi. Reguleeritav LED-kasvulamp, automaatne kastmine ja Wi-Fi \u00e4piga juhitavus.","rel":"","context":"With 3 comments","block_context":{"text":"With 3 comments","link":"https:\/\/indoorgarden.ee\/et\/toode\/letpot-senior-12-pod-hudropooniline-kasvatussusteem\/#comments"},"img":{"alt_text":"","src":"https:\/\/i0.wp.com\/indoorgarden.ee\/wp-content\/uploads\/2025\/07\/LetPot_Senior_Hydroponics_Latest_version.jpg?resize=350%2C200&ssl=1","width":350,"height":200,"srcset":"https:\/\/i0.wp.com\/indoorgarden.ee\/wp-content\/uploads\/2025\/07\/LetPot_Senior_Hydroponics_Latest_version.jpg?resize=350%2C200&ssl=1 1x, https:\/\/i0.wp.com\/indoorgarden.ee\/wp-content\/uploads\/2025\/07\/LetPot_Senior_Hydroponics_Latest_version.jpg?resize=525%2C300&ssl=1 1.5x, https:\/\/i0.wp.com\/indoorgarden.ee\/wp-content\/uploads\/2025\/07\/LetPot_Senior_Hydroponics_Latest_version.jpg?resize=700%2C400&ssl=1 2x, https:\/\/i0.wp.com\/indoorgarden.ee\/wp-content\/uploads\/2025\/07\/LetPot_Senior_Hydroponics_Latest_version.jpg?resize=1050%2C600&ssl=1 3x, https:\/\/i0.wp.com\/indoorgarden.ee\/wp-content\/uploads\/2025\/07\/LetPot_Senior_Hydroponics_Latest_version.jpg?resize=1400%2C800&ssl=1 4x"},"classes":[]},{"id":2315,"url":"https:\/\/indoorgarden.ee\/et\/toode\/letpot-lph-lite-hudropooniline-kasvususteem-12-pesaline-nutiaed-api-ja-wi-fi-juhitavusega\/","url_meta":{"origin":842,"position":2},"title":"LetPot LPH-Lite 12-pesaline nutiaed \u2013 avar s\u00fcsteem \u00fcrtidele ja salatile, Wi-Fi \u00e4piga juhitav","author":"admin","date":"19. nov. 2025","format":false,"excerpt":"12-pesaline avar nutiaed soodsamas hinnaklassis. LED-kasvulamp, automaatne kastmine, Wi-Fi \u00e4piga juhitavus. Sobib neile, kes tahavad rohkem ruumi taimedele, aga ei vaja Senior-mudeli premium-detaile.","rel":"","context":"Similar post","block_context":{"text":"Similar post","link":""},"img":{"alt_text":"","src":"https:\/\/i0.wp.com\/indoorgarden.ee\/wp-content\/uploads\/2025\/11\/LetPot_LPH-Lite_Hydroponics_Growing_System_12_Pods_Smart_Herb_Garden_Kit_Indoor.webp?resize=350%2C200&ssl=1","width":350,"height":200,"srcset":"https:\/\/i0.wp.com\/indoorgarden.ee\/wp-content\/uploads\/2025\/11\/LetPot_LPH-Lite_Hydroponics_Growing_System_12_Pods_Smart_Herb_Garden_Kit_Indoor.webp?resize=350%2C200&ssl=1 1x, https:\/\/i0.wp.com\/indoorgarden.ee\/wp-content\/uploads\/2025\/11\/LetPot_LPH-Lite_Hydroponics_Growing_System_12_Pods_Smart_Herb_Garden_Kit_Indoor.webp?resize=525%2C300&ssl=1 1.5x, https:\/\/i0.wp.com\/indoorgarden.ee\/wp-content\/uploads\/2025\/11\/LetPot_LPH-Lite_Hydroponics_Growing_System_12_Pods_Smart_Herb_Garden_Kit_Indoor.webp?resize=700%2C400&ssl=1 2x, https:\/\/i0.wp.com\/indoorgarden.ee\/wp-content\/uploads\/2025\/11\/LetPot_LPH-Lite_Hydroponics_Growing_System_12_Pods_Smart_Herb_Garden_Kit_Indoor.webp?resize=1050%2C600&ssl=1 3x, https:\/\/i0.wp.com\/indoorgarden.ee\/wp-content\/uploads\/2025\/11\/LetPot_LPH-Lite_Hydroponics_Growing_System_12_Pods_Smart_Herb_Garden_Kit_Indoor.webp?resize=1400%2C800&ssl=1 4x"},"classes":[]},{"id":811,"url":"https:\/\/indoorgarden.ee\/et\/toode\/letpot-max-hydroponics-kasvatussusteem-21-pod-ja-2-pod-kasvatussusteem\/","url_meta":{"origin":842,"position":3},"title":"LetPot Max 21-pesaline nutiaed \u2013 t\u00e4isautomaatne premium-s\u00fcsteem \u00fcrtidele ja k\u00f6\u00f6giviljadele","author":"admin","date":"23. juuli 2025","format":false,"excerpt":"Suurim LetPot mudel: 21 taimepesa p\u00f5hitaimedele ja 2 lisapesa k\u00f5rgematele kultuuridele. T\u00e4isautomaatne kastmine, sensoritega niiskuse j\u00e4lgimine ja Wi-Fi \u00e4piga juhitavus. Sobib peredele, kes kasvatavad palju ja tahavad regulaarset saaki k\u00f6\u00f6gilauale.","rel":"","context":"Similar post","block_context":{"text":"Similar post","link":""},"img":{"alt_text":"","src":"https:\/\/i0.wp.com\/indoorgarden.ee\/wp-content\/uploads\/2025\/07\/LetPot_Max_Hydroponics_Latest_version.jpg?resize=350%2C200&ssl=1","width":350,"height":200,"srcset":"https:\/\/i0.wp.com\/indoorgarden.ee\/wp-content\/uploads\/2025\/07\/LetPot_Max_Hydroponics_Latest_version.jpg?resize=350%2C200&ssl=1 1x, https:\/\/i0.wp.com\/indoorgarden.ee\/wp-content\/uploads\/2025\/07\/LetPot_Max_Hydroponics_Latest_version.jpg?resize=525%2C300&ssl=1 1.5x, https:\/\/i0.wp.com\/indoorgarden.ee\/wp-content\/uploads\/2025\/07\/LetPot_Max_Hydroponics_Latest_version.jpg?resize=700%2C400&ssl=1 2x, https:\/\/i0.wp.com\/indoorgarden.ee\/wp-content\/uploads\/2025\/07\/LetPot_Max_Hydroponics_Latest_version.jpg?resize=1050%2C600&ssl=1 3x, https:\/\/i0.wp.com\/indoorgarden.ee\/wp-content\/uploads\/2025\/07\/LetPot_Max_Hydroponics_Latest_version.jpg?resize=1400%2C800&ssl=1 4x"},"classes":[]},{"id":1727,"url":"https:\/\/indoorgarden.ee\/et\/toode\/letpot-77-tk-vesiviljelussusteemi-asenduskomplekt-sobib-ainult-letpot-mini-jaoks\/","url_meta":{"origin":842,"position":4},"title":"LetPot 77-osaline asendustaimepesade komplekt \u2013 ainult LetPot Mini mudelile","author":"admin","date":"21. aug. 2025","format":false,"excerpt":"77-osaline asenduskomplekt LetPot Mini nutiaiale. Sisaldab kasvuk\u00e4snu, korve ja toitaineid. Sobib ainult LetPot Mini mudelile.","rel":"","context":"Similar post","block_context":{"text":"Similar post","link":""},"img":{"alt_text":"LetPot Hydroponics kasvatuss\u00fcsteemi asenduspottide komplektid LetPot Mini jaoks","src":"https:\/\/i0.wp.com\/indoorgarden.ee\/wp-content\/uploads\/2025\/08\/LetPot-Hydroponics-Growing-System-Replacement-Pot-Kits-for-LetPot-Mini-1.jpg?resize=350%2C200&ssl=1","width":350,"height":200},"classes":[]},{"id":836,"url":"https:\/\/indoorgarden.ee\/et\/toode\/letpot-asenduspump-letpot-airi-jaoks\/","url_meta":{"origin":842,"position":5},"title":"LetPot asenduspump LetPot Air nutiaiale","author":"admin","date":"23. juuli 2025","format":false,"excerpt":"Asenduspump LetPot Air nutiaiale. Lihtne paigaldada, hoiab s\u00fcsteemi pikalt t\u00f6\u00f6korras.","rel":"","context":"Similar post","block_context":{"text":"Similar post","link":""},"img":{"alt_text":"","src":"https:\/\/i0.wp.com\/indoorgarden.ee\/wp-content\/uploads\/2025\/07\/LetPot_Hydroponics_Growing_System_Watering_pump.jpg?resize=350%2C200&ssl=1","width":350,"height":200,"srcset":"https:\/\/i0.wp.com\/indoorgarden.ee\/wp-content\/uploads\/2025\/07\/LetPot_Hydroponics_Growing_System_Watering_pump.jpg?resize=350%2C200&ssl=1 1x, https:\/\/i0.wp.com\/indoorgarden.ee\/wp-content\/uploads\/2025\/07\/LetPot_Hydroponics_Growing_System_Watering_pump.jpg?resize=525%2C300&ssl=1 1.5x, https:\/\/i0.wp.com\/indoorgarden.ee\/wp-content\/uploads\/2025\/07\/LetPot_Hydroponics_Growing_System_Watering_pump.jpg?resize=700%2C400&ssl=1 2x, https:\/\/i0.wp.com\/indoorgarden.ee\/wp-content\/uploads\/2025\/07\/LetPot_Hydroponics_Growing_System_Watering_pump.jpg?resize=1050%2C600&ssl=1 3x, https:\/\/i0.wp.com\/indoorgarden.ee\/wp-content\/uploads\/2025\/07\/LetPot_Hydroponics_Growing_System_Watering_pump.jpg?resize=1400%2C800&ssl=1 4x"},"classes":[]}],"_links":{"self":[{"href":"https:\/\/indoorgarden.ee\/et\/wp-json\/wp\/v2\/product\/842","targetHints":{"allow":["GET"]}}],"collection":[{"href":"https:\/\/indoorgarden.ee\/et\/wp-json\/wp\/v2\/product"}],"about":[{"href":"https:\/\/indoorgarden.ee\/et\/wp-json\/wp\/v2\/types\/product"}],"replies":[{"embeddable":true,"href":"https:\/\/indoorgarden.ee\/et\/wp-json\/wp\/v2\/comments?post=842"}],"wp:featuredmedia":[{"embeddable":true,"href":"https:\/\/indoorgarden.ee\/et\/wp-json\/wp\/v2\/media\/136"}],"wp:attachment":[{"href":"https:\/\/indoorgarden.ee\/et\/wp-json\/wp\/v2\/media?parent=842"}],"wp:term":[{"taxonomy":"product_brand","embeddable":true,"href":"https:\/\/indoorgarden.ee\/et\/wp-json\/wp\/v2\/product_brand?post=842"},{"taxonomy":"product_cat","embeddable":true,"href":"https:\/\/indoorgarden.ee\/et\/wp-json\/wp\/v2\/product_cat?post=842"},{"taxonomy":"product_tag","embeddable":true,"href":"https:\/\/indoorgarden.ee\/et\/wp-json\/wp\/v2\/product_tag?post=842"}],"curies":[{"name":"wp","href":"https:\/\/api.w.org\/{rel}","templated":true}]}}