{"id":841,"date":"2025-07-23T14:44:33","date_gmt":"2025-07-23T11:44:33","guid":{"rendered":"https:\/\/indoorgarden.ee\/product\/letpot-eu-power-adaper-letpot-max-vesiviljelussusteemile\/"},"modified":"2026-04-26T15:40:52","modified_gmt":"2026-04-26T12:40:52","slug":"letpot-eu-power-adaper-letpot-max-vesiviljelussusteemile","status":"publish","type":"product","link":"https:\/\/indoorgarden.ee\/et\/toode\/letpot-eu-power-adaper-letpot-max-vesiviljelussusteemile\/","title":{"rendered":"LetPot EL toiteadapter LetPot Max nutiaiale"},"content":{"rendered":"<p>Hoidke oma LetPot Maxi maksimaalse j\u00f5udlusega selle varutoiteadapteriga, mis on loodud spetsiaalselt 21 + 2-pod h\u00fcdropoonilise s\u00fcsteemi jaoks ja millel on 2-aastane garantii.<\/p>\n<h2>Peamised eelised<\/h2>\n<ul>\n<li><strong>T\u00e4iuslik \u00fchilduvus<\/strong>: LetPot Max Hydroponics kasvus\u00fcsteemiga ELis: konstrueeritud nii, et see t\u00f6\u00f6taks t\u00f5rgeteta.<\/li>\n<li><strong>Usaldusv\u00e4\u00e4rne j\u00f5udlus<\/strong>: Ehitatud j\u00e4rjepideva v\u00f5imsuse ja pikaajalise t\u00f6\u00f6 tagamiseks.<\/li>\n<li><strong>Pikk garantii<\/strong>: 2-aastane tootjagarantii meelerahu tagamiseks.<\/li>\n<li><strong>Rohke j\u00f5udlus<\/strong>: 1,5 m pikkune juhe tagab paindliku paigutuse teie aias.<\/li>\n<\/ul>\n<h2>Omadused ja spetsifikatsioonid<\/h2>\n<table>\n<thead>\n<tr>\n<th>Spetsifikatsioon<\/th>\n<th>\u00dcksikasjad<\/th>\n<\/tr>\n<\/thead>\n<tbody>\n<tr>\n<td><strong>\u00dchilduvus<\/strong><\/td>\n<td>LetPot Max Hydroponics kasvatuss\u00fcsteem (21 + 2 kapslit)<\/td>\n<\/tr>\n<tr>\n<td><strong>Pistik<\/strong><\/td>\n<td>EL<\/td>\n<\/tr>\n<tr>\n<td><strong>Juhtme pikkus<\/strong><\/td>\n<td>1,5 m (5 ft)<\/td>\n<\/tr>\n<tr>\n<td><strong>V\u00e4ljund<\/strong><\/td>\n<td>36 Watt, vastab LetPot Max n\u00f5uetele<\/td>\n<\/tr>\n<\/tbody>\n<\/table>\n<h2>Mis on karbis<\/h2>\n<ul>\n<li>LetPot Max toiteadapter \u00d7 1<\/li>\n<\/ul>\n<h2>Paigaldamine ja kasutamine<\/h2>\n<ol>\n<li><strong>L\u00fclitage toide v\u00e4lja<\/strong>: Enne adapteri vahetamist \u00fchendage LetPot Max s\u00fcsteem lahti.<\/li>\n<li><strong>\u00dchendage adapter<\/strong>: Sisestage alalisvoolu pistik Maxi toitepistikusse.<\/li>\n<li><strong>Toide<\/strong>: \u00dchendage adapter tavalisse vahelduvvoolu pistikupessa ja l\u00fclitage h\u00fcdropooniline s\u00fcsteem sisse.<\/li>\n<\/ol>\n<p><strong>Tagage katkematu kasv &#8211; tellige LetPot Max toiteadapter juba t\u00e4na ja nautige oma h\u00fcdropoonilise aia usaldusv\u00e4\u00e4rset energiat!<\/strong><\/p>\n","protected":false},"excerpt":{"rendered":"<p>Originaal Euroopa toiteadapter LetPot Max h\u00fcdropoonika kasvus\u00fcsteemile. 2-aastase garantiiga.<\/p>\n","protected":false},"featured_media":503,"comment_status":"open","ping_status":"closed","template":"","meta":[],"product_brand":[125],"product_cat":[109,112],"product_tag":[],"class_list":{"0":"post-841","1":"product","2":"type-product","3":"status-publish","4":"has-post-thumbnail","6":"product_brand-letpot-et","7":"product_cat-nutiaedade-tarvikud","8":"product_cat-nutiaedade-varuosad","10":"first","11":"instock","12":"taxable","13":"shipping-taxable","14":"purchasable","15":"product-type-simple"},"jetpack_sharing_enabled":true,"jetpack-related-posts":[{"id":835,"url":"https:\/\/indoorgarden.ee\/et\/toode\/letpot-eu-power-adaper-letpot-mini-hydroponics-kasvatussusteemile\/","url_meta":{"origin":841,"position":0},"title":"LetPot EL toiteadapter LetPot Mini nutiaiale","author":"admin","date":"23. juuli 2025","format":false,"excerpt":"Originaal Euroopa toiteadapter LetPot Mini h\u00fcdropoonika kasvus\u00fcsteemile. 2-aastase garantiiga.","rel":"","context":"Similar post","block_context":{"text":"Similar post","link":""},"img":{"alt_text":"","src":"https:\/\/i0.wp.com\/indoorgarden.ee\/wp-content\/uploads\/2025\/07\/763ac604ca7c9dbbb3a4936a3c7815b.jpg?resize=350%2C200&ssl=1","width":350,"height":200,"srcset":"https:\/\/i0.wp.com\/indoorgarden.ee\/wp-content\/uploads\/2025\/07\/763ac604ca7c9dbbb3a4936a3c7815b.jpg?resize=350%2C200&ssl=1 1x, https:\/\/i0.wp.com\/indoorgarden.ee\/wp-content\/uploads\/2025\/07\/763ac604ca7c9dbbb3a4936a3c7815b.jpg?resize=525%2C300&ssl=1 1.5x, https:\/\/i0.wp.com\/indoorgarden.ee\/wp-content\/uploads\/2025\/07\/763ac604ca7c9dbbb3a4936a3c7815b.jpg?resize=700%2C400&ssl=1 2x, https:\/\/i0.wp.com\/indoorgarden.ee\/wp-content\/uploads\/2025\/07\/763ac604ca7c9dbbb3a4936a3c7815b.jpg?resize=1050%2C600&ssl=1 3x, https:\/\/i0.wp.com\/indoorgarden.ee\/wp-content\/uploads\/2025\/07\/763ac604ca7c9dbbb3a4936a3c7815b.jpg?resize=1400%2C800&ssl=1 4x"},"classes":[]},{"id":833,"url":"https:\/\/indoorgarden.ee\/et\/toode\/letpot-eu-power-adaper-letpot-air-hydroponics-kasvatussusteemile\/","url_meta":{"origin":841,"position":1},"title":"LetPot EL toiteadapter LetPot Air nutiaiale","author":"admin","date":"23. juuli 2025","format":false,"excerpt":"Originaal Euroopa toiteadapter LetPot Air h\u00fcdropoonika kasvus\u00fcsteemile. 2-aastase garantiiga.","rel":"","context":"Similar post","block_context":{"text":"Similar post","link":""},"img":{"alt_text":"","src":"https:\/\/i0.wp.com\/indoorgarden.ee\/wp-content\/uploads\/2025\/07\/763ac604ca7c9dbbb3a4936a3c7815b.jpg?resize=350%2C200&ssl=1","width":350,"height":200,"srcset":"https:\/\/i0.wp.com\/indoorgarden.ee\/wp-content\/uploads\/2025\/07\/763ac604ca7c9dbbb3a4936a3c7815b.jpg?resize=350%2C200&ssl=1 1x, https:\/\/i0.wp.com\/indoorgarden.ee\/wp-content\/uploads\/2025\/07\/763ac604ca7c9dbbb3a4936a3c7815b.jpg?resize=525%2C300&ssl=1 1.5x, https:\/\/i0.wp.com\/indoorgarden.ee\/wp-content\/uploads\/2025\/07\/763ac604ca7c9dbbb3a4936a3c7815b.jpg?resize=700%2C400&ssl=1 2x, https:\/\/i0.wp.com\/indoorgarden.ee\/wp-content\/uploads\/2025\/07\/763ac604ca7c9dbbb3a4936a3c7815b.jpg?resize=1050%2C600&ssl=1 3x, https:\/\/i0.wp.com\/indoorgarden.ee\/wp-content\/uploads\/2025\/07\/763ac604ca7c9dbbb3a4936a3c7815b.jpg?resize=1400%2C800&ssl=1 4x"},"classes":[]},{"id":831,"url":"https:\/\/indoorgarden.ee\/et\/toode\/letpot-eu-power-adaper-letpot-senior-hydroponics-kasvatussusteemile\/","url_meta":{"origin":841,"position":2},"title":"LetPot EL toiteadapter LetPot Senior nutiaiale","author":"admin","date":"23. juuli 2025","format":false,"excerpt":"Originaal Euroopa toiteadapter LetPot Senior h\u00fcdropoonika kasvus\u00fcsteemile. 2-aastase garantiiga.","rel":"","context":"Similar post","block_context":{"text":"Similar post","link":""},"img":{"alt_text":"","src":"https:\/\/i0.wp.com\/indoorgarden.ee\/wp-content\/uploads\/2025\/07\/763ac604ca7c9dbbb3a4936a3c7815b.jpg?resize=350%2C200&ssl=1","width":350,"height":200,"srcset":"https:\/\/i0.wp.com\/indoorgarden.ee\/wp-content\/uploads\/2025\/07\/763ac604ca7c9dbbb3a4936a3c7815b.jpg?resize=350%2C200&ssl=1 1x, https:\/\/i0.wp.com\/indoorgarden.ee\/wp-content\/uploads\/2025\/07\/763ac604ca7c9dbbb3a4936a3c7815b.jpg?resize=525%2C300&ssl=1 1.5x, https:\/\/i0.wp.com\/indoorgarden.ee\/wp-content\/uploads\/2025\/07\/763ac604ca7c9dbbb3a4936a3c7815b.jpg?resize=700%2C400&ssl=1 2x, https:\/\/i0.wp.com\/indoorgarden.ee\/wp-content\/uploads\/2025\/07\/763ac604ca7c9dbbb3a4936a3c7815b.jpg?resize=1050%2C600&ssl=1 3x, https:\/\/i0.wp.com\/indoorgarden.ee\/wp-content\/uploads\/2025\/07\/763ac604ca7c9dbbb3a4936a3c7815b.jpg?resize=1400%2C800&ssl=1 4x"},"classes":[]},{"id":5086,"url":"https:\/\/indoorgarden.ee\/et\/toode\/letpot-eu-power-adaper-letpot-air-hydroponics-kasvatussusteemile-copy\/","url_meta":{"origin":841,"position":3},"title":"LetPot EL toiteadapter LetPot Lite nutiaiale","author":"admin","date":"6. apr. 2026","format":false,"excerpt":"Originaal Euroopa toiteadapter LetPot Lite h\u00fcdropoonika kasvus\u00fcsteemile. 2-aastase garantiiga, sobib t\u00e4pselt mudelile.","rel":"","context":"Similar post","block_context":{"text":"Similar post","link":""},"img":{"alt_text":"","src":"https:\/\/i0.wp.com\/indoorgarden.ee\/wp-content\/uploads\/2025\/07\/763ac604ca7c9dbbb3a4936a3c7815b.jpg?resize=350%2C200&ssl=1","width":350,"height":200,"srcset":"https:\/\/i0.wp.com\/indoorgarden.ee\/wp-content\/uploads\/2025\/07\/763ac604ca7c9dbbb3a4936a3c7815b.jpg?resize=350%2C200&ssl=1 1x, https:\/\/i0.wp.com\/indoorgarden.ee\/wp-content\/uploads\/2025\/07\/763ac604ca7c9dbbb3a4936a3c7815b.jpg?resize=525%2C300&ssl=1 1.5x, https:\/\/i0.wp.com\/indoorgarden.ee\/wp-content\/uploads\/2025\/07\/763ac604ca7c9dbbb3a4936a3c7815b.jpg?resize=700%2C400&ssl=1 2x, https:\/\/i0.wp.com\/indoorgarden.ee\/wp-content\/uploads\/2025\/07\/763ac604ca7c9dbbb3a4936a3c7815b.jpg?resize=1050%2C600&ssl=1 3x, https:\/\/i0.wp.com\/indoorgarden.ee\/wp-content\/uploads\/2025\/07\/763ac604ca7c9dbbb3a4936a3c7815b.jpg?resize=1400%2C800&ssl=1 4x"},"classes":[]},{"id":838,"url":"https:\/\/indoorgarden.ee\/et\/toode\/letpot-hudropoonikasusteemi-kasvatamine-letpot-maxile-moeldud-vorega-stendil\/","url_meta":{"origin":841,"position":4},"title":"LetPot taimetugi LetPot Max-ile \u2013 k\u00f5rgematele taimedele tomatitele ja t\u0161illile","author":"admin","date":"23. juuli 2025","format":false,"excerpt":"Reguleeritav taimetugi LetPot Max nutiaiale, m\u00f5eldud k\u00f5rgematele kultuuridele nagu tomatid, t\u0161illi ja v\u00e4\u00e4nlevad \u00fcrdid. Hoiab taimed p\u00fcsti.","rel":"","context":"Similar post","block_context":{"text":"Similar post","link":""},"img":{"alt_text":"","src":"https:\/\/i0.wp.com\/indoorgarden.ee\/wp-content\/uploads\/2025\/07\/LPH_MAX_Growing_Trellis_Stand.jpg?resize=350%2C200&ssl=1","width":350,"height":200,"srcset":"https:\/\/i0.wp.com\/indoorgarden.ee\/wp-content\/uploads\/2025\/07\/LPH_MAX_Growing_Trellis_Stand.jpg?resize=350%2C200&ssl=1 1x, https:\/\/i0.wp.com\/indoorgarden.ee\/wp-content\/uploads\/2025\/07\/LPH_MAX_Growing_Trellis_Stand.jpg?resize=525%2C300&ssl=1 1.5x, https:\/\/i0.wp.com\/indoorgarden.ee\/wp-content\/uploads\/2025\/07\/LPH_MAX_Growing_Trellis_Stand.jpg?resize=700%2C400&ssl=1 2x, https:\/\/i0.wp.com\/indoorgarden.ee\/wp-content\/uploads\/2025\/07\/LPH_MAX_Growing_Trellis_Stand.jpg?resize=1050%2C600&ssl=1 3x, https:\/\/i0.wp.com\/indoorgarden.ee\/wp-content\/uploads\/2025\/07\/LPH_MAX_Growing_Trellis_Stand.jpg?resize=1400%2C800&ssl=1 4x"},"classes":[]},{"id":808,"url":"https:\/\/indoorgarden.ee\/et\/toode\/letpot-hydroponics-toitained-vedelad-taimetoidud\/","url_meta":{"origin":841,"position":5},"title":"LetPot taimetoit \u2013 vedel toitelahus h\u00fcdropoonikale","author":"admin","date":"23. juuli 2025","format":false,"excerpt":"Spetsiaalselt LetPot nutiaedadele m\u00f5eldud vedel taimetoit. Sisaldab k\u00f5iki olulisi mikro- ja makrotoitaineid taimede tervislikuks kasvuks.","rel":"","context":"Similar post","block_context":{"text":"Similar post","link":""},"img":{"alt_text":"","src":"https:\/\/i0.wp.com\/indoorgarden.ee\/wp-content\/uploads\/2025\/07\/4_1.jpg?resize=350%2C200&ssl=1","width":350,"height":200,"srcset":"https:\/\/i0.wp.com\/indoorgarden.ee\/wp-content\/uploads\/2025\/07\/4_1.jpg?resize=350%2C200&ssl=1 1x, https:\/\/i0.wp.com\/indoorgarden.ee\/wp-content\/uploads\/2025\/07\/4_1.jpg?resize=525%2C300&ssl=1 1.5x, https:\/\/i0.wp.com\/indoorgarden.ee\/wp-content\/uploads\/2025\/07\/4_1.jpg?resize=700%2C400&ssl=1 2x"},"classes":[]}],"_links":{"self":[{"href":"https:\/\/indoorgarden.ee\/et\/wp-json\/wp\/v2\/product\/841","targetHints":{"allow":["GET"]}}],"collection":[{"href":"https:\/\/indoorgarden.ee\/et\/wp-json\/wp\/v2\/product"}],"about":[{"href":"https:\/\/indoorgarden.ee\/et\/wp-json\/wp\/v2\/types\/product"}],"replies":[{"embeddable":true,"href":"https:\/\/indoorgarden.ee\/et\/wp-json\/wp\/v2\/comments?post=841"}],"wp:featuredmedia":[{"embeddable":true,"href":"https:\/\/indoorgarden.ee\/et\/wp-json\/wp\/v2\/media\/503"}],"wp:attachment":[{"href":"https:\/\/indoorgarden.ee\/et\/wp-json\/wp\/v2\/media?parent=841"}],"wp:term":[{"taxonomy":"product_brand","embeddable":true,"href":"https:\/\/indoorgarden.ee\/et\/wp-json\/wp\/v2\/product_brand?post=841"},{"taxonomy":"product_cat","embeddable":true,"href":"https:\/\/indoorgarden.ee\/et\/wp-json\/wp\/v2\/product_cat?post=841"},{"taxonomy":"product_tag","embeddable":true,"href":"https:\/\/indoorgarden.ee\/et\/wp-json\/wp\/v2\/product_tag?post=841"}],"curies":[{"name":"wp","href":"https:\/\/api.w.org\/{rel}","templated":true}]}}