{"id":835,"date":"2025-07-23T14:44:33","date_gmt":"2025-07-23T11:44:33","guid":{"rendered":"https:\/\/indoorgarden.ee\/product\/letpot-eu-power-adaper-letpot-mini-hydroponics-kasvatussusteemile\/"},"modified":"2026-04-26T15:40:53","modified_gmt":"2026-04-26T12:40:53","slug":"letpot-eu-power-adaper-letpot-mini-hydroponics-kasvatussusteemile","status":"publish","type":"product","link":"https:\/\/indoorgarden.ee\/et\/toode\/letpot-eu-power-adaper-letpot-mini-hydroponics-kasvatussusteemile\/","title":{"rendered":"LetPot EL toiteadapter LetPot Mini nutiaiale"},"content":{"rendered":"<p>Hoidke oma LetPot Mini tipptasemel selle asendusadapteriga, mis on loodud spetsiaalselt 5-poodide h\u00fcdropoonilise s\u00fcsteemi jaoks ja millel on 2-aastane garantii.<\/p>\n<h2>Peamised eelised<\/h2>\n<ul>\n<li><strong>T\u00e4iuslik \u00fchilduvus<\/strong>: LetPot Mini Hydroponics kasvus\u00fcsteemiga ELis.<\/li>\n<li><strong>Usaldusv\u00e4\u00e4rne j\u00f5udlus<\/strong>: Ehitatud j\u00e4rjepideva v\u00f5imsuse ja pikaajalise t\u00f6\u00f6 tagamiseks.<\/li>\n<li><strong>Pikk garantii<\/strong>: 2-aastane tootjagarantii meelerahu tagamiseks.<\/li>\n<li><strong>Rohke j\u00f5udlus<\/strong>: 1,5 m pikkune juhe tagab paindliku paigutuse teie aias.<\/li>\n<\/ul>\n<h2>Omadused ja spetsifikatsioonid<\/h2>\n<table style=\"width: 100%;\">\n<thead>\n<tr>\n<th style=\"width: 23.913%;\">Spetsifikatsioon<\/th>\n<th style=\"width: 75.7246%;\">\u00dcksikasjad<\/th>\n<\/tr>\n<\/thead>\n<tbody>\n<tr>\n<td style=\"width: 23.913%;\"><strong>\u00dchilduvus<\/strong><\/td>\n<td style=\"width: 75.7246%;\">LetPot Mini Hydroponics kasvatuss\u00fcsteem<\/td>\n<\/tr>\n<tr>\n<td style=\"width: 23.913%;\"><strong>Pistik<\/strong><\/td>\n<td style=\"width: 75.7246%;\">EL<\/td>\n<\/tr>\n<tr>\n<td style=\"width: 23.913%;\"><strong>Juhtme pikkus<\/strong><\/td>\n<td style=\"width: 75.7246%;\">1,5 m (5 ft)<\/td>\n<\/tr>\n<tr>\n<td style=\"width: 23.913%;\"><strong>V\u00e4ljund<\/strong><\/td>\n<td style=\"width: 75.7246%;\">24 Watt, vastab LetPot Mini n\u00f5uetele<\/td>\n<\/tr>\n<\/tbody>\n<\/table>\n<h2>Mis on karbis<\/h2>\n<ul>\n<li>LetPot Mini toiteadapter \u00d7 1<\/li>\n<\/ul>\n<h2>Paigaldamine ja kasutamine<\/h2>\n<ol>\n<li><strong>L\u00fclitage toide v\u00e4lja<\/strong>: Enne adapteri vahetamist \u00fchendage LetPot Mini s\u00fcsteem lahti.<\/li>\n<li><strong>\u00dchendage adapter<\/strong>: Sisestage alalisvoolu pistik Mini toitepistikusse.<\/li>\n<li><strong>Toide<\/strong>: \u00dchendage adapter tavalisse vahelduvvoolu pistikupessa ja l\u00fclitage h\u00fcdropooniline s\u00fcsteem sisse.<\/li>\n<\/ol>\n<p><strong>Tagage katkematu kasv &#8211; tellige LetPot Mini Power Adapter juba t\u00e4na ja nautige usaldusv\u00e4\u00e4rset energiat oma h\u00fcdropoonilise aia jaoks!<\/strong><\/p>\n","protected":false},"excerpt":{"rendered":"<p>Originaal Euroopa toiteadapter LetPot Mini h\u00fcdropoonika kasvus\u00fcsteemile. 2-aastase garantiiga.<\/p>\n","protected":false},"featured_media":503,"comment_status":"open","ping_status":"closed","template":"","meta":[],"product_brand":[125],"product_cat":[109,112],"product_tag":[],"class_list":{"0":"post-835","1":"product","2":"type-product","3":"status-publish","4":"has-post-thumbnail","6":"product_brand-letpot-et","7":"product_cat-nutiaedade-tarvikud","8":"product_cat-nutiaedade-varuosad","10":"first","11":"instock","12":"taxable","13":"shipping-taxable","14":"purchasable","15":"product-type-simple"},"jetpack_sharing_enabled":true,"jetpack-related-posts":[{"id":833,"url":"https:\/\/indoorgarden.ee\/et\/toode\/letpot-eu-power-adaper-letpot-air-hydroponics-kasvatussusteemile\/","url_meta":{"origin":835,"position":0},"title":"LetPot EL toiteadapter LetPot Air nutiaiale","author":"admin","date":"23. juuli 2025","format":false,"excerpt":"Originaal Euroopa toiteadapter LetPot Air h\u00fcdropoonika kasvus\u00fcsteemile. 2-aastase garantiiga.","rel":"","context":"Similar post","block_context":{"text":"Similar post","link":""},"img":{"alt_text":"","src":"https:\/\/i0.wp.com\/indoorgarden.ee\/wp-content\/uploads\/2025\/07\/763ac604ca7c9dbbb3a4936a3c7815b.jpg?resize=350%2C200&ssl=1","width":350,"height":200,"srcset":"https:\/\/i0.wp.com\/indoorgarden.ee\/wp-content\/uploads\/2025\/07\/763ac604ca7c9dbbb3a4936a3c7815b.jpg?resize=350%2C200&ssl=1 1x, https:\/\/i0.wp.com\/indoorgarden.ee\/wp-content\/uploads\/2025\/07\/763ac604ca7c9dbbb3a4936a3c7815b.jpg?resize=525%2C300&ssl=1 1.5x, https:\/\/i0.wp.com\/indoorgarden.ee\/wp-content\/uploads\/2025\/07\/763ac604ca7c9dbbb3a4936a3c7815b.jpg?resize=700%2C400&ssl=1 2x, https:\/\/i0.wp.com\/indoorgarden.ee\/wp-content\/uploads\/2025\/07\/763ac604ca7c9dbbb3a4936a3c7815b.jpg?resize=1050%2C600&ssl=1 3x, https:\/\/i0.wp.com\/indoorgarden.ee\/wp-content\/uploads\/2025\/07\/763ac604ca7c9dbbb3a4936a3c7815b.jpg?resize=1400%2C800&ssl=1 4x"},"classes":[]},{"id":831,"url":"https:\/\/indoorgarden.ee\/et\/toode\/letpot-eu-power-adaper-letpot-senior-hydroponics-kasvatussusteemile\/","url_meta":{"origin":835,"position":1},"title":"LetPot EL toiteadapter LetPot Senior nutiaiale","author":"admin","date":"23. juuli 2025","format":false,"excerpt":"Originaal Euroopa toiteadapter LetPot Senior h\u00fcdropoonika kasvus\u00fcsteemile. 2-aastase garantiiga.","rel":"","context":"Similar post","block_context":{"text":"Similar post","link":""},"img":{"alt_text":"","src":"https:\/\/i0.wp.com\/indoorgarden.ee\/wp-content\/uploads\/2025\/07\/763ac604ca7c9dbbb3a4936a3c7815b.jpg?resize=350%2C200&ssl=1","width":350,"height":200,"srcset":"https:\/\/i0.wp.com\/indoorgarden.ee\/wp-content\/uploads\/2025\/07\/763ac604ca7c9dbbb3a4936a3c7815b.jpg?resize=350%2C200&ssl=1 1x, https:\/\/i0.wp.com\/indoorgarden.ee\/wp-content\/uploads\/2025\/07\/763ac604ca7c9dbbb3a4936a3c7815b.jpg?resize=525%2C300&ssl=1 1.5x, https:\/\/i0.wp.com\/indoorgarden.ee\/wp-content\/uploads\/2025\/07\/763ac604ca7c9dbbb3a4936a3c7815b.jpg?resize=700%2C400&ssl=1 2x, https:\/\/i0.wp.com\/indoorgarden.ee\/wp-content\/uploads\/2025\/07\/763ac604ca7c9dbbb3a4936a3c7815b.jpg?resize=1050%2C600&ssl=1 3x, https:\/\/i0.wp.com\/indoorgarden.ee\/wp-content\/uploads\/2025\/07\/763ac604ca7c9dbbb3a4936a3c7815b.jpg?resize=1400%2C800&ssl=1 4x"},"classes":[]},{"id":5086,"url":"https:\/\/indoorgarden.ee\/et\/toode\/letpot-eu-power-adaper-letpot-air-hydroponics-kasvatussusteemile-copy\/","url_meta":{"origin":835,"position":2},"title":"LetPot EL toiteadapter LetPot Lite nutiaiale","author":"admin","date":"6. apr. 2026","format":false,"excerpt":"Originaal Euroopa toiteadapter LetPot Lite h\u00fcdropoonika kasvus\u00fcsteemile. 2-aastase garantiiga, sobib t\u00e4pselt mudelile.","rel":"","context":"Similar post","block_context":{"text":"Similar post","link":""},"img":{"alt_text":"","src":"https:\/\/i0.wp.com\/indoorgarden.ee\/wp-content\/uploads\/2025\/07\/763ac604ca7c9dbbb3a4936a3c7815b.jpg?resize=350%2C200&ssl=1","width":350,"height":200,"srcset":"https:\/\/i0.wp.com\/indoorgarden.ee\/wp-content\/uploads\/2025\/07\/763ac604ca7c9dbbb3a4936a3c7815b.jpg?resize=350%2C200&ssl=1 1x, https:\/\/i0.wp.com\/indoorgarden.ee\/wp-content\/uploads\/2025\/07\/763ac604ca7c9dbbb3a4936a3c7815b.jpg?resize=525%2C300&ssl=1 1.5x, https:\/\/i0.wp.com\/indoorgarden.ee\/wp-content\/uploads\/2025\/07\/763ac604ca7c9dbbb3a4936a3c7815b.jpg?resize=700%2C400&ssl=1 2x, https:\/\/i0.wp.com\/indoorgarden.ee\/wp-content\/uploads\/2025\/07\/763ac604ca7c9dbbb3a4936a3c7815b.jpg?resize=1050%2C600&ssl=1 3x, https:\/\/i0.wp.com\/indoorgarden.ee\/wp-content\/uploads\/2025\/07\/763ac604ca7c9dbbb3a4936a3c7815b.jpg?resize=1400%2C800&ssl=1 4x"},"classes":[]},{"id":841,"url":"https:\/\/indoorgarden.ee\/et\/toode\/letpot-eu-power-adaper-letpot-max-vesiviljelussusteemile\/","url_meta":{"origin":835,"position":3},"title":"LetPot EL toiteadapter LetPot Max nutiaiale","author":"admin","date":"23. juuli 2025","format":false,"excerpt":"Originaal Euroopa toiteadapter LetPot Max h\u00fcdropoonika kasvus\u00fcsteemile. 2-aastase garantiiga.","rel":"","context":"Similar post","block_context":{"text":"Similar post","link":""},"img":{"alt_text":"","src":"https:\/\/i0.wp.com\/indoorgarden.ee\/wp-content\/uploads\/2025\/07\/763ac604ca7c9dbbb3a4936a3c7815b.jpg?resize=350%2C200&ssl=1","width":350,"height":200,"srcset":"https:\/\/i0.wp.com\/indoorgarden.ee\/wp-content\/uploads\/2025\/07\/763ac604ca7c9dbbb3a4936a3c7815b.jpg?resize=350%2C200&ssl=1 1x, https:\/\/i0.wp.com\/indoorgarden.ee\/wp-content\/uploads\/2025\/07\/763ac604ca7c9dbbb3a4936a3c7815b.jpg?resize=525%2C300&ssl=1 1.5x, https:\/\/i0.wp.com\/indoorgarden.ee\/wp-content\/uploads\/2025\/07\/763ac604ca7c9dbbb3a4936a3c7815b.jpg?resize=700%2C400&ssl=1 2x, https:\/\/i0.wp.com\/indoorgarden.ee\/wp-content\/uploads\/2025\/07\/763ac604ca7c9dbbb3a4936a3c7815b.jpg?resize=1050%2C600&ssl=1 3x, https:\/\/i0.wp.com\/indoorgarden.ee\/wp-content\/uploads\/2025\/07\/763ac604ca7c9dbbb3a4936a3c7815b.jpg?resize=1400%2C800&ssl=1 4x"},"classes":[]},{"id":845,"url":"https:\/\/indoorgarden.ee\/et\/toode\/letpot-mini-asenduspump-letpot-mini-jaoks\/","url_meta":{"origin":835,"position":4},"title":"LetPot asenduspump LetPot Mini nutiaiale","author":"admin","date":"23. juuli 2025","format":false,"excerpt":"Asenduspump LetPot Mini nutiaiale. Sobib t\u00e4pselt mudeli korpusele, vahetus k\u00e4ib paari minutiga.","rel":"","context":"Similar post","block_context":{"text":"Similar post","link":""},"img":{"alt_text":"","src":"https:\/\/i0.wp.com\/indoorgarden.ee\/wp-content\/uploads\/2025\/07\/LetPot_Hydroponics_Growing_System_Watering_pump.jpg?resize=350%2C200&ssl=1","width":350,"height":200,"srcset":"https:\/\/i0.wp.com\/indoorgarden.ee\/wp-content\/uploads\/2025\/07\/LetPot_Hydroponics_Growing_System_Watering_pump.jpg?resize=350%2C200&ssl=1 1x, https:\/\/i0.wp.com\/indoorgarden.ee\/wp-content\/uploads\/2025\/07\/LetPot_Hydroponics_Growing_System_Watering_pump.jpg?resize=525%2C300&ssl=1 1.5x, https:\/\/i0.wp.com\/indoorgarden.ee\/wp-content\/uploads\/2025\/07\/LetPot_Hydroponics_Growing_System_Watering_pump.jpg?resize=700%2C400&ssl=1 2x, https:\/\/i0.wp.com\/indoorgarden.ee\/wp-content\/uploads\/2025\/07\/LetPot_Hydroponics_Growing_System_Watering_pump.jpg?resize=1050%2C600&ssl=1 3x, https:\/\/i0.wp.com\/indoorgarden.ee\/wp-content\/uploads\/2025\/07\/LetPot_Hydroponics_Growing_System_Watering_pump.jpg?resize=1400%2C800&ssl=1 4x"},"classes":[]},{"id":1727,"url":"https:\/\/indoorgarden.ee\/et\/toode\/letpot-77-tk-vesiviljelussusteemi-asenduskomplekt-sobib-ainult-letpot-mini-jaoks\/","url_meta":{"origin":835,"position":5},"title":"LetPot 77-osaline asendustaimepesade komplekt \u2013 ainult LetPot Mini mudelile","author":"admin","date":"21. aug. 2025","format":false,"excerpt":"77-osaline asenduskomplekt LetPot Mini nutiaiale. Sisaldab kasvuk\u00e4snu, korve ja toitaineid. Sobib ainult LetPot Mini mudelile.","rel":"","context":"Similar post","block_context":{"text":"Similar post","link":""},"img":{"alt_text":"LetPot Hydroponics kasvatuss\u00fcsteemi asenduspottide komplektid LetPot Mini jaoks","src":"https:\/\/i0.wp.com\/indoorgarden.ee\/wp-content\/uploads\/2025\/08\/LetPot-Hydroponics-Growing-System-Replacement-Pot-Kits-for-LetPot-Mini-1.jpg?resize=350%2C200&ssl=1","width":350,"height":200},"classes":[]}],"_links":{"self":[{"href":"https:\/\/indoorgarden.ee\/et\/wp-json\/wp\/v2\/product\/835","targetHints":{"allow":["GET"]}}],"collection":[{"href":"https:\/\/indoorgarden.ee\/et\/wp-json\/wp\/v2\/product"}],"about":[{"href":"https:\/\/indoorgarden.ee\/et\/wp-json\/wp\/v2\/types\/product"}],"replies":[{"embeddable":true,"href":"https:\/\/indoorgarden.ee\/et\/wp-json\/wp\/v2\/comments?post=835"}],"wp:featuredmedia":[{"embeddable":true,"href":"https:\/\/indoorgarden.ee\/et\/wp-json\/wp\/v2\/media\/503"}],"wp:attachment":[{"href":"https:\/\/indoorgarden.ee\/et\/wp-json\/wp\/v2\/media?parent=835"}],"wp:term":[{"taxonomy":"product_brand","embeddable":true,"href":"https:\/\/indoorgarden.ee\/et\/wp-json\/wp\/v2\/product_brand?post=835"},{"taxonomy":"product_cat","embeddable":true,"href":"https:\/\/indoorgarden.ee\/et\/wp-json\/wp\/v2\/product_cat?post=835"},{"taxonomy":"product_tag","embeddable":true,"href":"https:\/\/indoorgarden.ee\/et\/wp-json\/wp\/v2\/product_tag?post=835"}],"curies":[{"name":"wp","href":"https:\/\/api.w.org\/{rel}","templated":true}]}}