{"id":832,"date":"2025-07-23T14:34:01","date_gmt":"2025-07-23T11:34:01","guid":{"rendered":"https:\/\/indoorgarden.ee\/product\/letpot-automaatne-kastmissusteem-2-0\/"},"modified":"2026-04-26T15:40:27","modified_gmt":"2026-04-26T12:40:27","slug":"letpot-automaatne-kastmissusteem-2-0","status":"publish","type":"product","link":"https:\/\/indoorgarden.ee\/et\/toode\/letpot-automaatne-kastmissusteem-2-0\/","title":{"rendered":"LetPot automaatne kastmiss\u00fcsteem 2.0 \u2013 kuni 20 taimele"},"content":{"rendered":"<p>Kogege t\u00e4pset, k\u00e4ed-vabad taimehooldust LetPot Smart Drip Irrigation System 2.0 abil &#8211; kohandatavad graafikud, reaalajas j\u00e4lgimine ja tugev riistvara, mis on m\u00f5eldud kuni 20 taimele.<\/p>\n<h2>Peamised eelised<\/h2>\n<ul>\n<li><strong>T\u00e4ielikult kohandatav ajakava<\/strong>: M\u00e4\u00e4rake kastmists\u00fcklid (p\u00e4evad v\u00f5i tunnid), sessioonide kestus ja vahelduva sisse- ja v\u00e4ljal\u00fclitamise intervallid optimaalse niiskuse kontrollimiseks.<\/li>\n<li><strong>Reaalajas j\u00e4lgimine ja hoiatused<\/strong>: Vaadake veetaset rakenduses; saate koheseid hoiatusi madala veetaseme ja kuivk\u00e4ivituse kaitse kohta, et kaitsta pumpa.<\/li>\n<li><strong>Kaksik\u00fchenduvus<\/strong>: \u00dchendage Bluetooth v\u00f5i Wi-Fi (2,4 GHz) kaudu, et tagada usaldusv\u00e4\u00e4rne kaugjuhtimine iOS-i ja Androidiga.<\/li>\n<li><strong>Vastupidav ja vaikne<\/strong>: IP65 veekindlus ja vaikselt t\u00f6\u00f6tav 12 GPH pump, mille helitugevus on vaid 30 dB.<\/li>\n<li><strong>Reguleeritav tilgakogus<\/strong>: Reguleeritava tilguti ja tagasil\u00f6\u00f6givastase ventiiliga saab peenh\u00e4\u00e4lestada voolu iga taime jaoks, et v\u00e4ltida sifoonimist.<\/li>\n<li><strong>Tihendusvaba t\u00f6\u00f6<\/strong>: Sisseehitatud perliitosakeste filter p\u00fc\u00fcab prahi kinni, enne kui see j\u00f5uab pumpa v\u00f5i torudesse.<\/li>\n<\/ul>\n<h2>Kuidas see toimib<\/h2>\n<p>S\u00fcsteem annab reguleeritavat vett otse igale taimep\u00f5hjale reguleeritavate tilgutite kaudu. Kasutage seadistamiseks LetPot rakendust: <\/p>\n<ul>\n<li><strong>Ts\u00fckli sagedus<\/strong> (kui tihti tuleb kasta)<\/li>\n<li><strong>Seansi kestus<\/strong> (kui kaua iga kastmine kestab)<\/li>\n<li><strong>Intervalliline ajastus<\/strong> seansside sees (sisse\/v\u00e4lja perioodid)<\/li>\n<\/ul>\n<p>See kolmekihiline ajakava tagab, et muld j\u00e4\u00e4b \u00fchtlaselt niiskeks, ilma \u00fcle kastmiseta, ning te saate ajakava kaugjuhtimise teel kohandada, et v\u00f5tta arvesse vihma v\u00f5i reisi.<\/p>\n<h2>Mis on karbis<\/h2>\n<ul>\n<li>Tilkkastmiss\u00fcsteemi kontroller \u00d7 1<\/li>\n<li>Toiteadapter \u00d7 1<\/li>\n<li>Perliidi osakeste filter \u00d7 1<\/li>\n<li>Reguleeritav tilguti \u00d7 10<\/li>\n<li>T-liitmikud \u00d7 10<\/li>\n<li>Veetoru (33 jalga) \u00d7 1<\/li>\n<li>Toruklambrid \u00d7 2<\/li>\n<li>Fikseeritud klamber \u00d7 1<\/li>\n<li>Tagasivooluvastane ventiil \u00d7 1<\/li>\n<\/ul>\n<h2>Spetsifikatsioonid<\/h2>\n<table>\n<thead>\n<tr>\n<th>Spetsifikatsioon<\/th>\n<th>\u00dcksikasjad<\/th>\n<\/tr>\n<\/thead>\n<tbody>\n<tr>\n<td><strong>Pumba voolukiirus<\/strong><\/td>\n<td>12 GPH<\/td>\n<\/tr>\n<tr>\n<td><strong>T\u00f6\u00f6tav pinge<\/strong><\/td>\n<td>DC 5 V, 1 A<\/td>\n<\/tr>\n<tr>\n<td><strong>Traadita \u00fchendus<\/strong><\/td>\n<td>Bluetooth 4.2 &amp; Wi-Fi 2,4 GHz<\/td>\n<\/tr>\n<tr>\n<td><strong>Kaitseklass<\/strong><\/td>\n<td>IP65 (veekindel)<\/td>\n<\/tr>\n<tr>\n<td><strong>Juhtimisre\u017eiim<\/strong><\/td>\n<td>LetPot App<\/td>\n<\/tr>\n<tr>\n<td><strong>Toru l\u00e4bim\u00f5\u00f5t<\/strong><\/td>\n<td>\u00bc\u2033 voolik<\/td>\n<\/tr>\n<tr>\n<td><strong>Materjalid<\/strong><\/td>\n<td>BPA-vaba vaik<\/td>\n<\/tr>\n<tr>\n<td><strong>M\u00fcratase<\/strong><\/td>\n<td>30 dB<\/td>\n<\/tr>\n<\/tbody>\n<\/table>\n<p><strong>Automatiseeri oma taimehooldus &#8211; telli LetPot automaatne kastmiss\u00fcsteem 2.0 juba t\u00e4na ja naudi tervislikku, muretut kasvu!<\/strong><\/p>\n","protected":false},"excerpt":{"rendered":"<p>T\u00e4pne kontrollitud kastmine kuni 20 taimele. Seadista oma graafik (p\u00e4evad, tunnid, intervallid), j\u00e4lgi veetaset reaalajas ja saa hoiatusi \u00e4pi kaudu.<\/p>\n","protected":false},"featured_media":462,"comment_status":"open","ping_status":"closed","template":"","meta":[],"product_brand":[125],"product_cat":[85,81],"product_tag":[],"class_list":{"0":"post-832","1":"product","2":"type-product","3":"status-publish","4":"has-post-thumbnail","6":"product_brand-letpot-et","7":"product_cat-isekastvad-lahendused","8":"product_cat-aiatarvikud","10":"first","11":"instock","12":"taxable","13":"shipping-taxable","14":"purchasable","15":"product-type-simple"},"jetpack_sharing_enabled":true,"jetpack-related-posts":[{"id":807,"url":"https:\/\/indoorgarden.ee\/et\/toode\/letpot-nutikas-temperatuuri-ja-ec-mootja-hudropoonilise-siseaia-jaoks\/","url_meta":{"origin":832,"position":0},"title":"LetPot tark temperatuuri- ja EC-m\u00f5\u00f5dik \u2013 h\u00fcdropoonikale","author":"admin","date":"23. juuli 2025","format":false,"excerpt":"Tark m\u00f5\u00f5dik, mis j\u00e4lgib h\u00fcdropoonika lahuse temperatuuri ja elektrijuhtivust (EC) reaalajas. Andmed \u00e4pis \u2013 sa n\u00e4ed kohe, kas s\u00fcsteem t\u00f6\u00f6tab nagu vaja.","rel":"","context":"Similar post","block_context":{"text":"Similar post","link":""},"img":{"alt_text":"","src":"https:\/\/i0.wp.com\/indoorgarden.ee\/wp-content\/uploads\/2025\/07\/EC_meter_with_app.jpg?resize=350%2C200&ssl=1","width":350,"height":200,"srcset":"https:\/\/i0.wp.com\/indoorgarden.ee\/wp-content\/uploads\/2025\/07\/EC_meter_with_app.jpg?resize=350%2C200&ssl=1 1x, https:\/\/i0.wp.com\/indoorgarden.ee\/wp-content\/uploads\/2025\/07\/EC_meter_with_app.jpg?resize=525%2C300&ssl=1 1.5x, https:\/\/i0.wp.com\/indoorgarden.ee\/wp-content\/uploads\/2025\/07\/EC_meter_with_app.jpg?resize=700%2C400&ssl=1 2x, https:\/\/i0.wp.com\/indoorgarden.ee\/wp-content\/uploads\/2025\/07\/EC_meter_with_app.jpg?resize=1050%2C600&ssl=1 3x, https:\/\/i0.wp.com\/indoorgarden.ee\/wp-content\/uploads\/2025\/07\/EC_meter_with_app.jpg?resize=1400%2C800&ssl=1 4x"},"classes":[]},{"id":813,"url":"https:\/\/indoorgarden.ee\/et\/toode\/letpot-smart-temperatuuri-ja-ec-arvesti-hudropoonilise-siseaia-jaoks-koos-pumbaga\/","url_meta":{"origin":832,"position":1},"title":"LetPot tark temperatuuri- ja EC-m\u00f5\u00f5dik pumbaga \u2013 h\u00fcdropoonikale","author":"admin","date":"23. juuli 2025","format":false,"excerpt":"Tark m\u00f5\u00f5dik, mis j\u00e4lgib h\u00fcdropoonika lahuse temperatuuri ja elektrijuhtivust (EC) reaalajas. Sisseehitatud pump tagab pideva ringluse m\u00f5\u00f5tmise t\u00e4psuseks.","rel":"","context":"Similar post","block_context":{"text":"Similar post","link":""},"img":{"alt_text":"","src":"https:\/\/i0.wp.com\/indoorgarden.ee\/wp-content\/uploads\/2025\/07\/EC_meter_with_app.jpg?resize=350%2C200&ssl=1","width":350,"height":200,"srcset":"https:\/\/i0.wp.com\/indoorgarden.ee\/wp-content\/uploads\/2025\/07\/EC_meter_with_app.jpg?resize=350%2C200&ssl=1 1x, https:\/\/i0.wp.com\/indoorgarden.ee\/wp-content\/uploads\/2025\/07\/EC_meter_with_app.jpg?resize=525%2C300&ssl=1 1.5x, https:\/\/i0.wp.com\/indoorgarden.ee\/wp-content\/uploads\/2025\/07\/EC_meter_with_app.jpg?resize=700%2C400&ssl=1 2x, https:\/\/i0.wp.com\/indoorgarden.ee\/wp-content\/uploads\/2025\/07\/EC_meter_with_app.jpg?resize=1050%2C600&ssl=1 3x, https:\/\/i0.wp.com\/indoorgarden.ee\/wp-content\/uploads\/2025\/07\/EC_meter_with_app.jpg?resize=1400%2C800&ssl=1 4x"},"classes":[]},{"id":811,"url":"https:\/\/indoorgarden.ee\/et\/toode\/letpot-max-hydroponics-kasvatussusteem-21-pod-ja-2-pod-kasvatussusteem\/","url_meta":{"origin":832,"position":2},"title":"LetPot Max 21-pesaline nutiaed \u2013 t\u00e4isautomaatne premium-s\u00fcsteem \u00fcrtidele ja k\u00f6\u00f6giviljadele","author":"admin","date":"23. juuli 2025","format":false,"excerpt":"Suurim LetPot mudel: 21 taimepesa p\u00f5hitaimedele ja 2 lisapesa k\u00f5rgematele kultuuridele. T\u00e4isautomaatne kastmine, sensoritega niiskuse j\u00e4lgimine ja Wi-Fi \u00e4piga juhitavus. Sobib peredele, kes kasvatavad palju ja tahavad regulaarset saaki k\u00f6\u00f6gilauale.","rel":"","context":"Similar post","block_context":{"text":"Similar post","link":""},"img":{"alt_text":"","src":"https:\/\/i0.wp.com\/indoorgarden.ee\/wp-content\/uploads\/2025\/07\/LetPot_Max_Hydroponics_Latest_version.jpg?resize=350%2C200&ssl=1","width":350,"height":200,"srcset":"https:\/\/i0.wp.com\/indoorgarden.ee\/wp-content\/uploads\/2025\/07\/LetPot_Max_Hydroponics_Latest_version.jpg?resize=350%2C200&ssl=1 1x, https:\/\/i0.wp.com\/indoorgarden.ee\/wp-content\/uploads\/2025\/07\/LetPot_Max_Hydroponics_Latest_version.jpg?resize=525%2C300&ssl=1 1.5x, https:\/\/i0.wp.com\/indoorgarden.ee\/wp-content\/uploads\/2025\/07\/LetPot_Max_Hydroponics_Latest_version.jpg?resize=700%2C400&ssl=1 2x, https:\/\/i0.wp.com\/indoorgarden.ee\/wp-content\/uploads\/2025\/07\/LetPot_Max_Hydroponics_Latest_version.jpg?resize=1050%2C600&ssl=1 3x, https:\/\/i0.wp.com\/indoorgarden.ee\/wp-content\/uploads\/2025\/07\/LetPot_Max_Hydroponics_Latest_version.jpg?resize=1400%2C800&ssl=1 4x"},"classes":[]},{"id":1729,"url":"https:\/\/indoorgarden.ee\/et\/toode\/letpot-tugivarraste-ja-pimenduskatete-pakett\/","url_meta":{"origin":832,"position":3},"title":"LetPot tugivardad ja pimenduskatted \u2013 t\u00e4iendav komplekt","author":"admin","date":"21. aug. 2025","format":false,"excerpt":"Tugivardad ja pimenduskatted LetPot nutiaedadele. Tugivardad hoiavad k\u00f5rgemad taimed p\u00fcsti, pimenduskatted varjavad veepaagi valguse eest, et v\u00e4ltida vetikate teket.","rel":"","context":"Similar post","block_context":{"text":"Similar post","link":""},"img":{"alt_text":"Toetusvardad ja pimenduskatete pakett","src":"https:\/\/i0.wp.com\/indoorgarden.ee\/wp-content\/uploads\/2025\/08\/LetPot-Supporting-Rods-and-Blackout-Covers-Package.webp?resize=350%2C200&ssl=1","width":350,"height":200,"srcset":"https:\/\/i0.wp.com\/indoorgarden.ee\/wp-content\/uploads\/2025\/08\/LetPot-Supporting-Rods-and-Blackout-Covers-Package.webp?resize=350%2C200&ssl=1 1x, https:\/\/i0.wp.com\/indoorgarden.ee\/wp-content\/uploads\/2025\/08\/LetPot-Supporting-Rods-and-Blackout-Covers-Package.webp?resize=525%2C300&ssl=1 1.5x, https:\/\/i0.wp.com\/indoorgarden.ee\/wp-content\/uploads\/2025\/08\/LetPot-Supporting-Rods-and-Blackout-Covers-Package.webp?resize=700%2C400&ssl=1 2x, https:\/\/i0.wp.com\/indoorgarden.ee\/wp-content\/uploads\/2025\/08\/LetPot-Supporting-Rods-and-Blackout-Covers-Package.webp?resize=1050%2C600&ssl=1 3x, https:\/\/i0.wp.com\/indoorgarden.ee\/wp-content\/uploads\/2025\/08\/LetPot-Supporting-Rods-and-Blackout-Covers-Package.webp?resize=1400%2C800&ssl=1 4x"},"classes":[]},{"id":829,"url":"https:\/\/indoorgarden.ee\/et\/toode\/letpot-tilkkastmissusteem\/","url_meta":{"origin":832,"position":4},"title":"LetPot tilkkastmise lisakomplekt \u2013 laienda s\u00fcsteemi 5 taime v\u00f5rra","author":"admin","date":"23. juuli 2025","format":false,"excerpt":"5 lisataimega laiendus LetPot tilkkastmiss\u00fcsteemile. Komplektis voolikud, \u00fchendused, tilkurid ja filter \u2013 paigaldus k\u00e4ib otse olemasolevasse s\u00fcsteemi, ilma eraldi juhtseadme vajaduseta.","rel":"","context":"Similar post","block_context":{"text":"Similar post","link":""},"img":{"alt_text":"","src":"https:\/\/i0.wp.com\/indoorgarden.ee\/wp-content\/uploads\/2025\/07\/2_7d8d814b-b2bc-4eaa-b7d8-984e60157f83.jpg?resize=350%2C200&ssl=1","width":350,"height":200,"srcset":"https:\/\/i0.wp.com\/indoorgarden.ee\/wp-content\/uploads\/2025\/07\/2_7d8d814b-b2bc-4eaa-b7d8-984e60157f83.jpg?resize=350%2C200&ssl=1 1x, https:\/\/i0.wp.com\/indoorgarden.ee\/wp-content\/uploads\/2025\/07\/2_7d8d814b-b2bc-4eaa-b7d8-984e60157f83.jpg?resize=525%2C300&ssl=1 1.5x, https:\/\/i0.wp.com\/indoorgarden.ee\/wp-content\/uploads\/2025\/07\/2_7d8d814b-b2bc-4eaa-b7d8-984e60157f83.jpg?resize=700%2C400&ssl=1 2x"},"classes":[]},{"id":804,"url":"https:\/\/indoorgarden.ee\/et\/toode\/letpot-air-10-pods-hudropooniline-aiandussusteem\/","url_meta":{"origin":832,"position":5},"title":"LetPot Air 10-pesaline nutiaed \u2013 rohkem \u00fcrte, salatit ja k\u00f6\u00f6givilja korraga","author":"admin","date":"23. juuli 2025","format":false,"excerpt":"10-pesaline h\u00fcdropooniline nutiaed automaatse kastmise ja LED-kasvulambiga. Sobib peredele, kes tahavad rohkem v\u00e4rsket korraga, aga ei taha k\u00f6\u00f6gipinda kogu s\u00fcsteemile loovutada. Wi-Fi \u00e4piga juhitav.","rel":"","context":"With 1 comment","block_context":{"text":"With 1 comment","link":"https:\/\/indoorgarden.ee\/et\/toode\/letpot-air-10-pods-hudropooniline-aiandussusteem\/#comments"},"img":{"alt_text":"","src":"https:\/\/i0.wp.com\/indoorgarden.ee\/wp-content\/uploads\/2025\/07\/20250310134248.jpg?resize=350%2C200&ssl=1","width":350,"height":200,"srcset":"https:\/\/i0.wp.com\/indoorgarden.ee\/wp-content\/uploads\/2025\/07\/20250310134248.jpg?resize=350%2C200&ssl=1 1x, https:\/\/i0.wp.com\/indoorgarden.ee\/wp-content\/uploads\/2025\/07\/20250310134248.jpg?resize=525%2C300&ssl=1 1.5x, https:\/\/i0.wp.com\/indoorgarden.ee\/wp-content\/uploads\/2025\/07\/20250310134248.jpg?resize=700%2C400&ssl=1 2x, https:\/\/i0.wp.com\/indoorgarden.ee\/wp-content\/uploads\/2025\/07\/20250310134248.jpg?resize=1050%2C600&ssl=1 3x, https:\/\/i0.wp.com\/indoorgarden.ee\/wp-content\/uploads\/2025\/07\/20250310134248.jpg?resize=1400%2C800&ssl=1 4x"},"classes":[]}],"_links":{"self":[{"href":"https:\/\/indoorgarden.ee\/et\/wp-json\/wp\/v2\/product\/832","targetHints":{"allow":["GET"]}}],"collection":[{"href":"https:\/\/indoorgarden.ee\/et\/wp-json\/wp\/v2\/product"}],"about":[{"href":"https:\/\/indoorgarden.ee\/et\/wp-json\/wp\/v2\/types\/product"}],"replies":[{"embeddable":true,"href":"https:\/\/indoorgarden.ee\/et\/wp-json\/wp\/v2\/comments?post=832"}],"wp:featuredmedia":[{"embeddable":true,"href":"https:\/\/indoorgarden.ee\/et\/wp-json\/wp\/v2\/media\/462"}],"wp:attachment":[{"href":"https:\/\/indoorgarden.ee\/et\/wp-json\/wp\/v2\/media?parent=832"}],"wp:term":[{"taxonomy":"product_brand","embeddable":true,"href":"https:\/\/indoorgarden.ee\/et\/wp-json\/wp\/v2\/product_brand?post=832"},{"taxonomy":"product_cat","embeddable":true,"href":"https:\/\/indoorgarden.ee\/et\/wp-json\/wp\/v2\/product_cat?post=832"},{"taxonomy":"product_tag","embeddable":true,"href":"https:\/\/indoorgarden.ee\/et\/wp-json\/wp\/v2\/product_tag?post=832"}],"curies":[{"name":"wp","href":"https:\/\/api.w.org\/{rel}","templated":true}]}}