{"id":831,"date":"2025-07-23T14:44:33","date_gmt":"2025-07-23T11:44:33","guid":{"rendered":"https:\/\/indoorgarden.ee\/product\/letpot-eu-power-adaper-letpot-senior-hydroponics-kasvatussusteemile\/"},"modified":"2026-04-26T15:40:54","modified_gmt":"2026-04-26T12:40:54","slug":"letpot-eu-power-adaper-letpot-senior-hydroponics-kasvatussusteemile","status":"publish","type":"product","link":"https:\/\/indoorgarden.ee\/et\/toode\/letpot-eu-power-adaper-letpot-senior-hydroponics-kasvatussusteemile\/","title":{"rendered":"LetPot EL toiteadapter LetPot Senior nutiaiale"},"content":{"rendered":"<p>Hoidke oma LetPot Senior maksimaalse j\u00f5udlusega selle asendusadapteriga, mis on loodud spetsiaalselt 12-podilise h\u00fcdropoonilise s\u00fcsteemi jaoks ja millel on 2-aastane garantii.<\/p>\n<h2>Peamised eelised<\/h2>\n<ul>\n<li><strong>T\u00e4iuslik \u00fchilduvus<\/strong>: LetPot Senior Hydroponics kasvus\u00fcsteemiga ELis.<\/li>\n<li><strong>Usaldusv\u00e4\u00e4rne j\u00f5udlus<\/strong>: Ehitatud j\u00e4rjepideva v\u00f5imsuse ja pikaajalise t\u00f6\u00f6 tagamiseks.<\/li>\n<li><strong>Pikk garantii<\/strong>: 2-aastane tootjagarantii meelerahu tagamiseks.<\/li>\n<li><strong>Rohke j\u00f5udlus<\/strong>: 1,5 m pikkune juhe tagab paindliku paigutuse teie aias.<\/li>\n<\/ul>\n<h2>Omadused ja spetsifikatsioonid<\/h2>\n<table style=\"width: 100%;\">\n<thead>\n<tr>\n<th style=\"width: 23.913%;\">Spetsifikatsioon<\/th>\n<th style=\"width: 75.7246%;\">\u00dcksikasjad<\/th>\n<\/tr>\n<\/thead>\n<tbody>\n<tr>\n<td style=\"width: 23.913%;\"><strong>\u00dchilduvus<\/strong><\/td>\n<td style=\"width: 75.7246%;\">LetPot Senior Hydroponics kasvatuss\u00fcsteem<\/td>\n<\/tr>\n<tr>\n<td style=\"width: 23.913%;\"><strong>Pistik<\/strong><\/td>\n<td style=\"width: 75.7246%;\">EL<\/td>\n<\/tr>\n<tr>\n<td style=\"width: 23.913%;\"><strong>Juhtme pikkus<\/strong><\/td>\n<td style=\"width: 75.7246%;\">1,5 m (5 ft)<\/td>\n<\/tr>\n<tr>\n<td style=\"width: 23.913%;\"><strong>V\u00e4ljund<\/strong><\/td>\n<td style=\"width: 75.7246%;\">24 Watt, vastab LetPot Senior n\u00f5uetele<\/td>\n<\/tr>\n<\/tbody>\n<\/table>\n<h2>Mis on karbis<\/h2>\n<ul>\n<li>LetPot Senior toiteadapter \u00d7 1<\/li>\n<\/ul>\n<h2>Paigaldamine ja kasutamine<\/h2>\n<ol>\n<li><strong>L\u00fclitage toide v\u00e4lja<\/strong>: Enne adapteri vahetamist \u00fchendage LetPot Senior s\u00fcsteem lahti.<\/li>\n<li><strong>\u00dchendage adapter<\/strong>: Sisestage alalisvoolu pistik vanemate seadme toitepistikusse.<\/li>\n<li><strong>Toide<\/strong>: \u00dchendage adapter tavalisse vahelduvvoolu pistikupessa ja l\u00fclitage h\u00fcdropooniline s\u00fcsteem sisse.<\/li>\n<\/ol>\n<p><strong>Tagage katkematu kasv &#8211; tellige LetPot Senior Power Adapter juba t\u00e4na ja nautige oma h\u00fcdropoonilise aia usaldusv\u00e4\u00e4rset energiat!<\/strong><\/p>\n","protected":false},"excerpt":{"rendered":"<p>Originaal Euroopa toiteadapter LetPot Senior h\u00fcdropoonika kasvus\u00fcsteemile. 2-aastase garantiiga.<\/p>\n","protected":false},"featured_media":503,"comment_status":"open","ping_status":"closed","template":"","meta":[],"product_brand":[125],"product_cat":[109,112],"product_tag":[],"class_list":{"0":"post-831","1":"product","2":"type-product","3":"status-publish","4":"has-post-thumbnail","6":"product_brand-letpot-et","7":"product_cat-nutiaedade-tarvikud","8":"product_cat-nutiaedade-varuosad","10":"first","11":"instock","12":"taxable","13":"shipping-taxable","14":"purchasable","15":"product-type-simple"},"jetpack_sharing_enabled":true,"jetpack-related-posts":[{"id":835,"url":"https:\/\/indoorgarden.ee\/et\/toode\/letpot-eu-power-adaper-letpot-mini-hydroponics-kasvatussusteemile\/","url_meta":{"origin":831,"position":0},"title":"LetPot EL toiteadapter LetPot Mini nutiaiale","author":"admin","date":"23. juuli 2025","format":false,"excerpt":"Originaal Euroopa toiteadapter LetPot Mini h\u00fcdropoonika kasvus\u00fcsteemile. 2-aastase garantiiga.","rel":"","context":"Similar post","block_context":{"text":"Similar post","link":""},"img":{"alt_text":"","src":"https:\/\/i0.wp.com\/indoorgarden.ee\/wp-content\/uploads\/2025\/07\/763ac604ca7c9dbbb3a4936a3c7815b.jpg?resize=350%2C200&ssl=1","width":350,"height":200,"srcset":"https:\/\/i0.wp.com\/indoorgarden.ee\/wp-content\/uploads\/2025\/07\/763ac604ca7c9dbbb3a4936a3c7815b.jpg?resize=350%2C200&ssl=1 1x, https:\/\/i0.wp.com\/indoorgarden.ee\/wp-content\/uploads\/2025\/07\/763ac604ca7c9dbbb3a4936a3c7815b.jpg?resize=525%2C300&ssl=1 1.5x, https:\/\/i0.wp.com\/indoorgarden.ee\/wp-content\/uploads\/2025\/07\/763ac604ca7c9dbbb3a4936a3c7815b.jpg?resize=700%2C400&ssl=1 2x, https:\/\/i0.wp.com\/indoorgarden.ee\/wp-content\/uploads\/2025\/07\/763ac604ca7c9dbbb3a4936a3c7815b.jpg?resize=1050%2C600&ssl=1 3x, https:\/\/i0.wp.com\/indoorgarden.ee\/wp-content\/uploads\/2025\/07\/763ac604ca7c9dbbb3a4936a3c7815b.jpg?resize=1400%2C800&ssl=1 4x"},"classes":[]},{"id":833,"url":"https:\/\/indoorgarden.ee\/et\/toode\/letpot-eu-power-adaper-letpot-air-hydroponics-kasvatussusteemile\/","url_meta":{"origin":831,"position":1},"title":"LetPot EL toiteadapter LetPot Air nutiaiale","author":"admin","date":"23. juuli 2025","format":false,"excerpt":"Originaal Euroopa toiteadapter LetPot Air h\u00fcdropoonika kasvus\u00fcsteemile. 2-aastase garantiiga.","rel":"","context":"Similar post","block_context":{"text":"Similar post","link":""},"img":{"alt_text":"","src":"https:\/\/i0.wp.com\/indoorgarden.ee\/wp-content\/uploads\/2025\/07\/763ac604ca7c9dbbb3a4936a3c7815b.jpg?resize=350%2C200&ssl=1","width":350,"height":200,"srcset":"https:\/\/i0.wp.com\/indoorgarden.ee\/wp-content\/uploads\/2025\/07\/763ac604ca7c9dbbb3a4936a3c7815b.jpg?resize=350%2C200&ssl=1 1x, https:\/\/i0.wp.com\/indoorgarden.ee\/wp-content\/uploads\/2025\/07\/763ac604ca7c9dbbb3a4936a3c7815b.jpg?resize=525%2C300&ssl=1 1.5x, https:\/\/i0.wp.com\/indoorgarden.ee\/wp-content\/uploads\/2025\/07\/763ac604ca7c9dbbb3a4936a3c7815b.jpg?resize=700%2C400&ssl=1 2x, https:\/\/i0.wp.com\/indoorgarden.ee\/wp-content\/uploads\/2025\/07\/763ac604ca7c9dbbb3a4936a3c7815b.jpg?resize=1050%2C600&ssl=1 3x, https:\/\/i0.wp.com\/indoorgarden.ee\/wp-content\/uploads\/2025\/07\/763ac604ca7c9dbbb3a4936a3c7815b.jpg?resize=1400%2C800&ssl=1 4x"},"classes":[]},{"id":5086,"url":"https:\/\/indoorgarden.ee\/et\/toode\/letpot-eu-power-adaper-letpot-air-hydroponics-kasvatussusteemile-copy\/","url_meta":{"origin":831,"position":2},"title":"LetPot EL toiteadapter LetPot Lite nutiaiale","author":"admin","date":"6. apr. 2026","format":false,"excerpt":"Originaal Euroopa toiteadapter LetPot Lite h\u00fcdropoonika kasvus\u00fcsteemile. 2-aastase garantiiga, sobib t\u00e4pselt mudelile.","rel":"","context":"Similar post","block_context":{"text":"Similar post","link":""},"img":{"alt_text":"","src":"https:\/\/i0.wp.com\/indoorgarden.ee\/wp-content\/uploads\/2025\/07\/763ac604ca7c9dbbb3a4936a3c7815b.jpg?resize=350%2C200&ssl=1","width":350,"height":200,"srcset":"https:\/\/i0.wp.com\/indoorgarden.ee\/wp-content\/uploads\/2025\/07\/763ac604ca7c9dbbb3a4936a3c7815b.jpg?resize=350%2C200&ssl=1 1x, https:\/\/i0.wp.com\/indoorgarden.ee\/wp-content\/uploads\/2025\/07\/763ac604ca7c9dbbb3a4936a3c7815b.jpg?resize=525%2C300&ssl=1 1.5x, https:\/\/i0.wp.com\/indoorgarden.ee\/wp-content\/uploads\/2025\/07\/763ac604ca7c9dbbb3a4936a3c7815b.jpg?resize=700%2C400&ssl=1 2x, https:\/\/i0.wp.com\/indoorgarden.ee\/wp-content\/uploads\/2025\/07\/763ac604ca7c9dbbb3a4936a3c7815b.jpg?resize=1050%2C600&ssl=1 3x, https:\/\/i0.wp.com\/indoorgarden.ee\/wp-content\/uploads\/2025\/07\/763ac604ca7c9dbbb3a4936a3c7815b.jpg?resize=1400%2C800&ssl=1 4x"},"classes":[]},{"id":841,"url":"https:\/\/indoorgarden.ee\/et\/toode\/letpot-eu-power-adaper-letpot-max-vesiviljelussusteemile\/","url_meta":{"origin":831,"position":3},"title":"LetPot EL toiteadapter LetPot Max nutiaiale","author":"admin","date":"23. juuli 2025","format":false,"excerpt":"Originaal Euroopa toiteadapter LetPot Max h\u00fcdropoonika kasvus\u00fcsteemile. 2-aastase garantiiga.","rel":"","context":"Similar post","block_context":{"text":"Similar post","link":""},"img":{"alt_text":"","src":"https:\/\/i0.wp.com\/indoorgarden.ee\/wp-content\/uploads\/2025\/07\/763ac604ca7c9dbbb3a4936a3c7815b.jpg?resize=350%2C200&ssl=1","width":350,"height":200,"srcset":"https:\/\/i0.wp.com\/indoorgarden.ee\/wp-content\/uploads\/2025\/07\/763ac604ca7c9dbbb3a4936a3c7815b.jpg?resize=350%2C200&ssl=1 1x, https:\/\/i0.wp.com\/indoorgarden.ee\/wp-content\/uploads\/2025\/07\/763ac604ca7c9dbbb3a4936a3c7815b.jpg?resize=525%2C300&ssl=1 1.5x, https:\/\/i0.wp.com\/indoorgarden.ee\/wp-content\/uploads\/2025\/07\/763ac604ca7c9dbbb3a4936a3c7815b.jpg?resize=700%2C400&ssl=1 2x, https:\/\/i0.wp.com\/indoorgarden.ee\/wp-content\/uploads\/2025\/07\/763ac604ca7c9dbbb3a4936a3c7815b.jpg?resize=1050%2C600&ssl=1 3x, https:\/\/i0.wp.com\/indoorgarden.ee\/wp-content\/uploads\/2025\/07\/763ac604ca7c9dbbb3a4936a3c7815b.jpg?resize=1400%2C800&ssl=1 4x"},"classes":[]},{"id":830,"url":"https:\/\/indoorgarden.ee\/et\/toode\/letpot-hudropoonikasusteemi-kasvav-voregaja-letpot-senior-jaoks\/","url_meta":{"origin":831,"position":4},"title":"LetPot taimetugi LetPot Senior-ile \u2013 k\u00f5rgematele taimedele","author":"admin","date":"23. juuli 2025","format":false,"excerpt":"Reguleeritav taimetugi LetPot Senior nutiaiale. Sobib tomatitele, t\u0161illile ja k\u00f5rgematele \u00fcrtidele, mis vajavad kasvades tuge.","rel":"","context":"Similar post","block_context":{"text":"Similar post","link":""},"img":{"alt_text":"","src":"https:\/\/i0.wp.com\/indoorgarden.ee\/wp-content\/uploads\/2025\/07\/LPH_SE_Growing_Trellis_Stand.jpg?resize=350%2C200&ssl=1","width":350,"height":200,"srcset":"https:\/\/i0.wp.com\/indoorgarden.ee\/wp-content\/uploads\/2025\/07\/LPH_SE_Growing_Trellis_Stand.jpg?resize=350%2C200&ssl=1 1x, https:\/\/i0.wp.com\/indoorgarden.ee\/wp-content\/uploads\/2025\/07\/LPH_SE_Growing_Trellis_Stand.jpg?resize=525%2C300&ssl=1 1.5x, https:\/\/i0.wp.com\/indoorgarden.ee\/wp-content\/uploads\/2025\/07\/LPH_SE_Growing_Trellis_Stand.jpg?resize=700%2C400&ssl=1 2x, https:\/\/i0.wp.com\/indoorgarden.ee\/wp-content\/uploads\/2025\/07\/LPH_SE_Growing_Trellis_Stand.jpg?resize=1050%2C600&ssl=1 3x, https:\/\/i0.wp.com\/indoorgarden.ee\/wp-content\/uploads\/2025\/07\/LPH_SE_Growing_Trellis_Stand.jpg?resize=1400%2C800&ssl=1 4x"},"classes":[]},{"id":805,"url":"https:\/\/indoorgarden.ee\/et\/toode\/letpot-200-tk-hudropoonikasusteemi-asendussammast-sobib-max-senior-air-jaoks\/","url_meta":{"origin":831,"position":5},"title":"LetPot 200 tk asenduskasvuk\u00e4snade komplekt \u2013 LetPot Max, Senior, Air, Lite mudelitele","author":"admin","date":"23. juuli 2025","format":false,"excerpt":"200-osaline asenduskomplekt: 100 turbap\u00f5hist kasvuk\u00e4sna ja 100 valgust blokeerivat kleepsu LetPot Max, Senior, Air ja Lite mudelitele. Sobib ka AeroGardeni ja iDOO s\u00fcsteemidesse.","rel":"","context":"Similar post","block_context":{"text":"Similar post","link":""},"img":{"alt_text":"","src":"https:\/\/i0.wp.com\/indoorgarden.ee\/wp-content\/uploads\/2025\/07\/200Pcs_LetPot_Grow_Sponges.jpg?resize=350%2C200&ssl=1","width":350,"height":200,"srcset":"https:\/\/i0.wp.com\/indoorgarden.ee\/wp-content\/uploads\/2025\/07\/200Pcs_LetPot_Grow_Sponges.jpg?resize=350%2C200&ssl=1 1x, https:\/\/i0.wp.com\/indoorgarden.ee\/wp-content\/uploads\/2025\/07\/200Pcs_LetPot_Grow_Sponges.jpg?resize=525%2C300&ssl=1 1.5x"},"classes":[]}],"_links":{"self":[{"href":"https:\/\/indoorgarden.ee\/et\/wp-json\/wp\/v2\/product\/831","targetHints":{"allow":["GET"]}}],"collection":[{"href":"https:\/\/indoorgarden.ee\/et\/wp-json\/wp\/v2\/product"}],"about":[{"href":"https:\/\/indoorgarden.ee\/et\/wp-json\/wp\/v2\/types\/product"}],"replies":[{"embeddable":true,"href":"https:\/\/indoorgarden.ee\/et\/wp-json\/wp\/v2\/comments?post=831"}],"wp:featuredmedia":[{"embeddable":true,"href":"https:\/\/indoorgarden.ee\/et\/wp-json\/wp\/v2\/media\/503"}],"wp:attachment":[{"href":"https:\/\/indoorgarden.ee\/et\/wp-json\/wp\/v2\/media?parent=831"}],"wp:term":[{"taxonomy":"product_brand","embeddable":true,"href":"https:\/\/indoorgarden.ee\/et\/wp-json\/wp\/v2\/product_brand?post=831"},{"taxonomy":"product_cat","embeddable":true,"href":"https:\/\/indoorgarden.ee\/et\/wp-json\/wp\/v2\/product_cat?post=831"},{"taxonomy":"product_tag","embeddable":true,"href":"https:\/\/indoorgarden.ee\/et\/wp-json\/wp\/v2\/product_tag?post=831"}],"curies":[{"name":"wp","href":"https:\/\/api.w.org\/{rel}","templated":true}]}}