{"id":825,"date":"2025-09-28T14:45:07","date_gmt":"2025-09-28T11:45:07","guid":{"rendered":"https:\/\/indoorgarden.ee\/product\/metsiku-sinepi-salatiseemned-mahedad-ja-vurtsikad-lehtrohelised-kiiresti-kasvavad-nutikasse-sise-ja-vesiviljelusaiakesse-1g\/"},"modified":"2026-04-26T15:46:58","modified_gmt":"2026-04-26T12:46:58","slug":"metsiku-sinepi-salatiseemned-mahedad-ja-vurtsikad-lehtrohelised-kiiresti-kasvavad-nutikasse-sise-ja-vesiviljelusaiakesse-1g","status":"publish","type":"product","link":"https:\/\/indoorgarden.ee\/et\/toode\/metsiku-sinepi-salatiseemned-mahedad-ja-vurtsikad-lehtrohelised-kiiresti-kasvavad-nutikasse-sise-ja-vesiviljelusaiakesse-1g\/","title":{"rendered":"P\u00f5ldsinepi salati seemned \u2013 pehme ja kerge teravusega leht h\u00fcdropoonikasse ja nutiaeda"},"content":{"rendered":"<h2>Rukolast:<\/h2>\n<p>Magusa, kuid kergelt v\u00fcrtsika maitsega maitsekas lehtk\u00f6\u00f6givili. Seda on lihtne kasvatada ja see on madalakasvuline, populaarne salati koostisosa ja garneering. Naudi selle \u00f5rnu lehti v\u00e4rsketes salatites, v\u00f5ileibadel v\u00f5i kergelt praetuna soojades roogades.<\/p>\n<p>See kiiresti kasvav taim sobib ideaalselt algajatele, kes soovivad kiiret ja maitsvat saaki juba m\u00f5ne n\u00e4dala jooksul.<\/p>\n<h2>Miks see sobib ideaalselt h\u00fcdropoonilistesse nutiaedadesse<\/h2>\n<p>Metsik sinepisalat \u00f5itseb h\u00e4sti nutikates siseaias\u00fcsteemides, kus kontrollitud valgus ja vesi aitavad tal kiiresti ja puhtalt kasvada. H\u00fcdropoonikas valmib see juba 3-5 n\u00e4dalaga, andes teile pidevalt v\u00e4rskeid rohelisi taimi ilma mulla ja pestitsiidideta.<\/p>\n<p>Kuna ta kasvab kompaktselt, sobib ta h\u00e4sti enamikku h\u00fcdropoonilistesse kapslitesse ja sobib ideaalselt aknalaudadele, t\u00f6\u00f6laudadele ja vertikaalsetele s\u00fcsteemidele. Aastaringse k\u00fclvi korral saad seda igap\u00e4evaselt nautida.<\/p>\n<h2>Peamised omadused<\/h2>\n<ul>\n<li>Magus ja kergelt v\u00fcrtsikas lehtroheline<\/li>\n<li>Suurep\u00e4rane salatites, v\u00f5ileibadel v\u00f5i garneeringuna.<\/li>\n<li>Madalakasvuline ja ruumi s\u00e4\u00e4stev<\/li>\n<li>Idaneb ja valmib 21-37 p\u00e4eva (3-5 n\u00e4dalat) jooksul.<\/li>\n<li>Taimede vahekaugus: 5 cm taimede vahel, 20 cm ridade vahel.<\/li>\n<li>V\u00e4lisk\u00fclv: alates varakevadest<\/li>\n<li>Nutikas aiak\u00fclv: aastaringne k\u00fclvamine siseruumides<\/li>\n<li>Kasvatab h\u00e4sti p\u00e4ikesepaistelistes kohtades v\u00f5i LED-valgustuse all.<\/li>\n<li>Br\u00e4ndi: Suvipiha<\/li>\n<\/ul>\n<h2>Saagikoristuse n\u00f5uanded<\/h2>\n<p>Korjake v\u00e4limised lehed \u00e4ra, kui need saavutavad kasutatava suuruse. Regulaarne korjamine soodustab uut kasvu<\/p>\n","protected":false},"excerpt":{"rendered":"<p>P\u00f5ldsinepi salati seemned. Pehme, kerge teravusega lehestik kasvab kiiresti, sobib salatisse ja v\u00f5ileivale. Lihtne kasvatada nii nutiaias kui idupurkides.<\/p>\n","protected":false},"featured_media":548,"comment_status":"open","ping_status":"closed","template":"","meta":[],"product_brand":[126],"product_cat":[104,93],"product_tag":[],"class_list":{"0":"post-825","1":"product","2":"type-product","3":"status-publish","4":"has-post-thumbnail","6":"product_brand-suvipiha-et","7":"product_cat-salati-ja-lehtkoogiviljade-seemned","8":"product_cat-seemned","9":"pa_indoor-garden-seeds-salatisegu","11":"first","12":"outofstock","13":"taxable","14":"shipping-taxable","15":"purchasable","16":"product-type-simple"},"jetpack_sharing_enabled":true,"jetpack-related-posts":[{"id":2186,"url":"https:\/\/indoorgarden.ee\/et\/toode\/redise-vorsete-seemned-100g-kiiresti-kasvav-supertoit-ideaalne-idandamiseks-ja-hudropooniliseks-kasvatamiseks\/","url_meta":{"origin":825,"position":0},"title":"Mikrov\u00f5rsete redise seemned 100 g \u2013 terav superfood h\u00fcdropoonikasse ja idupurkidesse","author":"admin","date":"16. nov. 2025","format":false,"excerpt":"Mikrov\u00f5rsete redise seemned 100 g. Terava maitsega mikrov\u00f5rse salatitele, v\u00f5ileibadele ja taldriku kaunistamiseks. Kiire kasv, idud valmis n\u00e4dalaga.","rel":"","context":"Similar post","block_context":{"text":"Similar post","link":""},"img":{"alt_text":"","src":"https:\/\/i0.wp.com\/indoorgarden.ee\/wp-content\/uploads\/2025\/11\/4770168921207.jpg?resize=350%2C200&ssl=1","width":350,"height":200,"srcset":"https:\/\/i0.wp.com\/indoorgarden.ee\/wp-content\/uploads\/2025\/11\/4770168921207.jpg?resize=350%2C200&ssl=1 1x, https:\/\/i0.wp.com\/indoorgarden.ee\/wp-content\/uploads\/2025\/11\/4770168921207.jpg?resize=525%2C300&ssl=1 1.5x, https:\/\/i0.wp.com\/indoorgarden.ee\/wp-content\/uploads\/2025\/11\/4770168921207.jpg?resize=700%2C400&ssl=1 2x, https:\/\/i0.wp.com\/indoorgarden.ee\/wp-content\/uploads\/2025\/11\/4770168921207.jpg?resize=1050%2C600&ssl=1 3x"},"classes":[]},{"id":1327,"url":"https:\/\/indoorgarden.ee\/et\/toode\/salati-frillice-seemned-lactuca-sativa-sugavrohelised-kortsulised-lehed-aeda-rodulehtedeks-ja-arukaks-kasvatamiseks-siseruumides-pikk-saagiperiood-1g\/","url_meta":{"origin":825,"position":1},"title":"Kr\u00f5mpsuv lehtsalat \u2018Frillice\u2019 seemned (Lactuca sativa) \u2013 s\u00fcgavrohelised kortsulised lehed aeda, r\u00f5dule ja nutiaeda 1 g","author":"admin","date":"31. juuli 2025","format":false,"excerpt":"Lehtsalati \u2018Frillice\u2019 seemned 1 g. S\u00fcgavrohelised kortsulised kr\u00f5mpsuvad lehed \u2013 pikk saagiperiood, sobib aeda, r\u00f5dule ja nutiaeda.","rel":"","context":"Similar post","block_context":{"text":"Similar post","link":""},"img":{"alt_text":"","src":"https:\/\/i0.wp.com\/indoorgarden.ee\/wp-content\/uploads\/2025\/07\/product-153257_0-L14184.jpg?resize=350%2C200&ssl=1","width":350,"height":200,"srcset":"https:\/\/i0.wp.com\/indoorgarden.ee\/wp-content\/uploads\/2025\/07\/product-153257_0-L14184.jpg?resize=350%2C200&ssl=1 1x, https:\/\/i0.wp.com\/indoorgarden.ee\/wp-content\/uploads\/2025\/07\/product-153257_0-L14184.jpg?resize=525%2C300&ssl=1 1.5x, https:\/\/i0.wp.com\/indoorgarden.ee\/wp-content\/uploads\/2025\/07\/product-153257_0-L14184.jpg?resize=700%2C400&ssl=1 2x"},"classes":[]},{"id":2241,"url":"https:\/\/indoorgarden.ee\/et\/toode\/salat-bionda-a-foglia-riccia-seemned-kiiresti-kasvav-lehtsalat-hudropooniliseks-ja-nutiaedades-kasvatamiseks\/","url_meta":{"origin":825,"position":2},"title":"Mahe lehtsalati \u2018Bionda a Foglia Riccia\u2019 seemned \u2013 kiirelt kasvav sort h\u00fcdropoonikasse ja nutiaeda","author":"admin","date":"18. nov. 2025","format":false,"excerpt":"Mahe lehtsalati \u2018Bionda a Foglia Riccia\u2019 seemned. Kiirelt kasvav, kohevate kortsuliste lehtedega sort \u2013 sobib salatisse ja v\u00f5ileivale, kasvab nutiaias ja aknalaual.","rel":"","context":"Similar post","block_context":{"text":"Similar post","link":""},"img":{"alt_text":"","src":"https:\/\/i0.wp.com\/indoorgarden.ee\/wp-content\/uploads\/2025\/11\/4770168151314.png?resize=350%2C200&ssl=1","width":350,"height":200,"srcset":"https:\/\/i0.wp.com\/indoorgarden.ee\/wp-content\/uploads\/2025\/11\/4770168151314.png?resize=350%2C200&ssl=1 1x, https:\/\/i0.wp.com\/indoorgarden.ee\/wp-content\/uploads\/2025\/11\/4770168151314.png?resize=525%2C300&ssl=1 1.5x, https:\/\/i0.wp.com\/indoorgarden.ee\/wp-content\/uploads\/2025\/11\/4770168151314.png?resize=700%2C400&ssl=1 2x"},"classes":[]},{"id":2287,"url":"https:\/\/indoorgarden.ee\/et\/toode\/aedsalat-salad-bowl-seemned-kiiresti-kasvav-lehtsalat-hudropoonikas-ja-nutiaedades-kasvatamiseks\/","url_meta":{"origin":825,"position":3},"title":"Mahe lehtsalati \u2018Salad Bowl\u2019 seemned \u2013 kiirelt kasvav sort h\u00fcdropoonikasse ja nutiaeda","author":"admin","date":"18. nov. 2025","format":false,"excerpt":"Mahe lehtsalati \u2018Salad Bowl\u2019 seemned. Kiirelt kasvav, korduvalt korjatav sort \u2013 l\u00f5ika lehed ja taim kasvab uuesti tagasi.","rel":"","context":"Similar post","block_context":{"text":"Similar post","link":""},"img":{"alt_text":"","src":"https:\/\/i0.wp.com\/indoorgarden.ee\/wp-content\/uploads\/2025\/11\/4770168151611.png?resize=350%2C200&ssl=1","width":350,"height":200},"classes":[]},{"id":1324,"url":"https:\/\/indoorgarden.ee\/et\/toode\/kaabustomat-vilma-seemned-solanum-lycopersicum-rodu-ja-sisetomatisort-kompaktne-30-40cm-taim-30g-viljad-0-2g\/","url_meta":{"origin":825,"position":4},"title":"K\u00e4\u00e4bustomati \u2018Vilma\u2019 seemned (Solanum lycopersicum) \u2013 kompaktne kirsstomati sort r\u00f5dule ja sisetingimustele","author":"admin","date":"31. juuli 2025","format":false,"excerpt":"K\u00e4\u00e4bustomati \u2018Vilma\u2019 seemned. Kompaktne 30\u201340 cm k\u00f5rgune sort, kannab punaseid kirsstomateid \u2013 sobib r\u00f5dule, aknalauale ja nutiaeda.","rel":"","context":"Similar post","block_context":{"text":"Similar post","link":""},"img":{"alt_text":"","src":"https:\/\/i0.wp.com\/indoorgarden.ee\/wp-content\/uploads\/2025\/07\/product-153226_0-L3062.jpg?resize=350%2C200&ssl=1","width":350,"height":200,"srcset":"https:\/\/i0.wp.com\/indoorgarden.ee\/wp-content\/uploads\/2025\/07\/product-153226_0-L3062.jpg?resize=350%2C200&ssl=1 1x, https:\/\/i0.wp.com\/indoorgarden.ee\/wp-content\/uploads\/2025\/07\/product-153226_0-L3062.jpg?resize=525%2C300&ssl=1 1.5x, https:\/\/i0.wp.com\/indoorgarden.ee\/wp-content\/uploads\/2025\/07\/product-153226_0-L3062.jpg?resize=700%2C400&ssl=1 2x"},"classes":[]},{"id":1338,"url":"https:\/\/indoorgarden.ee\/et\/toode\/lehtsalat-grand-rapids-pearl-gem-f1-seemned-vaga-varajane-haiguskindel-sort-smart-indoor-hydroponic-gardenile-0-5g\/","url_meta":{"origin":825,"position":5},"title":"Lehtsalati \u2018Grand Rapids Pearl Gem\u2019 F1 seemned \u2013 v\u00e4ga varajane haiguskindel sort h\u00fcdropoonikale ja nutiaeda \u2013 0,5 g","author":"admin","date":"29. juuli 2025","format":false,"excerpt":"Lehtsalati \u2018Grand Rapids Pearl Gem\u2019 F1 seemned 0,5 g. V\u00e4ga varajane, haiguskindel h\u00fcbriidsort \u2013 sobib h\u00fcdropoonikale, nutiaiale ja aknalauale.","rel":"","context":"Similar post","block_context":{"text":"Similar post","link":""},"img":{"alt_text":"","src":"https:\/\/i0.wp.com\/indoorgarden.ee\/wp-content\/uploads\/2025\/07\/product-42200_0-14058770.jpg?resize=350%2C200&ssl=1","width":350,"height":200,"srcset":"https:\/\/i0.wp.com\/indoorgarden.ee\/wp-content\/uploads\/2025\/07\/product-42200_0-14058770.jpg?resize=350%2C200&ssl=1 1x, https:\/\/i0.wp.com\/indoorgarden.ee\/wp-content\/uploads\/2025\/07\/product-42200_0-14058770.jpg?resize=525%2C300&ssl=1 1.5x, https:\/\/i0.wp.com\/indoorgarden.ee\/wp-content\/uploads\/2025\/07\/product-42200_0-14058770.jpg?resize=700%2C400&ssl=1 2x"},"classes":[]}],"_links":{"self":[{"href":"https:\/\/indoorgarden.ee\/et\/wp-json\/wp\/v2\/product\/825","targetHints":{"allow":["GET"]}}],"collection":[{"href":"https:\/\/indoorgarden.ee\/et\/wp-json\/wp\/v2\/product"}],"about":[{"href":"https:\/\/indoorgarden.ee\/et\/wp-json\/wp\/v2\/types\/product"}],"replies":[{"embeddable":true,"href":"https:\/\/indoorgarden.ee\/et\/wp-json\/wp\/v2\/comments?post=825"}],"wp:featuredmedia":[{"embeddable":true,"href":"https:\/\/indoorgarden.ee\/et\/wp-json\/wp\/v2\/media\/548"}],"wp:attachment":[{"href":"https:\/\/indoorgarden.ee\/et\/wp-json\/wp\/v2\/media?parent=825"}],"wp:term":[{"taxonomy":"product_brand","embeddable":true,"href":"https:\/\/indoorgarden.ee\/et\/wp-json\/wp\/v2\/product_brand?post=825"},{"taxonomy":"product_cat","embeddable":true,"href":"https:\/\/indoorgarden.ee\/et\/wp-json\/wp\/v2\/product_cat?post=825"},{"taxonomy":"product_tag","embeddable":true,"href":"https:\/\/indoorgarden.ee\/et\/wp-json\/wp\/v2\/product_tag?post=825"}],"curies":[{"name":"wp","href":"https:\/\/api.w.org\/{rel}","templated":true}]}}