{"id":818,"date":"2025-07-23T14:44:48","date_gmt":"2025-07-23T11:44:48","guid":{"rendered":"https:\/\/indoorgarden.ee\/product\/cayennei-tsillipipra-seemned-keskmise-varajusega-vurtsikas-sort-varskelt-voi-kuivatatult-ideaalne-nutikas-sise-ja-vesiviljelusaias-05g\/"},"modified":"2026-04-26T15:49:16","modified_gmt":"2026-04-26T12:49:16","slug":"cayennei-tsillipipra-seemned-keskmise-varajusega-vurtsikas-sort-varskelt-voi-kuivatatult-ideaalne-nutikas-sise-ja-vesiviljelusaias-05g","status":"publish","type":"product","link":"https:\/\/indoorgarden.ee\/et\/toode\/cayennei-tsillipipra-seemned-keskmise-varajusega-vurtsikas-sort-varskelt-voi-kuivatatult-ideaalne-nutikas-sise-ja-vesiviljelusaias-05g\/","title":{"rendered":"Cayenne t\u0161illipipra seemned \u2013 kerge teravusega sort v\u00e4rskeks ja kuivatamiseks \u2013 sobib h\u00fcdropoonikale ja nutiaeda"},"content":{"rendered":"<h2>Cayenne&#8217;i t\u0161illipipra kohta<\/h2>\n<p>Cayenne&#8217;i t\u0161illipipar on keskmise teravusega piprasort, mis toodab pikki, teravaid vilju, mis valmivad keskmisest rohelisest s\u00fcgavpunaseni. Cayenne&#8217;i pipar on tuntud oma julge teravuse ja rikkaliku maitse poolest ning seda kasutatakse laialdaselt roogade v\u00fcrtsitamiseks kas v\u00e4rskelt, kuivatatult, helvesteks purustatud v\u00f5i pulbriks jahvatatud kujul. <\/p>\n<p>See kompaktne sort kasvab 45-72 cm k\u00f5rgeks ja sobib kasvuhoonesse, konteinerisse, r\u00f5dule v\u00f5i aknalaudadele. \u00d5ige hoolduse ja rohke valguse korral on see nii tootlik kui ka visuaalselt silmatorkav. <\/p>\n<h2>Miks see sobib ideaalselt h\u00fcdropoonilistesse nutiaedadesse<\/h2>\n<p>T\u0161illipiprad nagu Cayenne&#8217;i pipar arenevad h\u00e4sti kontrollitud keskkonnas. H\u00fcdropoonilistes nutiaedades saate s\u00e4ilitada sooja, valgust ja toitaineid, mida t\u0161illipiparitaimed vajavad \u00f5itsemiseks ja viljade saamiseks. Aastaringne kasvatamine on v\u00f5imalik siseruumides 12-14 tundi p\u00e4evas kasvaval valgusel.  <\/p>\n<p>Kuigi piprad annavad sageli parima saagi kasvuhoonetes, on kompaktsed sordid, nagu Cayenne, h\u00e4sti kasvatatavad ka nutiaedades v\u00f5i suurtes sisekonteinerites, mis pakuvad j\u00e4tkusuutlikku v\u00f5imalust kasvatada kodus maitsvaid, kemikaalivabu t\u0161illipipraid.<\/p>\n<h2>Peamised omadused<\/h2>\n<ul>\n<li>Keskmise varajase v\u00fcrtsiga t\u0161illipipra sort<\/li>\n<li>Viljad k\u00fcpsevad rohelisest s\u00fcgavpunaseks, terava tipuga.<\/li>\n<li>Kasutatud v\u00e4rskelt, kuivatatult, helvestena v\u00f5i pulbrina maitsestamiseks<\/li>\n<li>Taime k\u00f5rgus: 45-72 cm<\/li>\n<li>Kasvuaeg: umbes 70 p\u00e4eva alates \u00fcmberistutamisest. <\/li>\n<li>Kasvab h\u00e4sti kasvuhoonetes, konteinerites ja arukates siseaedades.<\/li>\n<li>N\u00f5uab soojust, toitaineterikast mulda v\u00f5i lahust ja j\u00e4rjepidevat valgust (12-14 tundi p\u00e4evas).<\/li>\n<li>Tundlik j\u00e4rskude temperatuurimuutuste suhtes \u00f5itsemise ajal<\/li>\n<li>Br\u00e4ndi: Suvipiha<\/li>\n<\/ul>\n<h2>Kasvatamise ja saagikoristuse n\u00f5uanded<\/h2>\n<p>Alustage seemnete kasvatamist siseruumides v\u00f5i nutiaias ning tagage p\u00fcsiv soojus ja tugev valgus. P\u00e4rast k\u00fclmakraadide ohu m\u00f6\u00f6dumist istutage taimed \u00fcmber \u00f5ue v\u00f5i suuremasse potti. Korjake, kui viljad saavutavad t\u00e4ieliku v\u00e4rvuse. Regulaarne korjamine soodustab edasist viljade kasvatamist.   <\/p>\n","protected":false},"excerpt":{"rendered":"<p>Cayenne t\u0161illipipra seemned. Klassikaline keskmise teravusega sort, mis sobib v\u00e4rskeks kasutamiseks, kuivatamiseks ning oma kompaktsuse t\u00f5ttu kasvab h\u00e4sti sees nutiaias.<\/p>\n","protected":false},"featured_media":530,"comment_status":"open","ping_status":"closed","template":"","meta":[],"product_brand":[126],"product_cat":[93,94],"product_tag":[],"class_list":{"0":"post-818","1":"product","2":"type-product","3":"status-publish","4":"has-post-thumbnail","6":"product_brand-suvipiha-et","7":"product_cat-seemned","8":"product_cat-tsilli-seemned","9":"pa_indoor-garden-seeds-tsillipipar","11":"first","12":"outofstock","13":"taxable","14":"shipping-taxable","15":"purchasable","16":"product-type-simple"},"jetpack_sharing_enabled":true,"jetpack-related-posts":[{"id":1329,"url":"https:\/\/indoorgarden.ee\/et\/toode\/jalapeno-m-chili-seemned-populaarne-keskmise-teravusega-punane-pipar-potti-toiduvalmistamiseks-ja-arukate-aedade-jaoks-65-75-paeva-1g\/","url_meta":{"origin":818,"position":0},"title":"Jalape\u00f1o M t\u0161illipipra seemned \u2013 populaarne keskmise teravusega punane t\u0161illi \u2013 sobib potti, toiduvalmistamiseks ja nutiaeda","author":"admin","date":"31. juuli 2025","format":false,"excerpt":"Jalape\u00f1o M t\u0161illipipra seemned. Populaarne keskmise teravusega punane t\u0161illi \u2013 klassikaline valik nachosele, salsadele ja Mehhiko k\u00f6\u00f6gile. Kasvab h\u00e4sti potis ja nutiaias.","rel":"","context":"Similar post","block_context":{"text":"Similar post","link":""},"img":{"alt_text":"","src":"https:\/\/i0.wp.com\/indoorgarden.ee\/wp-content\/uploads\/2025\/07\/4770168125827.jpg?resize=350%2C200&ssl=1","width":350,"height":200,"srcset":"https:\/\/i0.wp.com\/indoorgarden.ee\/wp-content\/uploads\/2025\/07\/4770168125827.jpg?resize=350%2C200&ssl=1 1x, https:\/\/i0.wp.com\/indoorgarden.ee\/wp-content\/uploads\/2025\/07\/4770168125827.jpg?resize=525%2C300&ssl=1 1.5x, https:\/\/i0.wp.com\/indoorgarden.ee\/wp-content\/uploads\/2025\/07\/4770168125827.jpg?resize=700%2C400&ssl=1 2x"},"classes":[]},{"id":1334,"url":"https:\/\/indoorgarden.ee\/et\/toode\/tsillipipra-kilian-seemned-keskmise-suurusega-capsicum-annuum-potti-kasvuhoonesse-ja-valitingimustes-kasvatamiseks-8-cm-oranzid-viljad-1g\/","url_meta":{"origin":818,"position":1},"title":"T\u0161illipipra \u2018Kilian\u2019 seemned \u2013 keskvalmiv Capsicum annuum potti ja kasvuhoonesse","author":"admin","date":"31. juuli 2025","format":false,"excerpt":"T\u0161illipipra \u2018Kilian\u2019 seemned. Keskvalmiv sort 8 cm pikkuste oran\u017eide viljadega \u2013 sobib potti, kasvuhoonesse ja \u00f5ue kasvatamiseks.","rel":"","context":"Similar post","block_context":{"text":"Similar post","link":""},"img":{"alt_text":"","src":"https:\/\/i0.wp.com\/indoorgarden.ee\/wp-content\/uploads\/2025\/07\/product-153272_0-L2550.jpg?resize=350%2C200&ssl=1","width":350,"height":200,"srcset":"https:\/\/i0.wp.com\/indoorgarden.ee\/wp-content\/uploads\/2025\/07\/product-153272_0-L2550.jpg?resize=350%2C200&ssl=1 1x, https:\/\/i0.wp.com\/indoorgarden.ee\/wp-content\/uploads\/2025\/07\/product-153272_0-L2550.jpg?resize=525%2C300&ssl=1 1.5x, https:\/\/i0.wp.com\/indoorgarden.ee\/wp-content\/uploads\/2025\/07\/product-153272_0-L2550.jpg?resize=700%2C400&ssl=1 2x"},"classes":[]},{"id":1333,"url":"https:\/\/indoorgarden.ee\/et\/toode\/tsillipipra-hot-lemon-seemned-tsitruselised-capsicum-baccatum-potti-salatisse-ja-kuivatamiseks-kompaktsed-tootlikud-taimed-6-10-cm-viljad-1g\/","url_meta":{"origin":818,"position":2},"title":"T\u0161illipipra \u2018Hot Lemon\u2019 seemned \u2013 tsitruseline Capsicum baccatum potti, salsadele ja kuivatamiseks","author":"admin","date":"31. juuli 2025","format":false,"excerpt":"T\u0161illipipra \u2018Hot Lemon\u2019 seemned. Tsitrusen\u00fcansiga t\u0161illi \u2013 sobib salsadele, marinaadidele ja kuivatamiseks. Kompaktne taim, mis kannab vilja terve hooaja.","rel":"","context":"Similar post","block_context":{"text":"Similar post","link":""},"img":{"alt_text":"","src":"https:\/\/i0.wp.com\/indoorgarden.ee\/wp-content\/uploads\/2025\/07\/product-2324102_0-B71517.jpg?resize=350%2C200&ssl=1","width":350,"height":200,"srcset":"https:\/\/i0.wp.com\/indoorgarden.ee\/wp-content\/uploads\/2025\/07\/product-2324102_0-B71517.jpg?resize=350%2C200&ssl=1 1x, https:\/\/i0.wp.com\/indoorgarden.ee\/wp-content\/uploads\/2025\/07\/product-2324102_0-B71517.jpg?resize=525%2C300&ssl=1 1.5x, https:\/\/i0.wp.com\/indoorgarden.ee\/wp-content\/uploads\/2025\/07\/product-2324102_0-B71517.jpg?resize=700%2C400&ssl=1 2x"},"classes":[]},{"id":5232,"url":"https:\/\/indoorgarden.ee\/et\/toode\/mahedad-tsillipipra-cayenne-long-slim-seemned-varajane-terav-30-000-50-000-shu\/","url_meta":{"origin":818,"position":3},"title":"Mahedad t\u0161illipipra \u2018Cayenne Long Slim\u2019 seemned \u2013 varajane terav 30 000\u201350 000 SHU","author":"admin","date":"22. veebr. 2026","format":false,"excerpt":"Mahedad t\u0161illipipra \u2018Cayenne Long Slim\u2019 seemned \u2013 kvaliteetsed seemned h\u00fcdropoonikale, nutiaiale ja sisetingimuste kasvatamisele. Sobivad nii algajatele kui kogenud kasvatajatele. Kasvatamine K\u00fclva seemned otse h\u00fcdropoonika kasvuk\u00e4sna sisse v\u00f5i mullaga t\u00e4idetud potti. Hoia niiskust \u00fchtlasena kuni idanemiseni. Sobib kasvatamiseks aastaringselt kunstvalguses v\u00f5i suvel ka aknalaual. Hooldus Vajab \u00fchtlast niiskust, head valgustust\u2026","rel":"","context":"Similar post","block_context":{"text":"Similar post","link":""},"img":{"alt_text":"","src":"https:\/\/i0.wp.com\/indoorgarden.ee\/wp-content\/uploads\/2026\/02\/pepper-hot-cayenne-long-slim.png?resize=350%2C200&ssl=1","width":350,"height":200},"classes":[]},{"id":825,"url":"https:\/\/indoorgarden.ee\/et\/toode\/metsiku-sinepi-salatiseemned-mahedad-ja-vurtsikad-lehtrohelised-kiiresti-kasvavad-nutikasse-sise-ja-vesiviljelusaiakesse-1g\/","url_meta":{"origin":818,"position":4},"title":"P\u00f5ldsinepi salati seemned \u2013 pehme ja kerge teravusega leht h\u00fcdropoonikasse ja nutiaeda","author":"admin","date":"28. sept. 2025","format":false,"excerpt":"P\u00f5ldsinepi salati seemned. Pehme, kerge teravusega lehestik kasvab kiiresti, sobib salatisse ja v\u00f5ileivale. Lihtne kasvatada nii nutiaias kui idupurkides.","rel":"","context":"Similar post","block_context":{"text":"Similar post","link":""},"img":{"alt_text":"","src":"https:\/\/i0.wp.com\/indoorgarden.ee\/wp-content\/uploads\/2025\/07\/product-42186_0-14025995.jpg?resize=350%2C200&ssl=1","width":350,"height":200,"srcset":"https:\/\/i0.wp.com\/indoorgarden.ee\/wp-content\/uploads\/2025\/07\/product-42186_0-14025995.jpg?resize=350%2C200&ssl=1 1x, https:\/\/i0.wp.com\/indoorgarden.ee\/wp-content\/uploads\/2025\/07\/product-42186_0-14025995.jpg?resize=525%2C300&ssl=1 1.5x, https:\/\/i0.wp.com\/indoorgarden.ee\/wp-content\/uploads\/2025\/07\/product-42186_0-14025995.jpg?resize=700%2C400&ssl=1 2x"},"classes":[]},{"id":5239,"url":"https:\/\/indoorgarden.ee\/et\/toode\/tuline-tsillipipar-birds-eye-kompaktne-vaga-terav-sort\/","url_meta":{"origin":818,"position":5},"title":"Tuline t\u0161illipipar \u2018Birds Eye\u2019 \u2013 kompaktne v\u00e4ga terav sort","author":"admin","date":"22. veebr. 2026","format":false,"excerpt":"Tuline t\u0161illipipar \u2018Birds Eye\u2019 \u2013 kvaliteetne valik IndoorGarden-i sortimendist. Sobib sisetingimustes taimede kasvatamiseks ja taimehoolduseks. Kellele sobib Sobib taimes\u00f5pradele, kes kasvatavad sisetingimustes \u00fcrte, salatit, k\u00f6\u00f6givilju v\u00f5i toataimi. IndoorGarden-i sortimendis leiad kogu vajaliku oma sisekasvatuse jaoks. Hooldus J\u00e4rgi tootja juhiseid parimaks tulemuseks. Aastaringne saatmine \u00fcle Eesti ja eestikeelne klienditugi.","rel":"","context":"Similar post","block_context":{"text":"Similar post","link":""},"img":{"alt_text":"","src":"https:\/\/i0.wp.com\/indoorgarden.ee\/wp-content\/uploads\/2026\/02\/pepper-hot-birds-eye.jpg?resize=350%2C200&ssl=1","width":350,"height":200},"classes":[]}],"_links":{"self":[{"href":"https:\/\/indoorgarden.ee\/et\/wp-json\/wp\/v2\/product\/818","targetHints":{"allow":["GET"]}}],"collection":[{"href":"https:\/\/indoorgarden.ee\/et\/wp-json\/wp\/v2\/product"}],"about":[{"href":"https:\/\/indoorgarden.ee\/et\/wp-json\/wp\/v2\/types\/product"}],"replies":[{"embeddable":true,"href":"https:\/\/indoorgarden.ee\/et\/wp-json\/wp\/v2\/comments?post=818"}],"wp:featuredmedia":[{"embeddable":true,"href":"https:\/\/indoorgarden.ee\/et\/wp-json\/wp\/v2\/media\/530"}],"wp:attachment":[{"href":"https:\/\/indoorgarden.ee\/et\/wp-json\/wp\/v2\/media?parent=818"}],"wp:term":[{"taxonomy":"product_brand","embeddable":true,"href":"https:\/\/indoorgarden.ee\/et\/wp-json\/wp\/v2\/product_brand?post=818"},{"taxonomy":"product_cat","embeddable":true,"href":"https:\/\/indoorgarden.ee\/et\/wp-json\/wp\/v2\/product_cat?post=818"},{"taxonomy":"product_tag","embeddable":true,"href":"https:\/\/indoorgarden.ee\/et\/wp-json\/wp\/v2\/product_tag?post=818"}],"curies":[{"name":"wp","href":"https:\/\/api.w.org\/{rel}","templated":true}]}}