{"id":813,"date":"2025-07-23T14:45:20","date_gmt":"2025-07-23T11:45:20","guid":{"rendered":"https:\/\/indoorgarden.ee\/product\/letpot-smart-temperatuuri-ja-ec-arvesti-hudropoonilise-siseaia-jaoks-koos-pumbaga\/"},"modified":"2026-04-26T15:41:35","modified_gmt":"2026-04-26T12:41:35","slug":"letpot-smart-temperatuuri-ja-ec-arvesti-hudropoonilise-siseaia-jaoks-koos-pumbaga","status":"publish","type":"product","link":"https:\/\/indoorgarden.ee\/et\/toode\/letpot-smart-temperatuuri-ja-ec-arvesti-hudropoonilise-siseaia-jaoks-koos-pumbaga\/","title":{"rendered":"LetPot tark temperatuuri- ja EC-m\u00f5\u00f5dik pumbaga \u2013 h\u00fcdropoonikale"},"content":{"rendered":"<p>V\u00f5tke oma h\u00fcdropoonilise reservuaari \u00fcle t\u00e4ielik kontroll LetPoti nutika EC-meetri abil &#8211; j\u00e4lgige elektrijuhtivust ja temperatuuri reaalajas seadmes v\u00f5i LetPoti rakenduse kaudu, kasutades vastupidavaid sonde ja universaalset \u00fchilduvust.<\/p>\n<h2>Peamised eelised<\/h2>\n<ul>\n<li><strong>Reaalajas j\u00e4lgimine<\/strong>: EC (0-6000 \u00b5S\/cm) ja temperatuuri (0-100 \u00b0C) pidev j\u00e4lgimine m\u00f5\u00f5teseadmes v\u00f5i telefonis.<\/li>\n<li><strong>Kohene lugemine ja hoiatused<\/strong>: Vaadake m\u00f5\u00f5tmistulemusi v\u00e4rvikoodiga ekraanil (punane\/k\u00f5rge, roheline\/normaalne, sinine\/madal) ja saate nutikaid teateid, kui tase langeb.<\/li>\n<li><strong>App Control<\/strong>: Kohandage ideaalsed EC- ja temperatuurivahemikud taime t\u00fc\u00fcbi j\u00e4rgi, saate hoiatusi veepuuduse ja EC-vahemiku \u00fcletamise kohta ning valikuliselt saate juhtida hapnikupumpa.<\/li>\n<li><strong>Vastupidavad, pika elueaga sondid<\/strong>: Galvaniseeritud, oks\u00fcdatsioonivastased sondid p\u00fcsivad vee all kuni \u00fcks aasta; sisaldab varusondi kuni kaheaastaseks seireks.<\/li>\n<li><strong>Universaalne \u00fchilduvus<\/strong>: h\u00f5lpsasti uuendada mitte-\u00e4raste s\u00fcsteemidega v\u00f5i integreerida LetPot aedadega.<\/li>\n<\/ul>\n<h2>Omadused ja spetsifikatsioonid<\/h2>\n<table>\n<thead>\n<tr>\n<th>Funktsioon<\/th>\n<th>Detailid<\/th>\n<\/tr>\n<\/thead>\n<tbody>\n<tr>\n<td><strong>E\u00dc vahemik<\/strong><\/td>\n<td>0-6000 \u00b5S\/cm (0-6 mS\/cm), \u00b12% t\u00e4isskaala<\/td>\n<\/tr>\n<tr>\n<td><strong>Temperatuurivahemik<\/strong><\/td>\n<td>0-100 \u00b0C, \u00b10,5 \u00b0C<\/td>\n<\/tr>\n<tr>\n<td><strong>N\u00e4ita<\/strong><\/td>\n<td>V\u00e4rvikoodiga LCD ekraan: punane\/k\u00f5rge, roheline\/normaalne, sinine\/madal.<\/td>\n<\/tr>\n<tr>\n<td><strong>Sondid<\/strong><\/td>\n<td>Elektropinnatud oks\u00fcdatsioonivastane; 2 kaasas (1 varukoopia)<\/td>\n<\/tr>\n<tr>\n<td><strong>Rakenduse integreerimine<\/strong><\/td>\n<td>Live-lugemised, kohandatud tehase eelseadistused, hoiatused, valikuline pumba juhtimine<\/td>\n<\/tr>\n<tr>\n<td><strong>V\u00f5imsuse sisend<\/strong><\/td>\n<td>5 V alalisvooluga kaasasoleva adapteri kaudu<\/td>\n<\/tr>\n<\/tbody>\n<\/table>\n<h2>Mis on karbis<\/h2>\n<ul>\n<li>Smart EC Meter \u00d7 1 <small>sisaldab integreeritud pumba juhtimist<\/small><\/li>\n<li>Vastupidavad sondid \u00d7 2 (\u00fcks eelpaigaldatud, \u00fcks tagavara)<\/li>\n<li>Toiteadapter \u00d7 1<\/li>\n<li>Hapnikupump \u00d7 1<\/li>\n<\/ul>\n<h2>Kuidas see toimib<\/h2>\n<ol>\n<li><strong>Paigaldage sondid<\/strong>: Sukelduge peamine sond oma veehoidlasse; hoidke varusondid hilisemaks.<\/li>\n<li><strong>Power &amp; Pair<\/strong>: \u00dchendage m\u00f5\u00f5tja, avage LetPot App ja \u00fchendage Bluetooth v\u00f5i Wi-Fi kaudu.<\/li>\n<li><strong>Valige taime t\u00fc\u00fcp<\/strong>: Taimede, k\u00f6\u00f6giviljade, puuviljade v\u00f5i lillede jaoks valige eelseadistatud EC\/temperatuurivahemikud.<\/li>\n<li><strong>J\u00e4lgida ja reguleerida<\/strong>: Vaadake m\u00f5\u00f5teseadme v\u00f5i rakenduse n\u00e4itusid reaalajas; saate hoiatusi, kui tase kaldub k\u00f5rvale, ja lisage seej\u00e4rel toitaineid v\u00f5i reguleerige temperatuuri.<\/li>\n<li><strong>Pumba juhtimine<\/strong>: Hapnikupumba aktiveerimine rakendusest, et suurendada juurte \u00f5hutamist.<\/li>\n<\/ol>\n<h2>KKK<\/h2>\n<ul>\n<li><strong>Kas ma pean sondid puhastama?<\/strong><br \/>\nRegulaarset puhastamist ei ole vaja, v\u00e4lja arvatud juhul, kui kalibreerimist ei ole vaja uuesti kalibreerida &#8211; andurid peavad vastu oks\u00fcdeerumisele kuni \u00fche aasta jooksul vee all.<\/li>\n<li><strong>Kas ma saan seda kasutada ka muude kui LetPot-s\u00fcsteemide puhul?<\/strong><br \/>\nJah-sond sobib enamikku h\u00fcdropoonilistesse korvidesse, et uuendada vanemaid v\u00f5i DIY seadistusi.<\/li>\n<li><strong>Kas pumba versioon asendab minu s\u00fcsteemi pumpa?<\/strong><br \/>\nValige pumba versioon ainult siis, kui teie s\u00fcsteemis puudub hapnikuga varustamine; LetPot aedade juurde kuulub oma pump.<\/li>\n<\/ul>\n<p><strong>Parandage oma saaki &#8211; tellige Smart Temperature &amp; EC Meter juba t\u00e4na t\u00e4pse ja automatiseeritud toitainete juhtimise jaoks!<\/strong><\/p>\n","protected":false},"excerpt":{"rendered":"<p>Tark m\u00f5\u00f5dik, mis j\u00e4lgib h\u00fcdropoonika lahuse temperatuuri ja elektrijuhtivust (EC) reaalajas. Sisseehitatud pump tagab pideva ringluse m\u00f5\u00f5tmise t\u00e4psuseks.<\/p>\n","protected":false},"featured_media":569,"comment_status":"open","ping_status":"closed","template":"","meta":[],"product_brand":[125],"product_cat":[87,81],"product_tag":[],"class_list":{"0":"post-813","1":"product","2":"type-product","3":"status-publish","4":"has-post-thumbnail","6":"product_brand-letpot-et","7":"product_cat-testrid-ja-mooturid","8":"product_cat-aiatarvikud","10":"first","11":"outofstock","12":"taxable","13":"shipping-taxable","14":"purchasable","15":"product-type-simple"},"jetpack_sharing_enabled":true,"jetpack-related-posts":[{"id":807,"url":"https:\/\/indoorgarden.ee\/et\/toode\/letpot-nutikas-temperatuuri-ja-ec-mootja-hudropoonilise-siseaia-jaoks\/","url_meta":{"origin":813,"position":0},"title":"LetPot tark temperatuuri- ja EC-m\u00f5\u00f5dik \u2013 h\u00fcdropoonikale","author":"admin","date":"23. juuli 2025","format":false,"excerpt":"Tark m\u00f5\u00f5dik, mis j\u00e4lgib h\u00fcdropoonika lahuse temperatuuri ja elektrijuhtivust (EC) reaalajas. Andmed \u00e4pis \u2013 sa n\u00e4ed kohe, kas s\u00fcsteem t\u00f6\u00f6tab nagu vaja.","rel":"","context":"Similar post","block_context":{"text":"Similar post","link":""},"img":{"alt_text":"","src":"https:\/\/i0.wp.com\/indoorgarden.ee\/wp-content\/uploads\/2025\/07\/EC_meter_with_app.jpg?resize=350%2C200&ssl=1","width":350,"height":200,"srcset":"https:\/\/i0.wp.com\/indoorgarden.ee\/wp-content\/uploads\/2025\/07\/EC_meter_with_app.jpg?resize=350%2C200&ssl=1 1x, https:\/\/i0.wp.com\/indoorgarden.ee\/wp-content\/uploads\/2025\/07\/EC_meter_with_app.jpg?resize=525%2C300&ssl=1 1.5x, https:\/\/i0.wp.com\/indoorgarden.ee\/wp-content\/uploads\/2025\/07\/EC_meter_with_app.jpg?resize=700%2C400&ssl=1 2x, https:\/\/i0.wp.com\/indoorgarden.ee\/wp-content\/uploads\/2025\/07\/EC_meter_with_app.jpg?resize=1050%2C600&ssl=1 3x, https:\/\/i0.wp.com\/indoorgarden.ee\/wp-content\/uploads\/2025\/07\/EC_meter_with_app.jpg?resize=1400%2C800&ssl=1 4x"},"classes":[]},{"id":832,"url":"https:\/\/indoorgarden.ee\/et\/toode\/letpot-automaatne-kastmissusteem-2-0\/","url_meta":{"origin":813,"position":1},"title":"LetPot automaatne kastmiss\u00fcsteem 2.0 \u2013 kuni 20 taimele","author":"admin","date":"23. juuli 2025","format":false,"excerpt":"T\u00e4pne kontrollitud kastmine kuni 20 taimele. Seadista oma graafik (p\u00e4evad, tunnid, intervallid), j\u00e4lgi veetaset reaalajas ja saa hoiatusi \u00e4pi kaudu.","rel":"","context":"Similar post","block_context":{"text":"Similar post","link":""},"img":{"alt_text":"","src":"https:\/\/i0.wp.com\/indoorgarden.ee\/wp-content\/uploads\/2025\/07\/AutomaticWateringSystem.jpg?resize=350%2C200&ssl=1","width":350,"height":200,"srcset":"https:\/\/i0.wp.com\/indoorgarden.ee\/wp-content\/uploads\/2025\/07\/AutomaticWateringSystem.jpg?resize=350%2C200&ssl=1 1x, https:\/\/i0.wp.com\/indoorgarden.ee\/wp-content\/uploads\/2025\/07\/AutomaticWateringSystem.jpg?resize=525%2C300&ssl=1 1.5x, https:\/\/i0.wp.com\/indoorgarden.ee\/wp-content\/uploads\/2025\/07\/AutomaticWateringSystem.jpg?resize=700%2C400&ssl=1 2x"},"classes":[]},{"id":811,"url":"https:\/\/indoorgarden.ee\/et\/toode\/letpot-max-hydroponics-kasvatussusteem-21-pod-ja-2-pod-kasvatussusteem\/","url_meta":{"origin":813,"position":2},"title":"LetPot Max 21-pesaline nutiaed \u2013 t\u00e4isautomaatne premium-s\u00fcsteem \u00fcrtidele ja k\u00f6\u00f6giviljadele","author":"admin","date":"23. juuli 2025","format":false,"excerpt":"Suurim LetPot mudel: 21 taimepesa p\u00f5hitaimedele ja 2 lisapesa k\u00f5rgematele kultuuridele. T\u00e4isautomaatne kastmine, sensoritega niiskuse j\u00e4lgimine ja Wi-Fi \u00e4piga juhitavus. Sobib peredele, kes kasvatavad palju ja tahavad regulaarset saaki k\u00f6\u00f6gilauale.","rel":"","context":"Similar post","block_context":{"text":"Similar post","link":""},"img":{"alt_text":"","src":"https:\/\/i0.wp.com\/indoorgarden.ee\/wp-content\/uploads\/2025\/07\/LetPot_Max_Hydroponics_Latest_version.jpg?resize=350%2C200&ssl=1","width":350,"height":200,"srcset":"https:\/\/i0.wp.com\/indoorgarden.ee\/wp-content\/uploads\/2025\/07\/LetPot_Max_Hydroponics_Latest_version.jpg?resize=350%2C200&ssl=1 1x, https:\/\/i0.wp.com\/indoorgarden.ee\/wp-content\/uploads\/2025\/07\/LetPot_Max_Hydroponics_Latest_version.jpg?resize=525%2C300&ssl=1 1.5x, https:\/\/i0.wp.com\/indoorgarden.ee\/wp-content\/uploads\/2025\/07\/LetPot_Max_Hydroponics_Latest_version.jpg?resize=700%2C400&ssl=1 2x, https:\/\/i0.wp.com\/indoorgarden.ee\/wp-content\/uploads\/2025\/07\/LetPot_Max_Hydroponics_Latest_version.jpg?resize=1050%2C600&ssl=1 3x, https:\/\/i0.wp.com\/indoorgarden.ee\/wp-content\/uploads\/2025\/07\/LetPot_Max_Hydroponics_Latest_version.jpg?resize=1400%2C800&ssl=1 4x"},"classes":[]},{"id":1729,"url":"https:\/\/indoorgarden.ee\/et\/toode\/letpot-tugivarraste-ja-pimenduskatete-pakett\/","url_meta":{"origin":813,"position":3},"title":"LetPot tugivardad ja pimenduskatted \u2013 t\u00e4iendav komplekt","author":"admin","date":"21. aug. 2025","format":false,"excerpt":"Tugivardad ja pimenduskatted LetPot nutiaedadele. Tugivardad hoiavad k\u00f5rgemad taimed p\u00fcsti, pimenduskatted varjavad veepaagi valguse eest, et v\u00e4ltida vetikate teket.","rel":"","context":"Similar post","block_context":{"text":"Similar post","link":""},"img":{"alt_text":"Toetusvardad ja pimenduskatete pakett","src":"https:\/\/i0.wp.com\/indoorgarden.ee\/wp-content\/uploads\/2025\/08\/LetPot-Supporting-Rods-and-Blackout-Covers-Package.webp?resize=350%2C200&ssl=1","width":350,"height":200,"srcset":"https:\/\/i0.wp.com\/indoorgarden.ee\/wp-content\/uploads\/2025\/08\/LetPot-Supporting-Rods-and-Blackout-Covers-Package.webp?resize=350%2C200&ssl=1 1x, https:\/\/i0.wp.com\/indoorgarden.ee\/wp-content\/uploads\/2025\/08\/LetPot-Supporting-Rods-and-Blackout-Covers-Package.webp?resize=525%2C300&ssl=1 1.5x, https:\/\/i0.wp.com\/indoorgarden.ee\/wp-content\/uploads\/2025\/08\/LetPot-Supporting-Rods-and-Blackout-Covers-Package.webp?resize=700%2C400&ssl=1 2x, https:\/\/i0.wp.com\/indoorgarden.ee\/wp-content\/uploads\/2025\/08\/LetPot-Supporting-Rods-and-Blackout-Covers-Package.webp?resize=1050%2C600&ssl=1 3x, https:\/\/i0.wp.com\/indoorgarden.ee\/wp-content\/uploads\/2025\/08\/LetPot-Supporting-Rods-and-Blackout-Covers-Package.webp?resize=1400%2C800&ssl=1 4x"},"classes":[]},{"id":1333,"url":"https:\/\/indoorgarden.ee\/et\/toode\/tsillipipra-hot-lemon-seemned-tsitruselised-capsicum-baccatum-potti-salatisse-ja-kuivatamiseks-kompaktsed-tootlikud-taimed-6-10-cm-viljad-1g\/","url_meta":{"origin":813,"position":4},"title":"T\u0161illipipra \u2018Hot Lemon\u2019 seemned \u2013 tsitruseline Capsicum baccatum potti, salsadele ja kuivatamiseks","author":"admin","date":"31. juuli 2025","format":false,"excerpt":"T\u0161illipipra \u2018Hot Lemon\u2019 seemned. Tsitrusen\u00fcansiga t\u0161illi \u2013 sobib salsadele, marinaadidele ja kuivatamiseks. Kompaktne taim, mis kannab vilja terve hooaja.","rel":"","context":"Similar post","block_context":{"text":"Similar post","link":""},"img":{"alt_text":"","src":"https:\/\/i0.wp.com\/indoorgarden.ee\/wp-content\/uploads\/2025\/07\/product-2324102_0-B71517.jpg?resize=350%2C200&ssl=1","width":350,"height":200,"srcset":"https:\/\/i0.wp.com\/indoorgarden.ee\/wp-content\/uploads\/2025\/07\/product-2324102_0-B71517.jpg?resize=350%2C200&ssl=1 1x, https:\/\/i0.wp.com\/indoorgarden.ee\/wp-content\/uploads\/2025\/07\/product-2324102_0-B71517.jpg?resize=525%2C300&ssl=1 1.5x, https:\/\/i0.wp.com\/indoorgarden.ee\/wp-content\/uploads\/2025\/07\/product-2324102_0-B71517.jpg?resize=700%2C400&ssl=1 2x"},"classes":[]},{"id":806,"url":"https:\/\/indoorgarden.ee\/et\/toode\/letpot-senior-12-pod-hudropooniline-kasvatussusteem\/","url_meta":{"origin":813,"position":5},"title":"LetPot Senior 12-pesaline nutiaed \u2013 metallraamiga s\u00fcsteem \u00fcrtidele ja k\u00f5rgematele taimedele","author":"admin","date":"23. juuli 2025","format":false,"excerpt":"12-pesaline premium nutiaed metallraamiga, sobiv ka k\u00f5rgematele taimedele nagu tomat ja t\u0161illi. Reguleeritav LED-kasvulamp, automaatne kastmine ja Wi-Fi \u00e4piga juhitavus.","rel":"","context":"With 3 comments","block_context":{"text":"With 3 comments","link":"https:\/\/indoorgarden.ee\/et\/toode\/letpot-senior-12-pod-hudropooniline-kasvatussusteem\/#comments"},"img":{"alt_text":"","src":"https:\/\/i0.wp.com\/indoorgarden.ee\/wp-content\/uploads\/2025\/07\/LetPot_Senior_Hydroponics_Latest_version.jpg?resize=350%2C200&ssl=1","width":350,"height":200,"srcset":"https:\/\/i0.wp.com\/indoorgarden.ee\/wp-content\/uploads\/2025\/07\/LetPot_Senior_Hydroponics_Latest_version.jpg?resize=350%2C200&ssl=1 1x, https:\/\/i0.wp.com\/indoorgarden.ee\/wp-content\/uploads\/2025\/07\/LetPot_Senior_Hydroponics_Latest_version.jpg?resize=525%2C300&ssl=1 1.5x, https:\/\/i0.wp.com\/indoorgarden.ee\/wp-content\/uploads\/2025\/07\/LetPot_Senior_Hydroponics_Latest_version.jpg?resize=700%2C400&ssl=1 2x, https:\/\/i0.wp.com\/indoorgarden.ee\/wp-content\/uploads\/2025\/07\/LetPot_Senior_Hydroponics_Latest_version.jpg?resize=1050%2C600&ssl=1 3x, https:\/\/i0.wp.com\/indoorgarden.ee\/wp-content\/uploads\/2025\/07\/LetPot_Senior_Hydroponics_Latest_version.jpg?resize=1400%2C800&ssl=1 4x"},"classes":[]}],"_links":{"self":[{"href":"https:\/\/indoorgarden.ee\/et\/wp-json\/wp\/v2\/product\/813","targetHints":{"allow":["GET"]}}],"collection":[{"href":"https:\/\/indoorgarden.ee\/et\/wp-json\/wp\/v2\/product"}],"about":[{"href":"https:\/\/indoorgarden.ee\/et\/wp-json\/wp\/v2\/types\/product"}],"replies":[{"embeddable":true,"href":"https:\/\/indoorgarden.ee\/et\/wp-json\/wp\/v2\/comments?post=813"}],"wp:featuredmedia":[{"embeddable":true,"href":"https:\/\/indoorgarden.ee\/et\/wp-json\/wp\/v2\/media\/569"}],"wp:attachment":[{"href":"https:\/\/indoorgarden.ee\/et\/wp-json\/wp\/v2\/media?parent=813"}],"wp:term":[{"taxonomy":"product_brand","embeddable":true,"href":"https:\/\/indoorgarden.ee\/et\/wp-json\/wp\/v2\/product_brand?post=813"},{"taxonomy":"product_cat","embeddable":true,"href":"https:\/\/indoorgarden.ee\/et\/wp-json\/wp\/v2\/product_cat?post=813"},{"taxonomy":"product_tag","embeddable":true,"href":"https:\/\/indoorgarden.ee\/et\/wp-json\/wp\/v2\/product_tag?post=813"}],"curies":[{"name":"wp","href":"https:\/\/api.w.org\/{rel}","templated":true}]}}