{"id":806,"date":"2025-07-23T14:46:14","date_gmt":"2025-07-23T11:46:14","guid":{"rendered":"https:\/\/indoorgarden.ee\/product\/letpot-senior-12-pod-hudropooniline-kasvatussusteem\/"},"modified":"2026-04-26T15:22:06","modified_gmt":"2026-04-26T12:22:06","slug":"letpot-senior-12-pod-hudropooniline-kasvatussusteem","status":"publish","type":"product","link":"https:\/\/indoorgarden.ee\/et\/toode\/letpot-senior-12-pod-hudropooniline-kasvatussusteem\/","title":{"rendered":"LetPot Senior 12-pesaline nutiaed \u2013 metallraamiga s\u00fcsteem \u00fcrtidele ja k\u00f5rgematele taimedele"},"content":{"rendered":"<p>LetPot Senior nutiaed v\u00f5imaldab Sul nautida kodus enda kasvatatud v\u00e4rskeid maitsetaimi, k\u00f6\u00f6givilju, puuvilju ja lilli aastaringselt, olenemata p\u00e4ikesevalgusest! Nii saad kasvatada maitserohelist otse oma k\u00f6\u00f6gitasapinnal ja soodsamalt kui poest ostes.<\/p>\n<p>LetPot Senior nutiaias\u00a0saad kasvatada korraga kuni <strong data-start=\"104\" data-end=\"117\">12 taime<\/strong>\u00a0 ja t\u00e4nu h\u00fcdropoonilisele tehnoloogiale ning p\u00e4ikesevalgust imiteerivale lambile kasvavad Sinu \u00fcrdid kuni <strong>3\u00d7kiiremini<\/strong> traditsioonilise mullas kasvatamisega v\u00f5rreldes.<\/p>\n<h2>Peamised eelised<\/h2>\n<ul>\n<li><strong>T\u00e4ielik rakenduse kontroll (valikuline)<\/strong>: Kohanda valgustusgraafikuid, j\u00e4lgi veetaset, juurdep\u00e4\u00e4s kasvup\u00e4evikule LetPot \u00e4pi kaudu (iOS ja Android).<\/li>\n<li><strong>Kaksikjuhtimisv\u00f5imalused<\/strong>: LED-paneelil oleva intuitiivse puuteplaadi abil saab k\u00e4sitsi valgustuse ja pumba aktiveerida.<\/li>\n<li><strong>Aastaringne kasv<\/strong>: 24W t\u00e4isspektri LED imiteerib p\u00e4ikesevalgust k\u00f5igis kasvufaasides &#8211; kaks re\u017eiimi puuviljade ja lillede v\u00f5i k\u00f6\u00f6giviljade ja maitsetaimede jaoks.<\/li>\n<li><strong>Reguleeritav valgustus<\/strong>: 180\u00b0 p\u00f6\u00f6ratav ja eemaldatav konstruktsioon, mis sobib mis tahes taimede k\u00f5rgusele.<\/li>\n<li><strong>Vaikne ja t\u00f5hus<\/strong>: \u00dclimalt vaikne veepump t\u00f6\u00f6tab 30-minutiliste ts\u00fcklitega, et hapnikuga varustada juuri ja v\u00e4ltida juurte m\u00e4danemist.<\/li>\n<li><strong>Vastupidav ja stiilne<\/strong>: 304 roostevabast terasest pind on kulumiskindel ja n\u00e4eb igas ruumis suurep\u00e4raselt v\u00e4lja.<\/li>\n<\/ul>\n<h2>Omadused ja tehnoloogia<\/h2>\n<ul>\n<li>12 taimepesa &#8211; mulda ei ole vaja.<\/li>\n<li>T\u00f5hustatud veetaseme seire l\u00e4bipaistva poi ja madala veeseisuga seotud hoiatusteadete rakenduse kaudu<\/li>\n<li>Suur 5,5 l mahuti kestab kuni 3 n\u00e4dalat t\u00e4itmiste vahel.<\/li>\n<li>Mugav veet\u00e4iteava kiireks t\u00e4iendamiseks<\/li>\n<li>Lihtne t\u00fchjenduskorki muretut puhastamist v\u00f5imaldav stopper<\/li>\n<li>Kaasas on pistikupesa 110-240 V vahelduvvoolu sisendiga.<\/li>\n<\/ul>\n<h2>Spetsifikatsioonid<\/h2>\n<table>\n<thead>\n<tr>\n<th>Spetsifikatsioon<\/th>\n<th>\u00dcksikasjad<\/th>\n<\/tr>\n<\/thead>\n<tbody>\n<tr>\n<td><strong>Materjal<\/strong><\/td>\n<td>304 roostevaba teras ja ABS<\/td>\n<\/tr>\n<tr>\n<td><strong>M\u00f5\u00f5tmed (pikkus \u00d7 laius \u00d7 k\u00f5rgus)<\/strong><\/td>\n<td>43,2 cm \u00d7 20,3 cm \u00d7 22,9 cm<\/td>\n<\/tr>\n<tr>\n<td><strong>Kaal<\/strong><\/td>\n<td>2,7 kg<\/td>\n<\/tr>\n<tr>\n<td><strong>Mahutavus<\/strong><\/td>\n<td>12 taime<\/td>\n<\/tr>\n<tr>\n<td><strong>LED v\u00e4ljund<\/strong><\/td>\n<td>24 W (t\u00e4isspektriline)<\/td>\n<\/tr>\n<tr>\n<td><strong>Maksimaalne valgustuspaneeli k\u00f5rgus<\/strong><\/td>\n<td>53,3 cm<\/td>\n<\/tr>\n<tr>\n<td><strong>Veepaagi mahutavus<\/strong><\/td>\n<td>5,5 L<\/td>\n<\/tr>\n<tr>\n<td><strong>V\u00f5imsuse sisend<\/strong><\/td>\n<td>AC 110-240 V<\/td>\n<\/tr>\n<tr>\n<td><strong>Kaabli pikkus<\/strong><\/td>\n<td>1,5 m<\/td>\n<\/tr>\n<\/tbody>\n<\/table>\n<h2>Mis on karbis<\/h2>\n<ul>\n<li>LetPot Senior Unit \u00d7 1<\/li>\n<li>Taimepesad \u00d7 12<\/li>\n<li>Korvi komplektid \u00d7 12<\/li>\n<li>Idanemiskaitsed \u00d7 12<\/li>\n<li>Taimetoitained \u00d7 2<\/li>\n<li>Tugivardad \u00d7 12<\/li>\n<li>Varjukatted \u00d7 6<\/li>\n<li>Sildid \u00d7 6<\/li>\n<li>Valgusblokeerivad kleebised \u00d7 12<\/li>\n<li>Pistikupesa adapter \u00d7 1<\/li>\n<\/ul>\n<h2>Kuidas see t\u00f6\u00f6tab \/ seadistamine<\/h2>\n<ol>\n<li><strong>Kokkupanek ja t\u00e4itmine<\/strong>: Aseta taimepesad ja korvid taimealusesse, seej\u00e4rel t\u00e4ida 5,5-liitrine paak \u00fclemise t\u00e4itmisava kaudu.<\/li>\n<li><strong>Istutamine<\/strong>: Aseta seemned taimepesade sisse ning pane peale idanemiskatted.<\/li>\n<li><strong>\u00dchendamine ja konfigureerimine<\/strong>: \u00dchenda seade, laadi alla LetPot App ja \u00fchenda Bluetooth v\u00f5i Wi-Fi kaudu (valikuline).<\/li>\n<li><strong>Valgustuse ja pumba komplekt<\/strong>: Kasuta rakendust v\u00f5i puuteplaati kasvure\u017eiimi valimiseks, valguse\/saagi ts\u00fcklite planeerimiseks ja veepumba k\u00e4ivitamiseks.<\/li>\n<li><strong>J\u00e4lgi<\/strong>: Kontrolli veetaset poi v\u00f5i rakenduse hoiatuste kaudu.<\/li>\n<\/ol>\n<h2>Miks valida LetPot Senior?<\/h2>\n<p>LetPot Senior \u00fchendab <strong>j\u00e4tkusuutlikkuse<\/strong>, <strong>innovatsiooni<\/strong> ja <strong>kasutusmugavuse<\/strong> \u00fches k\u00f5rgekvaliteedilises s\u00fcsteemis. Kasvata v\u00e4rsked \u00fcrdid ja k\u00f6\u00f6giviljad ise! Nutikas h\u00fcdropooniline s\u00fcsteem s\u00e4\u00e4stab vett, ei vaja mulda ja v\u00e4ldib kahjulikke kemikaale \u2013 ideaalne terviseteadlikele aednikele ja sobilik kompaktsetele elamispindadele.<\/p>\n<h3>Mida kasvatavad inimesed meie nutiaedadega<\/h3>\n<p><img loading=\"lazy\" decoding=\"async\" class=\"alignnone wp-image-1114 size-large\" src=\"https:\/\/indoorgarden.ee\/wp-content\/uploads\/2025\/07\/Results-of-Indoor-Gardening-With-Hydroponic-System-At-Home-1024x576.jpg\" alt=\"Tulemused nutiaedadega koos h\u00fcdropoonilise s\u00fcsteemi kodus\" width=\"1024\" height=\"576\" srcset=\"https:\/\/indoorgarden.ee\/wp-content\/uploads\/2025\/07\/Results-of-Indoor-Gardening-With-Hydroponic-System-At-Home-1024x576.jpg 1024w, https:\/\/indoorgarden.ee\/wp-content\/uploads\/2025\/07\/Results-of-Indoor-Gardening-With-Hydroponic-System-At-Home-300x169.jpg 300w, https:\/\/indoorgarden.ee\/wp-content\/uploads\/2025\/07\/Results-of-Indoor-Gardening-With-Hydroponic-System-At-Home-768x432.jpg 768w, https:\/\/indoorgarden.ee\/wp-content\/uploads\/2025\/07\/Results-of-Indoor-Gardening-With-Hydroponic-System-At-Home-1536x864.jpg 1536w, https:\/\/indoorgarden.ee\/wp-content\/uploads\/2025\/07\/Results-of-Indoor-Gardening-With-Hydroponic-System-At-Home-600x338.jpg 600w, https:\/\/indoorgarden.ee\/wp-content\/uploads\/2025\/07\/Results-of-Indoor-Gardening-With-Hydroponic-System-At-Home.jpg 1920w\" sizes=\"auto, (max-width: 1024px) 100vw, 1024px\" \/><\/p>\n<h2>KKK<\/h2>\n<ul>\n<li><strong>Kui tihti vajab LetPot Senior vett?<\/strong><br \/>\n5,5-liitrine paak kestab tavaliselt umbes 3 n\u00e4dalat<\/li>\n<li><strong>Kas ma saan kasvatada suuri taimi?<\/strong><br \/>\nJah &#8211; valguspaneel ulatub kuni 76 cm (30 tolli) ja 12-poolne salv sobib ka k\u00f5rgemate sortide jaoks.<\/li>\n<li><strong>Kas selleks on vaja Wi-Fi?<\/strong><br \/>\nEi &#8211; valgustusre\u017eiime ja pumba ts\u00fckleid saab juhtida paneelil oleva puuteplaadi abil. Wi-Fi on vajalik ainult rakenduse kaugjuhtimise funktsioonide jaoks.<\/li>\n<li><strong>Mida ma saan kasvatada?<\/strong><br \/>\nVali erinevate taimede hulgast, sealhulgas:<\/p>\n<ul>\n<li>maitsetaimed (basiilik, till, t\u00fc\u00fcmian, petersell, piparm\u00fcnt, koriander)<\/li>\n<li>Salat ja maitseroheline (salat, spinat, lehtkapsas, rukola)<\/li>\n<li>K\u00f6\u00f6giviljad (kurk, suvik\u00f5rvits)<\/li>\n<li>Tomatid \u2013 soovitame k\u00e4\u00e4bustomateid, r\u00f5dutomateid.<\/li>\n<li>T\u0161illipiprad (jalape\u00f1o, cayenne, habanero)<\/li>\n<li>Metsmaasikad<\/li>\n<li>Lilled nt kummel, saialill (v\u00e4rske tee tegemiseks v\u00f5i lihtsalt silmailuks)<\/li>\n<\/ul>\n<\/li>\n<li><strong>Kas ma v\u00f5in kasvatada aastaringselt?<\/strong><br \/>\nJah &#8211; 24 W t\u00e4isspektriline LED-valguspaneel imiteerib loomulikku p\u00e4ikesevalgust ja t\u00f6\u00f6tab reguleeritava ajakava j\u00e4rgi, et tagada j\u00e4rjepidev kasv igal aastaajal.<\/li>\n<li><strong>Kas selleks on vaja rakendust?<\/strong><br \/>\nEi &#8211; k\u00f5ik funktsioonid on saadaval sisseehitatud puuteplaadil. LetPoti rakendus lisab kaugplaneerimise, v\u00e4hese veega seotud hoiatused, kasvuanal\u00fc\u00fcsi ja retseptide ideid.<\/li>\n<li><strong>Mida lisab veepump?<\/strong><br \/>\n\u00dclimalt vaikne pump t\u00f6\u00f6tab iga 30 minuti tagant, ringlusse lastes toitained, hapnikuga varustades juured ja v\u00e4ltides stagnatsiooni, et tagada tervislikum ja kiirem kasv.<\/li>\n<li><strong>Kui tihti pean ma t\u00e4itma?<\/strong><br \/>\nT\u00e4itke k\u00e4sitsi keskmiselt iga 3 n\u00e4dala tagant, s\u00f5ltuvalt taime t\u00fc\u00fcbist ja kasvustaadiumist.<\/li>\n<\/ul>\n<h2>LetPot&#8217;i kohta<\/h2>\n<p>LetPot on <strong>alates 2007. aastast rohkem kui 100 000 kasutaja poolt armastatud, enam kui 400 meediav\u00e4ljaandes tutvustatud ja enam kui 500 peamise arvamusliidri ja tarbija poolt rangelt testitud<\/strong> nutika aianduse br\u00e4nd, mille eesm\u00e4rk on muuta v\u00e4rskete maitsetaimede ja k\u00f6\u00f6giviljade kasvatamine lihtsaks ja nauditavaks k\u00f5igile, alates algajatest kuni kogenud rohen\u00e4ppudeni. LetPoti intuitiivsed s\u00fcsteemid, milles on enne 2019. aastal turule tulekut kasutatud \u00fcle 12 aasta agri-IoT ja nutikodu teadmisi, kombineerivad automaatset kastmist, toitainete doseerimist, vee ringlust, valguse reguleerimist ja reaalajas andurite j\u00e4lgimist, et tagada teie taimede kasvamine minimaalse vaevaga. Valmistatud BPA-vabadest, taaskasutatavatest materjalidest ning tagatud nanovetikakindla ja roostevabast terasest kattetehnoloogiaga, mis hoiab veam\u00e4\u00e4ra alla 0,1%, annab LetPot teile meelerahu koos usaldusv\u00e4\u00e4rse j\u00f5udlusega, mida v\u00f5ite usaldada.<\/p>\n","protected":false},"excerpt":{"rendered":"<p>12-pesaline premium nutiaed metallraamiga, sobiv ka k\u00f5rgematele taimedele nagu tomat ja t\u0161illi. Reguleeritav LED-kasvulamp, automaatne kastmine ja Wi-Fi \u00e4piga juhitavus.<\/p>\n","protected":false},"featured_media":646,"comment_status":"open","ping_status":"closed","template":"","meta":[],"product_brand":[125],"product_cat":[116,114],"product_tag":[],"class_list":{"0":"post-806","1":"product","2":"type-product","3":"status-publish","4":"has-post-thumbnail","6":"product_brand-letpot-et","7":"product_cat-keskmised-nutiaiad","8":"product_cat-nutiaiad","10":"first","11":"instock","12":"taxable","13":"shipping-taxable","14":"purchasable","15":"product-type-simple"},"jetpack_sharing_enabled":true,"jetpack-related-posts":[{"id":842,"url":"https:\/\/indoorgarden.ee\/et\/toode\/letpot-mini-5-pod-siseruumide-hudropooniline-aed\/","url_meta":{"origin":806,"position":0},"title":"LetPot Mini 5-pesaline nutiaed \u2013 kasvata \u00fcrte, salatit ja k\u00f6\u00f6givilja aastaringselt","author":"admin","date":"20. juuli 2025","format":false,"excerpt":"Kompaktne 5-pesaline h\u00fcdropooniline nutiaed sisseehitatud LED-kasvulambi ja automaatse kastmisega \u2013 kasvata v\u00e4rskeid \u00fcrte, salatit ja k\u00f6\u00f6givilju kodus aastaringselt. Sobib ideaalselt k\u00f6\u00f6git\u00f6\u00f6pinnale, v\u00e4ikesesse korterisse ja algajatele.","rel":"","context":"With 1 comment","block_context":{"text":"With 1 comment","link":"https:\/\/indoorgarden.ee\/et\/toode\/letpot-mini-5-pod-siseruumide-hudropooniline-aed\/#comments"},"img":{"alt_text":"","src":"https:\/\/i0.wp.com\/indoorgarden.ee\/wp-content\/uploads\/2025\/07\/971c38cdcc0396aa1801a32536b62f5.webp?resize=350%2C200&ssl=1","width":350,"height":200,"srcset":"https:\/\/i0.wp.com\/indoorgarden.ee\/wp-content\/uploads\/2025\/07\/971c38cdcc0396aa1801a32536b62f5.webp?resize=350%2C200&ssl=1 1x, https:\/\/i0.wp.com\/indoorgarden.ee\/wp-content\/uploads\/2025\/07\/971c38cdcc0396aa1801a32536b62f5.webp?resize=525%2C300&ssl=1 1.5x, https:\/\/i0.wp.com\/indoorgarden.ee\/wp-content\/uploads\/2025\/07\/971c38cdcc0396aa1801a32536b62f5.webp?resize=700%2C400&ssl=1 2x, https:\/\/i0.wp.com\/indoorgarden.ee\/wp-content\/uploads\/2025\/07\/971c38cdcc0396aa1801a32536b62f5.webp?resize=1050%2C600&ssl=1 3x, https:\/\/i0.wp.com\/indoorgarden.ee\/wp-content\/uploads\/2025\/07\/971c38cdcc0396aa1801a32536b62f5.webp?resize=1400%2C800&ssl=1 4x"},"classes":[]},{"id":2315,"url":"https:\/\/indoorgarden.ee\/et\/toode\/letpot-lph-lite-hudropooniline-kasvususteem-12-pesaline-nutiaed-api-ja-wi-fi-juhitavusega\/","url_meta":{"origin":806,"position":1},"title":"LetPot LPH-Lite 12-pesaline nutiaed \u2013 avar s\u00fcsteem \u00fcrtidele ja salatile, Wi-Fi \u00e4piga juhitav","author":"admin","date":"19. nov. 2025","format":false,"excerpt":"12-pesaline avar nutiaed soodsamas hinnaklassis. LED-kasvulamp, automaatne kastmine, Wi-Fi \u00e4piga juhitavus. Sobib neile, kes tahavad rohkem ruumi taimedele, aga ei vaja Senior-mudeli premium-detaile.","rel":"","context":"Similar post","block_context":{"text":"Similar post","link":""},"img":{"alt_text":"","src":"https:\/\/i0.wp.com\/indoorgarden.ee\/wp-content\/uploads\/2025\/11\/LetPot_LPH-Lite_Hydroponics_Growing_System_12_Pods_Smart_Herb_Garden_Kit_Indoor.webp?resize=350%2C200&ssl=1","width":350,"height":200,"srcset":"https:\/\/i0.wp.com\/indoorgarden.ee\/wp-content\/uploads\/2025\/11\/LetPot_LPH-Lite_Hydroponics_Growing_System_12_Pods_Smart_Herb_Garden_Kit_Indoor.webp?resize=350%2C200&ssl=1 1x, https:\/\/i0.wp.com\/indoorgarden.ee\/wp-content\/uploads\/2025\/11\/LetPot_LPH-Lite_Hydroponics_Growing_System_12_Pods_Smart_Herb_Garden_Kit_Indoor.webp?resize=525%2C300&ssl=1 1.5x, https:\/\/i0.wp.com\/indoorgarden.ee\/wp-content\/uploads\/2025\/11\/LetPot_LPH-Lite_Hydroponics_Growing_System_12_Pods_Smart_Herb_Garden_Kit_Indoor.webp?resize=700%2C400&ssl=1 2x, https:\/\/i0.wp.com\/indoorgarden.ee\/wp-content\/uploads\/2025\/11\/LetPot_LPH-Lite_Hydroponics_Growing_System_12_Pods_Smart_Herb_Garden_Kit_Indoor.webp?resize=1050%2C600&ssl=1 3x, https:\/\/i0.wp.com\/indoorgarden.ee\/wp-content\/uploads\/2025\/11\/LetPot_LPH-Lite_Hydroponics_Growing_System_12_Pods_Smart_Herb_Garden_Kit_Indoor.webp?resize=1400%2C800&ssl=1 4x"},"classes":[]},{"id":804,"url":"https:\/\/indoorgarden.ee\/et\/toode\/letpot-air-10-pods-hudropooniline-aiandussusteem\/","url_meta":{"origin":806,"position":2},"title":"LetPot Air 10-pesaline nutiaed \u2013 rohkem \u00fcrte, salatit ja k\u00f6\u00f6givilja korraga","author":"admin","date":"23. juuli 2025","format":false,"excerpt":"10-pesaline h\u00fcdropooniline nutiaed automaatse kastmise ja LED-kasvulambiga. Sobib peredele, kes tahavad rohkem v\u00e4rsket korraga, aga ei taha k\u00f6\u00f6gipinda kogu s\u00fcsteemile loovutada. Wi-Fi \u00e4piga juhitav.","rel":"","context":"With 1 comment","block_context":{"text":"With 1 comment","link":"https:\/\/indoorgarden.ee\/et\/toode\/letpot-air-10-pods-hudropooniline-aiandussusteem\/#comments"},"img":{"alt_text":"","src":"https:\/\/i0.wp.com\/indoorgarden.ee\/wp-content\/uploads\/2025\/07\/20250310134248.jpg?resize=350%2C200&ssl=1","width":350,"height":200,"srcset":"https:\/\/i0.wp.com\/indoorgarden.ee\/wp-content\/uploads\/2025\/07\/20250310134248.jpg?resize=350%2C200&ssl=1 1x, https:\/\/i0.wp.com\/indoorgarden.ee\/wp-content\/uploads\/2025\/07\/20250310134248.jpg?resize=525%2C300&ssl=1 1.5x, https:\/\/i0.wp.com\/indoorgarden.ee\/wp-content\/uploads\/2025\/07\/20250310134248.jpg?resize=700%2C400&ssl=1 2x, https:\/\/i0.wp.com\/indoorgarden.ee\/wp-content\/uploads\/2025\/07\/20250310134248.jpg?resize=1050%2C600&ssl=1 3x, https:\/\/i0.wp.com\/indoorgarden.ee\/wp-content\/uploads\/2025\/07\/20250310134248.jpg?resize=1400%2C800&ssl=1 4x"},"classes":[]},{"id":811,"url":"https:\/\/indoorgarden.ee\/et\/toode\/letpot-max-hydroponics-kasvatussusteem-21-pod-ja-2-pod-kasvatussusteem\/","url_meta":{"origin":806,"position":3},"title":"LetPot Max 21-pesaline nutiaed \u2013 t\u00e4isautomaatne premium-s\u00fcsteem \u00fcrtidele ja k\u00f6\u00f6giviljadele","author":"admin","date":"23. juuli 2025","format":false,"excerpt":"Suurim LetPot mudel: 21 taimepesa p\u00f5hitaimedele ja 2 lisapesa k\u00f5rgematele kultuuridele. T\u00e4isautomaatne kastmine, sensoritega niiskuse j\u00e4lgimine ja Wi-Fi \u00e4piga juhitavus. Sobib peredele, kes kasvatavad palju ja tahavad regulaarset saaki k\u00f6\u00f6gilauale.","rel":"","context":"Similar post","block_context":{"text":"Similar post","link":""},"img":{"alt_text":"","src":"https:\/\/i0.wp.com\/indoorgarden.ee\/wp-content\/uploads\/2025\/07\/LetPot_Max_Hydroponics_Latest_version.jpg?resize=350%2C200&ssl=1","width":350,"height":200,"srcset":"https:\/\/i0.wp.com\/indoorgarden.ee\/wp-content\/uploads\/2025\/07\/LetPot_Max_Hydroponics_Latest_version.jpg?resize=350%2C200&ssl=1 1x, https:\/\/i0.wp.com\/indoorgarden.ee\/wp-content\/uploads\/2025\/07\/LetPot_Max_Hydroponics_Latest_version.jpg?resize=525%2C300&ssl=1 1.5x, https:\/\/i0.wp.com\/indoorgarden.ee\/wp-content\/uploads\/2025\/07\/LetPot_Max_Hydroponics_Latest_version.jpg?resize=700%2C400&ssl=1 2x, https:\/\/i0.wp.com\/indoorgarden.ee\/wp-content\/uploads\/2025\/07\/LetPot_Max_Hydroponics_Latest_version.jpg?resize=1050%2C600&ssl=1 3x, https:\/\/i0.wp.com\/indoorgarden.ee\/wp-content\/uploads\/2025\/07\/LetPot_Max_Hydroponics_Latest_version.jpg?resize=1400%2C800&ssl=1 4x"},"classes":[]},{"id":805,"url":"https:\/\/indoorgarden.ee\/et\/toode\/letpot-200-tk-hudropoonikasusteemi-asendussammast-sobib-max-senior-air-jaoks\/","url_meta":{"origin":806,"position":4},"title":"LetPot 200 tk asenduskasvuk\u00e4snade komplekt \u2013 LetPot Max, Senior, Air, Lite mudelitele","author":"admin","date":"23. juuli 2025","format":false,"excerpt":"200-osaline asenduskomplekt: 100 turbap\u00f5hist kasvuk\u00e4sna ja 100 valgust blokeerivat kleepsu LetPot Max, Senior, Air ja Lite mudelitele. Sobib ka AeroGardeni ja iDOO s\u00fcsteemidesse.","rel":"","context":"Similar post","block_context":{"text":"Similar post","link":""},"img":{"alt_text":"","src":"https:\/\/i0.wp.com\/indoorgarden.ee\/wp-content\/uploads\/2025\/07\/200Pcs_LetPot_Grow_Sponges.jpg?resize=350%2C200&ssl=1","width":350,"height":200,"srcset":"https:\/\/i0.wp.com\/indoorgarden.ee\/wp-content\/uploads\/2025\/07\/200Pcs_LetPot_Grow_Sponges.jpg?resize=350%2C200&ssl=1 1x, https:\/\/i0.wp.com\/indoorgarden.ee\/wp-content\/uploads\/2025\/07\/200Pcs_LetPot_Grow_Sponges.jpg?resize=525%2C300&ssl=1 1.5x"},"classes":[]},{"id":830,"url":"https:\/\/indoorgarden.ee\/et\/toode\/letpot-hudropoonikasusteemi-kasvav-voregaja-letpot-senior-jaoks\/","url_meta":{"origin":806,"position":5},"title":"LetPot taimetugi LetPot Senior-ile \u2013 k\u00f5rgematele taimedele","author":"admin","date":"23. juuli 2025","format":false,"excerpt":"Reguleeritav taimetugi LetPot Senior nutiaiale. Sobib tomatitele, t\u0161illile ja k\u00f5rgematele \u00fcrtidele, mis vajavad kasvades tuge.","rel":"","context":"Similar post","block_context":{"text":"Similar post","link":""},"img":{"alt_text":"","src":"https:\/\/i0.wp.com\/indoorgarden.ee\/wp-content\/uploads\/2025\/07\/LPH_SE_Growing_Trellis_Stand.jpg?resize=350%2C200&ssl=1","width":350,"height":200,"srcset":"https:\/\/i0.wp.com\/indoorgarden.ee\/wp-content\/uploads\/2025\/07\/LPH_SE_Growing_Trellis_Stand.jpg?resize=350%2C200&ssl=1 1x, https:\/\/i0.wp.com\/indoorgarden.ee\/wp-content\/uploads\/2025\/07\/LPH_SE_Growing_Trellis_Stand.jpg?resize=525%2C300&ssl=1 1.5x, https:\/\/i0.wp.com\/indoorgarden.ee\/wp-content\/uploads\/2025\/07\/LPH_SE_Growing_Trellis_Stand.jpg?resize=700%2C400&ssl=1 2x, https:\/\/i0.wp.com\/indoorgarden.ee\/wp-content\/uploads\/2025\/07\/LPH_SE_Growing_Trellis_Stand.jpg?resize=1050%2C600&ssl=1 3x, https:\/\/i0.wp.com\/indoorgarden.ee\/wp-content\/uploads\/2025\/07\/LPH_SE_Growing_Trellis_Stand.jpg?resize=1400%2C800&ssl=1 4x"},"classes":[]}],"_links":{"self":[{"href":"https:\/\/indoorgarden.ee\/et\/wp-json\/wp\/v2\/product\/806","targetHints":{"allow":["GET"]}}],"collection":[{"href":"https:\/\/indoorgarden.ee\/et\/wp-json\/wp\/v2\/product"}],"about":[{"href":"https:\/\/indoorgarden.ee\/et\/wp-json\/wp\/v2\/types\/product"}],"replies":[{"embeddable":true,"href":"https:\/\/indoorgarden.ee\/et\/wp-json\/wp\/v2\/comments?post=806"}],"wp:featuredmedia":[{"embeddable":true,"href":"https:\/\/indoorgarden.ee\/et\/wp-json\/wp\/v2\/media\/646"}],"wp:attachment":[{"href":"https:\/\/indoorgarden.ee\/et\/wp-json\/wp\/v2\/media?parent=806"}],"wp:term":[{"taxonomy":"product_brand","embeddable":true,"href":"https:\/\/indoorgarden.ee\/et\/wp-json\/wp\/v2\/product_brand?post=806"},{"taxonomy":"product_cat","embeddable":true,"href":"https:\/\/indoorgarden.ee\/et\/wp-json\/wp\/v2\/product_cat?post=806"},{"taxonomy":"product_tag","embeddable":true,"href":"https:\/\/indoorgarden.ee\/et\/wp-json\/wp\/v2\/product_tag?post=806"}],"curies":[{"name":"wp","href":"https:\/\/api.w.org\/{rel}","templated":true}]}}