{"id":804,"date":"2025-07-23T14:46:04","date_gmt":"2025-07-23T11:46:04","guid":{"rendered":"https:\/\/indoorgarden.ee\/product\/letpot-air-10-pods-hudropooniline-aiandussusteem\/"},"modified":"2026-05-11T20:22:56","modified_gmt":"2026-05-11T17:22:56","slug":"letpot-air-10-pods-hudropooniline-aiandussusteem","status":"publish","type":"product","link":"https:\/\/indoorgarden.ee\/et\/toode\/letpot-air-10-pods-hudropooniline-aiandussusteem\/","title":{"rendered":"LetPot Air 10-pesaline nutiaed \u2013 rohkem \u00fcrte, salatit ja k\u00f6\u00f6givilja korraga"},"content":{"rendered":"<p>LetPot Air nutiaed v\u00f5imaldab Sul nautida kodus <strong>enda kasvatatud<\/strong> v\u00e4rskeid maitsetaimi, k\u00f6\u00f6givilju, puuvilju ja lilli aastaringselt, olenemata p\u00e4ikesevalgusest! Saad kasvatada maitserohelist <strong>otse oma k\u00f6\u00f6gitasapinnal<\/strong> ja <strong>soodsamalt kui poest<\/strong> ostes. LetPot Air nutiaias saad kasvatada korraga <strong data-start=\"104\" data-end=\"117\">kuni 10 taime<\/strong> ja t\u00e4nu h\u00fcdropoonilisele tehnoloogiale ning p\u00e4ikesevalgust imiteerivale lambile kasvavad Sinu \u00fcrdid <strong>kuni 3\u00d7kiiremini<\/strong> traditsioonilise mullas kasvatamisega v\u00f5rreldes.<\/p>\n<p>LetPot Air h\u00fcdropooniline nutiaed on rakenduse abil juhitav nutipott \u2013 saad \u00fclevaate taimede heaolust, juhtida ja reguleerida valgust ja palju muud<\/p>\n<h2>Peamised eelised<\/h2>\n<ul>\n<li><strong>Algaja-s\u00f5bralik<\/strong>: Ilma mullata, ei mingit segadust, ei vaja eelnevat kogemust.<\/li>\n<li><strong>Kaugjuhtimine ja k\u00e4sitsi juhtimine<\/strong>: Kasuta LetPot rakendust (iOS ja Android) v\u00f5i LED-paneelil olevat puuteplaati valgusre\u017eiimide ja pumba juhtimiseks.<\/li>\n<li><strong>Optimeeritud kasv<\/strong>: 24 W t\u00e4isspektri LED kahe re\u017eiimiga (puuviljad ja lilled\/k\u00f6\u00f6giviljad ja maitsetaimed) tagab t\u00e4iusliku valguse igal aastaajal.<\/li>\n<li><strong>Vaikne hapnikuga varustamine<\/strong>: \u00dclimalt vaikne veepump t\u00f6\u00f6tab 30-minutiliste ts\u00fcklitega, mis tagab terved juured ilma suurt m\u00fcra tekitamata.<\/li>\n<li><strong>Vett s\u00e4\u00e4stev disain<\/strong>: LetPot App hoiatab Sind, kui veetase on madal.<\/li>\n<li><strong>K\u00f5ik on komplektis<\/strong>: K\u00f5ik, mida vajad on juba kaasas (v\u00e4lja arvatud seemned) 10 taime alus, korvikomplektid, toitained, katted, tugivardad, sildid ja kleebised.<\/li>\n<\/ul>\n<h2>Kuidas h\u00fcdropoonika toimib<\/h2>\n<p>T\u00e4nu h\u00fcdropoonilisele tehnoloogiale j\u00f5uavad toitained vee kaudu otse taimede juurtesse, mulda vajamata ja see kiirendab taimede kasvu<strong> 2-3korda <\/strong>&#8211; taimel pole vajadust kulutada energiat l\u00e4bi mulla toitaineteni j\u00f5udmiseks, kogu energia suunatakse kasvule. Hapnikurikas vesi hoiab juured terved, samas kui t\u00e4isspektri LED-lambid simuleerivad p\u00e4ikesevalgust &#8211; nii kasvavad Sinu taimed kiiremini, kasutavad v\u00e4hem vett ja p\u00fcsivad puhtamad kui mullaga kasvatamisel.<\/p>\n<h2>Omadused ja tehnoloogia<\/h2>\n<ul>\n<li>10 h\u00fcdropoonilist korvi koos taimepesadega &#8211; ei mingit mustust, ei mingit mulda.<\/li>\n<li>Rakenduse abil juhitav valguse ja pumba ajakava koos t\u00e4psete sisse- ja v\u00e4ljal\u00fclitusaegadega.<\/li>\n<li>F\u00fc\u00fcsiline puuteplaat 17\u2033 LED-paneelil, mis v\u00f5imaldab koheseid manuaalseid \u00fcmberl\u00fclitusi.<\/li>\n<li>Reguleeritav valgustuspaneeli k\u00f5rgus kuni 43cm k\u00f5igi kasvuetappide jaoks.<\/li>\n<li>L\u00e4bipaistev veetaseme aken pluss madala veetaseme teavitused.<\/li>\n<li>\u00dclalt t\u00e4idetav ava ja h\u00f5lpsasti t\u00fchjendatav korgi lihtsaks hoolduseks.<\/li>\n<\/ul>\n<h2>Spetsifikatsioonid<\/h2>\n<table>\n<thead>\n<tr>\n<th>Spetsifikatsioon<\/th>\n<th>\u00dcksikasjad<\/th>\n<\/tr>\n<\/thead>\n<tbody>\n<tr>\n<td><strong>Materjal<\/strong><\/td>\n<td>ABS<\/td>\n<\/tr>\n<tr>\n<td><strong>Pakendi m\u00f5\u00f5tmed (pikkus \u00d7 laius \u00d7 k\u00f5rgus)<\/strong><\/td>\n<td>43,0 cm \u00d7 19,0 cm \u00d7 13,0 cm<\/td>\n<\/tr>\n<tr>\n<td><strong>Kaal<\/strong><\/td>\n<td>1,7 kg<\/td>\n<\/tr>\n<tr>\n<td><strong>Kaasiku mahutavus<\/strong><\/td>\n<td>10 kapslit<\/td>\n<\/tr>\n<tr>\n<td><strong>LED v\u00e4ljund<\/strong><\/td>\n<td>24 W (t\u00e4isspektriline)<\/td>\n<\/tr>\n<tr>\n<td><strong>Maksimaalne paneeli k\u00f5rgus<\/strong><\/td>\n<td>43,2 cm<\/td>\n<\/tr>\n<tr>\n<td><strong>Veehoidla mahutavus<\/strong><\/td>\n<td>4 L<\/td>\n<\/tr>\n<tr>\n<td><strong>V\u00f5imsuse sisend<\/strong><\/td>\n<td>VAHELDUVVOOL 110-240 V, ALALISVOOL 24 V<\/td>\n<\/tr>\n<tr>\n<td><strong>Kaabli pikkus<\/strong><\/td>\n<td>1,50 m<\/td>\n<\/tr>\n<\/tbody>\n<\/table>\n<h2>Mis on karbis<\/h2>\n<ul>\n<li>LetPot Air seade \u00d7 1<\/li>\n<li>Taimepesad \u00d7 10<\/li>\n<li>Korvi komplektid \u00d7 10<\/li>\n<li>Idanemine Kaaned \u00d7 10<\/li>\n<li>Taimetoitained A ja B \u00d7 2<\/li>\n<li>Tugivardad \u00d7 10<\/li>\n<li>Varjukatted \u00d7 6<\/li>\n<li>Sildid \u00d7 6<\/li>\n<li>Valgusblokeerivad kleebised \u00d7 10<\/li>\n<li>Pistikupesa adapter \u00d7 1<\/li>\n<\/ul>\n<h2>Kuidas see t\u00f6\u00f6tab \/ seadistamine<\/h2>\n<ol>\n<li><strong>Kokkupanek ja t\u00e4itmine<\/strong>: Aseta taimepesad ja korvid taimealusele, seej\u00e4rel t\u00e4ida 4 l mahuti \u00fclemise t\u00e4itmisava abil.<\/li>\n<li><strong>Istuta<\/strong>: Aseta seemned taimepesadesse (1-3 seemet) ja kata idanemiskattega.<\/li>\n<li><strong>\u00dchenda app (valikuline)<\/strong>: \u00dchenda seade, laadi alla LetPoti rakendus ja \u00fchenda see Bluetoothi v\u00f5i Wi-Fi kaudu.<\/li>\n<li><strong>M\u00e4\u00e4ra ajakava ja re\u017eiimid<\/strong>: Kasuta rakendust v\u00f5i puuteplaati, et valida puuviljade ja lillede v\u00f5i k\u00f6\u00f6giviljade ja maitsetaimede re\u017eiimi vahel ning planeerida valguse\/pumba ts\u00fckleid.<\/li>\n<li><strong>J\u00e4lgi ja korja saaki<\/strong>: J\u00e4lgi veetaset akna v\u00f5i rakenduse hoiatuse kaudu. Korja saaki juba 4-6 n\u00e4dala jooksul.<\/li>\n<\/ol>\n<h2>Miks valida LetPot Air?<\/h2>\n<p>LetPot Air \u00fchendab <strong>j\u00e4tkusuutlikkuse<\/strong>, <strong>innovatsiooni<\/strong> ja <strong>kasutusmugavuse<\/strong> elegantses ja kompaktses disainis. Kasvata kuni 10 taime korraga kulutatades 90% v\u00e4hem vett, ilma mulla ja kahjulike kemikaalideta. LetPot Air sobib ideaalselt nii algajatele kui ka kogenud aednikele ja muudab siseruumide aianduse r\u00f5\u00f5msaks ja stressivabaks kogemuseks.<\/p>\n<h3>Mida kasvatavad inimesed meie nutiaedadega<\/h3>\n<p><img loading=\"lazy\" decoding=\"async\" class=\"alignnone wp-image-1114 size-large\" src=\"https:\/\/indoorgarden.ee\/wp-content\/uploads\/2025\/07\/Results-of-Indoor-Gardening-With-Hydroponic-System-At-Home-1024x576.jpg\" alt=\"Tulemused nutiaedadega koos h\u00fcdropoonilise s\u00fcsteemi kodus\" width=\"1024\" height=\"576\" srcset=\"https:\/\/indoorgarden.ee\/wp-content\/uploads\/2025\/07\/Results-of-Indoor-Gardening-With-Hydroponic-System-At-Home-1024x576.jpg 1024w, https:\/\/indoorgarden.ee\/wp-content\/uploads\/2025\/07\/Results-of-Indoor-Gardening-With-Hydroponic-System-At-Home-300x169.jpg 300w, https:\/\/indoorgarden.ee\/wp-content\/uploads\/2025\/07\/Results-of-Indoor-Gardening-With-Hydroponic-System-At-Home-768x432.jpg 768w, https:\/\/indoorgarden.ee\/wp-content\/uploads\/2025\/07\/Results-of-Indoor-Gardening-With-Hydroponic-System-At-Home-1536x864.jpg 1536w, https:\/\/indoorgarden.ee\/wp-content\/uploads\/2025\/07\/Results-of-Indoor-Gardening-With-Hydroponic-System-At-Home-600x338.jpg 600w, https:\/\/indoorgarden.ee\/wp-content\/uploads\/2025\/07\/Results-of-Indoor-Gardening-With-Hydroponic-System-At-Home.jpg 1920w\" sizes=\"auto, (max-width: 1024px) 100vw, 1024px\" \/><\/p>\n<h2>KKK<\/h2>\n<ul>\n<li><strong>Kui tihti vajab LetPot Air vett?<\/strong><br \/>\n4-liitrine paak kestab tavaliselt 14-21 p\u00e4eva<\/li>\n<li><strong>Kas ma saan kasvatada suuri taimi?<\/strong><br \/>\nJah &#8211; LED-paneel ulatub kuni 43 cm (17 tolli), mis annab k\u00f5rgematele sortidele kasvuruumi.<\/li>\n<li><strong>Kas selleks on vaja Wi-Fi?<\/strong><br \/>\nEi &#8211; k\u00f5ik valgusre\u017eiimid ja pumba juhtimisseadmed on saadaval sisseehitatud puuteplaadil. Wi-Fi on vajalik ainult rakenduse funktsioonide kasutamiseks.<\/li>\n<li><strong>Mida ma saan kasvatada?<\/strong><br \/>\nVali erinevate taimede hulgast, sealhulgas:<\/p>\n<ul>\n<li>maitsetaimed (basiilik, till, t\u00fc\u00fcmian, petersell, piparm\u00fcnt, koriander)<\/li>\n<li>Salat ja maitseroheline (salat, spinat, lehtkapsas, rukola)<\/li>\n<li>K\u00f6\u00f6giviljad (kurk, suvik\u00f5rvits) \u2013 soovitame suuremat mudelit!<\/li>\n<li>Tomatid \u2013 soovitame suuremat mudelit!<\/li>\n<li>T\u0161illipiprad (jalape\u00f1o, cayenne, habanero) &#8211; soovitame suuremat mudelit!<\/li>\n<li>Metsmaasikad<\/li>\n<li>Lilled nt kummel, saialill (v\u00e4rske tee tegemiseks v\u00f5i lihtsalt silmailuks)<\/li>\n<\/ul>\n<\/li>\n<li><strong>Kas ma v\u00f5in kasvatada aastaringselt?<\/strong><br \/>\nJah &#8211; 24 W t\u00e4isspektriline LED-valguspaneel imiteerib loomulikku p\u00e4ikesevalgust ja t\u00f6\u00f6tab reguleeritava graafiku alusel, tagades \u00fchtlase kasvu igal aastaajal.<\/li>\n<li><strong>Kas selleks on vaja rakendust?<\/strong><br \/>\nEi &#8211; puuteplaat pakub t\u00e4ielikku kohalikku juhtimist. LetPoti rakendus lisab kaugplaneerimise, hoiatused madala veevarustuse kohta, kasvuanal\u00fc\u00fcsi ja retseptisoovitused.<\/li>\n<li><strong>Mida lisab veepump?<\/strong><br \/>\n\u00dclimalt vaikne pump t\u00f6\u00f6tab iga 30 minuti tagant, ringlusse lastes toitained, hapnikuga varustades juured ja v\u00e4ltides stagnatsiooni, et tagada tervislikum ja kiirem kasv.<\/li>\n<li><strong>Kui tihti pean ma t\u00e4itma?<\/strong><br \/>\nT\u00e4ida k\u00e4sitsi keskmiselt iga 14-21 p\u00e4eva j\u00e4rel, s\u00f5ltuvalt taimede t\u00fc\u00fcbist ja kasvufaasist.<\/li>\n<\/ul>\n<h2>LetPot&#8217;i kohta<\/h2>\n<p>LetPot on <strong>alates 2007. aastast rohkem kui 100 000 kasutaja poolt armastatud, enam kui 400 meediav\u00e4ljaandes tutvustatud ja enam kui 500 peamise arvamusliidri ja tarbija poolt rangelt testitud<\/strong> nutika aianduse br\u00e4nd, mille eesm\u00e4rk on muuta v\u00e4rskete maitsetaimede ja k\u00f6\u00f6giviljade kasvatamine lihtsaks ja nauditavaks k\u00f5igile, alates algajatest kuni kogenud rohen\u00e4ppudeni. LetPoti intuitiivsed s\u00fcsteemid, milles on enne 2019. aastal turule tulekut kasutatud \u00fcle 12 aasta agri-IoT ja nutikodu teadmisi, kombineerivad automaatset kastmist, toitainete doseerimist, vee ringlust, valguse reguleerimist ja reaalajas andurite j\u00e4lgimist, et tagada teie taimede kasvamine minimaalse vaevaga. Valmistatud BPA-vabadest, taaskasutatavatest materjalidest ning tagatud nanovetikakindla ja roostevabast terasest kattetehnoloogiaga, mis hoiab veam\u00e4\u00e4ra alla 0,1%, annab LetPot teile meelerahu koos usaldusv\u00e4\u00e4rse j\u00f5udlusega, mida v\u00f5ite usaldada.<\/p>\n<p><strong>Telli oma LetPot Air 10-pod h\u00fcdropooniline aianduss\u00fcsteem juba t\u00e4na ja naudi v\u00e4rskeid, kodus kasvatatud tooteid aastaringselt!<\/strong><\/p>\n","protected":false},"excerpt":{"rendered":"<p>10-pesaline h\u00fcdropooniline nutiaed automaatse kastmise ja LED-kasvulambiga. Sobib peredele, kes tahavad rohkem v\u00e4rsket korraga, aga ei taha k\u00f6\u00f6gipinda kogu s\u00fcsteemile loovutada. Wi-Fi \u00e4piga juhitav.<\/p>\n","protected":false},"featured_media":633,"comment_status":"open","ping_status":"closed","template":"","meta":[],"product_brand":[125],"product_cat":[116,114],"product_tag":[],"class_list":{"0":"post-804","1":"product","2":"type-product","3":"status-publish","4":"has-post-thumbnail","6":"product_brand-letpot-et","7":"product_cat-keskmised-nutiaiad","8":"product_cat-nutiaiad","10":"first","11":"instock","12":"taxable","13":"shipping-taxable","14":"purchasable","15":"product-type-simple"},"jetpack_sharing_enabled":true,"jetpack-related-posts":[{"id":842,"url":"https:\/\/indoorgarden.ee\/et\/toode\/letpot-mini-5-pod-siseruumide-hudropooniline-aed\/","url_meta":{"origin":804,"position":0},"title":"LetPot Mini 5-pesaline nutiaed \u2013 kasvata \u00fcrte, salatit ja k\u00f6\u00f6givilja aastaringselt","author":"admin","date":"20. juuli 2025","format":false,"excerpt":"Kompaktne 5-pesaline h\u00fcdropooniline nutiaed sisseehitatud LED-kasvulambi ja automaatse kastmisega \u2013 kasvata v\u00e4rskeid \u00fcrte, salatit ja k\u00f6\u00f6givilju kodus aastaringselt. Sobib ideaalselt k\u00f6\u00f6git\u00f6\u00f6pinnale, v\u00e4ikesesse korterisse ja algajatele.","rel":"","context":"With 1 comment","block_context":{"text":"With 1 comment","link":"https:\/\/indoorgarden.ee\/et\/toode\/letpot-mini-5-pod-siseruumide-hudropooniline-aed\/#comments"},"img":{"alt_text":"","src":"https:\/\/i0.wp.com\/indoorgarden.ee\/wp-content\/uploads\/2025\/07\/971c38cdcc0396aa1801a32536b62f5.webp?resize=350%2C200&ssl=1","width":350,"height":200,"srcset":"https:\/\/i0.wp.com\/indoorgarden.ee\/wp-content\/uploads\/2025\/07\/971c38cdcc0396aa1801a32536b62f5.webp?resize=350%2C200&ssl=1 1x, https:\/\/i0.wp.com\/indoorgarden.ee\/wp-content\/uploads\/2025\/07\/971c38cdcc0396aa1801a32536b62f5.webp?resize=525%2C300&ssl=1 1.5x, https:\/\/i0.wp.com\/indoorgarden.ee\/wp-content\/uploads\/2025\/07\/971c38cdcc0396aa1801a32536b62f5.webp?resize=700%2C400&ssl=1 2x, https:\/\/i0.wp.com\/indoorgarden.ee\/wp-content\/uploads\/2025\/07\/971c38cdcc0396aa1801a32536b62f5.webp?resize=1050%2C600&ssl=1 3x, https:\/\/i0.wp.com\/indoorgarden.ee\/wp-content\/uploads\/2025\/07\/971c38cdcc0396aa1801a32536b62f5.webp?resize=1400%2C800&ssl=1 4x"},"classes":[]},{"id":806,"url":"https:\/\/indoorgarden.ee\/et\/toode\/letpot-senior-12-pod-hudropooniline-kasvatussusteem\/","url_meta":{"origin":804,"position":1},"title":"LetPot Senior 12-pesaline nutiaed \u2013 metallraamiga s\u00fcsteem \u00fcrtidele ja k\u00f5rgematele taimedele","author":"admin","date":"23. juuli 2025","format":false,"excerpt":"12-pesaline premium nutiaed metallraamiga, sobiv ka k\u00f5rgematele taimedele nagu tomat ja t\u0161illi. Reguleeritav LED-kasvulamp, automaatne kastmine ja Wi-Fi \u00e4piga juhitavus.","rel":"","context":"With 3 comments","block_context":{"text":"With 3 comments","link":"https:\/\/indoorgarden.ee\/et\/toode\/letpot-senior-12-pod-hudropooniline-kasvatussusteem\/#comments"},"img":{"alt_text":"","src":"https:\/\/i0.wp.com\/indoorgarden.ee\/wp-content\/uploads\/2025\/07\/LetPot_Senior_Hydroponics_Latest_version.jpg?resize=350%2C200&ssl=1","width":350,"height":200,"srcset":"https:\/\/i0.wp.com\/indoorgarden.ee\/wp-content\/uploads\/2025\/07\/LetPot_Senior_Hydroponics_Latest_version.jpg?resize=350%2C200&ssl=1 1x, https:\/\/i0.wp.com\/indoorgarden.ee\/wp-content\/uploads\/2025\/07\/LetPot_Senior_Hydroponics_Latest_version.jpg?resize=525%2C300&ssl=1 1.5x, https:\/\/i0.wp.com\/indoorgarden.ee\/wp-content\/uploads\/2025\/07\/LetPot_Senior_Hydroponics_Latest_version.jpg?resize=700%2C400&ssl=1 2x, https:\/\/i0.wp.com\/indoorgarden.ee\/wp-content\/uploads\/2025\/07\/LetPot_Senior_Hydroponics_Latest_version.jpg?resize=1050%2C600&ssl=1 3x, https:\/\/i0.wp.com\/indoorgarden.ee\/wp-content\/uploads\/2025\/07\/LetPot_Senior_Hydroponics_Latest_version.jpg?resize=1400%2C800&ssl=1 4x"},"classes":[]},{"id":2315,"url":"https:\/\/indoorgarden.ee\/et\/toode\/letpot-lph-lite-hudropooniline-kasvususteem-12-pesaline-nutiaed-api-ja-wi-fi-juhitavusega\/","url_meta":{"origin":804,"position":2},"title":"LetPot LPH-Lite 12-pesaline nutiaed \u2013 avar s\u00fcsteem \u00fcrtidele ja salatile, Wi-Fi \u00e4piga juhitav","author":"admin","date":"19. nov. 2025","format":false,"excerpt":"12-pesaline avar nutiaed soodsamas hinnaklassis. LED-kasvulamp, automaatne kastmine, Wi-Fi \u00e4piga juhitavus. Sobib neile, kes tahavad rohkem ruumi taimedele, aga ei vaja Senior-mudeli premium-detaile.","rel":"","context":"Similar post","block_context":{"text":"Similar post","link":""},"img":{"alt_text":"","src":"https:\/\/i0.wp.com\/indoorgarden.ee\/wp-content\/uploads\/2025\/11\/LetPot_LPH-Lite_Hydroponics_Growing_System_12_Pods_Smart_Herb_Garden_Kit_Indoor.webp?resize=350%2C200&ssl=1","width":350,"height":200,"srcset":"https:\/\/i0.wp.com\/indoorgarden.ee\/wp-content\/uploads\/2025\/11\/LetPot_LPH-Lite_Hydroponics_Growing_System_12_Pods_Smart_Herb_Garden_Kit_Indoor.webp?resize=350%2C200&ssl=1 1x, https:\/\/i0.wp.com\/indoorgarden.ee\/wp-content\/uploads\/2025\/11\/LetPot_LPH-Lite_Hydroponics_Growing_System_12_Pods_Smart_Herb_Garden_Kit_Indoor.webp?resize=525%2C300&ssl=1 1.5x, https:\/\/i0.wp.com\/indoorgarden.ee\/wp-content\/uploads\/2025\/11\/LetPot_LPH-Lite_Hydroponics_Growing_System_12_Pods_Smart_Herb_Garden_Kit_Indoor.webp?resize=700%2C400&ssl=1 2x, https:\/\/i0.wp.com\/indoorgarden.ee\/wp-content\/uploads\/2025\/11\/LetPot_LPH-Lite_Hydroponics_Growing_System_12_Pods_Smart_Herb_Garden_Kit_Indoor.webp?resize=1050%2C600&ssl=1 3x, https:\/\/i0.wp.com\/indoorgarden.ee\/wp-content\/uploads\/2025\/11\/LetPot_LPH-Lite_Hydroponics_Growing_System_12_Pods_Smart_Herb_Garden_Kit_Indoor.webp?resize=1400%2C800&ssl=1 4x"},"classes":[]},{"id":811,"url":"https:\/\/indoorgarden.ee\/et\/toode\/letpot-max-hydroponics-kasvatussusteem-21-pod-ja-2-pod-kasvatussusteem\/","url_meta":{"origin":804,"position":3},"title":"LetPot Max 21-pesaline nutiaed \u2013 t\u00e4isautomaatne premium-s\u00fcsteem \u00fcrtidele ja k\u00f6\u00f6giviljadele","author":"admin","date":"23. juuli 2025","format":false,"excerpt":"Suurim LetPot mudel: 21 taimepesa p\u00f5hitaimedele ja 2 lisapesa k\u00f5rgematele kultuuridele. T\u00e4isautomaatne kastmine, sensoritega niiskuse j\u00e4lgimine ja Wi-Fi \u00e4piga juhitavus. Sobib peredele, kes kasvatavad palju ja tahavad regulaarset saaki k\u00f6\u00f6gilauale.","rel":"","context":"Similar post","block_context":{"text":"Similar post","link":""},"img":{"alt_text":"","src":"https:\/\/i0.wp.com\/indoorgarden.ee\/wp-content\/uploads\/2025\/07\/LetPot_Max_Hydroponics_Latest_version.jpg?resize=350%2C200&ssl=1","width":350,"height":200,"srcset":"https:\/\/i0.wp.com\/indoorgarden.ee\/wp-content\/uploads\/2025\/07\/LetPot_Max_Hydroponics_Latest_version.jpg?resize=350%2C200&ssl=1 1x, https:\/\/i0.wp.com\/indoorgarden.ee\/wp-content\/uploads\/2025\/07\/LetPot_Max_Hydroponics_Latest_version.jpg?resize=525%2C300&ssl=1 1.5x, https:\/\/i0.wp.com\/indoorgarden.ee\/wp-content\/uploads\/2025\/07\/LetPot_Max_Hydroponics_Latest_version.jpg?resize=700%2C400&ssl=1 2x, https:\/\/i0.wp.com\/indoorgarden.ee\/wp-content\/uploads\/2025\/07\/LetPot_Max_Hydroponics_Latest_version.jpg?resize=1050%2C600&ssl=1 3x, https:\/\/i0.wp.com\/indoorgarden.ee\/wp-content\/uploads\/2025\/07\/LetPot_Max_Hydroponics_Latest_version.jpg?resize=1400%2C800&ssl=1 4x"},"classes":[]},{"id":805,"url":"https:\/\/indoorgarden.ee\/et\/toode\/letpot-200-tk-hudropoonikasusteemi-asendussammast-sobib-max-senior-air-jaoks\/","url_meta":{"origin":804,"position":4},"title":"LetPot 200 tk asenduskasvuk\u00e4snade komplekt \u2013 LetPot Max, Senior, Air, Lite mudelitele","author":"admin","date":"23. juuli 2025","format":false,"excerpt":"200-osaline asenduskomplekt: 100 turbap\u00f5hist kasvuk\u00e4sna ja 100 valgust blokeerivat kleepsu LetPot Max, Senior, Air ja Lite mudelitele. Sobib ka AeroGardeni ja iDOO s\u00fcsteemidesse.","rel":"","context":"Similar post","block_context":{"text":"Similar post","link":""},"img":{"alt_text":"","src":"https:\/\/i0.wp.com\/indoorgarden.ee\/wp-content\/uploads\/2025\/07\/200Pcs_LetPot_Grow_Sponges.jpg?resize=350%2C200&ssl=1","width":350,"height":200,"srcset":"https:\/\/i0.wp.com\/indoorgarden.ee\/wp-content\/uploads\/2025\/07\/200Pcs_LetPot_Grow_Sponges.jpg?resize=350%2C200&ssl=1 1x, https:\/\/i0.wp.com\/indoorgarden.ee\/wp-content\/uploads\/2025\/07\/200Pcs_LetPot_Grow_Sponges.jpg?resize=525%2C300&ssl=1 1.5x"},"classes":[]},{"id":836,"url":"https:\/\/indoorgarden.ee\/et\/toode\/letpot-asenduspump-letpot-airi-jaoks\/","url_meta":{"origin":804,"position":5},"title":"LetPot asenduspump LetPot Air nutiaiale","author":"admin","date":"23. juuli 2025","format":false,"excerpt":"Asenduspump LetPot Air nutiaiale. Lihtne paigaldada, hoiab s\u00fcsteemi pikalt t\u00f6\u00f6korras.","rel":"","context":"Similar post","block_context":{"text":"Similar post","link":""},"img":{"alt_text":"","src":"https:\/\/i0.wp.com\/indoorgarden.ee\/wp-content\/uploads\/2025\/07\/LetPot_Hydroponics_Growing_System_Watering_pump.jpg?resize=350%2C200&ssl=1","width":350,"height":200,"srcset":"https:\/\/i0.wp.com\/indoorgarden.ee\/wp-content\/uploads\/2025\/07\/LetPot_Hydroponics_Growing_System_Watering_pump.jpg?resize=350%2C200&ssl=1 1x, https:\/\/i0.wp.com\/indoorgarden.ee\/wp-content\/uploads\/2025\/07\/LetPot_Hydroponics_Growing_System_Watering_pump.jpg?resize=525%2C300&ssl=1 1.5x, https:\/\/i0.wp.com\/indoorgarden.ee\/wp-content\/uploads\/2025\/07\/LetPot_Hydroponics_Growing_System_Watering_pump.jpg?resize=700%2C400&ssl=1 2x, https:\/\/i0.wp.com\/indoorgarden.ee\/wp-content\/uploads\/2025\/07\/LetPot_Hydroponics_Growing_System_Watering_pump.jpg?resize=1050%2C600&ssl=1 3x, https:\/\/i0.wp.com\/indoorgarden.ee\/wp-content\/uploads\/2025\/07\/LetPot_Hydroponics_Growing_System_Watering_pump.jpg?resize=1400%2C800&ssl=1 4x"},"classes":[]}],"_links":{"self":[{"href":"https:\/\/indoorgarden.ee\/et\/wp-json\/wp\/v2\/product\/804","targetHints":{"allow":["GET"]}}],"collection":[{"href":"https:\/\/indoorgarden.ee\/et\/wp-json\/wp\/v2\/product"}],"about":[{"href":"https:\/\/indoorgarden.ee\/et\/wp-json\/wp\/v2\/types\/product"}],"replies":[{"embeddable":true,"href":"https:\/\/indoorgarden.ee\/et\/wp-json\/wp\/v2\/comments?post=804"}],"wp:featuredmedia":[{"embeddable":true,"href":"https:\/\/indoorgarden.ee\/et\/wp-json\/wp\/v2\/media\/633"}],"wp:attachment":[{"href":"https:\/\/indoorgarden.ee\/et\/wp-json\/wp\/v2\/media?parent=804"}],"wp:term":[{"taxonomy":"product_brand","embeddable":true,"href":"https:\/\/indoorgarden.ee\/et\/wp-json\/wp\/v2\/product_brand?post=804"},{"taxonomy":"product_cat","embeddable":true,"href":"https:\/\/indoorgarden.ee\/et\/wp-json\/wp\/v2\/product_cat?post=804"},{"taxonomy":"product_tag","embeddable":true,"href":"https:\/\/indoorgarden.ee\/et\/wp-json\/wp\/v2\/product_tag?post=804"}],"curies":[{"name":"wp","href":"https:\/\/api.w.org\/{rel}","templated":true}]}}