{"id":802,"date":"2025-07-23T14:46:23","date_gmt":"2025-07-23T11:46:23","guid":{"rendered":"https:\/\/indoorgarden.ee\/product\/kummeli-seemned-0-3g-rahustav-ravimtaim-arukate-siseaedade-ja-vesiviljeluse-kasvatamiseks\/"},"modified":"2026-04-26T18:49:10","modified_gmt":"2026-04-26T15:49:10","slug":"kummeli-seemned-0-3g-rahustav-ravimtaim-arukate-siseaedade-ja-vesiviljeluse-kasvatamiseks","status":"publish","type":"product","link":"https:\/\/indoorgarden.ee\/et\/toode\/kummeli-seemned-0-3g-rahustav-ravimtaim-arukate-siseaedade-ja-vesiviljeluse-kasvatamiseks\/","title":{"rendered":"Aedkummeli seemned 0,3 g \u2013 rahustav ravimtaim h\u00fcdropoonikasse ja nutiaeda"},"content":{"rendered":"<h2>Selle taime kohta<\/h2>\n<p>Kummel<em>(Matricaria chamomilla<\/em>) on \u00f5rn, p\u00f5\u00f5sastunud \u00fcheaastane ravimtaim, mis on tuntud oma v\u00e4ikeste valgete, rahustava l\u00f5hnaga \u00f5ite poolest. Kummelit kasutatakse laialdaselt taimeteedes ja looduslikes ravimites, mida hinnatakse selle l\u00f5\u00f5gastavate omaduste t\u00f5ttu ning mida kasutatakse ka nahahoolduseks ja kergeks seedimist toetavaks vahendiks. See on v\u00e4hese hooldusega taim, millel on nii kulinaarseid kui ka tervislikke eeliseid.<\/p>\n<h2>Sobib ideaalselt h\u00fcdropoonika ja nutikate siseaedade jaoks.<\/h2>\n<p>Kummel sobib t\u00e4nu oma tagasihoidlikele ruumi- ja mullavajadustele h\u00e4sti h\u00fcdropoonilistesse s\u00fcsteemidesse ja arukatesse aedadesse. Nutikas siseaias saate kasvatada kummelit aastaringselt, kusjuures optimaalne valgus ja niisutus tagavad terve ja kiire arengu. H\u00fcdropoonika v\u00f5ib kiirendada kasvu ja \u00f5itsengutootmist v\u00f5rreldes traditsioonilise v\u00e4litingimustes kasvatamisega.<\/p>\n<h2>Omadused<\/h2>\n<ul>\n<li><strong>Botaaniline nimi:<\/strong> Matricaria chamomilla<\/li>\n<li><strong>Seemne kaal:<\/strong> 0.3g<\/li>\n<li><strong>Valguse vajadus:<\/strong> T\u00e4ielik p\u00e4ike<\/li>\n<li><strong>Taimede vahekaugus:<\/strong> Taimede vahel 5 cm, ridade vahel 20 cm.<\/li>\n<li><strong>Kasvuharjumus:<\/strong> Kasvukohad: Kompaktne, p\u00f5\u00f5sarjas \u00fcheaastane ravimtaim<\/li>\n<li><strong>Mulla vajadused:<\/strong> Kasvab h\u00e4sti enamikus mullat\u00fc\u00fcpides<\/li>\n<li><strong>Parimad kasutusalad:<\/strong> Taimeteed, looduslikud abin\u00f5ud, rahustavad infusioonid, nahahooldus.<\/li>\n<li><strong>Kasvukeskkonnad:<\/strong> h\u00fcdropoonilised aiad, nutikad siseruumides\u00fcsteemid.<\/li>\n<\/ul>\n<h2>K\u00fclvamise ja saagikoristuse info<\/h2>\n<p><strong>K\u00fclvamine (traditsiooniline):<\/strong> K\u00fclvata otse avamaale mais. Kasvab isegi keskmistes mullastikutingimustes.<\/p>\n<p><strong>K\u00fclvamine (Smart Garden):<\/strong> K\u00fclvake igal aastaajal siseruumides automaatse kastmise ja valgustusega.<\/p>\n<p><strong>Koristamine:<\/strong> Korrap\u00e4rane \u00f5ite korjamine soodustab uute \u00f5ite tekkimist. Parima aroomi ja t\u00f5hususe saavutamiseks korjake \u00f5ied siis, kui need on t\u00e4ielikult avatud.<\/p>\n","protected":false},"excerpt":{"rendered":"<p>Aedkummeli seemned 0,3 g. Hellikas \u00fcheaastane ravimtaim valgete \u00f5itega \u2013 sobib teedele, naha hooldusele ja loomulikuks rahustiks. Kasvab h\u00e4sti nutiaias ja aknalaual.<\/p>\n","protected":false},"featured_media":657,"comment_status":"open","ping_status":"closed","template":"","meta":[],"product_brand":[126],"product_cat":[102,93],"product_tag":[],"class_list":{"0":"post-802","1":"product","2":"type-product","3":"status-publish","4":"has-post-thumbnail","6":"product_brand-suvipiha-et","7":"product_cat-lilleseemned","8":"product_cat-seemned","9":"pa_indoor-garden-seeds-kummel","11":"first","12":"instock","13":"taxable","14":"shipping-taxable","15":"purchasable","16":"product-type-simple"},"jetpack_sharing_enabled":true,"jetpack-related-posts":[{"id":2265,"url":"https:\/\/indoorgarden.ee\/et\/toode\/sidrunmelissi-seemned-aromaatne-mitmeaastane-ravimtaim-hudropoonikasse-ja-nutiaeda\/","url_meta":{"origin":802,"position":0},"title":"Mahe sidrunmelissi seemned \u2013 aromaatne mitmeaastane \u00fcrt h\u00fcdropoonikasse ja nutiaeda","author":"admin","date":"18. nov. 2025","format":false,"excerpt":"Mahe sidrunmelissi seemned. Aromaatne mitmeaastane \u00fcrt sidrunise l\u00f5hnaga \u2013 sobib teedele, salatitele ja desserdiks.","rel":"","context":"Similar post","block_context":{"text":"Similar post","link":""},"img":{"alt_text":"","src":"https:\/\/i0.wp.com\/indoorgarden.ee\/wp-content\/uploads\/2025\/11\/4770168913561.png?resize=350%2C200&ssl=1","width":350,"height":200},"classes":[]},{"id":2146,"url":"https:\/\/indoorgarden.ee\/et\/toode\/lavendel-lavandula-officinalis-siseruumides-ja-nutiaedades-kasvatamiseks\/","url_meta":{"origin":802,"position":1},"title":"Lavendel (Lavandula officinalis) \u2013 aromaatne mitmeaastane ravimtaim sisetingimustele","author":"admin","date":"31. aug. 2025","format":false,"excerpt":"Lavendel (Lavandula officinalis) seemned. Aromaatne mitmeaastane ravimtaim, kasvab kuni 50 cm \u2013 sobib k\u00f6\u00f6gile, teedele ja loomulikuks parf\u00fc\u00fcmiks.","rel":"","context":"Similar post","block_context":{"text":"Similar post","link":""},"img":{"alt_text":"Lavender Lavendula officinalis","src":"https:\/\/i0.wp.com\/indoorgarden.ee\/wp-content\/uploads\/2025\/08\/Lavender-Lavendula-officinalis-for-indoor-growing.jpg?resize=350%2C200&ssl=1","width":350,"height":200,"srcset":"https:\/\/i0.wp.com\/indoorgarden.ee\/wp-content\/uploads\/2025\/08\/Lavender-Lavendula-officinalis-for-indoor-growing.jpg?resize=350%2C200&ssl=1 1x, https:\/\/i0.wp.com\/indoorgarden.ee\/wp-content\/uploads\/2025\/08\/Lavender-Lavendula-officinalis-for-indoor-growing.jpg?resize=525%2C300&ssl=1 1.5x, https:\/\/i0.wp.com\/indoorgarden.ee\/wp-content\/uploads\/2025\/08\/Lavender-Lavendula-officinalis-for-indoor-growing.jpg?resize=700%2C400&ssl=1 2x"},"classes":[]},{"id":2028,"url":"https:\/\/indoorgarden.ee\/et\/toode\/sidrunmelissi-seemned-0-1g-melissa-officinalis-toiduks-voi-taimeteena-sobib-ka-siseruumides-kasvatamiseks\/","url_meta":{"origin":802,"position":2},"title":"Sidrunmelissi seemned 0,1 g \u2013 Melissa officinalis k\u00f6\u00f6gile, teedele ja sisetingimustele","author":"admin","date":"29. sept. 2025","format":false,"excerpt":"Sidrunmelissi seemned 0,1 g. Aromaatne mitmeaastane \u00fcrt sidrunise l\u00f5hnaga \u2013 sobib k\u00f6\u00f6gile, taimeteedele ja desserdi kaunistuseks.","rel":"","context":"Similar post","block_context":{"text":"Similar post","link":""},"img":{"alt_text":"","src":"https:\/\/i0.wp.com\/indoorgarden.ee\/wp-content\/uploads\/2025\/09\/product-153035_0-1401050.jpg?resize=350%2C200&ssl=1","width":350,"height":200,"srcset":"https:\/\/i0.wp.com\/indoorgarden.ee\/wp-content\/uploads\/2025\/09\/product-153035_0-1401050.jpg?resize=350%2C200&ssl=1 1x, https:\/\/i0.wp.com\/indoorgarden.ee\/wp-content\/uploads\/2025\/09\/product-153035_0-1401050.jpg?resize=525%2C300&ssl=1 1.5x, https:\/\/i0.wp.com\/indoorgarden.ee\/wp-content\/uploads\/2025\/09\/product-153035_0-1401050.jpg?resize=700%2C400&ssl=1 2x"},"classes":[]},{"id":2219,"url":"https:\/\/indoorgarden.ee\/et\/toode\/tuumiani-seemned-mitmeaastane-maitsetaim-hudropoonika-ja-nutikate-siseaedade-jaoks\/","url_meta":{"origin":802,"position":3},"title":"Mahe aedt\u00fc\u00fcmiani seemned \u2013 mitmeaastane k\u00f6\u00f6gi\u00fcrt h\u00fcdropoonikasse ja nutiaeda","author":"admin","date":"18. nov. 2025","format":false,"excerpt":"Mahe aedt\u00fc\u00fcmiani seemned. Mitmeaastane vastupidav k\u00f6\u00f6gi\u00fcrt \u2013 aromaatne lisand lihale, kalale, juurviljadele ja salatile.","rel":"","context":"Similar post","block_context":{"text":"Similar post","link":""},"img":{"alt_text":"","src":"https:\/\/i0.wp.com\/indoorgarden.ee\/wp-content\/uploads\/2025\/11\/4770168151437.png?resize=350%2C200&ssl=1","width":350,"height":200,"srcset":"https:\/\/i0.wp.com\/indoorgarden.ee\/wp-content\/uploads\/2025\/11\/4770168151437.png?resize=350%2C200&ssl=1 1x, https:\/\/i0.wp.com\/indoorgarden.ee\/wp-content\/uploads\/2025\/11\/4770168151437.png?resize=525%2C300&ssl=1 1.5x, https:\/\/i0.wp.com\/indoorgarden.ee\/wp-content\/uploads\/2025\/11\/4770168151437.png?resize=700%2C400&ssl=1 2x"},"classes":[]},{"id":746,"url":"https:\/\/indoorgarden.ee\/et\/toode\/suvipiha-tuumiani-seemned-0-15g-kiiresti-kasvav-maitsetaim-nutikasse-siseaeda\/","url_meta":{"origin":802,"position":4},"title":"Aedt\u00fc\u00fcmiani \u2018Suvipiha\u2019 seemned 0,15 g \u2013 kiirelt kasvav k\u00f6\u00f6gi\u00fcrt nutiaeda","author":"admin","date":"23. juuli 2025","format":false,"excerpt":"Aedt\u00fc\u00fcmiani Suvipiha seemned 0,15 g. Kiirelt kasvav k\u00f6\u00f6gi\u00fcrt \u2013 aromaatne lisand kalale, lihale, juurviljadele ja salatile. Mitmeaastane ja vastupidav.","rel":"","context":"Similar post","block_context":{"text":"Similar post","link":""},"img":{"alt_text":"","src":"https:\/\/i0.wp.com\/indoorgarden.ee\/wp-content\/uploads\/2025\/07\/product-42149_0-1401225.jpg?resize=350%2C200&ssl=1","width":350,"height":200,"srcset":"https:\/\/i0.wp.com\/indoorgarden.ee\/wp-content\/uploads\/2025\/07\/product-42149_0-1401225.jpg?resize=350%2C200&ssl=1 1x, https:\/\/i0.wp.com\/indoorgarden.ee\/wp-content\/uploads\/2025\/07\/product-42149_0-1401225.jpg?resize=525%2C300&ssl=1 1.5x, https:\/\/i0.wp.com\/indoorgarden.ee\/wp-content\/uploads\/2025\/07\/product-42149_0-1401225.jpg?resize=700%2C400&ssl=1 2x"},"classes":[]},{"id":2279,"url":"https:\/\/indoorgarden.ee\/et\/toode\/basiilik-sweet-marseillais-seemned-aromaatiline-maitsetaim-hudropoonikas-ja-nutiaias-kasvatamiseks\/","url_meta":{"origin":802,"position":5},"title":"Mahe basiiliku \u2018Sweet Marseillais\u2019 seemned \u2013 aromaatne maitsetaim h\u00fcdropoonikasse ja nutiaeda","author":"admin","date":"18. nov. 2025","format":false,"excerpt":"Mahe basiiliku \u2018Sweet Marseillais\u2019 seemned. Aromaatne sort pestole, Caprese salatile ja k\u00f5ikidele Itaalia roogadele.","rel":"","context":"Similar post","block_context":{"text":"Similar post","link":""},"img":{"alt_text":"","src":"https:\/\/i0.wp.com\/indoorgarden.ee\/wp-content\/uploads\/2025\/11\/4770168917484.png?resize=350%2C200&ssl=1","width":350,"height":200},"classes":[]}],"_links":{"self":[{"href":"https:\/\/indoorgarden.ee\/et\/wp-json\/wp\/v2\/product\/802","targetHints":{"allow":["GET"]}}],"collection":[{"href":"https:\/\/indoorgarden.ee\/et\/wp-json\/wp\/v2\/product"}],"about":[{"href":"https:\/\/indoorgarden.ee\/et\/wp-json\/wp\/v2\/types\/product"}],"replies":[{"embeddable":true,"href":"https:\/\/indoorgarden.ee\/et\/wp-json\/wp\/v2\/comments?post=802"}],"wp:featuredmedia":[{"embeddable":true,"href":"https:\/\/indoorgarden.ee\/et\/wp-json\/wp\/v2\/media\/657"}],"wp:attachment":[{"href":"https:\/\/indoorgarden.ee\/et\/wp-json\/wp\/v2\/media?parent=802"}],"wp:term":[{"taxonomy":"product_brand","embeddable":true,"href":"https:\/\/indoorgarden.ee\/et\/wp-json\/wp\/v2\/product_brand?post=802"},{"taxonomy":"product_cat","embeddable":true,"href":"https:\/\/indoorgarden.ee\/et\/wp-json\/wp\/v2\/product_cat?post=802"},{"taxonomy":"product_tag","embeddable":true,"href":"https:\/\/indoorgarden.ee\/et\/wp-json\/wp\/v2\/product_tag?post=802"}],"curies":[{"name":"wp","href":"https:\/\/api.w.org\/{rel}","templated":true}]}}