{"id":746,"date":"2025-07-23T14:46:31","date_gmt":"2025-07-23T11:46:31","guid":{"rendered":"https:\/\/indoorgarden.ee\/product\/suvipiha-tuumiani-seemned-0-15g-kiiresti-kasvav-maitsetaim-nutikasse-siseaeda\/"},"modified":"2026-04-26T18:47:01","modified_gmt":"2026-04-26T15:47:01","slug":"suvipiha-tuumiani-seemned-0-15g-kiiresti-kasvav-maitsetaim-nutikasse-siseaeda","status":"publish","type":"product","link":"https:\/\/indoorgarden.ee\/et\/toode\/suvipiha-tuumiani-seemned-0-15g-kiiresti-kasvav-maitsetaim-nutikasse-siseaeda\/","title":{"rendered":"Aedt\u00fc\u00fcmiani \u2018Suvipiha\u2019 seemned 0,15 g \u2013 kiirelt kasvav k\u00f6\u00f6gi\u00fcrt nutiaeda"},"content":{"rendered":"<h2>Selle taime kohta<\/h2>\n<p>T\u00fc\u00fcmian<em>(Thymus vulgaris<\/em>) on aromaatne, p\u00e4ikest armastav ravimtaim, mida hinnatakse toiduvalmistamisel v\u00e4ga k\u00f5rgelt oma maheda, kergelt piparm\u00fcndi maitse t\u00f5ttu. Seda kasutatakse tavaliselt suppide, hautiste, liha ja k\u00f6\u00f6giviljade maitsestamiseks ning see on tuntud ka oma looduslike antioks\u00fcdantide ja antimikroobsete omaduste poolest. Nii v\u00e4rske kui ka kuivatatud t\u00fc\u00fcmian parandab paljude roogade maitset ja l\u00f5hna, mist\u00f5ttu on ta kohustuslik osa igast k\u00f6\u00f6gi \u00fcrdiaiast.<\/p>\n<h2>Sobib ideaalselt h\u00fcdropoonikasse ja nutiaedadesse<\/h2>\n<p>T\u00fc\u00fcmian on kompaktne ravimtaim, mis kasvab h\u00e4sti siseruumides, mist\u00f5ttu on see suurep\u00e4rane valik h\u00fcdropoonilistesse s\u00fcsteemidesse ja nutiaedadesse. Optimaalse vee ja valguse automaatne tagamine aitab h\u00fcdropoonikal kasvatada t\u00fc\u00fcmiani kuni 3 korda kiiremini kui traditsiooniline mullaaiandus. Lisaks saate nutiaiaga t\u00fc\u00fcmiani seemneid k\u00fclvata ja nautida v\u00e4rskeid \u00fcrte aastaringselt &#8211; ei pea ootama kevadet v\u00f5i suve.<\/p>\n<h2>Omadused<\/h2>\n<ul>\n<li><strong>Botaaniline nimi:<\/strong> Thymus vulgaris<\/li>\n<li><strong>Seemne kaal:<\/strong> 0.15g<\/li>\n<li><strong>Valguse vajadus:<\/strong> T\u00e4ielik p\u00e4ike<\/li>\n<li><strong>Taimede vahekaugus:<\/strong> 20 cm taimede vahel, 30 cm ridade vahel.<\/li>\n<li><strong>Kasvuperiood:<\/strong> 40-60 p\u00e4eva<\/li>\n<li><strong>Sobivad keskkonnad:<\/strong> Aedade kasvatamine: v\u00e4litingimustes, siseruumides, nutikaid aedasid, h\u00fcdropoonilisi seadeldisi.<\/li>\n<\/ul>\n<h2>K\u00fclvamise ja saagikoristuse info<\/h2>\n<p><strong>K\u00fclvamine (traditsiooniline):<\/strong> K\u00fclvata aprillis siseruumidesse v\u00f5i mais otse avamaale.<\/p>\n<p><strong>K\u00fclvamine (Smart Garden):<\/strong> K\u00fclvake igal ajal aastaringselt t\u00e4nu automaatsele valgus- ja kastmiss\u00fcsteemile.<\/p>\n<p><strong>Koristamine:<\/strong> Korjake noored v\u00f5rsed ja lehed \u00f5itsemise ajal. T\u00fc\u00fcmiani v\u00f5ib kasutada v\u00e4rskelt v\u00f5i kuivatatult hilisemaks kasutamiseks.<\/p>\n","protected":false},"excerpt":{"rendered":"<p>Aedt\u00fc\u00fcmiani Suvipiha seemned 0,15 g. Kiirelt kasvav k\u00f6\u00f6gi\u00fcrt \u2013 aromaatne lisand kalale, lihale, juurviljadele ja salatile. Mitmeaastane ja vastupidav.<\/p>\n","protected":false},"featured_media":666,"comment_status":"open","ping_status":"closed","template":"","meta":[],"product_brand":[126],"product_cat":[103,93],"product_tag":[],"class_list":{"0":"post-746","1":"product","2":"type-product","3":"status-publish","4":"has-post-thumbnail","6":"product_brand-suvipiha-et","7":"product_cat-urdi-seemned","8":"product_cat-seemned","9":"pa_indoor-garden-seeds-tuumian","11":"first","12":"outofstock","13":"taxable","14":"shipping-taxable","15":"purchasable","16":"product-type-simple"},"jetpack_sharing_enabled":true,"jetpack-related-posts":[{"id":2219,"url":"https:\/\/indoorgarden.ee\/et\/toode\/tuumiani-seemned-mitmeaastane-maitsetaim-hudropoonika-ja-nutikate-siseaedade-jaoks\/","url_meta":{"origin":746,"position":0},"title":"Mahe aedt\u00fc\u00fcmiani seemned \u2013 mitmeaastane k\u00f6\u00f6gi\u00fcrt h\u00fcdropoonikasse ja nutiaeda","author":"admin","date":"18. nov. 2025","format":false,"excerpt":"Mahe aedt\u00fc\u00fcmiani seemned. Mitmeaastane vastupidav k\u00f6\u00f6gi\u00fcrt \u2013 aromaatne lisand lihale, kalale, juurviljadele ja salatile.","rel":"","context":"Similar post","block_context":{"text":"Similar post","link":""},"img":{"alt_text":"","src":"https:\/\/i0.wp.com\/indoorgarden.ee\/wp-content\/uploads\/2025\/11\/4770168151437.png?resize=350%2C200&ssl=1","width":350,"height":200,"srcset":"https:\/\/i0.wp.com\/indoorgarden.ee\/wp-content\/uploads\/2025\/11\/4770168151437.png?resize=350%2C200&ssl=1 1x, https:\/\/i0.wp.com\/indoorgarden.ee\/wp-content\/uploads\/2025\/11\/4770168151437.png?resize=525%2C300&ssl=1 1.5x, https:\/\/i0.wp.com\/indoorgarden.ee\/wp-content\/uploads\/2025\/11\/4770168151437.png?resize=700%2C400&ssl=1 2x"},"classes":[]},{"id":2146,"url":"https:\/\/indoorgarden.ee\/et\/toode\/lavendel-lavandula-officinalis-siseruumides-ja-nutiaedades-kasvatamiseks\/","url_meta":{"origin":746,"position":1},"title":"Lavendel (Lavandula officinalis) \u2013 aromaatne mitmeaastane ravimtaim sisetingimustele","author":"admin","date":"31. aug. 2025","format":false,"excerpt":"Lavendel (Lavandula officinalis) seemned. Aromaatne mitmeaastane ravimtaim, kasvab kuni 50 cm \u2013 sobib k\u00f6\u00f6gile, teedele ja loomulikuks parf\u00fc\u00fcmiks.","rel":"","context":"Similar post","block_context":{"text":"Similar post","link":""},"img":{"alt_text":"Lavender Lavendula officinalis","src":"https:\/\/i0.wp.com\/indoorgarden.ee\/wp-content\/uploads\/2025\/08\/Lavender-Lavendula-officinalis-for-indoor-growing.jpg?resize=350%2C200&ssl=1","width":350,"height":200,"srcset":"https:\/\/i0.wp.com\/indoorgarden.ee\/wp-content\/uploads\/2025\/08\/Lavender-Lavendula-officinalis-for-indoor-growing.jpg?resize=350%2C200&ssl=1 1x, https:\/\/i0.wp.com\/indoorgarden.ee\/wp-content\/uploads\/2025\/08\/Lavender-Lavendula-officinalis-for-indoor-growing.jpg?resize=525%2C300&ssl=1 1.5x, https:\/\/i0.wp.com\/indoorgarden.ee\/wp-content\/uploads\/2025\/08\/Lavender-Lavendula-officinalis-for-indoor-growing.jpg?resize=700%2C400&ssl=1 2x"},"classes":[]},{"id":2028,"url":"https:\/\/indoorgarden.ee\/et\/toode\/sidrunmelissi-seemned-0-1g-melissa-officinalis-toiduks-voi-taimeteena-sobib-ka-siseruumides-kasvatamiseks\/","url_meta":{"origin":746,"position":2},"title":"Sidrunmelissi seemned 0,1 g \u2013 Melissa officinalis k\u00f6\u00f6gile, teedele ja sisetingimustele","author":"admin","date":"29. sept. 2025","format":false,"excerpt":"Sidrunmelissi seemned 0,1 g. Aromaatne mitmeaastane \u00fcrt sidrunise l\u00f5hnaga \u2013 sobib k\u00f6\u00f6gile, taimeteedele ja desserdi kaunistuseks.","rel":"","context":"Similar post","block_context":{"text":"Similar post","link":""},"img":{"alt_text":"","src":"https:\/\/i0.wp.com\/indoorgarden.ee\/wp-content\/uploads\/2025\/09\/product-153035_0-1401050.jpg?resize=350%2C200&ssl=1","width":350,"height":200,"srcset":"https:\/\/i0.wp.com\/indoorgarden.ee\/wp-content\/uploads\/2025\/09\/product-153035_0-1401050.jpg?resize=350%2C200&ssl=1 1x, https:\/\/i0.wp.com\/indoorgarden.ee\/wp-content\/uploads\/2025\/09\/product-153035_0-1401050.jpg?resize=525%2C300&ssl=1 1.5x, https:\/\/i0.wp.com\/indoorgarden.ee\/wp-content\/uploads\/2025\/09\/product-153035_0-1401050.jpg?resize=700%2C400&ssl=1 2x"},"classes":[]},{"id":819,"url":"https:\/\/indoorgarden.ee\/et\/toode\/sidrunibasiiliku-seemned-tsitruselohnaline-maitsetaim-teeks-kalaks-ja-magustoitudeks-sobib-ideaalselt-nutikasse-sise-ja-vesiviljelusse-0-2g\/","url_meta":{"origin":746,"position":3},"title":"Sidruni-basiiliku seemned \u2013 tsitruseline maitsetaim teedele, kalale ja desserdiks","author":"admin","date":"26. sept. 2025","format":false,"excerpt":"Sidruni-basiiliku seemned. Tsitruselise l\u00f5hnaga sort, mis annab tee, kala ja desserdi maitsele v\u00e4rsket sidrunist n\u00fcanssi. Kasvab h\u00e4sti nutiaias ja aknalaual.","rel":"","context":"Similar post","block_context":{"text":"Similar post","link":""},"img":{"alt_text":"","src":"https:\/\/i0.wp.com\/indoorgarden.ee\/wp-content\/uploads\/2025\/07\/product-153113_0-1401008.jpg?resize=350%2C200&ssl=1","width":350,"height":200,"srcset":"https:\/\/i0.wp.com\/indoorgarden.ee\/wp-content\/uploads\/2025\/07\/product-153113_0-1401008.jpg?resize=350%2C200&ssl=1 1x, https:\/\/i0.wp.com\/indoorgarden.ee\/wp-content\/uploads\/2025\/07\/product-153113_0-1401008.jpg?resize=525%2C300&ssl=1 1.5x, https:\/\/i0.wp.com\/indoorgarden.ee\/wp-content\/uploads\/2025\/07\/product-153113_0-1401008.jpg?resize=700%2C400&ssl=1 2x"},"classes":[]},{"id":2265,"url":"https:\/\/indoorgarden.ee\/et\/toode\/sidrunmelissi-seemned-aromaatne-mitmeaastane-ravimtaim-hudropoonikasse-ja-nutiaeda\/","url_meta":{"origin":746,"position":4},"title":"Mahe sidrunmelissi seemned \u2013 aromaatne mitmeaastane \u00fcrt h\u00fcdropoonikasse ja nutiaeda","author":"admin","date":"18. nov. 2025","format":false,"excerpt":"Mahe sidrunmelissi seemned. Aromaatne mitmeaastane \u00fcrt sidrunise l\u00f5hnaga \u2013 sobib teedele, salatitele ja desserdiks.","rel":"","context":"Similar post","block_context":{"text":"Similar post","link":""},"img":{"alt_text":"","src":"https:\/\/i0.wp.com\/indoorgarden.ee\/wp-content\/uploads\/2025\/11\/4770168913561.png?resize=350%2C200&ssl=1","width":350,"height":200},"classes":[]},{"id":802,"url":"https:\/\/indoorgarden.ee\/et\/toode\/kummeli-seemned-0-3g-rahustav-ravimtaim-arukate-siseaedade-ja-vesiviljeluse-kasvatamiseks\/","url_meta":{"origin":746,"position":5},"title":"Aedkummeli seemned 0,3 g \u2013 rahustav ravimtaim h\u00fcdropoonikasse ja nutiaeda","author":"admin","date":"23. juuli 2025","format":false,"excerpt":"Aedkummeli seemned 0,3 g. Hellikas \u00fcheaastane ravimtaim valgete \u00f5itega \u2013 sobib teedele, naha hooldusele ja loomulikuks rahustiks. Kasvab h\u00e4sti nutiaias ja aknalaual.","rel":"","context":"Similar post","block_context":{"text":"Similar post","link":""},"img":{"alt_text":"","src":"https:\/\/i0.wp.com\/indoorgarden.ee\/wp-content\/uploads\/2025\/07\/product-42139_0-1401100.jpg?resize=350%2C200&ssl=1","width":350,"height":200,"srcset":"https:\/\/i0.wp.com\/indoorgarden.ee\/wp-content\/uploads\/2025\/07\/product-42139_0-1401100.jpg?resize=350%2C200&ssl=1 1x, https:\/\/i0.wp.com\/indoorgarden.ee\/wp-content\/uploads\/2025\/07\/product-42139_0-1401100.jpg?resize=525%2C300&ssl=1 1.5x, https:\/\/i0.wp.com\/indoorgarden.ee\/wp-content\/uploads\/2025\/07\/product-42139_0-1401100.jpg?resize=700%2C400&ssl=1 2x"},"classes":[]}],"_links":{"self":[{"href":"https:\/\/indoorgarden.ee\/et\/wp-json\/wp\/v2\/product\/746","targetHints":{"allow":["GET"]}}],"collection":[{"href":"https:\/\/indoorgarden.ee\/et\/wp-json\/wp\/v2\/product"}],"about":[{"href":"https:\/\/indoorgarden.ee\/et\/wp-json\/wp\/v2\/types\/product"}],"replies":[{"embeddable":true,"href":"https:\/\/indoorgarden.ee\/et\/wp-json\/wp\/v2\/comments?post=746"}],"wp:featuredmedia":[{"embeddable":true,"href":"https:\/\/indoorgarden.ee\/et\/wp-json\/wp\/v2\/media\/666"}],"wp:attachment":[{"href":"https:\/\/indoorgarden.ee\/et\/wp-json\/wp\/v2\/media?parent=746"}],"wp:term":[{"taxonomy":"product_brand","embeddable":true,"href":"https:\/\/indoorgarden.ee\/et\/wp-json\/wp\/v2\/product_brand?post=746"},{"taxonomy":"product_cat","embeddable":true,"href":"https:\/\/indoorgarden.ee\/et\/wp-json\/wp\/v2\/product_cat?post=746"},{"taxonomy":"product_tag","embeddable":true,"href":"https:\/\/indoorgarden.ee\/et\/wp-json\/wp\/v2\/product_tag?post=746"}],"curies":[{"name":"wp","href":"https:\/\/api.w.org\/{rel}","templated":true}]}}