{"id":5322,"date":"2026-01-16T12:19:08","date_gmt":"2026-01-16T10:19:08","guid":{"rendered":"https:\/\/indoorgarden.ee\/product\/elho-happy-herbs-14-cm-roheline-urdipott-sisseehitatud-veepaagiga\/"},"modified":"2026-04-27T09:17:36","modified_gmt":"2026-04-27T06:17:36","slug":"elho-happy-herbs-14-cm-roheline-urdipott-sisseehitatud-veepaagiga","status":"publish","type":"product","link":"https:\/\/indoorgarden.ee\/et\/toode\/elho-happy-herbs-14-cm-roheline-urdipott-sisseehitatud-veepaagiga\/","title":{"rendered":"Elho Happy Herbs 14 cm \u2013 roheline \u00fcrdipott sisseehitatud veepaagiga"},"content":{"rendered":"<p>Elho Happy Herbs 14 cm \u2013 kvaliteetne taimepott sisetingimuste taimekasvatuseks. Tugev konstruktsioon, sobib aastatepikkuseks kasutuseks.<\/p>\n<h3>Kellele sobib<\/h3>\n<p>Sobib toataimedele, \u00fcrtidele ja teistele sisetingimustes kasvavatele taimedele. Praktiline lahendus k\u00f6\u00f6gi t\u00f6\u00f6pinnale, aknalauale v\u00f5i elutuppa.<\/p>\n<p>IndoorGarden-ist leiad kogu valiku taimepotte ja sisekasvatuse tarvikuid.<\/p>\n","protected":false},"excerpt":{"rendered":"<p>Elho Happy Herbs 14 cm rohelises. Sisseehitatud veepaagiga \u00fcrdipott, mis hoiab maitsetaimed pikemalt v\u00e4rsked ja v\u00e4hendab kastmise vajadust.<\/p>\n","protected":false},"featured_media":2754,"comment_status":"closed","ping_status":"closed","template":"","meta":[],"product_brand":[152],"product_cat":[89,144],"product_tag":[],"class_list":{"0":"post-5322","1":"product","2":"type-product","3":"status-publish","4":"has-post-thumbnail","6":"product_brand-elho-et","7":"product_cat-potid-ja-potialustassid","8":"product_cat-isevoolususteemiga-pott","10":"first","11":"instock","12":"taxable","13":"shipping-taxable","14":"purchasable","15":"product-type-simple"},"jetpack_sharing_enabled":true,"jetpack-related-posts":[{"id":5210,"url":"https:\/\/indoorgarden.ee\/et\/toode\/elho-amazing-avokaadopott-lehtroheline-1-l-sisetingimuste-avokaadopott\/","url_meta":{"origin":5322,"position":0},"title":"ELHO Amazing avokaadopott \u2013 lehtroheline (1 L) sisetingimuste avokaadopott","author":"admin","date":"23. veebr. 2026","format":false,"excerpt":"ELHO Amazing Avocado Pot in Leaf Green (1 L) with integrated floating system for growing avocado plants from seed. Designed for indoor use with built-in water reservoir for easy germination.","rel":"","context":"Similar post","block_context":{"text":"Similar post","link":""},"img":{"alt_text":"","src":"https:\/\/i0.wp.com\/indoorgarden.ee\/wp-content\/uploads\/2026\/02\/amazing_avocado_pot_leaf_green.p1.webp?resize=350%2C200&ssl=1","width":350,"height":200,"srcset":"https:\/\/i0.wp.com\/indoorgarden.ee\/wp-content\/uploads\/2026\/02\/amazing_avocado_pot_leaf_green.p1.webp?resize=350%2C200&ssl=1 1x, https:\/\/i0.wp.com\/indoorgarden.ee\/wp-content\/uploads\/2026\/02\/amazing_avocado_pot_leaf_green.p1.webp?resize=525%2C300&ssl=1 1.5x, https:\/\/i0.wp.com\/indoorgarden.ee\/wp-content\/uploads\/2026\/02\/amazing_avocado_pot_leaf_green.p1.webp?resize=700%2C400&ssl=1 2x, https:\/\/i0.wp.com\/indoorgarden.ee\/wp-content\/uploads\/2026\/02\/amazing_avocado_pot_leaf_green.p1.webp?resize=1050%2C600&ssl=1 3x, https:\/\/i0.wp.com\/indoorgarden.ee\/wp-content\/uploads\/2026\/02\/amazing_avocado_pot_leaf_green.p1.webp?resize=1400%2C800&ssl=1 4x"},"classes":[]},{"id":2748,"url":"https:\/\/indoorgarden.ee\/toode\/elho-happy-herbs-14-cm-leaf-green-indoor-herb-planter-with-water-reservoir\/","url_meta":{"origin":5322,"position":1},"title":"Elho Happy Herbs 14 cm \u2013 roheline \u00fcrdipott sisseehitatud veepaagiga","author":"admin","date":"16. jaan. 2026","format":false,"excerpt":"Elho Happy Herbs 14 cm rohelises. Sisseehitatud veepaagiga \u00fcrdipott, mis hoiab maitsetaimed pikemalt v\u00e4rsked ja v\u00e4hendab kastmise vajadust.","rel":"","context":"Similar post","block_context":{"text":"Similar post","link":""},"img":{"alt_text":"","src":"https:\/\/i0.wp.com\/indoorgarden.ee\/wp-content\/uploads\/2026\/01\/happy_herbs_15cm_leaf_green.thymus.c1.webp?resize=350%2C200&ssl=1","width":350,"height":200,"srcset":"https:\/\/i0.wp.com\/indoorgarden.ee\/wp-content\/uploads\/2026\/01\/happy_herbs_15cm_leaf_green.thymus.c1.webp?resize=350%2C200&ssl=1 1x, https:\/\/i0.wp.com\/indoorgarden.ee\/wp-content\/uploads\/2026\/01\/happy_herbs_15cm_leaf_green.thymus.c1.webp?resize=525%2C300&ssl=1 1.5x, https:\/\/i0.wp.com\/indoorgarden.ee\/wp-content\/uploads\/2026\/01\/happy_herbs_15cm_leaf_green.thymus.c1.webp?resize=700%2C400&ssl=1 2x, https:\/\/i0.wp.com\/indoorgarden.ee\/wp-content\/uploads\/2026\/01\/happy_herbs_15cm_leaf_green.thymus.c1.webp?resize=1050%2C600&ssl=1 3x, https:\/\/i0.wp.com\/indoorgarden.ee\/wp-content\/uploads\/2026\/01\/happy_herbs_15cm_leaf_green.thymus.c1.webp?resize=1400%2C800&ssl=1 4x"},"classes":[]},{"id":1313,"url":"https:\/\/indoorgarden.ee\/et\/toode\/urtikapott-elho-bouncy-basilic-16-5cm-roheline\/","url_meta":{"origin":5322,"position":2},"title":"Elho Bouncy Basil \u00fcrdipott 16,5 cm \u2013 roheline","author":"admin","date":"8. aug. 2025","format":false,"excerpt":"Elho Bouncy Basil \u00fcrdipott on spetsiaalselt m\u00f5eldud basiilikule ja teistele maitsetaimedele, et need p\u00fcsiksid v\u00e4rskena pikemalt. Diameeter 16,5 cm, sobib h\u00e4sti k\u00f6\u00f6git\u00f6\u00f6pinnale.","rel":"","context":"Similar post","block_context":{"text":"Similar post","link":""},"img":{"alt_text":"","src":"https:\/\/i0.wp.com\/indoorgarden.ee\/wp-content\/uploads\/2025\/08\/8711904520892.jpg?resize=350%2C200&ssl=1","width":350,"height":200,"srcset":"https:\/\/i0.wp.com\/indoorgarden.ee\/wp-content\/uploads\/2025\/08\/8711904520892.jpg?resize=350%2C200&ssl=1 1x, https:\/\/i0.wp.com\/indoorgarden.ee\/wp-content\/uploads\/2025\/08\/8711904520892.jpg?resize=525%2C300&ssl=1 1.5x, https:\/\/i0.wp.com\/indoorgarden.ee\/wp-content\/uploads\/2025\/08\/8711904520892.jpg?resize=700%2C400&ssl=1 2x"},"classes":[]},{"id":5286,"url":"https:\/\/indoorgarden.ee\/et\/toode\/citysens-vertikaalne-taimepott-must-4-pesaline-kasitsi-kastmisega\/","url_meta":{"origin":5322,"position":3},"title":"CitySens vertikaalne taimepott \u2013 must 4-pesaline k\u00e4sitsi kastmisega","author":"admin","date":"14. veebr. 2026","format":false,"excerpt":"CitySens vertikaalne taimepott on praktiline lahendus v\u00e4ikesele k\u00f6\u00f6gile, r\u00f5dule v\u00f5i elutoale, kus p\u00f5randapinda on napilt, aga sa tahad rohkem rohelust. Kasvata \u00fcrte, salatit, maasikaid ja v\u00e4iksemaid lehtk\u00f6\u00f6givilju \u2013 k\u00f5ik korraga, \u00fchel kompaktsel pinnal. P\u00f5hiomadused Vertikaalne kompaktne disain \u2013 sobib kortermajja, v\u00e4ikesesse k\u00f6\u00f6ki ja r\u00f5dule Sisseehitatud veepaak \u2013 kastad harvemini ja\u2026","rel":"","context":"Similar post","block_context":{"text":"Similar post","link":""},"img":{"alt_text":"","src":"https:\/\/i0.wp.com\/indoorgarden.ee\/wp-content\/uploads\/2026\/02\/macetero-vertical-negro0-1.jpg?resize=350%2C200&ssl=1","width":350,"height":200,"srcset":"https:\/\/i0.wp.com\/indoorgarden.ee\/wp-content\/uploads\/2026\/02\/macetero-vertical-negro0-1.jpg?resize=350%2C200&ssl=1 1x, https:\/\/i0.wp.com\/indoorgarden.ee\/wp-content\/uploads\/2026\/02\/macetero-vertical-negro0-1.jpg?resize=525%2C300&ssl=1 1.5x, https:\/\/i0.wp.com\/indoorgarden.ee\/wp-content\/uploads\/2026\/02\/macetero-vertical-negro0-1.jpg?resize=700%2C400&ssl=1 2x"},"classes":[]},{"id":5287,"url":"https:\/\/indoorgarden.ee\/et\/toode\/citysens-vertikaalne-taimepott-must-3-pesaline-kasitsi-kastmisega\/","url_meta":{"origin":5322,"position":4},"title":"CitySens vertikaalne taimepott \u2013 must 3-pesaline k\u00e4sitsi kastmisega","author":"admin","date":"14. veebr. 2026","format":false,"excerpt":"CitySens vertikaalne taimepott on praktiline lahendus v\u00e4ikesele k\u00f6\u00f6gile, r\u00f5dule v\u00f5i elutoale, kus p\u00f5randapinda on napilt, aga sa tahad rohkem rohelust. Kasvata \u00fcrte, salatit, maasikaid ja v\u00e4iksemaid lehtk\u00f6\u00f6givilju \u2013 k\u00f5ik korraga, \u00fchel kompaktsel pinnal. P\u00f5hiomadused Vertikaalne kompaktne disain \u2013 sobib kortermajja, v\u00e4ikesesse k\u00f6\u00f6ki ja r\u00f5dule Sisseehitatud veepaak \u2013 kastad harvemini ja\u2026","rel":"","context":"Similar post","block_context":{"text":"Similar post","link":""},"img":{"alt_text":"","src":"https:\/\/i0.wp.com\/indoorgarden.ee\/wp-content\/uploads\/2026\/02\/macetero-vertical-negro0.jpg?resize=350%2C200&ssl=1","width":350,"height":200},"classes":[]},{"id":5290,"url":"https:\/\/indoorgarden.ee\/et\/toode\/citysens-vertikaalne-taimepott-valge-4-pesaline-kasitsi-kastmisega-toitained-kaasas\/","url_meta":{"origin":5322,"position":5},"title":"CitySens vertikaalne taimepott \u2013 valge 4-pesaline k\u00e4sitsi kastmisega (toitained kaasas)","author":"admin","date":"14. veebr. 2026","format":false,"excerpt":"CitySens vertikaalne taimepott on praktiline lahendus v\u00e4ikesele k\u00f6\u00f6gile, r\u00f5dule v\u00f5i elutoale, kus p\u00f5randapinda on napilt, aga sa tahad rohkem rohelust. Kasvata \u00fcrte, salatit, maasikaid ja v\u00e4iksemaid lehtk\u00f6\u00f6givilju \u2013 k\u00f5ik korraga, \u00fchel kompaktsel pinnal. P\u00f5hiomadused Vertikaalne kompaktne disain \u2013 sobib kortermajja, v\u00e4ikesesse k\u00f6\u00f6ki ja r\u00f5dule Sisseehitatud veepaak \u2013 kastad harvemini ja\u2026","rel":"","context":"Similar post","block_context":{"text":"Similar post","link":""},"img":{"alt_text":"","src":"https:\/\/i0.wp.com\/indoorgarden.ee\/wp-content\/uploads\/2026\/02\/macetero-vertical-blanco0-2.jpg?resize=350%2C200&ssl=1","width":350,"height":200,"srcset":"https:\/\/i0.wp.com\/indoorgarden.ee\/wp-content\/uploads\/2026\/02\/macetero-vertical-blanco0-2.jpg?resize=350%2C200&ssl=1 1x, https:\/\/i0.wp.com\/indoorgarden.ee\/wp-content\/uploads\/2026\/02\/macetero-vertical-blanco0-2.jpg?resize=525%2C300&ssl=1 1.5x, https:\/\/i0.wp.com\/indoorgarden.ee\/wp-content\/uploads\/2026\/02\/macetero-vertical-blanco0-2.jpg?resize=700%2C400&ssl=1 2x"},"classes":[]}],"_links":{"self":[{"href":"https:\/\/indoorgarden.ee\/et\/wp-json\/wp\/v2\/product\/5322","targetHints":{"allow":["GET"]}}],"collection":[{"href":"https:\/\/indoorgarden.ee\/et\/wp-json\/wp\/v2\/product"}],"about":[{"href":"https:\/\/indoorgarden.ee\/et\/wp-json\/wp\/v2\/types\/product"}],"replies":[{"embeddable":true,"href":"https:\/\/indoorgarden.ee\/et\/wp-json\/wp\/v2\/comments?post=5322"}],"wp:featuredmedia":[{"embeddable":true,"href":"https:\/\/indoorgarden.ee\/et\/wp-json\/wp\/v2\/media\/2754"}],"wp:attachment":[{"href":"https:\/\/indoorgarden.ee\/et\/wp-json\/wp\/v2\/media?parent=5322"}],"wp:term":[{"taxonomy":"product_brand","embeddable":true,"href":"https:\/\/indoorgarden.ee\/et\/wp-json\/wp\/v2\/product_brand?post=5322"},{"taxonomy":"product_cat","embeddable":true,"href":"https:\/\/indoorgarden.ee\/et\/wp-json\/wp\/v2\/product_cat?post=5322"},{"taxonomy":"product_tag","embeddable":true,"href":"https:\/\/indoorgarden.ee\/et\/wp-json\/wp\/v2\/product_tag?post=5322"}],"curies":[{"name":"wp","href":"https:\/\/api.w.org\/{rel}","templated":true}]}}