{"id":5320,"date":"2026-01-29T17:46:15","date_gmt":"2026-01-29T15:46:15","guid":{"rendered":"https:\/\/indoorgarden.ee\/product\/letpot-tark-kasvulamp-toataimedele-100-w-taisspekter-api-ja-kaugjuhtimine-seisva-voi-rippuva-paigaldusega-el-adapter\/"},"modified":"2026-04-27T09:17:35","modified_gmt":"2026-04-27T06:17:35","slug":"letpot-tark-kasvulamp-toataimedele-100-w-taisspekter-api-ja-kaugjuhtimine-seisva-voi-rippuva-paigaldusega-el-adapter","status":"publish","type":"product","link":"https:\/\/indoorgarden.ee\/et\/toode\/letpot-tark-kasvulamp-toataimedele-100-w-taisspekter-api-ja-kaugjuhtimine-seisva-voi-rippuva-paigaldusega-el-adapter\/","title":{"rendered":"LetPot tark kasvulamp toataimedele (100 W) \u2013 t\u00e4isspekter, \u00e4pi- ja kaugjuhtimine, seisva v\u00f5i rippuva paigaldusega (EL-adapter)"},"content":{"rendered":"<p>LetPot tark kasvulamp toataimedele (100 W) \u2013 kvaliteetne valik IndoorGarden-i sortimendist. Sobib sisetingimustes taimede kasvatamiseks ja taimehoolduseks.<\/p>\n<h3>Kellele sobib<\/h3>\n<p>Sobib taimes\u00f5pradele, kes kasvatavad sisetingimustes \u00fcrte, salatit, k\u00f6\u00f6givilju v\u00f5i toataimi. IndoorGarden-i sortimendis leiad kogu vajaliku oma sisekasvatuse jaoks.<\/p>\n<h3>Hooldus<\/h3>\n<p>J\u00e4rgi tootja juhiseid parimaks tulemuseks. Aastaringne saatmine \u00fcle Eesti ja eestikeelne klienditugi.<\/p>\n","protected":false},"excerpt":{"rendered":"<p>LetPot 100W smart grow light with full spectrum LEDs for indoor plants. App and remote controlled, height adjustable from approx. 10\u2013183 cm, with standing or hanging setup options. Provides even, powerful light coverage up to 60 \u00d7 90 cm for all plant growth stages.<\/p>\n","protected":false},"featured_media":3009,"comment_status":"closed","ping_status":"closed","template":"","meta":[],"product_brand":[125],"product_cat":[81,101],"product_tag":[],"class_list":{"0":"post-5320","1":"product","2":"type-product","3":"status-publish","4":"has-post-thumbnail","6":"product_brand-letpot-et","7":"product_cat-aiatarvikud","8":"product_cat-kasvulambid","10":"first","11":"instock","12":"taxable","13":"shipping-taxable","14":"purchasable","15":"product-type-simple"},"jetpack_sharing_enabled":true,"jetpack-related-posts":[{"id":5211,"url":"https:\/\/indoorgarden.ee\/et\/toode\/letpot-ss-pro-tark-seemikute-idanduskomplekt-24-w-taisspektri-kasvulamp-ja-24-w-kuumutusplaat-apijuhitavusega\/","url_meta":{"origin":5320,"position":0},"title":"LetPot SS-Pro tark seemikute idanduskomplekt \u2013 24 W t\u00e4isspektri kasvulamp ja 24 W kuumutusplaat \u00e4pijuhitavusega","author":"admin","date":"23. veebr. 2026","format":false,"excerpt":"Temporarily Sold Out! Preorder now and get yours by 01-10 May! LetPot SS-Pro smart seed starter kit with 24W full-spectrum grow light, 24W heated base, and real-time EC & temperature monitoring. App and touchscreen controlled with adjustable humidity dome and stable \u00b11 \u00b0C heating precision. Designed for stronger, more uniform\u2026","rel":"","context":"Similar post","block_context":{"text":"Similar post","link":""},"img":{"alt_text":"","src":"https:\/\/i0.wp.com\/indoorgarden.ee\/wp-content\/uploads\/2026\/02\/SmartSeedStarterSS-Pro.webp?resize=350%2C200&ssl=1","width":350,"height":200,"srcset":"https:\/\/i0.wp.com\/indoorgarden.ee\/wp-content\/uploads\/2026\/02\/SmartSeedStarterSS-Pro.webp?resize=350%2C200&ssl=1 1x, https:\/\/i0.wp.com\/indoorgarden.ee\/wp-content\/uploads\/2026\/02\/SmartSeedStarterSS-Pro.webp?resize=525%2C300&ssl=1 1.5x, https:\/\/i0.wp.com\/indoorgarden.ee\/wp-content\/uploads\/2026\/02\/SmartSeedStarterSS-Pro.webp?resize=700%2C400&ssl=1 2x, https:\/\/i0.wp.com\/indoorgarden.ee\/wp-content\/uploads\/2026\/02\/SmartSeedStarterSS-Pro.webp?resize=1050%2C600&ssl=1 3x, https:\/\/i0.wp.com\/indoorgarden.ee\/wp-content\/uploads\/2026\/02\/SmartSeedStarterSS-Pro.webp?resize=1400%2C800&ssl=1 4x"},"classes":[]},{"id":5207,"url":"https:\/\/indoorgarden.ee\/et\/toode\/letpot-mini-urdiaia-stardikomplekt-taielik-hudropoonikakomplekt-mahedate-basiiliku-peterselli-ja-tilliseemnetega\/","url_meta":{"origin":5320,"position":1},"title":"LetPot Mini \u00fcrdiaia stardikomplekt \u2013 t\u00e4ielik h\u00fcdropoonikakomplekt mahedate basiiliku, peterselli ja tilliseemnetega","author":"admin","date":"25. m\u00e4rts 2026","format":false,"excerpt":"LetPot Mini \u00fcrdiaia stardikomplekt \u2013 kvaliteetne valik IndoorGarden-i sortimendist. Sobib sisetingimustes taimede kasvatamiseks ja taimehoolduseks. Kellele sobib Sobib taimes\u00f5pradele, kes kasvatavad sisetingimustes \u00fcrte, salatit, k\u00f6\u00f6givilju v\u00f5i toataimi. IndoorGarden-i sortimendis leiad kogu vajaliku oma sisekasvatuse jaoks. Hooldus J\u00e4rgi tootja juhiseid parimaks tulemuseks. Aastaringne saatmine \u00fcle Eesti ja eestikeelne klienditugi.","rel":"","context":"Similar post","block_context":{"text":"Similar post","link":""},"img":{"alt_text":"","src":"https:\/\/i0.wp.com\/indoorgarden.ee\/wp-content\/uploads\/2026\/03\/LetPot-Mini-Herb-Garden-Starter-Bundle-%E2%80%93-Complete-Hydroponic-Kit-with-Organic-Basil-Parsley-Dill-Seeds.png?resize=350%2C200&ssl=1","width":350,"height":200,"srcset":"https:\/\/i0.wp.com\/indoorgarden.ee\/wp-content\/uploads\/2026\/03\/LetPot-Mini-Herb-Garden-Starter-Bundle-%E2%80%93-Complete-Hydroponic-Kit-with-Organic-Basil-Parsley-Dill-Seeds.png?resize=350%2C200&ssl=1 1x, https:\/\/i0.wp.com\/indoorgarden.ee\/wp-content\/uploads\/2026\/03\/LetPot-Mini-Herb-Garden-Starter-Bundle-%E2%80%93-Complete-Hydroponic-Kit-with-Organic-Basil-Parsley-Dill-Seeds.png?resize=525%2C300&ssl=1 1.5x, https:\/\/i0.wp.com\/indoorgarden.ee\/wp-content\/uploads\/2026\/03\/LetPot-Mini-Herb-Garden-Starter-Bundle-%E2%80%93-Complete-Hydroponic-Kit-with-Organic-Basil-Parsley-Dill-Seeds.png?resize=700%2C400&ssl=1 2x, https:\/\/i0.wp.com\/indoorgarden.ee\/wp-content\/uploads\/2026\/03\/LetPot-Mini-Herb-Garden-Starter-Bundle-%E2%80%93-Complete-Hydroponic-Kit-with-Organic-Basil-Parsley-Dill-Seeds.png?resize=1050%2C600&ssl=1 3x"},"classes":[]},{"id":5240,"url":"https:\/\/indoorgarden.ee\/et\/toode\/prosperplast-plastpott-valge-15-cm-alustassiga\/","url_meta":{"origin":5320,"position":2},"title":"Prosperplast plastpott valge 15 cm alustassiga","author":"admin","date":"22. veebr. 2026","format":false,"excerpt":"Prosperplast plastpott valge 15 cm alustassiga \u2013 kvaliteetne taimepott sisetingimuste taimekasvatuseks. Tugev konstruktsioon, sobib aastatepikkuseks kasutuseks. Kellele sobib Sobib toataimedele, \u00fcrtidele ja teistele sisetingimustes kasvavatele taimedele. Praktiline lahendus k\u00f6\u00f6gi t\u00f6\u00f6pinnale, aknalauale v\u00f5i elutuppa. IndoorGarden-ist leiad kogu valiku taimepotte ja sisekasvatuse tarvikuid.","rel":"","context":"Similar post","block_context":{"text":"Similar post","link":""},"img":{"alt_text":"","src":"https:\/\/i0.wp.com\/indoorgarden.ee\/wp-content\/uploads\/2026\/02\/plastic-pot-white-15cm.png?resize=350%2C200&ssl=1","width":350,"height":200},"classes":[]},{"id":5237,"url":"https:\/\/indoorgarden.ee\/et\/toode\/plastpott-alustassiga-roheline-15-x-15-cm-68002\/","url_meta":{"origin":5320,"position":3},"title":"Plastpott alustassiga roheline 15 \u00d7 15 cm (68002)","author":"admin","date":"22. veebr. 2026","format":false,"excerpt":"Plastpott alustassiga roheline 15 \u00d7 15 cm (68002) \u2013 kvaliteetne taimepott sisetingimuste taimekasvatuseks. Tugev konstruktsioon, sobib aastatepikkuseks kasutuseks. Kellele sobib Sobib toataimedele, \u00fcrtidele ja teistele sisetingimustes kasvavatele taimedele. Praktiline lahendus k\u00f6\u00f6gi t\u00f6\u00f6pinnale, aknalauale v\u00f5i elutuppa. IndoorGarden-ist leiad kogu valiku taimepotte ja sisekasvatuse tarvikuid.","rel":"","context":"Similar post","block_context":{"text":"Similar post","link":""},"img":{"alt_text":"","src":"https:\/\/i0.wp.com\/indoorgarden.ee\/wp-content\/uploads\/2026\/02\/plastic-pot-with-saucer-green-15x15cm-68002.png?resize=350%2C200&ssl=1","width":350,"height":200},"classes":[]},{"id":5236,"url":"https:\/\/indoorgarden.ee\/et\/toode\/plastpott-alustassiga-valge-15-x-15-cm-68000\/","url_meta":{"origin":5320,"position":4},"title":"Plastpott alustassiga valge 15 \u00d7 15 cm (68000)","author":"admin","date":"22. veebr. 2026","format":false,"excerpt":"Plastpott alustassiga valge 15 \u00d7 15 cm (68000) \u2013 kvaliteetne taimepott sisetingimuste taimekasvatuseks. Tugev konstruktsioon, sobib aastatepikkuseks kasutuseks. Kellele sobib Sobib toataimedele, \u00fcrtidele ja teistele sisetingimustes kasvavatele taimedele. Praktiline lahendus k\u00f6\u00f6gi t\u00f6\u00f6pinnale, aknalauale v\u00f5i elutuppa. IndoorGarden-ist leiad kogu valiku taimepotte ja sisekasvatuse tarvikuid.","rel":"","context":"Similar post","block_context":{"text":"Similar post","link":""},"img":{"alt_text":"","src":"https:\/\/i0.wp.com\/indoorgarden.ee\/wp-content\/uploads\/2026\/02\/plastic-pot-with-saucer-white-15x15cm-68000.png?resize=350%2C200&ssl=1","width":350,"height":200},"classes":[]},{"id":5322,"url":"https:\/\/indoorgarden.ee\/et\/toode\/elho-happy-herbs-14-cm-roheline-urdipott-sisseehitatud-veepaagiga\/","url_meta":{"origin":5320,"position":5},"title":"Elho Happy Herbs 14 cm \u2013 roheline \u00fcrdipott sisseehitatud veepaagiga","author":"admin","date":"16. jaan. 2026","format":false,"excerpt":"Elho Happy Herbs 14 cm rohelises. Sisseehitatud veepaagiga \u00fcrdipott, mis hoiab maitsetaimed pikemalt v\u00e4rsked ja v\u00e4hendab kastmise vajadust.","rel":"","context":"Similar post","block_context":{"text":"Similar post","link":""},"img":{"alt_text":"","src":"https:\/\/i0.wp.com\/indoorgarden.ee\/wp-content\/uploads\/2026\/01\/happy_herbs_15cm_leaf_green.thymus.c1.webp?resize=350%2C200&ssl=1","width":350,"height":200,"srcset":"https:\/\/i0.wp.com\/indoorgarden.ee\/wp-content\/uploads\/2026\/01\/happy_herbs_15cm_leaf_green.thymus.c1.webp?resize=350%2C200&ssl=1 1x, https:\/\/i0.wp.com\/indoorgarden.ee\/wp-content\/uploads\/2026\/01\/happy_herbs_15cm_leaf_green.thymus.c1.webp?resize=525%2C300&ssl=1 1.5x, https:\/\/i0.wp.com\/indoorgarden.ee\/wp-content\/uploads\/2026\/01\/happy_herbs_15cm_leaf_green.thymus.c1.webp?resize=700%2C400&ssl=1 2x, https:\/\/i0.wp.com\/indoorgarden.ee\/wp-content\/uploads\/2026\/01\/happy_herbs_15cm_leaf_green.thymus.c1.webp?resize=1050%2C600&ssl=1 3x, https:\/\/i0.wp.com\/indoorgarden.ee\/wp-content\/uploads\/2026\/01\/happy_herbs_15cm_leaf_green.thymus.c1.webp?resize=1400%2C800&ssl=1 4x"},"classes":[]}],"_links":{"self":[{"href":"https:\/\/indoorgarden.ee\/et\/wp-json\/wp\/v2\/product\/5320","targetHints":{"allow":["GET"]}}],"collection":[{"href":"https:\/\/indoorgarden.ee\/et\/wp-json\/wp\/v2\/product"}],"about":[{"href":"https:\/\/indoorgarden.ee\/et\/wp-json\/wp\/v2\/types\/product"}],"replies":[{"embeddable":true,"href":"https:\/\/indoorgarden.ee\/et\/wp-json\/wp\/v2\/comments?post=5320"}],"wp:featuredmedia":[{"embeddable":true,"href":"https:\/\/indoorgarden.ee\/et\/wp-json\/wp\/v2\/media\/3009"}],"wp:attachment":[{"href":"https:\/\/indoorgarden.ee\/et\/wp-json\/wp\/v2\/media?parent=5320"}],"wp:term":[{"taxonomy":"product_brand","embeddable":true,"href":"https:\/\/indoorgarden.ee\/et\/wp-json\/wp\/v2\/product_brand?post=5320"},{"taxonomy":"product_cat","embeddable":true,"href":"https:\/\/indoorgarden.ee\/et\/wp-json\/wp\/v2\/product_cat?post=5320"},{"taxonomy":"product_tag","embeddable":true,"href":"https:\/\/indoorgarden.ee\/et\/wp-json\/wp\/v2\/product_tag?post=5320"}],"curies":[{"name":"wp","href":"https:\/\/api.w.org\/{rel}","templated":true}]}}