{"id":5318,"date":"2026-02-14T13:01:31","date_gmt":"2026-02-14T11:01:31","guid":{"rendered":"https:\/\/indoorgarden.ee\/product\/citysens-labipaistev-taimepott-mannistugiga-rohelise-alusega-hudropooniline-klaastaimepott-3d-prinditud-puitalusega\/"},"modified":"2026-04-27T09:15:59","modified_gmt":"2026-04-27T06:15:59","slug":"citysens-labipaistev-taimepott-mannistugiga-rohelise-alusega-hudropooniline-klaastaimepott-3d-prinditud-puitalusega","status":"publish","type":"product","link":"https:\/\/indoorgarden.ee\/et\/toode\/citysens-labipaistev-taimepott-mannistugiga-rohelise-alusega-hudropooniline-klaastaimepott-3d-prinditud-puitalusega\/","title":{"rendered":"CitySens l\u00e4bipaistev taimepott m\u00e4nnistugiga \u2013 rohelise alusega h\u00fcdropooniline klaastaimepott 3D-prinditud puitalusega"},"content":{"rendered":"<p>CitySens l\u00e4bipaistev taimepott m\u00e4nnistugiga on disainerlik h\u00fcdropooniline klaastaimepott 3D-prinditud m\u00e4nnipuust alusega. Heledamat tooni dekoratiivne element tuppa v\u00f5i k\u00f6\u00f6ki.<\/p>\n<h3>P\u00f5hiomadused<\/h3>\n<ul>\n<li><strong>Klaaspott<\/strong> \u2013 n\u00e4ed selgelt taime juurte arengut h\u00fcdropoonikas<\/li>\n<li><strong>3D-prinditud m\u00e4nnipuust alus<\/strong> \u2013 hele puit, sobib skandinaavia stiili<\/li>\n<li><strong>H\u00fcdropooniline s\u00fcsteem<\/strong> \u2013 kasvata \u00fcrte ja toataimi ilma mullata<\/li>\n<li><strong>Disainerlik kingitus<\/strong> \u2013 sobib taimes\u00f5brale v\u00f5i iseendale<\/li>\n<\/ul>\n<h3>Kellele sobib<\/h3>\n<p>Sobib heledama puidu armastajatele ja skandinaavia stiili austajatele. Hea valik elutoa v\u00f5i k\u00f6\u00f6gi dekoratiivseks elemendiks.<\/p>\n","protected":false},"excerpt":{"rendered":"<p>CitySens l\u00e4bipaistev taimepott m\u00e4nnistugiga on disainerlik h\u00fcdropooniline klaastaimepott 3D-prinditud m\u00e4nnipuust alusega. Heledamat tooni dekoratiivne element tuppa v\u00f5i k\u00f6\u00f6ki. P\u00f5hiomadused Klaaspott \u2013 n\u00e4ed selgelt taime juurte arengut h\u00fcdropoonikas 3D-prinditud m\u00e4nnipuust alus \u2013 hele puit, sobib skandinaavia stiili H\u00fcdropooniline s\u00fcsteem \u2013 kasvata \u00fcrte ja toataimi ilma mullata Disainerlik kingitus \u2013 sobib taimes\u00f5brale v\u00f5i iseendale Kellele sobib Sobib [&hellip;]<\/p>\n","protected":false},"featured_media":4455,"comment_status":"open","ping_status":"closed","template":"","meta":[],"product_brand":[317],"product_cat":[138,301],"product_tag":[],"class_list":{"0":"post-5318","1":"product","2":"type-product","3":"status-publish","4":"has-post-thumbnail","6":"product_brand-citysens-et","7":"product_cat-kingitused-aianduse-huvilistele","8":"product_cat-kingitused-alla-60-e","10":"first","11":"instock","12":"taxable","13":"shipping-taxable","14":"purchasable","15":"product-type-simple"},"jetpack_sharing_enabled":true,"jetpack-related-posts":[{"id":5319,"url":"https:\/\/indoorgarden.ee\/et\/toode\/citysens-labipaistev-taimepott-mannistugiga-matt-valge-alusega-hudropooniline-klaastaimepott-3d-prinditud-puitalusega\/","url_meta":{"origin":5318,"position":0},"title":"CitySens l\u00e4bipaistev taimepott m\u00e4nnistugiga \u2013 matt-valge alusega h\u00fcdropooniline klaastaimepott 3D-prinditud puitalusega","author":"admin","date":"14. veebr. 2026","format":false,"excerpt":"CitySens l\u00e4bipaistev taimepott m\u00e4nnistugiga on disainerlik h\u00fcdropooniline klaastaimepott 3D-prinditud m\u00e4nnipuust alusega. Heledamat tooni dekoratiivne element tuppa v\u00f5i k\u00f6\u00f6ki. P\u00f5hiomadused Klaaspott \u2013 n\u00e4ed selgelt taime juurte arengut h\u00fcdropoonikas 3D-prinditud m\u00e4nnipuust alus \u2013 hele puit, sobib skandinaavia stiili H\u00fcdropooniline s\u00fcsteem \u2013 kasvata \u00fcrte ja toataimi ilma mullata Disainerlik kingitus \u2013 sobib taimes\u00f5brale\u2026","rel":"","context":"Similar post","block_context":{"text":"Similar post","link":""},"img":{"alt_text":"","src":"https:\/\/i0.wp.com\/indoorgarden.ee\/wp-content\/uploads\/2026\/02\/Foto-31-scaled.jpg?resize=350%2C200&ssl=1","width":350,"height":200,"srcset":"https:\/\/i0.wp.com\/indoorgarden.ee\/wp-content\/uploads\/2026\/02\/Foto-31-scaled.jpg?resize=350%2C200&ssl=1 1x, https:\/\/i0.wp.com\/indoorgarden.ee\/wp-content\/uploads\/2026\/02\/Foto-31-scaled.jpg?resize=525%2C300&ssl=1 1.5x, https:\/\/i0.wp.com\/indoorgarden.ee\/wp-content\/uploads\/2026\/02\/Foto-31-scaled.jpg?resize=700%2C400&ssl=1 2x, https:\/\/i0.wp.com\/indoorgarden.ee\/wp-content\/uploads\/2026\/02\/Foto-31-scaled.jpg?resize=1050%2C600&ssl=1 3x, https:\/\/i0.wp.com\/indoorgarden.ee\/wp-content\/uploads\/2026\/02\/Foto-31-scaled.jpg?resize=1400%2C800&ssl=1 4x"},"classes":[]},{"id":5317,"url":"https:\/\/indoorgarden.ee\/et\/toode\/citysens-labipaistev-taimepott-eebenistugiga-rohelise-alusega-hudropooniline-klaastaimepott-3d-prinditud-puitalusega\/","url_meta":{"origin":5318,"position":1},"title":"CitySens l\u00e4bipaistev taimepott eebenistugiga \u2013 rohelise alusega h\u00fcdropooniline klaastaimepott 3D-prinditud puitalusega","author":"admin","date":"14. veebr. 2026","format":false,"excerpt":"CitySens l\u00e4bipaistev taimepott eebenistugiga on disainerlik h\u00fcdropooniline klaastaimepott 3D-prinditud puitalusega. Sobib elutuppa, k\u00f6\u00f6ki v\u00f5i kontorisse stiilseks dekoratiivseks elemendiks. P\u00f5hiomadused Klaaspott \u2013 n\u00e4ed selgelt taime juurte arengut h\u00fcdropoonikas 3D-prinditud puitalus \u2013 tugev ja stiilne ebenipuust alus H\u00fcdropooniline s\u00fcsteem \u2013 kasvata \u00fcrte ja toataimi ilma mullata Disainerlik element \u2013 sobib kingituseks ja\u2026","rel":"","context":"Similar post","block_context":{"text":"Similar post","link":""},"img":{"alt_text":"","src":"https:\/\/i0.wp.com\/indoorgarden.ee\/wp-content\/uploads\/2026\/02\/Foto-21-scaled.jpg?resize=350%2C200&ssl=1","width":350,"height":200,"srcset":"https:\/\/i0.wp.com\/indoorgarden.ee\/wp-content\/uploads\/2026\/02\/Foto-21-scaled.jpg?resize=350%2C200&ssl=1 1x, https:\/\/i0.wp.com\/indoorgarden.ee\/wp-content\/uploads\/2026\/02\/Foto-21-scaled.jpg?resize=525%2C300&ssl=1 1.5x, https:\/\/i0.wp.com\/indoorgarden.ee\/wp-content\/uploads\/2026\/02\/Foto-21-scaled.jpg?resize=700%2C400&ssl=1 2x, https:\/\/i0.wp.com\/indoorgarden.ee\/wp-content\/uploads\/2026\/02\/Foto-21-scaled.jpg?resize=1050%2C600&ssl=1 3x, https:\/\/i0.wp.com\/indoorgarden.ee\/wp-content\/uploads\/2026\/02\/Foto-21-scaled.jpg?resize=1400%2C800&ssl=1 4x"},"classes":[]},{"id":5316,"url":"https:\/\/indoorgarden.ee\/et\/toode\/citysens-labipaistev-taimepott-eebenistugiga-merevaiguvarvi-alusega-hudropooniline-klaastaimepott-3d-prinditud-puitalusega\/","url_meta":{"origin":5318,"position":2},"title":"CitySens l\u00e4bipaistev taimepott eebenistugiga \u2013 merevaiguv\u00e4rvi alusega h\u00fcdropooniline klaastaimepott 3D-prinditud puitalusega","author":"admin","date":"14. veebr. 2026","format":false,"excerpt":"CitySens l\u00e4bipaistev taimepott eebenistugiga on disainerlik h\u00fcdropooniline klaastaimepott 3D-prinditud puitalusega. Sobib elutuppa, k\u00f6\u00f6ki v\u00f5i kontorisse stiilseks dekoratiivseks elemendiks. P\u00f5hiomadused Klaaspott \u2013 n\u00e4ed selgelt taime juurte arengut h\u00fcdropoonikas 3D-prinditud puitalus \u2013 tugev ja stiilne ebenipuust alus H\u00fcdropooniline s\u00fcsteem \u2013 kasvata \u00fcrte ja toataimi ilma mullata Disainerlik element \u2013 sobib kingituseks ja\u2026","rel":"","context":"Similar post","block_context":{"text":"Similar post","link":""},"img":{"alt_text":"","src":"https:\/\/i0.wp.com\/indoorgarden.ee\/wp-content\/uploads\/2026\/02\/Foto-11-scaled.jpg?resize=350%2C200&ssl=1","width":350,"height":200,"srcset":"https:\/\/i0.wp.com\/indoorgarden.ee\/wp-content\/uploads\/2026\/02\/Foto-11-scaled.jpg?resize=350%2C200&ssl=1 1x, https:\/\/i0.wp.com\/indoorgarden.ee\/wp-content\/uploads\/2026\/02\/Foto-11-scaled.jpg?resize=525%2C300&ssl=1 1.5x, https:\/\/i0.wp.com\/indoorgarden.ee\/wp-content\/uploads\/2026\/02\/Foto-11-scaled.jpg?resize=700%2C400&ssl=1 2x, https:\/\/i0.wp.com\/indoorgarden.ee\/wp-content\/uploads\/2026\/02\/Foto-11-scaled.jpg?resize=1050%2C600&ssl=1 3x, https:\/\/i0.wp.com\/indoorgarden.ee\/wp-content\/uploads\/2026\/02\/Foto-11-scaled.jpg?resize=1400%2C800&ssl=1 4x"},"classes":[]},{"id":1936,"url":"https:\/\/indoorgarden.ee\/et\/toode\/botanium-smart-hydroponic-pot-skandinaavia-disainiga-siseaed-automaatse-kastmisega\/","url_meta":{"origin":5318,"position":3},"title":"Botanium nutipott \u2013 Skandinaavia disainiga sisetingimuste h\u00fcdropooniline aed automaatse kastmisega","author":"admin","date":"2. sept. 2025","format":false,"excerpt":"Botanium nutipott. Skandinaavia disainiga h\u00fcdropooniline lauamudel, mis kastab taime automaatselt \u2013 sobib basiilikule, \u00fcrtidele ja v\u00e4ikestele toataimedele.","rel":"","context":"Similar post","block_context":{"text":"Similar post","link":""},"img":{"alt_text":"","src":"https:\/\/i0.wp.com\/indoorgarden.ee\/wp-content\/uploads\/2025\/09\/botanium-1_1800x1800.webp?resize=350%2C200&ssl=1","width":350,"height":200,"srcset":"https:\/\/i0.wp.com\/indoorgarden.ee\/wp-content\/uploads\/2025\/09\/botanium-1_1800x1800.webp?resize=350%2C200&ssl=1 1x, https:\/\/i0.wp.com\/indoorgarden.ee\/wp-content\/uploads\/2025\/09\/botanium-1_1800x1800.webp?resize=525%2C300&ssl=1 1.5x, https:\/\/i0.wp.com\/indoorgarden.ee\/wp-content\/uploads\/2025\/09\/botanium-1_1800x1800.webp?resize=700%2C400&ssl=1 2x, https:\/\/i0.wp.com\/indoorgarden.ee\/wp-content\/uploads\/2025\/09\/botanium-1_1800x1800.webp?resize=1050%2C600&ssl=1 3x"},"classes":[]},{"id":5245,"url":"https:\/\/indoorgarden.ee\/et\/toode\/citysens-vees-tootav-pump-vaikne-el-pistikuga-pump-vertikaalsetele-taimepottidele-2-3-voi-4-potti\/","url_meta":{"origin":5318,"position":4},"title":"CitySens vees t\u00f6\u00f6tav pump \u2013 vaikne EL-pistikuga pump vertikaalsetele taimepottidele (2, 3 v\u00f5i 4 potti)","author":"admin","date":"14. veebr. 2026","format":false,"excerpt":"CitySens vees t\u00f6\u00f6tav pump \u2013 kvaliteetne taimepott sisetingimuste taimekasvatuseks. Tugev konstruktsioon, sobib aastatepikkuseks kasutuseks. Kellele sobib Sobib toataimedele, \u00fcrtidele ja teistele sisetingimustes kasvavatele taimedele. Praktiline lahendus k\u00f6\u00f6gi t\u00f6\u00f6pinnale, aknalauale v\u00f5i elutuppa. IndoorGarden-ist leiad kogu valiku taimepotte ja sisekasvatuse tarvikuid.","rel":"","context":"Similar post","block_context":{"text":"Similar post","link":""},"img":{"alt_text":"","src":"https:\/\/i0.wp.com\/indoorgarden.ee\/wp-content\/uploads\/2026\/02\/submersible-water-pump.jpg?resize=350%2C200&ssl=1","width":350,"height":200,"srcset":"https:\/\/i0.wp.com\/indoorgarden.ee\/wp-content\/uploads\/2026\/02\/submersible-water-pump.jpg?resize=350%2C200&ssl=1 1x, https:\/\/i0.wp.com\/indoorgarden.ee\/wp-content\/uploads\/2026\/02\/submersible-water-pump.jpg?resize=525%2C300&ssl=1 1.5x, https:\/\/i0.wp.com\/indoorgarden.ee\/wp-content\/uploads\/2026\/02\/submersible-water-pump.jpg?resize=700%2C400&ssl=1 2x"},"classes":[]},{"id":5286,"url":"https:\/\/indoorgarden.ee\/et\/toode\/citysens-vertikaalne-taimepott-must-4-pesaline-kasitsi-kastmisega\/","url_meta":{"origin":5318,"position":5},"title":"CitySens vertikaalne taimepott \u2013 must 4-pesaline k\u00e4sitsi kastmisega","author":"admin","date":"14. veebr. 2026","format":false,"excerpt":"CitySens vertikaalne taimepott on praktiline lahendus v\u00e4ikesele k\u00f6\u00f6gile, r\u00f5dule v\u00f5i elutoale, kus p\u00f5randapinda on napilt, aga sa tahad rohkem rohelust. Kasvata \u00fcrte, salatit, maasikaid ja v\u00e4iksemaid lehtk\u00f6\u00f6givilju \u2013 k\u00f5ik korraga, \u00fchel kompaktsel pinnal. P\u00f5hiomadused Vertikaalne kompaktne disain \u2013 sobib kortermajja, v\u00e4ikesesse k\u00f6\u00f6ki ja r\u00f5dule Sisseehitatud veepaak \u2013 kastad harvemini ja\u2026","rel":"","context":"Similar post","block_context":{"text":"Similar post","link":""},"img":{"alt_text":"","src":"https:\/\/i0.wp.com\/indoorgarden.ee\/wp-content\/uploads\/2026\/02\/macetero-vertical-negro0-1.jpg?resize=350%2C200&ssl=1","width":350,"height":200,"srcset":"https:\/\/i0.wp.com\/indoorgarden.ee\/wp-content\/uploads\/2026\/02\/macetero-vertical-negro0-1.jpg?resize=350%2C200&ssl=1 1x, https:\/\/i0.wp.com\/indoorgarden.ee\/wp-content\/uploads\/2026\/02\/macetero-vertical-negro0-1.jpg?resize=525%2C300&ssl=1 1.5x, https:\/\/i0.wp.com\/indoorgarden.ee\/wp-content\/uploads\/2026\/02\/macetero-vertical-negro0-1.jpg?resize=700%2C400&ssl=1 2x"},"classes":[]}],"_links":{"self":[{"href":"https:\/\/indoorgarden.ee\/et\/wp-json\/wp\/v2\/product\/5318","targetHints":{"allow":["GET"]}}],"collection":[{"href":"https:\/\/indoorgarden.ee\/et\/wp-json\/wp\/v2\/product"}],"about":[{"href":"https:\/\/indoorgarden.ee\/et\/wp-json\/wp\/v2\/types\/product"}],"replies":[{"embeddable":true,"href":"https:\/\/indoorgarden.ee\/et\/wp-json\/wp\/v2\/comments?post=5318"}],"wp:featuredmedia":[{"embeddable":true,"href":"https:\/\/indoorgarden.ee\/et\/wp-json\/wp\/v2\/media\/4455"}],"wp:attachment":[{"href":"https:\/\/indoorgarden.ee\/et\/wp-json\/wp\/v2\/media?parent=5318"}],"wp:term":[{"taxonomy":"product_brand","embeddable":true,"href":"https:\/\/indoorgarden.ee\/et\/wp-json\/wp\/v2\/product_brand?post=5318"},{"taxonomy":"product_cat","embeddable":true,"href":"https:\/\/indoorgarden.ee\/et\/wp-json\/wp\/v2\/product_cat?post=5318"},{"taxonomy":"product_tag","embeddable":true,"href":"https:\/\/indoorgarden.ee\/et\/wp-json\/wp\/v2\/product_tag?post=5318"}],"curies":[{"name":"wp","href":"https:\/\/api.w.org\/{rel}","templated":true}]}}