{"id":5314,"date":"2026-02-14T13:01:37","date_gmt":"2026-02-14T11:01:37","guid":{"rendered":"https:\/\/indoorgarden.ee\/product\/citysens-3-pakk-seinapotid-kapillaarse-isekastmisega-valge-vertikaalne-sise-ja-valitingimuste-seinapottide-komplekt\/"},"modified":"2026-04-27T09:15:07","modified_gmt":"2026-04-27T06:15:07","slug":"citysens-3-pakk-seinapotid-kapillaarse-isekastmisega-valge-vertikaalne-sise-ja-valitingimuste-seinapottide-komplekt","status":"publish","type":"product","link":"https:\/\/indoorgarden.ee\/et\/toode\/citysens-3-pakk-seinapotid-kapillaarse-isekastmisega-valge-vertikaalne-sise-ja-valitingimuste-seinapottide-komplekt\/","title":{"rendered":"CitySens 3-pakk seinapotid kapillaarse isekastmisega \u2013 valge vertikaalne sise- ja v\u00e4litingimuste seinapottide komplekt"},"content":{"rendered":"<p>CitySens seinapotid kapillaarse isekastmisega \u2013 3-pakk komplekt seinale paigaldatavaid isekastevaid taimepotte. Kasuta vertikaalpinda taimedele, s\u00e4\u00e4sta p\u00f5randaruumi.<\/p>\n<h3>P\u00f5hiomadused<\/h3>\n<ul>\n<li><strong>3 potti pakis<\/strong> \u2013 kogu seinakomplekt \u00fches karbis<\/li>\n<li><strong>Kapillaarne isekastmise s\u00fcsteem<\/strong> \u2013 taimed saavad vett vastavalt vajadusele<\/li>\n<li><strong>Sobib sise- ja v\u00e4litingimustele<\/strong> \u2013 kasuta k\u00f6\u00f6ki, r\u00f5dule v\u00f5i terrassile<\/li>\n<li><strong>Tugev konstruktsioon<\/strong> \u2013 vastupidav UV-kindel materjal<\/li>\n<\/ul>\n<h3>Kellele sobib<\/h3>\n<p>Sobib neile, kelle t\u00f6\u00f6pind ja riiulid on niigi t\u00e4is, aga seinaruumi on. Sobib h\u00e4sti k\u00f6\u00f6gile, kus tahad \u00fcrte k\u00e4ep\u00e4rast.<\/p>\n","protected":false},"excerpt":{"rendered":"<p>CitySens seinapotid kapillaarse isekastmisega \u2013 3-pakk komplekt seinale paigaldatavaid isekastevaid taimepotte. Kasuta vertikaalpinda taimedele, s\u00e4\u00e4sta p\u00f5randaruumi. P\u00f5hiomadused 3 potti pakis \u2013 kogu seinakomplekt \u00fches karbis Kapillaarne isekastmise s\u00fcsteem \u2013 taimed saavad vett vastavalt vajadusele Sobib sise- ja v\u00e4litingimustele \u2013 kasuta k\u00f6\u00f6ki, r\u00f5dule v\u00f5i terrassile Tugev konstruktsioon \u2013 vastupidav UV-kindel materjal Kellele sobib Sobib neile, kelle [&hellip;]<\/p>\n","protected":false},"featured_media":3760,"comment_status":"open","ping_status":"closed","template":"","meta":[],"product_brand":[317],"product_cat":[306],"product_tag":[],"class_list":{"0":"post-5314","1":"product","2":"type-product","3":"status-publish","4":"has-post-thumbnail","6":"product_brand-citysens-et","7":"product_cat-seinataimepotid","9":"first","10":"instock","11":"taxable","12":"shipping-taxable","13":"purchasable","14":"product-type-simple"},"jetpack_sharing_enabled":true,"jetpack-related-posts":[{"id":5309,"url":"https:\/\/indoorgarden.ee\/et\/toode\/citysens-3-pakk-seinapotid-kapillaarse-isekastmisega-must-vertikaalne-sise-ja-valitingimuste-taimepottide-komplekt\/","url_meta":{"origin":5314,"position":0},"title":"CitySens 3-pakk seinapotid kapillaarse isekastmisega \u2013 must vertikaalne sise- ja v\u00e4litingimuste taimepottide komplekt","author":"admin","date":"14. veebr. 2026","format":false,"excerpt":"CitySens seinapotid kapillaarse isekastmisega \u2013 3-pakk komplekt seinale paigaldatavaid isekastevaid taimepotte. Kasuta vertikaalpinda taimedele, s\u00e4\u00e4sta p\u00f5randaruumi. P\u00f5hiomadused 3 potti pakis \u2013 kogu seinakomplekt \u00fches karbis Kapillaarne isekastmise s\u00fcsteem \u2013 taimed saavad vett vastavalt vajadusele Sobib sise- ja v\u00e4litingimustele \u2013 kasuta k\u00f6\u00f6ki, r\u00f5dule v\u00f5i terrassile Tugev konstruktsioon \u2013 vastupidav UV-kindel materjal\u2026","rel":"","context":"Similar post","block_context":{"text":"Similar post","link":""},"img":{"alt_text":"","src":"https:\/\/i0.wp.com\/indoorgarden.ee\/wp-content\/uploads\/2026\/02\/WhatsApp-Image-2020-06-05-at-16.41.20.jpeg?resize=350%2C200&ssl=1","width":350,"height":200,"srcset":"https:\/\/i0.wp.com\/indoorgarden.ee\/wp-content\/uploads\/2026\/02\/WhatsApp-Image-2020-06-05-at-16.41.20.jpeg?resize=350%2C200&ssl=1 1x, https:\/\/i0.wp.com\/indoorgarden.ee\/wp-content\/uploads\/2026\/02\/WhatsApp-Image-2020-06-05-at-16.41.20.jpeg?resize=525%2C300&ssl=1 1.5x, https:\/\/i0.wp.com\/indoorgarden.ee\/wp-content\/uploads\/2026\/02\/WhatsApp-Image-2020-06-05-at-16.41.20.jpeg?resize=700%2C400&ssl=1 2x"},"classes":[]},{"id":5313,"url":"https:\/\/indoorgarden.ee\/et\/toode\/citysens-3-pakk-seinapotid-hall-vertikaalne-seinapottide-komplekt-sise-ja-valitingimuste-taimedele\/","url_meta":{"origin":5314,"position":1},"title":"CitySens 3-pakk seinapotid \u2013 hall vertikaalne seinapottide komplekt sise- ja v\u00e4litingimuste taimedele","author":"admin","date":"14. veebr. 2026","format":false,"excerpt":"CitySens seinapotid \u2013 3-pakk komplekt seinale paigaldatavaid taimepotte sise- ja v\u00e4litingimustele. Kasuta vertikaalpinda taimedele, s\u00e4\u00e4sta p\u00f5randaruumi. P\u00f5hiomadused 3 potti pakis \u2013 kogu seinakomplekt \u00fches karbis Sobib sise- ja v\u00e4litingimustele \u2013 kasuta k\u00f6\u00f6ki, r\u00f5dule v\u00f5i terrassile Tugev konstruktsioon \u2013 vastupidav UV-kindel materjal Lihtne paigaldada \u2013 komplektis k\u00f5ik vajaminev Kellele sobib Sobib\u2026","rel":"","context":"Similar post","block_context":{"text":"Similar post","link":""},"img":{"alt_text":"","src":"https:\/\/i0.wp.com\/indoorgarden.ee\/wp-content\/uploads\/2026\/02\/WhatsApp-Image-2020-06-05-at-16.41.197.jpeg?resize=350%2C200&ssl=1","width":350,"height":200,"srcset":"https:\/\/i0.wp.com\/indoorgarden.ee\/wp-content\/uploads\/2026\/02\/WhatsApp-Image-2020-06-05-at-16.41.197.jpeg?resize=350%2C200&ssl=1 1x, https:\/\/i0.wp.com\/indoorgarden.ee\/wp-content\/uploads\/2026\/02\/WhatsApp-Image-2020-06-05-at-16.41.197.jpeg?resize=525%2C300&ssl=1 1.5x, https:\/\/i0.wp.com\/indoorgarden.ee\/wp-content\/uploads\/2026\/02\/WhatsApp-Image-2020-06-05-at-16.41.197.jpeg?resize=700%2C400&ssl=1 2x"},"classes":[]},{"id":5315,"url":"https:\/\/indoorgarden.ee\/et\/toode\/citysens-3-pakk-seinapotid-valge-vertikaalne-seinapottide-komplekt-sise-ja-valitingimuste-taimedele\/","url_meta":{"origin":5314,"position":2},"title":"CitySens 3-pakk seinapotid \u2013 valge vertikaalne seinapottide komplekt sise- ja v\u00e4litingimuste taimedele","author":"admin","date":"14. veebr. 2026","format":false,"excerpt":"CitySens seinapotid \u2013 3-pakk komplekt seinale paigaldatavaid taimepotte sise- ja v\u00e4litingimustele. Kasuta vertikaalpinda taimedele, s\u00e4\u00e4sta p\u00f5randaruumi. P\u00f5hiomadused 3 potti pakis \u2013 kogu seinakomplekt \u00fches karbis Sobib sise- ja v\u00e4litingimustele \u2013 kasuta k\u00f6\u00f6ki, r\u00f5dule v\u00f5i terrassile Tugev konstruktsioon \u2013 vastupidav UV-kindel materjal Lihtne paigaldada \u2013 komplektis k\u00f5ik vajaminev Kellele sobib Sobib\u2026","rel":"","context":"Similar post","block_context":{"text":"Similar post","link":""},"img":{"alt_text":"","src":"https:\/\/i0.wp.com\/indoorgarden.ee\/wp-content\/uploads\/2026\/02\/50.jpg?resize=350%2C200&ssl=1","width":350,"height":200,"srcset":"https:\/\/i0.wp.com\/indoorgarden.ee\/wp-content\/uploads\/2026\/02\/50.jpg?resize=350%2C200&ssl=1 1x, https:\/\/i0.wp.com\/indoorgarden.ee\/wp-content\/uploads\/2026\/02\/50.jpg?resize=525%2C300&ssl=1 1.5x, https:\/\/i0.wp.com\/indoorgarden.ee\/wp-content\/uploads\/2026\/02\/50.jpg?resize=700%2C400&ssl=1 2x"},"classes":[]},{"id":5311,"url":"https:\/\/indoorgarden.ee\/et\/toode\/citysens-3-pakk-seinapotid-must-vertikaalne-seinapottide-komplekt-sise-ja-valitingimuste-taimedele\/","url_meta":{"origin":5314,"position":3},"title":"CitySens 3-pakk seinapotid \u2013 must vertikaalne seinapottide komplekt sise- ja v\u00e4litingimuste taimedele","author":"admin","date":"14. veebr. 2026","format":false,"excerpt":"CitySens seinapotid \u2013 3-pakk komplekt seinale paigaldatavaid taimepotte sise- ja v\u00e4litingimustele. Kasuta vertikaalpinda taimedele, s\u00e4\u00e4sta p\u00f5randaruumi. P\u00f5hiomadused 3 potti pakis \u2013 kogu seinakomplekt \u00fches karbis Sobib sise- ja v\u00e4litingimustele \u2013 kasuta k\u00f6\u00f6ki, r\u00f5dule v\u00f5i terrassile Tugev konstruktsioon \u2013 vastupidav UV-kindel materjal Lihtne paigaldada \u2013 komplektis k\u00f5ik vajaminev Kellele sobib Sobib\u2026","rel":"","context":"Similar post","block_context":{"text":"Similar post","link":""},"img":{"alt_text":"","src":"https:\/\/i0.wp.com\/indoorgarden.ee\/wp-content\/uploads\/2026\/02\/WhatsApp-Image-2020-06-05-at-16.41.196.jpeg?resize=350%2C200&ssl=1","width":350,"height":200,"srcset":"https:\/\/i0.wp.com\/indoorgarden.ee\/wp-content\/uploads\/2026\/02\/WhatsApp-Image-2020-06-05-at-16.41.196.jpeg?resize=350%2C200&ssl=1 1x, https:\/\/i0.wp.com\/indoorgarden.ee\/wp-content\/uploads\/2026\/02\/WhatsApp-Image-2020-06-05-at-16.41.196.jpeg?resize=525%2C300&ssl=1 1.5x, https:\/\/i0.wp.com\/indoorgarden.ee\/wp-content\/uploads\/2026\/02\/WhatsApp-Image-2020-06-05-at-16.41.196.jpeg?resize=700%2C400&ssl=1 2x"},"classes":[]},{"id":5312,"url":"https:\/\/indoorgarden.ee\/et\/toode\/citysens-3-pakk-seinapotid-kapillaarse-isekastmisega-hall-vertikaalne-seinapottide-komplekt\/","url_meta":{"origin":5314,"position":4},"title":"CitySens 3-pakk seinapotid kapillaarse isekastmisega \u2013 hall vertikaalne seinapottide komplekt","author":"admin","date":"14. veebr. 2026","format":false,"excerpt":"CitySens seinapotid kapillaarse isekastmisega \u2013 3-pakk komplekt seinale paigaldatavaid isekastevaid taimepotte. Kasuta vertikaalpinda taimedele, s\u00e4\u00e4sta p\u00f5randaruumi. P\u00f5hiomadused 3 potti pakis \u2013 kogu seinakomplekt \u00fches karbis Kapillaarne isekastmise s\u00fcsteem \u2013 taimed saavad vett vastavalt vajadusele Sobib sise- ja v\u00e4litingimustele \u2013 kasuta k\u00f6\u00f6ki, r\u00f5dule v\u00f5i terrassile Tugev konstruktsioon \u2013 vastupidav UV-kindel materjal\u2026","rel":"","context":"Similar post","block_context":{"text":"Similar post","link":""},"img":{"alt_text":"","src":"https:\/\/i0.wp.com\/indoorgarden.ee\/wp-content\/uploads\/2026\/02\/WhatsApp-Image-2020-06-05-at-16.41.194.jpeg?resize=350%2C200&ssl=1","width":350,"height":200,"srcset":"https:\/\/i0.wp.com\/indoorgarden.ee\/wp-content\/uploads\/2026\/02\/WhatsApp-Image-2020-06-05-at-16.41.194.jpeg?resize=350%2C200&ssl=1 1x, https:\/\/i0.wp.com\/indoorgarden.ee\/wp-content\/uploads\/2026\/02\/WhatsApp-Image-2020-06-05-at-16.41.194.jpeg?resize=525%2C300&ssl=1 1.5x, https:\/\/i0.wp.com\/indoorgarden.ee\/wp-content\/uploads\/2026\/02\/WhatsApp-Image-2020-06-05-at-16.41.194.jpeg?resize=700%2C400&ssl=1 2x"},"classes":[]},{"id":5308,"url":"https:\/\/indoorgarden.ee\/et\/toode\/citysens-3-pakk-seinapotid-tekstiilkatete-ja-isekastmisega-must-vertikaalne-taimepottide-komplekt\/","url_meta":{"origin":5314,"position":5},"title":"CitySens 3-pakk seinapotid tekstiilkatete ja isekastmisega \u2013 must vertikaalne taimepottide komplekt","author":"admin","date":"14. veebr. 2026","format":false,"excerpt":"CitySens 3-pakk seinapotid tekstiilkatete ja isekastmisega \u2013 kvaliteetne taimepott sisetingimuste taimekasvatuseks. Tugev konstruktsioon, sobib aastatepikkuseks kasutuseks. Kellele sobib Sobib toataimedele, \u00fcrtidele ja teistele sisetingimustes kasvavatele taimedele. Praktiline lahendus k\u00f6\u00f6gi t\u00f6\u00f6pinnale, aknalauale v\u00f5i elutuppa. IndoorGarden-ist leiad kogu valiku taimepotte ja sisekasvatuse tarvikuid.","rel":"","context":"Similar post","block_context":{"text":"Similar post","link":""},"img":{"alt_text":"","src":"https:\/\/i0.wp.com\/indoorgarden.ee\/wp-content\/uploads\/2026\/02\/mp3430.png?resize=350%2C200&ssl=1","width":350,"height":200,"srcset":"https:\/\/i0.wp.com\/indoorgarden.ee\/wp-content\/uploads\/2026\/02\/mp3430.png?resize=350%2C200&ssl=1 1x, https:\/\/i0.wp.com\/indoorgarden.ee\/wp-content\/uploads\/2026\/02\/mp3430.png?resize=525%2C300&ssl=1 1.5x, https:\/\/i0.wp.com\/indoorgarden.ee\/wp-content\/uploads\/2026\/02\/mp3430.png?resize=700%2C400&ssl=1 2x"},"classes":[]}],"_links":{"self":[{"href":"https:\/\/indoorgarden.ee\/et\/wp-json\/wp\/v2\/product\/5314","targetHints":{"allow":["GET"]}}],"collection":[{"href":"https:\/\/indoorgarden.ee\/et\/wp-json\/wp\/v2\/product"}],"about":[{"href":"https:\/\/indoorgarden.ee\/et\/wp-json\/wp\/v2\/types\/product"}],"replies":[{"embeddable":true,"href":"https:\/\/indoorgarden.ee\/et\/wp-json\/wp\/v2\/comments?post=5314"}],"wp:featuredmedia":[{"embeddable":true,"href":"https:\/\/indoorgarden.ee\/et\/wp-json\/wp\/v2\/media\/3760"}],"wp:attachment":[{"href":"https:\/\/indoorgarden.ee\/et\/wp-json\/wp\/v2\/media?parent=5314"}],"wp:term":[{"taxonomy":"product_brand","embeddable":true,"href":"https:\/\/indoorgarden.ee\/et\/wp-json\/wp\/v2\/product_brand?post=5314"},{"taxonomy":"product_cat","embeddable":true,"href":"https:\/\/indoorgarden.ee\/et\/wp-json\/wp\/v2\/product_cat?post=5314"},{"taxonomy":"product_tag","embeddable":true,"href":"https:\/\/indoorgarden.ee\/et\/wp-json\/wp\/v2\/product_tag?post=5314"}],"curies":[{"name":"wp","href":"https:\/\/api.w.org\/{rel}","templated":true}]}}