{"id":5295,"date":"2026-02-14T13:02:07","date_gmt":"2026-02-14T11:02:07","guid":{"rendered":"https:\/\/indoorgarden.ee\/product\/citysens-automaatne-tilkkastmissusteem-valge-7-l-veepaak-ja-12-tilkurit\/"},"modified":"2026-04-27T09:15:56","modified_gmt":"2026-04-27T06:15:56","slug":"citysens-automaatne-tilkkastmissusteem-valge-7-l-veepaak-ja-12-tilkurit","status":"publish","type":"product","link":"https:\/\/indoorgarden.ee\/et\/toode\/citysens-automaatne-tilkkastmissusteem-valge-7-l-veepaak-ja-12-tilkurit\/","title":{"rendered":"CitySens automaatne tilkkastmiss\u00fcsteem \u2013 valge 7 L veepaak ja 12 tilkurit"},"content":{"rendered":"<p>CitySens automaatne tilkkastmiss\u00fcsteem hoolitseb sinu taimede kastmise eest automaatselt \u2013 ilma vajaduseta j\u00e4lgida v\u00f5i \u00e4piga juhtida. Sobib kuni 12 taimele.<\/p>\n<h3>P\u00f5hiomadused<\/h3>\n<ul>\n<li><strong>7 L veepaak<\/strong> \u2013 piisab n\u00e4dala-kahe jagu kastmist<\/li>\n<li><strong>12 tilkurit<\/strong> \u2013 s\u00f5ltumatu kastmine igale taimele<\/li>\n<li><strong>Sisseehitatud taimer<\/strong> \u2013 seadista korra ja unusta<\/li>\n<li><strong>Lihtne paigaldada<\/strong> \u2013 ei vaja Wi-Fit ega \u00e4ppi<\/li>\n<\/ul>\n<h3>Kellele sobib<\/h3>\n<p>Sobib neile, kes tahavad lihtsamat lahendust ilma \u00e4piga seadistamiseta. Sobib k\u00f5igile, kelle taimed kannatavad eba\u00fchtlase kastmise k\u00e4es.<\/p>\n","protected":false},"excerpt":{"rendered":"<p>CitySens automaatne tilkkastmiss\u00fcsteem hoolitseb sinu taimede kastmise eest automaatselt \u2013 ilma vajaduseta j\u00e4lgida v\u00f5i \u00e4piga juhtida. Sobib kuni 12 taimele. P\u00f5hiomadused 7 L veepaak \u2013 piisab n\u00e4dala-kahe jagu kastmist 12 tilkurit \u2013 s\u00f5ltumatu kastmine igale taimele Sisseehitatud taimer \u2013 seadista korra ja unusta Lihtne paigaldada \u2013 ei vaja Wi-Fit ega \u00e4ppi Kellele sobib Sobib neile, [&hellip;]<\/p>\n","protected":false},"featured_media":3785,"comment_status":"open","ping_status":"closed","template":"","meta":[],"product_brand":[317],"product_cat":[85],"product_tag":[],"class_list":{"0":"post-5295","1":"product","2":"type-product","3":"status-publish","4":"has-post-thumbnail","6":"product_brand-citysens-et","7":"product_cat-isekastvad-lahendused","9":"first","10":"instock","11":"taxable","12":"shipping-taxable","13":"purchasable","14":"product-type-simple"},"jetpack_sharing_enabled":true,"jetpack-related-posts":[{"id":5294,"url":"https:\/\/indoorgarden.ee\/et\/toode\/citysens-automaatne-tilkkastmissusteem-antratsiit-7-l-veepaak-ja-12-tilkurit\/","url_meta":{"origin":5295,"position":0},"title":"CitySens automaatne tilkkastmiss\u00fcsteem \u2013 antratsiit 7 L veepaak ja 12 tilkurit","author":"admin","date":"14. veebr. 2026","format":false,"excerpt":"CitySens automaatne tilkkastmiss\u00fcsteem hoolitseb sinu taimede kastmise eest automaatselt \u2013 ilma vajaduseta j\u00e4lgida v\u00f5i \u00e4piga juhtida. Sobib kuni 12 taimele. P\u00f5hiomadused 7 L veepaak \u2013 piisab n\u00e4dala-kahe jagu kastmist 12 tilkurit \u2013 s\u00f5ltumatu kastmine igale taimele Sisseehitatud taimer \u2013 seadista korra ja unusta Lihtne paigaldada \u2013 ei vaja Wi-Fit ega\u2026","rel":"","context":"Similar post","block_context":{"text":"Similar post","link":""},"img":{"alt_text":"","src":"https:\/\/i0.wp.com\/indoorgarden.ee\/wp-content\/uploads\/2026\/02\/RA2403-1.jpg?resize=350%2C200&ssl=1","width":350,"height":200,"srcset":"https:\/\/i0.wp.com\/indoorgarden.ee\/wp-content\/uploads\/2026\/02\/RA2403-1.jpg?resize=350%2C200&ssl=1 1x, https:\/\/i0.wp.com\/indoorgarden.ee\/wp-content\/uploads\/2026\/02\/RA2403-1.jpg?resize=525%2C300&ssl=1 1.5x, https:\/\/i0.wp.com\/indoorgarden.ee\/wp-content\/uploads\/2026\/02\/RA2403-1.jpg?resize=700%2C400&ssl=1 2x"},"classes":[]},{"id":5293,"url":"https:\/\/indoorgarden.ee\/et\/toode\/citysens-nutikas-tilkkastmissusteem-wi-fi-apijuhitavusega-valge-7-l-paak-ja-12-tilkurit\/","url_meta":{"origin":5295,"position":1},"title":"CitySens nutikas tilkkastmiss\u00fcsteem Wi-Fi \u00e4pijuhitavusega \u2013 valge 7 L paak ja 12 tilkurit","author":"admin","date":"14. veebr. 2026","format":false,"excerpt":"CitySens nutikas tilkkastmiss\u00fcsteem Wi-Fi juhtimisega on lahendus, kui tahad oma taimi automaatselt kasta ja j\u00e4lgida kastmissagedust \u00e4piga. Sobib kuni 12 taimele. P\u00f5hiomadused 7 L veepaak \u2013 piisab n\u00e4dala-kahe jagu kastmist 12 taimele Wi-Fi \u00e4pijuhitavus \u2013 j\u00e4lgi ja kontrolli kastmist nutitelefonist 12 tilkurit \u2013 s\u00f5ltumatu kastmine igale taimele Programmeeritav graafik \u2013\u2026","rel":"","context":"Similar post","block_context":{"text":"Similar post","link":""},"img":{"alt_text":"","src":"https:\/\/i0.wp.com\/indoorgarden.ee\/wp-content\/uploads\/2026\/02\/RA_WiFi_2.jpg?resize=350%2C200&ssl=1","width":350,"height":200,"srcset":"https:\/\/i0.wp.com\/indoorgarden.ee\/wp-content\/uploads\/2026\/02\/RA_WiFi_2.jpg?resize=350%2C200&ssl=1 1x, https:\/\/i0.wp.com\/indoorgarden.ee\/wp-content\/uploads\/2026\/02\/RA_WiFi_2.jpg?resize=525%2C300&ssl=1 1.5x, https:\/\/i0.wp.com\/indoorgarden.ee\/wp-content\/uploads\/2026\/02\/RA_WiFi_2.jpg?resize=700%2C400&ssl=1 2x"},"classes":[]},{"id":5292,"url":"https:\/\/indoorgarden.ee\/et\/toode\/citysens-nutikas-tilkkastmissusteem-wi-fi-apijuhitavusega-antratsiit-7-l-paak-ja-12-tilkurit\/","url_meta":{"origin":5295,"position":2},"title":"CitySens nutikas tilkkastmiss\u00fcsteem Wi-Fi \u00e4pijuhitavusega \u2013 antratsiit 7 L paak ja 12 tilkurit","author":"admin","date":"14. veebr. 2026","format":false,"excerpt":"CitySens nutikas tilkkastmiss\u00fcsteem Wi-Fi juhtimisega on lahendus, kui tahad oma taimi automaatselt kasta ja j\u00e4lgida kastmissagedust \u00e4piga. Sobib kuni 12 taimele. P\u00f5hiomadused 7 L veepaak \u2013 piisab n\u00e4dala-kahe jagu kastmist 12 taimele Wi-Fi \u00e4pijuhitavus \u2013 j\u00e4lgi ja kontrolli kastmist nutitelefonist 12 tilkurit \u2013 s\u00f5ltumatu kastmine igale taimele Programmeeritav graafik \u2013\u2026","rel":"","context":"Similar post","block_context":{"text":"Similar post","link":""},"img":{"alt_text":"","src":"https:\/\/i0.wp.com\/indoorgarden.ee\/wp-content\/uploads\/2026\/02\/RA_WiFi_4.jpg?resize=350%2C200&ssl=1","width":350,"height":200,"srcset":"https:\/\/i0.wp.com\/indoorgarden.ee\/wp-content\/uploads\/2026\/02\/RA_WiFi_4.jpg?resize=350%2C200&ssl=1 1x, https:\/\/i0.wp.com\/indoorgarden.ee\/wp-content\/uploads\/2026\/02\/RA_WiFi_4.jpg?resize=525%2C300&ssl=1 1.5x, https:\/\/i0.wp.com\/indoorgarden.ee\/wp-content\/uploads\/2026\/02\/RA_WiFi_4.jpg?resize=700%2C400&ssl=1 2x"},"classes":[]},{"id":5260,"url":"https:\/\/indoorgarden.ee\/et\/toode\/citysens-linnaaed-seemnetega-valge-4-pesaline-digitaalse-kastmiskomplektiga\/","url_meta":{"origin":5295,"position":3},"title":"CitySens linnaaed seemnetega \u2013 valge 4-pesaline digitaalse kastmiskomplektiga","author":"admin","date":"14. veebr. 2026","format":false,"excerpt":"CitySens linnaaed seemnetega on kompaktne sisetingimuste taimekasvatuse komplekt linnaelule. Komplektis on k\u00f5ik, mida vajad, et alustada \u2013 taimepott, seemned, kasvupinnas ja kastmiskomplekt. P\u00f5hiomadused Komplekt seemnetega \u2013 algajas\u00f5bralik, alusta kasvatamist kohe pakist v\u00e4lja v\u00f5ttes Wi-Fi nutikastmise komplekt \u2013 j\u00e4lgi ja juhi kastmist \u00e4piga (olenevalt mudelist) Kompaktne \u2013 sobib k\u00f6\u00f6gi t\u00f6\u00f6pinnale, aknalauale\u2026","rel":"","context":"Similar post","block_context":{"text":"Similar post","link":""},"img":{"alt_text":"","src":"https:\/\/i0.wp.com\/indoorgarden.ee\/wp-content\/uploads\/2026\/02\/CS1036-scaled.jpg?resize=350%2C200&ssl=1","width":350,"height":200,"srcset":"https:\/\/i0.wp.com\/indoorgarden.ee\/wp-content\/uploads\/2026\/02\/CS1036-scaled.jpg?resize=350%2C200&ssl=1 1x, https:\/\/i0.wp.com\/indoorgarden.ee\/wp-content\/uploads\/2026\/02\/CS1036-scaled.jpg?resize=525%2C300&ssl=1 1.5x, https:\/\/i0.wp.com\/indoorgarden.ee\/wp-content\/uploads\/2026\/02\/CS1036-scaled.jpg?resize=700%2C400&ssl=1 2x, https:\/\/i0.wp.com\/indoorgarden.ee\/wp-content\/uploads\/2026\/02\/CS1036-scaled.jpg?resize=1050%2C600&ssl=1 3x, https:\/\/i0.wp.com\/indoorgarden.ee\/wp-content\/uploads\/2026\/02\/CS1036-scaled.jpg?resize=1400%2C800&ssl=1 4x"},"classes":[]},{"id":5261,"url":"https:\/\/indoorgarden.ee\/et\/toode\/citysens-linnaaed-seemnetega-must-3-pesaline-digitaalse-kastmiskomplektiga\/","url_meta":{"origin":5295,"position":4},"title":"CitySens linnaaed seemnetega \u2013 must 3-pesaline digitaalse kastmiskomplektiga","author":"admin","date":"14. veebr. 2026","format":false,"excerpt":"CitySens linnaaed seemnetega on kompaktne sisetingimuste taimekasvatuse komplekt linnaelule. Komplektis on k\u00f5ik, mida vajad, et alustada \u2013 taimepott, seemned, kasvupinnas ja kastmiskomplekt. P\u00f5hiomadused Komplekt seemnetega \u2013 algajas\u00f5bralik, alusta kasvatamist kohe pakist v\u00e4lja v\u00f5ttes Wi-Fi nutikastmise komplekt \u2013 j\u00e4lgi ja juhi kastmist \u00e4piga (olenevalt mudelist) Kompaktne \u2013 sobib k\u00f6\u00f6gi t\u00f6\u00f6pinnale, aknalauale\u2026","rel":"","context":"Similar post","block_context":{"text":"Similar post","link":""},"img":{"alt_text":"","src":"https:\/\/i0.wp.com\/indoorgarden.ee\/wp-content\/uploads\/2026\/02\/CS1035-scaled.jpg?resize=350%2C200&ssl=1","width":350,"height":200,"srcset":"https:\/\/i0.wp.com\/indoorgarden.ee\/wp-content\/uploads\/2026\/02\/CS1035-scaled.jpg?resize=350%2C200&ssl=1 1x, https:\/\/i0.wp.com\/indoorgarden.ee\/wp-content\/uploads\/2026\/02\/CS1035-scaled.jpg?resize=525%2C300&ssl=1 1.5x, https:\/\/i0.wp.com\/indoorgarden.ee\/wp-content\/uploads\/2026\/02\/CS1035-scaled.jpg?resize=700%2C400&ssl=1 2x, https:\/\/i0.wp.com\/indoorgarden.ee\/wp-content\/uploads\/2026\/02\/CS1035-scaled.jpg?resize=1050%2C600&ssl=1 3x, https:\/\/i0.wp.com\/indoorgarden.ee\/wp-content\/uploads\/2026\/02\/CS1035-scaled.jpg?resize=1400%2C800&ssl=1 4x"},"classes":[]},{"id":5262,"url":"https:\/\/indoorgarden.ee\/et\/toode\/citysens-linnaaed-seemnetega-valge-4-pesaline-digitaalse-kastmiskomplektiga-variant\/","url_meta":{"origin":5295,"position":5},"title":"CitySens linnaaed seemnetega \u2013 valge 4-pesaline digitaalse kastmiskomplektiga (variant)","author":"admin","date":"14. veebr. 2026","format":false,"excerpt":"CitySens linnaaed seemnetega on kompaktne sisetingimuste taimekasvatuse komplekt linnaelule. Komplektis on k\u00f5ik, mida vajad, et alustada \u2013 taimepott, seemned, kasvupinnas ja kastmiskomplekt. P\u00f5hiomadused Komplekt seemnetega \u2013 algajas\u00f5bralik, alusta kasvatamist kohe pakist v\u00e4lja v\u00f5ttes Wi-Fi nutikastmise komplekt \u2013 j\u00e4lgi ja juhi kastmist \u00e4piga (olenevalt mudelist) Kompaktne \u2013 sobib k\u00f6\u00f6gi t\u00f6\u00f6pinnale, aknalauale\u2026","rel":"","context":"Similar post","block_context":{"text":"Similar post","link":""},"img":{"alt_text":"","src":"https:\/\/i0.wp.com\/indoorgarden.ee\/wp-content\/uploads\/2026\/02\/CS1033-scaled.jpg?resize=350%2C200&ssl=1","width":350,"height":200,"srcset":"https:\/\/i0.wp.com\/indoorgarden.ee\/wp-content\/uploads\/2026\/02\/CS1033-scaled.jpg?resize=350%2C200&ssl=1 1x, https:\/\/i0.wp.com\/indoorgarden.ee\/wp-content\/uploads\/2026\/02\/CS1033-scaled.jpg?resize=525%2C300&ssl=1 1.5x, https:\/\/i0.wp.com\/indoorgarden.ee\/wp-content\/uploads\/2026\/02\/CS1033-scaled.jpg?resize=700%2C400&ssl=1 2x, https:\/\/i0.wp.com\/indoorgarden.ee\/wp-content\/uploads\/2026\/02\/CS1033-scaled.jpg?resize=1050%2C600&ssl=1 3x, https:\/\/i0.wp.com\/indoorgarden.ee\/wp-content\/uploads\/2026\/02\/CS1033-scaled.jpg?resize=1400%2C800&ssl=1 4x"},"classes":[]}],"_links":{"self":[{"href":"https:\/\/indoorgarden.ee\/et\/wp-json\/wp\/v2\/product\/5295","targetHints":{"allow":["GET"]}}],"collection":[{"href":"https:\/\/indoorgarden.ee\/et\/wp-json\/wp\/v2\/product"}],"about":[{"href":"https:\/\/indoorgarden.ee\/et\/wp-json\/wp\/v2\/types\/product"}],"replies":[{"embeddable":true,"href":"https:\/\/indoorgarden.ee\/et\/wp-json\/wp\/v2\/comments?post=5295"}],"wp:featuredmedia":[{"embeddable":true,"href":"https:\/\/indoorgarden.ee\/et\/wp-json\/wp\/v2\/media\/3785"}],"wp:attachment":[{"href":"https:\/\/indoorgarden.ee\/et\/wp-json\/wp\/v2\/media?parent=5295"}],"wp:term":[{"taxonomy":"product_brand","embeddable":true,"href":"https:\/\/indoorgarden.ee\/et\/wp-json\/wp\/v2\/product_brand?post=5295"},{"taxonomy":"product_cat","embeddable":true,"href":"https:\/\/indoorgarden.ee\/et\/wp-json\/wp\/v2\/product_cat?post=5295"},{"taxonomy":"product_tag","embeddable":true,"href":"https:\/\/indoorgarden.ee\/et\/wp-json\/wp\/v2\/product_tag?post=5295"}],"curies":[{"name":"wp","href":"https:\/\/api.w.org\/{rel}","templated":true}]}}