{"id":5255,"date":"2026-02-14T13:03:09","date_gmt":"2026-02-14T11:03:09","guid":{"rendered":"https:\/\/indoorgarden.ee\/product\/citysens-mineraalne-taimetoit-300-ml-hudropoonikale-sise-ja-mullataimedele\/"},"modified":"2026-04-27T09:17:30","modified_gmt":"2026-04-27T06:17:30","slug":"citysens-mineraalne-taimetoit-300-ml-hudropoonikale-sise-ja-mullataimedele","status":"publish","type":"product","link":"https:\/\/indoorgarden.ee\/et\/toode\/citysens-mineraalne-taimetoit-300-ml-hudropoonikale-sise-ja-mullataimedele\/","title":{"rendered":"CitySens mineraalne taimetoit \u2013 300 ml h\u00fcdropoonikale, sise- ja mullataimedele"},"content":{"rendered":"<p>CitySens mineraalne taimetoit \u2013 kvaliteetne taimetoit h\u00fcdropoonikale ja toataimedele. Tagab \u00fchtlase kasvu ja tervete taimede kasvatamise sisetingimustes.<\/p>\n<h3>Kasutamine<\/h3>\n<p>Lisa toiteainet veepakki vastavalt pakendile m\u00e4rgitud kogusele. Vahetage toitelahus regulaarselt parima saagikuse tagamiseks.<\/p>\n<h3>Kellele sobib<\/h3>\n<p>Sobib h\u00fcdropoonika nutiaedade omanikele ja k\u00f5ikidele, kes kasvatavad taimi sisetingimustes. IndoorGarden-ist leiad kogu vajaliku taimehoolduseks.<\/p>\n","protected":false},"excerpt":{"rendered":"<p>CitySens mineraalne taimetoit \u2013 kvaliteetne taimetoit h\u00fcdropoonikale ja toataimedele. Tagab \u00fchtlase kasvu ja tervete taimede kasvatamise sisetingimustes. Kasutamine Lisa toiteainet veepakki vastavalt pakendile m\u00e4rgitud kogusele. Vahetage toitelahus regulaarselt parima saagikuse tagamiseks. Kellele sobib Sobib h\u00fcdropoonika nutiaedade omanikele ja k\u00f5ikidele, kes kasvatavad taimi sisetingimustes. IndoorGarden-ist leiad kogu vajaliku taimehoolduseks.<\/p>\n","protected":false},"featured_media":3220,"comment_status":"open","ping_status":"closed","template":"","meta":[],"product_brand":[317],"product_cat":[307,148],"product_tag":[],"class_list":{"0":"post-5255","1":"product","2":"type-product","3":"status-publish","4":"has-post-thumbnail","6":"product_brand-citysens-et","7":"product_cat-taimepottide-tarvikud","8":"product_cat-nutiaia-vaetised","10":"first","11":"instock","12":"taxable","13":"shipping-taxable","14":"purchasable","15":"product-type-simple"},"jetpack_sharing_enabled":true,"jetpack-related-posts":[{"id":5225,"url":"https:\/\/indoorgarden.ee\/et\/toode\/vedel-orgaaniline-mineraalne-vaetis-1-l-universaalne-taimetoit\/","url_meta":{"origin":5255,"position":0},"title":"Vedel orgaaniline-mineraalne v\u00e4etis 1 L \u2013 universaalne taimetoit","author":"admin","date":"22. veebr. 2026","format":false,"excerpt":"Vedel orgaaniline-mineraalne v\u00e4etis 1 L \u2013 kvaliteetne taimetoit h\u00fcdropoonikale ja toataimedele. Tagab \u00fchtlase kasvu ja tervete taimede kasvatamise sisetingimustes. Kasutamine Lisa toiteainet veepakki vastavalt pakendile m\u00e4rgitud kogusele. Vahetage toitelahus regulaarselt parima saagikuse tagamiseks. Kellele sobib Sobib h\u00fcdropoonika nutiaedade omanikele ja k\u00f5ikidele, kes kasvatavad taimi sisetingimustes. IndoorGarden-ist leiad kogu vajaliku taimehoolduseks.","rel":"","context":"Similar post","block_context":{"text":"Similar post","link":""},"img":{"alt_text":"","src":"https:\/\/i0.wp.com\/indoorgarden.ee\/wp-content\/uploads\/2026\/02\/liquid-organic-mineral-fertilizer-all-purpose-fertilizer-1-l.png?resize=350%2C200&ssl=1","width":350,"height":200},"classes":[]},{"id":5209,"url":"https:\/\/indoorgarden.ee\/et\/toode\/botanium-taimetoit-300-ml-taielik-toitelahus-botanium-nutipotile\/","url_meta":{"origin":5255,"position":1},"title":"Botanium taimetoit 300 ml \u2013 t\u00e4ielik toitelahus Botanium nutipotile","author":"admin","date":"27. veebr. 2026","format":false,"excerpt":"A complete, balanced nutrient solution made specifically for the Botanium self-watering planter. Supports all edible plants \u2014 herbs, lettuce, tomatoes, chilli, and strawberries \u2014 with one easy-to-dose formula. A measuring cup is included, and a single bottle lasts from 6 months to several years.","rel":"","context":"Similar post","block_context":{"text":"Similar post","link":""},"img":{"alt_text":"","src":"https:\/\/i0.wp.com\/indoorgarden.ee\/wp-content\/uploads\/2026\/02\/300mlnutrients_1800x1800.webp?resize=350%2C200&ssl=1","width":350,"height":200,"srcset":"https:\/\/i0.wp.com\/indoorgarden.ee\/wp-content\/uploads\/2026\/02\/300mlnutrients_1800x1800.webp?resize=350%2C200&ssl=1 1x, https:\/\/i0.wp.com\/indoorgarden.ee\/wp-content\/uploads\/2026\/02\/300mlnutrients_1800x1800.webp?resize=525%2C300&ssl=1 1.5x"},"classes":[]},{"id":5249,"url":"https:\/\/indoorgarden.ee\/et\/toode\/citysens-ratastega-alus-puidust-taimekaru-4-rattaga-citysens-vertikaalsele-taimepotile-ja-rasketele-pottidele\/","url_meta":{"origin":5255,"position":2},"title":"CitySens ratastega alus \u2013 puidust taimek\u00e4ru 4 rattaga CitySens vertikaalsele taimepotile ja rasketele pottidele","author":"admin","date":"14. veebr. 2026","format":false,"excerpt":"CitySens ratastega alus \u2013 kvaliteetne taimepott sisetingimuste taimekasvatuseks. Tugev konstruktsioon, sobib aastatepikkuseks kasutuseks. Kellele sobib Sobib toataimedele, \u00fcrtidele ja teistele sisetingimustes kasvavatele taimedele. Praktiline lahendus k\u00f6\u00f6gi t\u00f6\u00f6pinnale, aknalauale v\u00f5i elutuppa. IndoorGarden-ist leiad kogu valiku taimepotte ja sisekasvatuse tarvikuid.","rel":"","context":"Similar post","block_context":{"text":"Similar post","link":""},"img":{"alt_text":"","src":"https:\/\/i0.wp.com\/indoorgarden.ee\/wp-content\/uploads\/2026\/02\/soporte-con-ruedas-para-macetero-vertical_1.jpg?resize=350%2C200&ssl=1","width":350,"height":200,"srcset":"https:\/\/i0.wp.com\/indoorgarden.ee\/wp-content\/uploads\/2026\/02\/soporte-con-ruedas-para-macetero-vertical_1.jpg?resize=350%2C200&ssl=1 1x, https:\/\/i0.wp.com\/indoorgarden.ee\/wp-content\/uploads\/2026\/02\/soporte-con-ruedas-para-macetero-vertical_1.jpg?resize=525%2C300&ssl=1 1.5x, https:\/\/i0.wp.com\/indoorgarden.ee\/wp-content\/uploads\/2026\/02\/soporte-con-ruedas-para-macetero-vertical_1.jpg?resize=700%2C400&ssl=1 2x"},"classes":[]},{"id":5250,"url":"https:\/\/indoorgarden.ee\/et\/toode\/citysens-lisataimepott-valge-moodulpott-vertikaalsele-taimepotile-koos-filtri-ja-vorkvahega\/","url_meta":{"origin":5255,"position":3},"title":"CitySens lisataimepott \u2013 valge moodulpott vertikaalsele taimepotile, koos filtri ja v\u00f5rkvahega","author":"admin","date":"14. veebr. 2026","format":false,"excerpt":"CitySens lisataimepott \u2013 kvaliteetne taimepott sisetingimuste taimekasvatuseks. Tugev konstruktsioon, sobib aastatepikkuseks kasutuseks. Kellele sobib Sobib toataimedele, \u00fcrtidele ja teistele sisetingimustes kasvavatele taimedele. Praktiline lahendus k\u00f6\u00f6gi t\u00f6\u00f6pinnale, aknalauale v\u00f5i elutuppa. IndoorGarden-ist leiad kogu valiku taimepotte ja sisekasvatuse tarvikuid.","rel":"","context":"Similar post","block_context":{"text":"Similar post","link":""},"img":{"alt_text":"","src":"https:\/\/i0.wp.com\/indoorgarden.ee\/wp-content\/uploads\/2026\/02\/extra-white-plant-pot.jpg?resize=350%2C200&ssl=1","width":350,"height":200,"srcset":"https:\/\/i0.wp.com\/indoorgarden.ee\/wp-content\/uploads\/2026\/02\/extra-white-plant-pot.jpg?resize=350%2C200&ssl=1 1x, https:\/\/i0.wp.com\/indoorgarden.ee\/wp-content\/uploads\/2026\/02\/extra-white-plant-pot.jpg?resize=525%2C300&ssl=1 1.5x, https:\/\/i0.wp.com\/indoorgarden.ee\/wp-content\/uploads\/2026\/02\/extra-white-plant-pot.jpg?resize=700%2C400&ssl=1 2x"},"classes":[]},{"id":5308,"url":"https:\/\/indoorgarden.ee\/et\/toode\/citysens-3-pakk-seinapotid-tekstiilkatete-ja-isekastmisega-must-vertikaalne-taimepottide-komplekt\/","url_meta":{"origin":5255,"position":4},"title":"CitySens 3-pakk seinapotid tekstiilkatete ja isekastmisega \u2013 must vertikaalne taimepottide komplekt","author":"admin","date":"14. veebr. 2026","format":false,"excerpt":"CitySens 3-pakk seinapotid tekstiilkatete ja isekastmisega \u2013 kvaliteetne taimepott sisetingimuste taimekasvatuseks. Tugev konstruktsioon, sobib aastatepikkuseks kasutuseks. Kellele sobib Sobib toataimedele, \u00fcrtidele ja teistele sisetingimustes kasvavatele taimedele. Praktiline lahendus k\u00f6\u00f6gi t\u00f6\u00f6pinnale, aknalauale v\u00f5i elutuppa. IndoorGarden-ist leiad kogu valiku taimepotte ja sisekasvatuse tarvikuid.","rel":"","context":"Similar post","block_context":{"text":"Similar post","link":""},"img":{"alt_text":"","src":"https:\/\/i0.wp.com\/indoorgarden.ee\/wp-content\/uploads\/2026\/02\/mp3430.png?resize=350%2C200&ssl=1","width":350,"height":200,"srcset":"https:\/\/i0.wp.com\/indoorgarden.ee\/wp-content\/uploads\/2026\/02\/mp3430.png?resize=350%2C200&ssl=1 1x, https:\/\/i0.wp.com\/indoorgarden.ee\/wp-content\/uploads\/2026\/02\/mp3430.png?resize=525%2C300&ssl=1 1.5x, https:\/\/i0.wp.com\/indoorgarden.ee\/wp-content\/uploads\/2026\/02\/mp3430.png?resize=700%2C400&ssl=1 2x"},"classes":[]},{"id":5310,"url":"https:\/\/indoorgarden.ee\/et\/toode\/citysens-3-pakk-seinapotid-tekstiilkatetega-must-vertikaalne-seinapottide-komplekt-taaskasutatud-katetega\/","url_meta":{"origin":5255,"position":5},"title":"CitySens 3-pakk seinapotid tekstiilkatetega \u2013 must vertikaalne seinapottide komplekt taaskasutatud katetega","author":"admin","date":"14. veebr. 2026","format":false,"excerpt":"CitySens 3-pakk seinapotid tekstiilkatetega \u2013 kvaliteetne taimepott sisetingimuste taimekasvatuseks. Tugev konstruktsioon, sobib aastatepikkuseks kasutuseks. Kellele sobib Sobib toataimedele, \u00fcrtidele ja teistele sisetingimustes kasvavatele taimedele. Praktiline lahendus k\u00f6\u00f6gi t\u00f6\u00f6pinnale, aknalauale v\u00f5i elutuppa. IndoorGarden-ist leiad kogu valiku taimepotte ja sisekasvatuse tarvikuid.","rel":"","context":"Similar post","block_context":{"text":"Similar post","link":""},"img":{"alt_text":"","src":"https:\/\/i0.wp.com\/indoorgarden.ee\/wp-content\/uploads\/2026\/02\/1-1.png?resize=350%2C200&ssl=1","width":350,"height":200,"srcset":"https:\/\/i0.wp.com\/indoorgarden.ee\/wp-content\/uploads\/2026\/02\/1-1.png?resize=350%2C200&ssl=1 1x, https:\/\/i0.wp.com\/indoorgarden.ee\/wp-content\/uploads\/2026\/02\/1-1.png?resize=525%2C300&ssl=1 1.5x, https:\/\/i0.wp.com\/indoorgarden.ee\/wp-content\/uploads\/2026\/02\/1-1.png?resize=700%2C400&ssl=1 2x"},"classes":[]}],"_links":{"self":[{"href":"https:\/\/indoorgarden.ee\/et\/wp-json\/wp\/v2\/product\/5255","targetHints":{"allow":["GET"]}}],"collection":[{"href":"https:\/\/indoorgarden.ee\/et\/wp-json\/wp\/v2\/product"}],"about":[{"href":"https:\/\/indoorgarden.ee\/et\/wp-json\/wp\/v2\/types\/product"}],"replies":[{"embeddable":true,"href":"https:\/\/indoorgarden.ee\/et\/wp-json\/wp\/v2\/comments?post=5255"}],"wp:featuredmedia":[{"embeddable":true,"href":"https:\/\/indoorgarden.ee\/et\/wp-json\/wp\/v2\/media\/3220"}],"wp:attachment":[{"href":"https:\/\/indoorgarden.ee\/et\/wp-json\/wp\/v2\/media?parent=5255"}],"wp:term":[{"taxonomy":"product_brand","embeddable":true,"href":"https:\/\/indoorgarden.ee\/et\/wp-json\/wp\/v2\/product_brand?post=5255"},{"taxonomy":"product_cat","embeddable":true,"href":"https:\/\/indoorgarden.ee\/et\/wp-json\/wp\/v2\/product_cat?post=5255"},{"taxonomy":"product_tag","embeddable":true,"href":"https:\/\/indoorgarden.ee\/et\/wp-json\/wp\/v2\/product_tag?post=5255"}],"curies":[{"name":"wp","href":"https:\/\/api.w.org\/{rel}","templated":true}]}}