{"id":5250,"date":"2026-02-14T13:03:14","date_gmt":"2026-02-14T11:03:14","guid":{"rendered":"https:\/\/indoorgarden.ee\/product\/citysens-lisataimepott-valge-moodulpott-vertikaalsele-taimepotile-koos-filtri-ja-vorkvahega\/"},"modified":"2026-04-27T09:17:26","modified_gmt":"2026-04-27T06:17:26","slug":"citysens-lisataimepott-valge-moodulpott-vertikaalsele-taimepotile-koos-filtri-ja-vorkvahega","status":"publish","type":"product","link":"https:\/\/indoorgarden.ee\/et\/toode\/citysens-lisataimepott-valge-moodulpott-vertikaalsele-taimepotile-koos-filtri-ja-vorkvahega\/","title":{"rendered":"CitySens lisataimepott \u2013 valge moodulpott vertikaalsele taimepotile, koos filtri ja v\u00f5rkvahega"},"content":{"rendered":"<p>CitySens lisataimepott \u2013 kvaliteetne taimepott sisetingimuste taimekasvatuseks. Tugev konstruktsioon, sobib aastatepikkuseks kasutuseks.<\/p>\n<h3>Kellele sobib<\/h3>\n<p>Sobib toataimedele, \u00fcrtidele ja teistele sisetingimustes kasvavatele taimedele. Praktiline lahendus k\u00f6\u00f6gi t\u00f6\u00f6pinnale, aknalauale v\u00f5i elutuppa.<\/p>\n<p>IndoorGarden-ist leiad kogu valiku taimepotte ja sisekasvatuse tarvikuid.<\/p>\n","protected":false},"excerpt":{"rendered":"<p>CitySens lisataimepott \u2013 kvaliteetne taimepott sisetingimuste taimekasvatuseks. Tugev konstruktsioon, sobib aastatepikkuseks kasutuseks. Kellele sobib Sobib toataimedele, \u00fcrtidele ja teistele sisetingimustes kasvavatele taimedele. Praktiline lahendus k\u00f6\u00f6gi t\u00f6\u00f6pinnale, aknalauale v\u00f5i elutuppa. IndoorGarden-ist leiad kogu valiku taimepotte ja sisekasvatuse tarvikuid.<\/p>\n","protected":false},"featured_media":3238,"comment_status":"open","ping_status":"closed","template":"","meta":[],"product_brand":[317],"product_cat":[307],"product_tag":[],"class_list":{"0":"post-5250","1":"product","2":"type-product","3":"status-publish","4":"has-post-thumbnail","6":"product_brand-citysens-et","7":"product_cat-taimepottide-tarvikud","9":"first","10":"instock","11":"taxable","12":"shipping-taxable","13":"purchasable","14":"product-type-simple"},"jetpack_sharing_enabled":true,"jetpack-related-posts":[{"id":5249,"url":"https:\/\/indoorgarden.ee\/et\/toode\/citysens-ratastega-alus-puidust-taimekaru-4-rattaga-citysens-vertikaalsele-taimepotile-ja-rasketele-pottidele\/","url_meta":{"origin":5250,"position":0},"title":"CitySens ratastega alus \u2013 puidust taimek\u00e4ru 4 rattaga CitySens vertikaalsele taimepotile ja rasketele pottidele","author":"admin","date":"14. veebr. 2026","format":false,"excerpt":"CitySens ratastega alus \u2013 kvaliteetne taimepott sisetingimuste taimekasvatuseks. Tugev konstruktsioon, sobib aastatepikkuseks kasutuseks. Kellele sobib Sobib toataimedele, \u00fcrtidele ja teistele sisetingimustes kasvavatele taimedele. Praktiline lahendus k\u00f6\u00f6gi t\u00f6\u00f6pinnale, aknalauale v\u00f5i elutuppa. IndoorGarden-ist leiad kogu valiku taimepotte ja sisekasvatuse tarvikuid.","rel":"","context":"Similar post","block_context":{"text":"Similar post","link":""},"img":{"alt_text":"","src":"https:\/\/i0.wp.com\/indoorgarden.ee\/wp-content\/uploads\/2026\/02\/soporte-con-ruedas-para-macetero-vertical_1.jpg?resize=350%2C200&ssl=1","width":350,"height":200,"srcset":"https:\/\/i0.wp.com\/indoorgarden.ee\/wp-content\/uploads\/2026\/02\/soporte-con-ruedas-para-macetero-vertical_1.jpg?resize=350%2C200&ssl=1 1x, https:\/\/i0.wp.com\/indoorgarden.ee\/wp-content\/uploads\/2026\/02\/soporte-con-ruedas-para-macetero-vertical_1.jpg?resize=525%2C300&ssl=1 1.5x, https:\/\/i0.wp.com\/indoorgarden.ee\/wp-content\/uploads\/2026\/02\/soporte-con-ruedas-para-macetero-vertical_1.jpg?resize=700%2C400&ssl=1 2x"},"classes":[]},{"id":5308,"url":"https:\/\/indoorgarden.ee\/et\/toode\/citysens-3-pakk-seinapotid-tekstiilkatete-ja-isekastmisega-must-vertikaalne-taimepottide-komplekt\/","url_meta":{"origin":5250,"position":1},"title":"CitySens 3-pakk seinapotid tekstiilkatete ja isekastmisega \u2013 must vertikaalne taimepottide komplekt","author":"admin","date":"14. veebr. 2026","format":false,"excerpt":"CitySens 3-pakk seinapotid tekstiilkatete ja isekastmisega \u2013 kvaliteetne taimepott sisetingimuste taimekasvatuseks. Tugev konstruktsioon, sobib aastatepikkuseks kasutuseks. Kellele sobib Sobib toataimedele, \u00fcrtidele ja teistele sisetingimustes kasvavatele taimedele. Praktiline lahendus k\u00f6\u00f6gi t\u00f6\u00f6pinnale, aknalauale v\u00f5i elutuppa. IndoorGarden-ist leiad kogu valiku taimepotte ja sisekasvatuse tarvikuid.","rel":"","context":"Similar post","block_context":{"text":"Similar post","link":""},"img":{"alt_text":"","src":"https:\/\/i0.wp.com\/indoorgarden.ee\/wp-content\/uploads\/2026\/02\/mp3430.png?resize=350%2C200&ssl=1","width":350,"height":200,"srcset":"https:\/\/i0.wp.com\/indoorgarden.ee\/wp-content\/uploads\/2026\/02\/mp3430.png?resize=350%2C200&ssl=1 1x, https:\/\/i0.wp.com\/indoorgarden.ee\/wp-content\/uploads\/2026\/02\/mp3430.png?resize=525%2C300&ssl=1 1.5x, https:\/\/i0.wp.com\/indoorgarden.ee\/wp-content\/uploads\/2026\/02\/mp3430.png?resize=700%2C400&ssl=1 2x"},"classes":[]},{"id":5310,"url":"https:\/\/indoorgarden.ee\/et\/toode\/citysens-3-pakk-seinapotid-tekstiilkatetega-must-vertikaalne-seinapottide-komplekt-taaskasutatud-katetega\/","url_meta":{"origin":5250,"position":2},"title":"CitySens 3-pakk seinapotid tekstiilkatetega \u2013 must vertikaalne seinapottide komplekt taaskasutatud katetega","author":"admin","date":"14. veebr. 2026","format":false,"excerpt":"CitySens 3-pakk seinapotid tekstiilkatetega \u2013 kvaliteetne taimepott sisetingimuste taimekasvatuseks. Tugev konstruktsioon, sobib aastatepikkuseks kasutuseks. Kellele sobib Sobib toataimedele, \u00fcrtidele ja teistele sisetingimustes kasvavatele taimedele. Praktiline lahendus k\u00f6\u00f6gi t\u00f6\u00f6pinnale, aknalauale v\u00f5i elutuppa. IndoorGarden-ist leiad kogu valiku taimepotte ja sisekasvatuse tarvikuid.","rel":"","context":"Similar post","block_context":{"text":"Similar post","link":""},"img":{"alt_text":"","src":"https:\/\/i0.wp.com\/indoorgarden.ee\/wp-content\/uploads\/2026\/02\/1-1.png?resize=350%2C200&ssl=1","width":350,"height":200,"srcset":"https:\/\/i0.wp.com\/indoorgarden.ee\/wp-content\/uploads\/2026\/02\/1-1.png?resize=350%2C200&ssl=1 1x, https:\/\/i0.wp.com\/indoorgarden.ee\/wp-content\/uploads\/2026\/02\/1-1.png?resize=525%2C300&ssl=1 1.5x, https:\/\/i0.wp.com\/indoorgarden.ee\/wp-content\/uploads\/2026\/02\/1-1.png?resize=700%2C400&ssl=1 2x"},"classes":[]},{"id":5245,"url":"https:\/\/indoorgarden.ee\/et\/toode\/citysens-vees-tootav-pump-vaikne-el-pistikuga-pump-vertikaalsetele-taimepottidele-2-3-voi-4-potti\/","url_meta":{"origin":5250,"position":3},"title":"CitySens vees t\u00f6\u00f6tav pump \u2013 vaikne EL-pistikuga pump vertikaalsetele taimepottidele (2, 3 v\u00f5i 4 potti)","author":"admin","date":"14. veebr. 2026","format":false,"excerpt":"CitySens vees t\u00f6\u00f6tav pump \u2013 kvaliteetne taimepott sisetingimuste taimekasvatuseks. Tugev konstruktsioon, sobib aastatepikkuseks kasutuseks. Kellele sobib Sobib toataimedele, \u00fcrtidele ja teistele sisetingimustes kasvavatele taimedele. Praktiline lahendus k\u00f6\u00f6gi t\u00f6\u00f6pinnale, aknalauale v\u00f5i elutuppa. IndoorGarden-ist leiad kogu valiku taimepotte ja sisekasvatuse tarvikuid.","rel":"","context":"Similar post","block_context":{"text":"Similar post","link":""},"img":{"alt_text":"","src":"https:\/\/i0.wp.com\/indoorgarden.ee\/wp-content\/uploads\/2026\/02\/submersible-water-pump.jpg?resize=350%2C200&ssl=1","width":350,"height":200,"srcset":"https:\/\/i0.wp.com\/indoorgarden.ee\/wp-content\/uploads\/2026\/02\/submersible-water-pump.jpg?resize=350%2C200&ssl=1 1x, https:\/\/i0.wp.com\/indoorgarden.ee\/wp-content\/uploads\/2026\/02\/submersible-water-pump.jpg?resize=525%2C300&ssl=1 1.5x, https:\/\/i0.wp.com\/indoorgarden.ee\/wp-content\/uploads\/2026\/02\/submersible-water-pump.jpg?resize=700%2C400&ssl=1 2x"},"classes":[]},{"id":5286,"url":"https:\/\/indoorgarden.ee\/et\/toode\/citysens-vertikaalne-taimepott-must-4-pesaline-kasitsi-kastmisega\/","url_meta":{"origin":5250,"position":4},"title":"CitySens vertikaalne taimepott \u2013 must 4-pesaline k\u00e4sitsi kastmisega","author":"admin","date":"14. veebr. 2026","format":false,"excerpt":"CitySens vertikaalne taimepott on praktiline lahendus v\u00e4ikesele k\u00f6\u00f6gile, r\u00f5dule v\u00f5i elutoale, kus p\u00f5randapinda on napilt, aga sa tahad rohkem rohelust. Kasvata \u00fcrte, salatit, maasikaid ja v\u00e4iksemaid lehtk\u00f6\u00f6givilju \u2013 k\u00f5ik korraga, \u00fchel kompaktsel pinnal. P\u00f5hiomadused Vertikaalne kompaktne disain \u2013 sobib kortermajja, v\u00e4ikesesse k\u00f6\u00f6ki ja r\u00f5dule Sisseehitatud veepaak \u2013 kastad harvemini ja\u2026","rel":"","context":"Similar post","block_context":{"text":"Similar post","link":""},"img":{"alt_text":"","src":"https:\/\/i0.wp.com\/indoorgarden.ee\/wp-content\/uploads\/2026\/02\/macetero-vertical-negro0-1.jpg?resize=350%2C200&ssl=1","width":350,"height":200,"srcset":"https:\/\/i0.wp.com\/indoorgarden.ee\/wp-content\/uploads\/2026\/02\/macetero-vertical-negro0-1.jpg?resize=350%2C200&ssl=1 1x, https:\/\/i0.wp.com\/indoorgarden.ee\/wp-content\/uploads\/2026\/02\/macetero-vertical-negro0-1.jpg?resize=525%2C300&ssl=1 1.5x, https:\/\/i0.wp.com\/indoorgarden.ee\/wp-content\/uploads\/2026\/02\/macetero-vertical-negro0-1.jpg?resize=700%2C400&ssl=1 2x"},"classes":[]},{"id":5287,"url":"https:\/\/indoorgarden.ee\/et\/toode\/citysens-vertikaalne-taimepott-must-3-pesaline-kasitsi-kastmisega\/","url_meta":{"origin":5250,"position":5},"title":"CitySens vertikaalne taimepott \u2013 must 3-pesaline k\u00e4sitsi kastmisega","author":"admin","date":"14. veebr. 2026","format":false,"excerpt":"CitySens vertikaalne taimepott on praktiline lahendus v\u00e4ikesele k\u00f6\u00f6gile, r\u00f5dule v\u00f5i elutoale, kus p\u00f5randapinda on napilt, aga sa tahad rohkem rohelust. Kasvata \u00fcrte, salatit, maasikaid ja v\u00e4iksemaid lehtk\u00f6\u00f6givilju \u2013 k\u00f5ik korraga, \u00fchel kompaktsel pinnal. P\u00f5hiomadused Vertikaalne kompaktne disain \u2013 sobib kortermajja, v\u00e4ikesesse k\u00f6\u00f6ki ja r\u00f5dule Sisseehitatud veepaak \u2013 kastad harvemini ja\u2026","rel":"","context":"Similar post","block_context":{"text":"Similar post","link":""},"img":{"alt_text":"","src":"https:\/\/i0.wp.com\/indoorgarden.ee\/wp-content\/uploads\/2026\/02\/macetero-vertical-negro0.jpg?resize=350%2C200&ssl=1","width":350,"height":200},"classes":[]}],"_links":{"self":[{"href":"https:\/\/indoorgarden.ee\/et\/wp-json\/wp\/v2\/product\/5250","targetHints":{"allow":["GET"]}}],"collection":[{"href":"https:\/\/indoorgarden.ee\/et\/wp-json\/wp\/v2\/product"}],"about":[{"href":"https:\/\/indoorgarden.ee\/et\/wp-json\/wp\/v2\/types\/product"}],"replies":[{"embeddable":true,"href":"https:\/\/indoorgarden.ee\/et\/wp-json\/wp\/v2\/comments?post=5250"}],"wp:featuredmedia":[{"embeddable":true,"href":"https:\/\/indoorgarden.ee\/et\/wp-json\/wp\/v2\/media\/3238"}],"wp:attachment":[{"href":"https:\/\/indoorgarden.ee\/et\/wp-json\/wp\/v2\/media?parent=5250"}],"wp:term":[{"taxonomy":"product_brand","embeddable":true,"href":"https:\/\/indoorgarden.ee\/et\/wp-json\/wp\/v2\/product_brand?post=5250"},{"taxonomy":"product_cat","embeddable":true,"href":"https:\/\/indoorgarden.ee\/et\/wp-json\/wp\/v2\/product_cat?post=5250"},{"taxonomy":"product_tag","embeddable":true,"href":"https:\/\/indoorgarden.ee\/et\/wp-json\/wp\/v2\/product_tag?post=5250"}],"curies":[{"name":"wp","href":"https:\/\/api.w.org\/{rel}","templated":true}]}}