{"id":5249,"date":"2026-02-14T13:03:16","date_gmt":"2026-02-14T11:03:16","guid":{"rendered":"https:\/\/indoorgarden.ee\/product\/citysens-ratastega-alus-puidust-taimekaru-4-rattaga-citysens-vertikaalsele-taimepotile-ja-rasketele-pottidele\/"},"modified":"2026-04-27T09:17:27","modified_gmt":"2026-04-27T06:17:27","slug":"citysens-ratastega-alus-puidust-taimekaru-4-rattaga-citysens-vertikaalsele-taimepotile-ja-rasketele-pottidele","status":"publish","type":"product","link":"https:\/\/indoorgarden.ee\/et\/toode\/citysens-ratastega-alus-puidust-taimekaru-4-rattaga-citysens-vertikaalsele-taimepotile-ja-rasketele-pottidele\/","title":{"rendered":"CitySens ratastega alus \u2013 puidust taimek\u00e4ru 4 rattaga CitySens vertikaalsele taimepotile ja rasketele pottidele"},"content":{"rendered":"<p>CitySens ratastega alus \u2013 kvaliteetne taimepott sisetingimuste taimekasvatuseks. Tugev konstruktsioon, sobib aastatepikkuseks kasutuseks.<\/p>\n<h3>Kellele sobib<\/h3>\n<p>Sobib toataimedele, \u00fcrtidele ja teistele sisetingimustes kasvavatele taimedele. Praktiline lahendus k\u00f6\u00f6gi t\u00f6\u00f6pinnale, aknalauale v\u00f5i elutuppa.<\/p>\n<p>IndoorGarden-ist leiad kogu valiku taimepotte ja sisekasvatuse tarvikuid.<\/p>\n","protected":false},"excerpt":{"rendered":"<p>CitySens ratastega alus \u2013 kvaliteetne taimepott sisetingimuste taimekasvatuseks. Tugev konstruktsioon, sobib aastatepikkuseks kasutuseks. Kellele sobib Sobib toataimedele, \u00fcrtidele ja teistele sisetingimustes kasvavatele taimedele. Praktiline lahendus k\u00f6\u00f6gi t\u00f6\u00f6pinnale, aknalauale v\u00f5i elutuppa. IndoorGarden-ist leiad kogu valiku taimepotte ja sisekasvatuse tarvikuid.<\/p>\n","protected":false},"featured_media":3254,"comment_status":"open","ping_status":"closed","template":"","meta":[],"product_brand":[317],"product_cat":[307],"product_tag":[],"class_list":{"0":"post-5249","1":"product","2":"type-product","3":"status-publish","4":"has-post-thumbnail","6":"product_brand-citysens-et","7":"product_cat-taimepottide-tarvikud","9":"first","10":"instock","11":"taxable","12":"shipping-taxable","13":"purchasable","14":"product-type-simple"},"jetpack_sharing_enabled":true,"jetpack-related-posts":[{"id":5250,"url":"https:\/\/indoorgarden.ee\/et\/toode\/citysens-lisataimepott-valge-moodulpott-vertikaalsele-taimepotile-koos-filtri-ja-vorkvahega\/","url_meta":{"origin":5249,"position":0},"title":"CitySens lisataimepott \u2013 valge moodulpott vertikaalsele taimepotile, koos filtri ja v\u00f5rkvahega","author":"admin","date":"14. veebr. 2026","format":false,"excerpt":"CitySens lisataimepott \u2013 kvaliteetne taimepott sisetingimuste taimekasvatuseks. Tugev konstruktsioon, sobib aastatepikkuseks kasutuseks. Kellele sobib Sobib toataimedele, \u00fcrtidele ja teistele sisetingimustes kasvavatele taimedele. Praktiline lahendus k\u00f6\u00f6gi t\u00f6\u00f6pinnale, aknalauale v\u00f5i elutuppa. IndoorGarden-ist leiad kogu valiku taimepotte ja sisekasvatuse tarvikuid.","rel":"","context":"Similar post","block_context":{"text":"Similar post","link":""},"img":{"alt_text":"","src":"https:\/\/i0.wp.com\/indoorgarden.ee\/wp-content\/uploads\/2026\/02\/extra-white-plant-pot.jpg?resize=350%2C200&ssl=1","width":350,"height":200,"srcset":"https:\/\/i0.wp.com\/indoorgarden.ee\/wp-content\/uploads\/2026\/02\/extra-white-plant-pot.jpg?resize=350%2C200&ssl=1 1x, https:\/\/i0.wp.com\/indoorgarden.ee\/wp-content\/uploads\/2026\/02\/extra-white-plant-pot.jpg?resize=525%2C300&ssl=1 1.5x, https:\/\/i0.wp.com\/indoorgarden.ee\/wp-content\/uploads\/2026\/02\/extra-white-plant-pot.jpg?resize=700%2C400&ssl=1 2x"},"classes":[]},{"id":5308,"url":"https:\/\/indoorgarden.ee\/et\/toode\/citysens-3-pakk-seinapotid-tekstiilkatete-ja-isekastmisega-must-vertikaalne-taimepottide-komplekt\/","url_meta":{"origin":5249,"position":1},"title":"CitySens 3-pakk seinapotid tekstiilkatete ja isekastmisega \u2013 must vertikaalne taimepottide komplekt","author":"admin","date":"14. veebr. 2026","format":false,"excerpt":"CitySens 3-pakk seinapotid tekstiilkatete ja isekastmisega \u2013 kvaliteetne taimepott sisetingimuste taimekasvatuseks. Tugev konstruktsioon, sobib aastatepikkuseks kasutuseks. Kellele sobib Sobib toataimedele, \u00fcrtidele ja teistele sisetingimustes kasvavatele taimedele. Praktiline lahendus k\u00f6\u00f6gi t\u00f6\u00f6pinnale, aknalauale v\u00f5i elutuppa. IndoorGarden-ist leiad kogu valiku taimepotte ja sisekasvatuse tarvikuid.","rel":"","context":"Similar post","block_context":{"text":"Similar post","link":""},"img":{"alt_text":"","src":"https:\/\/i0.wp.com\/indoorgarden.ee\/wp-content\/uploads\/2026\/02\/mp3430.png?resize=350%2C200&ssl=1","width":350,"height":200,"srcset":"https:\/\/i0.wp.com\/indoorgarden.ee\/wp-content\/uploads\/2026\/02\/mp3430.png?resize=350%2C200&ssl=1 1x, https:\/\/i0.wp.com\/indoorgarden.ee\/wp-content\/uploads\/2026\/02\/mp3430.png?resize=525%2C300&ssl=1 1.5x, https:\/\/i0.wp.com\/indoorgarden.ee\/wp-content\/uploads\/2026\/02\/mp3430.png?resize=700%2C400&ssl=1 2x"},"classes":[]},{"id":5310,"url":"https:\/\/indoorgarden.ee\/et\/toode\/citysens-3-pakk-seinapotid-tekstiilkatetega-must-vertikaalne-seinapottide-komplekt-taaskasutatud-katetega\/","url_meta":{"origin":5249,"position":2},"title":"CitySens 3-pakk seinapotid tekstiilkatetega \u2013 must vertikaalne seinapottide komplekt taaskasutatud katetega","author":"admin","date":"14. veebr. 2026","format":false,"excerpt":"CitySens 3-pakk seinapotid tekstiilkatetega \u2013 kvaliteetne taimepott sisetingimuste taimekasvatuseks. Tugev konstruktsioon, sobib aastatepikkuseks kasutuseks. Kellele sobib Sobib toataimedele, \u00fcrtidele ja teistele sisetingimustes kasvavatele taimedele. Praktiline lahendus k\u00f6\u00f6gi t\u00f6\u00f6pinnale, aknalauale v\u00f5i elutuppa. IndoorGarden-ist leiad kogu valiku taimepotte ja sisekasvatuse tarvikuid.","rel":"","context":"Similar post","block_context":{"text":"Similar post","link":""},"img":{"alt_text":"","src":"https:\/\/i0.wp.com\/indoorgarden.ee\/wp-content\/uploads\/2026\/02\/1-1.png?resize=350%2C200&ssl=1","width":350,"height":200,"srcset":"https:\/\/i0.wp.com\/indoorgarden.ee\/wp-content\/uploads\/2026\/02\/1-1.png?resize=350%2C200&ssl=1 1x, https:\/\/i0.wp.com\/indoorgarden.ee\/wp-content\/uploads\/2026\/02\/1-1.png?resize=525%2C300&ssl=1 1.5x, https:\/\/i0.wp.com\/indoorgarden.ee\/wp-content\/uploads\/2026\/02\/1-1.png?resize=700%2C400&ssl=1 2x"},"classes":[]},{"id":5317,"url":"https:\/\/indoorgarden.ee\/et\/toode\/citysens-labipaistev-taimepott-eebenistugiga-rohelise-alusega-hudropooniline-klaastaimepott-3d-prinditud-puitalusega\/","url_meta":{"origin":5249,"position":3},"title":"CitySens l\u00e4bipaistev taimepott eebenistugiga \u2013 rohelise alusega h\u00fcdropooniline klaastaimepott 3D-prinditud puitalusega","author":"admin","date":"14. veebr. 2026","format":false,"excerpt":"CitySens l\u00e4bipaistev taimepott eebenistugiga on disainerlik h\u00fcdropooniline klaastaimepott 3D-prinditud puitalusega. Sobib elutuppa, k\u00f6\u00f6ki v\u00f5i kontorisse stiilseks dekoratiivseks elemendiks. P\u00f5hiomadused Klaaspott \u2013 n\u00e4ed selgelt taime juurte arengut h\u00fcdropoonikas 3D-prinditud puitalus \u2013 tugev ja stiilne ebenipuust alus H\u00fcdropooniline s\u00fcsteem \u2013 kasvata \u00fcrte ja toataimi ilma mullata Disainerlik element \u2013 sobib kingituseks ja\u2026","rel":"","context":"Similar post","block_context":{"text":"Similar post","link":""},"img":{"alt_text":"","src":"https:\/\/i0.wp.com\/indoorgarden.ee\/wp-content\/uploads\/2026\/02\/Foto-21-scaled.jpg?resize=350%2C200&ssl=1","width":350,"height":200,"srcset":"https:\/\/i0.wp.com\/indoorgarden.ee\/wp-content\/uploads\/2026\/02\/Foto-21-scaled.jpg?resize=350%2C200&ssl=1 1x, https:\/\/i0.wp.com\/indoorgarden.ee\/wp-content\/uploads\/2026\/02\/Foto-21-scaled.jpg?resize=525%2C300&ssl=1 1.5x, https:\/\/i0.wp.com\/indoorgarden.ee\/wp-content\/uploads\/2026\/02\/Foto-21-scaled.jpg?resize=700%2C400&ssl=1 2x, https:\/\/i0.wp.com\/indoorgarden.ee\/wp-content\/uploads\/2026\/02\/Foto-21-scaled.jpg?resize=1050%2C600&ssl=1 3x, https:\/\/i0.wp.com\/indoorgarden.ee\/wp-content\/uploads\/2026\/02\/Foto-21-scaled.jpg?resize=1400%2C800&ssl=1 4x"},"classes":[]},{"id":5316,"url":"https:\/\/indoorgarden.ee\/et\/toode\/citysens-labipaistev-taimepott-eebenistugiga-merevaiguvarvi-alusega-hudropooniline-klaastaimepott-3d-prinditud-puitalusega\/","url_meta":{"origin":5249,"position":4},"title":"CitySens l\u00e4bipaistev taimepott eebenistugiga \u2013 merevaiguv\u00e4rvi alusega h\u00fcdropooniline klaastaimepott 3D-prinditud puitalusega","author":"admin","date":"14. veebr. 2026","format":false,"excerpt":"CitySens l\u00e4bipaistev taimepott eebenistugiga on disainerlik h\u00fcdropooniline klaastaimepott 3D-prinditud puitalusega. Sobib elutuppa, k\u00f6\u00f6ki v\u00f5i kontorisse stiilseks dekoratiivseks elemendiks. P\u00f5hiomadused Klaaspott \u2013 n\u00e4ed selgelt taime juurte arengut h\u00fcdropoonikas 3D-prinditud puitalus \u2013 tugev ja stiilne ebenipuust alus H\u00fcdropooniline s\u00fcsteem \u2013 kasvata \u00fcrte ja toataimi ilma mullata Disainerlik element \u2013 sobib kingituseks ja\u2026","rel":"","context":"Similar post","block_context":{"text":"Similar post","link":""},"img":{"alt_text":"","src":"https:\/\/i0.wp.com\/indoorgarden.ee\/wp-content\/uploads\/2026\/02\/Foto-11-scaled.jpg?resize=350%2C200&ssl=1","width":350,"height":200,"srcset":"https:\/\/i0.wp.com\/indoorgarden.ee\/wp-content\/uploads\/2026\/02\/Foto-11-scaled.jpg?resize=350%2C200&ssl=1 1x, https:\/\/i0.wp.com\/indoorgarden.ee\/wp-content\/uploads\/2026\/02\/Foto-11-scaled.jpg?resize=525%2C300&ssl=1 1.5x, https:\/\/i0.wp.com\/indoorgarden.ee\/wp-content\/uploads\/2026\/02\/Foto-11-scaled.jpg?resize=700%2C400&ssl=1 2x, https:\/\/i0.wp.com\/indoorgarden.ee\/wp-content\/uploads\/2026\/02\/Foto-11-scaled.jpg?resize=1050%2C600&ssl=1 3x, https:\/\/i0.wp.com\/indoorgarden.ee\/wp-content\/uploads\/2026\/02\/Foto-11-scaled.jpg?resize=1400%2C800&ssl=1 4x"},"classes":[]},{"id":5245,"url":"https:\/\/indoorgarden.ee\/et\/toode\/citysens-vees-tootav-pump-vaikne-el-pistikuga-pump-vertikaalsetele-taimepottidele-2-3-voi-4-potti\/","url_meta":{"origin":5249,"position":5},"title":"CitySens vees t\u00f6\u00f6tav pump \u2013 vaikne EL-pistikuga pump vertikaalsetele taimepottidele (2, 3 v\u00f5i 4 potti)","author":"admin","date":"14. veebr. 2026","format":false,"excerpt":"CitySens vees t\u00f6\u00f6tav pump \u2013 kvaliteetne taimepott sisetingimuste taimekasvatuseks. Tugev konstruktsioon, sobib aastatepikkuseks kasutuseks. Kellele sobib Sobib toataimedele, \u00fcrtidele ja teistele sisetingimustes kasvavatele taimedele. Praktiline lahendus k\u00f6\u00f6gi t\u00f6\u00f6pinnale, aknalauale v\u00f5i elutuppa. IndoorGarden-ist leiad kogu valiku taimepotte ja sisekasvatuse tarvikuid.","rel":"","context":"Similar post","block_context":{"text":"Similar post","link":""},"img":{"alt_text":"","src":"https:\/\/i0.wp.com\/indoorgarden.ee\/wp-content\/uploads\/2026\/02\/submersible-water-pump.jpg?resize=350%2C200&ssl=1","width":350,"height":200,"srcset":"https:\/\/i0.wp.com\/indoorgarden.ee\/wp-content\/uploads\/2026\/02\/submersible-water-pump.jpg?resize=350%2C200&ssl=1 1x, https:\/\/i0.wp.com\/indoorgarden.ee\/wp-content\/uploads\/2026\/02\/submersible-water-pump.jpg?resize=525%2C300&ssl=1 1.5x, https:\/\/i0.wp.com\/indoorgarden.ee\/wp-content\/uploads\/2026\/02\/submersible-water-pump.jpg?resize=700%2C400&ssl=1 2x"},"classes":[]}],"_links":{"self":[{"href":"https:\/\/indoorgarden.ee\/et\/wp-json\/wp\/v2\/product\/5249","targetHints":{"allow":["GET"]}}],"collection":[{"href":"https:\/\/indoorgarden.ee\/et\/wp-json\/wp\/v2\/product"}],"about":[{"href":"https:\/\/indoorgarden.ee\/et\/wp-json\/wp\/v2\/types\/product"}],"replies":[{"embeddable":true,"href":"https:\/\/indoorgarden.ee\/et\/wp-json\/wp\/v2\/comments?post=5249"}],"wp:featuredmedia":[{"embeddable":true,"href":"https:\/\/indoorgarden.ee\/et\/wp-json\/wp\/v2\/media\/3254"}],"wp:attachment":[{"href":"https:\/\/indoorgarden.ee\/et\/wp-json\/wp\/v2\/media?parent=5249"}],"wp:term":[{"taxonomy":"product_brand","embeddable":true,"href":"https:\/\/indoorgarden.ee\/et\/wp-json\/wp\/v2\/product_brand?post=5249"},{"taxonomy":"product_cat","embeddable":true,"href":"https:\/\/indoorgarden.ee\/et\/wp-json\/wp\/v2\/product_cat?post=5249"},{"taxonomy":"product_tag","embeddable":true,"href":"https:\/\/indoorgarden.ee\/et\/wp-json\/wp\/v2\/product_tag?post=5249"}],"curies":[{"name":"wp","href":"https:\/\/api.w.org\/{rel}","templated":true}]}}