{"id":5246,"date":"2026-02-14T13:03:19","date_gmt":"2026-02-14T11:03:19","guid":{"rendered":"https:\/\/indoorgarden.ee\/product\/citysens-niisutav-olla-beez-looduslik-niisutusamfor-toataimedele-35-cl-mahuga\/"},"modified":"2026-04-27T09:14:49","modified_gmt":"2026-04-27T06:14:49","slug":"citysens-niisutav-olla-beez-looduslik-niisutusamfor-toataimedele-35-cl-mahuga","status":"publish","type":"product","link":"https:\/\/indoorgarden.ee\/et\/toode\/citysens-niisutav-olla-beez-looduslik-niisutusamfor-toataimedele-35-cl-mahuga\/","title":{"rendered":"CitySens niisutav Olla \u2013 bee\u017e looduslik niisutusamfor toataimedele, 35 cl mahuga"},"content":{"rendered":"<p>CitySens niisutav Olla on looduslik niisutusamfor toataimedele. Asetad keraamilise amfori taimepoti mulda ja t\u00e4idad veega \u2013 vesi imbub taime juurte \u00fcmber aeglaselt vastavalt vajadusele.<\/p>\n<h3>P\u00f5hiomadused<\/h3>\n<ul>\n<li><strong>35 cl mahuga<\/strong> \u2013 piisab n\u00e4dala-kahe jagu kastmist enamikule taimedele<\/li>\n<li><strong>Looduslik keraamika<\/strong> \u2013 vesi imbub mulda l\u00e4bi pooride loomulikul viisil<\/li>\n<li><strong>Ei vaja elektrit<\/strong> \u2013 passiivne s\u00fcsteem, mis t\u00f6\u00f6tab f\u00fc\u00fcsika alusel<\/li>\n<li><strong>Sobib igale potile<\/strong> \u2013 aseta lihtsalt mulla sisse<\/li>\n<\/ul>\n<h3>Kellele sobib<\/h3>\n<p>Sobib reisidele minejatele, unustajatele ja neile, kelle taimed kannatavad eba\u00fchtlase kastmise k\u00e4es. Eriti kasulik palavikukohastele taimedele nagu basiilik ja salat.<\/p>\n","protected":false},"excerpt":{"rendered":"<p>CitySens niisutav Olla on looduslik niisutusamfor toataimedele. Asetad keraamilise amfori taimepoti mulda ja t\u00e4idad veega \u2013 vesi imbub taime juurte \u00fcmber aeglaselt vastavalt vajadusele. P\u00f5hiomadused 35 cl mahuga \u2013 piisab n\u00e4dala-kahe jagu kastmist enamikule taimedele Looduslik keraamika \u2013 vesi imbub mulda l\u00e4bi pooride loomulikul viisil Ei vaja elektrit \u2013 passiivne s\u00fcsteem, mis t\u00f6\u00f6tab f\u00fc\u00fcsika alusel [&hellip;]<\/p>\n","protected":false},"featured_media":3773,"comment_status":"open","ping_status":"closed","template":"","meta":[],"product_brand":[317],"product_cat":[85],"product_tag":[],"class_list":{"0":"post-5246","1":"product","2":"type-product","3":"status-publish","4":"has-post-thumbnail","6":"product_brand-citysens-et","7":"product_cat-isekastvad-lahendused","9":"first","10":"instock","11":"taxable","12":"shipping-taxable","13":"purchasable","14":"product-type-simple"},"jetpack_sharing_enabled":true,"jetpack-related-posts":[{"id":5247,"url":"https:\/\/indoorgarden.ee\/et\/toode\/citysens-niisutav-olla-must-looduslik-niisutusamfor-toataimedele-35-cl-mahuga\/","url_meta":{"origin":5246,"position":0},"title":"CitySens niisutav Olla \u2013 must looduslik niisutusamfor toataimedele, 35 cl mahuga","author":"admin","date":"14. veebr. 2026","format":false,"excerpt":"CitySens niisutav Olla on looduslik niisutusamfor toataimedele. Asetad keraamilise amfori taimepoti mulda ja t\u00e4idad veega \u2013 vesi imbub taime juurte \u00fcmber aeglaselt vastavalt vajadusele. P\u00f5hiomadused 35 cl mahuga \u2013 piisab n\u00e4dala-kahe jagu kastmist enamikule taimedele Looduslik keraamika \u2013 vesi imbub mulda l\u00e4bi pooride loomulikul viisil Ei vaja elektrit \u2013 passiivne\u2026","rel":"","context":"Similar post","block_context":{"text":"Similar post","link":""},"img":{"alt_text":"","src":"https:\/\/i0.wp.com\/indoorgarden.ee\/wp-content\/uploads\/2026\/02\/3.Olla_negra_web.jpg?resize=350%2C200&ssl=1","width":350,"height":200,"srcset":"https:\/\/i0.wp.com\/indoorgarden.ee\/wp-content\/uploads\/2026\/02\/3.Olla_negra_web.jpg?resize=350%2C200&ssl=1 1x, https:\/\/i0.wp.com\/indoorgarden.ee\/wp-content\/uploads\/2026\/02\/3.Olla_negra_web.jpg?resize=525%2C300&ssl=1 1.5x, https:\/\/i0.wp.com\/indoorgarden.ee\/wp-content\/uploads\/2026\/02\/3.Olla_negra_web.jpg?resize=700%2C400&ssl=1 2x"},"classes":[]},{"id":5250,"url":"https:\/\/indoorgarden.ee\/et\/toode\/citysens-lisataimepott-valge-moodulpott-vertikaalsele-taimepotile-koos-filtri-ja-vorkvahega\/","url_meta":{"origin":5246,"position":1},"title":"CitySens lisataimepott \u2013 valge moodulpott vertikaalsele taimepotile, koos filtri ja v\u00f5rkvahega","author":"admin","date":"14. veebr. 2026","format":false,"excerpt":"CitySens lisataimepott \u2013 kvaliteetne taimepott sisetingimuste taimekasvatuseks. Tugev konstruktsioon, sobib aastatepikkuseks kasutuseks. Kellele sobib Sobib toataimedele, \u00fcrtidele ja teistele sisetingimustes kasvavatele taimedele. Praktiline lahendus k\u00f6\u00f6gi t\u00f6\u00f6pinnale, aknalauale v\u00f5i elutuppa. IndoorGarden-ist leiad kogu valiku taimepotte ja sisekasvatuse tarvikuid.","rel":"","context":"Similar post","block_context":{"text":"Similar post","link":""},"img":{"alt_text":"","src":"https:\/\/i0.wp.com\/indoorgarden.ee\/wp-content\/uploads\/2026\/02\/extra-white-plant-pot.jpg?resize=350%2C200&ssl=1","width":350,"height":200,"srcset":"https:\/\/i0.wp.com\/indoorgarden.ee\/wp-content\/uploads\/2026\/02\/extra-white-plant-pot.jpg?resize=350%2C200&ssl=1 1x, https:\/\/i0.wp.com\/indoorgarden.ee\/wp-content\/uploads\/2026\/02\/extra-white-plant-pot.jpg?resize=525%2C300&ssl=1 1.5x, https:\/\/i0.wp.com\/indoorgarden.ee\/wp-content\/uploads\/2026\/02\/extra-white-plant-pot.jpg?resize=700%2C400&ssl=1 2x"},"classes":[]},{"id":5249,"url":"https:\/\/indoorgarden.ee\/et\/toode\/citysens-ratastega-alus-puidust-taimekaru-4-rattaga-citysens-vertikaalsele-taimepotile-ja-rasketele-pottidele\/","url_meta":{"origin":5246,"position":2},"title":"CitySens ratastega alus \u2013 puidust taimek\u00e4ru 4 rattaga CitySens vertikaalsele taimepotile ja rasketele pottidele","author":"admin","date":"14. veebr. 2026","format":false,"excerpt":"CitySens ratastega alus \u2013 kvaliteetne taimepott sisetingimuste taimekasvatuseks. Tugev konstruktsioon, sobib aastatepikkuseks kasutuseks. Kellele sobib Sobib toataimedele, \u00fcrtidele ja teistele sisetingimustes kasvavatele taimedele. Praktiline lahendus k\u00f6\u00f6gi t\u00f6\u00f6pinnale, aknalauale v\u00f5i elutuppa. IndoorGarden-ist leiad kogu valiku taimepotte ja sisekasvatuse tarvikuid.","rel":"","context":"Similar post","block_context":{"text":"Similar post","link":""},"img":{"alt_text":"","src":"https:\/\/i0.wp.com\/indoorgarden.ee\/wp-content\/uploads\/2026\/02\/soporte-con-ruedas-para-macetero-vertical_1.jpg?resize=350%2C200&ssl=1","width":350,"height":200,"srcset":"https:\/\/i0.wp.com\/indoorgarden.ee\/wp-content\/uploads\/2026\/02\/soporte-con-ruedas-para-macetero-vertical_1.jpg?resize=350%2C200&ssl=1 1x, https:\/\/i0.wp.com\/indoorgarden.ee\/wp-content\/uploads\/2026\/02\/soporte-con-ruedas-para-macetero-vertical_1.jpg?resize=525%2C300&ssl=1 1.5x, https:\/\/i0.wp.com\/indoorgarden.ee\/wp-content\/uploads\/2026\/02\/soporte-con-ruedas-para-macetero-vertical_1.jpg?resize=700%2C400&ssl=1 2x"},"classes":[]},{"id":5308,"url":"https:\/\/indoorgarden.ee\/et\/toode\/citysens-3-pakk-seinapotid-tekstiilkatete-ja-isekastmisega-must-vertikaalne-taimepottide-komplekt\/","url_meta":{"origin":5246,"position":3},"title":"CitySens 3-pakk seinapotid tekstiilkatete ja isekastmisega \u2013 must vertikaalne taimepottide komplekt","author":"admin","date":"14. veebr. 2026","format":false,"excerpt":"CitySens 3-pakk seinapotid tekstiilkatete ja isekastmisega \u2013 kvaliteetne taimepott sisetingimuste taimekasvatuseks. Tugev konstruktsioon, sobib aastatepikkuseks kasutuseks. Kellele sobib Sobib toataimedele, \u00fcrtidele ja teistele sisetingimustes kasvavatele taimedele. Praktiline lahendus k\u00f6\u00f6gi t\u00f6\u00f6pinnale, aknalauale v\u00f5i elutuppa. IndoorGarden-ist leiad kogu valiku taimepotte ja sisekasvatuse tarvikuid.","rel":"","context":"Similar post","block_context":{"text":"Similar post","link":""},"img":{"alt_text":"","src":"https:\/\/i0.wp.com\/indoorgarden.ee\/wp-content\/uploads\/2026\/02\/mp3430.png?resize=350%2C200&ssl=1","width":350,"height":200,"srcset":"https:\/\/i0.wp.com\/indoorgarden.ee\/wp-content\/uploads\/2026\/02\/mp3430.png?resize=350%2C200&ssl=1 1x, https:\/\/i0.wp.com\/indoorgarden.ee\/wp-content\/uploads\/2026\/02\/mp3430.png?resize=525%2C300&ssl=1 1.5x, https:\/\/i0.wp.com\/indoorgarden.ee\/wp-content\/uploads\/2026\/02\/mp3430.png?resize=700%2C400&ssl=1 2x"},"classes":[]},{"id":5310,"url":"https:\/\/indoorgarden.ee\/et\/toode\/citysens-3-pakk-seinapotid-tekstiilkatetega-must-vertikaalne-seinapottide-komplekt-taaskasutatud-katetega\/","url_meta":{"origin":5246,"position":4},"title":"CitySens 3-pakk seinapotid tekstiilkatetega \u2013 must vertikaalne seinapottide komplekt taaskasutatud katetega","author":"admin","date":"14. veebr. 2026","format":false,"excerpt":"CitySens 3-pakk seinapotid tekstiilkatetega \u2013 kvaliteetne taimepott sisetingimuste taimekasvatuseks. Tugev konstruktsioon, sobib aastatepikkuseks kasutuseks. Kellele sobib Sobib toataimedele, \u00fcrtidele ja teistele sisetingimustes kasvavatele taimedele. Praktiline lahendus k\u00f6\u00f6gi t\u00f6\u00f6pinnale, aknalauale v\u00f5i elutuppa. IndoorGarden-ist leiad kogu valiku taimepotte ja sisekasvatuse tarvikuid.","rel":"","context":"Similar post","block_context":{"text":"Similar post","link":""},"img":{"alt_text":"","src":"https:\/\/i0.wp.com\/indoorgarden.ee\/wp-content\/uploads\/2026\/02\/1-1.png?resize=350%2C200&ssl=1","width":350,"height":200,"srcset":"https:\/\/i0.wp.com\/indoorgarden.ee\/wp-content\/uploads\/2026\/02\/1-1.png?resize=350%2C200&ssl=1 1x, https:\/\/i0.wp.com\/indoorgarden.ee\/wp-content\/uploads\/2026\/02\/1-1.png?resize=525%2C300&ssl=1 1.5x, https:\/\/i0.wp.com\/indoorgarden.ee\/wp-content\/uploads\/2026\/02\/1-1.png?resize=700%2C400&ssl=1 2x"},"classes":[]},{"id":5245,"url":"https:\/\/indoorgarden.ee\/et\/toode\/citysens-vees-tootav-pump-vaikne-el-pistikuga-pump-vertikaalsetele-taimepottidele-2-3-voi-4-potti\/","url_meta":{"origin":5246,"position":5},"title":"CitySens vees t\u00f6\u00f6tav pump \u2013 vaikne EL-pistikuga pump vertikaalsetele taimepottidele (2, 3 v\u00f5i 4 potti)","author":"admin","date":"14. veebr. 2026","format":false,"excerpt":"CitySens vees t\u00f6\u00f6tav pump \u2013 kvaliteetne taimepott sisetingimuste taimekasvatuseks. Tugev konstruktsioon, sobib aastatepikkuseks kasutuseks. Kellele sobib Sobib toataimedele, \u00fcrtidele ja teistele sisetingimustes kasvavatele taimedele. Praktiline lahendus k\u00f6\u00f6gi t\u00f6\u00f6pinnale, aknalauale v\u00f5i elutuppa. IndoorGarden-ist leiad kogu valiku taimepotte ja sisekasvatuse tarvikuid.","rel":"","context":"Similar post","block_context":{"text":"Similar post","link":""},"img":{"alt_text":"","src":"https:\/\/i0.wp.com\/indoorgarden.ee\/wp-content\/uploads\/2026\/02\/submersible-water-pump.jpg?resize=350%2C200&ssl=1","width":350,"height":200,"srcset":"https:\/\/i0.wp.com\/indoorgarden.ee\/wp-content\/uploads\/2026\/02\/submersible-water-pump.jpg?resize=350%2C200&ssl=1 1x, https:\/\/i0.wp.com\/indoorgarden.ee\/wp-content\/uploads\/2026\/02\/submersible-water-pump.jpg?resize=525%2C300&ssl=1 1.5x, https:\/\/i0.wp.com\/indoorgarden.ee\/wp-content\/uploads\/2026\/02\/submersible-water-pump.jpg?resize=700%2C400&ssl=1 2x"},"classes":[]}],"_links":{"self":[{"href":"https:\/\/indoorgarden.ee\/et\/wp-json\/wp\/v2\/product\/5246","targetHints":{"allow":["GET"]}}],"collection":[{"href":"https:\/\/indoorgarden.ee\/et\/wp-json\/wp\/v2\/product"}],"about":[{"href":"https:\/\/indoorgarden.ee\/et\/wp-json\/wp\/v2\/types\/product"}],"replies":[{"embeddable":true,"href":"https:\/\/indoorgarden.ee\/et\/wp-json\/wp\/v2\/comments?post=5246"}],"wp:featuredmedia":[{"embeddable":true,"href":"https:\/\/indoorgarden.ee\/et\/wp-json\/wp\/v2\/media\/3773"}],"wp:attachment":[{"href":"https:\/\/indoorgarden.ee\/et\/wp-json\/wp\/v2\/media?parent=5246"}],"wp:term":[{"taxonomy":"product_brand","embeddable":true,"href":"https:\/\/indoorgarden.ee\/et\/wp-json\/wp\/v2\/product_brand?post=5246"},{"taxonomy":"product_cat","embeddable":true,"href":"https:\/\/indoorgarden.ee\/et\/wp-json\/wp\/v2\/product_cat?post=5246"},{"taxonomy":"product_tag","embeddable":true,"href":"https:\/\/indoorgarden.ee\/et\/wp-json\/wp\/v2\/product_tag?post=5246"}],"curies":[{"name":"wp","href":"https:\/\/api.w.org\/{rel}","templated":true}]}}