{"id":5243,"date":"2026-02-22T11:54:03","date_gmt":"2026-02-22T09:54:03","guid":{"rendered":"https:\/\/indoorgarden.ee\/product\/fiskars-solid-pugamiskaarid-sp15-1051602-tappisaiakaarid\/"},"modified":"2026-04-27T09:17:22","modified_gmt":"2026-04-27T06:17:22","slug":"fiskars-solid-pugamiskaarid-sp15-1051602-tappisaiakaarid","status":"publish","type":"product","link":"https:\/\/indoorgarden.ee\/et\/toode\/fiskars-solid-pugamiskaarid-sp15-1051602-tappisaiakaarid\/","title":{"rendered":"Fiskars Solid p\u00fcgamisk\u00e4\u00e4rid SP15 1051602 \u2013 t\u00e4ppisaiak\u00e4\u00e4rid"},"content":{"rendered":"<p>Fiskars Solid p\u00fcgamisk\u00e4\u00e4rid SP15 1051602 \u2013 t\u00e4psed p\u00fcgamisk\u00e4\u00e4rid sisetingimuste taimedele. Teravad, mugavad k\u00e4tele ja lihtsad kasutada.<\/p>\n<h3>Kasutamine<\/h3>\n<p>Sobivad \u00fcrtide p\u00fcgamiseks, lehtede k\u00e4rpimiseks ja mikrov\u00f5rsete koristamiseks. Igap\u00e4evane abivahend sisekasvatajatele.<\/p>\n","protected":false},"excerpt":{"rendered":"<p>Fiskars Solid p\u00fcgamisk\u00e4\u00e4rid SP15 1051602 \u2013 t\u00e4psed p\u00fcgamisk\u00e4\u00e4rid sisetingimuste taimedele. Teravad, mugavad k\u00e4tele ja lihtsad kasutada. Kasutamine Sobivad \u00fcrtide p\u00fcgamiseks, lehtede k\u00e4rpimiseks ja mikrov\u00f5rsete koristamiseks. Igap\u00e4evane abivahend sisekasvatajatele.<\/p>\n","protected":false},"featured_media":3884,"comment_status":"open","ping_status":"closed","template":"","meta":[],"product_brand":[316],"product_cat":[84],"product_tag":[],"class_list":{"0":"post-5243","1":"product","2":"type-product","3":"status-publish","4":"has-post-thumbnail","6":"product_brand-fiskars","7":"product_cat-pugamiskaarid","9":"first","10":"instock","11":"taxable","12":"shipping-taxable","13":"purchasable","14":"product-type-simple"},"jetpack_sharing_enabled":true,"jetpack-related-posts":[{"id":3885,"url":"https:\/\/indoorgarden.ee\/toode\/fiskars-solid-pruner-snip-sp15-1051602-precision-garden-scissors\/","url_meta":{"origin":5243,"position":0},"title":"Fiskars solid pruner snip sp15 1051602 precision garden scissors","author":"admin","date":"22. veebr. 2026","format":false,"excerpt":"Fiskars solid pruner snip sp15 1051602The Fiskars pruner is designed for pruning or shaping very small plants or flowers.The Fiskars solid pruner snip sp15 1051602 is a practical and reliable gardening tool ideal for precise cutting tasks. Designed specifically for pruning or shaping very small plants or flowers, this pruner\u2026","rel":"","context":"Similar post","block_context":{"text":"Similar post","link":""},"img":{"alt_text":"","src":"https:\/\/i0.wp.com\/indoorgarden.ee\/wp-content\/uploads\/2026\/02\/fiskars-solid-pruner-snip-sp15-1051602.png?resize=350%2C200&ssl=1","width":350,"height":200},"classes":[]},{"id":2195,"url":"https:\/\/indoorgarden.ee\/et\/toode\/rukola-vorsete-seemned-100-g-kiirekasvuline-supertoit-ideaalne-hudropoonikasse-ja-idandamisnoudesse\/","url_meta":{"origin":5243,"position":1},"title":"Mikrov\u00f5rsete rukola seemned 100 g \u2013 kiirelt kasvav superfood h\u00fcdropoonikale ja idupurkidesse","author":"admin","date":"16. nov. 2025","format":false,"excerpt":"Mikrov\u00f5rsete rukola seemned 100 g. Kiire kasv, intensiivne p\u00e4hklise-pipraga maitse \u2013 sobib salatitele, v\u00f5ileibadele ja taldriku kaunistamiseks.","rel":"","context":"Similar post","block_context":{"text":"Similar post","link":""},"img":{"alt_text":"","src":"https:\/\/i0.wp.com\/indoorgarden.ee\/wp-content\/uploads\/2025\/11\/4770168921184.jpg?resize=350%2C200&ssl=1","width":350,"height":200,"srcset":"https:\/\/i0.wp.com\/indoorgarden.ee\/wp-content\/uploads\/2025\/11\/4770168921184.jpg?resize=350%2C200&ssl=1 1x, https:\/\/i0.wp.com\/indoorgarden.ee\/wp-content\/uploads\/2025\/11\/4770168921184.jpg?resize=525%2C300&ssl=1 1.5x, https:\/\/i0.wp.com\/indoorgarden.ee\/wp-content\/uploads\/2025\/11\/4770168921184.jpg?resize=700%2C400&ssl=1 2x, https:\/\/i0.wp.com\/indoorgarden.ee\/wp-content\/uploads\/2025\/11\/4770168921184.jpg?resize=1050%2C600&ssl=1 3x"},"classes":[]},{"id":2203,"url":"https:\/\/indoorgarden.ee\/et\/toode\/herne-vorsete-seemned-100-g-kiirekasvuline-supertoit-ideaalne-hudropoonikasse-ja-idandamisnoudesse\/","url_meta":{"origin":5243,"position":2},"title":"Mikrov\u00f5rsete herne seemned 100 g \u2013 kiirelt kasvav superfood h\u00fcdropoonikasse ja idupurkidesse","author":"admin","date":"16. nov. 2025","format":false,"excerpt":"Mikrov\u00f5rsete herne seemned 100 g. Magus, kr\u00f5mpsuv mikrov\u00f5rse, sobib salatitele, smuutidesse ja taldriku kaunistamiseks. Idud valmis n\u00e4dalaga.","rel":"","context":"Similar post","block_context":{"text":"Similar post","link":""},"img":{"alt_text":"","src":"https:\/\/i0.wp.com\/indoorgarden.ee\/wp-content\/uploads\/2025\/11\/4770168921177.jpg?resize=350%2C200&ssl=1","width":350,"height":200,"srcset":"https:\/\/i0.wp.com\/indoorgarden.ee\/wp-content\/uploads\/2025\/11\/4770168921177.jpg?resize=350%2C200&ssl=1 1x, https:\/\/i0.wp.com\/indoorgarden.ee\/wp-content\/uploads\/2025\/11\/4770168921177.jpg?resize=525%2C300&ssl=1 1.5x, https:\/\/i0.wp.com\/indoorgarden.ee\/wp-content\/uploads\/2025\/11\/4770168921177.jpg?resize=700%2C400&ssl=1 2x, https:\/\/i0.wp.com\/indoorgarden.ee\/wp-content\/uploads\/2025\/11\/4770168921177.jpg?resize=1050%2C600&ssl=1 3x"},"classes":[]},{"id":2199,"url":"https:\/\/indoorgarden.ee\/et\/toode\/paevalille-vorsete-seemned-100g-kiiresti-kasvav-supertoit-ideaalne-hudropoonikasse-ja-idanemiskaussidesse\/","url_meta":{"origin":5243,"position":3},"title":"Mikrov\u00f5rsete p\u00e4evalille seemned 100 g \u2013 kiirelt kasvav superfood h\u00fcdropoonikasse ja idupurkidesse","author":"admin","date":"16. nov. 2025","format":false,"excerpt":"Mikrov\u00f5rsete p\u00e4evalille seemned 100 g. Maitsev kr\u00f5mpsuv mikrov\u00f5rse, sobib salatitele, v\u00f5ileibadele ja kaunistuseks. Idud valmis 7\u201310 p\u00e4evaga.","rel":"","context":"Similar post","block_context":{"text":"Similar post","link":""},"img":{"alt_text":"","src":"https:\/\/i0.wp.com\/indoorgarden.ee\/wp-content\/uploads\/2025\/11\/4770168921146.jpg?resize=350%2C200&ssl=1","width":350,"height":200,"srcset":"https:\/\/i0.wp.com\/indoorgarden.ee\/wp-content\/uploads\/2025\/11\/4770168921146.jpg?resize=350%2C200&ssl=1 1x, https:\/\/i0.wp.com\/indoorgarden.ee\/wp-content\/uploads\/2025\/11\/4770168921146.jpg?resize=525%2C300&ssl=1 1.5x, https:\/\/i0.wp.com\/indoorgarden.ee\/wp-content\/uploads\/2025\/11\/4770168921146.jpg?resize=700%2C400&ssl=1 2x, https:\/\/i0.wp.com\/indoorgarden.ee\/wp-content\/uploads\/2025\/11\/4770168921146.jpg?resize=1050%2C600&ssl=1 3x"},"classes":[]},{"id":2219,"url":"https:\/\/indoorgarden.ee\/et\/toode\/tuumiani-seemned-mitmeaastane-maitsetaim-hudropoonika-ja-nutikate-siseaedade-jaoks\/","url_meta":{"origin":5243,"position":4},"title":"Mahe aedt\u00fc\u00fcmiani seemned \u2013 mitmeaastane k\u00f6\u00f6gi\u00fcrt h\u00fcdropoonikasse ja nutiaeda","author":"admin","date":"18. nov. 2025","format":false,"excerpt":"Mahe aedt\u00fc\u00fcmiani seemned. Mitmeaastane vastupidav k\u00f6\u00f6gi\u00fcrt \u2013 aromaatne lisand lihale, kalale, juurviljadele ja salatile.","rel":"","context":"Similar post","block_context":{"text":"Similar post","link":""},"img":{"alt_text":"","src":"https:\/\/i0.wp.com\/indoorgarden.ee\/wp-content\/uploads\/2025\/11\/4770168151437.png?resize=350%2C200&ssl=1","width":350,"height":200,"srcset":"https:\/\/i0.wp.com\/indoorgarden.ee\/wp-content\/uploads\/2025\/11\/4770168151437.png?resize=350%2C200&ssl=1 1x, https:\/\/i0.wp.com\/indoorgarden.ee\/wp-content\/uploads\/2025\/11\/4770168151437.png?resize=525%2C300&ssl=1 1.5x, https:\/\/i0.wp.com\/indoorgarden.ee\/wp-content\/uploads\/2025\/11\/4770168151437.png?resize=700%2C400&ssl=1 2x"},"classes":[]},{"id":2169,"url":"https:\/\/indoorgarden.ee\/et\/toode\/mikrovorsete-idandamisnou-lihtne-siseruumides-kasutatav-susteem-kiireks-ja-uhtlaseks-idanemiseks\/","url_meta":{"origin":5243,"position":5},"title":"Mikrov\u00f5rsete idanduskast \u2013 lihtne s\u00fcsteem kiireks ja \u00fchtlaseks idanemiseks","author":"admin","date":"16. nov. 2025","format":false,"excerpt":"Mikrov\u00f5rsete idanduskast. Lihtne s\u00fcsteem mikrov\u00f5rsete kiireks ja \u00fchtlaseks idanemiseks. Sobib igale seemnele, lihtne puhastada.","rel":"","context":"Similar post","block_context":{"text":"Similar post","link":""},"img":{"alt_text":"","src":"https:\/\/i0.wp.com\/indoorgarden.ee\/wp-content\/uploads\/2025\/11\/4770168929234.jpg?resize=350%2C200&ssl=1","width":350,"height":200,"srcset":"https:\/\/i0.wp.com\/indoorgarden.ee\/wp-content\/uploads\/2025\/11\/4770168929234.jpg?resize=350%2C200&ssl=1 1x, https:\/\/i0.wp.com\/indoorgarden.ee\/wp-content\/uploads\/2025\/11\/4770168929234.jpg?resize=525%2C300&ssl=1 1.5x"},"classes":[]}],"_links":{"self":[{"href":"https:\/\/indoorgarden.ee\/et\/wp-json\/wp\/v2\/product\/5243","targetHints":{"allow":["GET"]}}],"collection":[{"href":"https:\/\/indoorgarden.ee\/et\/wp-json\/wp\/v2\/product"}],"about":[{"href":"https:\/\/indoorgarden.ee\/et\/wp-json\/wp\/v2\/types\/product"}],"replies":[{"embeddable":true,"href":"https:\/\/indoorgarden.ee\/et\/wp-json\/wp\/v2\/comments?post=5243"}],"wp:featuredmedia":[{"embeddable":true,"href":"https:\/\/indoorgarden.ee\/et\/wp-json\/wp\/v2\/media\/3884"}],"wp:attachment":[{"href":"https:\/\/indoorgarden.ee\/et\/wp-json\/wp\/v2\/media?parent=5243"}],"wp:term":[{"taxonomy":"product_brand","embeddable":true,"href":"https:\/\/indoorgarden.ee\/et\/wp-json\/wp\/v2\/product_brand?post=5243"},{"taxonomy":"product_cat","embeddable":true,"href":"https:\/\/indoorgarden.ee\/et\/wp-json\/wp\/v2\/product_cat?post=5243"},{"taxonomy":"product_tag","embeddable":true,"href":"https:\/\/indoorgarden.ee\/et\/wp-json\/wp\/v2\/product_tag?post=5243"}],"curies":[{"name":"wp","href":"https:\/\/api.w.org\/{rel}","templated":true}]}}