{"id":5241,"date":"2026-02-22T11:54:07","date_gmt":"2026-02-22T09:54:07","guid":{"rendered":"https:\/\/indoorgarden.ee\/product\/mahedad-magus-basiiliku-thai-seemned-aromaatne-uheaastane-kulinaarne-taim-peenardele-ja-aknalauale\/"},"modified":"2026-04-27T09:17:20","modified_gmt":"2026-04-27T06:17:20","slug":"mahedad-magus-basiiliku-thai-seemned-aromaatne-uheaastane-kulinaarne-taim-peenardele-ja-aknalauale","status":"publish","type":"product","link":"https:\/\/indoorgarden.ee\/et\/toode\/mahedad-magus-basiiliku-thai-seemned-aromaatne-uheaastane-kulinaarne-taim-peenardele-ja-aknalauale\/","title":{"rendered":"Mahedad magus basiiliku \u2018Thai\u2019 seemned \u2013 aromaatne \u00fcheaastane kulinaarne taim peenardele ja aknalauale"},"content":{"rendered":"<p>Mahedad magus basiiliku \u2018Thai\u2019 seemned \u2013 kvaliteetsed seemned h\u00fcdropoonikale, nutiaiale ja sisetingimuste kasvatamisele. Sobivad nii algajatele kui kogenud kasvatajatele.<\/p>\n<h3>Kasvatamine<\/h3>\n<p>K\u00fclva seemned otse h\u00fcdropoonika kasvuk\u00e4sna sisse v\u00f5i mullaga t\u00e4idetud potti. Hoia niiskust \u00fchtlasena kuni idanemiseni. Sobib kasvatamiseks aastaringselt kunstvalguses v\u00f5i suvel ka aknalaual.<\/p>\n<h3>Hooldus<\/h3>\n<p>Vajab \u00fchtlast niiskust, head valgustust (v\u00e4hemalt 12\u201314 tundi p\u00e4evas talvel) ja sobivaid toitaineid. Saaki saab korjata vastavalt sordile ja tingimustele.<\/p>\n<p>IndoorGarden-ist leiad kvaliteetsed seemned ja k\u00f5ik vajaliku oma sisekasvatuse alustamiseks.<\/p>\n","protected":false},"excerpt":{"rendered":"<p>Mahedad magus basiiliku \u2018Thai\u2019 seemned \u2013 kvaliteetsed seemned h\u00fcdropoonikale, nutiaiale ja sisetingimuste kasvatamisele. Sobivad nii algajatele kui kogenud kasvatajatele. Kasvatamine K\u00fclva seemned otse h\u00fcdropoonika kasvuk\u00e4sna sisse v\u00f5i mullaga t\u00e4idetud potti. Hoia niiskust \u00fchtlasena kuni idanemiseni. Sobib kasvatamiseks aastaringselt kunstvalguses v\u00f5i suvel ka aknalaual. Hooldus Vajab \u00fchtlast niiskust, head valgustust (v\u00e4hemalt 12\u201314 tundi p\u00e4evas talvel) ja [&hellip;]<\/p>\n","protected":false},"featured_media":3892,"comment_status":"open","ping_status":"closed","template":"","meta":[],"product_brand":[237],"product_cat":[103],"product_tag":[],"class_list":{"0":"post-5241","1":"product","2":"type-product","3":"status-publish","4":"has-post-thumbnail","6":"product_brand-organic-way-et","7":"product_cat-urdi-seemned","8":"pa_indoor-garden-seeds-basiilik","9":"pa_seed-type-mahedad-seemned","11":"first","12":"instock","13":"taxable","14":"shipping-taxable","15":"purchasable","16":"product-type-simple"},"jetpack_sharing_enabled":true,"jetpack-related-posts":[{"id":5242,"url":"https:\/\/indoorgarden.ee\/et\/toode\/mahedad-magus-basiiliku-dark-opal-seemned-aromaatne-uheaastane-kulinaarne-ja-ravimtaim\/","url_meta":{"origin":5241,"position":0},"title":"Mahedad magus basiiliku \u2018Dark Opal\u2019 seemned \u2013 aromaatne \u00fcheaastane kulinaarne ja ravimtaim","author":"admin","date":"22. veebr. 2026","format":false,"excerpt":"Mahedad magus basiiliku \u2018Dark Opal\u2019 seemned \u2013 kvaliteetsed seemned h\u00fcdropoonikale, nutiaiale ja sisetingimuste kasvatamisele. Sobivad nii algajatele kui kogenud kasvatajatele. Kasvatamine K\u00fclva seemned otse h\u00fcdropoonika kasvuk\u00e4sna sisse v\u00f5i mullaga t\u00e4idetud potti. Hoia niiskust \u00fchtlasena kuni idanemiseni. Sobib kasvatamiseks aastaringselt kunstvalguses v\u00f5i suvel ka aknalaual. Hooldus Vajab \u00fchtlast niiskust, head valgustust\u2026","rel":"","context":"Similar post","block_context":{"text":"Similar post","link":""},"img":{"alt_text":"","src":"https:\/\/i0.wp.com\/indoorgarden.ee\/wp-content\/uploads\/2026\/02\/sweet-basil-dark-opal.png?resize=350%2C200&ssl=1","width":350,"height":200},"classes":[]},{"id":5217,"url":"https:\/\/indoorgarden.ee\/et\/toode\/mahedad-aedkummeli-seemned-uheaastane-ravim-ja-iluaialill\/","url_meta":{"origin":5241,"position":1},"title":"Mahedad aedkummeli seemned \u2013 \u00fcheaastane ravim- ja iluaialill","author":"admin","date":"22. veebr. 2026","format":false,"excerpt":"Mahedad aedkummeli seemned \u2013 kvaliteetsed seemned h\u00fcdropoonikale, nutiaiale ja sisetingimuste kasvatamisele. Sobivad nii algajatele kui kogenud kasvatajatele. Kasvatamine K\u00fclva seemned otse h\u00fcdropoonika kasvuk\u00e4sna sisse v\u00f5i mullaga t\u00e4idetud potti. Hoia niiskust \u00fchtlasena kuni idanemiseni. Sobib kasvatamiseks aastaringselt kunstvalguses v\u00f5i suvel ka aknalaual. Hooldus Vajab \u00fchtlast niiskust, head valgustust (v\u00e4hemalt 12\u201314 tundi\u2026","rel":"","context":"Similar post","block_context":{"text":"Similar post","link":""},"img":{"alt_text":"","src":"https:\/\/i0.wp.com\/indoorgarden.ee\/wp-content\/uploads\/2026\/02\/chamomile-1.jpg?resize=350%2C200&ssl=1","width":350,"height":200},"classes":[]},{"id":5214,"url":"https:\/\/indoorgarden.ee\/et\/toode\/mahedad-inglise-lavendli-seemned-mitmeaastane-kulinaarne-ja-iluaialill\/","url_meta":{"origin":5241,"position":2},"title":"Mahedad inglise lavendli seemned \u2013 mitmeaastane kulinaarne ja iluaialill","author":"admin","date":"22. veebr. 2026","format":false,"excerpt":"Mahedad inglise lavendli seemned \u2013 kvaliteetsed seemned h\u00fcdropoonikale, nutiaiale ja sisetingimuste kasvatamisele. Sobivad nii algajatele kui kogenud kasvatajatele. Kasvatamine K\u00fclva seemned otse h\u00fcdropoonika kasvuk\u00e4sna sisse v\u00f5i mullaga t\u00e4idetud potti. Hoia niiskust \u00fchtlasena kuni idanemiseni. Sobib kasvatamiseks aastaringselt kunstvalguses v\u00f5i suvel ka aknalaual. Hooldus Vajab \u00fchtlast niiskust, head valgustust (v\u00e4hemalt 12\u201314\u2026","rel":"","context":"Similar post","block_context":{"text":"Similar post","link":""},"img":{"alt_text":"","src":"https:\/\/i0.wp.com\/indoorgarden.ee\/wp-content\/uploads\/2026\/02\/english-lavender-english.png?resize=350%2C200&ssl=1","width":350,"height":200},"classes":[]},{"id":5232,"url":"https:\/\/indoorgarden.ee\/et\/toode\/mahedad-tsillipipra-cayenne-long-slim-seemned-varajane-terav-30-000-50-000-shu\/","url_meta":{"origin":5241,"position":3},"title":"Mahedad t\u0161illipipra \u2018Cayenne Long Slim\u2019 seemned \u2013 varajane terav 30 000\u201350 000 SHU","author":"admin","date":"22. veebr. 2026","format":false,"excerpt":"Mahedad t\u0161illipipra \u2018Cayenne Long Slim\u2019 seemned \u2013 kvaliteetsed seemned h\u00fcdropoonikale, nutiaiale ja sisetingimuste kasvatamisele. Sobivad nii algajatele kui kogenud kasvatajatele. Kasvatamine K\u00fclva seemned otse h\u00fcdropoonika kasvuk\u00e4sna sisse v\u00f5i mullaga t\u00e4idetud potti. Hoia niiskust \u00fchtlasena kuni idanemiseni. Sobib kasvatamiseks aastaringselt kunstvalguses v\u00f5i suvel ka aknalaual. Hooldus Vajab \u00fchtlast niiskust, head valgustust\u2026","rel":"","context":"Similar post","block_context":{"text":"Similar post","link":""},"img":{"alt_text":"","src":"https:\/\/i0.wp.com\/indoorgarden.ee\/wp-content\/uploads\/2026\/02\/pepper-hot-cayenne-long-slim.png?resize=350%2C200&ssl=1","width":350,"height":200},"classes":[]},{"id":2145,"url":"https:\/\/indoorgarden.ee\/et\/toode\/botaniumi-orgaanilised-basiilikuseemned-itaalia-keskmine-sort-siseaias-voi-nutiaias-kasvatamiseks\/","url_meta":{"origin":5241,"position":4},"title":"Botanium mahedad basiiliku seemned \u2013 Itaalia keskmise sordi seemned sisetingimustele","author":"admin","date":"2. sept. 2025","format":false,"excerpt":"Botanium mahedad basiiliku seemned. Itaalia keskmise sordi mahesert, mis kasvab eriti h\u00e4sti Botaniumi nutipotis ja teistes h\u00fcdropoonika s\u00fcsteemides.","rel":"","context":"Similar post","block_context":{"text":"Similar post","link":""},"img":{"alt_text":"","src":"https:\/\/i0.wp.com\/indoorgarden.ee\/wp-content\/uploads\/2025\/09\/basil_f674bdfc-d7de-4234-8e27-f5456f07a19f_1800x1800.webp?resize=350%2C200&ssl=1","width":350,"height":200,"srcset":"https:\/\/i0.wp.com\/indoorgarden.ee\/wp-content\/uploads\/2025\/09\/basil_f674bdfc-d7de-4234-8e27-f5456f07a19f_1800x1800.webp?resize=350%2C200&ssl=1 1x, https:\/\/i0.wp.com\/indoorgarden.ee\/wp-content\/uploads\/2025\/09\/basil_f674bdfc-d7de-4234-8e27-f5456f07a19f_1800x1800.webp?resize=525%2C300&ssl=1 1.5x, https:\/\/i0.wp.com\/indoorgarden.ee\/wp-content\/uploads\/2025\/09\/basil_f674bdfc-d7de-4234-8e27-f5456f07a19f_1800x1800.webp?resize=700%2C400&ssl=1 2x"},"classes":[]},{"id":2249,"url":"https:\/\/indoorgarden.ee\/et\/toode\/magus-basiilik-italiano-classico-seemned-aromaatiline-toidubasiilik-hudropoonikasse-ja-nutiaeda\/","url_meta":{"origin":5241,"position":5},"title":"Mahe magus basiilik \u2018Italiano Classico\u2019 seemned \u2013 aromaatne k\u00f6\u00f6gibasiilik h\u00fcdropoonikasse ja nutiaeda","author":"admin","date":"18. nov. 2025","format":false,"excerpt":"Mahe magus basiilik \u2018Italiano Classico\u2019 seemned. Aromaatne k\u00f6\u00f6gibasiilik \u2013 pestole, Caprese salatile, Itaalia k\u00f6\u00f6gile. Mahesert h\u00fcdropoonikale ja sees kasvatamiseks.","rel":"","context":"Similar post","block_context":{"text":"Similar post","link":""},"img":{"alt_text":"","src":"https:\/\/i0.wp.com\/indoorgarden.ee\/wp-content\/uploads\/2025\/11\/4770168151420-1.png?resize=350%2C200&ssl=1","width":350,"height":200,"srcset":"https:\/\/i0.wp.com\/indoorgarden.ee\/wp-content\/uploads\/2025\/11\/4770168151420-1.png?resize=350%2C200&ssl=1 1x, https:\/\/i0.wp.com\/indoorgarden.ee\/wp-content\/uploads\/2025\/11\/4770168151420-1.png?resize=525%2C300&ssl=1 1.5x, https:\/\/i0.wp.com\/indoorgarden.ee\/wp-content\/uploads\/2025\/11\/4770168151420-1.png?resize=700%2C400&ssl=1 2x"},"classes":[]}],"_links":{"self":[{"href":"https:\/\/indoorgarden.ee\/et\/wp-json\/wp\/v2\/product\/5241","targetHints":{"allow":["GET"]}}],"collection":[{"href":"https:\/\/indoorgarden.ee\/et\/wp-json\/wp\/v2\/product"}],"about":[{"href":"https:\/\/indoorgarden.ee\/et\/wp-json\/wp\/v2\/types\/product"}],"replies":[{"embeddable":true,"href":"https:\/\/indoorgarden.ee\/et\/wp-json\/wp\/v2\/comments?post=5241"}],"wp:featuredmedia":[{"embeddable":true,"href":"https:\/\/indoorgarden.ee\/et\/wp-json\/wp\/v2\/media\/3892"}],"wp:attachment":[{"href":"https:\/\/indoorgarden.ee\/et\/wp-json\/wp\/v2\/media?parent=5241"}],"wp:term":[{"taxonomy":"product_brand","embeddable":true,"href":"https:\/\/indoorgarden.ee\/et\/wp-json\/wp\/v2\/product_brand?post=5241"},{"taxonomy":"product_cat","embeddable":true,"href":"https:\/\/indoorgarden.ee\/et\/wp-json\/wp\/v2\/product_cat?post=5241"},{"taxonomy":"product_tag","embeddable":true,"href":"https:\/\/indoorgarden.ee\/et\/wp-json\/wp\/v2\/product_tag?post=5241"}],"curies":[{"name":"wp","href":"https:\/\/api.w.org\/{rel}","templated":true}]}}