{"id":5240,"date":"2026-02-22T11:54:09","date_gmt":"2026-02-22T09:54:09","guid":{"rendered":"https:\/\/indoorgarden.ee\/product\/prosperplast-plastpott-valge-15-cm-alustassiga\/"},"modified":"2026-04-27T09:17:20","modified_gmt":"2026-04-27T06:17:20","slug":"prosperplast-plastpott-valge-15-cm-alustassiga","status":"publish","type":"product","link":"https:\/\/indoorgarden.ee\/et\/toode\/prosperplast-plastpott-valge-15-cm-alustassiga\/","title":{"rendered":"Prosperplast plastpott valge 15 cm alustassiga"},"content":{"rendered":"<p>Prosperplast plastpott valge 15 cm alustassiga \u2013 kvaliteetne taimepott sisetingimuste taimekasvatuseks. Tugev konstruktsioon, sobib aastatepikkuseks kasutuseks.<\/p>\n<h3>Kellele sobib<\/h3>\n<p>Sobib toataimedele, \u00fcrtidele ja teistele sisetingimustes kasvavatele taimedele. Praktiline lahendus k\u00f6\u00f6gi t\u00f6\u00f6pinnale, aknalauale v\u00f5i elutuppa.<\/p>\n<p>IndoorGarden-ist leiad kogu valiku taimepotte ja sisekasvatuse tarvikuid.<\/p>\n","protected":false},"excerpt":{"rendered":"<p>Prosperplast plastpott valge 15 cm alustassiga \u2013 kvaliteetne taimepott sisetingimuste taimekasvatuseks. Tugev konstruktsioon, sobib aastatepikkuseks kasutuseks. Kellele sobib Sobib toataimedele, \u00fcrtidele ja teistele sisetingimustes kasvavatele taimedele. Praktiline lahendus k\u00f6\u00f6gi t\u00f6\u00f6pinnale, aknalauale v\u00f5i elutuppa. IndoorGarden-ist leiad kogu valiku taimepotte ja sisekasvatuse tarvikuid.<\/p>\n","protected":false},"featured_media":3895,"comment_status":"open","ping_status":"closed","template":"","meta":[],"product_brand":[315],"product_cat":[144],"product_tag":[],"class_list":{"0":"post-5240","1":"product","2":"type-product","3":"status-publish","4":"has-post-thumbnail","6":"product_brand-prosperplast","7":"product_cat-isevoolususteemiga-pott","9":"first","10":"instock","11":"taxable","12":"shipping-taxable","13":"purchasable","14":"product-type-simple"},"jetpack_sharing_enabled":true,"jetpack-related-posts":[{"id":5236,"url":"https:\/\/indoorgarden.ee\/et\/toode\/plastpott-alustassiga-valge-15-x-15-cm-68000\/","url_meta":{"origin":5240,"position":0},"title":"Plastpott alustassiga valge 15 \u00d7 15 cm (68000)","author":"admin","date":"22. veebr. 2026","format":false,"excerpt":"Plastpott alustassiga valge 15 \u00d7 15 cm (68000) \u2013 kvaliteetne taimepott sisetingimuste taimekasvatuseks. Tugev konstruktsioon, sobib aastatepikkuseks kasutuseks. Kellele sobib Sobib toataimedele, \u00fcrtidele ja teistele sisetingimustes kasvavatele taimedele. Praktiline lahendus k\u00f6\u00f6gi t\u00f6\u00f6pinnale, aknalauale v\u00f5i elutuppa. IndoorGarden-ist leiad kogu valiku taimepotte ja sisekasvatuse tarvikuid.","rel":"","context":"Similar post","block_context":{"text":"Similar post","link":""},"img":{"alt_text":"","src":"https:\/\/i0.wp.com\/indoorgarden.ee\/wp-content\/uploads\/2026\/02\/plastic-pot-with-saucer-white-15x15cm-68000.png?resize=350%2C200&ssl=1","width":350,"height":200},"classes":[]},{"id":5250,"url":"https:\/\/indoorgarden.ee\/et\/toode\/citysens-lisataimepott-valge-moodulpott-vertikaalsele-taimepotile-koos-filtri-ja-vorkvahega\/","url_meta":{"origin":5240,"position":1},"title":"CitySens lisataimepott \u2013 valge moodulpott vertikaalsele taimepotile, koos filtri ja v\u00f5rkvahega","author":"admin","date":"14. veebr. 2026","format":false,"excerpt":"CitySens lisataimepott \u2013 kvaliteetne taimepott sisetingimuste taimekasvatuseks. Tugev konstruktsioon, sobib aastatepikkuseks kasutuseks. Kellele sobib Sobib toataimedele, \u00fcrtidele ja teistele sisetingimustes kasvavatele taimedele. Praktiline lahendus k\u00f6\u00f6gi t\u00f6\u00f6pinnale, aknalauale v\u00f5i elutuppa. IndoorGarden-ist leiad kogu valiku taimepotte ja sisekasvatuse tarvikuid.","rel":"","context":"Similar post","block_context":{"text":"Similar post","link":""},"img":{"alt_text":"","src":"https:\/\/i0.wp.com\/indoorgarden.ee\/wp-content\/uploads\/2026\/02\/extra-white-plant-pot.jpg?resize=350%2C200&ssl=1","width":350,"height":200,"srcset":"https:\/\/i0.wp.com\/indoorgarden.ee\/wp-content\/uploads\/2026\/02\/extra-white-plant-pot.jpg?resize=350%2C200&ssl=1 1x, https:\/\/i0.wp.com\/indoorgarden.ee\/wp-content\/uploads\/2026\/02\/extra-white-plant-pot.jpg?resize=525%2C300&ssl=1 1.5x, https:\/\/i0.wp.com\/indoorgarden.ee\/wp-content\/uploads\/2026\/02\/extra-white-plant-pot.jpg?resize=700%2C400&ssl=1 2x"},"classes":[]},{"id":5290,"url":"https:\/\/indoorgarden.ee\/et\/toode\/citysens-vertikaalne-taimepott-valge-4-pesaline-kasitsi-kastmisega-toitained-kaasas\/","url_meta":{"origin":5240,"position":2},"title":"CitySens vertikaalne taimepott \u2013 valge 4-pesaline k\u00e4sitsi kastmisega (toitained kaasas)","author":"admin","date":"14. veebr. 2026","format":false,"excerpt":"CitySens vertikaalne taimepott on praktiline lahendus v\u00e4ikesele k\u00f6\u00f6gile, r\u00f5dule v\u00f5i elutoale, kus p\u00f5randapinda on napilt, aga sa tahad rohkem rohelust. Kasvata \u00fcrte, salatit, maasikaid ja v\u00e4iksemaid lehtk\u00f6\u00f6givilju \u2013 k\u00f5ik korraga, \u00fchel kompaktsel pinnal. P\u00f5hiomadused Vertikaalne kompaktne disain \u2013 sobib kortermajja, v\u00e4ikesesse k\u00f6\u00f6ki ja r\u00f5dule Sisseehitatud veepaak \u2013 kastad harvemini ja\u2026","rel":"","context":"Similar post","block_context":{"text":"Similar post","link":""},"img":{"alt_text":"","src":"https:\/\/i0.wp.com\/indoorgarden.ee\/wp-content\/uploads\/2026\/02\/macetero-vertical-blanco0-2.jpg?resize=350%2C200&ssl=1","width":350,"height":200,"srcset":"https:\/\/i0.wp.com\/indoorgarden.ee\/wp-content\/uploads\/2026\/02\/macetero-vertical-blanco0-2.jpg?resize=350%2C200&ssl=1 1x, https:\/\/i0.wp.com\/indoorgarden.ee\/wp-content\/uploads\/2026\/02\/macetero-vertical-blanco0-2.jpg?resize=525%2C300&ssl=1 1.5x, https:\/\/i0.wp.com\/indoorgarden.ee\/wp-content\/uploads\/2026\/02\/macetero-vertical-blanco0-2.jpg?resize=700%2C400&ssl=1 2x"},"classes":[]},{"id":5282,"url":"https:\/\/indoorgarden.ee\/et\/toode\/citysens-vertikaalne-taimepott-valge-4-pesaline-automaatse-digitaalse-kastmiskomplektiga\/","url_meta":{"origin":5240,"position":3},"title":"CitySens vertikaalne taimepott \u2013 valge 4-pesaline automaatse digitaalse kastmiskomplektiga","author":"admin","date":"14. veebr. 2026","format":false,"excerpt":"CitySens vertikaalne taimepott on praktiline lahendus v\u00e4ikesele k\u00f6\u00f6gile, r\u00f5dule v\u00f5i elutoale, kus p\u00f5randapinda on napilt, aga sa tahad rohkem rohelust. Kasvata \u00fcrte, salatit, maasikaid ja v\u00e4iksemaid lehtk\u00f6\u00f6givilju \u2013 k\u00f5ik korraga, \u00fchel kompaktsel pinnal. P\u00f5hiomadused Vertikaalne kompaktne disain \u2013 sobib kortermajja, v\u00e4ikesesse k\u00f6\u00f6ki ja r\u00f5dule Sisseehitatud veepaak \u2013 kastad harvemini ja\u2026","rel":"","context":"Similar post","block_context":{"text":"Similar post","link":""},"img":{"alt_text":"","src":"https:\/\/i0.wp.com\/indoorgarden.ee\/wp-content\/uploads\/2026\/02\/CS1003-scaled.jpg?resize=350%2C200&ssl=1","width":350,"height":200,"srcset":"https:\/\/i0.wp.com\/indoorgarden.ee\/wp-content\/uploads\/2026\/02\/CS1003-scaled.jpg?resize=350%2C200&ssl=1 1x, https:\/\/i0.wp.com\/indoorgarden.ee\/wp-content\/uploads\/2026\/02\/CS1003-scaled.jpg?resize=525%2C300&ssl=1 1.5x, https:\/\/i0.wp.com\/indoorgarden.ee\/wp-content\/uploads\/2026\/02\/CS1003-scaled.jpg?resize=700%2C400&ssl=1 2x, https:\/\/i0.wp.com\/indoorgarden.ee\/wp-content\/uploads\/2026\/02\/CS1003-scaled.jpg?resize=1050%2C600&ssl=1 3x, https:\/\/i0.wp.com\/indoorgarden.ee\/wp-content\/uploads\/2026\/02\/CS1003-scaled.jpg?resize=1400%2C800&ssl=1 4x"},"classes":[]},{"id":5283,"url":"https:\/\/indoorgarden.ee\/et\/toode\/citysens-vertikaalne-taimepott-valge-3-pesaline-automaatse-digitaalse-kastmiskomplektiga\/","url_meta":{"origin":5240,"position":4},"title":"CitySens vertikaalne taimepott \u2013 valge 3-pesaline automaatse digitaalse kastmiskomplektiga","author":"admin","date":"14. veebr. 2026","format":false,"excerpt":"CitySens vertikaalne taimepott on praktiline lahendus v\u00e4ikesele k\u00f6\u00f6gile, r\u00f5dule v\u00f5i elutoale, kus p\u00f5randapinda on napilt, aga sa tahad rohkem rohelust. Kasvata \u00fcrte, salatit, maasikaid ja v\u00e4iksemaid lehtk\u00f6\u00f6givilju \u2013 k\u00f5ik korraga, \u00fchel kompaktsel pinnal. P\u00f5hiomadused Vertikaalne kompaktne disain \u2013 sobib kortermajja, v\u00e4ikesesse k\u00f6\u00f6ki ja r\u00f5dule Sisseehitatud veepaak \u2013 kastad harvemini ja\u2026","rel":"","context":"Similar post","block_context":{"text":"Similar post","link":""},"img":{"alt_text":"","src":"https:\/\/i0.wp.com\/indoorgarden.ee\/wp-content\/uploads\/2026\/02\/CS1002-scaled.jpg?resize=350%2C200&ssl=1","width":350,"height":200,"srcset":"https:\/\/i0.wp.com\/indoorgarden.ee\/wp-content\/uploads\/2026\/02\/CS1002-scaled.jpg?resize=350%2C200&ssl=1 1x, https:\/\/i0.wp.com\/indoorgarden.ee\/wp-content\/uploads\/2026\/02\/CS1002-scaled.jpg?resize=525%2C300&ssl=1 1.5x, https:\/\/i0.wp.com\/indoorgarden.ee\/wp-content\/uploads\/2026\/02\/CS1002-scaled.jpg?resize=700%2C400&ssl=1 2x, https:\/\/i0.wp.com\/indoorgarden.ee\/wp-content\/uploads\/2026\/02\/CS1002-scaled.jpg?resize=1050%2C600&ssl=1 3x, https:\/\/i0.wp.com\/indoorgarden.ee\/wp-content\/uploads\/2026\/02\/CS1002-scaled.jpg?resize=1400%2C800&ssl=1 4x"},"classes":[]},{"id":5291,"url":"https:\/\/indoorgarden.ee\/et\/toode\/citysens-vertikaalne-taimepott-valge-3-pesaline-kasitsi-kastmisega-toitained-ei-ole-kaasas\/","url_meta":{"origin":5240,"position":5},"title":"CitySens vertikaalne taimepott \u2013 valge 3-pesaline k\u00e4sitsi kastmisega (toitained ei ole kaasas)","author":"admin","date":"14. veebr. 2026","format":false,"excerpt":"CitySens vertikaalne taimepott on praktiline lahendus v\u00e4ikesele k\u00f6\u00f6gile, r\u00f5dule v\u00f5i elutoale, kus p\u00f5randapinda on napilt, aga sa tahad rohkem rohelust. Kasvata \u00fcrte, salatit, maasikaid ja v\u00e4iksemaid lehtk\u00f6\u00f6givilju \u2013 k\u00f5ik korraga, \u00fchel kompaktsel pinnal. P\u00f5hiomadused Vertikaalne kompaktne disain \u2013 sobib kortermajja, v\u00e4ikesesse k\u00f6\u00f6ki ja r\u00f5dule Sisseehitatud veepaak \u2013 kastad harvemini ja\u2026","rel":"","context":"Similar post","block_context":{"text":"Similar post","link":""},"img":{"alt_text":"","src":"https:\/\/i0.wp.com\/indoorgarden.ee\/wp-content\/uploads\/2026\/02\/macetero-vertical-blanco0.jpg?resize=350%2C200&ssl=1","width":350,"height":200,"srcset":"https:\/\/i0.wp.com\/indoorgarden.ee\/wp-content\/uploads\/2026\/02\/macetero-vertical-blanco0.jpg?resize=350%2C200&ssl=1 1x, https:\/\/i0.wp.com\/indoorgarden.ee\/wp-content\/uploads\/2026\/02\/macetero-vertical-blanco0.jpg?resize=525%2C300&ssl=1 1.5x, https:\/\/i0.wp.com\/indoorgarden.ee\/wp-content\/uploads\/2026\/02\/macetero-vertical-blanco0.jpg?resize=700%2C400&ssl=1 2x"},"classes":[]}],"_links":{"self":[{"href":"https:\/\/indoorgarden.ee\/et\/wp-json\/wp\/v2\/product\/5240","targetHints":{"allow":["GET"]}}],"collection":[{"href":"https:\/\/indoorgarden.ee\/et\/wp-json\/wp\/v2\/product"}],"about":[{"href":"https:\/\/indoorgarden.ee\/et\/wp-json\/wp\/v2\/types\/product"}],"replies":[{"embeddable":true,"href":"https:\/\/indoorgarden.ee\/et\/wp-json\/wp\/v2\/comments?post=5240"}],"wp:featuredmedia":[{"embeddable":true,"href":"https:\/\/indoorgarden.ee\/et\/wp-json\/wp\/v2\/media\/3895"}],"wp:attachment":[{"href":"https:\/\/indoorgarden.ee\/et\/wp-json\/wp\/v2\/media?parent=5240"}],"wp:term":[{"taxonomy":"product_brand","embeddable":true,"href":"https:\/\/indoorgarden.ee\/et\/wp-json\/wp\/v2\/product_brand?post=5240"},{"taxonomy":"product_cat","embeddable":true,"href":"https:\/\/indoorgarden.ee\/et\/wp-json\/wp\/v2\/product_cat?post=5240"},{"taxonomy":"product_tag","embeddable":true,"href":"https:\/\/indoorgarden.ee\/et\/wp-json\/wp\/v2\/product_tag?post=5240"}],"curies":[{"name":"wp","href":"https:\/\/api.w.org\/{rel}","templated":true}]}}