{"id":5238,"date":"2026-02-22T11:54:13","date_gmt":"2026-02-22T09:54:13","guid":{"rendered":"https:\/\/indoorgarden.ee\/product\/sahara-aknakast-valitingimustele-3110-011-valge-27-cm-alustassiga\/"},"modified":"2026-04-27T09:17:16","modified_gmt":"2026-04-27T06:17:16","slug":"sahara-aknakast-valitingimustele-3110-011-valge-27-cm-alustassiga","status":"publish","type":"product","link":"https:\/\/indoorgarden.ee\/et\/toode\/sahara-aknakast-valitingimustele-3110-011-valge-27-cm-alustassiga\/","title":{"rendered":"Sahara aknakast v\u00e4litingimustele 3110-011 valge 27 cm alustassiga"},"content":{"rendered":"<p>Sahara aknakast v\u00e4litingimustele 3110-011 valge 27 cm alustassiga \u2013 kvaliteetne valik IndoorGarden-i sortimendist. Sobib sisetingimustes taimede kasvatamiseks ja taimehoolduseks.<\/p>\n<h3>Kellele sobib<\/h3>\n<p>Sobib taimes\u00f5pradele, kes kasvatavad sisetingimustes \u00fcrte, salatit, k\u00f6\u00f6givilju v\u00f5i toataimi. IndoorGarden-i sortimendis leiad kogu vajaliku oma sisekasvatuse jaoks.<\/p>\n<h3>Hooldus<\/h3>\n<p>J\u00e4rgi tootja juhiseid parimaks tulemuseks. Aastaringne saatmine \u00fcle Eesti ja eestikeelne klienditugi.<\/p>\n","protected":false},"excerpt":{"rendered":"<p>Sahara aknakast v\u00e4litingimustele 3110-011 valge 27 cm alustassiga \u2013 kvaliteetne valik IndoorGarden-i sortimendist. Sobib sisetingimustes taimede kasvatamiseks ja taimehoolduseks. Kellele sobib Sobib taimes\u00f5pradele, kes kasvatavad sisetingimustes \u00fcrte, salatit, k\u00f6\u00f6givilju v\u00f5i toataimi. IndoorGarden-i sortimendis leiad kogu vajaliku oma sisekasvatuse jaoks. Hooldus J\u00e4rgi tootja juhiseid parimaks tulemuseks. Aastaringne saatmine \u00fcle Eesti ja eestikeelne klienditugi.<\/p>\n","protected":false},"featured_media":3901,"comment_status":"open","ping_status":"closed","template":"","meta":[],"product_brand":[314],"product_cat":[144],"product_tag":[],"class_list":{"0":"post-5238","1":"product","2":"type-product","3":"status-publish","4":"has-post-thumbnail","6":"product_brand-formplastic","7":"product_cat-isevoolususteemiga-pott","9":"first","10":"instock","11":"taxable","12":"shipping-taxable","13":"purchasable","14":"product-type-simple"},"jetpack_sharing_enabled":true,"jetpack-related-posts":[{"id":5240,"url":"https:\/\/indoorgarden.ee\/et\/toode\/prosperplast-plastpott-valge-15-cm-alustassiga\/","url_meta":{"origin":5238,"position":0},"title":"Prosperplast plastpott valge 15 cm alustassiga","author":"admin","date":"22. veebr. 2026","format":false,"excerpt":"Prosperplast plastpott valge 15 cm alustassiga \u2013 kvaliteetne taimepott sisetingimuste taimekasvatuseks. Tugev konstruktsioon, sobib aastatepikkuseks kasutuseks. Kellele sobib Sobib toataimedele, \u00fcrtidele ja teistele sisetingimustes kasvavatele taimedele. Praktiline lahendus k\u00f6\u00f6gi t\u00f6\u00f6pinnale, aknalauale v\u00f5i elutuppa. IndoorGarden-ist leiad kogu valiku taimepotte ja sisekasvatuse tarvikuid.","rel":"","context":"Similar post","block_context":{"text":"Similar post","link":""},"img":{"alt_text":"","src":"https:\/\/i0.wp.com\/indoorgarden.ee\/wp-content\/uploads\/2026\/02\/plastic-pot-white-15cm.png?resize=350%2C200&ssl=1","width":350,"height":200},"classes":[]},{"id":5236,"url":"https:\/\/indoorgarden.ee\/et\/toode\/plastpott-alustassiga-valge-15-x-15-cm-68000\/","url_meta":{"origin":5238,"position":1},"title":"Plastpott alustassiga valge 15 \u00d7 15 cm (68000)","author":"admin","date":"22. veebr. 2026","format":false,"excerpt":"Plastpott alustassiga valge 15 \u00d7 15 cm (68000) \u2013 kvaliteetne taimepott sisetingimuste taimekasvatuseks. Tugev konstruktsioon, sobib aastatepikkuseks kasutuseks. Kellele sobib Sobib toataimedele, \u00fcrtidele ja teistele sisetingimustes kasvavatele taimedele. Praktiline lahendus k\u00f6\u00f6gi t\u00f6\u00f6pinnale, aknalauale v\u00f5i elutuppa. IndoorGarden-ist leiad kogu valiku taimepotte ja sisekasvatuse tarvikuid.","rel":"","context":"Similar post","block_context":{"text":"Similar post","link":""},"img":{"alt_text":"","src":"https:\/\/i0.wp.com\/indoorgarden.ee\/wp-content\/uploads\/2026\/02\/plastic-pot-with-saucer-white-15x15cm-68000.png?resize=350%2C200&ssl=1","width":350,"height":200},"classes":[]},{"id":5315,"url":"https:\/\/indoorgarden.ee\/et\/toode\/citysens-3-pakk-seinapotid-valge-vertikaalne-seinapottide-komplekt-sise-ja-valitingimuste-taimedele\/","url_meta":{"origin":5238,"position":2},"title":"CitySens 3-pakk seinapotid \u2013 valge vertikaalne seinapottide komplekt sise- ja v\u00e4litingimuste taimedele","author":"admin","date":"14. veebr. 2026","format":false,"excerpt":"CitySens seinapotid \u2013 3-pakk komplekt seinale paigaldatavaid taimepotte sise- ja v\u00e4litingimustele. Kasuta vertikaalpinda taimedele, s\u00e4\u00e4sta p\u00f5randaruumi. P\u00f5hiomadused 3 potti pakis \u2013 kogu seinakomplekt \u00fches karbis Sobib sise- ja v\u00e4litingimustele \u2013 kasuta k\u00f6\u00f6ki, r\u00f5dule v\u00f5i terrassile Tugev konstruktsioon \u2013 vastupidav UV-kindel materjal Lihtne paigaldada \u2013 komplektis k\u00f5ik vajaminev Kellele sobib Sobib\u2026","rel":"","context":"Similar post","block_context":{"text":"Similar post","link":""},"img":{"alt_text":"","src":"https:\/\/i0.wp.com\/indoorgarden.ee\/wp-content\/uploads\/2026\/02\/50.jpg?resize=350%2C200&ssl=1","width":350,"height":200,"srcset":"https:\/\/i0.wp.com\/indoorgarden.ee\/wp-content\/uploads\/2026\/02\/50.jpg?resize=350%2C200&ssl=1 1x, https:\/\/i0.wp.com\/indoorgarden.ee\/wp-content\/uploads\/2026\/02\/50.jpg?resize=525%2C300&ssl=1 1.5x, https:\/\/i0.wp.com\/indoorgarden.ee\/wp-content\/uploads\/2026\/02\/50.jpg?resize=700%2C400&ssl=1 2x"},"classes":[]},{"id":5250,"url":"https:\/\/indoorgarden.ee\/et\/toode\/citysens-lisataimepott-valge-moodulpott-vertikaalsele-taimepotile-koos-filtri-ja-vorkvahega\/","url_meta":{"origin":5238,"position":3},"title":"CitySens lisataimepott \u2013 valge moodulpott vertikaalsele taimepotile, koos filtri ja v\u00f5rkvahega","author":"admin","date":"14. veebr. 2026","format":false,"excerpt":"CitySens lisataimepott \u2013 kvaliteetne taimepott sisetingimuste taimekasvatuseks. Tugev konstruktsioon, sobib aastatepikkuseks kasutuseks. Kellele sobib Sobib toataimedele, \u00fcrtidele ja teistele sisetingimustes kasvavatele taimedele. Praktiline lahendus k\u00f6\u00f6gi t\u00f6\u00f6pinnale, aknalauale v\u00f5i elutuppa. IndoorGarden-ist leiad kogu valiku taimepotte ja sisekasvatuse tarvikuid.","rel":"","context":"Similar post","block_context":{"text":"Similar post","link":""},"img":{"alt_text":"","src":"https:\/\/i0.wp.com\/indoorgarden.ee\/wp-content\/uploads\/2026\/02\/extra-white-plant-pot.jpg?resize=350%2C200&ssl=1","width":350,"height":200,"srcset":"https:\/\/i0.wp.com\/indoorgarden.ee\/wp-content\/uploads\/2026\/02\/extra-white-plant-pot.jpg?resize=350%2C200&ssl=1 1x, https:\/\/i0.wp.com\/indoorgarden.ee\/wp-content\/uploads\/2026\/02\/extra-white-plant-pot.jpg?resize=525%2C300&ssl=1 1.5x, https:\/\/i0.wp.com\/indoorgarden.ee\/wp-content\/uploads\/2026\/02\/extra-white-plant-pot.jpg?resize=700%2C400&ssl=1 2x"},"classes":[]},{"id":5314,"url":"https:\/\/indoorgarden.ee\/et\/toode\/citysens-3-pakk-seinapotid-kapillaarse-isekastmisega-valge-vertikaalne-sise-ja-valitingimuste-seinapottide-komplekt\/","url_meta":{"origin":5238,"position":4},"title":"CitySens 3-pakk seinapotid kapillaarse isekastmisega \u2013 valge vertikaalne sise- ja v\u00e4litingimuste seinapottide komplekt","author":"admin","date":"14. veebr. 2026","format":false,"excerpt":"CitySens seinapotid kapillaarse isekastmisega \u2013 3-pakk komplekt seinale paigaldatavaid isekastevaid taimepotte. Kasuta vertikaalpinda taimedele, s\u00e4\u00e4sta p\u00f5randaruumi. P\u00f5hiomadused 3 potti pakis \u2013 kogu seinakomplekt \u00fches karbis Kapillaarne isekastmise s\u00fcsteem \u2013 taimed saavad vett vastavalt vajadusele Sobib sise- ja v\u00e4litingimustele \u2013 kasuta k\u00f6\u00f6ki, r\u00f5dule v\u00f5i terrassile Tugev konstruktsioon \u2013 vastupidav UV-kindel materjal\u2026","rel":"","context":"Similar post","block_context":{"text":"Similar post","link":""},"img":{"alt_text":"","src":"https:\/\/i0.wp.com\/indoorgarden.ee\/wp-content\/uploads\/2026\/02\/48.jpg?resize=350%2C200&ssl=1","width":350,"height":200,"srcset":"https:\/\/i0.wp.com\/indoorgarden.ee\/wp-content\/uploads\/2026\/02\/48.jpg?resize=350%2C200&ssl=1 1x, https:\/\/i0.wp.com\/indoorgarden.ee\/wp-content\/uploads\/2026\/02\/48.jpg?resize=525%2C300&ssl=1 1.5x, https:\/\/i0.wp.com\/indoorgarden.ee\/wp-content\/uploads\/2026\/02\/48.jpg?resize=700%2C400&ssl=1 2x"},"classes":[]},{"id":5248,"url":"https:\/\/indoorgarden.ee\/et\/toode\/citysens-digitaalne-taimer-valge-kastmistaimer-citysens-vertikaalsele-taimepotile-el-pistikuga-nadalakontroller\/","url_meta":{"origin":5238,"position":5},"title":"CitySens digitaalne taimer \u2013 valge kastmistaimer CitySens vertikaalsele taimepotile, EL-pistikuga n\u00e4dalakontroller","author":"admin","date":"14. veebr. 2026","format":false,"excerpt":"CitySens digitaalne taimer \u2013 kvaliteetne valik IndoorGarden-i sortimendist. Sobib sisetingimustes taimede kasvatamiseks ja taimehoolduseks. Kellele sobib Sobib taimes\u00f5pradele, kes kasvatavad sisetingimustes \u00fcrte, salatit, k\u00f6\u00f6givilju v\u00f5i toataimi. IndoorGarden-i sortimendis leiad kogu vajaliku oma sisekasvatuse jaoks. Hooldus J\u00e4rgi tootja juhiseid parimaks tulemuseks. Aastaringne saatmine \u00fcle Eesti ja eestikeelne klienditugi.","rel":"","context":"Similar post","block_context":{"text":"Similar post","link":""},"img":{"alt_text":"","src":"https:\/\/i0.wp.com\/indoorgarden.ee\/wp-content\/uploads\/2026\/02\/digital-timer.jpg?resize=350%2C200&ssl=1","width":350,"height":200,"srcset":"https:\/\/i0.wp.com\/indoorgarden.ee\/wp-content\/uploads\/2026\/02\/digital-timer.jpg?resize=350%2C200&ssl=1 1x, https:\/\/i0.wp.com\/indoorgarden.ee\/wp-content\/uploads\/2026\/02\/digital-timer.jpg?resize=525%2C300&ssl=1 1.5x, https:\/\/i0.wp.com\/indoorgarden.ee\/wp-content\/uploads\/2026\/02\/digital-timer.jpg?resize=700%2C400&ssl=1 2x"},"classes":[]}],"_links":{"self":[{"href":"https:\/\/indoorgarden.ee\/et\/wp-json\/wp\/v2\/product\/5238","targetHints":{"allow":["GET"]}}],"collection":[{"href":"https:\/\/indoorgarden.ee\/et\/wp-json\/wp\/v2\/product"}],"about":[{"href":"https:\/\/indoorgarden.ee\/et\/wp-json\/wp\/v2\/types\/product"}],"replies":[{"embeddable":true,"href":"https:\/\/indoorgarden.ee\/et\/wp-json\/wp\/v2\/comments?post=5238"}],"wp:featuredmedia":[{"embeddable":true,"href":"https:\/\/indoorgarden.ee\/et\/wp-json\/wp\/v2\/media\/3901"}],"wp:attachment":[{"href":"https:\/\/indoorgarden.ee\/et\/wp-json\/wp\/v2\/media?parent=5238"}],"wp:term":[{"taxonomy":"product_brand","embeddable":true,"href":"https:\/\/indoorgarden.ee\/et\/wp-json\/wp\/v2\/product_brand?post=5238"},{"taxonomy":"product_cat","embeddable":true,"href":"https:\/\/indoorgarden.ee\/et\/wp-json\/wp\/v2\/product_cat?post=5238"},{"taxonomy":"product_tag","embeddable":true,"href":"https:\/\/indoorgarden.ee\/et\/wp-json\/wp\/v2\/product_tag?post=5238"}],"curies":[{"name":"wp","href":"https:\/\/api.w.org\/{rel}","templated":true}]}}