{"id":5237,"date":"2026-02-22T11:54:15","date_gmt":"2026-02-22T09:54:15","guid":{"rendered":"https:\/\/indoorgarden.ee\/product\/plastpott-alustassiga-roheline-15-x-15-cm-68002\/"},"modified":"2026-04-27T09:17:18","modified_gmt":"2026-04-27T06:17:18","slug":"plastpott-alustassiga-roheline-15-x-15-cm-68002","status":"publish","type":"product","link":"https:\/\/indoorgarden.ee\/et\/toode\/plastpott-alustassiga-roheline-15-x-15-cm-68002\/","title":{"rendered":"Plastpott alustassiga roheline 15 \u00d7 15 cm (68002)"},"content":{"rendered":"<p>Plastpott alustassiga roheline 15 \u00d7 15 cm (68002) \u2013 kvaliteetne taimepott sisetingimuste taimekasvatuseks. Tugev konstruktsioon, sobib aastatepikkuseks kasutuseks.<\/p>\n<h3>Kellele sobib<\/h3>\n<p>Sobib toataimedele, \u00fcrtidele ja teistele sisetingimustes kasvavatele taimedele. Praktiline lahendus k\u00f6\u00f6gi t\u00f6\u00f6pinnale, aknalauale v\u00f5i elutuppa.<\/p>\n<p>IndoorGarden-ist leiad kogu valiku taimepotte ja sisekasvatuse tarvikuid.<\/p>\n","protected":false},"excerpt":{"rendered":"<p>Plastpott alustassiga roheline 15 \u00d7 15 cm (68002) \u2013 kvaliteetne taimepott sisetingimuste taimekasvatuseks. Tugev konstruktsioon, sobib aastatepikkuseks kasutuseks. Kellele sobib Sobib toataimedele, \u00fcrtidele ja teistele sisetingimustes kasvavatele taimedele. Praktiline lahendus k\u00f6\u00f6gi t\u00f6\u00f6pinnale, aknalauale v\u00f5i elutuppa. IndoorGarden-ist leiad kogu valiku taimepotte ja sisekasvatuse tarvikuid.<\/p>\n","protected":false},"featured_media":3904,"comment_status":"open","ping_status":"closed","template":"","meta":[],"product_brand":[313],"product_cat":[144],"product_tag":[],"class_list":{"0":"post-5237","1":"product","2":"type-product","3":"status-publish","4":"has-post-thumbnail","6":"product_brand-stefanplast","7":"product_cat-isevoolususteemiga-pott","9":"first","10":"instock","11":"taxable","12":"shipping-taxable","13":"purchasable","14":"product-type-simple"},"jetpack_sharing_enabled":true,"jetpack-related-posts":[{"id":5322,"url":"https:\/\/indoorgarden.ee\/et\/toode\/elho-happy-herbs-14-cm-roheline-urdipott-sisseehitatud-veepaagiga\/","url_meta":{"origin":5237,"position":0},"title":"Elho Happy Herbs 14 cm \u2013 roheline \u00fcrdipott sisseehitatud veepaagiga","author":"admin","date":"16. jaan. 2026","format":false,"excerpt":"Elho Happy Herbs 14 cm rohelises. Sisseehitatud veepaagiga \u00fcrdipott, mis hoiab maitsetaimed pikemalt v\u00e4rsked ja v\u00e4hendab kastmise vajadust.","rel":"","context":"Similar post","block_context":{"text":"Similar post","link":""},"img":{"alt_text":"","src":"https:\/\/i0.wp.com\/indoorgarden.ee\/wp-content\/uploads\/2026\/01\/happy_herbs_15cm_leaf_green.thymus.c1.webp?resize=350%2C200&ssl=1","width":350,"height":200,"srcset":"https:\/\/i0.wp.com\/indoorgarden.ee\/wp-content\/uploads\/2026\/01\/happy_herbs_15cm_leaf_green.thymus.c1.webp?resize=350%2C200&ssl=1 1x, https:\/\/i0.wp.com\/indoorgarden.ee\/wp-content\/uploads\/2026\/01\/happy_herbs_15cm_leaf_green.thymus.c1.webp?resize=525%2C300&ssl=1 1.5x, https:\/\/i0.wp.com\/indoorgarden.ee\/wp-content\/uploads\/2026\/01\/happy_herbs_15cm_leaf_green.thymus.c1.webp?resize=700%2C400&ssl=1 2x, https:\/\/i0.wp.com\/indoorgarden.ee\/wp-content\/uploads\/2026\/01\/happy_herbs_15cm_leaf_green.thymus.c1.webp?resize=1050%2C600&ssl=1 3x, https:\/\/i0.wp.com\/indoorgarden.ee\/wp-content\/uploads\/2026\/01\/happy_herbs_15cm_leaf_green.thymus.c1.webp?resize=1400%2C800&ssl=1 4x"},"classes":[]},{"id":5240,"url":"https:\/\/indoorgarden.ee\/et\/toode\/prosperplast-plastpott-valge-15-cm-alustassiga\/","url_meta":{"origin":5237,"position":1},"title":"Prosperplast plastpott valge 15 cm alustassiga","author":"admin","date":"22. veebr. 2026","format":false,"excerpt":"Prosperplast plastpott valge 15 cm alustassiga \u2013 kvaliteetne taimepott sisetingimuste taimekasvatuseks. Tugev konstruktsioon, sobib aastatepikkuseks kasutuseks. Kellele sobib Sobib toataimedele, \u00fcrtidele ja teistele sisetingimustes kasvavatele taimedele. Praktiline lahendus k\u00f6\u00f6gi t\u00f6\u00f6pinnale, aknalauale v\u00f5i elutuppa. IndoorGarden-ist leiad kogu valiku taimepotte ja sisekasvatuse tarvikuid.","rel":"","context":"Similar post","block_context":{"text":"Similar post","link":""},"img":{"alt_text":"","src":"https:\/\/i0.wp.com\/indoorgarden.ee\/wp-content\/uploads\/2026\/02\/plastic-pot-white-15cm.png?resize=350%2C200&ssl=1","width":350,"height":200},"classes":[]},{"id":5236,"url":"https:\/\/indoorgarden.ee\/et\/toode\/plastpott-alustassiga-valge-15-x-15-cm-68000\/","url_meta":{"origin":5237,"position":2},"title":"Plastpott alustassiga valge 15 \u00d7 15 cm (68000)","author":"admin","date":"22. veebr. 2026","format":false,"excerpt":"Plastpott alustassiga valge 15 \u00d7 15 cm (68000) \u2013 kvaliteetne taimepott sisetingimuste taimekasvatuseks. Tugev konstruktsioon, sobib aastatepikkuseks kasutuseks. Kellele sobib Sobib toataimedele, \u00fcrtidele ja teistele sisetingimustes kasvavatele taimedele. Praktiline lahendus k\u00f6\u00f6gi t\u00f6\u00f6pinnale, aknalauale v\u00f5i elutuppa. IndoorGarden-ist leiad kogu valiku taimepotte ja sisekasvatuse tarvikuid.","rel":"","context":"Similar post","block_context":{"text":"Similar post","link":""},"img":{"alt_text":"","src":"https:\/\/i0.wp.com\/indoorgarden.ee\/wp-content\/uploads\/2026\/02\/plastic-pot-with-saucer-white-15x15cm-68000.png?resize=350%2C200&ssl=1","width":350,"height":200},"classes":[]},{"id":5210,"url":"https:\/\/indoorgarden.ee\/et\/toode\/elho-amazing-avokaadopott-lehtroheline-1-l-sisetingimuste-avokaadopott\/","url_meta":{"origin":5237,"position":3},"title":"ELHO Amazing avokaadopott \u2013 lehtroheline (1 L) sisetingimuste avokaadopott","author":"admin","date":"23. veebr. 2026","format":false,"excerpt":"ELHO Amazing Avocado Pot in Leaf Green (1 L) with integrated floating system for growing avocado plants from seed. Designed for indoor use with built-in water reservoir for easy germination.","rel":"","context":"Similar post","block_context":{"text":"Similar post","link":""},"img":{"alt_text":"","src":"https:\/\/i0.wp.com\/indoorgarden.ee\/wp-content\/uploads\/2026\/02\/amazing_avocado_pot_leaf_green.p1.webp?resize=350%2C200&ssl=1","width":350,"height":200,"srcset":"https:\/\/i0.wp.com\/indoorgarden.ee\/wp-content\/uploads\/2026\/02\/amazing_avocado_pot_leaf_green.p1.webp?resize=350%2C200&ssl=1 1x, https:\/\/i0.wp.com\/indoorgarden.ee\/wp-content\/uploads\/2026\/02\/amazing_avocado_pot_leaf_green.p1.webp?resize=525%2C300&ssl=1 1.5x, https:\/\/i0.wp.com\/indoorgarden.ee\/wp-content\/uploads\/2026\/02\/amazing_avocado_pot_leaf_green.p1.webp?resize=700%2C400&ssl=1 2x, https:\/\/i0.wp.com\/indoorgarden.ee\/wp-content\/uploads\/2026\/02\/amazing_avocado_pot_leaf_green.p1.webp?resize=1050%2C600&ssl=1 3x, https:\/\/i0.wp.com\/indoorgarden.ee\/wp-content\/uploads\/2026\/02\/amazing_avocado_pot_leaf_green.p1.webp?resize=1400%2C800&ssl=1 4x"},"classes":[]},{"id":5250,"url":"https:\/\/indoorgarden.ee\/et\/toode\/citysens-lisataimepott-valge-moodulpott-vertikaalsele-taimepotile-koos-filtri-ja-vorkvahega\/","url_meta":{"origin":5237,"position":4},"title":"CitySens lisataimepott \u2013 valge moodulpott vertikaalsele taimepotile, koos filtri ja v\u00f5rkvahega","author":"admin","date":"14. veebr. 2026","format":false,"excerpt":"CitySens lisataimepott \u2013 kvaliteetne taimepott sisetingimuste taimekasvatuseks. Tugev konstruktsioon, sobib aastatepikkuseks kasutuseks. Kellele sobib Sobib toataimedele, \u00fcrtidele ja teistele sisetingimustes kasvavatele taimedele. Praktiline lahendus k\u00f6\u00f6gi t\u00f6\u00f6pinnale, aknalauale v\u00f5i elutuppa. IndoorGarden-ist leiad kogu valiku taimepotte ja sisekasvatuse tarvikuid.","rel":"","context":"Similar post","block_context":{"text":"Similar post","link":""},"img":{"alt_text":"","src":"https:\/\/i0.wp.com\/indoorgarden.ee\/wp-content\/uploads\/2026\/02\/extra-white-plant-pot.jpg?resize=350%2C200&ssl=1","width":350,"height":200,"srcset":"https:\/\/i0.wp.com\/indoorgarden.ee\/wp-content\/uploads\/2026\/02\/extra-white-plant-pot.jpg?resize=350%2C200&ssl=1 1x, https:\/\/i0.wp.com\/indoorgarden.ee\/wp-content\/uploads\/2026\/02\/extra-white-plant-pot.jpg?resize=525%2C300&ssl=1 1.5x, https:\/\/i0.wp.com\/indoorgarden.ee\/wp-content\/uploads\/2026\/02\/extra-white-plant-pot.jpg?resize=700%2C400&ssl=1 2x"},"classes":[]},{"id":5308,"url":"https:\/\/indoorgarden.ee\/et\/toode\/citysens-3-pakk-seinapotid-tekstiilkatete-ja-isekastmisega-must-vertikaalne-taimepottide-komplekt\/","url_meta":{"origin":5237,"position":5},"title":"CitySens 3-pakk seinapotid tekstiilkatete ja isekastmisega \u2013 must vertikaalne taimepottide komplekt","author":"admin","date":"14. veebr. 2026","format":false,"excerpt":"CitySens 3-pakk seinapotid tekstiilkatete ja isekastmisega \u2013 kvaliteetne taimepott sisetingimuste taimekasvatuseks. Tugev konstruktsioon, sobib aastatepikkuseks kasutuseks. Kellele sobib Sobib toataimedele, \u00fcrtidele ja teistele sisetingimustes kasvavatele taimedele. Praktiline lahendus k\u00f6\u00f6gi t\u00f6\u00f6pinnale, aknalauale v\u00f5i elutuppa. IndoorGarden-ist leiad kogu valiku taimepotte ja sisekasvatuse tarvikuid.","rel":"","context":"Similar post","block_context":{"text":"Similar post","link":""},"img":{"alt_text":"","src":"https:\/\/i0.wp.com\/indoorgarden.ee\/wp-content\/uploads\/2026\/02\/mp3430.png?resize=350%2C200&ssl=1","width":350,"height":200,"srcset":"https:\/\/i0.wp.com\/indoorgarden.ee\/wp-content\/uploads\/2026\/02\/mp3430.png?resize=350%2C200&ssl=1 1x, https:\/\/i0.wp.com\/indoorgarden.ee\/wp-content\/uploads\/2026\/02\/mp3430.png?resize=525%2C300&ssl=1 1.5x, https:\/\/i0.wp.com\/indoorgarden.ee\/wp-content\/uploads\/2026\/02\/mp3430.png?resize=700%2C400&ssl=1 2x"},"classes":[]}],"_links":{"self":[{"href":"https:\/\/indoorgarden.ee\/et\/wp-json\/wp\/v2\/product\/5237","targetHints":{"allow":["GET"]}}],"collection":[{"href":"https:\/\/indoorgarden.ee\/et\/wp-json\/wp\/v2\/product"}],"about":[{"href":"https:\/\/indoorgarden.ee\/et\/wp-json\/wp\/v2\/types\/product"}],"replies":[{"embeddable":true,"href":"https:\/\/indoorgarden.ee\/et\/wp-json\/wp\/v2\/comments?post=5237"}],"wp:featuredmedia":[{"embeddable":true,"href":"https:\/\/indoorgarden.ee\/et\/wp-json\/wp\/v2\/media\/3904"}],"wp:attachment":[{"href":"https:\/\/indoorgarden.ee\/et\/wp-json\/wp\/v2\/media?parent=5237"}],"wp:term":[{"taxonomy":"product_brand","embeddable":true,"href":"https:\/\/indoorgarden.ee\/et\/wp-json\/wp\/v2\/product_brand?post=5237"},{"taxonomy":"product_cat","embeddable":true,"href":"https:\/\/indoorgarden.ee\/et\/wp-json\/wp\/v2\/product_cat?post=5237"},{"taxonomy":"product_tag","embeddable":true,"href":"https:\/\/indoorgarden.ee\/et\/wp-json\/wp\/v2\/product_tag?post=5237"}],"curies":[{"name":"wp","href":"https:\/\/api.w.org\/{rel}","templated":true}]}}