{"id":5235,"date":"2026-02-22T11:54:18","date_gmt":"2026-02-22T09:54:18","guid":{"rendered":"https:\/\/indoorgarden.ee\/product\/mahe-tsillipipar-westlandse-lange-rode-varajane-terav-sort-1000-1500-shu\/"},"modified":"2026-04-27T09:17:16","modified_gmt":"2026-04-27T06:17:16","slug":"mahe-tsillipipar-westlandse-lange-rode-varajane-terav-sort-1000-1500-shu","status":"publish","type":"product","link":"https:\/\/indoorgarden.ee\/et\/toode\/mahe-tsillipipar-westlandse-lange-rode-varajane-terav-sort-1000-1500-shu\/","title":{"rendered":"Mahe t\u0161illipipar \u2018Westlandse Lange Rode\u2019 \u2013 varajane terav sort 1000\u20131500 SHU"},"content":{"rendered":"<p>Mahe t\u0161illipipar \u2018Westlandse Lange Rode\u2019 \u2013 kvaliteetne valik IndoorGarden-i sortimendist. Sobib sisetingimustes taimede kasvatamiseks ja taimehoolduseks.<\/p>\n<h3>Kellele sobib<\/h3>\n<p>Sobib taimes\u00f5pradele, kes kasvatavad sisetingimustes \u00fcrte, salatit, k\u00f6\u00f6givilju v\u00f5i toataimi. IndoorGarden-i sortimendis leiad kogu vajaliku oma sisekasvatuse jaoks.<\/p>\n<h3>Hooldus<\/h3>\n<p>J\u00e4rgi tootja juhiseid parimaks tulemuseks. Aastaringne saatmine \u00fcle Eesti ja eestikeelne klienditugi.<\/p>\n","protected":false},"excerpt":{"rendered":"<p>Mahe t\u0161illipipar \u2018Westlandse Lange Rode\u2019 \u2013 kvaliteetne valik IndoorGarden-i sortimendist. Sobib sisetingimustes taimede kasvatamiseks ja taimehoolduseks. Kellele sobib Sobib taimes\u00f5pradele, kes kasvatavad sisetingimustes \u00fcrte, salatit, k\u00f6\u00f6givilju v\u00f5i toataimi. IndoorGarden-i sortimendis leiad kogu vajaliku oma sisekasvatuse jaoks. Hooldus J\u00e4rgi tootja juhiseid parimaks tulemuseks. Aastaringne saatmine \u00fcle Eesti ja eestikeelne klienditugi.<\/p>\n","protected":false},"featured_media":3910,"comment_status":"open","ping_status":"closed","template":"","meta":[],"product_brand":[237],"product_cat":[94],"product_tag":[],"class_list":{"0":"post-5235","1":"product","2":"type-product","3":"status-publish","4":"has-post-thumbnail","6":"product_brand-organic-way-et","7":"product_cat-tsilli-seemned","8":"pa_indoor-garden-seeds-tsillipipar","9":"pa_seed-type-mahedad-seemned","11":"first","12":"instock","13":"taxable","14":"shipping-taxable","15":"purchasable","16":"product-type-simple"},"jetpack_sharing_enabled":true,"jetpack-related-posts":[{"id":5239,"url":"https:\/\/indoorgarden.ee\/et\/toode\/tuline-tsillipipar-birds-eye-kompaktne-vaga-terav-sort\/","url_meta":{"origin":5235,"position":0},"title":"Tuline t\u0161illipipar \u2018Birds Eye\u2019 \u2013 kompaktne v\u00e4ga terav sort","author":"admin","date":"22. veebr. 2026","format":false,"excerpt":"Tuline t\u0161illipipar \u2018Birds Eye\u2019 \u2013 kvaliteetne valik IndoorGarden-i sortimendist. Sobib sisetingimustes taimede kasvatamiseks ja taimehoolduseks. Kellele sobib Sobib taimes\u00f5pradele, kes kasvatavad sisetingimustes \u00fcrte, salatit, k\u00f6\u00f6givilju v\u00f5i toataimi. IndoorGarden-i sortimendis leiad kogu vajaliku oma sisekasvatuse jaoks. Hooldus J\u00e4rgi tootja juhiseid parimaks tulemuseks. Aastaringne saatmine \u00fcle Eesti ja eestikeelne klienditugi.","rel":"","context":"Similar post","block_context":{"text":"Similar post","link":""},"img":{"alt_text":"","src":"https:\/\/i0.wp.com\/indoorgarden.ee\/wp-content\/uploads\/2026\/02\/pepper-hot-birds-eye.jpg?resize=350%2C200&ssl=1","width":350,"height":200},"classes":[]},{"id":5219,"url":"https:\/\/indoorgarden.ee\/et\/toode\/tuline-tsillipipar-topik-h-keskvalmiv-tsillihubriid-2500-shu\/","url_meta":{"origin":5235,"position":1},"title":"Tuline t\u0161illipipar \u2018Topik H\u2019 \u2013 keskvalmiv t\u0161illih\u00fcbriid 2500 SHU","author":"admin","date":"22. veebr. 2026","format":false,"excerpt":"Tuline t\u0161illipipar \u2018Topik H\u2019 \u2013 kvaliteetne valik IndoorGarden-i sortimendist. Sobib sisetingimustes taimede kasvatamiseks ja taimehoolduseks. Kellele sobib Sobib taimes\u00f5pradele, kes kasvatavad sisetingimustes \u00fcrte, salatit, k\u00f6\u00f6givilju v\u00f5i toataimi. IndoorGarden-i sortimendis leiad kogu vajaliku oma sisekasvatuse jaoks. Hooldus J\u00e4rgi tootja juhiseid parimaks tulemuseks. Aastaringne saatmine \u00fcle Eesti ja eestikeelne klienditugi.","rel":"","context":"Similar post","block_context":{"text":"Similar post","link":""},"img":{"alt_text":"","src":"https:\/\/i0.wp.com\/indoorgarden.ee\/wp-content\/uploads\/2026\/02\/pepper-hot-topik-h.png?resize=350%2C200&ssl=1","width":350,"height":200},"classes":[]},{"id":5218,"url":"https:\/\/indoorgarden.ee\/et\/toode\/tuline-tsillipipar-ardito-h-cayenne-tuupi-tsillihubriid-30-000-50-000-shu\/","url_meta":{"origin":5235,"position":2},"title":"Tuline t\u0161illipipar \u2018Ardito H\u2019 \u2013 cayenne t\u00fc\u00fcpi t\u0161illih\u00fcbriid 30 000\u201350 000 SHU","author":"admin","date":"22. veebr. 2026","format":false,"excerpt":"Tuline t\u0161illipipar \u2018Ardito H\u2019 \u2013 kvaliteetne valik IndoorGarden-i sortimendist. Sobib sisetingimustes taimede kasvatamiseks ja taimehoolduseks. Kellele sobib Sobib taimes\u00f5pradele, kes kasvatavad sisetingimustes \u00fcrte, salatit, k\u00f6\u00f6givilju v\u00f5i toataimi. IndoorGarden-i sortimendis leiad kogu vajaliku oma sisekasvatuse jaoks. Hooldus J\u00e4rgi tootja juhiseid parimaks tulemuseks. Aastaringne saatmine \u00fcle Eesti ja eestikeelne klienditugi.","rel":"","context":"Similar post","block_context":{"text":"Similar post","link":""},"img":{"alt_text":"","src":"https:\/\/i0.wp.com\/indoorgarden.ee\/wp-content\/uploads\/2026\/02\/pepper-hot-ardito-h.png?resize=350%2C200&ssl=1","width":350,"height":200},"classes":[]},{"id":5233,"url":"https:\/\/indoorgarden.ee\/et\/toode\/mahe-aedsalvei-ravim-ja-dekoratiivurt-tugeva-aroomiga\/","url_meta":{"origin":5235,"position":3},"title":"Mahe aedsalvei \u2013 ravim- ja dekoratiiv\u00fcrt tugeva aroomiga","author":"admin","date":"22. veebr. 2026","format":false,"excerpt":"Mahe aedsalvei \u2013 kvaliteetne valik IndoorGarden-i sortimendist. Sobib sisetingimustes taimede kasvatamiseks ja taimehoolduseks. Kellele sobib Sobib taimes\u00f5pradele, kes kasvatavad sisetingimustes \u00fcrte, salatit, k\u00f6\u00f6givilju v\u00f5i toataimi. IndoorGarden-i sortimendis leiad kogu vajaliku oma sisekasvatuse jaoks. Hooldus J\u00e4rgi tootja juhiseid parimaks tulemuseks. Aastaringne saatmine \u00fcle Eesti ja eestikeelne klienditugi.","rel":"","context":"Similar post","block_context":{"text":"Similar post","link":""},"img":{"alt_text":"","src":"https:\/\/i0.wp.com\/indoorgarden.ee\/wp-content\/uploads\/2026\/02\/garden-sage.png?resize=350%2C200&ssl=1","width":350,"height":200},"classes":[]},{"id":2257,"url":"https:\/\/indoorgarden.ee\/et\/toode\/aedtilli-seemned-aromaantne-maitsetaim-hudropoonikas-nutiaedades-ja-valitingimustes-kasvatamiseks\/","url_meta":{"origin":5235,"position":4},"title":"Mahe aedtilli seemned (Anethum graveolens) \u2013 aromaatne maitsetaim h\u00fcdropoonikasse ja nutiaeda","author":"admin","date":"18. nov. 2025","format":false,"excerpt":"Mahe aedtilli seemned \u2013 aromaatne maitsetaim, mis kasvab h\u00e4sti nii h\u00fcdropoonikas kui mullas. Sobib supile, salatile, marineerimisele ja kohe k\u00f6\u00f6gist v\u00e4rskelt korjatuks.","rel":"","context":"Similar post","block_context":{"text":"Similar post","link":""},"img":{"alt_text":"","src":"https:\/\/i0.wp.com\/indoorgarden.ee\/wp-content\/uploads\/2025\/11\/4770168151130.png?resize=350%2C200&ssl=1","width":350,"height":200,"srcset":"https:\/\/i0.wp.com\/indoorgarden.ee\/wp-content\/uploads\/2025\/11\/4770168151130.png?resize=350%2C200&ssl=1 1x, https:\/\/i0.wp.com\/indoorgarden.ee\/wp-content\/uploads\/2025\/11\/4770168151130.png?resize=525%2C300&ssl=1 1.5x, https:\/\/i0.wp.com\/indoorgarden.ee\/wp-content\/uploads\/2025\/11\/4770168151130.png?resize=700%2C400&ssl=1 2x"},"classes":[]},{"id":2279,"url":"https:\/\/indoorgarden.ee\/et\/toode\/basiilik-sweet-marseillais-seemned-aromaatiline-maitsetaim-hudropoonikas-ja-nutiaias-kasvatamiseks\/","url_meta":{"origin":5235,"position":5},"title":"Mahe basiiliku \u2018Sweet Marseillais\u2019 seemned \u2013 aromaatne maitsetaim h\u00fcdropoonikasse ja nutiaeda","author":"admin","date":"18. nov. 2025","format":false,"excerpt":"Mahe basiiliku \u2018Sweet Marseillais\u2019 seemned. Aromaatne sort pestole, Caprese salatile ja k\u00f5ikidele Itaalia roogadele.","rel":"","context":"Similar post","block_context":{"text":"Similar post","link":""},"img":{"alt_text":"","src":"https:\/\/i0.wp.com\/indoorgarden.ee\/wp-content\/uploads\/2025\/11\/4770168917484.png?resize=350%2C200&ssl=1","width":350,"height":200},"classes":[]}],"_links":{"self":[{"href":"https:\/\/indoorgarden.ee\/et\/wp-json\/wp\/v2\/product\/5235","targetHints":{"allow":["GET"]}}],"collection":[{"href":"https:\/\/indoorgarden.ee\/et\/wp-json\/wp\/v2\/product"}],"about":[{"href":"https:\/\/indoorgarden.ee\/et\/wp-json\/wp\/v2\/types\/product"}],"replies":[{"embeddable":true,"href":"https:\/\/indoorgarden.ee\/et\/wp-json\/wp\/v2\/comments?post=5235"}],"wp:featuredmedia":[{"embeddable":true,"href":"https:\/\/indoorgarden.ee\/et\/wp-json\/wp\/v2\/media\/3910"}],"wp:attachment":[{"href":"https:\/\/indoorgarden.ee\/et\/wp-json\/wp\/v2\/media?parent=5235"}],"wp:term":[{"taxonomy":"product_brand","embeddable":true,"href":"https:\/\/indoorgarden.ee\/et\/wp-json\/wp\/v2\/product_brand?post=5235"},{"taxonomy":"product_cat","embeddable":true,"href":"https:\/\/indoorgarden.ee\/et\/wp-json\/wp\/v2\/product_cat?post=5235"},{"taxonomy":"product_tag","embeddable":true,"href":"https:\/\/indoorgarden.ee\/et\/wp-json\/wp\/v2\/product_tag?post=5235"}],"curies":[{"name":"wp","href":"https:\/\/api.w.org\/{rel}","templated":true}]}}