{"id":5230,"date":"2026-02-22T11:54:29","date_gmt":"2026-02-22T09:54:29","guid":{"rendered":"https:\/\/indoorgarden.ee\/product\/nitriilkindad-helesinised-d9\/"},"modified":"2026-04-27T09:17:13","modified_gmt":"2026-04-27T06:17:13","slug":"nitriilkindad-helesinised-d9","status":"publish","type":"product","link":"https:\/\/indoorgarden.ee\/et\/toode\/nitriilkindad-helesinised-d9\/","title":{"rendered":"Nitriilkindad helesinised D9"},"content":{"rendered":"<p>Nitriilkindad helesinised D9 \u2013 kvaliteetsed aiakindad sisetingimuste taimekasvatusele. Hea sobivus, korralik tunnetus, mugavad ka pikemaajaliseks kasutamiseks.<\/p>\n<h3>Kasutamine<\/h3>\n<p>Sobivad \u00fcmberistutamiseks, taimede k\u00e4sitsemiseks ja kompostiga t\u00f6\u00f6tamiseks. IndoorGarden-i sortimendis leiad sisekasvatuse jaoks \u00f5igesti m\u00f5\u00f5detud kindaid.<\/p>\n","protected":false},"excerpt":{"rendered":"<p>Nitriilkindad helesinised D9 \u2013 kvaliteetsed aiakindad sisetingimuste taimekasvatusele. Hea sobivus, korralik tunnetus, mugavad ka pikemaajaliseks kasutamiseks. Kasutamine Sobivad \u00fcmberistutamiseks, taimede k\u00e4sitsemiseks ja kompostiga t\u00f6\u00f6tamiseks. IndoorGarden-i sortimendis leiad sisekasvatuse jaoks \u00f5igesti m\u00f5\u00f5detud kindaid.<\/p>\n","protected":false},"featured_media":3929,"comment_status":"open","ping_status":"closed","template":"","meta":[],"product_brand":[],"product_cat":[82],"product_tag":[],"class_list":{"0":"post-5230","1":"product","2":"type-product","3":"status-publish","4":"has-post-thumbnail","6":"product_cat-aianduskindad","8":"first","9":"instock","10":"taxable","11":"shipping-taxable","12":"purchasable","13":"product-type-simple"},"jetpack_sharing_enabled":true,"jetpack-related-posts":[{"id":3930,"url":"https:\/\/indoorgarden.ee\/toode\/gloves-with-nitrile-light-blue-d9\/","url_meta":{"origin":5230,"position":0},"title":"Gloves with nitrile light blue d9","author":"admin","date":"22. veebr. 2026","format":false,"excerpt":"Gloves with nitrile, light blue, d9Gloves with nitrile, light blue, d9.Gloves with nitrile, light blue, d9 are suitable for gardening and plant care tasks where additional grip and protection are needed. Gloves with nitrile, light blue, d9.","rel":"","context":"Similar post","block_context":{"text":"Similar post","link":""},"img":{"alt_text":"","src":"https:\/\/i0.wp.com\/indoorgarden.ee\/wp-content\/uploads\/2026\/02\/gloves-with-nitrile-light-blue-d9.jpg?resize=350%2C200&ssl=1","width":350,"height":200},"classes":[]}],"_links":{"self":[{"href":"https:\/\/indoorgarden.ee\/et\/wp-json\/wp\/v2\/product\/5230","targetHints":{"allow":["GET"]}}],"collection":[{"href":"https:\/\/indoorgarden.ee\/et\/wp-json\/wp\/v2\/product"}],"about":[{"href":"https:\/\/indoorgarden.ee\/et\/wp-json\/wp\/v2\/types\/product"}],"replies":[{"embeddable":true,"href":"https:\/\/indoorgarden.ee\/et\/wp-json\/wp\/v2\/comments?post=5230"}],"wp:featuredmedia":[{"embeddable":true,"href":"https:\/\/indoorgarden.ee\/et\/wp-json\/wp\/v2\/media\/3929"}],"wp:attachment":[{"href":"https:\/\/indoorgarden.ee\/et\/wp-json\/wp\/v2\/media?parent=5230"}],"wp:term":[{"taxonomy":"product_brand","embeddable":true,"href":"https:\/\/indoorgarden.ee\/et\/wp-json\/wp\/v2\/product_brand?post=5230"},{"taxonomy":"product_cat","embeddable":true,"href":"https:\/\/indoorgarden.ee\/et\/wp-json\/wp\/v2\/product_cat?post=5230"},{"taxonomy":"product_tag","embeddable":true,"href":"https:\/\/indoorgarden.ee\/et\/wp-json\/wp\/v2\/product_tag?post=5230"}],"curies":[{"name":"wp","href":"https:\/\/api.w.org\/{rel}","templated":true}]}}