{"id":5227,"date":"2026-02-22T11:54:36","date_gmt":"2026-02-22T09:54:36","guid":{"rendered":"https:\/\/indoorgarden.ee\/product\/laste-aiakindad-pvc-tappidega-d5-punased-suurus-5-riputuspaeltega\/"},"modified":"2026-04-27T09:17:13","modified_gmt":"2026-04-27T06:17:13","slug":"laste-aiakindad-pvc-tappidega-d5-punased-suurus-5-riputuspaeltega","status":"publish","type":"product","link":"https:\/\/indoorgarden.ee\/et\/toode\/laste-aiakindad-pvc-tappidega-d5-punased-suurus-5-riputuspaeltega\/","title":{"rendered":"Laste aiakindad PVC-t\u00e4ppidega D5 punased suurus 5 riputuspaeltega"},"content":{"rendered":"<p>Laste aiakindad PVC-t\u00e4ppidega D5 punased suurus 5 riputuspaeltega \u2013 kvaliteetsed aiakindad sisetingimuste taimekasvatusele. Hea sobivus, korralik tunnetus, mugavad ka pikemaajaliseks kasutamiseks.<\/p>\n<h3>Kasutamine<\/h3>\n<p>Sobivad \u00fcmberistutamiseks, taimede k\u00e4sitsemiseks ja kompostiga t\u00f6\u00f6tamiseks. IndoorGarden-i sortimendis leiad sisekasvatuse jaoks \u00f5igesti m\u00f5\u00f5detud kindaid.<\/p>\n","protected":false},"excerpt":{"rendered":"<p>Laste aiakindad PVC-t\u00e4ppidega D5 punased suurus 5 riputuspaeltega \u2013 kvaliteetsed aiakindad sisetingimuste taimekasvatusele. Hea sobivus, korralik tunnetus, mugavad ka pikemaajaliseks kasutamiseks. Kasutamine Sobivad \u00fcmberistutamiseks, taimede k\u00e4sitsemiseks ja kompostiga t\u00f6\u00f6tamiseks. IndoorGarden-i sortimendis leiad sisekasvatuse jaoks \u00f5igesti m\u00f5\u00f5detud kindaid.<\/p>\n","protected":false},"featured_media":3938,"comment_status":"open","ping_status":"closed","template":"","meta":[],"product_brand":[],"product_cat":[82],"product_tag":[],"class_list":{"0":"post-5227","1":"product","2":"type-product","3":"status-publish","4":"has-post-thumbnail","6":"product_cat-aianduskindad","8":"first","9":"instock","10":"taxable","11":"shipping-taxable","12":"purchasable","13":"product-type-simple"},"jetpack_sharing_enabled":true,"jetpack-related-posts":[{"id":5226,"url":"https:\/\/indoorgarden.ee\/et\/toode\/laste-aiakindad-pvc-tappidega-d3-punased-suurus-3-riputuspaeltega\/","url_meta":{"origin":5227,"position":0},"title":"Laste aiakindad PVC-t\u00e4ppidega D3 punased suurus 3 riputuspaeltega","author":"admin","date":"22. veebr. 2026","format":false,"excerpt":"Laste aiakindad PVC-t\u00e4ppidega D3 punased suurus 3 riputuspaeltega \u2013 kvaliteetsed aiakindad sisetingimuste taimekasvatusele. Hea sobivus, korralik tunnetus, mugavad ka pikemaajaliseks kasutamiseks. Kasutamine Sobivad \u00fcmberistutamiseks, taimede k\u00e4sitsemiseks ja kompostiga t\u00f6\u00f6tamiseks. IndoorGarden-i sortimendis leiad sisekasvatuse jaoks \u00f5igesti m\u00f5\u00f5detud kindaid.","rel":"","context":"Similar post","block_context":{"text":"Similar post","link":""},"img":{"alt_text":"","src":"https:\/\/i0.wp.com\/indoorgarden.ee\/wp-content\/uploads\/2026\/02\/children-s-gloves-with-pvc-dots-d3.jpg?resize=350%2C200&ssl=1","width":350,"height":200},"classes":[]},{"id":1281,"url":"https:\/\/indoorgarden.ee\/et\/toode\/aiakindad-nerine-suurus-6-kerged-painduvad-lateksiga-kaetud\/","url_meta":{"origin":5227,"position":1},"title":"Aiakindad Nerine suurus 6 \u2013 kerged painduvad lateksiga kaetud kindad","author":"admin","date":"8. aug. 2025","format":false,"excerpt":"Aiakindad Nerine suurus 6. Kerged ja painduvad, lateksiga kaetud peopesad \u2013 sobivad nii \u00f5rnale t\u00f6\u00f6le kui ka tugevamale aiat\u00f6\u00f6le.","rel":"","context":"Similar post","block_context":{"text":"Similar post","link":""},"img":{"alt_text":"","src":"https:\/\/i0.wp.com\/indoorgarden.ee\/wp-content\/uploads\/2025\/08\/product_155636_0_201RNERINE.jpg?resize=350%2C200&ssl=1","width":350,"height":200,"srcset":"https:\/\/i0.wp.com\/indoorgarden.ee\/wp-content\/uploads\/2025\/08\/product_155636_0_201RNERINE.jpg?resize=350%2C200&ssl=1 1x, https:\/\/i0.wp.com\/indoorgarden.ee\/wp-content\/uploads\/2025\/08\/product_155636_0_201RNERINE.jpg?resize=525%2C300&ssl=1 1.5x, https:\/\/i0.wp.com\/indoorgarden.ee\/wp-content\/uploads\/2025\/08\/product_155636_0_201RNERINE.jpg?resize=700%2C400&ssl=1 2x"},"classes":[]},{"id":1340,"url":"https:\/\/indoorgarden.ee\/et\/toode\/aiakindad-rostaing-nerine-suurus-8-kerged-ja-paindlikud\/","url_meta":{"origin":5227,"position":2},"title":"Aiakindad Rostaing Nerine suurus 8 \u2013 kerged ja painduvad","author":"admin","date":"8. aug. 2025","format":false,"excerpt":"Aiakindad Rostaing Nerine suurus 8. Kerged ja painduvad \u2013 sobivad sisetingimuste taimekasvatusele ja \u00f5rnale aiat\u00f6\u00f6le.","rel":"","context":"Similar post","block_context":{"text":"Similar post","link":""},"img":{"alt_text":"","src":"https:\/\/i0.wp.com\/indoorgarden.ee\/wp-content\/uploads\/2025\/08\/product_155636_0_201RNERINE.jpg?resize=350%2C200&ssl=1","width":350,"height":200,"srcset":"https:\/\/i0.wp.com\/indoorgarden.ee\/wp-content\/uploads\/2025\/08\/product_155636_0_201RNERINE.jpg?resize=350%2C200&ssl=1 1x, https:\/\/i0.wp.com\/indoorgarden.ee\/wp-content\/uploads\/2025\/08\/product_155636_0_201RNERINE.jpg?resize=525%2C300&ssl=1 1.5x, https:\/\/i0.wp.com\/indoorgarden.ee\/wp-content\/uploads\/2025\/08\/product_155636_0_201RNERINE.jpg?resize=700%2C400&ssl=1 2x"},"classes":[]},{"id":1279,"url":"https:\/\/indoorgarden.ee\/et\/toode\/aiakindad-nerine-suurus-7-kerged-painduvad-lateksiga-kaetud\/","url_meta":{"origin":5227,"position":3},"title":"Aiakindad Nerine suurus 7 \u2013 kerged painduvad lateksiga kaetud kindad","author":"admin","date":"8. aug. 2025","format":false,"excerpt":"Aiakindad Nerine suurus 7. Kerged ja painduvad, lateksiga kaetud peopesad \u2013 sobivad nii \u00f5rnale t\u00f6\u00f6le kui ka tugevamale aiat\u00f6\u00f6le.","rel":"","context":"Similar post","block_context":{"text":"Similar post","link":""},"img":{"alt_text":"","src":"https:\/\/i0.wp.com\/indoorgarden.ee\/wp-content\/uploads\/2025\/08\/product_155636_0_201RNERINE.jpg?resize=350%2C200&ssl=1","width":350,"height":200,"srcset":"https:\/\/i0.wp.com\/indoorgarden.ee\/wp-content\/uploads\/2025\/08\/product_155636_0_201RNERINE.jpg?resize=350%2C200&ssl=1 1x, https:\/\/i0.wp.com\/indoorgarden.ee\/wp-content\/uploads\/2025\/08\/product_155636_0_201RNERINE.jpg?resize=525%2C300&ssl=1 1.5x, https:\/\/i0.wp.com\/indoorgarden.ee\/wp-content\/uploads\/2025\/08\/product_155636_0_201RNERINE.jpg?resize=700%2C400&ssl=1 2x"},"classes":[]},{"id":5228,"url":"https:\/\/indoorgarden.ee\/et\/toode\/nitriilkindad-helesinised-d7\/","url_meta":{"origin":5227,"position":4},"title":"Nitriilkindad helesinised D7","author":"admin","date":"22. veebr. 2026","format":false,"excerpt":"Nitriilkindad helesinised D7 \u2013 kvaliteetsed aiakindad sisetingimuste taimekasvatusele. Hea sobivus, korralik tunnetus, mugavad ka pikemaajaliseks kasutamiseks. Kasutamine Sobivad \u00fcmberistutamiseks, taimede k\u00e4sitsemiseks ja kompostiga t\u00f6\u00f6tamiseks. IndoorGarden-i sortimendis leiad sisekasvatuse jaoks \u00f5igesti m\u00f5\u00f5detud kindaid.","rel":"","context":"Similar post","block_context":{"text":"Similar post","link":""},"img":{"alt_text":"","src":"https:\/\/i0.wp.com\/indoorgarden.ee\/wp-content\/uploads\/2026\/02\/gloves-with-nitrile-light-blue-d7.jpg?resize=350%2C200&ssl=1","width":350,"height":200},"classes":[]},{"id":5230,"url":"https:\/\/indoorgarden.ee\/et\/toode\/nitriilkindad-helesinised-d9\/","url_meta":{"origin":5227,"position":5},"title":"Nitriilkindad helesinised D9","author":"admin","date":"22. veebr. 2026","format":false,"excerpt":"Nitriilkindad helesinised D9 \u2013 kvaliteetsed aiakindad sisetingimuste taimekasvatusele. Hea sobivus, korralik tunnetus, mugavad ka pikemaajaliseks kasutamiseks. Kasutamine Sobivad \u00fcmberistutamiseks, taimede k\u00e4sitsemiseks ja kompostiga t\u00f6\u00f6tamiseks. IndoorGarden-i sortimendis leiad sisekasvatuse jaoks \u00f5igesti m\u00f5\u00f5detud kindaid.","rel":"","context":"Similar post","block_context":{"text":"Similar post","link":""},"img":{"alt_text":"","src":"https:\/\/i0.wp.com\/indoorgarden.ee\/wp-content\/uploads\/2026\/02\/gloves-with-nitrile-light-blue-d9.jpg?resize=350%2C200&ssl=1","width":350,"height":200},"classes":[]}],"_links":{"self":[{"href":"https:\/\/indoorgarden.ee\/et\/wp-json\/wp\/v2\/product\/5227","targetHints":{"allow":["GET"]}}],"collection":[{"href":"https:\/\/indoorgarden.ee\/et\/wp-json\/wp\/v2\/product"}],"about":[{"href":"https:\/\/indoorgarden.ee\/et\/wp-json\/wp\/v2\/types\/product"}],"replies":[{"embeddable":true,"href":"https:\/\/indoorgarden.ee\/et\/wp-json\/wp\/v2\/comments?post=5227"}],"wp:featuredmedia":[{"embeddable":true,"href":"https:\/\/indoorgarden.ee\/et\/wp-json\/wp\/v2\/media\/3938"}],"wp:attachment":[{"href":"https:\/\/indoorgarden.ee\/et\/wp-json\/wp\/v2\/media?parent=5227"}],"wp:term":[{"taxonomy":"product_brand","embeddable":true,"href":"https:\/\/indoorgarden.ee\/et\/wp-json\/wp\/v2\/product_brand?post=5227"},{"taxonomy":"product_cat","embeddable":true,"href":"https:\/\/indoorgarden.ee\/et\/wp-json\/wp\/v2\/product_cat?post=5227"},{"taxonomy":"product_tag","embeddable":true,"href":"https:\/\/indoorgarden.ee\/et\/wp-json\/wp\/v2\/product_tag?post=5227"}],"curies":[{"name":"wp","href":"https:\/\/api.w.org\/{rel}","templated":true}]}}