{"id":5225,"date":"2026-02-22T11:54:40","date_gmt":"2026-02-22T09:54:40","guid":{"rendered":"https:\/\/indoorgarden.ee\/product\/vedel-orgaaniline-mineraalne-vaetis-1-l-universaalne-taimetoit\/"},"modified":"2026-04-27T09:17:11","modified_gmt":"2026-04-27T06:17:11","slug":"vedel-orgaaniline-mineraalne-vaetis-1-l-universaalne-taimetoit","status":"publish","type":"product","link":"https:\/\/indoorgarden.ee\/et\/toode\/vedel-orgaaniline-mineraalne-vaetis-1-l-universaalne-taimetoit\/","title":{"rendered":"Vedel orgaaniline-mineraalne v\u00e4etis 1 L \u2013 universaalne taimetoit"},"content":{"rendered":"<p>Vedel orgaaniline-mineraalne v\u00e4etis 1 L \u2013 kvaliteetne taimetoit h\u00fcdropoonikale ja toataimedele. Tagab \u00fchtlase kasvu ja tervete taimede kasvatamise sisetingimustes.<\/p>\n<h3>Kasutamine<\/h3>\n<p>Lisa toiteainet veepakki vastavalt pakendile m\u00e4rgitud kogusele. Vahetage toitelahus regulaarselt parima saagikuse tagamiseks.<\/p>\n<h3>Kellele sobib<\/h3>\n<p>Sobib h\u00fcdropoonika nutiaedade omanikele ja k\u00f5ikidele, kes kasvatavad taimi sisetingimustes. IndoorGarden-ist leiad kogu vajaliku taimehoolduseks.<\/p>\n","protected":false},"excerpt":{"rendered":"<p>Vedel orgaaniline-mineraalne v\u00e4etis 1 L \u2013 kvaliteetne taimetoit h\u00fcdropoonikale ja toataimedele. Tagab \u00fchtlase kasvu ja tervete taimede kasvatamise sisetingimustes. Kasutamine Lisa toiteainet veepakki vastavalt pakendile m\u00e4rgitud kogusele. Vahetage toitelahus regulaarselt parima saagikuse tagamiseks. Kellele sobib Sobib h\u00fcdropoonika nutiaedade omanikele ja k\u00f5ikidele, kes kasvatavad taimi sisetingimustes. IndoorGarden-ist leiad kogu vajaliku taimehoolduseks.<\/p>\n","protected":false},"featured_media":3948,"comment_status":"open","ping_status":"closed","template":"","meta":[],"product_brand":[237],"product_cat":[110],"product_tag":[],"class_list":{"0":"post-5225","1":"product","2":"type-product","3":"status-publish","4":"has-post-thumbnail","6":"product_brand-organic-way-et","7":"product_cat-vaetised-toataimedele","8":"pa_fertilizer-use-koogiviljade-vaetis","9":"pa_fertilizer-use-maitsetaimede-vaetis","10":"pa_fertilizer-use-tomatite-vaetis","12":"first","13":"instock","14":"taxable","15":"shipping-taxable","16":"purchasable","17":"product-type-simple"},"jetpack_sharing_enabled":true,"jetpack-related-posts":[{"id":5255,"url":"https:\/\/indoorgarden.ee\/et\/toode\/citysens-mineraalne-taimetoit-300-ml-hudropoonikale-sise-ja-mullataimedele\/","url_meta":{"origin":5225,"position":0},"title":"CitySens mineraalne taimetoit \u2013 300 ml h\u00fcdropoonikale, sise- ja mullataimedele","author":"admin","date":"14. veebr. 2026","format":false,"excerpt":"CitySens mineraalne taimetoit \u2013 kvaliteetne taimetoit h\u00fcdropoonikale ja toataimedele. Tagab \u00fchtlase kasvu ja tervete taimede kasvatamise sisetingimustes. Kasutamine Lisa toiteainet veepakki vastavalt pakendile m\u00e4rgitud kogusele. Vahetage toitelahus regulaarselt parima saagikuse tagamiseks. Kellele sobib Sobib h\u00fcdropoonika nutiaedade omanikele ja k\u00f5ikidele, kes kasvatavad taimi sisetingimustes. IndoorGarden-ist leiad kogu vajaliku taimehoolduseks.","rel":"","context":"Similar post","block_context":{"text":"Similar post","link":""},"img":{"alt_text":"","src":"https:\/\/i0.wp.com\/indoorgarden.ee\/wp-content\/uploads\/2026\/02\/nutrientes_product_2.jpg?resize=350%2C200&ssl=1","width":350,"height":200,"srcset":"https:\/\/i0.wp.com\/indoorgarden.ee\/wp-content\/uploads\/2026\/02\/nutrientes_product_2.jpg?resize=350%2C200&ssl=1 1x, https:\/\/i0.wp.com\/indoorgarden.ee\/wp-content\/uploads\/2026\/02\/nutrientes_product_2.jpg?resize=525%2C300&ssl=1 1.5x, https:\/\/i0.wp.com\/indoorgarden.ee\/wp-content\/uploads\/2026\/02\/nutrientes_product_2.jpg?resize=700%2C400&ssl=1 2x"},"classes":[]},{"id":1285,"url":"https:\/\/indoorgarden.ee\/et\/toode\/compo-bio-vedel-vaetis-tomatitele-1l\/","url_meta":{"origin":5225,"position":1},"title":"Compo BIO vedelv\u00e4etis tomatitele 1 L","author":"admin","date":"8. aug. 2025","format":false,"excerpt":"Compo BIO vedelv\u00e4etis tomatitele. Mahedast toorainest, sobib kasvuts\u00fckli k\u00f5ikidesse faasidesse \u2013 tugev kasv, palju vilja. 1 L pakk on suure aia v\u00f5i r\u00f5du jaoks.","rel":"","context":"Similar post","block_context":{"text":"Similar post","link":""},"img":{"alt_text":"","src":"https:\/\/i0.wp.com\/indoorgarden.ee\/wp-content\/uploads\/2025\/08\/product-155283_0-670137.jpg?resize=350%2C200&ssl=1","width":350,"height":200,"srcset":"https:\/\/i0.wp.com\/indoorgarden.ee\/wp-content\/uploads\/2025\/08\/product-155283_0-670137.jpg?resize=350%2C200&ssl=1 1x, https:\/\/i0.wp.com\/indoorgarden.ee\/wp-content\/uploads\/2025\/08\/product-155283_0-670137.jpg?resize=525%2C300&ssl=1 1.5x, https:\/\/i0.wp.com\/indoorgarden.ee\/wp-content\/uploads\/2025\/08\/product-155283_0-670137.jpg?resize=700%2C400&ssl=1 2x"},"classes":[]},{"id":1295,"url":"https:\/\/indoorgarden.ee\/et\/toode\/agrecol-biohumus-universaalne-vaetis-koogiviljadele-ja-lilledele-1l\/","url_meta":{"origin":5225,"position":2},"title":"Agrecol BIOHUMUS universaalv\u00e4etis k\u00f6\u00f6giviljadele ja lilledele 1 L","author":"admin","date":"8. aug. 2025","format":false,"excerpt":"Agrecol BIOHUMUS universaalv\u00e4etis. Sobib k\u00f6\u00f6giviljadele, lilledele ja toataimedele \u2013 looduslik vihmaussihumus, mis parandab mulla struktuuri.","rel":"","context":"Similar post","block_context":{"text":"Similar post","link":""},"img":{"alt_text":"Agrecol BIOHUMUS Universal Fertiliser for Vegetables and Flowers 1L","src":"https:\/\/i0.wp.com\/indoorgarden.ee\/wp-content\/uploads\/2025\/08\/Agrecol-BIOHUMUS-Universal-Fertiliser-for-Vegetables-and-Flowers-1L.jpg?resize=350%2C200&ssl=1","width":350,"height":200,"srcset":"https:\/\/i0.wp.com\/indoorgarden.ee\/wp-content\/uploads\/2025\/08\/Agrecol-BIOHUMUS-Universal-Fertiliser-for-Vegetables-and-Flowers-1L.jpg?resize=350%2C200&ssl=1 1x, https:\/\/i0.wp.com\/indoorgarden.ee\/wp-content\/uploads\/2025\/08\/Agrecol-BIOHUMUS-Universal-Fertiliser-for-Vegetables-and-Flowers-1L.jpg?resize=525%2C300&ssl=1 1.5x, https:\/\/i0.wp.com\/indoorgarden.ee\/wp-content\/uploads\/2025\/08\/Agrecol-BIOHUMUS-Universal-Fertiliser-for-Vegetables-and-Flowers-1L.jpg?resize=700%2C400&ssl=1 2x, https:\/\/i0.wp.com\/indoorgarden.ee\/wp-content\/uploads\/2025\/08\/Agrecol-BIOHUMUS-Universal-Fertiliser-for-Vegetables-and-Flowers-1L.jpg?resize=1050%2C600&ssl=1 3x"},"classes":[]},{"id":1307,"url":"https:\/\/indoorgarden.ee\/et\/toode\/compo-bio-vedelvaetis-istutusgraanulid-granuplant-500ml-taimede-kasvatamiseks\/","url_meta":{"origin":5225,"position":3},"title":"COMPO BIO vedelv\u00e4etis Granuplant graanulites kasvavatele taimedele 500 ml","author":"admin","date":"8. aug. 2025","format":false,"excerpt":"COMPO BIO vedelv\u00e4etis Granuplant graanulites kasvavatele taimedele. Sobib h\u00fcdrograanulites v\u00f5i sarnastes substraadip\u00f5histes s\u00fcsteemides.","rel":"","context":"Similar post","block_context":{"text":"Similar post","link":""},"img":{"alt_text":"COMPO BIO Liquid Fertiliser for Plants Grown in Planting Granules Granuplant\u00ae 500ml","src":"https:\/\/i0.wp.com\/indoorgarden.ee\/wp-content\/uploads\/2025\/08\/COMPO-BIO-Liquid-Fertiliser-for-Plants-Grown-in-Planting-Granules-Granuplant%C2%AE-500ml.jpg?resize=350%2C200&ssl=1","width":350,"height":200,"srcset":"https:\/\/i0.wp.com\/indoorgarden.ee\/wp-content\/uploads\/2025\/08\/COMPO-BIO-Liquid-Fertiliser-for-Plants-Grown-in-Planting-Granules-Granuplant%C2%AE-500ml.jpg?resize=350%2C200&ssl=1 1x, https:\/\/i0.wp.com\/indoorgarden.ee\/wp-content\/uploads\/2025\/08\/COMPO-BIO-Liquid-Fertiliser-for-Plants-Grown-in-Planting-Granules-Granuplant%C2%AE-500ml.jpg?resize=525%2C300&ssl=1 1.5x, https:\/\/i0.wp.com\/indoorgarden.ee\/wp-content\/uploads\/2025\/08\/COMPO-BIO-Liquid-Fertiliser-for-Plants-Grown-in-Planting-Granules-Granuplant%C2%AE-500ml.jpg?resize=700%2C400&ssl=1 2x, https:\/\/i0.wp.com\/indoorgarden.ee\/wp-content\/uploads\/2025\/08\/COMPO-BIO-Liquid-Fertiliser-for-Plants-Grown-in-Planting-Granules-Granuplant%C2%AE-500ml.jpg?resize=1050%2C600&ssl=1 3x"},"classes":[]},{"id":5209,"url":"https:\/\/indoorgarden.ee\/et\/toode\/botanium-taimetoit-300-ml-taielik-toitelahus-botanium-nutipotile\/","url_meta":{"origin":5225,"position":4},"title":"Botanium taimetoit 300 ml \u2013 t\u00e4ielik toitelahus Botanium nutipotile","author":"admin","date":"27. veebr. 2026","format":false,"excerpt":"A complete, balanced nutrient solution made specifically for the Botanium self-watering planter. Supports all edible plants \u2014 herbs, lettuce, tomatoes, chilli, and strawberries \u2014 with one easy-to-dose formula. A measuring cup is included, and a single bottle lasts from 6 months to several years.","rel":"","context":"Similar post","block_context":{"text":"Similar post","link":""},"img":{"alt_text":"","src":"https:\/\/i0.wp.com\/indoorgarden.ee\/wp-content\/uploads\/2026\/02\/300mlnutrients_1800x1800.webp?resize=350%2C200&ssl=1","width":350,"height":200,"srcset":"https:\/\/i0.wp.com\/indoorgarden.ee\/wp-content\/uploads\/2026\/02\/300mlnutrients_1800x1800.webp?resize=350%2C200&ssl=1 1x, https:\/\/i0.wp.com\/indoorgarden.ee\/wp-content\/uploads\/2026\/02\/300mlnutrients_1800x1800.webp?resize=525%2C300&ssl=1 1.5x"},"classes":[]},{"id":1320,"url":"https:\/\/indoorgarden.ee\/et\/toode\/compo-bio-vedel-vaetis-maitsetaimedele-500ml\/","url_meta":{"origin":5225,"position":5},"title":"Compo BIO vedelv\u00e4etis maitsetaimedele 500 ml","author":"admin","date":"8. aug. 2025","format":false,"excerpt":"Compo BIO vedelv\u00e4etis maitsetaimedele. Spetsiaalselt m\u00f5eldud kulinaarsetele \u00fcrtidele nagu basiilik, petersell, m\u00fcnt, t\u00fc\u00fcmian ja rosmariin \u2013 looduslikud toitained tugevaks kasvuks.","rel":"","context":"Similar post","block_context":{"text":"Similar post","link":""},"img":{"alt_text":"","src":"https:\/\/i0.wp.com\/indoorgarden.ee\/wp-content\/uploads\/2025\/08\/product-152818_0-670136.jpg?resize=350%2C200&ssl=1","width":350,"height":200,"srcset":"https:\/\/i0.wp.com\/indoorgarden.ee\/wp-content\/uploads\/2025\/08\/product-152818_0-670136.jpg?resize=350%2C200&ssl=1 1x, https:\/\/i0.wp.com\/indoorgarden.ee\/wp-content\/uploads\/2025\/08\/product-152818_0-670136.jpg?resize=525%2C300&ssl=1 1.5x, https:\/\/i0.wp.com\/indoorgarden.ee\/wp-content\/uploads\/2025\/08\/product-152818_0-670136.jpg?resize=700%2C400&ssl=1 2x"},"classes":[]}],"_links":{"self":[{"href":"https:\/\/indoorgarden.ee\/et\/wp-json\/wp\/v2\/product\/5225","targetHints":{"allow":["GET"]}}],"collection":[{"href":"https:\/\/indoorgarden.ee\/et\/wp-json\/wp\/v2\/product"}],"about":[{"href":"https:\/\/indoorgarden.ee\/et\/wp-json\/wp\/v2\/types\/product"}],"replies":[{"embeddable":true,"href":"https:\/\/indoorgarden.ee\/et\/wp-json\/wp\/v2\/comments?post=5225"}],"wp:featuredmedia":[{"embeddable":true,"href":"https:\/\/indoorgarden.ee\/et\/wp-json\/wp\/v2\/media\/3948"}],"wp:attachment":[{"href":"https:\/\/indoorgarden.ee\/et\/wp-json\/wp\/v2\/media?parent=5225"}],"wp:term":[{"taxonomy":"product_brand","embeddable":true,"href":"https:\/\/indoorgarden.ee\/et\/wp-json\/wp\/v2\/product_brand?post=5225"},{"taxonomy":"product_cat","embeddable":true,"href":"https:\/\/indoorgarden.ee\/et\/wp-json\/wp\/v2\/product_cat?post=5225"},{"taxonomy":"product_tag","embeddable":true,"href":"https:\/\/indoorgarden.ee\/et\/wp-json\/wp\/v2\/product_tag?post=5225"}],"curies":[{"name":"wp","href":"https:\/\/api.w.org\/{rel}","templated":true}]}}