{"id":5224,"date":"2026-02-22T11:54:42","date_gmt":"2026-02-22T09:54:42","guid":{"rendered":"https:\/\/indoorgarden.ee\/product\/rosmariin-mitmeaastane-ravim-ja-dekoratiivurt-kuni-50-cm\/"},"modified":"2026-04-27T09:17:11","modified_gmt":"2026-04-27T06:17:11","slug":"rosmariin-mitmeaastane-ravim-ja-dekoratiivurt-kuni-50-cm","status":"publish","type":"product","link":"https:\/\/indoorgarden.ee\/et\/toode\/rosmariin-mitmeaastane-ravim-ja-dekoratiivurt-kuni-50-cm\/","title":{"rendered":"Rosmariin \u2013 mitmeaastane ravim- ja dekoratiiv\u00fcrt kuni 50 cm"},"content":{"rendered":"<p>Rosmariin \u2013 kvaliteetne valik IndoorGarden-i sortimendist. Sobib sisetingimustes taimede kasvatamiseks ja taimehoolduseks.<\/p>\n<h3>Kellele sobib<\/h3>\n<p>Sobib taimes\u00f5pradele, kes kasvatavad sisetingimustes \u00fcrte, salatit, k\u00f6\u00f6givilju v\u00f5i toataimi. IndoorGarden-i sortimendis leiad kogu vajaliku oma sisekasvatuse jaoks.<\/p>\n<h3>Hooldus<\/h3>\n<p>J\u00e4rgi tootja juhiseid parimaks tulemuseks. Aastaringne saatmine \u00fcle Eesti ja eestikeelne klienditugi.<\/p>\n","protected":false},"excerpt":{"rendered":"<p>Rosmariin \u2013 kvaliteetne valik IndoorGarden-i sortimendist. Sobib sisetingimustes taimede kasvatamiseks ja taimehoolduseks. Kellele sobib Sobib taimes\u00f5pradele, kes kasvatavad sisetingimustes \u00fcrte, salatit, k\u00f6\u00f6givilju v\u00f5i toataimi. IndoorGarden-i sortimendis leiad kogu vajaliku oma sisekasvatuse jaoks. Hooldus J\u00e4rgi tootja juhiseid parimaks tulemuseks. Aastaringne saatmine \u00fcle Eesti ja eestikeelne klienditugi.<\/p>\n","protected":false},"featured_media":3951,"comment_status":"open","ping_status":"closed","template":"","meta":[],"product_brand":[240],"product_cat":[103],"product_tag":[],"class_list":{"0":"post-5224","1":"product","2":"type-product","3":"status-publish","4":"has-post-thumbnail","6":"product_brand-agronom","7":"product_cat-urdi-seemned","8":"pa_indoor-garden-seeds-rosmariin","10":"first","11":"instock","12":"taxable","13":"shipping-taxable","14":"purchasable","15":"product-type-simple"},"jetpack_sharing_enabled":true,"jetpack-related-posts":[{"id":5233,"url":"https:\/\/indoorgarden.ee\/et\/toode\/mahe-aedsalvei-ravim-ja-dekoratiivurt-tugeva-aroomiga\/","url_meta":{"origin":5224,"position":0},"title":"Mahe aedsalvei \u2013 ravim- ja dekoratiiv\u00fcrt tugeva aroomiga","author":"admin","date":"22. veebr. 2026","format":false,"excerpt":"Mahe aedsalvei \u2013 kvaliteetne valik IndoorGarden-i sortimendist. Sobib sisetingimustes taimede kasvatamiseks ja taimehoolduseks. Kellele sobib Sobib taimes\u00f5pradele, kes kasvatavad sisetingimustes \u00fcrte, salatit, k\u00f6\u00f6givilju v\u00f5i toataimi. IndoorGarden-i sortimendis leiad kogu vajaliku oma sisekasvatuse jaoks. Hooldus J\u00e4rgi tootja juhiseid parimaks tulemuseks. Aastaringne saatmine \u00fcle Eesti ja eestikeelne klienditugi.","rel":"","context":"Similar post","block_context":{"text":"Similar post","link":""},"img":{"alt_text":"","src":"https:\/\/i0.wp.com\/indoorgarden.ee\/wp-content\/uploads\/2026\/02\/garden-sage.png?resize=350%2C200&ssl=1","width":350,"height":200},"classes":[]},{"id":5216,"url":"https:\/\/indoorgarden.ee\/et\/toode\/piparmunt-mitmeaastane-lohnav-urt-varskeks-ja-kuivatatuks-kasutamiseks\/","url_meta":{"origin":5224,"position":1},"title":"Piparm\u00fcnt \u2013 mitmeaastane l\u00f5hnav \u00fcrt v\u00e4rskeks ja kuivatatuks kasutamiseks","author":"admin","date":"22. veebr. 2026","format":false,"excerpt":"Piparm\u00fcnt \u2013 kvaliteetne valik IndoorGarden-i sortimendist. Sobib sisetingimustes taimede kasvatamiseks ja taimehoolduseks. Kellele sobib Sobib taimes\u00f5pradele, kes kasvatavad sisetingimustes \u00fcrte, salatit, k\u00f6\u00f6givilju v\u00f5i toataimi. IndoorGarden-i sortimendis leiad kogu vajaliku oma sisekasvatuse jaoks. Hooldus J\u00e4rgi tootja juhiseid parimaks tulemuseks. Aastaringne saatmine \u00fcle Eesti ja eestikeelne klienditugi.","rel":"","context":"Similar post","block_context":{"text":"Similar post","link":""},"img":{"alt_text":"","src":"https:\/\/i0.wp.com\/indoorgarden.ee\/wp-content\/uploads\/2026\/02\/peppermint.jpg?resize=350%2C200&ssl=1","width":350,"height":200},"classes":[]},{"id":5221,"url":"https:\/\/indoorgarden.ee\/et\/toode\/rukolasalat-kiirelt-kasvav-lehtkoogivili-pahklise-maitsega\/","url_meta":{"origin":5224,"position":2},"title":"Rukolasalat \u2013 kiirelt kasvav lehtk\u00f6\u00f6givili p\u00e4hklise maitsega","author":"admin","date":"22. veebr. 2026","format":false,"excerpt":"Rukolasalat \u2013 kvaliteetne valik IndoorGarden-i sortimendist. Sobib sisetingimustes taimede kasvatamiseks ja taimehoolduseks. Kellele sobib Sobib taimes\u00f5pradele, kes kasvatavad sisetingimustes \u00fcrte, salatit, k\u00f6\u00f6givilju v\u00f5i toataimi. IndoorGarden-i sortimendis leiad kogu vajaliku oma sisekasvatuse jaoks. Hooldus J\u00e4rgi tootja juhiseid parimaks tulemuseks. Aastaringne saatmine \u00fcle Eesti ja eestikeelne klienditugi.","rel":"","context":"Similar post","block_context":{"text":"Similar post","link":""},"img":{"alt_text":"","src":"https:\/\/i0.wp.com\/indoorgarden.ee\/wp-content\/uploads\/2026\/02\/rocket-salad-rucola.jpg?resize=350%2C200&ssl=1","width":350,"height":200},"classes":[]},{"id":5250,"url":"https:\/\/indoorgarden.ee\/et\/toode\/citysens-lisataimepott-valge-moodulpott-vertikaalsele-taimepotile-koos-filtri-ja-vorkvahega\/","url_meta":{"origin":5224,"position":3},"title":"CitySens lisataimepott \u2013 valge moodulpott vertikaalsele taimepotile, koos filtri ja v\u00f5rkvahega","author":"admin","date":"14. veebr. 2026","format":false,"excerpt":"CitySens lisataimepott \u2013 kvaliteetne taimepott sisetingimuste taimekasvatuseks. Tugev konstruktsioon, sobib aastatepikkuseks kasutuseks. Kellele sobib Sobib toataimedele, \u00fcrtidele ja teistele sisetingimustes kasvavatele taimedele. Praktiline lahendus k\u00f6\u00f6gi t\u00f6\u00f6pinnale, aknalauale v\u00f5i elutuppa. IndoorGarden-ist leiad kogu valiku taimepotte ja sisekasvatuse tarvikuid.","rel":"","context":"Similar post","block_context":{"text":"Similar post","link":""},"img":{"alt_text":"","src":"https:\/\/i0.wp.com\/indoorgarden.ee\/wp-content\/uploads\/2026\/02\/extra-white-plant-pot.jpg?resize=350%2C200&ssl=1","width":350,"height":200,"srcset":"https:\/\/i0.wp.com\/indoorgarden.ee\/wp-content\/uploads\/2026\/02\/extra-white-plant-pot.jpg?resize=350%2C200&ssl=1 1x, https:\/\/i0.wp.com\/indoorgarden.ee\/wp-content\/uploads\/2026\/02\/extra-white-plant-pot.jpg?resize=525%2C300&ssl=1 1.5x, https:\/\/i0.wp.com\/indoorgarden.ee\/wp-content\/uploads\/2026\/02\/extra-white-plant-pot.jpg?resize=700%2C400&ssl=1 2x"},"classes":[]},{"id":5210,"url":"https:\/\/indoorgarden.ee\/et\/toode\/elho-amazing-avokaadopott-lehtroheline-1-l-sisetingimuste-avokaadopott\/","url_meta":{"origin":5224,"position":4},"title":"ELHO Amazing avokaadopott \u2013 lehtroheline (1 L) sisetingimuste avokaadopott","author":"admin","date":"23. veebr. 2026","format":false,"excerpt":"ELHO Amazing Avocado Pot in Leaf Green (1 L) with integrated floating system for growing avocado plants from seed. Designed for indoor use with built-in water reservoir for easy germination.","rel":"","context":"Similar post","block_context":{"text":"Similar post","link":""},"img":{"alt_text":"","src":"https:\/\/i0.wp.com\/indoorgarden.ee\/wp-content\/uploads\/2026\/02\/amazing_avocado_pot_leaf_green.p1.webp?resize=350%2C200&ssl=1","width":350,"height":200,"srcset":"https:\/\/i0.wp.com\/indoorgarden.ee\/wp-content\/uploads\/2026\/02\/amazing_avocado_pot_leaf_green.p1.webp?resize=350%2C200&ssl=1 1x, https:\/\/i0.wp.com\/indoorgarden.ee\/wp-content\/uploads\/2026\/02\/amazing_avocado_pot_leaf_green.p1.webp?resize=525%2C300&ssl=1 1.5x, https:\/\/i0.wp.com\/indoorgarden.ee\/wp-content\/uploads\/2026\/02\/amazing_avocado_pot_leaf_green.p1.webp?resize=700%2C400&ssl=1 2x, https:\/\/i0.wp.com\/indoorgarden.ee\/wp-content\/uploads\/2026\/02\/amazing_avocado_pot_leaf_green.p1.webp?resize=1050%2C600&ssl=1 3x, https:\/\/i0.wp.com\/indoorgarden.ee\/wp-content\/uploads\/2026\/02\/amazing_avocado_pot_leaf_green.p1.webp?resize=1400%2C800&ssl=1 4x"},"classes":[]},{"id":5223,"url":"https:\/\/indoorgarden.ee\/et\/toode\/lehtsalat-grunetta-varajane-lahtileheline-sort-kevadest-sugiseni\/","url_meta":{"origin":5224,"position":5},"title":"Lehtsalat \u2018Gr\u00fcnetta\u2019 \u2013 varajane lahtileheline sort kevadest s\u00fcgiseni","author":"admin","date":"22. veebr. 2026","format":false,"excerpt":"Lehtsalat \u2018Gr\u00fcnetta\u2019 \u2013 kvaliteetne valik IndoorGarden-i sortimendist. Sobib sisetingimustes taimede kasvatamiseks ja taimehoolduseks. Kellele sobib Sobib taimes\u00f5pradele, kes kasvatavad sisetingimustes \u00fcrte, salatit, k\u00f6\u00f6givilju v\u00f5i toataimi. IndoorGarden-i sortimendis leiad kogu vajaliku oma sisekasvatuse jaoks. Hooldus J\u00e4rgi tootja juhiseid parimaks tulemuseks. Aastaringne saatmine \u00fcle Eesti ja eestikeelne klienditugi.","rel":"","context":"Similar post","block_context":{"text":"Similar post","link":""},"img":{"alt_text":"","src":"https:\/\/i0.wp.com\/indoorgarden.ee\/wp-content\/uploads\/2026\/02\/lettuce-grunetta.jpg?resize=350%2C200&ssl=1","width":350,"height":200},"classes":[]}],"_links":{"self":[{"href":"https:\/\/indoorgarden.ee\/et\/wp-json\/wp\/v2\/product\/5224","targetHints":{"allow":["GET"]}}],"collection":[{"href":"https:\/\/indoorgarden.ee\/et\/wp-json\/wp\/v2\/product"}],"about":[{"href":"https:\/\/indoorgarden.ee\/et\/wp-json\/wp\/v2\/types\/product"}],"replies":[{"embeddable":true,"href":"https:\/\/indoorgarden.ee\/et\/wp-json\/wp\/v2\/comments?post=5224"}],"wp:featuredmedia":[{"embeddable":true,"href":"https:\/\/indoorgarden.ee\/et\/wp-json\/wp\/v2\/media\/3951"}],"wp:attachment":[{"href":"https:\/\/indoorgarden.ee\/et\/wp-json\/wp\/v2\/media?parent=5224"}],"wp:term":[{"taxonomy":"product_brand","embeddable":true,"href":"https:\/\/indoorgarden.ee\/et\/wp-json\/wp\/v2\/product_brand?post=5224"},{"taxonomy":"product_cat","embeddable":true,"href":"https:\/\/indoorgarden.ee\/et\/wp-json\/wp\/v2\/product_cat?post=5224"},{"taxonomy":"product_tag","embeddable":true,"href":"https:\/\/indoorgarden.ee\/et\/wp-json\/wp\/v2\/product_tag?post=5224"}],"curies":[{"name":"wp","href":"https:\/\/api.w.org\/{rel}","templated":true}]}}