{"id":5220,"date":"2026-02-22T11:54:53","date_gmt":"2026-02-22T09:54:53","guid":{"rendered":"https:\/\/indoorgarden.ee\/product\/lehtsalat-amerikanischer-brauner-keskvalmiv-leht-50-60-paeva\/"},"modified":"2026-04-27T09:17:08","modified_gmt":"2026-04-27T06:17:08","slug":"lehtsalat-amerikanischer-brauner-keskvalmiv-leht-50-60-paeva","status":"publish","type":"product","link":"https:\/\/indoorgarden.ee\/et\/toode\/lehtsalat-amerikanischer-brauner-keskvalmiv-leht-50-60-paeva\/","title":{"rendered":"Lehtsalat \u2018Amerikanischer Brauner\u2019 \u2013 keskvalmiv leht 50\u201360 p\u00e4eva"},"content":{"rendered":"<p>Lehtsalat \u2018Amerikanischer Brauner\u2019 \u2013 kvaliteetne valik IndoorGarden-i sortimendist. Sobib sisetingimustes taimede kasvatamiseks ja taimehoolduseks.<\/p>\n<h3>Kellele sobib<\/h3>\n<p>Sobib taimes\u00f5pradele, kes kasvatavad sisetingimustes \u00fcrte, salatit, k\u00f6\u00f6givilju v\u00f5i toataimi. IndoorGarden-i sortimendis leiad kogu vajaliku oma sisekasvatuse jaoks.<\/p>\n<h3>Hooldus<\/h3>\n<p>J\u00e4rgi tootja juhiseid parimaks tulemuseks. Aastaringne saatmine \u00fcle Eesti ja eestikeelne klienditugi.<\/p>\n","protected":false},"excerpt":{"rendered":"<p>Lehtsalat \u2018Amerikanischer Brauner\u2019 \u2013 kvaliteetne valik IndoorGarden-i sortimendist. Sobib sisetingimustes taimede kasvatamiseks ja taimehoolduseks. Kellele sobib Sobib taimes\u00f5pradele, kes kasvatavad sisetingimustes \u00fcrte, salatit, k\u00f6\u00f6givilju v\u00f5i toataimi. IndoorGarden-i sortimendis leiad kogu vajaliku oma sisekasvatuse jaoks. Hooldus J\u00e4rgi tootja juhiseid parimaks tulemuseks. Aastaringne saatmine \u00fcle Eesti ja eestikeelne klienditugi.<\/p>\n","protected":false},"featured_media":3963,"comment_status":"open","ping_status":"closed","template":"","meta":[],"product_brand":[240],"product_cat":[104],"product_tag":[],"class_list":{"0":"post-5220","1":"product","2":"type-product","3":"status-publish","4":"has-post-thumbnail","6":"product_brand-agronom","7":"product_cat-salati-ja-lehtkoogiviljade-seemned","8":"pa_indoor-garden-seeds-lehtsalat","10":"first","11":"instock","12":"taxable","13":"shipping-taxable","14":"purchasable","15":"product-type-simple"},"jetpack_sharing_enabled":true,"jetpack-related-posts":[{"id":5223,"url":"https:\/\/indoorgarden.ee\/et\/toode\/lehtsalat-grunetta-varajane-lahtileheline-sort-kevadest-sugiseni\/","url_meta":{"origin":5220,"position":0},"title":"Lehtsalat \u2018Gr\u00fcnetta\u2019 \u2013 varajane lahtileheline sort kevadest s\u00fcgiseni","author":"admin","date":"22. veebr. 2026","format":false,"excerpt":"Lehtsalat \u2018Gr\u00fcnetta\u2019 \u2013 kvaliteetne valik IndoorGarden-i sortimendist. Sobib sisetingimustes taimede kasvatamiseks ja taimehoolduseks. Kellele sobib Sobib taimes\u00f5pradele, kes kasvatavad sisetingimustes \u00fcrte, salatit, k\u00f6\u00f6givilju v\u00f5i toataimi. IndoorGarden-i sortimendis leiad kogu vajaliku oma sisekasvatuse jaoks. Hooldus J\u00e4rgi tootja juhiseid parimaks tulemuseks. Aastaringne saatmine \u00fcle Eesti ja eestikeelne klienditugi.","rel":"","context":"Similar post","block_context":{"text":"Similar post","link":""},"img":{"alt_text":"","src":"https:\/\/i0.wp.com\/indoorgarden.ee\/wp-content\/uploads\/2026\/02\/lettuce-grunetta.jpg?resize=350%2C200&ssl=1","width":350,"height":200},"classes":[]},{"id":5222,"url":"https:\/\/indoorgarden.ee\/et\/toode\/lehtsalat-australische-gele-keskvalmiv-kiirelt-kasvav-50-60-paeva\/","url_meta":{"origin":5220,"position":1},"title":"Lehtsalat \u2018Australische Gele\u2019 \u2013 keskvalmiv kiirelt kasvav 50\u201360 p\u00e4eva","author":"admin","date":"22. veebr. 2026","format":false,"excerpt":"Lehtsalat \u2018Australische Gele\u2019 \u2013 kvaliteetne valik IndoorGarden-i sortimendist. Sobib sisetingimustes taimede kasvatamiseks ja taimehoolduseks. Kellele sobib Sobib taimes\u00f5pradele, kes kasvatavad sisetingimustes \u00fcrte, salatit, k\u00f6\u00f6givilju v\u00f5i toataimi. IndoorGarden-i sortimendis leiad kogu vajaliku oma sisekasvatuse jaoks. Hooldus J\u00e4rgi tootja juhiseid parimaks tulemuseks. Aastaringne saatmine \u00fcle Eesti ja eestikeelne klienditugi.","rel":"","context":"Similar post","block_context":{"text":"Similar post","link":""},"img":{"alt_text":"","src":"https:\/\/i0.wp.com\/indoorgarden.ee\/wp-content\/uploads\/2026\/02\/lettuce-australische-gele.jpg?resize=350%2C200&ssl=1","width":350,"height":200},"classes":[]},{"id":2241,"url":"https:\/\/indoorgarden.ee\/et\/toode\/salat-bionda-a-foglia-riccia-seemned-kiiresti-kasvav-lehtsalat-hudropooniliseks-ja-nutiaedades-kasvatamiseks\/","url_meta":{"origin":5220,"position":2},"title":"Mahe lehtsalati \u2018Bionda a Foglia Riccia\u2019 seemned \u2013 kiirelt kasvav sort h\u00fcdropoonikasse ja nutiaeda","author":"admin","date":"18. nov. 2025","format":false,"excerpt":"Mahe lehtsalati \u2018Bionda a Foglia Riccia\u2019 seemned. Kiirelt kasvav, kohevate kortsuliste lehtedega sort \u2013 sobib salatisse ja v\u00f5ileivale, kasvab nutiaias ja aknalaual.","rel":"","context":"Similar post","block_context":{"text":"Similar post","link":""},"img":{"alt_text":"","src":"https:\/\/i0.wp.com\/indoorgarden.ee\/wp-content\/uploads\/2025\/11\/4770168151314.png?resize=350%2C200&ssl=1","width":350,"height":200,"srcset":"https:\/\/i0.wp.com\/indoorgarden.ee\/wp-content\/uploads\/2025\/11\/4770168151314.png?resize=350%2C200&ssl=1 1x, https:\/\/i0.wp.com\/indoorgarden.ee\/wp-content\/uploads\/2025\/11\/4770168151314.png?resize=525%2C300&ssl=1 1.5x, https:\/\/i0.wp.com\/indoorgarden.ee\/wp-content\/uploads\/2025\/11\/4770168151314.png?resize=700%2C400&ssl=1 2x"},"classes":[]},{"id":2287,"url":"https:\/\/indoorgarden.ee\/et\/toode\/aedsalat-salad-bowl-seemned-kiiresti-kasvav-lehtsalat-hudropoonikas-ja-nutiaedades-kasvatamiseks\/","url_meta":{"origin":5220,"position":3},"title":"Mahe lehtsalati \u2018Salad Bowl\u2019 seemned \u2013 kiirelt kasvav sort h\u00fcdropoonikasse ja nutiaeda","author":"admin","date":"18. nov. 2025","format":false,"excerpt":"Mahe lehtsalati \u2018Salad Bowl\u2019 seemned. Kiirelt kasvav, korduvalt korjatav sort \u2013 l\u00f5ika lehed ja taim kasvab uuesti tagasi.","rel":"","context":"Similar post","block_context":{"text":"Similar post","link":""},"img":{"alt_text":"","src":"https:\/\/i0.wp.com\/indoorgarden.ee\/wp-content\/uploads\/2025\/11\/4770168151611.png?resize=350%2C200&ssl=1","width":350,"height":200},"classes":[]},{"id":1338,"url":"https:\/\/indoorgarden.ee\/et\/toode\/lehtsalat-grand-rapids-pearl-gem-f1-seemned-vaga-varajane-haiguskindel-sort-smart-indoor-hydroponic-gardenile-0-5g\/","url_meta":{"origin":5220,"position":4},"title":"Lehtsalati \u2018Grand Rapids Pearl Gem\u2019 F1 seemned \u2013 v\u00e4ga varajane haiguskindel sort h\u00fcdropoonikale ja nutiaeda \u2013 0,5 g","author":"admin","date":"29. juuli 2025","format":false,"excerpt":"Lehtsalati \u2018Grand Rapids Pearl Gem\u2019 F1 seemned 0,5 g. V\u00e4ga varajane, haiguskindel h\u00fcbriidsort \u2013 sobib h\u00fcdropoonikale, nutiaiale ja aknalauale.","rel":"","context":"Similar post","block_context":{"text":"Similar post","link":""},"img":{"alt_text":"","src":"https:\/\/i0.wp.com\/indoorgarden.ee\/wp-content\/uploads\/2025\/07\/product-42200_0-14058770.jpg?resize=350%2C200&ssl=1","width":350,"height":200,"srcset":"https:\/\/i0.wp.com\/indoorgarden.ee\/wp-content\/uploads\/2025\/07\/product-42200_0-14058770.jpg?resize=350%2C200&ssl=1 1x, https:\/\/i0.wp.com\/indoorgarden.ee\/wp-content\/uploads\/2025\/07\/product-42200_0-14058770.jpg?resize=525%2C300&ssl=1 1.5x, https:\/\/i0.wp.com\/indoorgarden.ee\/wp-content\/uploads\/2025\/07\/product-42200_0-14058770.jpg?resize=700%2C400&ssl=1 2x"},"classes":[]},{"id":5224,"url":"https:\/\/indoorgarden.ee\/et\/toode\/rosmariin-mitmeaastane-ravim-ja-dekoratiivurt-kuni-50-cm\/","url_meta":{"origin":5220,"position":5},"title":"Rosmariin \u2013 mitmeaastane ravim- ja dekoratiiv\u00fcrt kuni 50 cm","author":"admin","date":"22. veebr. 2026","format":false,"excerpt":"Rosmariin \u2013 kvaliteetne valik IndoorGarden-i sortimendist. Sobib sisetingimustes taimede kasvatamiseks ja taimehoolduseks. Kellele sobib Sobib taimes\u00f5pradele, kes kasvatavad sisetingimustes \u00fcrte, salatit, k\u00f6\u00f6givilju v\u00f5i toataimi. IndoorGarden-i sortimendis leiad kogu vajaliku oma sisekasvatuse jaoks. Hooldus J\u00e4rgi tootja juhiseid parimaks tulemuseks. Aastaringne saatmine \u00fcle Eesti ja eestikeelne klienditugi.","rel":"","context":"Similar post","block_context":{"text":"Similar post","link":""},"img":{"alt_text":"","src":"https:\/\/i0.wp.com\/indoorgarden.ee\/wp-content\/uploads\/2026\/02\/rosemary.jpg?resize=350%2C200&ssl=1","width":350,"height":200},"classes":[]}],"_links":{"self":[{"href":"https:\/\/indoorgarden.ee\/et\/wp-json\/wp\/v2\/product\/5220","targetHints":{"allow":["GET"]}}],"collection":[{"href":"https:\/\/indoorgarden.ee\/et\/wp-json\/wp\/v2\/product"}],"about":[{"href":"https:\/\/indoorgarden.ee\/et\/wp-json\/wp\/v2\/types\/product"}],"replies":[{"embeddable":true,"href":"https:\/\/indoorgarden.ee\/et\/wp-json\/wp\/v2\/comments?post=5220"}],"wp:featuredmedia":[{"embeddable":true,"href":"https:\/\/indoorgarden.ee\/et\/wp-json\/wp\/v2\/media\/3963"}],"wp:attachment":[{"href":"https:\/\/indoorgarden.ee\/et\/wp-json\/wp\/v2\/media?parent=5220"}],"wp:term":[{"taxonomy":"product_brand","embeddable":true,"href":"https:\/\/indoorgarden.ee\/et\/wp-json\/wp\/v2\/product_brand?post=5220"},{"taxonomy":"product_cat","embeddable":true,"href":"https:\/\/indoorgarden.ee\/et\/wp-json\/wp\/v2\/product_cat?post=5220"},{"taxonomy":"product_tag","embeddable":true,"href":"https:\/\/indoorgarden.ee\/et\/wp-json\/wp\/v2\/product_tag?post=5220"}],"curies":[{"name":"wp","href":"https:\/\/api.w.org\/{rel}","templated":true}]}}