{"id":5217,"date":"2026-02-22T11:54:58","date_gmt":"2026-02-22T09:54:58","guid":{"rendered":"https:\/\/indoorgarden.ee\/product\/mahedad-aedkummeli-seemned-uheaastane-ravim-ja-iluaialill\/"},"modified":"2026-04-27T09:17:05","modified_gmt":"2026-04-27T06:17:05","slug":"mahedad-aedkummeli-seemned-uheaastane-ravim-ja-iluaialill","status":"publish","type":"product","link":"https:\/\/indoorgarden.ee\/et\/toode\/mahedad-aedkummeli-seemned-uheaastane-ravim-ja-iluaialill\/","title":{"rendered":"Mahedad aedkummeli seemned \u2013 \u00fcheaastane ravim- ja iluaialill"},"content":{"rendered":"<p>Mahedad aedkummeli seemned \u2013 kvaliteetsed seemned h\u00fcdropoonikale, nutiaiale ja sisetingimuste kasvatamisele. Sobivad nii algajatele kui kogenud kasvatajatele.<\/p>\n<h3>Kasvatamine<\/h3>\n<p>K\u00fclva seemned otse h\u00fcdropoonika kasvuk\u00e4sna sisse v\u00f5i mullaga t\u00e4idetud potti. Hoia niiskust \u00fchtlasena kuni idanemiseni. Sobib kasvatamiseks aastaringselt kunstvalguses v\u00f5i suvel ka aknalaual.<\/p>\n<h3>Hooldus<\/h3>\n<p>Vajab \u00fchtlast niiskust, head valgustust (v\u00e4hemalt 12\u201314 tundi p\u00e4evas talvel) ja sobivaid toitaineid. Saaki saab korjata vastavalt sordile ja tingimustele.<\/p>\n<p>IndoorGarden-ist leiad kvaliteetsed seemned ja k\u00f5ik vajaliku oma sisekasvatuse alustamiseks.<\/p>\n","protected":false},"excerpt":{"rendered":"<p>Mahedad aedkummeli seemned \u2013 kvaliteetsed seemned h\u00fcdropoonikale, nutiaiale ja sisetingimuste kasvatamisele. Sobivad nii algajatele kui kogenud kasvatajatele. Kasvatamine K\u00fclva seemned otse h\u00fcdropoonika kasvuk\u00e4sna sisse v\u00f5i mullaga t\u00e4idetud potti. Hoia niiskust \u00fchtlasena kuni idanemiseni. Sobib kasvatamiseks aastaringselt kunstvalguses v\u00f5i suvel ka aknalaual. Hooldus Vajab \u00fchtlast niiskust, head valgustust (v\u00e4hemalt 12\u201314 tundi p\u00e4evas talvel) ja sobivaid toitaineid. [&hellip;]<\/p>\n","protected":false},"featured_media":3975,"comment_status":"open","ping_status":"closed","template":"","meta":[],"product_brand":[237],"product_cat":[103],"product_tag":[],"class_list":{"0":"post-5217","1":"product","2":"type-product","3":"status-publish","4":"has-post-thumbnail","6":"product_brand-organic-way-et","7":"product_cat-urdi-seemned","8":"pa_indoor-garden-seeds-kummel","9":"pa_seed-type-mahedad-seemned","11":"first","12":"instock","13":"taxable","14":"shipping-taxable","15":"purchasable","16":"product-type-simple"},"jetpack_sharing_enabled":true,"jetpack-related-posts":[{"id":5214,"url":"https:\/\/indoorgarden.ee\/et\/toode\/mahedad-inglise-lavendli-seemned-mitmeaastane-kulinaarne-ja-iluaialill\/","url_meta":{"origin":5217,"position":0},"title":"Mahedad inglise lavendli seemned \u2013 mitmeaastane kulinaarne ja iluaialill","author":"admin","date":"22. veebr. 2026","format":false,"excerpt":"Mahedad inglise lavendli seemned \u2013 kvaliteetsed seemned h\u00fcdropoonikale, nutiaiale ja sisetingimuste kasvatamisele. Sobivad nii algajatele kui kogenud kasvatajatele. Kasvatamine K\u00fclva seemned otse h\u00fcdropoonika kasvuk\u00e4sna sisse v\u00f5i mullaga t\u00e4idetud potti. Hoia niiskust \u00fchtlasena kuni idanemiseni. Sobib kasvatamiseks aastaringselt kunstvalguses v\u00f5i suvel ka aknalaual. Hooldus Vajab \u00fchtlast niiskust, head valgustust (v\u00e4hemalt 12\u201314\u2026","rel":"","context":"Similar post","block_context":{"text":"Similar post","link":""},"img":{"alt_text":"","src":"https:\/\/i0.wp.com\/indoorgarden.ee\/wp-content\/uploads\/2026\/02\/english-lavender-english.png?resize=350%2C200&ssl=1","width":350,"height":200},"classes":[]},{"id":5241,"url":"https:\/\/indoorgarden.ee\/et\/toode\/mahedad-magus-basiiliku-thai-seemned-aromaatne-uheaastane-kulinaarne-taim-peenardele-ja-aknalauale\/","url_meta":{"origin":5217,"position":1},"title":"Mahedad magus basiiliku \u2018Thai\u2019 seemned \u2013 aromaatne \u00fcheaastane kulinaarne taim peenardele ja aknalauale","author":"admin","date":"22. veebr. 2026","format":false,"excerpt":"Mahedad magus basiiliku \u2018Thai\u2019 seemned \u2013 kvaliteetsed seemned h\u00fcdropoonikale, nutiaiale ja sisetingimuste kasvatamisele. Sobivad nii algajatele kui kogenud kasvatajatele. Kasvatamine K\u00fclva seemned otse h\u00fcdropoonika kasvuk\u00e4sna sisse v\u00f5i mullaga t\u00e4idetud potti. Hoia niiskust \u00fchtlasena kuni idanemiseni. Sobib kasvatamiseks aastaringselt kunstvalguses v\u00f5i suvel ka aknalaual. Hooldus Vajab \u00fchtlast niiskust, head valgustust (v\u00e4hemalt\u2026","rel":"","context":"Similar post","block_context":{"text":"Similar post","link":""},"img":{"alt_text":"","src":"https:\/\/i0.wp.com\/indoorgarden.ee\/wp-content\/uploads\/2026\/02\/sweet-basil-thai.png?resize=350%2C200&ssl=1","width":350,"height":200},"classes":[]},{"id":5242,"url":"https:\/\/indoorgarden.ee\/et\/toode\/mahedad-magus-basiiliku-dark-opal-seemned-aromaatne-uheaastane-kulinaarne-ja-ravimtaim\/","url_meta":{"origin":5217,"position":2},"title":"Mahedad magus basiiliku \u2018Dark Opal\u2019 seemned \u2013 aromaatne \u00fcheaastane kulinaarne ja ravimtaim","author":"admin","date":"22. veebr. 2026","format":false,"excerpt":"Mahedad magus basiiliku \u2018Dark Opal\u2019 seemned \u2013 kvaliteetsed seemned h\u00fcdropoonikale, nutiaiale ja sisetingimuste kasvatamisele. Sobivad nii algajatele kui kogenud kasvatajatele. Kasvatamine K\u00fclva seemned otse h\u00fcdropoonika kasvuk\u00e4sna sisse v\u00f5i mullaga t\u00e4idetud potti. Hoia niiskust \u00fchtlasena kuni idanemiseni. Sobib kasvatamiseks aastaringselt kunstvalguses v\u00f5i suvel ka aknalaual. Hooldus Vajab \u00fchtlast niiskust, head valgustust\u2026","rel":"","context":"Similar post","block_context":{"text":"Similar post","link":""},"img":{"alt_text":"","src":"https:\/\/i0.wp.com\/indoorgarden.ee\/wp-content\/uploads\/2026\/02\/sweet-basil-dark-opal.png?resize=350%2C200&ssl=1","width":350,"height":200},"classes":[]},{"id":5232,"url":"https:\/\/indoorgarden.ee\/et\/toode\/mahedad-tsillipipra-cayenne-long-slim-seemned-varajane-terav-30-000-50-000-shu\/","url_meta":{"origin":5217,"position":3},"title":"Mahedad t\u0161illipipra \u2018Cayenne Long Slim\u2019 seemned \u2013 varajane terav 30 000\u201350 000 SHU","author":"admin","date":"22. veebr. 2026","format":false,"excerpt":"Mahedad t\u0161illipipra \u2018Cayenne Long Slim\u2019 seemned \u2013 kvaliteetsed seemned h\u00fcdropoonikale, nutiaiale ja sisetingimuste kasvatamisele. Sobivad nii algajatele kui kogenud kasvatajatele. Kasvatamine K\u00fclva seemned otse h\u00fcdropoonika kasvuk\u00e4sna sisse v\u00f5i mullaga t\u00e4idetud potti. Hoia niiskust \u00fchtlasena kuni idanemiseni. Sobib kasvatamiseks aastaringselt kunstvalguses v\u00f5i suvel ka aknalaual. Hooldus Vajab \u00fchtlast niiskust, head valgustust\u2026","rel":"","context":"Similar post","block_context":{"text":"Similar post","link":""},"img":{"alt_text":"","src":"https:\/\/i0.wp.com\/indoorgarden.ee\/wp-content\/uploads\/2026\/02\/pepper-hot-cayenne-long-slim.png?resize=350%2C200&ssl=1","width":350,"height":200},"classes":[]},{"id":1316,"url":"https:\/\/indoorgarden.ee\/et\/toode\/orgaanilised-redise-idanevad-seemned-vurtsikad-mikrokoogiviljad-salatite-ja-voileibade-jaoks-lihtne-siseruumide-supertoit-20g-vilmorin\/","url_meta":{"origin":5217,"position":4},"title":"Mahedad redise seemned idandamiseks \u2013 terav mikrov\u00f5rse salatitele ja v\u00f5ileibadele","author":"admin","date":"31. juuli 2025","format":false,"excerpt":"Mahedad redise seemned idandamiseks. Maitsev terav mikrov\u00f5rse, mis kasvab kodus lihtsalt. Vilmorini kvaliteet, sobib idupurkidele.","rel":"","context":"Similar post","block_context":{"text":"Similar post","link":""},"img":{"alt_text":"","src":"https:\/\/i0.wp.com\/indoorgarden.ee\/wp-content\/uploads\/2025\/07\/product-153675_0-VC554.jpg?resize=350%2C200&ssl=1","width":350,"height":200,"srcset":"https:\/\/i0.wp.com\/indoorgarden.ee\/wp-content\/uploads\/2025\/07\/product-153675_0-VC554.jpg?resize=350%2C200&ssl=1 1x, https:\/\/i0.wp.com\/indoorgarden.ee\/wp-content\/uploads\/2025\/07\/product-153675_0-VC554.jpg?resize=525%2C300&ssl=1 1.5x, https:\/\/i0.wp.com\/indoorgarden.ee\/wp-content\/uploads\/2025\/07\/product-153675_0-VC554.jpg?resize=700%2C400&ssl=1 2x"},"classes":[]},{"id":1321,"url":"https:\/\/indoorgarden.ee\/et\/toode\/orgaanilised-laatsede-idanemistega-seemned-toitaineterikas-supertoit-siseruumides-kasvatamiseks-ja-mikrokultuuride-kasvatamiseks-lihtne-kodus-idanemistega-20g-vilmorin\/","url_meta":{"origin":5217,"position":5},"title":"Mahedad l\u00e4\u00e4tseseemned idandamiseks \u2013 toitainerikas superfood mikrov\u00f5rsetele","author":"admin","date":"31. juuli 2025","format":false,"excerpt":"Mahedad l\u00e4\u00e4tseseemned idandamiseks. \u00dcks lihtsamaid ja toitainerikkamaid superfoode kodus kasvatamiseks. Vilmorini kvaliteet, sobib idupurkidele.","rel":"","context":"Similar post","block_context":{"text":"Similar post","link":""},"img":{"alt_text":"","src":"https:\/\/i0.wp.com\/indoorgarden.ee\/wp-content\/uploads\/2025\/07\/product-154451_0-VC555.jpg?resize=350%2C200&ssl=1","width":350,"height":200,"srcset":"https:\/\/i0.wp.com\/indoorgarden.ee\/wp-content\/uploads\/2025\/07\/product-154451_0-VC555.jpg?resize=350%2C200&ssl=1 1x, https:\/\/i0.wp.com\/indoorgarden.ee\/wp-content\/uploads\/2025\/07\/product-154451_0-VC555.jpg?resize=525%2C300&ssl=1 1.5x, https:\/\/i0.wp.com\/indoorgarden.ee\/wp-content\/uploads\/2025\/07\/product-154451_0-VC555.jpg?resize=700%2C400&ssl=1 2x"},"classes":[]}],"_links":{"self":[{"href":"https:\/\/indoorgarden.ee\/et\/wp-json\/wp\/v2\/product\/5217","targetHints":{"allow":["GET"]}}],"collection":[{"href":"https:\/\/indoorgarden.ee\/et\/wp-json\/wp\/v2\/product"}],"about":[{"href":"https:\/\/indoorgarden.ee\/et\/wp-json\/wp\/v2\/types\/product"}],"replies":[{"embeddable":true,"href":"https:\/\/indoorgarden.ee\/et\/wp-json\/wp\/v2\/comments?post=5217"}],"wp:featuredmedia":[{"embeddable":true,"href":"https:\/\/indoorgarden.ee\/et\/wp-json\/wp\/v2\/media\/3975"}],"wp:attachment":[{"href":"https:\/\/indoorgarden.ee\/et\/wp-json\/wp\/v2\/media?parent=5217"}],"wp:term":[{"taxonomy":"product_brand","embeddable":true,"href":"https:\/\/indoorgarden.ee\/et\/wp-json\/wp\/v2\/product_brand?post=5217"},{"taxonomy":"product_cat","embeddable":true,"href":"https:\/\/indoorgarden.ee\/et\/wp-json\/wp\/v2\/product_cat?post=5217"},{"taxonomy":"product_tag","embeddable":true,"href":"https:\/\/indoorgarden.ee\/et\/wp-json\/wp\/v2\/product_tag?post=5217"}],"curies":[{"name":"wp","href":"https:\/\/api.w.org\/{rel}","templated":true}]}}