{"id":5216,"date":"2026-02-22T11:55:00","date_gmt":"2026-02-22T09:55:00","guid":{"rendered":"https:\/\/indoorgarden.ee\/product\/piparmunt-mitmeaastane-lohnav-urt-varskeks-ja-kuivatatuks-kasutamiseks\/"},"modified":"2026-04-27T09:17:05","modified_gmt":"2026-04-27T06:17:05","slug":"piparmunt-mitmeaastane-lohnav-urt-varskeks-ja-kuivatatuks-kasutamiseks","status":"publish","type":"product","link":"https:\/\/indoorgarden.ee\/et\/toode\/piparmunt-mitmeaastane-lohnav-urt-varskeks-ja-kuivatatuks-kasutamiseks\/","title":{"rendered":"Piparm\u00fcnt \u2013 mitmeaastane l\u00f5hnav \u00fcrt v\u00e4rskeks ja kuivatatuks kasutamiseks"},"content":{"rendered":"<p>Piparm\u00fcnt \u2013 kvaliteetne valik IndoorGarden-i sortimendist. Sobib sisetingimustes taimede kasvatamiseks ja taimehoolduseks.<\/p>\n<h3>Kellele sobib<\/h3>\n<p>Sobib taimes\u00f5pradele, kes kasvatavad sisetingimustes \u00fcrte, salatit, k\u00f6\u00f6givilju v\u00f5i toataimi. IndoorGarden-i sortimendis leiad kogu vajaliku oma sisekasvatuse jaoks.<\/p>\n<h3>Hooldus<\/h3>\n<p>J\u00e4rgi tootja juhiseid parimaks tulemuseks. Aastaringne saatmine \u00fcle Eesti ja eestikeelne klienditugi.<\/p>\n","protected":false},"excerpt":{"rendered":"<p>Piparm\u00fcnt \u2013 kvaliteetne valik IndoorGarden-i sortimendist. Sobib sisetingimustes taimede kasvatamiseks ja taimehoolduseks. Kellele sobib Sobib taimes\u00f5pradele, kes kasvatavad sisetingimustes \u00fcrte, salatit, k\u00f6\u00f6givilju v\u00f5i toataimi. IndoorGarden-i sortimendis leiad kogu vajaliku oma sisekasvatuse jaoks. Hooldus J\u00e4rgi tootja juhiseid parimaks tulemuseks. Aastaringne saatmine \u00fcle Eesti ja eestikeelne klienditugi.<\/p>\n","protected":false},"featured_media":3977,"comment_status":"open","ping_status":"closed","template":"","meta":[],"product_brand":[240],"product_cat":[103],"product_tag":[],"class_list":{"0":"post-5216","1":"product","2":"type-product","3":"status-publish","4":"has-post-thumbnail","6":"product_brand-agronom","7":"product_cat-urdi-seemned","8":"pa_indoor-garden-seeds-piparmunt","10":"first","11":"instock","12":"taxable","13":"shipping-taxable","14":"purchasable","15":"product-type-simple"},"jetpack_sharing_enabled":true,"jetpack-related-posts":[{"id":5215,"url":"https:\/\/indoorgarden.ee\/et\/toode\/murulauk-keskmise-lehega-mitmeaastane-kulmakindel-urt\/","url_meta":{"origin":5216,"position":0},"title":"Murulauk keskmise lehega \u2013 mitmeaastane k\u00fclmakindel \u00fcrt","author":"admin","date":"22. veebr. 2026","format":false,"excerpt":"Murulauk keskmise lehega \u2013 kvaliteetne valik IndoorGarden-i sortimendist. Sobib sisetingimustes taimede kasvatamiseks ja taimehoolduseks. Kellele sobib Sobib taimes\u00f5pradele, kes kasvatavad sisetingimustes \u00fcrte, salatit, k\u00f6\u00f6givilju v\u00f5i toataimi. IndoorGarden-i sortimendis leiad kogu vajaliku oma sisekasvatuse jaoks. Hooldus J\u00e4rgi tootja juhiseid parimaks tulemuseks. Aastaringne saatmine \u00fcle Eesti ja eestikeelne klienditugi.","rel":"","context":"Similar post","block_context":{"text":"Similar post","link":""},"img":{"alt_text":"","src":"https:\/\/i0.wp.com\/indoorgarden.ee\/wp-content\/uploads\/2026\/02\/chives-medium-leaf.jpg?resize=350%2C200&ssl=1","width":350,"height":200},"classes":[]},{"id":5224,"url":"https:\/\/indoorgarden.ee\/et\/toode\/rosmariin-mitmeaastane-ravim-ja-dekoratiivurt-kuni-50-cm\/","url_meta":{"origin":5216,"position":1},"title":"Rosmariin \u2013 mitmeaastane ravim- ja dekoratiiv\u00fcrt kuni 50 cm","author":"admin","date":"22. veebr. 2026","format":false,"excerpt":"Rosmariin \u2013 kvaliteetne valik IndoorGarden-i sortimendist. Sobib sisetingimustes taimede kasvatamiseks ja taimehoolduseks. Kellele sobib Sobib taimes\u00f5pradele, kes kasvatavad sisetingimustes \u00fcrte, salatit, k\u00f6\u00f6givilju v\u00f5i toataimi. IndoorGarden-i sortimendis leiad kogu vajaliku oma sisekasvatuse jaoks. Hooldus J\u00e4rgi tootja juhiseid parimaks tulemuseks. Aastaringne saatmine \u00fcle Eesti ja eestikeelne klienditugi.","rel":"","context":"Similar post","block_context":{"text":"Similar post","link":""},"img":{"alt_text":"","src":"https:\/\/i0.wp.com\/indoorgarden.ee\/wp-content\/uploads\/2026\/02\/rosemary.jpg?resize=350%2C200&ssl=1","width":350,"height":200},"classes":[]},{"id":5233,"url":"https:\/\/indoorgarden.ee\/et\/toode\/mahe-aedsalvei-ravim-ja-dekoratiivurt-tugeva-aroomiga\/","url_meta":{"origin":5216,"position":2},"title":"Mahe aedsalvei \u2013 ravim- ja dekoratiiv\u00fcrt tugeva aroomiga","author":"admin","date":"22. veebr. 2026","format":false,"excerpt":"Mahe aedsalvei \u2013 kvaliteetne valik IndoorGarden-i sortimendist. Sobib sisetingimustes taimede kasvatamiseks ja taimehoolduseks. Kellele sobib Sobib taimes\u00f5pradele, kes kasvatavad sisetingimustes \u00fcrte, salatit, k\u00f6\u00f6givilju v\u00f5i toataimi. IndoorGarden-i sortimendis leiad kogu vajaliku oma sisekasvatuse jaoks. Hooldus J\u00e4rgi tootja juhiseid parimaks tulemuseks. Aastaringne saatmine \u00fcle Eesti ja eestikeelne klienditugi.","rel":"","context":"Similar post","block_context":{"text":"Similar post","link":""},"img":{"alt_text":"","src":"https:\/\/i0.wp.com\/indoorgarden.ee\/wp-content\/uploads\/2026\/02\/garden-sage.png?resize=350%2C200&ssl=1","width":350,"height":200},"classes":[]},{"id":5221,"url":"https:\/\/indoorgarden.ee\/et\/toode\/rukolasalat-kiirelt-kasvav-lehtkoogivili-pahklise-maitsega\/","url_meta":{"origin":5216,"position":3},"title":"Rukolasalat \u2013 kiirelt kasvav lehtk\u00f6\u00f6givili p\u00e4hklise maitsega","author":"admin","date":"22. veebr. 2026","format":false,"excerpt":"Rukolasalat \u2013 kvaliteetne valik IndoorGarden-i sortimendist. Sobib sisetingimustes taimede kasvatamiseks ja taimehoolduseks. Kellele sobib Sobib taimes\u00f5pradele, kes kasvatavad sisetingimustes \u00fcrte, salatit, k\u00f6\u00f6givilju v\u00f5i toataimi. IndoorGarden-i sortimendis leiad kogu vajaliku oma sisekasvatuse jaoks. Hooldus J\u00e4rgi tootja juhiseid parimaks tulemuseks. Aastaringne saatmine \u00fcle Eesti ja eestikeelne klienditugi.","rel":"","context":"Similar post","block_context":{"text":"Similar post","link":""},"img":{"alt_text":"","src":"https:\/\/i0.wp.com\/indoorgarden.ee\/wp-content\/uploads\/2026\/02\/rocket-salad-rucola.jpg?resize=350%2C200&ssl=1","width":350,"height":200},"classes":[]},{"id":5234,"url":"https:\/\/indoorgarden.ee\/et\/toode\/tomat-gartenperle-korgesaagikas-dekoratiivne-kirsstomati-sort\/","url_meta":{"origin":5216,"position":4},"title":"Tomat \u2018Gartenperle\u2019 \u2013 k\u00f5rgesaagikas dekoratiivne kirsstomati sort","author":"admin","date":"22. veebr. 2026","format":false,"excerpt":"Tomat \u2018Gartenperle\u2019 \u2013 kvaliteetne valik IndoorGarden-i sortimendist. Sobib sisetingimustes taimede kasvatamiseks ja taimehoolduseks. Kellele sobib Sobib taimes\u00f5pradele, kes kasvatavad sisetingimustes \u00fcrte, salatit, k\u00f6\u00f6givilju v\u00f5i toataimi. IndoorGarden-i sortimendis leiad kogu vajaliku oma sisekasvatuse jaoks. Hooldus J\u00e4rgi tootja juhiseid parimaks tulemuseks. Aastaringne saatmine \u00fcle Eesti ja eestikeelne klienditugi.","rel":"","context":"Similar post","block_context":{"text":"Similar post","link":""},"img":{"alt_text":"","src":"https:\/\/i0.wp.com\/indoorgarden.ee\/wp-content\/uploads\/2026\/02\/tomato-gartenperle.png?resize=350%2C200&ssl=1","width":350,"height":200},"classes":[]},{"id":5208,"url":"https:\/\/indoorgarden.ee\/et\/toode\/saatmiskulu-tsoon-2\/","url_meta":{"origin":5216,"position":5},"title":"Saatmiskulu Tsoon 2","author":"admin","date":"11. m\u00e4rts 2026","format":false,"excerpt":"Saatmiskulu Tsoon 2 \u2013 kvaliteetne valik IndoorGarden-i sortimendist. Sobib sisetingimustes taimede kasvatamiseks ja taimehoolduseks. Kellele sobib Sobib taimes\u00f5pradele, kes kasvatavad sisetingimustes \u00fcrte, salatit, k\u00f6\u00f6givilju v\u00f5i toataimi. IndoorGarden-i sortimendis leiad kogu vajaliku oma sisekasvatuse jaoks. Hooldus J\u00e4rgi tootja juhiseid parimaks tulemuseks. Aastaringne saatmine \u00fcle Eesti ja eestikeelne klienditugi.","rel":"","context":"Similar post","block_context":{"text":"Similar post","link":""},"img":{"alt_text":"","src":"","width":0,"height":0},"classes":[]}],"_links":{"self":[{"href":"https:\/\/indoorgarden.ee\/et\/wp-json\/wp\/v2\/product\/5216","targetHints":{"allow":["GET"]}}],"collection":[{"href":"https:\/\/indoorgarden.ee\/et\/wp-json\/wp\/v2\/product"}],"about":[{"href":"https:\/\/indoorgarden.ee\/et\/wp-json\/wp\/v2\/types\/product"}],"replies":[{"embeddable":true,"href":"https:\/\/indoorgarden.ee\/et\/wp-json\/wp\/v2\/comments?post=5216"}],"wp:featuredmedia":[{"embeddable":true,"href":"https:\/\/indoorgarden.ee\/et\/wp-json\/wp\/v2\/media\/3977"}],"wp:attachment":[{"href":"https:\/\/indoorgarden.ee\/et\/wp-json\/wp\/v2\/media?parent=5216"}],"wp:term":[{"taxonomy":"product_brand","embeddable":true,"href":"https:\/\/indoorgarden.ee\/et\/wp-json\/wp\/v2\/product_brand?post=5216"},{"taxonomy":"product_cat","embeddable":true,"href":"https:\/\/indoorgarden.ee\/et\/wp-json\/wp\/v2\/product_cat?post=5216"},{"taxonomy":"product_tag","embeddable":true,"href":"https:\/\/indoorgarden.ee\/et\/wp-json\/wp\/v2\/product_tag?post=5216"}],"curies":[{"name":"wp","href":"https:\/\/api.w.org\/{rel}","templated":true}]}}