{"id":5211,"date":"2026-02-23T09:48:44","date_gmt":"2026-02-23T07:48:44","guid":{"rendered":"https:\/\/indoorgarden.ee\/product\/letpot-ss-pro-tark-seemikute-idanduskomplekt-24-w-taisspektri-kasvulamp-ja-24-w-kuumutusplaat-apijuhitavusega\/"},"modified":"2026-04-27T09:16:59","modified_gmt":"2026-04-27T06:16:59","slug":"letpot-ss-pro-tark-seemikute-idanduskomplekt-24-w-taisspektri-kasvulamp-ja-24-w-kuumutusplaat-apijuhitavusega","status":"publish","type":"product","link":"https:\/\/indoorgarden.ee\/et\/toode\/letpot-ss-pro-tark-seemikute-idanduskomplekt-24-w-taisspektri-kasvulamp-ja-24-w-kuumutusplaat-apijuhitavusega\/","title":{"rendered":"LetPot SS-Pro tark seemikute idanduskomplekt \u2013 24 W t\u00e4isspektri kasvulamp ja 24 W kuumutusplaat \u00e4pijuhitavusega"},"content":{"rendered":"<p>LetPot SS-Pro tark seemikute idanduskomplekt \u2013 kvaliteetne valik IndoorGarden-i sortimendist. Sobib sisetingimustes taimede kasvatamiseks ja taimehoolduseks.<\/p>\n<h3>Kellele sobib<\/h3>\n<p>Sobib taimes\u00f5pradele, kes kasvatavad sisetingimustes \u00fcrte, salatit, k\u00f6\u00f6givilju v\u00f5i toataimi. IndoorGarden-i sortimendis leiad kogu vajaliku oma sisekasvatuse jaoks.<\/p>\n<h3>Hooldus<\/h3>\n<p>J\u00e4rgi tootja juhiseid parimaks tulemuseks. Aastaringne saatmine \u00fcle Eesti ja eestikeelne klienditugi.<\/p>\n","protected":false},"excerpt":{"rendered":"<p><strong>Temporarily Sold Out! Preorder now and get yours by 01-10 May!<\/strong><\/p>\n<p>LetPot SS-Pro smart seed starter kit with 24W full-spectrum grow light, 24W heated base, and real-time EC &amp; temperature monitoring. App and touchscreen controlled with adjustable humidity dome and stable \u00b11 \u00b0C heating precision. Designed for stronger, more uniform seedlings.<\/p>\n","protected":false},"featured_media":4019,"comment_status":"closed","ping_status":"closed","template":"","meta":[],"product_brand":[125],"product_cat":[114,115],"product_tag":[],"class_list":{"0":"post-5211","1":"product","2":"type-product","3":"status-publish","4":"has-post-thumbnail","6":"product_brand-letpot-et","7":"product_cat-nutiaiad","8":"product_cat-suuremad-nutiaiad","10":"first","11":"instock","12":"taxable","13":"shipping-taxable","14":"purchasable","15":"product-type-simple"},"jetpack_sharing_enabled":true,"jetpack-related-posts":[{"id":5320,"url":"https:\/\/indoorgarden.ee\/et\/toode\/letpot-tark-kasvulamp-toataimedele-100-w-taisspekter-api-ja-kaugjuhtimine-seisva-voi-rippuva-paigaldusega-el-adapter\/","url_meta":{"origin":5211,"position":0},"title":"LetPot tark kasvulamp toataimedele (100 W) \u2013 t\u00e4isspekter, \u00e4pi- ja kaugjuhtimine, seisva v\u00f5i rippuva paigaldusega (EL-adapter)","author":"admin","date":"29. jaan. 2026","format":false,"excerpt":"LetPot 100W smart grow light with full spectrum LEDs for indoor plants. App and remote controlled, height adjustable from approx. 10\u2013183 cm, with standing or hanging setup options. Provides even, powerful light coverage up to 60 \u00d7 90 cm for all plant growth stages.","rel":"","context":"Similar post","block_context":{"text":"Similar post","link":""},"img":{"alt_text":"","src":"https:\/\/i0.wp.com\/indoorgarden.ee\/wp-content\/uploads\/2026\/01\/LetPot_100_Watt_grow_lights_for_indoor_plant-1.webp?resize=350%2C200&ssl=1","width":350,"height":200,"srcset":"https:\/\/i0.wp.com\/indoorgarden.ee\/wp-content\/uploads\/2026\/01\/LetPot_100_Watt_grow_lights_for_indoor_plant-1.webp?resize=350%2C200&ssl=1 1x, https:\/\/i0.wp.com\/indoorgarden.ee\/wp-content\/uploads\/2026\/01\/LetPot_100_Watt_grow_lights_for_indoor_plant-1.webp?resize=525%2C300&ssl=1 1.5x, https:\/\/i0.wp.com\/indoorgarden.ee\/wp-content\/uploads\/2026\/01\/LetPot_100_Watt_grow_lights_for_indoor_plant-1.webp?resize=700%2C400&ssl=1 2x, https:\/\/i0.wp.com\/indoorgarden.ee\/wp-content\/uploads\/2026\/01\/LetPot_100_Watt_grow_lights_for_indoor_plant-1.webp?resize=1050%2C600&ssl=1 3x, https:\/\/i0.wp.com\/indoorgarden.ee\/wp-content\/uploads\/2026\/01\/LetPot_100_Watt_grow_lights_for_indoor_plant-1.webp?resize=1400%2C800&ssl=1 4x"},"classes":[]},{"id":5207,"url":"https:\/\/indoorgarden.ee\/et\/toode\/letpot-mini-urdiaia-stardikomplekt-taielik-hudropoonikakomplekt-mahedate-basiiliku-peterselli-ja-tilliseemnetega\/","url_meta":{"origin":5211,"position":1},"title":"LetPot Mini \u00fcrdiaia stardikomplekt \u2013 t\u00e4ielik h\u00fcdropoonikakomplekt mahedate basiiliku, peterselli ja tilliseemnetega","author":"admin","date":"25. m\u00e4rts 2026","format":false,"excerpt":"LetPot Mini \u00fcrdiaia stardikomplekt \u2013 kvaliteetne valik IndoorGarden-i sortimendist. Sobib sisetingimustes taimede kasvatamiseks ja taimehoolduseks. Kellele sobib Sobib taimes\u00f5pradele, kes kasvatavad sisetingimustes \u00fcrte, salatit, k\u00f6\u00f6givilju v\u00f5i toataimi. IndoorGarden-i sortimendis leiad kogu vajaliku oma sisekasvatuse jaoks. Hooldus J\u00e4rgi tootja juhiseid parimaks tulemuseks. Aastaringne saatmine \u00fcle Eesti ja eestikeelne klienditugi.","rel":"","context":"Similar post","block_context":{"text":"Similar post","link":""},"img":{"alt_text":"","src":"https:\/\/i0.wp.com\/indoorgarden.ee\/wp-content\/uploads\/2026\/03\/LetPot-Mini-Herb-Garden-Starter-Bundle-%E2%80%93-Complete-Hydroponic-Kit-with-Organic-Basil-Parsley-Dill-Seeds.png?resize=350%2C200&ssl=1","width":350,"height":200,"srcset":"https:\/\/i0.wp.com\/indoorgarden.ee\/wp-content\/uploads\/2026\/03\/LetPot-Mini-Herb-Garden-Starter-Bundle-%E2%80%93-Complete-Hydroponic-Kit-with-Organic-Basil-Parsley-Dill-Seeds.png?resize=350%2C200&ssl=1 1x, https:\/\/i0.wp.com\/indoorgarden.ee\/wp-content\/uploads\/2026\/03\/LetPot-Mini-Herb-Garden-Starter-Bundle-%E2%80%93-Complete-Hydroponic-Kit-with-Organic-Basil-Parsley-Dill-Seeds.png?resize=525%2C300&ssl=1 1.5x, https:\/\/i0.wp.com\/indoorgarden.ee\/wp-content\/uploads\/2026\/03\/LetPot-Mini-Herb-Garden-Starter-Bundle-%E2%80%93-Complete-Hydroponic-Kit-with-Organic-Basil-Parsley-Dill-Seeds.png?resize=700%2C400&ssl=1 2x, https:\/\/i0.wp.com\/indoorgarden.ee\/wp-content\/uploads\/2026\/03\/LetPot-Mini-Herb-Garden-Starter-Bundle-%E2%80%93-Complete-Hydroponic-Kit-with-Organic-Basil-Parsley-Dill-Seeds.png?resize=1050%2C600&ssl=1 3x"},"classes":[]},{"id":4016,"url":"https:\/\/indoorgarden.ee\/toode\/letpot-ss-pro-smart-seed-starter-kit-24w-full-spectrum-grow-light-24w-heated-base-with-app-control\/","url_meta":{"origin":5211,"position":2},"title":"LetPot SS-Pro Smart Seed Starter Kit \u2013 24W Full Spectrum Grow Light + 24W Heated Base with App Control","author":"admin","date":"23. veebr. 2026","format":false,"excerpt":"Temporarily Sold Out! Preorder now and get yours by 01-10 May! LetPot SS-Pro smart seed starter kit with 24W full-spectrum grow light, 24W heated base, and real-time EC & temperature monitoring. App and touchscreen controlled with adjustable humidity dome and stable \u00b11 \u00b0C heating precision. Designed for stronger, more uniform\u2026","rel":"","context":"Similar post","block_context":{"text":"Similar post","link":""},"img":{"alt_text":"","src":"https:\/\/i0.wp.com\/indoorgarden.ee\/wp-content\/uploads\/2026\/02\/SmartSeedStarterSS-Pro.webp?resize=350%2C200&ssl=1","width":350,"height":200,"srcset":"https:\/\/i0.wp.com\/indoorgarden.ee\/wp-content\/uploads\/2026\/02\/SmartSeedStarterSS-Pro.webp?resize=350%2C200&ssl=1 1x, https:\/\/i0.wp.com\/indoorgarden.ee\/wp-content\/uploads\/2026\/02\/SmartSeedStarterSS-Pro.webp?resize=525%2C300&ssl=1 1.5x, https:\/\/i0.wp.com\/indoorgarden.ee\/wp-content\/uploads\/2026\/02\/SmartSeedStarterSS-Pro.webp?resize=700%2C400&ssl=1 2x, https:\/\/i0.wp.com\/indoorgarden.ee\/wp-content\/uploads\/2026\/02\/SmartSeedStarterSS-Pro.webp?resize=1050%2C600&ssl=1 3x, https:\/\/i0.wp.com\/indoorgarden.ee\/wp-content\/uploads\/2026\/02\/SmartSeedStarterSS-Pro.webp?resize=1400%2C800&ssl=1 4x"},"classes":[]},{"id":1729,"url":"https:\/\/indoorgarden.ee\/et\/toode\/letpot-tugivarraste-ja-pimenduskatete-pakett\/","url_meta":{"origin":5211,"position":3},"title":"LetPot tugivardad ja pimenduskatted \u2013 t\u00e4iendav komplekt","author":"admin","date":"21. aug. 2025","format":false,"excerpt":"Tugivardad ja pimenduskatted LetPot nutiaedadele. Tugivardad hoiavad k\u00f5rgemad taimed p\u00fcsti, pimenduskatted varjavad veepaagi valguse eest, et v\u00e4ltida vetikate teket.","rel":"","context":"Similar post","block_context":{"text":"Similar post","link":""},"img":{"alt_text":"Toetusvardad ja pimenduskatete pakett","src":"https:\/\/i0.wp.com\/indoorgarden.ee\/wp-content\/uploads\/2025\/08\/LetPot-Supporting-Rods-and-Blackout-Covers-Package.webp?resize=350%2C200&ssl=1","width":350,"height":200,"srcset":"https:\/\/i0.wp.com\/indoorgarden.ee\/wp-content\/uploads\/2025\/08\/LetPot-Supporting-Rods-and-Blackout-Covers-Package.webp?resize=350%2C200&ssl=1 1x, https:\/\/i0.wp.com\/indoorgarden.ee\/wp-content\/uploads\/2025\/08\/LetPot-Supporting-Rods-and-Blackout-Covers-Package.webp?resize=525%2C300&ssl=1 1.5x, https:\/\/i0.wp.com\/indoorgarden.ee\/wp-content\/uploads\/2025\/08\/LetPot-Supporting-Rods-and-Blackout-Covers-Package.webp?resize=700%2C400&ssl=1 2x, https:\/\/i0.wp.com\/indoorgarden.ee\/wp-content\/uploads\/2025\/08\/LetPot-Supporting-Rods-and-Blackout-Covers-Package.webp?resize=1050%2C600&ssl=1 3x, https:\/\/i0.wp.com\/indoorgarden.ee\/wp-content\/uploads\/2025\/08\/LetPot-Supporting-Rods-and-Blackout-Covers-Package.webp?resize=1400%2C800&ssl=1 4x"},"classes":[]},{"id":1727,"url":"https:\/\/indoorgarden.ee\/et\/toode\/letpot-77-tk-vesiviljelussusteemi-asenduskomplekt-sobib-ainult-letpot-mini-jaoks\/","url_meta":{"origin":5211,"position":4},"title":"LetPot 77-osaline asendustaimepesade komplekt \u2013 ainult LetPot Mini mudelile","author":"admin","date":"21. aug. 2025","format":false,"excerpt":"77-osaline asenduskomplekt LetPot Mini nutiaiale. Sisaldab kasvuk\u00e4snu, korve ja toitaineid. Sobib ainult LetPot Mini mudelile.","rel":"","context":"Similar post","block_context":{"text":"Similar post","link":""},"img":{"alt_text":"LetPot Hydroponics kasvatuss\u00fcsteemi asenduspottide komplektid LetPot Mini jaoks","src":"https:\/\/i0.wp.com\/indoorgarden.ee\/wp-content\/uploads\/2025\/08\/LetPot-Hydroponics-Growing-System-Replacement-Pot-Kits-for-LetPot-Mini-1.jpg?resize=350%2C200&ssl=1","width":350,"height":200},"classes":[]},{"id":807,"url":"https:\/\/indoorgarden.ee\/et\/toode\/letpot-nutikas-temperatuuri-ja-ec-mootja-hudropoonilise-siseaia-jaoks\/","url_meta":{"origin":5211,"position":5},"title":"LetPot tark temperatuuri- ja EC-m\u00f5\u00f5dik \u2013 h\u00fcdropoonikale","author":"admin","date":"23. juuli 2025","format":false,"excerpt":"Tark m\u00f5\u00f5dik, mis j\u00e4lgib h\u00fcdropoonika lahuse temperatuuri ja elektrijuhtivust (EC) reaalajas. Andmed \u00e4pis \u2013 sa n\u00e4ed kohe, kas s\u00fcsteem t\u00f6\u00f6tab nagu vaja.","rel":"","context":"Similar post","block_context":{"text":"Similar post","link":""},"img":{"alt_text":"","src":"https:\/\/i0.wp.com\/indoorgarden.ee\/wp-content\/uploads\/2025\/07\/EC_meter_with_app.jpg?resize=350%2C200&ssl=1","width":350,"height":200,"srcset":"https:\/\/i0.wp.com\/indoorgarden.ee\/wp-content\/uploads\/2025\/07\/EC_meter_with_app.jpg?resize=350%2C200&ssl=1 1x, https:\/\/i0.wp.com\/indoorgarden.ee\/wp-content\/uploads\/2025\/07\/EC_meter_with_app.jpg?resize=525%2C300&ssl=1 1.5x, https:\/\/i0.wp.com\/indoorgarden.ee\/wp-content\/uploads\/2025\/07\/EC_meter_with_app.jpg?resize=700%2C400&ssl=1 2x, https:\/\/i0.wp.com\/indoorgarden.ee\/wp-content\/uploads\/2025\/07\/EC_meter_with_app.jpg?resize=1050%2C600&ssl=1 3x, https:\/\/i0.wp.com\/indoorgarden.ee\/wp-content\/uploads\/2025\/07\/EC_meter_with_app.jpg?resize=1400%2C800&ssl=1 4x"},"classes":[]}],"_links":{"self":[{"href":"https:\/\/indoorgarden.ee\/et\/wp-json\/wp\/v2\/product\/5211","targetHints":{"allow":["GET"]}}],"collection":[{"href":"https:\/\/indoorgarden.ee\/et\/wp-json\/wp\/v2\/product"}],"about":[{"href":"https:\/\/indoorgarden.ee\/et\/wp-json\/wp\/v2\/types\/product"}],"replies":[{"embeddable":true,"href":"https:\/\/indoorgarden.ee\/et\/wp-json\/wp\/v2\/comments?post=5211"}],"wp:featuredmedia":[{"embeddable":true,"href":"https:\/\/indoorgarden.ee\/et\/wp-json\/wp\/v2\/media\/4019"}],"wp:attachment":[{"href":"https:\/\/indoorgarden.ee\/et\/wp-json\/wp\/v2\/media?parent=5211"}],"wp:term":[{"taxonomy":"product_brand","embeddable":true,"href":"https:\/\/indoorgarden.ee\/et\/wp-json\/wp\/v2\/product_brand?post=5211"},{"taxonomy":"product_cat","embeddable":true,"href":"https:\/\/indoorgarden.ee\/et\/wp-json\/wp\/v2\/product_cat?post=5211"},{"taxonomy":"product_tag","embeddable":true,"href":"https:\/\/indoorgarden.ee\/et\/wp-json\/wp\/v2\/product_tag?post=5211"}],"curies":[{"name":"wp","href":"https:\/\/api.w.org\/{rel}","templated":true}]}}