{"id":5209,"date":"2026-02-27T14:06:32","date_gmt":"2026-02-27T12:06:32","guid":{"rendered":"https:\/\/indoorgarden.ee\/product\/botanium-taimetoit-300-ml-taielik-toitelahus-botanium-nutipotile\/"},"modified":"2026-04-27T09:16:59","modified_gmt":"2026-04-27T06:16:59","slug":"botanium-taimetoit-300-ml-taielik-toitelahus-botanium-nutipotile","status":"publish","type":"product","link":"https:\/\/indoorgarden.ee\/et\/toode\/botanium-taimetoit-300-ml-taielik-toitelahus-botanium-nutipotile\/","title":{"rendered":"Botanium taimetoit 300 ml \u2013 t\u00e4ielik toitelahus Botanium nutipotile"},"content":{"rendered":"<p>Botanium taimetoit 300 ml \u2013 kvaliteetne taimetoit h\u00fcdropoonikale ja toataimedele. Tagab \u00fchtlase kasvu ja tervete taimede kasvatamise sisetingimustes.<\/p>\n<h3>Kasutamine<\/h3>\n<p>Lisa toiteainet veepakki vastavalt pakendile m\u00e4rgitud kogusele. Vahetage toitelahus regulaarselt parima saagikuse tagamiseks.<\/p>\n<h3>Kellele sobib<\/h3>\n<p>Sobib h\u00fcdropoonika nutiaedade omanikele ja k\u00f5ikidele, kes kasvatavad taimi sisetingimustes. IndoorGarden-ist leiad kogu vajaliku taimehoolduseks.<\/p>\n","protected":false},"excerpt":{"rendered":"<p>A complete, balanced nutrient solution made specifically for the Botanium self-watering planter. Supports all edible plants \u2014 herbs, lettuce, tomatoes, chilli, and strawberries \u2014 with one easy-to-dose formula. A measuring cup is included, and a single bottle lasts from 6 months to several years.<\/p>\n","protected":false},"featured_media":4075,"comment_status":"closed","ping_status":"closed","template":"","meta":[],"product_brand":[219],"product_cat":[148],"product_tag":[],"class_list":{"0":"post-5209","1":"product","2":"type-product","3":"status-publish","4":"has-post-thumbnail","6":"product_brand-botanium-et","7":"product_cat-nutiaia-vaetised","9":"first","10":"instock","11":"taxable","12":"shipping-taxable","13":"purchasable","14":"product-type-simple"},"jetpack_sharing_enabled":true,"jetpack-related-posts":[{"id":5255,"url":"https:\/\/indoorgarden.ee\/et\/toode\/citysens-mineraalne-taimetoit-300-ml-hudropoonikale-sise-ja-mullataimedele\/","url_meta":{"origin":5209,"position":0},"title":"CitySens mineraalne taimetoit \u2013 300 ml h\u00fcdropoonikale, sise- ja mullataimedele","author":"admin","date":"14. veebr. 2026","format":false,"excerpt":"CitySens mineraalne taimetoit \u2013 kvaliteetne taimetoit h\u00fcdropoonikale ja toataimedele. Tagab \u00fchtlase kasvu ja tervete taimede kasvatamise sisetingimustes. Kasutamine Lisa toiteainet veepakki vastavalt pakendile m\u00e4rgitud kogusele. Vahetage toitelahus regulaarselt parima saagikuse tagamiseks. Kellele sobib Sobib h\u00fcdropoonika nutiaedade omanikele ja k\u00f5ikidele, kes kasvatavad taimi sisetingimustes. IndoorGarden-ist leiad kogu vajaliku taimehoolduseks.","rel":"","context":"Similar post","block_context":{"text":"Similar post","link":""},"img":{"alt_text":"","src":"https:\/\/i0.wp.com\/indoorgarden.ee\/wp-content\/uploads\/2026\/02\/nutrientes_product_2.jpg?resize=350%2C200&ssl=1","width":350,"height":200,"srcset":"https:\/\/i0.wp.com\/indoorgarden.ee\/wp-content\/uploads\/2026\/02\/nutrientes_product_2.jpg?resize=350%2C200&ssl=1 1x, https:\/\/i0.wp.com\/indoorgarden.ee\/wp-content\/uploads\/2026\/02\/nutrientes_product_2.jpg?resize=525%2C300&ssl=1 1.5x, https:\/\/i0.wp.com\/indoorgarden.ee\/wp-content\/uploads\/2026\/02\/nutrientes_product_2.jpg?resize=700%2C400&ssl=1 2x"},"classes":[]},{"id":5225,"url":"https:\/\/indoorgarden.ee\/et\/toode\/vedel-orgaaniline-mineraalne-vaetis-1-l-universaalne-taimetoit\/","url_meta":{"origin":5209,"position":1},"title":"Vedel orgaaniline-mineraalne v\u00e4etis 1 L \u2013 universaalne taimetoit","author":"admin","date":"22. veebr. 2026","format":false,"excerpt":"Vedel orgaaniline-mineraalne v\u00e4etis 1 L \u2013 kvaliteetne taimetoit h\u00fcdropoonikale ja toataimedele. Tagab \u00fchtlase kasvu ja tervete taimede kasvatamise sisetingimustes. Kasutamine Lisa toiteainet veepakki vastavalt pakendile m\u00e4rgitud kogusele. Vahetage toitelahus regulaarselt parima saagikuse tagamiseks. Kellele sobib Sobib h\u00fcdropoonika nutiaedade omanikele ja k\u00f5ikidele, kes kasvatavad taimi sisetingimustes. IndoorGarden-ist leiad kogu vajaliku taimehoolduseks.","rel":"","context":"Similar post","block_context":{"text":"Similar post","link":""},"img":{"alt_text":"","src":"https:\/\/i0.wp.com\/indoorgarden.ee\/wp-content\/uploads\/2026\/02\/liquid-organic-mineral-fertilizer-all-purpose-fertilizer-1-l.png?resize=350%2C200&ssl=1","width":350,"height":200},"classes":[]},{"id":2142,"url":"https:\/\/indoorgarden.ee\/et\/toode\/botanium-orgaanilised-kirsstomati-seemned-kompaktne-kaabustomati-sort-sise-ja-nutiaedades-kasvatamiseks\/","url_meta":{"origin":5209,"position":2},"title":"Botanium mahedad kirsstomati seemned \u2013 kompaktne k\u00e4\u00e4bussort sisetingimuste h\u00fcdropoonikale","author":"admin","date":"2. sept. 2025","format":false,"excerpt":"Botanium mahedad kirsstomati seemned. Kompaktne k\u00e4\u00e4bussort, sobib eriti h\u00e4sti Botanium nutipotile ja teistele h\u00fcdropoonika s\u00fcsteemidele.","rel":"","context":"Similar post","block_context":{"text":"Similar post","link":""},"img":{"alt_text":"","src":"https:\/\/i0.wp.com\/indoorgarden.ee\/wp-content\/uploads\/2025\/09\/tomato_1800x1800.webp?resize=350%2C200&ssl=1","width":350,"height":200,"srcset":"https:\/\/i0.wp.com\/indoorgarden.ee\/wp-content\/uploads\/2025\/09\/tomato_1800x1800.webp?resize=350%2C200&ssl=1 1x, https:\/\/i0.wp.com\/indoorgarden.ee\/wp-content\/uploads\/2025\/09\/tomato_1800x1800.webp?resize=525%2C300&ssl=1 1.5x, https:\/\/i0.wp.com\/indoorgarden.ee\/wp-content\/uploads\/2025\/09\/tomato_1800x1800.webp?resize=700%2C400&ssl=1 2x"},"classes":[]},{"id":2141,"url":"https:\/\/indoorgarden.ee\/et\/toode\/botanium-orgaanilised-rukolaseemned-kiirekasvuline-ruca-siseruumide-hudropoonikasse\/","url_meta":{"origin":5209,"position":3},"title":"Botanium mahedad rukola \u2018Ruca\u2019 seemned \u2013 kiirelt kasvav sort sisetingimuste h\u00fcdropoonikale","author":"admin","date":"2. sept. 2025","format":false,"excerpt":"Botanium mahedad rukola \u2018Ruca\u2019 seemned. Kiire kasv, pisut teravam maitse kui tavarukolal \u2013 sobib salatisse ja v\u00f5ileivale.","rel":"","context":"Similar post","block_context":{"text":"Similar post","link":""},"img":{"alt_text":"","src":"https:\/\/i0.wp.com\/indoorgarden.ee\/wp-content\/uploads\/2025\/09\/ruca_1800x1800.webp?resize=350%2C200&ssl=1","width":350,"height":200,"srcset":"https:\/\/i0.wp.com\/indoorgarden.ee\/wp-content\/uploads\/2025\/09\/ruca_1800x1800.webp?resize=350%2C200&ssl=1 1x, https:\/\/i0.wp.com\/indoorgarden.ee\/wp-content\/uploads\/2025\/09\/ruca_1800x1800.webp?resize=525%2C300&ssl=1 1.5x, https:\/\/i0.wp.com\/indoorgarden.ee\/wp-content\/uploads\/2025\/09\/ruca_1800x1800.webp?resize=700%2C400&ssl=1 2x"},"classes":[]},{"id":1936,"url":"https:\/\/indoorgarden.ee\/et\/toode\/botanium-smart-hydroponic-pot-skandinaavia-disainiga-siseaed-automaatse-kastmisega\/","url_meta":{"origin":5209,"position":4},"title":"Botanium nutipott \u2013 Skandinaavia disainiga sisetingimuste h\u00fcdropooniline aed automaatse kastmisega","author":"admin","date":"2. sept. 2025","format":false,"excerpt":"Botanium nutipott. Skandinaavia disainiga h\u00fcdropooniline lauamudel, mis kastab taime automaatselt \u2013 sobib basiilikule, \u00fcrtidele ja v\u00e4ikestele toataimedele.","rel":"","context":"Similar post","block_context":{"text":"Similar post","link":""},"img":{"alt_text":"","src":"https:\/\/i0.wp.com\/indoorgarden.ee\/wp-content\/uploads\/2025\/09\/botanium-1_1800x1800.webp?resize=350%2C200&ssl=1","width":350,"height":200,"srcset":"https:\/\/i0.wp.com\/indoorgarden.ee\/wp-content\/uploads\/2025\/09\/botanium-1_1800x1800.webp?resize=350%2C200&ssl=1 1x, https:\/\/i0.wp.com\/indoorgarden.ee\/wp-content\/uploads\/2025\/09\/botanium-1_1800x1800.webp?resize=525%2C300&ssl=1 1.5x, https:\/\/i0.wp.com\/indoorgarden.ee\/wp-content\/uploads\/2025\/09\/botanium-1_1800x1800.webp?resize=700%2C400&ssl=1 2x, https:\/\/i0.wp.com\/indoorgarden.ee\/wp-content\/uploads\/2025\/09\/botanium-1_1800x1800.webp?resize=1050%2C600&ssl=1 3x"},"classes":[]},{"id":2143,"url":"https:\/\/indoorgarden.ee\/et\/toode\/botaniumi-orgaanilised-jalapeno-seemned-siseaedades-ja-hudropoonilistes-nutiaedades-kasvatamiseks\/","url_meta":{"origin":5209,"position":5},"title":"Botanium mahedad jalape\u00f1o t\u0161illi seemned \u2013 sisetingimuste h\u00fcdropoonikale ja nutiaedadele","author":"admin","date":"2. sept. 2025","format":false,"excerpt":"Botanium mahedad jalape\u00f1o t\u0161illi seemned. Mahe sort sees kasvatamiseks \u2013 sobib eriti h\u00e4sti Botanium nutipottidele ja teistele h\u00fcdropoonika s\u00fcsteemidele.","rel":"","context":"Similar post","block_context":{"text":"Similar post","link":""},"img":{"alt_text":"","src":"https:\/\/i0.wp.com\/indoorgarden.ee\/wp-content\/uploads\/2025\/09\/jalapeno_1800x1800.webp?resize=350%2C200&ssl=1","width":350,"height":200,"srcset":"https:\/\/i0.wp.com\/indoorgarden.ee\/wp-content\/uploads\/2025\/09\/jalapeno_1800x1800.webp?resize=350%2C200&ssl=1 1x, https:\/\/i0.wp.com\/indoorgarden.ee\/wp-content\/uploads\/2025\/09\/jalapeno_1800x1800.webp?resize=525%2C300&ssl=1 1.5x, https:\/\/i0.wp.com\/indoorgarden.ee\/wp-content\/uploads\/2025\/09\/jalapeno_1800x1800.webp?resize=700%2C400&ssl=1 2x"},"classes":[]}],"_links":{"self":[{"href":"https:\/\/indoorgarden.ee\/et\/wp-json\/wp\/v2\/product\/5209","targetHints":{"allow":["GET"]}}],"collection":[{"href":"https:\/\/indoorgarden.ee\/et\/wp-json\/wp\/v2\/product"}],"about":[{"href":"https:\/\/indoorgarden.ee\/et\/wp-json\/wp\/v2\/types\/product"}],"replies":[{"embeddable":true,"href":"https:\/\/indoorgarden.ee\/et\/wp-json\/wp\/v2\/comments?post=5209"}],"wp:featuredmedia":[{"embeddable":true,"href":"https:\/\/indoorgarden.ee\/et\/wp-json\/wp\/v2\/media\/4075"}],"wp:attachment":[{"href":"https:\/\/indoorgarden.ee\/et\/wp-json\/wp\/v2\/media?parent=5209"}],"wp:term":[{"taxonomy":"product_brand","embeddable":true,"href":"https:\/\/indoorgarden.ee\/et\/wp-json\/wp\/v2\/product_brand?post=5209"},{"taxonomy":"product_cat","embeddable":true,"href":"https:\/\/indoorgarden.ee\/et\/wp-json\/wp\/v2\/product_cat?post=5209"},{"taxonomy":"product_tag","embeddable":true,"href":"https:\/\/indoorgarden.ee\/et\/wp-json\/wp\/v2\/product_tag?post=5209"}],"curies":[{"name":"wp","href":"https:\/\/api.w.org\/{rel}","templated":true}]}}