{"id":5207,"date":"2026-03-25T16:03:34","date_gmt":"2026-03-25T14:03:34","guid":{"rendered":"https:\/\/indoorgarden.ee\/product\/letpot-mini-urdiaia-stardikomplekt-taielik-hudropoonikakomplekt-mahedate-basiiliku-peterselli-ja-tilliseemnetega\/"},"modified":"2026-04-27T09:16:59","modified_gmt":"2026-04-27T06:16:59","slug":"letpot-mini-urdiaia-stardikomplekt-taielik-hudropoonikakomplekt-mahedate-basiiliku-peterselli-ja-tilliseemnetega","status":"publish","type":"product","link":"https:\/\/indoorgarden.ee\/et\/toode\/letpot-mini-urdiaia-stardikomplekt-taielik-hudropoonikakomplekt-mahedate-basiiliku-peterselli-ja-tilliseemnetega\/","title":{"rendered":"LetPot Mini \u00fcrdiaia stardikomplekt \u2013 t\u00e4ielik h\u00fcdropoonikakomplekt mahedate basiiliku, peterselli ja tilliseemnetega"},"content":{"rendered":"<p>LetPot Mini \u00fcrdiaia stardikomplekt \u2013 kvaliteetne valik IndoorGarden-i sortimendist. Sobib sisetingimustes taimede kasvatamiseks ja taimehoolduseks.<\/p>\n<h3>Kellele sobib<\/h3>\n<p>Sobib taimes\u00f5pradele, kes kasvatavad sisetingimustes \u00fcrte, salatit, k\u00f6\u00f6givilju v\u00f5i toataimi. IndoorGarden-i sortimendis leiad kogu vajaliku oma sisekasvatuse jaoks.<\/p>\n<h3>Hooldus<\/h3>\n<p>J\u00e4rgi tootja juhiseid parimaks tulemuseks. Aastaringne saatmine \u00fcle Eesti ja eestikeelne klienditugi.<\/p>\n","protected":false},"excerpt":{"rendered":"<p>LetPot Mini \u00fcrdiaia stardikomplekt \u2013 kvaliteetne valik IndoorGarden-i sortimendist. Sobib sisetingimustes taimede kasvatamiseks ja taimehoolduseks. Kellele sobib Sobib taimes\u00f5pradele, kes kasvatavad sisetingimustes \u00fcrte, salatit, k\u00f6\u00f6givilju v\u00f5i toataimi. IndoorGarden-i sortimendis leiad kogu vajaliku oma sisekasvatuse jaoks. Hooldus J\u00e4rgi tootja juhiseid parimaks tulemuseks. Aastaringne saatmine \u00fcle Eesti ja eestikeelne klienditugi.<\/p>\n","protected":false},"featured_media":5056,"comment_status":"closed","ping_status":"closed","template":"","meta":[],"product_brand":[],"product_cat":[302],"product_tag":[],"class_list":{"0":"post-5207","1":"product","2":"type-product","3":"status-publish","4":"has-post-thumbnail","6":"product_cat-kingitused-alla-100-e","8":"first","9":"instock","10":"taxable","11":"shipping-taxable","12":"purchasable","13":"product-type-woosb"},"jetpack_sharing_enabled":true,"jetpack-related-posts":[{"id":5320,"url":"https:\/\/indoorgarden.ee\/et\/toode\/letpot-tark-kasvulamp-toataimedele-100-w-taisspekter-api-ja-kaugjuhtimine-seisva-voi-rippuva-paigaldusega-el-adapter\/","url_meta":{"origin":5207,"position":0},"title":"LetPot tark kasvulamp toataimedele (100 W) \u2013 t\u00e4isspekter, \u00e4pi- ja kaugjuhtimine, seisva v\u00f5i rippuva paigaldusega (EL-adapter)","author":"admin","date":"29. jaan. 2026","format":false,"excerpt":"LetPot 100W smart grow light with full spectrum LEDs for indoor plants. App and remote controlled, height adjustable from approx. 10\u2013183 cm, with standing or hanging setup options. Provides even, powerful light coverage up to 60 \u00d7 90 cm for all plant growth stages.","rel":"","context":"Similar post","block_context":{"text":"Similar post","link":""},"img":{"alt_text":"","src":"https:\/\/i0.wp.com\/indoorgarden.ee\/wp-content\/uploads\/2026\/01\/LetPot_100_Watt_grow_lights_for_indoor_plant-1.webp?resize=350%2C200&ssl=1","width":350,"height":200,"srcset":"https:\/\/i0.wp.com\/indoorgarden.ee\/wp-content\/uploads\/2026\/01\/LetPot_100_Watt_grow_lights_for_indoor_plant-1.webp?resize=350%2C200&ssl=1 1x, https:\/\/i0.wp.com\/indoorgarden.ee\/wp-content\/uploads\/2026\/01\/LetPot_100_Watt_grow_lights_for_indoor_plant-1.webp?resize=525%2C300&ssl=1 1.5x, https:\/\/i0.wp.com\/indoorgarden.ee\/wp-content\/uploads\/2026\/01\/LetPot_100_Watt_grow_lights_for_indoor_plant-1.webp?resize=700%2C400&ssl=1 2x, https:\/\/i0.wp.com\/indoorgarden.ee\/wp-content\/uploads\/2026\/01\/LetPot_100_Watt_grow_lights_for_indoor_plant-1.webp?resize=1050%2C600&ssl=1 3x, https:\/\/i0.wp.com\/indoorgarden.ee\/wp-content\/uploads\/2026\/01\/LetPot_100_Watt_grow_lights_for_indoor_plant-1.webp?resize=1400%2C800&ssl=1 4x"},"classes":[]},{"id":5211,"url":"https:\/\/indoorgarden.ee\/et\/toode\/letpot-ss-pro-tark-seemikute-idanduskomplekt-24-w-taisspektri-kasvulamp-ja-24-w-kuumutusplaat-apijuhitavusega\/","url_meta":{"origin":5207,"position":1},"title":"LetPot SS-Pro tark seemikute idanduskomplekt \u2013 24 W t\u00e4isspektri kasvulamp ja 24 W kuumutusplaat \u00e4pijuhitavusega","author":"admin","date":"23. veebr. 2026","format":false,"excerpt":"Temporarily Sold Out! Preorder now and get yours by 01-10 May! LetPot SS-Pro smart seed starter kit with 24W full-spectrum grow light, 24W heated base, and real-time EC & temperature monitoring. App and touchscreen controlled with adjustable humidity dome and stable \u00b11 \u00b0C heating precision. Designed for stronger, more uniform\u2026","rel":"","context":"Similar post","block_context":{"text":"Similar post","link":""},"img":{"alt_text":"","src":"https:\/\/i0.wp.com\/indoorgarden.ee\/wp-content\/uploads\/2026\/02\/SmartSeedStarterSS-Pro.webp?resize=350%2C200&ssl=1","width":350,"height":200,"srcset":"https:\/\/i0.wp.com\/indoorgarden.ee\/wp-content\/uploads\/2026\/02\/SmartSeedStarterSS-Pro.webp?resize=350%2C200&ssl=1 1x, https:\/\/i0.wp.com\/indoorgarden.ee\/wp-content\/uploads\/2026\/02\/SmartSeedStarterSS-Pro.webp?resize=525%2C300&ssl=1 1.5x, https:\/\/i0.wp.com\/indoorgarden.ee\/wp-content\/uploads\/2026\/02\/SmartSeedStarterSS-Pro.webp?resize=700%2C400&ssl=1 2x, https:\/\/i0.wp.com\/indoorgarden.ee\/wp-content\/uploads\/2026\/02\/SmartSeedStarterSS-Pro.webp?resize=1050%2C600&ssl=1 3x, https:\/\/i0.wp.com\/indoorgarden.ee\/wp-content\/uploads\/2026\/02\/SmartSeedStarterSS-Pro.webp?resize=1400%2C800&ssl=1 4x"},"classes":[]},{"id":1727,"url":"https:\/\/indoorgarden.ee\/et\/toode\/letpot-77-tk-vesiviljelussusteemi-asenduskomplekt-sobib-ainult-letpot-mini-jaoks\/","url_meta":{"origin":5207,"position":2},"title":"LetPot 77-osaline asendustaimepesade komplekt \u2013 ainult LetPot Mini mudelile","author":"admin","date":"21. aug. 2025","format":false,"excerpt":"77-osaline asenduskomplekt LetPot Mini nutiaiale. Sisaldab kasvuk\u00e4snu, korve ja toitaineid. Sobib ainult LetPot Mini mudelile.","rel":"","context":"Similar post","block_context":{"text":"Similar post","link":""},"img":{"alt_text":"LetPot Hydroponics kasvatuss\u00fcsteemi asenduspottide komplektid LetPot Mini jaoks","src":"https:\/\/i0.wp.com\/indoorgarden.ee\/wp-content\/uploads\/2025\/08\/LetPot-Hydroponics-Growing-System-Replacement-Pot-Kits-for-LetPot-Mini-1.jpg?resize=350%2C200&ssl=1","width":350,"height":200},"classes":[]},{"id":5224,"url":"https:\/\/indoorgarden.ee\/et\/toode\/rosmariin-mitmeaastane-ravim-ja-dekoratiivurt-kuni-50-cm\/","url_meta":{"origin":5207,"position":3},"title":"Rosmariin \u2013 mitmeaastane ravim- ja dekoratiiv\u00fcrt kuni 50 cm","author":"admin","date":"22. veebr. 2026","format":false,"excerpt":"Rosmariin \u2013 kvaliteetne valik IndoorGarden-i sortimendist. Sobib sisetingimustes taimede kasvatamiseks ja taimehoolduseks. Kellele sobib Sobib taimes\u00f5pradele, kes kasvatavad sisetingimustes \u00fcrte, salatit, k\u00f6\u00f6givilju v\u00f5i toataimi. IndoorGarden-i sortimendis leiad kogu vajaliku oma sisekasvatuse jaoks. Hooldus J\u00e4rgi tootja juhiseid parimaks tulemuseks. Aastaringne saatmine \u00fcle Eesti ja eestikeelne klienditugi.","rel":"","context":"Similar post","block_context":{"text":"Similar post","link":""},"img":{"alt_text":"","src":"https:\/\/i0.wp.com\/indoorgarden.ee\/wp-content\/uploads\/2026\/02\/rosemary.jpg?resize=350%2C200&ssl=1","width":350,"height":200},"classes":[]},{"id":5233,"url":"https:\/\/indoorgarden.ee\/et\/toode\/mahe-aedsalvei-ravim-ja-dekoratiivurt-tugeva-aroomiga\/","url_meta":{"origin":5207,"position":4},"title":"Mahe aedsalvei \u2013 ravim- ja dekoratiiv\u00fcrt tugeva aroomiga","author":"admin","date":"22. veebr. 2026","format":false,"excerpt":"Mahe aedsalvei \u2013 kvaliteetne valik IndoorGarden-i sortimendist. Sobib sisetingimustes taimede kasvatamiseks ja taimehoolduseks. Kellele sobib Sobib taimes\u00f5pradele, kes kasvatavad sisetingimustes \u00fcrte, salatit, k\u00f6\u00f6givilju v\u00f5i toataimi. IndoorGarden-i sortimendis leiad kogu vajaliku oma sisekasvatuse jaoks. Hooldus J\u00e4rgi tootja juhiseid parimaks tulemuseks. Aastaringne saatmine \u00fcle Eesti ja eestikeelne klienditugi.","rel":"","context":"Similar post","block_context":{"text":"Similar post","link":""},"img":{"alt_text":"","src":"https:\/\/i0.wp.com\/indoorgarden.ee\/wp-content\/uploads\/2026\/02\/garden-sage.png?resize=350%2C200&ssl=1","width":350,"height":200},"classes":[]},{"id":5216,"url":"https:\/\/indoorgarden.ee\/et\/toode\/piparmunt-mitmeaastane-lohnav-urt-varskeks-ja-kuivatatuks-kasutamiseks\/","url_meta":{"origin":5207,"position":5},"title":"Piparm\u00fcnt \u2013 mitmeaastane l\u00f5hnav \u00fcrt v\u00e4rskeks ja kuivatatuks kasutamiseks","author":"admin","date":"22. veebr. 2026","format":false,"excerpt":"Piparm\u00fcnt \u2013 kvaliteetne valik IndoorGarden-i sortimendist. Sobib sisetingimustes taimede kasvatamiseks ja taimehoolduseks. Kellele sobib Sobib taimes\u00f5pradele, kes kasvatavad sisetingimustes \u00fcrte, salatit, k\u00f6\u00f6givilju v\u00f5i toataimi. IndoorGarden-i sortimendis leiad kogu vajaliku oma sisekasvatuse jaoks. Hooldus J\u00e4rgi tootja juhiseid parimaks tulemuseks. Aastaringne saatmine \u00fcle Eesti ja eestikeelne klienditugi.","rel":"","context":"Similar post","block_context":{"text":"Similar post","link":""},"img":{"alt_text":"","src":"https:\/\/i0.wp.com\/indoorgarden.ee\/wp-content\/uploads\/2026\/02\/peppermint.jpg?resize=350%2C200&ssl=1","width":350,"height":200},"classes":[]}],"_links":{"self":[{"href":"https:\/\/indoorgarden.ee\/et\/wp-json\/wp\/v2\/product\/5207","targetHints":{"allow":["GET"]}}],"collection":[{"href":"https:\/\/indoorgarden.ee\/et\/wp-json\/wp\/v2\/product"}],"about":[{"href":"https:\/\/indoorgarden.ee\/et\/wp-json\/wp\/v2\/types\/product"}],"replies":[{"embeddable":true,"href":"https:\/\/indoorgarden.ee\/et\/wp-json\/wp\/v2\/comments?post=5207"}],"wp:featuredmedia":[{"embeddable":true,"href":"https:\/\/indoorgarden.ee\/et\/wp-json\/wp\/v2\/media\/5056"}],"wp:attachment":[{"href":"https:\/\/indoorgarden.ee\/et\/wp-json\/wp\/v2\/media?parent=5207"}],"wp:term":[{"taxonomy":"product_brand","embeddable":true,"href":"https:\/\/indoorgarden.ee\/et\/wp-json\/wp\/v2\/product_brand?post=5207"},{"taxonomy":"product_cat","embeddable":true,"href":"https:\/\/indoorgarden.ee\/et\/wp-json\/wp\/v2\/product_cat?post=5207"},{"taxonomy":"product_tag","embeddable":true,"href":"https:\/\/indoorgarden.ee\/et\/wp-json\/wp\/v2\/product_tag?post=5207"}],"curies":[{"name":"wp","href":"https:\/\/api.w.org\/{rel}","templated":true}]}}