{"id":5086,"date":"2026-04-06T17:03:11","date_gmt":"2026-04-06T14:03:11","guid":{"rendered":"https:\/\/indoorgarden.ee\/?post_type=product&#038;p=5086"},"modified":"2026-04-06T17:04:54","modified_gmt":"2026-04-06T14:04:54","slug":"letpot-eu-power-adaper-letpot-air-hydroponics-kasvatussusteemile-copy","status":"publish","type":"product","link":"https:\/\/indoorgarden.ee\/et\/toode\/letpot-eu-power-adaper-letpot-air-hydroponics-kasvatussusteemile-copy\/","title":{"rendered":"LetPot EU Power Adaper LetPot Air Hydroponics kasvatuss\u00fcsteemile (Copy)"},"content":{"rendered":"<p>Hoidke oma LetPot Air&#8217;i tippv\u00f5imsusel selle varutoiteadapteriga, mis on loodud spetsiaalselt 10-poodide h\u00fcdropoonilise s\u00fcsteemi jaoks ja millel on 2-aastane garantii.<\/p>\n<h2>Peamised eelised<\/h2>\n<ul>\n<li><strong>T\u00e4iuslik \u00fchilduvus<\/strong>: ELi LetPot Air Hydroponics kasvatuss\u00fcsteemiga sujuvalt koos t\u00f6\u00f6tamiseks.<\/li>\n<li><strong>Usaldusv\u00e4\u00e4rne j\u00f5udlus<\/strong>: Ehitatud j\u00e4rjepideva v\u00f5imsuse ja pikaajalise t\u00f6\u00f6 tagamiseks.<\/li>\n<li><strong>Pikk garantii<\/strong>: 2-aastane tootjagarantii meelerahu tagamiseks.<\/li>\n<li><strong>Rohke j\u00f5udlus<\/strong>: 1,5 m pikkune juhe tagab paindliku paigutuse teie aias.<\/li>\n<\/ul>\n<h2>Omadused ja spetsifikatsioonid<\/h2>\n<table style=\"width: 100%;\">\n<thead>\n<tr>\n<th style=\"width: 23.913%;\">Spetsifikatsioon<\/th>\n<th style=\"width: 75.7246%;\">\u00dcksikasjad<\/th>\n<\/tr>\n<\/thead>\n<tbody>\n<tr>\n<td style=\"width: 23.913%;\"><strong>\u00dchilduvus<\/strong><\/td>\n<td style=\"width: 75.7246%;\">LetPot Air Hydroponics kasvatuss\u00fcsteem<\/td>\n<\/tr>\n<tr>\n<td style=\"width: 23.913%;\"><strong>Pistik<\/strong><\/td>\n<td style=\"width: 75.7246%;\">EL<\/td>\n<\/tr>\n<tr>\n<td style=\"width: 23.913%;\"><strong>Juhtme pikkus<\/strong><\/td>\n<td style=\"width: 75.7246%;\">1,5 m (5 ft)<\/td>\n<\/tr>\n<tr>\n<td style=\"width: 23.913%;\"><strong>V\u00e4ljund<\/strong><\/td>\n<td style=\"width: 75.7246%;\">24 Watt, vastab LetPot Air n\u00f5uetele<\/td>\n<\/tr>\n<\/tbody>\n<\/table>\n<h2>Mis on karbis<\/h2>\n<ul>\n<li>LetPot Air toiteadapter \u00d7 1<\/li>\n<\/ul>\n<h2>Paigaldamine ja kasutamine<\/h2>\n<ol>\n<li><strong>L\u00fclitage toide v\u00e4lja<\/strong>: Enne adapteri vahetamist \u00fchendage LetPot Air s\u00fcsteem lahti.<\/li>\n<li><strong>\u00dchendage adapter<\/strong>: Sisestage alalisvoolu pistik Airi toitepistikusse.<\/li>\n<li><strong>Toide<\/strong>: \u00dchendage adapter tavalisse vahelduvvoolu pistikupessa ja l\u00fclitage h\u00fcdropooniline s\u00fcsteem sisse.<\/li>\n<\/ol>\n<p><strong>Tagage katkematu kasv &#8211; tellige LetPot Air Power Adapter juba t\u00e4na ja nautige oma h\u00fcdropoonilise aia usaldusv\u00e4\u00e4rset energiat!<\/strong><\/p>\n","protected":false},"excerpt":{"rendered":"<p>Hoidke oma LetPot Air&#8217;i tippv\u00f5imsusel selle varutoiteadapteriga, mis on loodud spetsiaalselt 10-poodide h\u00fcdropoonilise s\u00fcsteemi jaoks ja millel on 2-aastane garantii. Peamised eelised T\u00e4iuslik \u00fchilduvus: ELi LetPot Air Hydroponics kasvatuss\u00fcsteemiga sujuvalt koos t\u00f6\u00f6tamiseks. Usaldusv\u00e4\u00e4rne j\u00f5udlus: Ehitatud j\u00e4rjepideva v\u00f5imsuse ja pikaajalise t\u00f6\u00f6 tagamiseks. Pikk garantii: 2-aastane tootjagarantii meelerahu tagamiseks. Rohke j\u00f5udlus: 1,5 m pikkune juhe tagab paindliku [&hellip;]<\/p>\n","protected":false},"featured_media":503,"comment_status":"open","ping_status":"closed","template":"","meta":[],"product_brand":[125],"product_cat":[109,112],"product_tag":[],"class_list":{"0":"post-5086","1":"product","2":"type-product","3":"status-publish","4":"has-post-thumbnail","6":"product_brand-letpot-et","7":"product_cat-nutiaedade-tarvikud","8":"product_cat-nutiaedade-varuosad","10":"first","11":"instock","12":"taxable","13":"shipping-taxable","14":"purchasable","15":"product-type-simple"},"jetpack_sharing_enabled":true,"jetpack-related-posts":[{"id":833,"url":"https:\/\/indoorgarden.ee\/et\/toode\/letpot-eu-power-adaper-letpot-air-hydroponics-kasvatussusteemile\/","url_meta":{"origin":5086,"position":0},"title":"LetPot EU Power Adaper LetPot Air Hydroponics kasvatuss\u00fcsteemile","author":"admin","date":"23. juuli 2025","format":false,"excerpt":"Hoidke oma LetPot Air'i tippv\u00f5imsusel selle varutoiteadapteriga, mis on loodud spetsiaalselt 10-poodide h\u00fcdropoonilise s\u00fcsteemi jaoks ja millel on 2-aastane garantii. Peamised eelised T\u00e4iuslik \u00fchilduvus: ELi LetPot Air Hydroponics kasvatuss\u00fcsteemiga sujuvalt koos t\u00f6\u00f6tamiseks. Usaldusv\u00e4\u00e4rne j\u00f5udlus: Ehitatud j\u00e4rjepideva v\u00f5imsuse ja pikaajalise t\u00f6\u00f6 tagamiseks. Pikk garantii: 2-aastane tootjagarantii meelerahu tagamiseks. Rohke j\u00f5udlus: 1,5\u2026","rel":"","context":"Similar post","block_context":{"text":"Similar post","link":""},"img":{"alt_text":"","src":"https:\/\/i0.wp.com\/indoorgarden.ee\/wp-content\/uploads\/2025\/07\/763ac604ca7c9dbbb3a4936a3c7815b.jpg?resize=350%2C200&ssl=1","width":350,"height":200,"srcset":"https:\/\/i0.wp.com\/indoorgarden.ee\/wp-content\/uploads\/2025\/07\/763ac604ca7c9dbbb3a4936a3c7815b.jpg?resize=350%2C200&ssl=1 1x, https:\/\/i0.wp.com\/indoorgarden.ee\/wp-content\/uploads\/2025\/07\/763ac604ca7c9dbbb3a4936a3c7815b.jpg?resize=525%2C300&ssl=1 1.5x, https:\/\/i0.wp.com\/indoorgarden.ee\/wp-content\/uploads\/2025\/07\/763ac604ca7c9dbbb3a4936a3c7815b.jpg?resize=700%2C400&ssl=1 2x, https:\/\/i0.wp.com\/indoorgarden.ee\/wp-content\/uploads\/2025\/07\/763ac604ca7c9dbbb3a4936a3c7815b.jpg?resize=1050%2C600&ssl=1 3x, https:\/\/i0.wp.com\/indoorgarden.ee\/wp-content\/uploads\/2025\/07\/763ac604ca7c9dbbb3a4936a3c7815b.jpg?resize=1400%2C800&ssl=1 4x"},"classes":[]},{"id":831,"url":"https:\/\/indoorgarden.ee\/et\/toode\/letpot-eu-power-adaper-letpot-senior-hydroponics-kasvatussusteemile\/","url_meta":{"origin":5086,"position":1},"title":"LetPot EU Power Adaper LetPot Senior Hydroponics kasvatuss\u00fcsteemile","author":"admin","date":"23. juuli 2025","format":false,"excerpt":"Hoidke oma LetPot Senior maksimaalse j\u00f5udlusega selle asendusadapteriga, mis on loodud spetsiaalselt 12-podilise h\u00fcdropoonilise s\u00fcsteemi jaoks ja millel on 2-aastane garantii. Peamised eelised T\u00e4iuslik \u00fchilduvus: LetPot Senior Hydroponics kasvus\u00fcsteemiga ELis. Usaldusv\u00e4\u00e4rne j\u00f5udlus: Ehitatud j\u00e4rjepideva v\u00f5imsuse ja pikaajalise t\u00f6\u00f6 tagamiseks. Pikk garantii: 2-aastane tootjagarantii meelerahu tagamiseks. Rohke j\u00f5udlus: 1,5 m pikkune\u2026","rel":"","context":"Similar post","block_context":{"text":"Similar post","link":""},"img":{"alt_text":"","src":"https:\/\/i0.wp.com\/indoorgarden.ee\/wp-content\/uploads\/2025\/07\/763ac604ca7c9dbbb3a4936a3c7815b.jpg?resize=350%2C200&ssl=1","width":350,"height":200,"srcset":"https:\/\/i0.wp.com\/indoorgarden.ee\/wp-content\/uploads\/2025\/07\/763ac604ca7c9dbbb3a4936a3c7815b.jpg?resize=350%2C200&ssl=1 1x, https:\/\/i0.wp.com\/indoorgarden.ee\/wp-content\/uploads\/2025\/07\/763ac604ca7c9dbbb3a4936a3c7815b.jpg?resize=525%2C300&ssl=1 1.5x, https:\/\/i0.wp.com\/indoorgarden.ee\/wp-content\/uploads\/2025\/07\/763ac604ca7c9dbbb3a4936a3c7815b.jpg?resize=700%2C400&ssl=1 2x, https:\/\/i0.wp.com\/indoorgarden.ee\/wp-content\/uploads\/2025\/07\/763ac604ca7c9dbbb3a4936a3c7815b.jpg?resize=1050%2C600&ssl=1 3x, https:\/\/i0.wp.com\/indoorgarden.ee\/wp-content\/uploads\/2025\/07\/763ac604ca7c9dbbb3a4936a3c7815b.jpg?resize=1400%2C800&ssl=1 4x"},"classes":[]},{"id":835,"url":"https:\/\/indoorgarden.ee\/et\/toode\/letpot-eu-power-adaper-letpot-mini-hydroponics-kasvatussusteemile\/","url_meta":{"origin":5086,"position":2},"title":"LetPot EU Power Adaper LetPot Mini Hydroponics kasvatuss\u00fcsteemile","author":"admin","date":"23. juuli 2025","format":false,"excerpt":"Hoidke oma LetPot Mini tipptasemel selle asendusadapteriga, mis on loodud spetsiaalselt 5-poodide h\u00fcdropoonilise s\u00fcsteemi jaoks ja millel on 2-aastane garantii. Peamised eelised T\u00e4iuslik \u00fchilduvus: LetPot Mini Hydroponics kasvus\u00fcsteemiga ELis. Usaldusv\u00e4\u00e4rne j\u00f5udlus: Ehitatud j\u00e4rjepideva v\u00f5imsuse ja pikaajalise t\u00f6\u00f6 tagamiseks. Pikk garantii: 2-aastane tootjagarantii meelerahu tagamiseks. Rohke j\u00f5udlus: 1,5 m pikkune juhe\u2026","rel":"","context":"Similar post","block_context":{"text":"Similar post","link":""},"img":{"alt_text":"","src":"https:\/\/i0.wp.com\/indoorgarden.ee\/wp-content\/uploads\/2025\/07\/763ac604ca7c9dbbb3a4936a3c7815b.jpg?resize=350%2C200&ssl=1","width":350,"height":200,"srcset":"https:\/\/i0.wp.com\/indoorgarden.ee\/wp-content\/uploads\/2025\/07\/763ac604ca7c9dbbb3a4936a3c7815b.jpg?resize=350%2C200&ssl=1 1x, https:\/\/i0.wp.com\/indoorgarden.ee\/wp-content\/uploads\/2025\/07\/763ac604ca7c9dbbb3a4936a3c7815b.jpg?resize=525%2C300&ssl=1 1.5x, https:\/\/i0.wp.com\/indoorgarden.ee\/wp-content\/uploads\/2025\/07\/763ac604ca7c9dbbb3a4936a3c7815b.jpg?resize=700%2C400&ssl=1 2x, https:\/\/i0.wp.com\/indoorgarden.ee\/wp-content\/uploads\/2025\/07\/763ac604ca7c9dbbb3a4936a3c7815b.jpg?resize=1050%2C600&ssl=1 3x, https:\/\/i0.wp.com\/indoorgarden.ee\/wp-content\/uploads\/2025\/07\/763ac604ca7c9dbbb3a4936a3c7815b.jpg?resize=1400%2C800&ssl=1 4x"},"classes":[]},{"id":841,"url":"https:\/\/indoorgarden.ee\/et\/toode\/letpot-eu-power-adaper-letpot-max-vesiviljelussusteemile\/","url_meta":{"origin":5086,"position":3},"title":"LetPot EU Power Adaper LetPot Max vesiviljeluss\u00fcsteemile","author":"admin","date":"23. juuli 2025","format":false,"excerpt":"Hoidke oma LetPot Maxi maksimaalse j\u00f5udlusega selle varutoiteadapteriga, mis on loodud spetsiaalselt 21 + 2-pod h\u00fcdropoonilise s\u00fcsteemi jaoks ja millel on 2-aastane garantii. Peamised eelised T\u00e4iuslik \u00fchilduvus: LetPot Max Hydroponics kasvus\u00fcsteemiga ELis: konstrueeritud nii, et see t\u00f6\u00f6taks t\u00f5rgeteta. Usaldusv\u00e4\u00e4rne j\u00f5udlus: Ehitatud j\u00e4rjepideva v\u00f5imsuse ja pikaajalise t\u00f6\u00f6 tagamiseks. Pikk garantii: 2-aastane\u2026","rel":"","context":"Similar post","block_context":{"text":"Similar post","link":""},"img":{"alt_text":"","src":"https:\/\/i0.wp.com\/indoorgarden.ee\/wp-content\/uploads\/2025\/07\/763ac604ca7c9dbbb3a4936a3c7815b.jpg?resize=350%2C200&ssl=1","width":350,"height":200,"srcset":"https:\/\/i0.wp.com\/indoorgarden.ee\/wp-content\/uploads\/2025\/07\/763ac604ca7c9dbbb3a4936a3c7815b.jpg?resize=350%2C200&ssl=1 1x, https:\/\/i0.wp.com\/indoorgarden.ee\/wp-content\/uploads\/2025\/07\/763ac604ca7c9dbbb3a4936a3c7815b.jpg?resize=525%2C300&ssl=1 1.5x, https:\/\/i0.wp.com\/indoorgarden.ee\/wp-content\/uploads\/2025\/07\/763ac604ca7c9dbbb3a4936a3c7815b.jpg?resize=700%2C400&ssl=1 2x, https:\/\/i0.wp.com\/indoorgarden.ee\/wp-content\/uploads\/2025\/07\/763ac604ca7c9dbbb3a4936a3c7815b.jpg?resize=1050%2C600&ssl=1 3x, https:\/\/i0.wp.com\/indoorgarden.ee\/wp-content\/uploads\/2025\/07\/763ac604ca7c9dbbb3a4936a3c7815b.jpg?resize=1400%2C800&ssl=1 4x"},"classes":[]},{"id":808,"url":"https:\/\/indoorgarden.ee\/et\/toode\/letpot-hydroponics-toitained-vedelad-taimetoidud\/","url_meta":{"origin":5086,"position":4},"title":"LetPot taimetoit nutiaedadele k\u00f5ikide oluliste mikro- ja makrotoitainetega taimede tervislikuks kasvuks","author":"admin","date":"23. juuli 2025","format":false,"excerpt":"Varusta oma siseaed tasakaalustatud ja professionaalsete toitainetega, kasutades LetPot'i vedelat taimetoitu. V\u00e4etise kaheosaline A & B valem tagab optimaalse kasvu, eluj\u00f5ulise lehestiku ja rikkaliku saagi k\u00f5igis LetPot h\u00fcdropoonikas\u00fcsteemides.","rel":"","context":"Similar post","block_context":{"text":"Similar post","link":""},"img":{"alt_text":"","src":"https:\/\/i0.wp.com\/indoorgarden.ee\/wp-content\/uploads\/2025\/07\/4_1.jpg?resize=350%2C200&ssl=1","width":350,"height":200,"srcset":"https:\/\/i0.wp.com\/indoorgarden.ee\/wp-content\/uploads\/2025\/07\/4_1.jpg?resize=350%2C200&ssl=1 1x, https:\/\/i0.wp.com\/indoorgarden.ee\/wp-content\/uploads\/2025\/07\/4_1.jpg?resize=525%2C300&ssl=1 1.5x, https:\/\/i0.wp.com\/indoorgarden.ee\/wp-content\/uploads\/2025\/07\/4_1.jpg?resize=700%2C400&ssl=1 2x"},"classes":[]},{"id":805,"url":"https:\/\/indoorgarden.ee\/et\/toode\/letpot-200-tk-hudropoonikasusteemi-asendussammast-sobib-max-senior-air-jaoks\/","url_meta":{"origin":5086,"position":5},"title":"LetPot nutiaia kasvupesade ja varjukleebiste komplekt 200 tk (sobib Max\/Senior\/Air jaoks)","author":"admin","date":"23. juuli 2025","format":false,"excerpt":"V\u00e4rskenda oma nutiaeda selle 200-osalise asenduskomplektiga, see sisaldab 100 turbap\u00f5hist kasvusammast ja 100 valgust blokeerivat kleepsu, mis on m\u00f5eldud LetPot Max, Pro, Senior, Air ja AeroGarden h\u00fcdropoonilistele s\u00fcsteemidele. Peamised eelised Turbak\u00e4snad: Tagavad optimaalse juurte \u00f5hustamise ja toitainete imendumise ilma mullata. Universaalne \u00fchilduvus: Sobib LetPot Max, Pro, Senior, Air, kuid ka\u2026","rel":"","context":"Similar post","block_context":{"text":"Similar post","link":""},"img":{"alt_text":"","src":"https:\/\/i0.wp.com\/indoorgarden.ee\/wp-content\/uploads\/2025\/07\/200Pcs_LetPot_Grow_Sponges.jpg?resize=350%2C200&ssl=1","width":350,"height":200,"srcset":"https:\/\/i0.wp.com\/indoorgarden.ee\/wp-content\/uploads\/2025\/07\/200Pcs_LetPot_Grow_Sponges.jpg?resize=350%2C200&ssl=1 1x, https:\/\/i0.wp.com\/indoorgarden.ee\/wp-content\/uploads\/2025\/07\/200Pcs_LetPot_Grow_Sponges.jpg?resize=525%2C300&ssl=1 1.5x"},"classes":[]}],"_links":{"self":[{"href":"https:\/\/indoorgarden.ee\/et\/wp-json\/wp\/v2\/product\/5086","targetHints":{"allow":["GET"]}}],"collection":[{"href":"https:\/\/indoorgarden.ee\/et\/wp-json\/wp\/v2\/product"}],"about":[{"href":"https:\/\/indoorgarden.ee\/et\/wp-json\/wp\/v2\/types\/product"}],"replies":[{"embeddable":true,"href":"https:\/\/indoorgarden.ee\/et\/wp-json\/wp\/v2\/comments?post=5086"}],"wp:featuredmedia":[{"embeddable":true,"href":"https:\/\/indoorgarden.ee\/et\/wp-json\/wp\/v2\/media\/503"}],"wp:attachment":[{"href":"https:\/\/indoorgarden.ee\/et\/wp-json\/wp\/v2\/media?parent=5086"}],"wp:term":[{"taxonomy":"product_brand","embeddable":true,"href":"https:\/\/indoorgarden.ee\/et\/wp-json\/wp\/v2\/product_brand?post=5086"},{"taxonomy":"product_cat","embeddable":true,"href":"https:\/\/indoorgarden.ee\/et\/wp-json\/wp\/v2\/product_cat?post=5086"},{"taxonomy":"product_tag","embeddable":true,"href":"https:\/\/indoorgarden.ee\/et\/wp-json\/wp\/v2\/product_tag?post=5086"}],"curies":[{"name":"wp","href":"https:\/\/api.w.org\/{rel}","templated":true}]}}