{"id":2287,"date":"2025-11-18T15:47:21","date_gmt":"2025-11-18T13:47:21","guid":{"rendered":"https:\/\/indoorgarden.ee\/product\/aedsalat-salad-bowl-seemned-kiiresti-kasvav-lehtsalat-hudropoonikas-ja-nutiaedades-kasvatamiseks\/"},"modified":"2026-04-26T15:45:23","modified_gmt":"2026-04-26T12:45:23","slug":"aedsalat-salad-bowl-seemned-kiiresti-kasvav-lehtsalat-hudropoonikas-ja-nutiaedades-kasvatamiseks","status":"publish","type":"product","link":"https:\/\/indoorgarden.ee\/et\/toode\/aedsalat-salad-bowl-seemned-kiiresti-kasvav-lehtsalat-hudropoonikas-ja-nutiaedades-kasvatamiseks\/","title":{"rendered":"Mahe lehtsalati \u2018Salad Bowl\u2019 seemned \u2013 kiirelt kasvav sort h\u00fcdropoonikasse ja nutiaeda"},"content":{"rendered":"<h2>Salati \u2018Salad Bowl\u2019 kohta<\/h2>\n<p>&#8216;Salad Bowl&#8217; on varajane ja produktiivne lehtsalatisort, mis on tuntud oma \u00f5rnade, mahlaste lehtede ja suurep\u00e4rase j\u00e4relkasvuga p\u00e4rast l\u00f5ikamist. Valmis saagikoristuseks 50-63 p\u00e4eva p\u00e4rast, sobib ideaalselt pidevaks korjamiseks ja v\u00e4rskete salatite valmistamiseks. Seda sorti v\u00f5ib kasvatada kevadest s\u00fcgiseni vabas \u00f5hus v\u00f5i kasvuhoones ning see kasvab k\u00f5ige paremini l\u00f5tvunud, viljakal mullal.  <\/p>\n<h2>H\u00fcdropoonika ja nutiaedadega \u00fchilduvus<\/h2>\n<p>Salat on \u00fcks lihtsamaid ja tulusamaid taimi, mida on v\u00f5imalik kasvatada h\u00fcdropoonilistes ja nutikates siseaias\u00fcsteemides. Pideva niiskuse ja toitainete korral kasvab \u2018Salad Bowl\u2018 h\u00e4sti ja v\u00f5ib kasvada kuni <g id=\"gid_0\">3\u00d7 kiiremini<\/g> kui mullas. Nutikas aiandus v\u00f5imaldab ka aastaringset k\u00fclvamist ja koristamist, mist\u00f5ttu sobib see ideaalselt siseruumides kasvatajatele, kes soovivad pidevalt v\u00e4rskeid rohelisi k\u00f6\u00f6givilju.  <\/p>\n<h2>Omadused<\/h2>\n<ul>\n<li>Varajane, kiiresti kasvav lehtsalat (50-63 p\u00e4eva)<\/li>\n<li>Mahlased, \u00f5rnad ja suurep\u00e4rase j\u00e4relkasvuga lehed.<\/li>\n<li>Sobib ideaalselt v\u00e4rskete salatite ja igap\u00e4evase saagikoristuse jaoks<\/li>\n<li>Saab kasvatada vabas \u00f5hus, kasvuhoones v\u00f5i siseruumides.<\/li>\n<li>Toimib erakordselt h\u00e4sti h\u00fcdropoonilistes ja arukates aias\u00fcsteemides.<\/li>\n<\/ul>\n<h2>Kasvatamine ja koristus<\/h2>\n<ul>\n<li>Tavalise mullak\u00fclvi korral istutage taimi kevadest s\u00fcgiseni v\u00e4lipeenrasse v\u00f5i kasvuhoonesse.<\/li>\n<li>H\u00fcdropoonikas v\u00f5i arukates aedades k\u00fclvake aastaringselt, et saak oleks pidev.<\/li>\n<li>Korista saaki, noppides v\u00e4lislehti v\u00f5i l\u00f5igates kogu taime \u2014 keskosa kasvab uuesti.<\/li>\n<\/ul>\n<p>Salat &#8216;Salad Bowl&#8217; on mitmek\u00fclgne, kiiresti kasvav sort, mis annab kr\u00f5bedad ja v\u00e4rsked lehed &#8211; ideaalne nii algajale kui ka kogenud siseaednikule.<\/p>\n","protected":false},"excerpt":{"rendered":"<p>Mahe lehtsalati \u2018Salad Bowl\u2019 seemned. Kiirelt kasvav, korduvalt korjatav sort \u2013 l\u00f5ika lehed ja taim kasvab uuesti tagasi.<\/p>\n","protected":false},"featured_media":2286,"comment_status":"closed","ping_status":"closed","template":"","meta":[],"product_brand":[237],"product_cat":[93,104],"product_tag":[],"class_list":{"0":"post-2287","1":"product","2":"type-product","3":"status-publish","4":"has-post-thumbnail","6":"product_brand-organic-way-et","7":"product_cat-seemned","8":"product_cat-salati-ja-lehtkoogiviljade-seemned","9":"pa_indoor-garden-seeds-lehtsalat","10":"pa_seed-type-mahedad-seemned","12":"first","13":"instock","14":"taxable","15":"shipping-taxable","16":"purchasable","17":"product-type-simple"},"jetpack_sharing_enabled":true,"jetpack-related-posts":[{"id":2241,"url":"https:\/\/indoorgarden.ee\/et\/toode\/salat-bionda-a-foglia-riccia-seemned-kiiresti-kasvav-lehtsalat-hudropooniliseks-ja-nutiaedades-kasvatamiseks\/","url_meta":{"origin":2287,"position":0},"title":"Mahe lehtsalati \u2018Bionda a Foglia Riccia\u2019 seemned \u2013 kiirelt kasvav sort h\u00fcdropoonikasse ja nutiaeda","author":"admin","date":"18. nov. 2025","format":false,"excerpt":"Mahe lehtsalati \u2018Bionda a Foglia Riccia\u2019 seemned. Kiirelt kasvav, kohevate kortsuliste lehtedega sort \u2013 sobib salatisse ja v\u00f5ileivale, kasvab nutiaias ja aknalaual.","rel":"","context":"Similar post","block_context":{"text":"Similar post","link":""},"img":{"alt_text":"","src":"https:\/\/i0.wp.com\/indoorgarden.ee\/wp-content\/uploads\/2025\/11\/4770168151314.png?resize=350%2C200&ssl=1","width":350,"height":200,"srcset":"https:\/\/i0.wp.com\/indoorgarden.ee\/wp-content\/uploads\/2025\/11\/4770168151314.png?resize=350%2C200&ssl=1 1x, https:\/\/i0.wp.com\/indoorgarden.ee\/wp-content\/uploads\/2025\/11\/4770168151314.png?resize=525%2C300&ssl=1 1.5x, https:\/\/i0.wp.com\/indoorgarden.ee\/wp-content\/uploads\/2025\/11\/4770168151314.png?resize=700%2C400&ssl=1 2x"},"classes":[]},{"id":1300,"url":"https:\/\/indoorgarden.ee\/et\/toode\/kahara-peterselli-astra-seemned-petroselinum-crispum-vitamiinirikas-poosasort-aeda-rodule-ja-siseruumidesse-1g\/","url_meta":{"origin":2287,"position":1},"title":"K\u00e4hara peterselli \u2018Astra\u2019 seemned (Petroselinum crispum) \u2013 vitamiinirikas tuhmne sort aeda, r\u00f5dule ja potti","author":"admin","date":"31. juuli 2025","format":false,"excerpt":"K\u00e4hara peterselli \u2018Astra\u2019 seemned. Vitamiinirikas tihke sort, mis sobib k\u00f6\u00f6gile, salatile ja kaunistuseks. Kasvab nii peenardel, r\u00f5dul kui ka aknalaual.","rel":"","context":"Similar post","block_context":{"text":"Similar post","link":""},"img":{"alt_text":"","src":"https:\/\/i0.wp.com\/indoorgarden.ee\/wp-content\/uploads\/2025\/07\/product-153239_0-L2804.jpg?resize=350%2C200&ssl=1","width":350,"height":200,"srcset":"https:\/\/i0.wp.com\/indoorgarden.ee\/wp-content\/uploads\/2025\/07\/product-153239_0-L2804.jpg?resize=350%2C200&ssl=1 1x, https:\/\/i0.wp.com\/indoorgarden.ee\/wp-content\/uploads\/2025\/07\/product-153239_0-L2804.jpg?resize=525%2C300&ssl=1 1.5x, https:\/\/i0.wp.com\/indoorgarden.ee\/wp-content\/uploads\/2025\/07\/product-153239_0-L2804.jpg?resize=700%2C400&ssl=1 2x"},"classes":[]},{"id":1299,"url":"https:\/\/indoorgarden.ee\/et\/toode\/cherry-tomato-goldkrone-seemned-solanum-lycopersicum-varajane-korge-saagikusega-kollane-sort-kasvuhoones-ja-vabas-ohus-kasvatamiseks-15-20g-viljad-1g\/","url_meta":{"origin":2287,"position":2},"title":"Kirsstomati \u2018Goldkrone\u2019 seemned (Solanum lycopersicum) \u2013 varajane k\u00f5rgesaakaline kollane sort 1 g","author":"admin","date":"31. juuli 2025","format":false,"excerpt":"Kirsstomati \u2018Goldkrone\u2019 seemned. Varajane, k\u00f5rgesaakaline kollane sort 15\u201320 g viljadega \u2013 sobib r\u00f5dule, aknalauale ja \u00f5ue. 1 g pakk.","rel":"","context":"Similar post","block_context":{"text":"Similar post","link":""},"img":{"alt_text":"","src":"https:\/\/i0.wp.com\/indoorgarden.ee\/wp-content\/uploads\/2025\/07\/product-153228_0-L13184.jpg?resize=350%2C200&ssl=1","width":350,"height":200,"srcset":"https:\/\/i0.wp.com\/indoorgarden.ee\/wp-content\/uploads\/2025\/07\/product-153228_0-L13184.jpg?resize=350%2C200&ssl=1 1x, https:\/\/i0.wp.com\/indoorgarden.ee\/wp-content\/uploads\/2025\/07\/product-153228_0-L13184.jpg?resize=525%2C300&ssl=1 1.5x, https:\/\/i0.wp.com\/indoorgarden.ee\/wp-content\/uploads\/2025\/07\/product-153228_0-L13184.jpg?resize=700%2C400&ssl=1 2x"},"classes":[]},{"id":2233,"url":"https:\/\/indoorgarden.ee\/et\/toode\/petersell-moskrul-2-seemned-tumeroheline-maitsetaim-hudropooniliseks-ja-nutiaias-kasvatuseks\/","url_meta":{"origin":2287,"position":3},"title":"Mahe peterselli \u2018Moskrul 2\u2019 seemned \u2013 k\u00e4har tumeroheline \u00fcrt h\u00fcdropoonikasse ja nutiaeda","author":"admin","date":"18. nov. 2025","format":false,"excerpt":"Mahe peterselli \u2018Moskrul 2\u2019 seemned. K\u00e4har tumeroheline sort, sobib salatile, kaunistuseks ja toiduvalmistamiseks. Kasvab kiiresti nutiaias.","rel":"","context":"Similar post","block_context":{"text":"Similar post","link":""},"img":{"alt_text":"","src":"https:\/\/i0.wp.com\/indoorgarden.ee\/wp-content\/uploads\/2025\/11\/4770168151222.png?resize=350%2C200&ssl=1","width":350,"height":200,"srcset":"https:\/\/i0.wp.com\/indoorgarden.ee\/wp-content\/uploads\/2025\/11\/4770168151222.png?resize=350%2C200&ssl=1 1x, https:\/\/i0.wp.com\/indoorgarden.ee\/wp-content\/uploads\/2025\/11\/4770168151222.png?resize=525%2C300&ssl=1 1.5x, https:\/\/i0.wp.com\/indoorgarden.ee\/wp-content\/uploads\/2025\/11\/4770168151222.png?resize=700%2C400&ssl=1 2x"},"classes":[]},{"id":2032,"url":"https:\/\/indoorgarden.ee\/et\/toode\/tilli-seemned-3g-anethum-graveolens-toiduvalmistamiseks-marineerimiseks-sobib-ka-toas-kasvatamiseks\/","url_meta":{"origin":2287,"position":4},"title":"Aedtilli seemned 3 g \u2013 Anethum graveolens k\u00f6\u00f6gile, marineerimisele ja h\u00fcdropoonikale","author":"admin","date":"29. sept. 2025","format":false,"excerpt":"Aedtilli seemned 3 g. Klassikaline k\u00f6\u00f6gitill kasvab kiiresti h\u00fcdropoonikas ja nutiaias \u2013 sobib supile, kalale, kartulitele ja marineerimiseks.","rel":"","context":"Similar post","block_context":{"text":"Similar post","link":""},"img":{"alt_text":"","src":"https:\/\/i0.wp.com\/indoorgarden.ee\/wp-content\/uploads\/2025\/09\/product-153036_0-1401055.jpg?resize=350%2C200&ssl=1","width":350,"height":200,"srcset":"https:\/\/i0.wp.com\/indoorgarden.ee\/wp-content\/uploads\/2025\/09\/product-153036_0-1401055.jpg?resize=350%2C200&ssl=1 1x, https:\/\/i0.wp.com\/indoorgarden.ee\/wp-content\/uploads\/2025\/09\/product-153036_0-1401055.jpg?resize=525%2C300&ssl=1 1.5x, https:\/\/i0.wp.com\/indoorgarden.ee\/wp-content\/uploads\/2025\/09\/product-153036_0-1401055.jpg?resize=700%2C400&ssl=1 2x"},"classes":[]},{"id":2223,"url":"https:\/\/indoorgarden.ee\/et\/toode\/rukola-seemned-kiirekasvuline-maitsetaim-hudropoonika-ja-nutiaedade-jaoks\/","url_meta":{"origin":2287,"position":5},"title":"Mahe rukola seemned \u2013 kiirelt kasvav \u00fcrt h\u00fcdropoonikasse ja nutiaeda","author":"admin","date":"18. nov. 2025","format":false,"excerpt":"Mahe rukola seemned. Kiirelt kasvav, pisut p\u00e4hklise-pipraga maitsega salat \u2013 sobib salatitele, v\u00f5ileibadele ja pizzale lisana.","rel":"","context":"Similar post","block_context":{"text":"Similar post","link":""},"img":{"alt_text":"","src":"https:\/\/i0.wp.com\/indoorgarden.ee\/wp-content\/uploads\/2025\/11\/4770168151444.jpg?resize=350%2C200&ssl=1","width":350,"height":200},"classes":[]}],"_links":{"self":[{"href":"https:\/\/indoorgarden.ee\/et\/wp-json\/wp\/v2\/product\/2287","targetHints":{"allow":["GET"]}}],"collection":[{"href":"https:\/\/indoorgarden.ee\/et\/wp-json\/wp\/v2\/product"}],"about":[{"href":"https:\/\/indoorgarden.ee\/et\/wp-json\/wp\/v2\/types\/product"}],"replies":[{"embeddable":true,"href":"https:\/\/indoorgarden.ee\/et\/wp-json\/wp\/v2\/comments?post=2287"}],"wp:featuredmedia":[{"embeddable":true,"href":"https:\/\/indoorgarden.ee\/et\/wp-json\/wp\/v2\/media\/2286"}],"wp:attachment":[{"href":"https:\/\/indoorgarden.ee\/et\/wp-json\/wp\/v2\/media?parent=2287"}],"wp:term":[{"taxonomy":"product_brand","embeddable":true,"href":"https:\/\/indoorgarden.ee\/et\/wp-json\/wp\/v2\/product_brand?post=2287"},{"taxonomy":"product_cat","embeddable":true,"href":"https:\/\/indoorgarden.ee\/et\/wp-json\/wp\/v2\/product_cat?post=2287"},{"taxonomy":"product_tag","embeddable":true,"href":"https:\/\/indoorgarden.ee\/et\/wp-json\/wp\/v2\/product_tag?post=2287"}],"curies":[{"name":"wp","href":"https:\/\/api.w.org\/{rel}","templated":true}]}}