{"id":2283,"date":"2025-11-18T15:36:01","date_gmt":"2025-11-18T13:36:01","guid":{"rendered":"https:\/\/indoorgarden.ee\/product\/salat-poldkannaku-lambs-lettuce-corn-salad-trophy-seemned-orna-maitse-ja-pahklise-noodiga-lehtkoogivili-hudropoonika-ja-nutikate-siseaedade-jaoks\/"},"modified":"2026-04-26T15:45:23","modified_gmt":"2026-04-26T12:45:23","slug":"salat-poldkannaku-lambs-lettuce-corn-salad-trophy-seemned-orna-maitse-ja-pahklise-noodiga-lehtkoogivili-hudropoonika-ja-nutikate-siseaedade-jaoks","status":"publish","type":"product","link":"https:\/\/indoorgarden.ee\/et\/toode\/salat-poldkannaku-lambs-lettuce-corn-salad-trophy-seemned-orna-maitse-ja-pahklise-noodiga-lehtkoogivili-hudropoonika-ja-nutikate-siseaedade-jaoks\/","title":{"rendered":"Mahe p\u00f5ldsalati \u2018Trophy\u2019 seemned \u2013 pehme p\u00e4hklimaitsega lehtsalat h\u00fcdropoonikasse ja nutiaeda"},"content":{"rendered":"<h2>P\u00f5ldk\u00e4nnak \u2018Trophy\u2019 st\u2013 l\u00e4hemalt<\/h2>\n<p>P\u00f5ldk\u00e4nnak (\u2018Lamb\u2019s Lettuce\u2019, \u2018Corn Salad\u2019) \u2018Trophy\u2019 on varajane ja kiirekasvuline lehtk\u00f6\u00f6givili, mis on tuntud oma \u00f5rna maitse ja kerge p\u00e4hklise j\u00e4relnoodi poolest. Sort moodustab v\u00e4ikseid taimi suurte, ovaalsete ja mahlaste lehtedega, mist\u00f5ttu on see populaarne valik v\u00e4rsketesse salatitesse ja roogade kaunistamiseks. Taim on lihtne kasvatada ning sobib hooaja jooksul korduvk\u00fclviks.  <\/p>\n<h2>H\u00fcdropoonika ja nutiaedadega \u00fchilduvus<\/h2>\n<p>T\u00e4nu kompaktsele suurusele ja kiirele arenguts\u00fcklile (umbes 60 p\u00e4eva) sobib p\u00f5ldk\u00e4nnak v\u00e4ga h\u00e4sti h\u00fcdropoonikas\u00fcsteemidesse ja nutikatesse siseaedadesse. Kontrollitud niiskus ja toitained aitavad toota \u00f5rnu, k\u00f5rgekvaliteedilisi lehti ning h\u00fcdropoonikas v\u00f5ib kasv olla kuni 3\u00d7 kiirem kui mullas. Nutiaedades saab p\u00f5ldk\u00e4nnakut kasvatada aastaringselt, olenemata ilmast.  <\/p>\n<h2>Omadused<\/h2>\n<ul>\n<li>\u00d5rn ja v\u00e4rske maitse kerge p\u00e4hklise noodiga<\/li>\n<li>V\u00e4ikesed, kompaktsed taimed \u2014 sobivad ka v\u00e4ikestesse ruumidesse<\/li>\n<li>Ideaalne salatitesse, v\u00f5ileibadesse ja k\u00fclmadesse roogadesse<\/li>\n<li>Lihtne kasvatada nii \u00f5ues, kasvuhoones kui ka siseruumides<\/li>\n<li>Suurep\u00e4rased tulemused h\u00fcdropoonikas ja nutiaedades<\/li>\n<li>V\u00f5imalik k\u00fclvata mitu korda hooaja jooksul pideva saagi tagamiseks<\/li>\n<\/ul>\n<h2>Kasvatamine ja koristus<\/h2>\n<ul>\n<li>Mullas: k\u00fclva \u00f5ue v\u00f5i kasvuhoonesse kogu hooaja v\u00e4ltel.<\/li>\n<li>H\u00fcdropoonikas \/ nutiaias: k\u00fclva ja korista aastaringselt.<\/li>\n<li>Valmib saagiks umbes 60 p\u00e4evaga.<\/li>\n<li>Korista v\u00e4lislehti vastavalt vajadusele v\u00f5i l\u00f5ika kogu taim korraga.<\/li>\n<\/ul>\n<p>P\u00f5ldk\u00e4nnak \u2018Trophy\u2019 on ideaalne valik k\u00f5igile, kes hindavad \u00f5rnu, mahedaid ja kiiresti kasvavaid lehti, mis annavad suurep\u00e4rase tulemuse ka siseruumide h\u00fcdropoonikas\u00fcsteemides.Lamb\u2019s Lettuce \u2018Trophy\u2019 is perfect for anyone who wants tender, mild greens that grow quickly and perform exceptionally well in indoor hydroponic setups.<\/p>\n","protected":false},"excerpt":{"rendered":"<p>Mahe p\u00f5ldsalati \u2018Trophy\u2019 seemned. Pehme, p\u00e4hklise maitsega lehed sobivad salatisse, v\u00f5ileivale ja k\u00f5rvalrooga.<\/p>\n","protected":false},"featured_media":2282,"comment_status":"closed","ping_status":"closed","template":"","meta":[],"product_brand":[237],"product_cat":[93,104],"product_tag":[],"class_list":{"0":"post-2283","1":"product","2":"type-product","3":"status-publish","4":"has-post-thumbnail","6":"product_brand-organic-way-et","7":"product_cat-seemned","8":"product_cat-salati-ja-lehtkoogiviljade-seemned","9":"pa_indoor-garden-seeds-lehtsalat","10":"pa_seed-type-mahedad-seemned","12":"first","13":"instock","14":"taxable","15":"shipping-taxable","16":"purchasable","17":"product-type-simple"},"jetpack_sharing_enabled":true,"jetpack-related-posts":[{"id":2275,"url":"https:\/\/indoorgarden.ee\/et\/toode\/aiakressi-seemned-kiirekasvuline-supertoit-hudropoonika-ja-nutikate-siseaedade-jaoks\/","url_meta":{"origin":2283,"position":0},"title":"Salatkressi seemned \u2013 kiirelt kasvav lehtk\u00f6\u00f6givili h\u00fcdropoonikasse ja idupurkidesse","author":"admin","date":"18. nov. 2025","format":false,"excerpt":"Salatkressi seemned. \u00dcks kiiremaid kultuure \u2013 idud valmis seitsme p\u00e4evaga. Annab v\u00f5ileibadele, salatitele ja k\u00f5rvalroogadele teravat ja v\u00e4rsket maitset.","rel":"","context":"Similar post","block_context":{"text":"Similar post","link":""},"img":{"alt_text":"","src":"https:\/\/i0.wp.com\/indoorgarden.ee\/wp-content\/uploads\/2025\/11\/4770168129085.jpg?resize=350%2C200&ssl=1","width":350,"height":200,"srcset":"https:\/\/i0.wp.com\/indoorgarden.ee\/wp-content\/uploads\/2025\/11\/4770168129085.jpg?resize=350%2C200&ssl=1 1x, https:\/\/i0.wp.com\/indoorgarden.ee\/wp-content\/uploads\/2025\/11\/4770168129085.jpg?resize=525%2C300&ssl=1 1.5x, https:\/\/i0.wp.com\/indoorgarden.ee\/wp-content\/uploads\/2025\/11\/4770168129085.jpg?resize=700%2C400&ssl=1 2x"},"classes":[]},{"id":2219,"url":"https:\/\/indoorgarden.ee\/et\/toode\/tuumiani-seemned-mitmeaastane-maitsetaim-hudropoonika-ja-nutikate-siseaedade-jaoks\/","url_meta":{"origin":2283,"position":1},"title":"Mahe aedt\u00fc\u00fcmiani seemned \u2013 mitmeaastane k\u00f6\u00f6gi\u00fcrt h\u00fcdropoonikasse ja nutiaeda","author":"admin","date":"18. nov. 2025","format":false,"excerpt":"Mahe aedt\u00fc\u00fcmiani seemned. Mitmeaastane vastupidav k\u00f6\u00f6gi\u00fcrt \u2013 aromaatne lisand lihale, kalale, juurviljadele ja salatile.","rel":"","context":"Similar post","block_context":{"text":"Similar post","link":""},"img":{"alt_text":"","src":"https:\/\/i0.wp.com\/indoorgarden.ee\/wp-content\/uploads\/2025\/11\/4770168151437.png?resize=350%2C200&ssl=1","width":350,"height":200,"srcset":"https:\/\/i0.wp.com\/indoorgarden.ee\/wp-content\/uploads\/2025\/11\/4770168151437.png?resize=350%2C200&ssl=1 1x, https:\/\/i0.wp.com\/indoorgarden.ee\/wp-content\/uploads\/2025\/11\/4770168151437.png?resize=525%2C300&ssl=1 1.5x, https:\/\/i0.wp.com\/indoorgarden.ee\/wp-content\/uploads\/2025\/11\/4770168151437.png?resize=700%2C400&ssl=1 2x"},"classes":[]},{"id":2287,"url":"https:\/\/indoorgarden.ee\/et\/toode\/aedsalat-salad-bowl-seemned-kiiresti-kasvav-lehtsalat-hudropoonikas-ja-nutiaedades-kasvatamiseks\/","url_meta":{"origin":2283,"position":2},"title":"Mahe lehtsalati \u2018Salad Bowl\u2019 seemned \u2013 kiirelt kasvav sort h\u00fcdropoonikasse ja nutiaeda","author":"admin","date":"18. nov. 2025","format":false,"excerpt":"Mahe lehtsalati \u2018Salad Bowl\u2019 seemned. Kiirelt kasvav, korduvalt korjatav sort \u2013 l\u00f5ika lehed ja taim kasvab uuesti tagasi.","rel":"","context":"Similar post","block_context":{"text":"Similar post","link":""},"img":{"alt_text":"","src":"https:\/\/i0.wp.com\/indoorgarden.ee\/wp-content\/uploads\/2025\/11\/4770168151611.png?resize=350%2C200&ssl=1","width":350,"height":200},"classes":[]},{"id":2233,"url":"https:\/\/indoorgarden.ee\/et\/toode\/petersell-moskrul-2-seemned-tumeroheline-maitsetaim-hudropooniliseks-ja-nutiaias-kasvatuseks\/","url_meta":{"origin":2283,"position":3},"title":"Mahe peterselli \u2018Moskrul 2\u2019 seemned \u2013 k\u00e4har tumeroheline \u00fcrt h\u00fcdropoonikasse ja nutiaeda","author":"admin","date":"18. nov. 2025","format":false,"excerpt":"Mahe peterselli \u2018Moskrul 2\u2019 seemned. K\u00e4har tumeroheline sort, sobib salatile, kaunistuseks ja toiduvalmistamiseks. Kasvab kiiresti nutiaias.","rel":"","context":"Similar post","block_context":{"text":"Similar post","link":""},"img":{"alt_text":"","src":"https:\/\/i0.wp.com\/indoorgarden.ee\/wp-content\/uploads\/2025\/11\/4770168151222.png?resize=350%2C200&ssl=1","width":350,"height":200,"srcset":"https:\/\/i0.wp.com\/indoorgarden.ee\/wp-content\/uploads\/2025\/11\/4770168151222.png?resize=350%2C200&ssl=1 1x, https:\/\/i0.wp.com\/indoorgarden.ee\/wp-content\/uploads\/2025\/11\/4770168151222.png?resize=525%2C300&ssl=1 1.5x, https:\/\/i0.wp.com\/indoorgarden.ee\/wp-content\/uploads\/2025\/11\/4770168151222.png?resize=700%2C400&ssl=1 2x"},"classes":[]},{"id":2177,"url":"https:\/\/indoorgarden.ee\/et\/toode\/valge-sinepi-vorsete-seemned-100-g-kiirekasvuline-supertoit-ideaalne-hudropoonikasse-ja-idandamisnoudesse\/","url_meta":{"origin":2283,"position":4},"title":"Mikrov\u00f5rsete valge sinepi seemned 100 g \u2013 kiirelt kasvav superfood h\u00fcdropoonikasse ja idupurkidesse","author":"admin","date":"16. nov. 2025","format":false,"excerpt":"Mikrov\u00f5rsete valge sinepi seemned 100 g. Kiire kasv, kerge teravus, sobib salatitele ja v\u00f5ileibadele. Lihtne kasvatada idupurkides ja alustel.","rel":"","context":"Similar post","block_context":{"text":"Similar post","link":""},"img":{"alt_text":"","src":"https:\/\/i0.wp.com\/indoorgarden.ee\/wp-content\/uploads\/2025\/11\/4770168921214.jpg?resize=350%2C200&ssl=1","width":350,"height":200,"srcset":"https:\/\/i0.wp.com\/indoorgarden.ee\/wp-content\/uploads\/2025\/11\/4770168921214.jpg?resize=350%2C200&ssl=1 1x, https:\/\/i0.wp.com\/indoorgarden.ee\/wp-content\/uploads\/2025\/11\/4770168921214.jpg?resize=525%2C300&ssl=1 1.5x, https:\/\/i0.wp.com\/indoorgarden.ee\/wp-content\/uploads\/2025\/11\/4770168921214.jpg?resize=700%2C400&ssl=1 2x, https:\/\/i0.wp.com\/indoorgarden.ee\/wp-content\/uploads\/2025\/11\/4770168921214.jpg?resize=1050%2C600&ssl=1 3x"},"classes":[]},{"id":2146,"url":"https:\/\/indoorgarden.ee\/et\/toode\/lavendel-lavandula-officinalis-siseruumides-ja-nutiaedades-kasvatamiseks\/","url_meta":{"origin":2283,"position":5},"title":"Lavendel (Lavandula officinalis) \u2013 aromaatne mitmeaastane ravimtaim sisetingimustele","author":"admin","date":"31. aug. 2025","format":false,"excerpt":"Lavendel (Lavandula officinalis) seemned. Aromaatne mitmeaastane ravimtaim, kasvab kuni 50 cm \u2013 sobib k\u00f6\u00f6gile, teedele ja loomulikuks parf\u00fc\u00fcmiks.","rel":"","context":"Similar post","block_context":{"text":"Similar post","link":""},"img":{"alt_text":"Lavender Lavendula officinalis","src":"https:\/\/i0.wp.com\/indoorgarden.ee\/wp-content\/uploads\/2025\/08\/Lavender-Lavendula-officinalis-for-indoor-growing.jpg?resize=350%2C200&ssl=1","width":350,"height":200,"srcset":"https:\/\/i0.wp.com\/indoorgarden.ee\/wp-content\/uploads\/2025\/08\/Lavender-Lavendula-officinalis-for-indoor-growing.jpg?resize=350%2C200&ssl=1 1x, https:\/\/i0.wp.com\/indoorgarden.ee\/wp-content\/uploads\/2025\/08\/Lavender-Lavendula-officinalis-for-indoor-growing.jpg?resize=525%2C300&ssl=1 1.5x, https:\/\/i0.wp.com\/indoorgarden.ee\/wp-content\/uploads\/2025\/08\/Lavender-Lavendula-officinalis-for-indoor-growing.jpg?resize=700%2C400&ssl=1 2x"},"classes":[]}],"_links":{"self":[{"href":"https:\/\/indoorgarden.ee\/et\/wp-json\/wp\/v2\/product\/2283","targetHints":{"allow":["GET"]}}],"collection":[{"href":"https:\/\/indoorgarden.ee\/et\/wp-json\/wp\/v2\/product"}],"about":[{"href":"https:\/\/indoorgarden.ee\/et\/wp-json\/wp\/v2\/types\/product"}],"replies":[{"embeddable":true,"href":"https:\/\/indoorgarden.ee\/et\/wp-json\/wp\/v2\/comments?post=2283"}],"wp:featuredmedia":[{"embeddable":true,"href":"https:\/\/indoorgarden.ee\/et\/wp-json\/wp\/v2\/media\/2282"}],"wp:attachment":[{"href":"https:\/\/indoorgarden.ee\/et\/wp-json\/wp\/v2\/media?parent=2283"}],"wp:term":[{"taxonomy":"product_brand","embeddable":true,"href":"https:\/\/indoorgarden.ee\/et\/wp-json\/wp\/v2\/product_brand?post=2283"},{"taxonomy":"product_cat","embeddable":true,"href":"https:\/\/indoorgarden.ee\/et\/wp-json\/wp\/v2\/product_cat?post=2283"},{"taxonomy":"product_tag","embeddable":true,"href":"https:\/\/indoorgarden.ee\/et\/wp-json\/wp\/v2\/product_tag?post=2283"}],"curies":[{"name":"wp","href":"https:\/\/api.w.org\/{rel}","templated":true}]}}