{"id":2275,"date":"2025-11-18T15:19:42","date_gmt":"2025-11-18T13:19:42","guid":{"rendered":"https:\/\/indoorgarden.ee\/product\/aiakressi-seemned-kiirekasvuline-supertoit-hudropoonika-ja-nutikate-siseaedade-jaoks\/"},"modified":"2026-04-26T15:45:20","modified_gmt":"2026-04-26T12:45:20","slug":"aiakressi-seemned-kiirekasvuline-supertoit-hudropoonika-ja-nutikate-siseaedade-jaoks","status":"publish","type":"product","link":"https:\/\/indoorgarden.ee\/et\/toode\/aiakressi-seemned-kiirekasvuline-supertoit-hudropoonika-ja-nutikate-siseaedade-jaoks\/","title":{"rendered":"Salatkressi seemned \u2013 kiirelt kasvav lehtk\u00f6\u00f6givili h\u00fcdropoonikasse ja idupurkidesse"},"content":{"rendered":"<h2>Aiakressist l\u00e4hemalt<\/h2>\n<p>Aiakress on \u00fcheaastane, kiirekasvuline maitsetaim, mis on tuntud oma v\u00e4ikeste, pipraste ja aromaatsete lehtede poolest. See on \u00fcks kiiremini valmivaid \u00fcrte ning seda kasutatakse laialdaselt salatites, v\u00f5ileibades, smuutides ja garneeringutes, lisades roogadele v\u00e4rsket ja v\u00fcrtsikat maitset. Taim on lihtne kasvatada ja sobib suurep\u00e4raselt algatajatele.  <\/p>\n<h2>H\u00fcdropoonika ja nutiaedadega \u00fchilduvus<\/h2>\n<p>Aiakress kasvab eriti h\u00e4sti h\u00fcdropoonikas\u00fcsteemides ja nutikates siseaedades. \u00dchtlane niiskus ja tasakaalustatud toitained v\u00f5imaldavad taimedel kasvada kiiresti ja \u00fchtlaselt \u2014 sageli palju kiiremini kui mullas. Seet\u00f5ttu on aiakress ideaalne supertoit mikrov\u00f5rsetena, mida saab kasvatada aastaringselt.  <\/p>\n<h2>Omadused<\/h2>\n<ul>\n<li>V\u00e4ga kiire idanemine \u2014 v\u00f5rsed ilmuvad juba 2\u20133 p\u00e4evaga<\/li>\n<li>Iseloomulik v\u00fcrtsikas maitse salatitele ja garneeringutele<\/li>\n<li>Sobib h\u00fcdropoonikasse, nutiaedadesse ja idandamiss\u00fcsteemidesse<\/li>\n<li>Algajas\u00f5bralik ja v\u00e4hest hooldust n\u00f5udev<\/li>\n<li>V\u00f5ib kasvatada j\u00e4rjepidevalt p\u00fcsiva saagi saamiseks<\/li>\n<\/ul>\n<h2>Kasvatamine ja koristus<\/h2>\n<ul>\n<li>Traditsiooniline k\u00fclv: puista seemned \u00f5hukese kihina ja hoia substraat \u00fchtlaselt niiske.<\/li>\n<li>H\u00fcdropoonikas: k\u00fclva aastaringselt ning korista kiiresti mikrov\u00f5rsetena.<\/li>\n<li>Idanemine kestab vaid 2\u20133 p\u00e4eva.<\/li>\n<li>Pideva saagi tagamiseks k\u00fclva iga 7\u201314 p\u00e4eva j\u00e4rel.<\/li>\n<li>Korista noori lehti, kui need on saavutanud soovitud suuruse.<\/li>\n<\/ul>\n<p>T\u00e4iuslik kiirekasvuline supertoit k\u00f5igile, kes hindavad v\u00e4rskeid, toitainerikkaid rohelisi minimaalse vaevaga.<\/p>\n","protected":false},"excerpt":{"rendered":"<p>Salatkressi seemned. \u00dcks kiiremaid kultuure \u2013 idud valmis seitsme p\u00e4evaga. Annab v\u00f5ileibadele, salatitele ja k\u00f5rvalroogadele teravat ja v\u00e4rsket maitset.<\/p>\n","protected":false},"featured_media":2274,"comment_status":"closed","ping_status":"closed","template":"","meta":[],"product_brand":[240],"product_cat":[93,103],"product_tag":[],"class_list":{"0":"post-2275","1":"product","2":"type-product","3":"status-publish","4":"has-post-thumbnail","6":"product_brand-agronom","7":"product_cat-seemned","8":"product_cat-urdi-seemned","9":"pa_indoor-garden-seeds-kress","11":"first","12":"instock","13":"taxable","14":"shipping-taxable","15":"purchasable","16":"product-type-simple"},"jetpack_sharing_enabled":true,"jetpack-related-posts":[{"id":2287,"url":"https:\/\/indoorgarden.ee\/et\/toode\/aedsalat-salad-bowl-seemned-kiiresti-kasvav-lehtsalat-hudropoonikas-ja-nutiaedades-kasvatamiseks\/","url_meta":{"origin":2275,"position":0},"title":"Mahe lehtsalati \u2018Salad Bowl\u2019 seemned \u2013 kiirelt kasvav sort h\u00fcdropoonikasse ja nutiaeda","author":"admin","date":"18. nov. 2025","format":false,"excerpt":"Mahe lehtsalati \u2018Salad Bowl\u2019 seemned. Kiirelt kasvav, korduvalt korjatav sort \u2013 l\u00f5ika lehed ja taim kasvab uuesti tagasi.","rel":"","context":"Similar post","block_context":{"text":"Similar post","link":""},"img":{"alt_text":"","src":"https:\/\/i0.wp.com\/indoorgarden.ee\/wp-content\/uploads\/2025\/11\/4770168151611.png?resize=350%2C200&ssl=1","width":350,"height":200},"classes":[]},{"id":2223,"url":"https:\/\/indoorgarden.ee\/et\/toode\/rukola-seemned-kiirekasvuline-maitsetaim-hudropoonika-ja-nutiaedade-jaoks\/","url_meta":{"origin":2275,"position":1},"title":"Mahe rukola seemned \u2013 kiirelt kasvav \u00fcrt h\u00fcdropoonikasse ja nutiaeda","author":"admin","date":"18. nov. 2025","format":false,"excerpt":"Mahe rukola seemned. Kiirelt kasvav, pisut p\u00e4hklise-pipraga maitsega salat \u2013 sobib salatitele, v\u00f5ileibadele ja pizzale lisana.","rel":"","context":"Similar post","block_context":{"text":"Similar post","link":""},"img":{"alt_text":"","src":"https:\/\/i0.wp.com\/indoorgarden.ee\/wp-content\/uploads\/2025\/11\/4770168151444.jpg?resize=350%2C200&ssl=1","width":350,"height":200},"classes":[]},{"id":2177,"url":"https:\/\/indoorgarden.ee\/et\/toode\/valge-sinepi-vorsete-seemned-100-g-kiirekasvuline-supertoit-ideaalne-hudropoonikasse-ja-idandamisnoudesse\/","url_meta":{"origin":2275,"position":2},"title":"Mikrov\u00f5rsete valge sinepi seemned 100 g \u2013 kiirelt kasvav superfood h\u00fcdropoonikasse ja idupurkidesse","author":"admin","date":"16. nov. 2025","format":false,"excerpt":"Mikrov\u00f5rsete valge sinepi seemned 100 g. Kiire kasv, kerge teravus, sobib salatitele ja v\u00f5ileibadele. Lihtne kasvatada idupurkides ja alustel.","rel":"","context":"Similar post","block_context":{"text":"Similar post","link":""},"img":{"alt_text":"","src":"https:\/\/i0.wp.com\/indoorgarden.ee\/wp-content\/uploads\/2025\/11\/4770168921214.jpg?resize=350%2C200&ssl=1","width":350,"height":200,"srcset":"https:\/\/i0.wp.com\/indoorgarden.ee\/wp-content\/uploads\/2025\/11\/4770168921214.jpg?resize=350%2C200&ssl=1 1x, https:\/\/i0.wp.com\/indoorgarden.ee\/wp-content\/uploads\/2025\/11\/4770168921214.jpg?resize=525%2C300&ssl=1 1.5x, https:\/\/i0.wp.com\/indoorgarden.ee\/wp-content\/uploads\/2025\/11\/4770168921214.jpg?resize=700%2C400&ssl=1 2x, https:\/\/i0.wp.com\/indoorgarden.ee\/wp-content\/uploads\/2025\/11\/4770168921214.jpg?resize=1050%2C600&ssl=1 3x"},"classes":[]},{"id":2020,"url":"https:\/\/indoorgarden.ee\/et\/toode\/kaharpeterselli-seemned-bravour-1g-dekoratiiv-ja-maitsetaim-petroselinum-crispum\/","url_meta":{"origin":2275,"position":3},"title":"K\u00e4hara peterselli \u2018Bravour\u2019 seemned 1 g \u2013 dekoratiivne ja s\u00f6\u00f6dav maitsetaim (Petroselinum crispum)","author":"admin","date":"29. sept. 2025","format":false,"excerpt":"K\u00e4hara peterselli \u2018Bravour\u2019 seemned 1 g. Dekoratiivse v\u00e4ljan\u00e4gemisega s\u00f6\u00f6dav maitsetaim \u2013 sobib salatile, kaunistuseks ja taldrikule serveerimisel.","rel":"","context":"Similar post","block_context":{"text":"Similar post","link":""},"img":{"alt_text":"","src":"https:\/\/i0.wp.com\/indoorgarden.ee\/wp-content\/uploads\/2025\/09\/product-1822652_0-1402472.jpg?resize=350%2C200&ssl=1","width":350,"height":200,"srcset":"https:\/\/i0.wp.com\/indoorgarden.ee\/wp-content\/uploads\/2025\/09\/product-1822652_0-1402472.jpg?resize=350%2C200&ssl=1 1x, https:\/\/i0.wp.com\/indoorgarden.ee\/wp-content\/uploads\/2025\/09\/product-1822652_0-1402472.jpg?resize=525%2C300&ssl=1 1.5x, https:\/\/i0.wp.com\/indoorgarden.ee\/wp-content\/uploads\/2025\/09\/product-1822652_0-1402472.jpg?resize=700%2C400&ssl=1 2x"},"classes":[]},{"id":2186,"url":"https:\/\/indoorgarden.ee\/et\/toode\/redise-vorsete-seemned-100g-kiiresti-kasvav-supertoit-ideaalne-idandamiseks-ja-hudropooniliseks-kasvatamiseks\/","url_meta":{"origin":2275,"position":4},"title":"Mikrov\u00f5rsete redise seemned 100 g \u2013 terav superfood h\u00fcdropoonikasse ja idupurkidesse","author":"admin","date":"16. nov. 2025","format":false,"excerpt":"Mikrov\u00f5rsete redise seemned 100 g. Terava maitsega mikrov\u00f5rse salatitele, v\u00f5ileibadele ja taldriku kaunistamiseks. Kiire kasv, idud valmis n\u00e4dalaga.","rel":"","context":"Similar post","block_context":{"text":"Similar post","link":""},"img":{"alt_text":"","src":"https:\/\/i0.wp.com\/indoorgarden.ee\/wp-content\/uploads\/2025\/11\/4770168921207.jpg?resize=350%2C200&ssl=1","width":350,"height":200,"srcset":"https:\/\/i0.wp.com\/indoorgarden.ee\/wp-content\/uploads\/2025\/11\/4770168921207.jpg?resize=350%2C200&ssl=1 1x, https:\/\/i0.wp.com\/indoorgarden.ee\/wp-content\/uploads\/2025\/11\/4770168921207.jpg?resize=525%2C300&ssl=1 1.5x, https:\/\/i0.wp.com\/indoorgarden.ee\/wp-content\/uploads\/2025\/11\/4770168921207.jpg?resize=700%2C400&ssl=1 2x, https:\/\/i0.wp.com\/indoorgarden.ee\/wp-content\/uploads\/2025\/11\/4770168921207.jpg?resize=1050%2C600&ssl=1 3x"},"classes":[]},{"id":2191,"url":"https:\/\/indoorgarden.ee\/et\/toode\/kahara-lehtkapsa-vorsete-seemned-100g-kiiresti-kasvav-supertoit-ideaalne-hudropoonika-ja-idanemiskausside-jaoks\/","url_meta":{"origin":2275,"position":5},"title":"Mikrov\u00f5rsete k\u00e4hara lehtkapsa seemned 100 g \u2013 toitainerikas superfood h\u00fcdropoonikasse ja idupurkidesse","author":"admin","date":"16. nov. 2025","format":false,"excerpt":"Mikrov\u00f5rsete k\u00e4hara lehtkapsa seemned 100 g. Toitainerikas mikrov\u00f5rse smuutidesse, salatitele ja toiduks. Kiire kasv, idud valmis n\u00e4dalaga.","rel":"","context":"Similar post","block_context":{"text":"Similar post","link":""},"img":{"alt_text":"","src":"https:\/\/i0.wp.com\/indoorgarden.ee\/wp-content\/uploads\/2025\/11\/4770168921160.jpg?resize=350%2C200&ssl=1","width":350,"height":200,"srcset":"https:\/\/i0.wp.com\/indoorgarden.ee\/wp-content\/uploads\/2025\/11\/4770168921160.jpg?resize=350%2C200&ssl=1 1x, https:\/\/i0.wp.com\/indoorgarden.ee\/wp-content\/uploads\/2025\/11\/4770168921160.jpg?resize=525%2C300&ssl=1 1.5x, https:\/\/i0.wp.com\/indoorgarden.ee\/wp-content\/uploads\/2025\/11\/4770168921160.jpg?resize=700%2C400&ssl=1 2x, https:\/\/i0.wp.com\/indoorgarden.ee\/wp-content\/uploads\/2025\/11\/4770168921160.jpg?resize=1050%2C600&ssl=1 3x"},"classes":[]}],"_links":{"self":[{"href":"https:\/\/indoorgarden.ee\/et\/wp-json\/wp\/v2\/product\/2275","targetHints":{"allow":["GET"]}}],"collection":[{"href":"https:\/\/indoorgarden.ee\/et\/wp-json\/wp\/v2\/product"}],"about":[{"href":"https:\/\/indoorgarden.ee\/et\/wp-json\/wp\/v2\/types\/product"}],"replies":[{"embeddable":true,"href":"https:\/\/indoorgarden.ee\/et\/wp-json\/wp\/v2\/comments?post=2275"}],"wp:featuredmedia":[{"embeddable":true,"href":"https:\/\/indoorgarden.ee\/et\/wp-json\/wp\/v2\/media\/2274"}],"wp:attachment":[{"href":"https:\/\/indoorgarden.ee\/et\/wp-json\/wp\/v2\/media?parent=2275"}],"wp:term":[{"taxonomy":"product_brand","embeddable":true,"href":"https:\/\/indoorgarden.ee\/et\/wp-json\/wp\/v2\/product_brand?post=2275"},{"taxonomy":"product_cat","embeddable":true,"href":"https:\/\/indoorgarden.ee\/et\/wp-json\/wp\/v2\/product_cat?post=2275"},{"taxonomy":"product_tag","embeddable":true,"href":"https:\/\/indoorgarden.ee\/et\/wp-json\/wp\/v2\/product_tag?post=2275"}],"curies":[{"name":"wp","href":"https:\/\/api.w.org\/{rel}","templated":true}]}}