{"id":2271,"date":"2025-11-18T15:12:55","date_gmt":"2025-11-18T13:12:55","guid":{"rendered":"https:\/\/indoorgarden.ee\/product\/oregano-seemned-aromaatiline-mitmeaastane-urt-hudropoonikasse-ja-nutiaeda\/"},"modified":"2026-04-26T15:45:20","modified_gmt":"2026-04-26T12:45:20","slug":"oregano-seemned-aromaatiline-mitmeaastane-urt-hudropoonikasse-ja-nutiaeda","status":"publish","type":"product","link":"https:\/\/indoorgarden.ee\/et\/toode\/oregano-seemned-aromaatiline-mitmeaastane-urt-hudropoonikasse-ja-nutiaeda\/","title":{"rendered":"Mahe pune seemned (Origanum vulgare) \u2013 aromaatne mitmeaastane maitsetaim h\u00fcdropoonikasse ja nutiaeda"},"content":{"rendered":"<h2>Oregano kohta<\/h2>\n<p>Oregano on mitmeaastane maitsetaim, mida hinnatakse selle tugeva, maal\u00e4hedase maitse ja rikkaliku aroomi poolest. Nii v\u00e4rskeid kui ka kuivatatud lehti kasutatakse laialdaselt salatites, praetud liha, kastmete ja marinaadide valmistamisel. Itaalia k\u00f6\u00f6gi \u00fche olulise maitsetaimena on oregano eriti populaarne pizza, pasta ja tomatip\u00f5histe roogade maitsestamiseks. Ta on tuntud ka kui nektarit tootev taim, mis meelitab \u00f5ues kasvatades ligi tolmeldajaid.   <\/p>\n<h2>H\u00fcdropoonika ja nutiaedadega \u00fchilduvus<\/h2>\n<p>Oregano kohaneb v\u00e4ga h\u00e4sti h\u00fcdropooniliste ja arukate siseaias\u00fcsteemidega. Pideva vee ja toitainetega h\u00fcdropoonilised s\u00fcsteemid toetavad kiiremat ja tihedamat kasvu v\u00f5rreldes traditsioonilise mullaga. Nii on lihtne nautida v\u00e4rsket pune aastaringselt, isegi v\u00e4ikestes siseruumides.  <\/p>\n<h2>Omadused<\/h2>\n<ul>\n<li>Mitmeaastane maitsetaim, millel on j\u00f5uline Vahemere maitse.<\/li>\n<li>Sobib v\u00e4rskelt kasutamiseks, kuivatamiseks ja pikaajaliseks s\u00e4ilitamiseks.<\/li>\n<li>Sobib suurep\u00e4raselt Itaalia roogade, nagu pitsa, pasta ja kastmete valmistamiseks.<\/li>\n<li>Kasvab h\u00e4sti h\u00fcdropoonikas, nutiaias, potis v\u00f5i v\u00e4litingimustes.<\/li>\n<li>Nektarit tootev ja dekoratiivne, kui seda kasvatatakse vabas \u00f5hus.<\/li>\n<\/ul>\n<h2>Kasvatamine ja koristus<\/h2>\n<ul>\n<li>Traditsioonilise k\u00fclvi korral istutage kevadel soojale ja p\u00e4ikesepaistelisele kohale.<\/li>\n<li>H\u00fcdropoonilistes s\u00fcsteemides k\u00fclva aastaringselt siseruumides, et saak oleks stabiilne.<\/li>\n<li>Nipsa tippe korrap\u00e4raselt, et soodustada p\u00f5\u00f5sastunud kasvu.<\/li>\n<li>Korja lehti vastavalt vajadusele &#8211; parim maitse on enne \u00f5itsemist.<\/li>\n<\/ul>\n<p>Vahemere piirkonna toiduarmastajatele kohustuslik maitsetaim, mis pakub julget maitset ja sobib suurep\u00e4raselt moodsate siseruumide kasvatuss\u00fcsteemidega.<\/p>\n","protected":false},"excerpt":{"rendered":"<p>Mahe pune seemned. Aromaatne mitmeaastane maitsetaim, asendamatu Itaalia k\u00f6\u00f6gis \u2013 pizza, pasta, salatid ja kalaroad.<\/p>\n","protected":false},"featured_media":2270,"comment_status":"closed","ping_status":"closed","template":"","meta":[],"product_brand":[237],"product_cat":[93,103],"product_tag":[],"class_list":{"0":"post-2271","1":"product","2":"type-product","3":"status-publish","4":"has-post-thumbnail","6":"product_brand-organic-way-et","7":"product_cat-seemned","8":"product_cat-urdi-seemned","9":"pa_seed-type-mahedad-seemned","11":"first","12":"instock","13":"taxable","14":"shipping-taxable","15":"purchasable","16":"product-type-simple"},"jetpack_sharing_enabled":true,"jetpack-related-posts":[{"id":2219,"url":"https:\/\/indoorgarden.ee\/et\/toode\/tuumiani-seemned-mitmeaastane-maitsetaim-hudropoonika-ja-nutikate-siseaedade-jaoks\/","url_meta":{"origin":2271,"position":0},"title":"Mahe aedt\u00fc\u00fcmiani seemned \u2013 mitmeaastane k\u00f6\u00f6gi\u00fcrt h\u00fcdropoonikasse ja nutiaeda","author":"admin","date":"18. nov. 2025","format":false,"excerpt":"Mahe aedt\u00fc\u00fcmiani seemned. Mitmeaastane vastupidav k\u00f6\u00f6gi\u00fcrt \u2013 aromaatne lisand lihale, kalale, juurviljadele ja salatile.","rel":"","context":"Similar post","block_context":{"text":"Similar post","link":""},"img":{"alt_text":"","src":"https:\/\/i0.wp.com\/indoorgarden.ee\/wp-content\/uploads\/2025\/11\/4770168151437.png?resize=350%2C200&ssl=1","width":350,"height":200,"srcset":"https:\/\/i0.wp.com\/indoorgarden.ee\/wp-content\/uploads\/2025\/11\/4770168151437.png?resize=350%2C200&ssl=1 1x, https:\/\/i0.wp.com\/indoorgarden.ee\/wp-content\/uploads\/2025\/11\/4770168151437.png?resize=525%2C300&ssl=1 1.5x, https:\/\/i0.wp.com\/indoorgarden.ee\/wp-content\/uploads\/2025\/11\/4770168151437.png?resize=700%2C400&ssl=1 2x"},"classes":[]},{"id":1337,"url":"https:\/\/indoorgarden.ee\/et\/toode\/murulaugu-seemned-kiiresti-kasvav-mitmeaastane-maitsetaim-nutikasse-sise-ja-vesiviljelusaiakesse-0-35g\/","url_meta":{"origin":2271,"position":1},"title":"Murulaugu seemned \u2013 kiirelt kasvav mitmeaastane \u00fcrt nutiaeda ja h\u00fcdropoonikale \u2013 0,35 g","author":"admin","date":"29. juuli 2025","format":false,"excerpt":"Murulaugu seemned 0,35 g. Mitmeaastane vastupidav \u00fcrt \u2013 pakub aastast aastasse v\u00e4rsket \u00f5rna sibulamaitset salatitele, v\u00f5ileibadele ja kartulitele.","rel":"","context":"Similar post","block_context":{"text":"Similar post","link":""},"img":{"alt_text":"","src":"https:\/\/i0.wp.com\/indoorgarden.ee\/wp-content\/uploads\/2025\/07\/product-153116_0-1401025.jpg?resize=350%2C200&ssl=1","width":350,"height":200,"srcset":"https:\/\/i0.wp.com\/indoorgarden.ee\/wp-content\/uploads\/2025\/07\/product-153116_0-1401025.jpg?resize=350%2C200&ssl=1 1x, https:\/\/i0.wp.com\/indoorgarden.ee\/wp-content\/uploads\/2025\/07\/product-153116_0-1401025.jpg?resize=525%2C300&ssl=1 1.5x, https:\/\/i0.wp.com\/indoorgarden.ee\/wp-content\/uploads\/2025\/07\/product-153116_0-1401025.jpg?resize=700%2C400&ssl=1 2x"},"classes":[]},{"id":2016,"url":"https:\/\/indoorgarden.ee\/et\/toode\/salvei-seemned-0-5g-aromaatne-maitsetaim-salvia-officinalis\/","url_meta":{"origin":2271,"position":2},"title":"Aedsalvei seemned 0,5 g \u2013 aromaatne maitsetaim (Salvia officinalis)","author":"admin","date":"29. sept. 2025","format":false,"excerpt":"Aedsalvei seemned 0,5 g. Aromaatne mitmeaastane maitsetaim, mis sobib lihale, kalale ja teedele. Kasvab nii potis kui nutiaias.","rel":"","context":"Similar post","block_context":{"text":"Similar post","link":""},"img":{"alt_text":"","src":"https:\/\/i0.wp.com\/indoorgarden.ee\/wp-content\/uploads\/2025\/09\/product-1822651_0-1401190.jpg?resize=350%2C200&ssl=1","width":350,"height":200,"srcset":"https:\/\/i0.wp.com\/indoorgarden.ee\/wp-content\/uploads\/2025\/09\/product-1822651_0-1401190.jpg?resize=350%2C200&ssl=1 1x, https:\/\/i0.wp.com\/indoorgarden.ee\/wp-content\/uploads\/2025\/09\/product-1822651_0-1401190.jpg?resize=525%2C300&ssl=1 1.5x, https:\/\/i0.wp.com\/indoorgarden.ee\/wp-content\/uploads\/2025\/09\/product-1822651_0-1401190.jpg?resize=700%2C400&ssl=1 2x"},"classes":[]},{"id":2265,"url":"https:\/\/indoorgarden.ee\/et\/toode\/sidrunmelissi-seemned-aromaatne-mitmeaastane-ravimtaim-hudropoonikasse-ja-nutiaeda\/","url_meta":{"origin":2271,"position":3},"title":"Mahe sidrunmelissi seemned \u2013 aromaatne mitmeaastane \u00fcrt h\u00fcdropoonikasse ja nutiaeda","author":"admin","date":"18. nov. 2025","format":false,"excerpt":"Mahe sidrunmelissi seemned. Aromaatne mitmeaastane \u00fcrt sidrunise l\u00f5hnaga \u2013 sobib teedele, salatitele ja desserdiks.","rel":"","context":"Similar post","block_context":{"text":"Similar post","link":""},"img":{"alt_text":"","src":"https:\/\/i0.wp.com\/indoorgarden.ee\/wp-content\/uploads\/2025\/11\/4770168913561.png?resize=350%2C200&ssl=1","width":350,"height":200},"classes":[]},{"id":2146,"url":"https:\/\/indoorgarden.ee\/et\/toode\/lavendel-lavandula-officinalis-siseruumides-ja-nutiaedades-kasvatamiseks\/","url_meta":{"origin":2271,"position":4},"title":"Lavendel (Lavandula officinalis) \u2013 aromaatne mitmeaastane ravimtaim sisetingimustele","author":"admin","date":"31. aug. 2025","format":false,"excerpt":"Lavendel (Lavandula officinalis) seemned. Aromaatne mitmeaastane ravimtaim, kasvab kuni 50 cm \u2013 sobib k\u00f6\u00f6gile, teedele ja loomulikuks parf\u00fc\u00fcmiks.","rel":"","context":"Similar post","block_context":{"text":"Similar post","link":""},"img":{"alt_text":"Lavender Lavendula officinalis","src":"https:\/\/i0.wp.com\/indoorgarden.ee\/wp-content\/uploads\/2025\/08\/Lavender-Lavendula-officinalis-for-indoor-growing.jpg?resize=350%2C200&ssl=1","width":350,"height":200,"srcset":"https:\/\/i0.wp.com\/indoorgarden.ee\/wp-content\/uploads\/2025\/08\/Lavender-Lavendula-officinalis-for-indoor-growing.jpg?resize=350%2C200&ssl=1 1x, https:\/\/i0.wp.com\/indoorgarden.ee\/wp-content\/uploads\/2025\/08\/Lavender-Lavendula-officinalis-for-indoor-growing.jpg?resize=525%2C300&ssl=1 1.5x, https:\/\/i0.wp.com\/indoorgarden.ee\/wp-content\/uploads\/2025\/08\/Lavender-Lavendula-officinalis-for-indoor-growing.jpg?resize=700%2C400&ssl=1 2x"},"classes":[]},{"id":746,"url":"https:\/\/indoorgarden.ee\/et\/toode\/suvipiha-tuumiani-seemned-0-15g-kiiresti-kasvav-maitsetaim-nutikasse-siseaeda\/","url_meta":{"origin":2271,"position":5},"title":"Aedt\u00fc\u00fcmiani \u2018Suvipiha\u2019 seemned 0,15 g \u2013 kiirelt kasvav k\u00f6\u00f6gi\u00fcrt nutiaeda","author":"admin","date":"23. juuli 2025","format":false,"excerpt":"Aedt\u00fc\u00fcmiani Suvipiha seemned 0,15 g. Kiirelt kasvav k\u00f6\u00f6gi\u00fcrt \u2013 aromaatne lisand kalale, lihale, juurviljadele ja salatile. Mitmeaastane ja vastupidav.","rel":"","context":"Similar post","block_context":{"text":"Similar post","link":""},"img":{"alt_text":"","src":"https:\/\/i0.wp.com\/indoorgarden.ee\/wp-content\/uploads\/2025\/07\/product-42149_0-1401225.jpg?resize=350%2C200&ssl=1","width":350,"height":200,"srcset":"https:\/\/i0.wp.com\/indoorgarden.ee\/wp-content\/uploads\/2025\/07\/product-42149_0-1401225.jpg?resize=350%2C200&ssl=1 1x, https:\/\/i0.wp.com\/indoorgarden.ee\/wp-content\/uploads\/2025\/07\/product-42149_0-1401225.jpg?resize=525%2C300&ssl=1 1.5x, https:\/\/i0.wp.com\/indoorgarden.ee\/wp-content\/uploads\/2025\/07\/product-42149_0-1401225.jpg?resize=700%2C400&ssl=1 2x"},"classes":[]}],"_links":{"self":[{"href":"https:\/\/indoorgarden.ee\/et\/wp-json\/wp\/v2\/product\/2271","targetHints":{"allow":["GET"]}}],"collection":[{"href":"https:\/\/indoorgarden.ee\/et\/wp-json\/wp\/v2\/product"}],"about":[{"href":"https:\/\/indoorgarden.ee\/et\/wp-json\/wp\/v2\/types\/product"}],"replies":[{"embeddable":true,"href":"https:\/\/indoorgarden.ee\/et\/wp-json\/wp\/v2\/comments?post=2271"}],"wp:featuredmedia":[{"embeddable":true,"href":"https:\/\/indoorgarden.ee\/et\/wp-json\/wp\/v2\/media\/2270"}],"wp:attachment":[{"href":"https:\/\/indoorgarden.ee\/et\/wp-json\/wp\/v2\/media?parent=2271"}],"wp:term":[{"taxonomy":"product_brand","embeddable":true,"href":"https:\/\/indoorgarden.ee\/et\/wp-json\/wp\/v2\/product_brand?post=2271"},{"taxonomy":"product_cat","embeddable":true,"href":"https:\/\/indoorgarden.ee\/et\/wp-json\/wp\/v2\/product_cat?post=2271"},{"taxonomy":"product_tag","embeddable":true,"href":"https:\/\/indoorgarden.ee\/et\/wp-json\/wp\/v2\/product_tag?post=2271"}],"curies":[{"name":"wp","href":"https:\/\/api.w.org\/{rel}","templated":true}]}}