{"id":2241,"date":"2025-11-18T14:09:11","date_gmt":"2025-11-18T12:09:11","guid":{"rendered":"https:\/\/indoorgarden.ee\/product\/salat-bionda-a-foglia-riccia-seemned-kiiresti-kasvav-lehtsalat-hudropooniliseks-ja-nutiaedades-kasvatamiseks\/"},"modified":"2026-04-26T15:52:20","modified_gmt":"2026-04-26T12:52:20","slug":"salat-bionda-a-foglia-riccia-seemned-kiiresti-kasvav-lehtsalat-hudropooniliseks-ja-nutiaedades-kasvatamiseks","status":"publish","type":"product","link":"https:\/\/indoorgarden.ee\/et\/toode\/salat-bionda-a-foglia-riccia-seemned-kiiresti-kasvav-lehtsalat-hudropooniliseks-ja-nutiaedades-kasvatamiseks\/","title":{"rendered":"Mahe lehtsalati \u2018Bionda a Foglia Riccia\u2019 seemned \u2013 kiirelt kasvav sort h\u00fcdropoonikasse ja nutiaeda"},"content":{"rendered":"<h2>Lettuce Bionda a Foglia Riccia kohta<\/h2>\n<p>Salat Bionda a Foglia Riccia on varajane, \u00f5rn lehtsalatisort, mis on tuntud oma erkroheliste, peenelt kumerate lehtede ja maheda, v\u00e4rskendava maitse poolest. See on l\u00f5igatav ja uuesti kasvav t\u00fc\u00fcp, mis t\u00e4hendab, et ta kasvab p\u00e4rast korjet uuesti, pakkudes pidevalt v\u00e4rsket salatilehti. Sobib ideaalselt salatite, v\u00f5ileibade, wrappide ja igap\u00e4evaste toitude valmistamiseks.  <\/p>\n<h2>H\u00fcdropoonika ja nutiaedadega \u00fchilduvus<\/h2>\n<p>See salatisort kasvab erakordselt h\u00e4sti h\u00fcdropoonilistes s\u00fcsteemides ja arukates siseaedades, kus pidev niiskus ja toitained aitavad toota kargeid ja eluj\u00f5ulisi lehti. H\u00fcdropoonika toetab kiiremat ja usaldusv\u00e4\u00e4rsemat kasvu v\u00f5rreldes traditsioonilise mullaga, mist\u00f5ttu sobib see ideaalselt aastaringseks kasvatamiseks siseruumides &#8211; hooajalisi piiranguid ei ole. <\/p>\n<h2>Omadused<\/h2>\n<ul>\n<li>Varajane, kiiresti kasvav lehtsalat<\/li>\n<li>L\u00f5ika-ja-kasvata uuesti &#8211; toodab mitmekordset saaki<\/li>\n<li>Sobib h\u00fcdropoonikasse, nutiaedadesse, kasvuhoonetesse ja v\u00e4lipeenardele.<\/li>\n<li>Mahedad ja maitsvad lehed, mis sobivad ideaalselt v\u00e4rsketesse salatitesse ja toiduvalmistamiseks.<\/li>\n<li>Kasvab k\u00f5ige paremini lahtisel, viljakal mullal, kui seda kasvatatakse traditsiooniliselt.<\/li>\n<\/ul>\n<h2>Kasvatamine ja koristus<\/h2>\n<ul>\n<li>Traditsioonilise kasvatamise puhul alustage seemnete kasvatamist istutusalusesse, et saavutada parimad tulemused.<\/li>\n<li>Istutage \u00fcmber lahtisse, viljakasse mulda v\u00f5i kasvatage otse h\u00fcdropoonilistes k\u00e4snades v\u00f5i mattides.<\/li>\n<li>Korjake v\u00e4limised lehed, kui need on k\u00fcpsed; taim j\u00e4tkab uue kasvu.<\/li>\n<li>Nutiaias ja h\u00fcdropoonikas saab seda kasvatada aastaringselt.<\/li>\n<\/ul>\n<p>Mitmek\u00fclgne ja usaldusv\u00e4\u00e4rne salatisort, mis sobib ideaalselt aednikele, kes soovivad v\u00e4rsket rohelist k\u00f6\u00f6givilja minimaalse vaevaga.<\/p>\n","protected":false},"excerpt":{"rendered":"<p>Mahe lehtsalati \u2018Bionda a Foglia Riccia\u2019 seemned. Kiirelt kasvav, kohevate kortsuliste lehtedega sort \u2013 sobib salatisse ja v\u00f5ileivale, kasvab nutiaias ja aknalaual.<\/p>\n","protected":false},"featured_media":2240,"comment_status":"closed","ping_status":"closed","template":"","meta":[],"product_brand":[237],"product_cat":[93,104],"product_tag":[],"class_list":{"0":"post-2241","1":"product","2":"type-product","3":"status-publish","4":"has-post-thumbnail","6":"product_brand-organic-way-et","7":"product_cat-seemned","8":"product_cat-salati-ja-lehtkoogiviljade-seemned","9":"pa_indoor-garden-seeds-lehtsalat","10":"pa_seed-type-mahedad-seemned","12":"first","13":"instock","14":"taxable","15":"shipping-taxable","16":"purchasable","17":"product-type-simple"},"jetpack_sharing_enabled":true,"jetpack-related-posts":[{"id":2287,"url":"https:\/\/indoorgarden.ee\/et\/toode\/aedsalat-salad-bowl-seemned-kiiresti-kasvav-lehtsalat-hudropoonikas-ja-nutiaedades-kasvatamiseks\/","url_meta":{"origin":2241,"position":0},"title":"Mahe lehtsalati \u2018Salad Bowl\u2019 seemned \u2013 kiirelt kasvav sort h\u00fcdropoonikasse ja nutiaeda","author":"admin","date":"18. nov. 2025","format":false,"excerpt":"Mahe lehtsalati \u2018Salad Bowl\u2019 seemned. Kiirelt kasvav, korduvalt korjatav sort \u2013 l\u00f5ika lehed ja taim kasvab uuesti tagasi.","rel":"","context":"Similar post","block_context":{"text":"Similar post","link":""},"img":{"alt_text":"","src":"https:\/\/i0.wp.com\/indoorgarden.ee\/wp-content\/uploads\/2025\/11\/4770168151611.png?resize=350%2C200&ssl=1","width":350,"height":200},"classes":[]},{"id":2238,"url":"https:\/\/indoorgarden.ee\/toode\/lettuce-bionda-a-foglia-riccia-seeds-fast-growing-leaf-lettuce-for-hydroponics-smart-indoor-gardens\/","url_meta":{"origin":2241,"position":1},"title":"Organic Lettuce Bionda a Foglia Riccia Seeds | Fast-Growing Leaf Lettuce for Hydroponics &#038; Smart Indoor Gardens","author":"admin","date":"18. nov. 2025","format":false,"excerpt":"About Lettuce Bionda a Foglia Riccia Lettuce Bionda a Foglia Riccia is an early, tender leaf lettuce variety known for its bright green, finely curled leaves and mild, refreshing flavour. It is a cut-and-come-again type, meaning it regrows after harvesting, providing a steady supply of fresh salad greens. Perfect for\u2026","rel":"","context":"Similar post","block_context":{"text":"Similar post","link":""},"img":{"alt_text":"","src":"https:\/\/i0.wp.com\/indoorgarden.ee\/wp-content\/uploads\/2025\/11\/4770168151314.png?resize=350%2C200&ssl=1","width":350,"height":200,"srcset":"https:\/\/i0.wp.com\/indoorgarden.ee\/wp-content\/uploads\/2025\/11\/4770168151314.png?resize=350%2C200&ssl=1 1x, https:\/\/i0.wp.com\/indoorgarden.ee\/wp-content\/uploads\/2025\/11\/4770168151314.png?resize=525%2C300&ssl=1 1.5x, https:\/\/i0.wp.com\/indoorgarden.ee\/wp-content\/uploads\/2025\/11\/4770168151314.png?resize=700%2C400&ssl=1 2x"},"classes":[]},{"id":2261,"url":"https:\/\/indoorgarden.ee\/et\/toode\/spinat-gigante-de-invierno-seemned-kiiresti-kasvav-beebilehtspinat-hudropoonikasse-ja-nutiaeda\/","url_meta":{"origin":2241,"position":2},"title":"Mahe spinati \u2018Gigante de Invierno\u2019 seemned \u2013 kiire beebileht h\u00fcdropoonikasse ja nutiaeda","author":"admin","date":"18. nov. 2025","format":false,"excerpt":"Mahe beebilehtspinati seemned, mis kasvavad sees kiiresti ja annavad hellitavalt pehmet lehestikku salatisse, smuutidesse ja k\u00f5rvalroogadesse.","rel":"","context":"Similar post","block_context":{"text":"Similar post","link":""},"img":{"alt_text":"","src":"https:\/\/i0.wp.com\/indoorgarden.ee\/wp-content\/uploads\/2025\/11\/4770168924352.jpg?resize=350%2C200&ssl=1","width":350,"height":200},"classes":[]},{"id":825,"url":"https:\/\/indoorgarden.ee\/et\/toode\/metsiku-sinepi-salatiseemned-mahedad-ja-vurtsikad-lehtrohelised-kiiresti-kasvavad-nutikasse-sise-ja-vesiviljelusaiakesse-1g\/","url_meta":{"origin":2241,"position":3},"title":"P\u00f5ldsinepi salati seemned \u2013 pehme ja kerge teravusega leht h\u00fcdropoonikasse ja nutiaeda","author":"admin","date":"28. sept. 2025","format":false,"excerpt":"P\u00f5ldsinepi salati seemned. Pehme, kerge teravusega lehestik kasvab kiiresti, sobib salatisse ja v\u00f5ileivale. Lihtne kasvatada nii nutiaias kui idupurkides.","rel":"","context":"Similar post","block_context":{"text":"Similar post","link":""},"img":{"alt_text":"","src":"https:\/\/i0.wp.com\/indoorgarden.ee\/wp-content\/uploads\/2025\/07\/product-42186_0-14025995.jpg?resize=350%2C200&ssl=1","width":350,"height":200,"srcset":"https:\/\/i0.wp.com\/indoorgarden.ee\/wp-content\/uploads\/2025\/07\/product-42186_0-14025995.jpg?resize=350%2C200&ssl=1 1x, https:\/\/i0.wp.com\/indoorgarden.ee\/wp-content\/uploads\/2025\/07\/product-42186_0-14025995.jpg?resize=525%2C300&ssl=1 1.5x, https:\/\/i0.wp.com\/indoorgarden.ee\/wp-content\/uploads\/2025\/07\/product-42186_0-14025995.jpg?resize=700%2C400&ssl=1 2x"},"classes":[]},{"id":2032,"url":"https:\/\/indoorgarden.ee\/et\/toode\/tilli-seemned-3g-anethum-graveolens-toiduvalmistamiseks-marineerimiseks-sobib-ka-toas-kasvatamiseks\/","url_meta":{"origin":2241,"position":4},"title":"Aedtilli seemned 3 g \u2013 Anethum graveolens k\u00f6\u00f6gile, marineerimisele ja h\u00fcdropoonikale","author":"admin","date":"29. sept. 2025","format":false,"excerpt":"Aedtilli seemned 3 g. Klassikaline k\u00f6\u00f6gitill kasvab kiiresti h\u00fcdropoonikas ja nutiaias \u2013 sobib supile, kalale, kartulitele ja marineerimiseks.","rel":"","context":"Similar post","block_context":{"text":"Similar post","link":""},"img":{"alt_text":"","src":"https:\/\/i0.wp.com\/indoorgarden.ee\/wp-content\/uploads\/2025\/09\/product-153036_0-1401055.jpg?resize=350%2C200&ssl=1","width":350,"height":200,"srcset":"https:\/\/i0.wp.com\/indoorgarden.ee\/wp-content\/uploads\/2025\/09\/product-153036_0-1401055.jpg?resize=350%2C200&ssl=1 1x, https:\/\/i0.wp.com\/indoorgarden.ee\/wp-content\/uploads\/2025\/09\/product-153036_0-1401055.jpg?resize=525%2C300&ssl=1 1.5x, https:\/\/i0.wp.com\/indoorgarden.ee\/wp-content\/uploads\/2025\/09\/product-153036_0-1401055.jpg?resize=700%2C400&ssl=1 2x"},"classes":[]},{"id":2186,"url":"https:\/\/indoorgarden.ee\/et\/toode\/redise-vorsete-seemned-100g-kiiresti-kasvav-supertoit-ideaalne-idandamiseks-ja-hudropooniliseks-kasvatamiseks\/","url_meta":{"origin":2241,"position":5},"title":"Mikrov\u00f5rsete redise seemned 100 g \u2013 terav superfood h\u00fcdropoonikasse ja idupurkidesse","author":"admin","date":"16. nov. 2025","format":false,"excerpt":"Mikrov\u00f5rsete redise seemned 100 g. Terava maitsega mikrov\u00f5rse salatitele, v\u00f5ileibadele ja taldriku kaunistamiseks. Kiire kasv, idud valmis n\u00e4dalaga.","rel":"","context":"Similar post","block_context":{"text":"Similar post","link":""},"img":{"alt_text":"","src":"https:\/\/i0.wp.com\/indoorgarden.ee\/wp-content\/uploads\/2025\/11\/4770168921207.jpg?resize=350%2C200&ssl=1","width":350,"height":200,"srcset":"https:\/\/i0.wp.com\/indoorgarden.ee\/wp-content\/uploads\/2025\/11\/4770168921207.jpg?resize=350%2C200&ssl=1 1x, https:\/\/i0.wp.com\/indoorgarden.ee\/wp-content\/uploads\/2025\/11\/4770168921207.jpg?resize=525%2C300&ssl=1 1.5x, https:\/\/i0.wp.com\/indoorgarden.ee\/wp-content\/uploads\/2025\/11\/4770168921207.jpg?resize=700%2C400&ssl=1 2x, https:\/\/i0.wp.com\/indoorgarden.ee\/wp-content\/uploads\/2025\/11\/4770168921207.jpg?resize=1050%2C600&ssl=1 3x"},"classes":[]}],"_links":{"self":[{"href":"https:\/\/indoorgarden.ee\/et\/wp-json\/wp\/v2\/product\/2241","targetHints":{"allow":["GET"]}}],"collection":[{"href":"https:\/\/indoorgarden.ee\/et\/wp-json\/wp\/v2\/product"}],"about":[{"href":"https:\/\/indoorgarden.ee\/et\/wp-json\/wp\/v2\/types\/product"}],"replies":[{"embeddable":true,"href":"https:\/\/indoorgarden.ee\/et\/wp-json\/wp\/v2\/comments?post=2241"}],"wp:featuredmedia":[{"embeddable":true,"href":"https:\/\/indoorgarden.ee\/et\/wp-json\/wp\/v2\/media\/2240"}],"wp:attachment":[{"href":"https:\/\/indoorgarden.ee\/et\/wp-json\/wp\/v2\/media?parent=2241"}],"wp:term":[{"taxonomy":"product_brand","embeddable":true,"href":"https:\/\/indoorgarden.ee\/et\/wp-json\/wp\/v2\/product_brand?post=2241"},{"taxonomy":"product_cat","embeddable":true,"href":"https:\/\/indoorgarden.ee\/et\/wp-json\/wp\/v2\/product_cat?post=2241"},{"taxonomy":"product_tag","embeddable":true,"href":"https:\/\/indoorgarden.ee\/et\/wp-json\/wp\/v2\/product_tag?post=2241"}],"curies":[{"name":"wp","href":"https:\/\/api.w.org\/{rel}","templated":true}]}}