{"id":2233,"date":"2025-11-18T13:50:53","date_gmt":"2025-11-18T11:50:53","guid":{"rendered":"https:\/\/indoorgarden.ee\/product\/petersell-moskrul-2-seemned-tumeroheline-maitsetaim-hudropooniliseks-ja-nutiaias-kasvatuseks\/"},"modified":"2026-04-26T18:51:32","modified_gmt":"2026-04-26T15:51:32","slug":"petersell-moskrul-2-seemned-tumeroheline-maitsetaim-hudropooniliseks-ja-nutiaias-kasvatuseks","status":"publish","type":"product","link":"https:\/\/indoorgarden.ee\/et\/toode\/petersell-moskrul-2-seemned-tumeroheline-maitsetaim-hudropooniliseks-ja-nutiaias-kasvatuseks\/","title":{"rendered":"Mahe peterselli \u2018Moskrul 2\u2019 seemned \u2013 k\u00e4har tumeroheline \u00fcrt h\u00fcdropoonikasse ja nutiaeda"},"content":{"rendered":"<h2>Peterselli &#8216;Moskrul 2&#8217; kohta<\/h2>\n<p>Petersell &#8216;Moskrul 2&#8217; on klassikaline k\u00e4hara lehega sort, mis on tuntud oma tiheda, tumerohelise lehestiku ja v\u00e4rske aroomi poolest. Seda kasutatakse laialdaselt maitsetaimena garneerimiseks, toitude maitsestamiseks ning salatite, suppide, hautiste ja smuutide maitsestamiseks. See sort on viljakas, mitmek\u00fclgne ja sobib kasutamiseks v\u00e4rskelt, kuivatatult v\u00f5i k\u00fclmutatud kujul.  <\/p>\n<h2>H\u00fcdropoonika ja nutiaedadega \u00fchilduvus<\/h2>\n<p>K\u00e4har petersell kasvab erakordselt h\u00e4sti h\u00fcdropoonilistes ja nutikates siseaias\u00fcsteemides, kus stabiilne niiskus ja toitained aitavad tal arendada t\u00e4idlasemaid lehti ja kiiremat j\u00e4relkasvu. H\u00fcdropoonikas v\u00f5ib petersell kasvada kuni mitu korda t\u00f5husamalt kui mullas, mist\u00f5ttu sobib see ideaalselt aastaringseks siseruumides kasvatamiseks. Nutikad aiad v\u00f5imaldavad nautida pidevalt v\u00e4rskeid maitsetaimi ka piiratud valguse v\u00f5i k\u00fclmematel aastaaegadel.  <\/p>\n<h2>Omadused<\/h2>\n<ul>\n<li>K\u00e4harad, paksud, tumerohelised ja tugeva maitsega lehed.<\/li>\n<li>Sobib suurep\u00e4raselt kaunistamiseks, toiduvalmistamiseks, kuivatamiseks ja k\u00fclmutamiseks.<\/li>\n<li>Lihtne kasvatada aknalaudadel, r\u00f5dudel, voodites v\u00f5i siseruumides.<\/li>\n<li>Tootlik sort, millel on p\u00fcsiv j\u00e4relkasv<\/li>\n<li>Traditsioonilisel kasvatamisel \u00f5itseb viljakas, h\u00e4sti ettevalmistatud mullas.<\/li>\n<li>Sobib v\u00e4ga h\u00e4sti h\u00fcdropoonilistesse salvedesse ja nutiaedadesse.<\/li>\n<\/ul>\n<h2>Kasvatamine ja koristus<\/h2>\n<ul>\n<li>Traditsiooniline k\u00fclvamine: kasvatada viljakas, umbrohuvabas mullas kevadest s\u00fcgiseni.<\/li>\n<li>Korjake regulaarselt lehti, kui taim on v\u00e4ljakujunenud.<\/li>\n<li>Korjake k\u00f5igepealt v\u00e4limised lehed, et soodustada pidevat kasvu.<\/li>\n<li>H\u00fcdropoonikas v\u00f5i nutiaias: k\u00fclva ja korista aastaringselt.<\/li>\n<\/ul>\n<p>Petersell &#8216;Moskrul 2&#8217; on suurep\u00e4rane valik k\u00f5igile, kes soovivad usaldusv\u00e4\u00e4rset, aromaatset maitsetaime, mis kasvab nii siseruumides kui ka vabas \u00f5hus.<\/p>\n","protected":false},"excerpt":{"rendered":"<p>Mahe peterselli \u2018Moskrul 2\u2019 seemned. K\u00e4har tumeroheline sort, sobib salatile, kaunistuseks ja toiduvalmistamiseks. Kasvab kiiresti nutiaias.<\/p>\n","protected":false},"featured_media":2232,"comment_status":"closed","ping_status":"closed","template":"","meta":[],"product_brand":[237],"product_cat":[93,103],"product_tag":[],"class_list":{"0":"post-2233","1":"product","2":"type-product","3":"status-publish","4":"has-post-thumbnail","6":"product_brand-organic-way-et","7":"product_cat-seemned","8":"product_cat-urdi-seemned","9":"pa_indoor-garden-seeds-petersell","10":"pa_seed-type-mahedad-seemned","12":"first","13":"instock","14":"taxable","15":"shipping-taxable","16":"purchasable","17":"product-type-simple"},"jetpack_sharing_enabled":true,"jetpack-related-posts":[{"id":2291,"url":"https:\/\/indoorgarden.ee\/et\/toode\/peterselli-gigante-ditalia-seemned-siledaleheline-petersell-hudropoonika-ja-nutikate-siseaedade-jaoks\/","url_meta":{"origin":2233,"position":0},"title":"Mahe peterselli \u2018Gigante d\u2019Italia\u2019 seemned \u2013 siledaleheline petersell h\u00fcdropoonikasse ja nutiaeda","author":"admin","date":"18. nov. 2025","format":false,"excerpt":"Mahe peterselli \u2018Gigante d\u2019Italia\u2019 seemned. Suuremahuline siledaleheline sort, sobib supile, salatile ja kaunistuseks taldrikule.","rel":"","context":"Similar post","block_context":{"text":"Similar post","link":""},"img":{"alt_text":"","src":"https:\/\/i0.wp.com\/indoorgarden.ee\/wp-content\/uploads\/2025\/11\/4770168151215.png?resize=350%2C200&ssl=1","width":350,"height":200,"srcset":"https:\/\/i0.wp.com\/indoorgarden.ee\/wp-content\/uploads\/2025\/11\/4770168151215.png?resize=350%2C200&ssl=1 1x, https:\/\/i0.wp.com\/indoorgarden.ee\/wp-content\/uploads\/2025\/11\/4770168151215.png?resize=525%2C300&ssl=1 1.5x, https:\/\/i0.wp.com\/indoorgarden.ee\/wp-content\/uploads\/2025\/11\/4770168151215.png?resize=700%2C400&ssl=1 2x"},"classes":[]},{"id":2020,"url":"https:\/\/indoorgarden.ee\/et\/toode\/kaharpeterselli-seemned-bravour-1g-dekoratiiv-ja-maitsetaim-petroselinum-crispum\/","url_meta":{"origin":2233,"position":1},"title":"K\u00e4hara peterselli \u2018Bravour\u2019 seemned 1 g \u2013 dekoratiivne ja s\u00f6\u00f6dav maitsetaim (Petroselinum crispum)","author":"admin","date":"29. sept. 2025","format":false,"excerpt":"K\u00e4hara peterselli \u2018Bravour\u2019 seemned 1 g. Dekoratiivse v\u00e4ljan\u00e4gemisega s\u00f6\u00f6dav maitsetaim \u2013 sobib salatile, kaunistuseks ja taldrikule serveerimisel.","rel":"","context":"Similar post","block_context":{"text":"Similar post","link":""},"img":{"alt_text":"","src":"https:\/\/i0.wp.com\/indoorgarden.ee\/wp-content\/uploads\/2025\/09\/product-1822652_0-1402472.jpg?resize=350%2C200&ssl=1","width":350,"height":200,"srcset":"https:\/\/i0.wp.com\/indoorgarden.ee\/wp-content\/uploads\/2025\/09\/product-1822652_0-1402472.jpg?resize=350%2C200&ssl=1 1x, https:\/\/i0.wp.com\/indoorgarden.ee\/wp-content\/uploads\/2025\/09\/product-1822652_0-1402472.jpg?resize=525%2C300&ssl=1 1.5x, https:\/\/i0.wp.com\/indoorgarden.ee\/wp-content\/uploads\/2025\/09\/product-1822652_0-1402472.jpg?resize=700%2C400&ssl=1 2x"},"classes":[]},{"id":1300,"url":"https:\/\/indoorgarden.ee\/et\/toode\/kahara-peterselli-astra-seemned-petroselinum-crispum-vitamiinirikas-poosasort-aeda-rodule-ja-siseruumidesse-1g\/","url_meta":{"origin":2233,"position":2},"title":"K\u00e4hara peterselli \u2018Astra\u2019 seemned (Petroselinum crispum) \u2013 vitamiinirikas tuhmne sort aeda, r\u00f5dule ja potti","author":"admin","date":"31. juuli 2025","format":false,"excerpt":"K\u00e4hara peterselli \u2018Astra\u2019 seemned. Vitamiinirikas tihke sort, mis sobib k\u00f6\u00f6gile, salatile ja kaunistuseks. Kasvab nii peenardel, r\u00f5dul kui ka aknalaual.","rel":"","context":"Similar post","block_context":{"text":"Similar post","link":""},"img":{"alt_text":"","src":"https:\/\/i0.wp.com\/indoorgarden.ee\/wp-content\/uploads\/2025\/07\/product-153239_0-L2804.jpg?resize=350%2C200&ssl=1","width":350,"height":200,"srcset":"https:\/\/i0.wp.com\/indoorgarden.ee\/wp-content\/uploads\/2025\/07\/product-153239_0-L2804.jpg?resize=350%2C200&ssl=1 1x, https:\/\/i0.wp.com\/indoorgarden.ee\/wp-content\/uploads\/2025\/07\/product-153239_0-L2804.jpg?resize=525%2C300&ssl=1 1.5x, https:\/\/i0.wp.com\/indoorgarden.ee\/wp-content\/uploads\/2025\/07\/product-153239_0-L2804.jpg?resize=700%2C400&ssl=1 2x"},"classes":[]},{"id":823,"url":"https:\/\/indoorgarden.ee\/et\/toode\/kahara-peterselli-sammalpoimunen-seemned-dekoratiivne-maitsetaim-garneerimiseks-ja-siseruumides-kasutamiseks-1g\/","url_meta":{"origin":2233,"position":3},"title":"K\u00e4hara peterselli \u2018Sammalpoimunen\u2019 seemned \u2013 dekoratiivne maitsetaim h\u00fcdropoonikasse ja nutiaeda","author":"admin","date":"28. sept. 2025","format":false,"excerpt":"K\u00e4hara peterselli \u2018Sammalpoimunen\u2019 seemned. Dekoratiivse v\u00e4ljan\u00e4gemisega maitsetaim, sobib nii kaunistuseks kui ka s\u00f6\u00f6davaks lisaks supile, salatile ja kalale.","rel":"","context":"Similar post","block_context":{"text":"Similar post","link":""},"img":{"alt_text":"","src":"https:\/\/i0.wp.com\/indoorgarden.ee\/wp-content\/uploads\/2025\/07\/product-153042_0-1402465.jpg?resize=350%2C200&ssl=1","width":350,"height":200,"srcset":"https:\/\/i0.wp.com\/indoorgarden.ee\/wp-content\/uploads\/2025\/07\/product-153042_0-1402465.jpg?resize=350%2C200&ssl=1 1x, https:\/\/i0.wp.com\/indoorgarden.ee\/wp-content\/uploads\/2025\/07\/product-153042_0-1402465.jpg?resize=525%2C300&ssl=1 1.5x, https:\/\/i0.wp.com\/indoorgarden.ee\/wp-content\/uploads\/2025\/07\/product-153042_0-1402465.jpg?resize=700%2C400&ssl=1 2x"},"classes":[]},{"id":2024,"url":"https:\/\/indoorgarden.ee\/et\/toode\/siledalehelise-peterselli-seemned-1g-koogitaim-toiduvalmistamiseks-ja-kaunistamiseks-petroselinum-crispum\/","url_meta":{"origin":2233,"position":4},"title":"Siledalehelise peterselli seemned 1 g \u2013 maitsetaim toiduvalmistamiseks ja kaunistuseks (Petroselinum crispum)","author":"admin","date":"29. sept. 2025","format":false,"excerpt":"Siledalehelise peterselli seemned 1 g. Klassikaline k\u00f6\u00f6gimaitsetaim, sobib supile, kalale, kartulitele ja taldriku kaunistamiseks. Kasvab h\u00e4sti nutiaias.","rel":"","context":"Similar post","block_context":{"text":"Similar post","link":""},"img":{"alt_text":"","src":"https:\/\/i0.wp.com\/indoorgarden.ee\/wp-content\/uploads\/2025\/09\/product-153041_0-1402460.jpg?resize=350%2C200&ssl=1","width":350,"height":200,"srcset":"https:\/\/i0.wp.com\/indoorgarden.ee\/wp-content\/uploads\/2025\/09\/product-153041_0-1402460.jpg?resize=350%2C200&ssl=1 1x, https:\/\/i0.wp.com\/indoorgarden.ee\/wp-content\/uploads\/2025\/09\/product-153041_0-1402460.jpg?resize=525%2C300&ssl=1 1.5x, https:\/\/i0.wp.com\/indoorgarden.ee\/wp-content\/uploads\/2025\/09\/product-153041_0-1402460.jpg?resize=700%2C400&ssl=1 2x"},"classes":[]},{"id":2253,"url":"https:\/\/indoorgarden.ee\/et\/toode\/koriandri-seemned-varske-aromaatne-maitsetaim-hudropoonikas-ja-nutiaias-kasutamiseks\/","url_meta":{"origin":2233,"position":5},"title":"Mahe koriandri seemned \u2013 v\u00e4rske aromaatne \u00fcrt h\u00fcdropoonikasse ja nutiaeda","author":"admin","date":"18. nov. 2025","format":false,"excerpt":"Mahe koriandri seemned. V\u00e4rske aromaatne \u00fcrt \u2013 asendamatu Mehhiko, India ja Aasia k\u00f6\u00f6gis. Kasvab kiiresti nutiaias ja aknalaual.","rel":"","context":"Similar post","block_context":{"text":"Similar post","link":""},"img":{"alt_text":"","src":"https:\/\/i0.wp.com\/indoorgarden.ee\/wp-content\/uploads\/2025\/11\/4770168151161.png?resize=350%2C200&ssl=1","width":350,"height":200},"classes":[]}],"_links":{"self":[{"href":"https:\/\/indoorgarden.ee\/et\/wp-json\/wp\/v2\/product\/2233","targetHints":{"allow":["GET"]}}],"collection":[{"href":"https:\/\/indoorgarden.ee\/et\/wp-json\/wp\/v2\/product"}],"about":[{"href":"https:\/\/indoorgarden.ee\/et\/wp-json\/wp\/v2\/types\/product"}],"replies":[{"embeddable":true,"href":"https:\/\/indoorgarden.ee\/et\/wp-json\/wp\/v2\/comments?post=2233"}],"wp:featuredmedia":[{"embeddable":true,"href":"https:\/\/indoorgarden.ee\/et\/wp-json\/wp\/v2\/media\/2232"}],"wp:attachment":[{"href":"https:\/\/indoorgarden.ee\/et\/wp-json\/wp\/v2\/media?parent=2233"}],"wp:term":[{"taxonomy":"product_brand","embeddable":true,"href":"https:\/\/indoorgarden.ee\/et\/wp-json\/wp\/v2\/product_brand?post=2233"},{"taxonomy":"product_cat","embeddable":true,"href":"https:\/\/indoorgarden.ee\/et\/wp-json\/wp\/v2\/product_cat?post=2233"},{"taxonomy":"product_tag","embeddable":true,"href":"https:\/\/indoorgarden.ee\/et\/wp-json\/wp\/v2\/product_tag?post=2233"}],"curies":[{"name":"wp","href":"https:\/\/api.w.org\/{rel}","templated":true}]}}