{"id":2223,"date":"2025-11-18T13:31:56","date_gmt":"2025-11-18T11:31:56","guid":{"rendered":"https:\/\/indoorgarden.ee\/product\/rukola-seemned-kiirekasvuline-maitsetaim-hudropoonika-ja-nutiaedade-jaoks\/"},"modified":"2026-04-26T18:47:00","modified_gmt":"2026-04-26T15:47:00","slug":"rukola-seemned-kiirekasvuline-maitsetaim-hudropoonika-ja-nutiaedade-jaoks","status":"publish","type":"product","link":"https:\/\/indoorgarden.ee\/et\/toode\/rukola-seemned-kiirekasvuline-maitsetaim-hudropoonika-ja-nutiaedade-jaoks\/","title":{"rendered":"Mahe rukola seemned \u2013 kiirelt kasvav \u00fcrt h\u00fcdropoonikasse ja nutiaeda"},"content":{"rendered":"<h2>Rukolast l\u00e4hemalt<\/h2>\n<p>Rukola, tuntud ka kui arugula v\u00f5i rocket salad, on populaarne lehtk\u00f6\u00f6givili, mida hinnatakse selle iseloomuliku piprase maitse t\u00f5ttu. Seda kasutatakse laialdaselt salatites, pastaroogades, v\u00f5ileibades, pitsadel ja garneeringuna. Rukola on kiirekasvuline, lihtne kasvatada ja annab \u00f5rnu lehti, mis sobivad suurep\u00e4raselt igap\u00e4evasesse v\u00e4rskesse s\u00f6\u00f6gitegemisse.  <\/p>\n<h2>H\u00fcdropoonika ja nutiaedadega \u00fchilduvus<\/h2>\n<p>Rukola kasvab eriti h\u00e4sti h\u00fcdropoonikas\u00fcsteemides ja nutikates siseaedades, kus \u00fchtlane niiskus ja toitainete k\u00e4ttesaadavus aitavad taimel areneda pehmemate, maitsekamate lehtedega. H\u00fcdropoonikas v\u00f5ib rukola kasvada oluliselt kiiremini kui mullas, muutes selle suurep\u00e4raseks valikuks kiireks ja pidevaks saagikoristuseks. Nutiaiad v\u00f5imaldavad rukolat kasvatada aastaringselt, olenemata aastaajast.  <\/p>\n<h2>Omadused<\/h2>\n<ul>\n<li>Piprase ja aromaatse maitsega lehed, armastatud Vahemere k\u00f6\u00f6gis<\/li>\n<li>Sobib peenardesse, pottidesse, konteineritesse ja aknalaudadele<\/li>\n<li>Kasvab kiiresti ja vajab v\u00e4he hooldust<\/li>\n<li>Ei soovitata k\u00fclvata kesksuvel v\u00e4listingimustes kuumusstressi t\u00f5ttu<\/li>\n<li>Suurep\u00e4rane valik h\u00fcdropoonikasse ja nutikatesse siseaedadesse<\/li>\n<\/ul>\n<h2>Kasvatamine ja koristus<\/h2>\n<ul>\n<li>Traditsiooniline k\u00fclv: kasvata \u00f5ues v\u00f5i pottides suve-, s\u00fcgis- ja talvesaagiks.<\/li>\n<li>V\u00e4ltida k\u00fclvi kesksuvel mullas, kuna k\u00f5rge kuumus v\u00f5ib kasvu pidurdada.<\/li>\n<li>H\u00fcdropoonikas v\u00f5i nutiaias: k\u00fclva ja korista aastaringselt.<\/li>\n<li>Korista regulaarselt v\u00e4lislehti, et soodustada uute v\u00e4rskete lehtede kasvu.<\/li>\n<\/ul>\n<p>Rukola on \u00fcks lihtsamini kasvatatavaid lehtk\u00f6\u00f6givilju, pakkudes p\u00fcsivat varu maitsvaid ja toitainerikkaid lehti sinu k\u00f6\u00f6gi jaoks.<\/p>\n","protected":false},"excerpt":{"rendered":"<p>Mahe rukola seemned. Kiirelt kasvav, pisut p\u00e4hklise-pipraga maitsega salat \u2013 sobib salatitele, v\u00f5ileibadele ja pizzale lisana.<\/p>\n","protected":false},"featured_media":2222,"comment_status":"closed","ping_status":"closed","template":"","meta":[],"product_brand":[237],"product_cat":[93,103],"product_tag":[],"class_list":{"0":"post-2223","1":"product","2":"type-product","3":"status-publish","4":"has-post-thumbnail","6":"product_brand-organic-way-et","7":"product_cat-seemned","8":"product_cat-urdi-seemned","9":"pa_indoor-garden-seeds-salatisegu","10":"pa_seed-type-mahedad-seemned","12":"first","13":"instock","14":"taxable","15":"shipping-taxable","16":"purchasable","17":"product-type-simple"},"jetpack_sharing_enabled":true,"jetpack-related-posts":[{"id":2195,"url":"https:\/\/indoorgarden.ee\/et\/toode\/rukola-vorsete-seemned-100-g-kiirekasvuline-supertoit-ideaalne-hudropoonikasse-ja-idandamisnoudesse\/","url_meta":{"origin":2223,"position":0},"title":"Mikrov\u00f5rsete rukola seemned 100 g \u2013 kiirelt kasvav superfood h\u00fcdropoonikale ja idupurkidesse","author":"admin","date":"16. nov. 2025","format":false,"excerpt":"Mikrov\u00f5rsete rukola seemned 100 g. Kiire kasv, intensiivne p\u00e4hklise-pipraga maitse \u2013 sobib salatitele, v\u00f5ileibadele ja taldriku kaunistamiseks.","rel":"","context":"Similar post","block_context":{"text":"Similar post","link":""},"img":{"alt_text":"","src":"https:\/\/i0.wp.com\/indoorgarden.ee\/wp-content\/uploads\/2025\/11\/4770168921184.jpg?resize=350%2C200&ssl=1","width":350,"height":200,"srcset":"https:\/\/i0.wp.com\/indoorgarden.ee\/wp-content\/uploads\/2025\/11\/4770168921184.jpg?resize=350%2C200&ssl=1 1x, https:\/\/i0.wp.com\/indoorgarden.ee\/wp-content\/uploads\/2025\/11\/4770168921184.jpg?resize=525%2C300&ssl=1 1.5x, https:\/\/i0.wp.com\/indoorgarden.ee\/wp-content\/uploads\/2025\/11\/4770168921184.jpg?resize=700%2C400&ssl=1 2x, https:\/\/i0.wp.com\/indoorgarden.ee\/wp-content\/uploads\/2025\/11\/4770168921184.jpg?resize=1050%2C600&ssl=1 3x"},"classes":[]},{"id":1311,"url":"https:\/\/indoorgarden.ee\/et\/toode\/buzzy-orgaaniline-klaasist-idanemiskauss-rukola-seemnetega-lihtne-mikrokoogiviljade-komplekt-siseruumides-bpa-vaba-14cm\/","url_meta":{"origin":2223,"position":1},"title":"Buzzy mahe klaasidanduskauss rukola seemnetega \u2013 mikrov\u00f5rsete komplekt 14 cm BPA-vaba","author":"admin","date":"31. juuli 2025","format":false,"excerpt":"Buzzy mahe klaasidanduskauss koos rukola seemnetega. Lihtne mikrov\u00f5rsete kasvatuseks, BPA-vaba klaas, 14 cm \u2013 idud valmis \u00fche n\u00e4dalaga.","rel":"","context":"Similar post","block_context":{"text":"Similar post","link":""},"img":{"alt_text":"","src":"https:\/\/i0.wp.com\/indoorgarden.ee\/wp-content\/uploads\/2025\/07\/8711117853879.jpg?resize=350%2C200&ssl=1","width":350,"height":200,"srcset":"https:\/\/i0.wp.com\/indoorgarden.ee\/wp-content\/uploads\/2025\/07\/8711117853879.jpg?resize=350%2C200&ssl=1 1x, https:\/\/i0.wp.com\/indoorgarden.ee\/wp-content\/uploads\/2025\/07\/8711117853879.jpg?resize=525%2C300&ssl=1 1.5x, https:\/\/i0.wp.com\/indoorgarden.ee\/wp-content\/uploads\/2025\/07\/8711117853879.jpg?resize=700%2C400&ssl=1 2x"},"classes":[]},{"id":2141,"url":"https:\/\/indoorgarden.ee\/et\/toode\/botanium-orgaanilised-rukolaseemned-kiirekasvuline-ruca-siseruumide-hudropoonikasse\/","url_meta":{"origin":2223,"position":2},"title":"Botanium mahedad rukola \u2018Ruca\u2019 seemned \u2013 kiirelt kasvav sort sisetingimuste h\u00fcdropoonikale","author":"admin","date":"2. sept. 2025","format":false,"excerpt":"Botanium mahedad rukola \u2018Ruca\u2019 seemned. Kiire kasv, pisut teravam maitse kui tavarukolal \u2013 sobib salatisse ja v\u00f5ileivale.","rel":"","context":"Similar post","block_context":{"text":"Similar post","link":""},"img":{"alt_text":"","src":"https:\/\/i0.wp.com\/indoorgarden.ee\/wp-content\/uploads\/2025\/09\/ruca_1800x1800.webp?resize=350%2C200&ssl=1","width":350,"height":200,"srcset":"https:\/\/i0.wp.com\/indoorgarden.ee\/wp-content\/uploads\/2025\/09\/ruca_1800x1800.webp?resize=350%2C200&ssl=1 1x, https:\/\/i0.wp.com\/indoorgarden.ee\/wp-content\/uploads\/2025\/09\/ruca_1800x1800.webp?resize=525%2C300&ssl=1 1.5x, https:\/\/i0.wp.com\/indoorgarden.ee\/wp-content\/uploads\/2025\/09\/ruca_1800x1800.webp?resize=700%2C400&ssl=1 2x"},"classes":[]},{"id":2275,"url":"https:\/\/indoorgarden.ee\/et\/toode\/aiakressi-seemned-kiirekasvuline-supertoit-hudropoonika-ja-nutikate-siseaedade-jaoks\/","url_meta":{"origin":2223,"position":3},"title":"Salatkressi seemned \u2013 kiirelt kasvav lehtk\u00f6\u00f6givili h\u00fcdropoonikasse ja idupurkidesse","author":"admin","date":"18. nov. 2025","format":false,"excerpt":"Salatkressi seemned. \u00dcks kiiremaid kultuure \u2013 idud valmis seitsme p\u00e4evaga. Annab v\u00f5ileibadele, salatitele ja k\u00f5rvalroogadele teravat ja v\u00e4rsket maitset.","rel":"","context":"Similar post","block_context":{"text":"Similar post","link":""},"img":{"alt_text":"","src":"https:\/\/i0.wp.com\/indoorgarden.ee\/wp-content\/uploads\/2025\/11\/4770168129085.jpg?resize=350%2C200&ssl=1","width":350,"height":200,"srcset":"https:\/\/i0.wp.com\/indoorgarden.ee\/wp-content\/uploads\/2025\/11\/4770168129085.jpg?resize=350%2C200&ssl=1 1x, https:\/\/i0.wp.com\/indoorgarden.ee\/wp-content\/uploads\/2025\/11\/4770168129085.jpg?resize=525%2C300&ssl=1 1.5x, https:\/\/i0.wp.com\/indoorgarden.ee\/wp-content\/uploads\/2025\/11\/4770168129085.jpg?resize=700%2C400&ssl=1 2x"},"classes":[]},{"id":2283,"url":"https:\/\/indoorgarden.ee\/et\/toode\/salat-poldkannaku-lambs-lettuce-corn-salad-trophy-seemned-orna-maitse-ja-pahklise-noodiga-lehtkoogivili-hudropoonika-ja-nutikate-siseaedade-jaoks\/","url_meta":{"origin":2223,"position":4},"title":"Mahe p\u00f5ldsalati \u2018Trophy\u2019 seemned \u2013 pehme p\u00e4hklimaitsega lehtsalat h\u00fcdropoonikasse ja nutiaeda","author":"admin","date":"18. nov. 2025","format":false,"excerpt":"Mahe p\u00f5ldsalati \u2018Trophy\u2019 seemned. Pehme, p\u00e4hklise maitsega lehed sobivad salatisse, v\u00f5ileivale ja k\u00f5rvalrooga.","rel":"","context":"Similar post","block_context":{"text":"Similar post","link":""},"img":{"alt_text":"","src":"https:\/\/i0.wp.com\/indoorgarden.ee\/wp-content\/uploads\/2025\/11\/4770168924376.jpg?resize=350%2C200&ssl=1","width":350,"height":200},"classes":[]},{"id":2287,"url":"https:\/\/indoorgarden.ee\/et\/toode\/aedsalat-salad-bowl-seemned-kiiresti-kasvav-lehtsalat-hudropoonikas-ja-nutiaedades-kasvatamiseks\/","url_meta":{"origin":2223,"position":5},"title":"Mahe lehtsalati \u2018Salad Bowl\u2019 seemned \u2013 kiirelt kasvav sort h\u00fcdropoonikasse ja nutiaeda","author":"admin","date":"18. nov. 2025","format":false,"excerpt":"Mahe lehtsalati \u2018Salad Bowl\u2019 seemned. Kiirelt kasvav, korduvalt korjatav sort \u2013 l\u00f5ika lehed ja taim kasvab uuesti tagasi.","rel":"","context":"Similar post","block_context":{"text":"Similar post","link":""},"img":{"alt_text":"","src":"https:\/\/i0.wp.com\/indoorgarden.ee\/wp-content\/uploads\/2025\/11\/4770168151611.png?resize=350%2C200&ssl=1","width":350,"height":200},"classes":[]}],"_links":{"self":[{"href":"https:\/\/indoorgarden.ee\/et\/wp-json\/wp\/v2\/product\/2223","targetHints":{"allow":["GET"]}}],"collection":[{"href":"https:\/\/indoorgarden.ee\/et\/wp-json\/wp\/v2\/product"}],"about":[{"href":"https:\/\/indoorgarden.ee\/et\/wp-json\/wp\/v2\/types\/product"}],"replies":[{"embeddable":true,"href":"https:\/\/indoorgarden.ee\/et\/wp-json\/wp\/v2\/comments?post=2223"}],"wp:featuredmedia":[{"embeddable":true,"href":"https:\/\/indoorgarden.ee\/et\/wp-json\/wp\/v2\/media\/2222"}],"wp:attachment":[{"href":"https:\/\/indoorgarden.ee\/et\/wp-json\/wp\/v2\/media?parent=2223"}],"wp:term":[{"taxonomy":"product_brand","embeddable":true,"href":"https:\/\/indoorgarden.ee\/et\/wp-json\/wp\/v2\/product_brand?post=2223"},{"taxonomy":"product_cat","embeddable":true,"href":"https:\/\/indoorgarden.ee\/et\/wp-json\/wp\/v2\/product_cat?post=2223"},{"taxonomy":"product_tag","embeddable":true,"href":"https:\/\/indoorgarden.ee\/et\/wp-json\/wp\/v2\/product_tag?post=2223"}],"curies":[{"name":"wp","href":"https:\/\/api.w.org\/{rel}","templated":true}]}}