{"id":2219,"date":"2025-11-18T10:41:26","date_gmt":"2025-11-18T08:41:26","guid":{"rendered":"https:\/\/indoorgarden.ee\/product\/tuumiani-seemned-mitmeaastane-maitsetaim-hudropoonika-ja-nutikate-siseaedade-jaoks\/"},"modified":"2026-04-26T18:46:59","modified_gmt":"2026-04-26T15:46:59","slug":"tuumiani-seemned-mitmeaastane-maitsetaim-hudropoonika-ja-nutikate-siseaedade-jaoks","status":"publish","type":"product","link":"https:\/\/indoorgarden.ee\/et\/toode\/tuumiani-seemned-mitmeaastane-maitsetaim-hudropoonika-ja-nutikate-siseaedade-jaoks\/","title":{"rendered":"Mahe aedt\u00fc\u00fcmiani seemned \u2013 mitmeaastane k\u00f6\u00f6gi\u00fcrt h\u00fcdropoonikasse ja nutiaeda"},"content":{"rendered":"<h2>T\u00fc\u00fcmianist l\u00e4hemalt<\/h2>\n<p>T\u00fc\u00fcmian on mitmeaastane maitsetaim ja ravimtaim, mis on tuntud oma aromaatsete lehtede ja \u00f5rnade puitunud varte poolest. Seda kasutatakse v\u00e4rskena v\u00f5i kuivatatult liha-, supi- ja k\u00f6\u00f6giviljaroogades, teedes ning \u00fcrdisegudes. Aia peenardes sobib t\u00fc\u00fcmian ka madalaks pinnakattetaimeks v\u00f5i dekoratiivseks vaiptaimeks. Siseruumides kasvab t\u00fc\u00fcmian h\u00e4sti valgusk\u00fcllasel aknalaual ka kogu talve jooksul.   <\/p>\n<h2>H\u00fcdropoonika ja nutiaedadega \u00fchilduvus<\/h2>\n<p>T\u00fc\u00fcmian kohaneb v\u00e4ga h\u00e4sti h\u00fcdropoonikas\u00fcsteemide ja nutiaedadega, kus ta saab kasu \u00fchtlasest niiskusest ja kontrollitud valgusest. H\u00fcdropoonikas kasvab t\u00fc\u00fcmian sageli kiiremini ning s\u00e4ilitab kompaktse ja tervisliku lehestiku t\u00e4nu stabiilsele vee- ja toitainetevarustusele. Nutiaedade abil saab t\u00fc\u00fcmiani kasvatada aastaringselt, s\u00f5ltumata v\u00e4lisest ilmast.  <\/p>\n<h2>Omadused<\/h2>\n<ul>\n<li>Mitmeaastane maitsetaim, sobib toiduvalmistamiseks, ravimtaimena ja dekoratiivseks kasutuseks<\/li>\n<li>Tunneb end h\u00e4sti p\u00e4ikeselistes kohtades ja h\u00e4sti kuivendatud, saviliivases mullas<\/li>\n<li>Annab aromaatseid lehti, \u00f5rnu v\u00f5rseid ja v\u00e4ikseid \u00f5isi<\/li>\n<li>Sobib aknalaudadele, anumates kasvatamiseks ja aiapeenardesse<\/li>\n<li>\u00dchilduv h\u00fcdropoonikas\u00fcsteemide ja nutikate siseaedadega<\/li>\n<\/ul>\n<h2>Kasvatamine ja koristus<\/h2>\n<ul>\n<li>Traditsiooniline k\u00fclv: istuta p\u00e4ikeselisse kohta kergesse, h\u00e4sti kuivendatud mulda.<\/li>\n<li>H\u00fcdropoonikas v\u00f5i nutiaias: k\u00fclva aastaringselt valgusk\u00fcllasesse kohta.<\/li>\n<li>Korista v\u00e4rskeid lehti ja noori v\u00f5rseid vastavalt vajadusele, kui taim on juurdunud.<\/li>\n<li>\u00d5isi ja varsi saab kasutada v\u00e4rskelt v\u00f5i kuivatada pikemaajaliseks s\u00e4ilitamiseks.<\/li>\n<\/ul>\n<p>T\u00fc\u00fcmian on mitmek\u00fclgne, v\u00e4he hooldust n\u00f5udev taim, mis lisab nii siseruumide kui ka \u00f5ueaeda l\u00f5hna, maitset ja ilu.<\/p>\n","protected":false},"excerpt":{"rendered":"<p>Mahe aedt\u00fc\u00fcmiani seemned. Mitmeaastane vastupidav k\u00f6\u00f6gi\u00fcrt \u2013 aromaatne lisand lihale, kalale, juurviljadele ja salatile.<\/p>\n","protected":false},"featured_media":2214,"comment_status":"closed","ping_status":"closed","template":"","meta":[],"product_brand":[237],"product_cat":[93,103],"product_tag":[],"class_list":{"0":"post-2219","1":"product","2":"type-product","3":"status-publish","4":"has-post-thumbnail","6":"product_brand-organic-way-et","7":"product_cat-seemned","8":"product_cat-urdi-seemned","9":"pa_indoor-garden-seeds-tuumian","10":"pa_seed-type-mahedad-seemned","12":"first","13":"instock","14":"taxable","15":"shipping-taxable","16":"purchasable","17":"product-type-simple"},"jetpack_sharing_enabled":true,"jetpack-related-posts":[{"id":746,"url":"https:\/\/indoorgarden.ee\/et\/toode\/suvipiha-tuumiani-seemned-0-15g-kiiresti-kasvav-maitsetaim-nutikasse-siseaeda\/","url_meta":{"origin":2219,"position":0},"title":"Aedt\u00fc\u00fcmiani \u2018Suvipiha\u2019 seemned 0,15 g \u2013 kiirelt kasvav k\u00f6\u00f6gi\u00fcrt nutiaeda","author":"admin","date":"23. juuli 2025","format":false,"excerpt":"Aedt\u00fc\u00fcmiani Suvipiha seemned 0,15 g. Kiirelt kasvav k\u00f6\u00f6gi\u00fcrt \u2013 aromaatne lisand kalale, lihale, juurviljadele ja salatile. Mitmeaastane ja vastupidav.","rel":"","context":"Similar post","block_context":{"text":"Similar post","link":""},"img":{"alt_text":"","src":"https:\/\/i0.wp.com\/indoorgarden.ee\/wp-content\/uploads\/2025\/07\/product-42149_0-1401225.jpg?resize=350%2C200&ssl=1","width":350,"height":200,"srcset":"https:\/\/i0.wp.com\/indoorgarden.ee\/wp-content\/uploads\/2025\/07\/product-42149_0-1401225.jpg?resize=350%2C200&ssl=1 1x, https:\/\/i0.wp.com\/indoorgarden.ee\/wp-content\/uploads\/2025\/07\/product-42149_0-1401225.jpg?resize=525%2C300&ssl=1 1.5x, https:\/\/i0.wp.com\/indoorgarden.ee\/wp-content\/uploads\/2025\/07\/product-42149_0-1401225.jpg?resize=700%2C400&ssl=1 2x"},"classes":[]},{"id":2265,"url":"https:\/\/indoorgarden.ee\/et\/toode\/sidrunmelissi-seemned-aromaatne-mitmeaastane-ravimtaim-hudropoonikasse-ja-nutiaeda\/","url_meta":{"origin":2219,"position":1},"title":"Mahe sidrunmelissi seemned \u2013 aromaatne mitmeaastane \u00fcrt h\u00fcdropoonikasse ja nutiaeda","author":"admin","date":"18. nov. 2025","format":false,"excerpt":"Mahe sidrunmelissi seemned. Aromaatne mitmeaastane \u00fcrt sidrunise l\u00f5hnaga \u2013 sobib teedele, salatitele ja desserdiks.","rel":"","context":"Similar post","block_context":{"text":"Similar post","link":""},"img":{"alt_text":"","src":"https:\/\/i0.wp.com\/indoorgarden.ee\/wp-content\/uploads\/2025\/11\/4770168913561.png?resize=350%2C200&ssl=1","width":350,"height":200},"classes":[]},{"id":2146,"url":"https:\/\/indoorgarden.ee\/et\/toode\/lavendel-lavandula-officinalis-siseruumides-ja-nutiaedades-kasvatamiseks\/","url_meta":{"origin":2219,"position":2},"title":"Lavendel (Lavandula officinalis) \u2013 aromaatne mitmeaastane ravimtaim sisetingimustele","author":"admin","date":"31. aug. 2025","format":false,"excerpt":"Lavendel (Lavandula officinalis) seemned. Aromaatne mitmeaastane ravimtaim, kasvab kuni 50 cm \u2013 sobib k\u00f6\u00f6gile, teedele ja loomulikuks parf\u00fc\u00fcmiks.","rel":"","context":"Similar post","block_context":{"text":"Similar post","link":""},"img":{"alt_text":"Lavender Lavendula officinalis","src":"https:\/\/i0.wp.com\/indoorgarden.ee\/wp-content\/uploads\/2025\/08\/Lavender-Lavendula-officinalis-for-indoor-growing.jpg?resize=350%2C200&ssl=1","width":350,"height":200,"srcset":"https:\/\/i0.wp.com\/indoorgarden.ee\/wp-content\/uploads\/2025\/08\/Lavender-Lavendula-officinalis-for-indoor-growing.jpg?resize=350%2C200&ssl=1 1x, https:\/\/i0.wp.com\/indoorgarden.ee\/wp-content\/uploads\/2025\/08\/Lavender-Lavendula-officinalis-for-indoor-growing.jpg?resize=525%2C300&ssl=1 1.5x, https:\/\/i0.wp.com\/indoorgarden.ee\/wp-content\/uploads\/2025\/08\/Lavender-Lavendula-officinalis-for-indoor-growing.jpg?resize=700%2C400&ssl=1 2x"},"classes":[]},{"id":2287,"url":"https:\/\/indoorgarden.ee\/et\/toode\/aedsalat-salad-bowl-seemned-kiiresti-kasvav-lehtsalat-hudropoonikas-ja-nutiaedades-kasvatamiseks\/","url_meta":{"origin":2219,"position":3},"title":"Mahe lehtsalati \u2018Salad Bowl\u2019 seemned \u2013 kiirelt kasvav sort h\u00fcdropoonikasse ja nutiaeda","author":"admin","date":"18. nov. 2025","format":false,"excerpt":"Mahe lehtsalati \u2018Salad Bowl\u2019 seemned. Kiirelt kasvav, korduvalt korjatav sort \u2013 l\u00f5ika lehed ja taim kasvab uuesti tagasi.","rel":"","context":"Similar post","block_context":{"text":"Similar post","link":""},"img":{"alt_text":"","src":"https:\/\/i0.wp.com\/indoorgarden.ee\/wp-content\/uploads\/2025\/11\/4770168151611.png?resize=350%2C200&ssl=1","width":350,"height":200},"classes":[]},{"id":2271,"url":"https:\/\/indoorgarden.ee\/et\/toode\/oregano-seemned-aromaatiline-mitmeaastane-urt-hudropoonikasse-ja-nutiaeda\/","url_meta":{"origin":2219,"position":4},"title":"Mahe pune seemned (Origanum vulgare) \u2013 aromaatne mitmeaastane maitsetaim h\u00fcdropoonikasse ja nutiaeda","author":"admin","date":"18. nov. 2025","format":false,"excerpt":"Mahe pune seemned. Aromaatne mitmeaastane maitsetaim, asendamatu Itaalia k\u00f6\u00f6gis \u2013 pizza, pasta, salatid ja kalaroad.","rel":"","context":"Similar post","block_context":{"text":"Similar post","link":""},"img":{"alt_text":"","src":"https:\/\/i0.wp.com\/indoorgarden.ee\/wp-content\/uploads\/2025\/11\/4770168913615-1.png?resize=350%2C200&ssl=1","width":350,"height":200},"classes":[]},{"id":2016,"url":"https:\/\/indoorgarden.ee\/et\/toode\/salvei-seemned-0-5g-aromaatne-maitsetaim-salvia-officinalis\/","url_meta":{"origin":2219,"position":5},"title":"Aedsalvei seemned 0,5 g \u2013 aromaatne maitsetaim (Salvia officinalis)","author":"admin","date":"29. sept. 2025","format":false,"excerpt":"Aedsalvei seemned 0,5 g. Aromaatne mitmeaastane maitsetaim, mis sobib lihale, kalale ja teedele. Kasvab nii potis kui nutiaias.","rel":"","context":"Similar post","block_context":{"text":"Similar post","link":""},"img":{"alt_text":"","src":"https:\/\/i0.wp.com\/indoorgarden.ee\/wp-content\/uploads\/2025\/09\/product-1822651_0-1401190.jpg?resize=350%2C200&ssl=1","width":350,"height":200,"srcset":"https:\/\/i0.wp.com\/indoorgarden.ee\/wp-content\/uploads\/2025\/09\/product-1822651_0-1401190.jpg?resize=350%2C200&ssl=1 1x, https:\/\/i0.wp.com\/indoorgarden.ee\/wp-content\/uploads\/2025\/09\/product-1822651_0-1401190.jpg?resize=525%2C300&ssl=1 1.5x, https:\/\/i0.wp.com\/indoorgarden.ee\/wp-content\/uploads\/2025\/09\/product-1822651_0-1401190.jpg?resize=700%2C400&ssl=1 2x"},"classes":[]}],"_links":{"self":[{"href":"https:\/\/indoorgarden.ee\/et\/wp-json\/wp\/v2\/product\/2219","targetHints":{"allow":["GET"]}}],"collection":[{"href":"https:\/\/indoorgarden.ee\/et\/wp-json\/wp\/v2\/product"}],"about":[{"href":"https:\/\/indoorgarden.ee\/et\/wp-json\/wp\/v2\/types\/product"}],"replies":[{"embeddable":true,"href":"https:\/\/indoorgarden.ee\/et\/wp-json\/wp\/v2\/comments?post=2219"}],"wp:featuredmedia":[{"embeddable":true,"href":"https:\/\/indoorgarden.ee\/et\/wp-json\/wp\/v2\/media\/2214"}],"wp:attachment":[{"href":"https:\/\/indoorgarden.ee\/et\/wp-json\/wp\/v2\/media?parent=2219"}],"wp:term":[{"taxonomy":"product_brand","embeddable":true,"href":"https:\/\/indoorgarden.ee\/et\/wp-json\/wp\/v2\/product_brand?post=2219"},{"taxonomy":"product_cat","embeddable":true,"href":"https:\/\/indoorgarden.ee\/et\/wp-json\/wp\/v2\/product_cat?post=2219"},{"taxonomy":"product_tag","embeddable":true,"href":"https:\/\/indoorgarden.ee\/et\/wp-json\/wp\/v2\/product_tag?post=2219"}],"curies":[{"name":"wp","href":"https:\/\/api.w.org\/{rel}","templated":true}]}}