{"id":2209,"date":"2025-11-16T18:54:56","date_gmt":"2025-11-16T16:54:56","guid":{"rendered":"https:\/\/indoorgarden.ee\/product\/kookoskiust-tablett-35mm-12tk-turbata-seemnete-istutuskapslid-hudropoonikasse-ja-siseaiandusse\/"},"modified":"2026-04-26T19:20:24","modified_gmt":"2026-04-26T16:20:24","slug":"kookoskiust-tablett-35mm-12tk-turbata-seemnete-istutuskapslid-hudropoonikasse-ja-siseaiandusse","status":"publish","type":"product","link":"https:\/\/indoorgarden.ee\/et\/toode\/kookoskiust-tablett-35mm-12tk-turbata-seemnete-istutuskapslid-hudropoonikasse-ja-siseaiandusse\/","title":{"rendered":"Kookospelletid 35 mm \u2013 12 tk turbavabad seemnete idandamiskorgid h\u00fcdropoonikale ja sisekasvatusele"},"content":{"rendered":"<h2>Kookosgraanulite kohta<\/h2>\n<p>Need 35 mm kookosgraanulid on kompaktsed, mullavabad seemnete stardiplaadid, mis on valmistatud looduslikust kookoskiust. Niisutatuna paisub iga pellet pehmeks, \u00f5huliseks kasvusubstraadiks, mis toetab tugevat juurte arengut. Kookosgraanulid on ideaalsed seemnete puhtaks ja t\u00f5husaks alustamiseks, ilma et peaks tegelema lahtise mullaga.  <\/p>\n<h2>H\u00fcdropoonika ja Smart Garden \u00fchilduvus<\/h2>\n<p>Kookosgraanuleid kasutatakse laialdaselt mustuseta istutamise vahendina h\u00fcdropoonilistes s\u00fcsteemides, nutikates siseaedades ja traditsioonilistes seemnekastides. Nende struktuur v\u00f5imaldab: <\/p>\n<ul>\n<li>Suurep\u00e4rast vees\u00e4ilitamist ilma veepaistet muutmata<\/li>\n<li>Head \u00f5hutust tervisliku juurte kasvu tagamiseks<\/li>\n<li>Lihtne \u00fcmber istutada otse h\u00fcdropoonilistesse korvidesse v\u00f5i potti.<\/li>\n<\/ul>\n<p>Need sobivad ideaalselt maitsetaimede, lehtk\u00f6\u00f6giviljade, lillede ja k\u00f6\u00f6giviljade idanemiseks enne nende \u00fcleviimist h\u00fcdropoonilistesse \u00fcksustesse v\u00f5i potti.<\/p>\n<h2>Omadused<\/h2>\n<ul>\n<li>Sisaldab 12 kookosgraanulit (35 mm)<\/li>\n<li>Valmistatud looduslikust, biolagunevast kookoskiust.<\/li>\n<li>Paisub kiiresti, kui on niisutatud<\/li>\n<li>Tagab seemikute jaoks puhta ja stabiilse keskkonna.<\/li>\n<li>Sobib h\u00fcdropoonikasse, siseaedadesse ja seemnekastidesse.<\/li>\n<\/ul>\n<h2>Kuidas kasutada<\/h2>\n<ul>\n<li>Asetage graanulid salve v\u00f5i konteinerisse.<\/li>\n<li>Lisage sooja vett, kuni graanulid t\u00e4ielikult paisuvad.<\/li>\n<li>Sisestage seemned iga h\u00fcdreeritud pelleti keskele.<\/li>\n<li>Hoida niiskena ja soojana kuni idanemiseni.<\/li>\n<li>Istutage kogu graanuli \u00fcmber oma h\u00fcdropoonikakorvi v\u00f5i potti, kui juured on ilmunud.<\/li>\n<\/ul>\n<p>Kookosgraanulid pakuvad puhast, lihtsat ja t\u00f5husat viisi seemnete kasvatamiseks &#8211; ideaalne nii h\u00fcdropoonilise kasvatamise kui ka siseruumides kasvatamise algajaile.<\/p>\n","protected":false},"excerpt":{"rendered":"<p>Kookospelletid 35 mm 12 tk pakk. Turbavabad idandamiskorgid h\u00fcdropoonikale ja sisekasvatusele \u2013 paisuvad veega kontaktis ja annavad seemnetele ideaalse keskkonna.<\/p>\n","protected":false},"featured_media":2206,"comment_status":"closed","ping_status":"closed","template":"","meta":[],"product_brand":[155],"product_cat":[145,81],"product_tag":[],"class_list":{"0":"post-2209","1":"product","2":"type-product","3":"status-publish","4":"has-post-thumbnail","6":"product_brand-seklos-et","7":"product_cat-muld","8":"product_cat-aiatarvikud","10":"first","11":"instock","12":"taxable","13":"shipping-taxable","14":"purchasable","15":"product-type-simple"},"jetpack_sharing_enabled":true,"jetpack-related-posts":[{"id":1282,"url":"https:\/\/indoorgarden.ee\/et\/toode\/compo-bio-istikute-ja-maitsetaimede-istutusmuld-5l\/","url_meta":{"origin":2209,"position":0},"title":"Compo BIO seemikute ja maitsetaimede potipinnas 5 L","author":"admin","date":"8. aug. 2025","format":false,"excerpt":"Compo BIO seemikute ja maitsetaimede potipinnas 5 L. Hea \u00e4ravool, sobib idandamiseks ja noorte \u00fcrtide kasvatamiseks. Mahedast toorainest.","rel":"","context":"Similar post","block_context":{"text":"Similar post","link":""},"img":{"alt_text":"","src":"https:\/\/i0.wp.com\/indoorgarden.ee\/wp-content\/uploads\/2025\/08\/product-2023545_0-670250.jpg?resize=350%2C200&ssl=1","width":350,"height":200,"srcset":"https:\/\/i0.wp.com\/indoorgarden.ee\/wp-content\/uploads\/2025\/08\/product-2023545_0-670250.jpg?resize=350%2C200&ssl=1 1x, https:\/\/i0.wp.com\/indoorgarden.ee\/wp-content\/uploads\/2025\/08\/product-2023545_0-670250.jpg?resize=525%2C300&ssl=1 1.5x, https:\/\/i0.wp.com\/indoorgarden.ee\/wp-content\/uploads\/2025\/08\/product-2023545_0-670250.jpg?resize=700%2C400&ssl=1 2x"},"classes":[]},{"id":2164,"url":"https:\/\/indoorgarden.ee\/et\/toode\/siseruumide-kasvuhoone-38-x-24-x-18-cm-kompaktne-kasvukast-seemnete-istikute-ja-hudropooniliseks-taimede-ette-kasvatamiseks\/","url_meta":{"origin":2209,"position":1},"title":"Sisekasvuhoone 38\u00d724\u00d718 cm \u2013 kompaktne idandamiskaas seemnetele, pistikutele ja h\u00fcdropoonika alustele","author":"admin","date":"16. nov. 2025","format":false,"excerpt":"Sisekasvuhoone 38 \u00d7 24 \u00d7 18 cm. Kompaktne idandamiskaas seemnete idandamiseks, pistikute juurutamiseks ja h\u00fcdropoonika alustamiseks \u2013 stabiilne niiskus ja soojus.","rel":"","context":"Similar post","block_context":{"text":"Similar post","link":""},"img":{"alt_text":"","src":"https:\/\/i0.wp.com\/indoorgarden.ee\/wp-content\/uploads\/2025\/11\/4770168927650.jpg?resize=350%2C200&ssl=1","width":350,"height":200,"srcset":"https:\/\/i0.wp.com\/indoorgarden.ee\/wp-content\/uploads\/2025\/11\/4770168927650.jpg?resize=350%2C200&ssl=1 1x, https:\/\/i0.wp.com\/indoorgarden.ee\/wp-content\/uploads\/2025\/11\/4770168927650.jpg?resize=525%2C300&ssl=1 1.5x, https:\/\/i0.wp.com\/indoorgarden.ee\/wp-content\/uploads\/2025\/11\/4770168927650.jpg?resize=700%2C400&ssl=1 2x, https:\/\/i0.wp.com\/indoorgarden.ee\/wp-content\/uploads\/2025\/11\/4770168927650.jpg?resize=1050%2C600&ssl=1 3x"},"classes":[]},{"id":805,"url":"https:\/\/indoorgarden.ee\/et\/toode\/letpot-200-tk-hudropoonikasusteemi-asendussammast-sobib-max-senior-air-jaoks\/","url_meta":{"origin":2209,"position":2},"title":"LetPot 200 tk asenduskasvuk\u00e4snade komplekt \u2013 LetPot Max, Senior, Air, Lite mudelitele","author":"admin","date":"23. juuli 2025","format":false,"excerpt":"200-osaline asenduskomplekt: 100 turbap\u00f5hist kasvuk\u00e4sna ja 100 valgust blokeerivat kleepsu LetPot Max, Senior, Air ja Lite mudelitele. Sobib ka AeroGardeni ja iDOO s\u00fcsteemidesse.","rel":"","context":"Similar post","block_context":{"text":"Similar post","link":""},"img":{"alt_text":"","src":"https:\/\/i0.wp.com\/indoorgarden.ee\/wp-content\/uploads\/2025\/07\/200Pcs_LetPot_Grow_Sponges.jpg?resize=350%2C200&ssl=1","width":350,"height":200,"srcset":"https:\/\/i0.wp.com\/indoorgarden.ee\/wp-content\/uploads\/2025\/07\/200Pcs_LetPot_Grow_Sponges.jpg?resize=350%2C200&ssl=1 1x, https:\/\/i0.wp.com\/indoorgarden.ee\/wp-content\/uploads\/2025\/07\/200Pcs_LetPot_Grow_Sponges.jpg?resize=525%2C300&ssl=1 1.5x"},"classes":[]},{"id":826,"url":"https:\/\/indoorgarden.ee\/et\/toode\/letpot-172tk-hudropoonikasusteemi-asenduskomplektid-sobivad-max-senior-air-jaoks\/","url_meta":{"origin":2209,"position":3},"title":"LetPot 172-osaline asendustaimepesade komplekt \u2013 Max, Senior, Air, Lite mudelitele","author":"admin","date":"23. juuli 2025","format":false,"excerpt":"172-osaline asenduskomplekt: kasvuk\u00e4snad, korvid ja toitained LetPot Max, Senior, Air ja Lite h\u00fcdropoonika nutiaedadele. Sobib ka AeroGardeni ja iDOO s\u00fcsteemidesse.","rel":"","context":"Similar post","block_context":{"text":"Similar post","link":""},"img":{"alt_text":"","src":"https:\/\/i0.wp.com\/indoorgarden.ee\/wp-content\/uploads\/2025\/07\/172PcsHydroponics172pcs_Growing_System_Replacement_Seed_Pod_Kits.jpg?resize=350%2C200&ssl=1","width":350,"height":200,"srcset":"https:\/\/i0.wp.com\/indoorgarden.ee\/wp-content\/uploads\/2025\/07\/172PcsHydroponics172pcs_Growing_System_Replacement_Seed_Pod_Kits.jpg?resize=350%2C200&ssl=1 1x, https:\/\/i0.wp.com\/indoorgarden.ee\/wp-content\/uploads\/2025\/07\/172PcsHydroponics172pcs_Growing_System_Replacement_Seed_Pod_Kits.jpg?resize=525%2C300&ssl=1 1.5x, https:\/\/i0.wp.com\/indoorgarden.ee\/wp-content\/uploads\/2025\/07\/172PcsHydroponics172pcs_Growing_System_Replacement_Seed_Pod_Kits.jpg?resize=700%2C400&ssl=1 2x, https:\/\/i0.wp.com\/indoorgarden.ee\/wp-content\/uploads\/2025\/07\/172PcsHydroponics172pcs_Growing_System_Replacement_Seed_Pod_Kits.jpg?resize=1050%2C600&ssl=1 3x, https:\/\/i0.wp.com\/indoorgarden.ee\/wp-content\/uploads\/2025\/07\/172PcsHydroponics172pcs_Growing_System_Replacement_Seed_Pod_Kits.jpg?resize=1400%2C800&ssl=1 4x"},"classes":[]},{"id":1871,"url":"https:\/\/indoorgarden.ee\/et\/toode\/botanium-kasvukeskkond-hudropooniline-substraat-smart-indoor-gardeni-jaoks\/","url_meta":{"origin":2209,"position":4},"title":"Botanium kasvupinnas \u2013 h\u00fcdropoonika substraadi t\u00e4iendus nutiaedadele","author":"admin","date":"2. sept. 2025","format":false,"excerpt":"Botanium h\u00fcdropoonika kasvupinnase t\u00e4iendus. Sobib Botaniumi nutipottidele ja teistele h\u00fcdropoonika s\u00fcsteemidele \u2013 hoia oma s\u00fcsteem pikalt produktiivne.","rel":"","context":"Similar post","block_context":{"text":"Similar post","link":""},"img":{"alt_text":"","src":"https:\/\/i0.wp.com\/indoorgarden.ee\/wp-content\/uploads\/2025\/09\/growing_medium_highres.webp?resize=350%2C200&ssl=1","width":350,"height":200,"srcset":"https:\/\/i0.wp.com\/indoorgarden.ee\/wp-content\/uploads\/2025\/09\/growing_medium_highres.webp?resize=350%2C200&ssl=1 1x, https:\/\/i0.wp.com\/indoorgarden.ee\/wp-content\/uploads\/2025\/09\/growing_medium_highres.webp?resize=525%2C300&ssl=1 1.5x"},"classes":[]},{"id":1443,"url":"https:\/\/indoorgarden.ee\/et\/toode\/oribon-classic-collection-origami-taimepott-koos-bio-microgreeniga-koos\/","url_meta":{"origin":2209,"position":5},"title":"OriBon Classic kollektsioon \u2013 origamipott koos BIO mikrov\u00f5rsetega","author":"admin","date":"8. aug. 2025","format":false,"excerpt":"OriBon Classic kollektsioon \u2013 origamipott koos mahedate mikrov\u00f5rsete seemnetega. Disainitud ja toodetud Eestis.","rel":"","context":"Similar post","block_context":{"text":"Similar post","link":""},"img":{"alt_text":"","src":"https:\/\/i0.wp.com\/indoorgarden.ee\/wp-content\/uploads\/2025\/08\/OriBon-Classic-Collection-%E2%80%93-Origami-Plant-Pot-with-BIO-Microgreen-Included-1.jpg?resize=350%2C200&ssl=1","width":350,"height":200,"srcset":"https:\/\/i0.wp.com\/indoorgarden.ee\/wp-content\/uploads\/2025\/08\/OriBon-Classic-Collection-%E2%80%93-Origami-Plant-Pot-with-BIO-Microgreen-Included-1.jpg?resize=350%2C200&ssl=1 1x, https:\/\/i0.wp.com\/indoorgarden.ee\/wp-content\/uploads\/2025\/08\/OriBon-Classic-Collection-%E2%80%93-Origami-Plant-Pot-with-BIO-Microgreen-Included-1.jpg?resize=525%2C300&ssl=1 1.5x, https:\/\/i0.wp.com\/indoorgarden.ee\/wp-content\/uploads\/2025\/08\/OriBon-Classic-Collection-%E2%80%93-Origami-Plant-Pot-with-BIO-Microgreen-Included-1.jpg?resize=700%2C400&ssl=1 2x"},"classes":[]}],"_links":{"self":[{"href":"https:\/\/indoorgarden.ee\/et\/wp-json\/wp\/v2\/product\/2209","targetHints":{"allow":["GET"]}}],"collection":[{"href":"https:\/\/indoorgarden.ee\/et\/wp-json\/wp\/v2\/product"}],"about":[{"href":"https:\/\/indoorgarden.ee\/et\/wp-json\/wp\/v2\/types\/product"}],"replies":[{"embeddable":true,"href":"https:\/\/indoorgarden.ee\/et\/wp-json\/wp\/v2\/comments?post=2209"}],"wp:featuredmedia":[{"embeddable":true,"href":"https:\/\/indoorgarden.ee\/et\/wp-json\/wp\/v2\/media\/2206"}],"wp:attachment":[{"href":"https:\/\/indoorgarden.ee\/et\/wp-json\/wp\/v2\/media?parent=2209"}],"wp:term":[{"taxonomy":"product_brand","embeddable":true,"href":"https:\/\/indoorgarden.ee\/et\/wp-json\/wp\/v2\/product_brand?post=2209"},{"taxonomy":"product_cat","embeddable":true,"href":"https:\/\/indoorgarden.ee\/et\/wp-json\/wp\/v2\/product_cat?post=2209"},{"taxonomy":"product_tag","embeddable":true,"href":"https:\/\/indoorgarden.ee\/et\/wp-json\/wp\/v2\/product_tag?post=2209"}],"curies":[{"name":"wp","href":"https:\/\/api.w.org\/{rel}","templated":true}]}}