{"id":2199,"date":"2025-11-16T18:29:47","date_gmt":"2025-11-16T16:29:47","guid":{"rendered":"https:\/\/indoorgarden.ee\/product\/paevalille-vorsete-seemned-100g-kiiresti-kasvav-supertoit-ideaalne-hudropoonikasse-ja-idanemiskaussidesse\/"},"modified":"2026-04-26T18:49:13","modified_gmt":"2026-04-26T15:49:13","slug":"paevalille-vorsete-seemned-100g-kiiresti-kasvav-supertoit-ideaalne-hudropoonikasse-ja-idanemiskaussidesse","status":"publish","type":"product","link":"https:\/\/indoorgarden.ee\/et\/toode\/paevalille-vorsete-seemned-100g-kiiresti-kasvav-supertoit-ideaalne-hudropoonikasse-ja-idanemiskaussidesse\/","title":{"rendered":"Mikrov\u00f5rsete p\u00e4evalille seemned 100 g \u2013 kiirelt kasvav superfood h\u00fcdropoonikasse ja idupurkidesse"},"content":{"rendered":"<h2>P\u00e4ikeselille v\u00f5rsetest<\/h2>\n<p>P\u00e4evalillev\u00f5rsed on tuntud oma kr\u00f5beda tekstuuri, p\u00e4hklimaitse ja muljetavaldava toitev\u00e4\u00e4rtuse poolest. Need eluj\u00f5ulised noored v\u00f5rsed on rikkalikult vitamiine, taimseid valke ja olulisi mineraalaineid sisaldav toitev lisand salatitele, v\u00f5ileibadele, kaussidele ja smuutidele. Nende mahe, v\u00e4rske ja kr\u00f5mpsuv maitse teevad neist \u00fche k\u00f5ige populaarsema v\u00f5rsete liigi nii kodukasvatajate kui ka professionaalsete k\u00f6\u00f6kide jaoks.  <\/p>\n<p>P\u00e4evalillev\u00f5rsed on rikkad <strong>taimse valgu, E-vitamiini, C-vitamiini, B-vitamiinide, magneesiumi, tsingi ja raua<\/strong> poolest, nad toetavad<strong> lihaste taastumist, immuunsust, naha tervist ja igap\u00e4evast energiat.<\/strong> K\u00f5rge antioks\u00fcdantide sisaldus ja tervislikud rasvad aitavad<strong> v\u00e4hendada p\u00f5letikku ja edendada \u00fcldist heaolu.<\/strong><\/p>\n<h2>Sobivus h\u00fcdropoonika ja idandamisega<\/h2>\n<p>P\u00e4evalille v\u00f5rsed kasvavad erakordselt h\u00e4sti h\u00fcdropoonilistes s\u00fcsteemides, idanemiskaussides ja madalates mikrok\u00f6\u00f6giviljaplaatides. Nende suuremad seemned idanevad h\u00e4sti ja annavad kasvatamisel tugevaid v\u00f5rseid: <\/p>\n<ul>\n<li>H\u00fcdropoonilised idandamismatid v\u00f5i kiudpadjad<\/li>\n<li>Idandamisn\u00f5ud ja -purgid<\/li>\n<li>Turbatabletid v\u00f5i steriilne kasvukiud<\/li>\n<li>Nutikad siseaiad<\/li>\n<\/ul>\n<p>H\u00fcdropooniline kasvatamine tagab \u00fchtlase niiskuse ja \u00f5huvoolu, mille tulemuseks on kiirem ja \u00fchtlasem kasv aastaringselt.<\/p>\n<h2>Omadused<\/h2>\n<ul>\n<li>100 g esmaklassilisi p\u00e4evalilleseemneid<\/li>\n<li>Kr\u00f5be, p\u00e4hkline maitse ja suurep\u00e4rane tekstuur.<\/li>\n<li>Toitaineterikas supertoit, mis sisaldab rohkelt vitamiine ja taimseid valke.<\/li>\n<li>Kiire ja usaldusv\u00e4\u00e4rne idanemine aastaringseks kasvatamiseks<\/li>\n<li>Sobib ideaalselt h\u00fcdropooniliste salvede, idanemiskausside ja idandamiskomplektide jaoks.<\/li>\n<\/ul>\n<h2>Kuidas kasvatada<\/h2>\n<ul>\n<li>K\u00fclvake seemned tihedalt h\u00fcdropoonilistele mattidele, idandamistaldrikutele v\u00f5i kiudpadjale.<\/li>\n<li>Tagage \u00fchtlane niiskus &#8211; v\u00e4ltige \u00fclek\u00fcllastamist.<\/li>\n<li>Tagage hele valgus ja hea \u00f5huringlus.<\/li>\n<li>Korjake, kui v\u00f5rsed on 7-10 cm pikkused ja lehed on t\u00e4ielikult avatud.<\/li>\n<\/ul>\n<p>P\u00e4evalillev\u00f5rsed on maitsvad ja kr\u00f5bedad supertoidud, mis on ideaalsed nii maitse kui ka toitainete lisamiseks teie igap\u00e4evastes toitudes.<\/p>\n","protected":false},"excerpt":{"rendered":"<p>Mikrov\u00f5rsete p\u00e4evalille seemned 100 g. Maitsev kr\u00f5mpsuv mikrov\u00f5rse, sobib salatitele, v\u00f5ileibadele ja kaunistuseks. Idud valmis 7\u201310 p\u00e4evaga.<\/p>\n","protected":false},"featured_media":2198,"comment_status":"closed","ping_status":"closed","template":"","meta":[],"product_brand":[240],"product_cat":[93,105],"product_tag":[],"class_list":{"0":"post-2199","1":"product","2":"type-product","3":"status-publish","4":"has-post-thumbnail","6":"product_brand-agronom","7":"product_cat-seemned","8":"product_cat-mikrovorsete-seemned","10":"first","11":"instock","12":"taxable","13":"shipping-taxable","14":"purchasable","15":"product-type-simple"},"jetpack_sharing_enabled":true,"jetpack-related-posts":[{"id":2195,"url":"https:\/\/indoorgarden.ee\/et\/toode\/rukola-vorsete-seemned-100-g-kiirekasvuline-supertoit-ideaalne-hudropoonikasse-ja-idandamisnoudesse\/","url_meta":{"origin":2199,"position":0},"title":"Mikrov\u00f5rsete rukola seemned 100 g \u2013 kiirelt kasvav superfood h\u00fcdropoonikale ja idupurkidesse","author":"admin","date":"16. nov. 2025","format":false,"excerpt":"Mikrov\u00f5rsete rukola seemned 100 g. Kiire kasv, intensiivne p\u00e4hklise-pipraga maitse \u2013 sobib salatitele, v\u00f5ileibadele ja taldriku kaunistamiseks.","rel":"","context":"Similar post","block_context":{"text":"Similar post","link":""},"img":{"alt_text":"","src":"https:\/\/i0.wp.com\/indoorgarden.ee\/wp-content\/uploads\/2025\/11\/4770168921184.jpg?resize=350%2C200&ssl=1","width":350,"height":200,"srcset":"https:\/\/i0.wp.com\/indoorgarden.ee\/wp-content\/uploads\/2025\/11\/4770168921184.jpg?resize=350%2C200&ssl=1 1x, https:\/\/i0.wp.com\/indoorgarden.ee\/wp-content\/uploads\/2025\/11\/4770168921184.jpg?resize=525%2C300&ssl=1 1.5x, https:\/\/i0.wp.com\/indoorgarden.ee\/wp-content\/uploads\/2025\/11\/4770168921184.jpg?resize=700%2C400&ssl=1 2x, https:\/\/i0.wp.com\/indoorgarden.ee\/wp-content\/uploads\/2025\/11\/4770168921184.jpg?resize=1050%2C600&ssl=1 3x"},"classes":[]},{"id":2024,"url":"https:\/\/indoorgarden.ee\/et\/toode\/siledalehelise-peterselli-seemned-1g-koogitaim-toiduvalmistamiseks-ja-kaunistamiseks-petroselinum-crispum\/","url_meta":{"origin":2199,"position":1},"title":"Siledalehelise peterselli seemned 1 g \u2013 maitsetaim toiduvalmistamiseks ja kaunistuseks (Petroselinum crispum)","author":"admin","date":"29. sept. 2025","format":false,"excerpt":"Siledalehelise peterselli seemned 1 g. Klassikaline k\u00f6\u00f6gimaitsetaim, sobib supile, kalale, kartulitele ja taldriku kaunistamiseks. Kasvab h\u00e4sti nutiaias.","rel":"","context":"Similar post","block_context":{"text":"Similar post","link":""},"img":{"alt_text":"","src":"https:\/\/i0.wp.com\/indoorgarden.ee\/wp-content\/uploads\/2025\/09\/product-153041_0-1402460.jpg?resize=350%2C200&ssl=1","width":350,"height":200,"srcset":"https:\/\/i0.wp.com\/indoorgarden.ee\/wp-content\/uploads\/2025\/09\/product-153041_0-1402460.jpg?resize=350%2C200&ssl=1 1x, https:\/\/i0.wp.com\/indoorgarden.ee\/wp-content\/uploads\/2025\/09\/product-153041_0-1402460.jpg?resize=525%2C300&ssl=1 1.5x, https:\/\/i0.wp.com\/indoorgarden.ee\/wp-content\/uploads\/2025\/09\/product-153041_0-1402460.jpg?resize=700%2C400&ssl=1 2x"},"classes":[]},{"id":2191,"url":"https:\/\/indoorgarden.ee\/et\/toode\/kahara-lehtkapsa-vorsete-seemned-100g-kiiresti-kasvav-supertoit-ideaalne-hudropoonika-ja-idanemiskausside-jaoks\/","url_meta":{"origin":2199,"position":2},"title":"Mikrov\u00f5rsete k\u00e4hara lehtkapsa seemned 100 g \u2013 toitainerikas superfood h\u00fcdropoonikasse ja idupurkidesse","author":"admin","date":"16. nov. 2025","format":false,"excerpt":"Mikrov\u00f5rsete k\u00e4hara lehtkapsa seemned 100 g. Toitainerikas mikrov\u00f5rse smuutidesse, salatitele ja toiduks. Kiire kasv, idud valmis n\u00e4dalaga.","rel":"","context":"Similar post","block_context":{"text":"Similar post","link":""},"img":{"alt_text":"","src":"https:\/\/i0.wp.com\/indoorgarden.ee\/wp-content\/uploads\/2025\/11\/4770168921160.jpg?resize=350%2C200&ssl=1","width":350,"height":200,"srcset":"https:\/\/i0.wp.com\/indoorgarden.ee\/wp-content\/uploads\/2025\/11\/4770168921160.jpg?resize=350%2C200&ssl=1 1x, https:\/\/i0.wp.com\/indoorgarden.ee\/wp-content\/uploads\/2025\/11\/4770168921160.jpg?resize=525%2C300&ssl=1 1.5x, https:\/\/i0.wp.com\/indoorgarden.ee\/wp-content\/uploads\/2025\/11\/4770168921160.jpg?resize=700%2C400&ssl=1 2x, https:\/\/i0.wp.com\/indoorgarden.ee\/wp-content\/uploads\/2025\/11\/4770168921160.jpg?resize=1050%2C600&ssl=1 3x"},"classes":[]},{"id":2020,"url":"https:\/\/indoorgarden.ee\/et\/toode\/kaharpeterselli-seemned-bravour-1g-dekoratiiv-ja-maitsetaim-petroselinum-crispum\/","url_meta":{"origin":2199,"position":3},"title":"K\u00e4hara peterselli \u2018Bravour\u2019 seemned 1 g \u2013 dekoratiivne ja s\u00f6\u00f6dav maitsetaim (Petroselinum crispum)","author":"admin","date":"29. sept. 2025","format":false,"excerpt":"K\u00e4hara peterselli \u2018Bravour\u2019 seemned 1 g. Dekoratiivse v\u00e4ljan\u00e4gemisega s\u00f6\u00f6dav maitsetaim \u2013 sobib salatile, kaunistuseks ja taldrikule serveerimisel.","rel":"","context":"Similar post","block_context":{"text":"Similar post","link":""},"img":{"alt_text":"","src":"https:\/\/i0.wp.com\/indoorgarden.ee\/wp-content\/uploads\/2025\/09\/product-1822652_0-1402472.jpg?resize=350%2C200&ssl=1","width":350,"height":200,"srcset":"https:\/\/i0.wp.com\/indoorgarden.ee\/wp-content\/uploads\/2025\/09\/product-1822652_0-1402472.jpg?resize=350%2C200&ssl=1 1x, https:\/\/i0.wp.com\/indoorgarden.ee\/wp-content\/uploads\/2025\/09\/product-1822652_0-1402472.jpg?resize=525%2C300&ssl=1 1.5x, https:\/\/i0.wp.com\/indoorgarden.ee\/wp-content\/uploads\/2025\/09\/product-1822652_0-1402472.jpg?resize=700%2C400&ssl=1 2x"},"classes":[]},{"id":2203,"url":"https:\/\/indoorgarden.ee\/et\/toode\/herne-vorsete-seemned-100-g-kiirekasvuline-supertoit-ideaalne-hudropoonikasse-ja-idandamisnoudesse\/","url_meta":{"origin":2199,"position":4},"title":"Mikrov\u00f5rsete herne seemned 100 g \u2013 kiirelt kasvav superfood h\u00fcdropoonikasse ja idupurkidesse","author":"admin","date":"16. nov. 2025","format":false,"excerpt":"Mikrov\u00f5rsete herne seemned 100 g. Magus, kr\u00f5mpsuv mikrov\u00f5rse, sobib salatitele, smuutidesse ja taldriku kaunistamiseks. Idud valmis n\u00e4dalaga.","rel":"","context":"Similar post","block_context":{"text":"Similar post","link":""},"img":{"alt_text":"","src":"https:\/\/i0.wp.com\/indoorgarden.ee\/wp-content\/uploads\/2025\/11\/4770168921177.jpg?resize=350%2C200&ssl=1","width":350,"height":200,"srcset":"https:\/\/i0.wp.com\/indoorgarden.ee\/wp-content\/uploads\/2025\/11\/4770168921177.jpg?resize=350%2C200&ssl=1 1x, https:\/\/i0.wp.com\/indoorgarden.ee\/wp-content\/uploads\/2025\/11\/4770168921177.jpg?resize=525%2C300&ssl=1 1.5x, https:\/\/i0.wp.com\/indoorgarden.ee\/wp-content\/uploads\/2025\/11\/4770168921177.jpg?resize=700%2C400&ssl=1 2x, https:\/\/i0.wp.com\/indoorgarden.ee\/wp-content\/uploads\/2025\/11\/4770168921177.jpg?resize=1050%2C600&ssl=1 3x"},"classes":[]},{"id":2181,"url":"https:\/\/indoorgarden.ee\/et\/toode\/koriandri-vorsete-seemned-100-g-kiirekasvuline-supertoit-ideaalne-hudropoonikasse-ja-idandamisnoudesse\/","url_meta":{"origin":2199,"position":5},"title":"Mikrov\u00f5rsete koriandri seemned 100 g \u2013 aromaatne superfood h\u00fcdropoonikasse ja idupurkidesse","author":"admin","date":"16. nov. 2025","format":false,"excerpt":"Mikrov\u00f5rsete koriandri seemned 100 g. Aromaatne mikrov\u00f5rse Mehhiko, India ja Aasia k\u00f6\u00f6gile \u2013 idud valmis 1\u20132 n\u00e4dalaga.","rel":"","context":"Similar post","block_context":{"text":"Similar post","link":""},"img":{"alt_text":"","src":"https:\/\/i0.wp.com\/indoorgarden.ee\/wp-content\/uploads\/2025\/11\/4770168921153.jpg?resize=350%2C200&ssl=1","width":350,"height":200,"srcset":"https:\/\/i0.wp.com\/indoorgarden.ee\/wp-content\/uploads\/2025\/11\/4770168921153.jpg?resize=350%2C200&ssl=1 1x, https:\/\/i0.wp.com\/indoorgarden.ee\/wp-content\/uploads\/2025\/11\/4770168921153.jpg?resize=525%2C300&ssl=1 1.5x, https:\/\/i0.wp.com\/indoorgarden.ee\/wp-content\/uploads\/2025\/11\/4770168921153.jpg?resize=700%2C400&ssl=1 2x, https:\/\/i0.wp.com\/indoorgarden.ee\/wp-content\/uploads\/2025\/11\/4770168921153.jpg?resize=1050%2C600&ssl=1 3x"},"classes":[]}],"_links":{"self":[{"href":"https:\/\/indoorgarden.ee\/et\/wp-json\/wp\/v2\/product\/2199","targetHints":{"allow":["GET"]}}],"collection":[{"href":"https:\/\/indoorgarden.ee\/et\/wp-json\/wp\/v2\/product"}],"about":[{"href":"https:\/\/indoorgarden.ee\/et\/wp-json\/wp\/v2\/types\/product"}],"replies":[{"embeddable":true,"href":"https:\/\/indoorgarden.ee\/et\/wp-json\/wp\/v2\/comments?post=2199"}],"wp:featuredmedia":[{"embeddable":true,"href":"https:\/\/indoorgarden.ee\/et\/wp-json\/wp\/v2\/media\/2198"}],"wp:attachment":[{"href":"https:\/\/indoorgarden.ee\/et\/wp-json\/wp\/v2\/media?parent=2199"}],"wp:term":[{"taxonomy":"product_brand","embeddable":true,"href":"https:\/\/indoorgarden.ee\/et\/wp-json\/wp\/v2\/product_brand?post=2199"},{"taxonomy":"product_cat","embeddable":true,"href":"https:\/\/indoorgarden.ee\/et\/wp-json\/wp\/v2\/product_cat?post=2199"},{"taxonomy":"product_tag","embeddable":true,"href":"https:\/\/indoorgarden.ee\/et\/wp-json\/wp\/v2\/product_tag?post=2199"}],"curies":[{"name":"wp","href":"https:\/\/api.w.org\/{rel}","templated":true}]}}