{"id":2191,"date":"2025-11-16T17:47:38","date_gmt":"2025-11-16T15:47:38","guid":{"rendered":"https:\/\/indoorgarden.ee\/product\/kahara-lehtkapsa-vorsete-seemned-100g-kiiresti-kasvav-supertoit-ideaalne-hudropoonika-ja-idanemiskausside-jaoks\/"},"modified":"2026-04-26T18:49:11","modified_gmt":"2026-04-26T15:49:11","slug":"kahara-lehtkapsa-vorsete-seemned-100g-kiiresti-kasvav-supertoit-ideaalne-hudropoonika-ja-idanemiskausside-jaoks","status":"publish","type":"product","link":"https:\/\/indoorgarden.ee\/et\/toode\/kahara-lehtkapsa-vorsete-seemned-100g-kiiresti-kasvav-supertoit-ideaalne-hudropoonika-ja-idanemiskausside-jaoks\/","title":{"rendered":"Mikrov\u00f5rsete k\u00e4hara lehtkapsa seemned 100 g \u2013 toitainerikas superfood h\u00fcdropoonikasse ja idupurkidesse"},"content":{"rendered":"<h2>K\u00e4hara Lehtkapsa V\u00f5rsete kohta<\/h2>\n<p>K\u00e4hara lehtkapsa v\u00f5rsed on toitaineterikkad noored lehed, mis on tuntud oma maal\u00e4hedase, maheda maitse ja erakordse tervisliku kasu poolest. Need \u00f5rnad rohelised k\u00f6\u00f6giviljad sisaldavad rohkelt vitamiine, antioks\u00fcdante ja mineraalaineid, mist\u00f5ttu on need populaarsed supertoidud salatites, smuutides, kaussides ja garneeringutes. Mikrorohelises staadiumis koristatud lehtkapsas on v\u00f5rreldes k\u00fcpse lehtkapsaga pehmem tekstuur ja magusam maitse.  <\/p>\n<p>K\u00e4har lehtkapsas on \u00fcks <strong>toitaineterikkamaid k\u00f6\u00f6givilju<\/strong>, mida saab kasvatada. Ta sisaldab palju <strong>A-, C- ja eriti K-vitamiini ning selliseid olulisi mineraalaineid nagu kaltsium, magneesium, raud ja kaalium<\/strong>, mis toetavad tugevaid luid, tervet nahka, immuunsust ja igap\u00e4evast energiat. <strong>Sisaldab rikkalikult v\u00f5imsaid antioks\u00fcdante<\/strong>, sealhulgas luteiini, zeaksantiini ja kvertsetiini, mis aitavad <strong>v\u00e4hendada p\u00f5letikku ja kaitsta rakke oks\u00fcdatiivse stressi eest.<\/strong> <\/p>\n<h2>Sobivus h\u00fcdropoonika ja idandamisega<\/h2>\n<p>See seemnesort kasvab erakordselt h\u00e4sti nii h\u00fcdropoonilistes s\u00fcsteemides kui ka idanemiskaussides ja salvedel. K\u00e4hara lehtkapsa v\u00f5rsed kasvavad mullavabas keskkonnas, nagu n\u00e4iteks: <\/p>\n<ul>\n<li>H\u00fcdropoonilised mikrov\u00f5rsete alused<\/li>\n<li>Nutikad siseaianduse s\u00fcsteemid<\/li>\n<li>Idandamisn\u00f5ud ja -purgid<\/li>\n<li>Turbatabletid, steriilsed kiudmattide v\u00f5i kanepipadjad.<\/li>\n<\/ul>\n<p>H\u00fcdropoonika tagab \u00fchtlase niiskuse ja \u00f5huvoolu, mis aitab lehtkapsalil aastaringselt kiiremini ja \u00fchtlasemalt kasvada.<\/p>\n<h2>Omadused<\/h2>\n<ul>\n<li>100 g kvaliteetseid k\u00e4hara lehtkapsaseemneid<\/li>\n<li>Kerge, toitev supertoit, mis sisaldab rohkelt vitamiine ja antioks\u00fcdante.<\/li>\n<li>Kiire ja \u00fchtlane idanemine<\/li>\n<li>Ideaalne aastaringseks kasvatamiseks siseruumides<\/li>\n<li>Sobib ideaalselt idanemiskaussidesse, h\u00fcdropoonilistesse salvedesse ja mikrokultuuris\u00fcsteemidesse.<\/li>\n<\/ul>\n<h2>Kuidas kasvatada<\/h2>\n<ul>\n<li>K\u00fclvake seemned tihedalt h\u00fcdropoonilistele mattidele, idanemiskaussidesse v\u00f5i madalatele salvedele.<\/li>\n<li>Hoidke pidevalt niiskena, kuid mitte veek\u00fcllasena.<\/li>\n<li>Tagage hea valgus ja \u00f5huringlus \u00fchtlase kasvu tagamiseks.<\/li>\n<li>Parima maitse ja toitev\u00e4\u00e4rtuse saavutamiseks korista, kui esimesed lehed on v\u00e4lja arenenud.<\/li>\n<\/ul>\n<p>K\u00e4hara lehtkapsas on maitsev ja tervislik viis igap\u00e4evaste roogade kaunistamiseks, lisades neile v\u00e4rvi, v\u00e4rskust ja v\u00e4\u00e4rtuslikke toitaineid.<\/p>\n","protected":false},"excerpt":{"rendered":"<p>Mikrov\u00f5rsete k\u00e4hara lehtkapsa seemned 100 g. Toitainerikas mikrov\u00f5rse smuutidesse, salatitele ja toiduks. Kiire kasv, idud valmis n\u00e4dalaga.<\/p>\n","protected":false},"featured_media":2190,"comment_status":"closed","ping_status":"closed","template":"","meta":[],"product_brand":[240],"product_cat":[93,105],"product_tag":[],"class_list":{"0":"post-2191","1":"product","2":"type-product","3":"status-publish","4":"has-post-thumbnail","6":"product_brand-agronom","7":"product_cat-seemned","8":"product_cat-mikrovorsete-seemned","10":"first","11":"instock","12":"taxable","13":"shipping-taxable","14":"purchasable","15":"product-type-simple"},"jetpack_sharing_enabled":true,"jetpack-related-posts":[{"id":823,"url":"https:\/\/indoorgarden.ee\/et\/toode\/kahara-peterselli-sammalpoimunen-seemned-dekoratiivne-maitsetaim-garneerimiseks-ja-siseruumides-kasutamiseks-1g\/","url_meta":{"origin":2191,"position":0},"title":"K\u00e4hara peterselli \u2018Sammalpoimunen\u2019 seemned \u2013 dekoratiivne maitsetaim h\u00fcdropoonikasse ja nutiaeda","author":"admin","date":"28. sept. 2025","format":false,"excerpt":"K\u00e4hara peterselli \u2018Sammalpoimunen\u2019 seemned. Dekoratiivse v\u00e4ljan\u00e4gemisega maitsetaim, sobib nii kaunistuseks kui ka s\u00f6\u00f6davaks lisaks supile, salatile ja kalale.","rel":"","context":"Similar post","block_context":{"text":"Similar post","link":""},"img":{"alt_text":"","src":"https:\/\/i0.wp.com\/indoorgarden.ee\/wp-content\/uploads\/2025\/07\/product-153042_0-1402465.jpg?resize=350%2C200&ssl=1","width":350,"height":200,"srcset":"https:\/\/i0.wp.com\/indoorgarden.ee\/wp-content\/uploads\/2025\/07\/product-153042_0-1402465.jpg?resize=350%2C200&ssl=1 1x, https:\/\/i0.wp.com\/indoorgarden.ee\/wp-content\/uploads\/2025\/07\/product-153042_0-1402465.jpg?resize=525%2C300&ssl=1 1.5x, https:\/\/i0.wp.com\/indoorgarden.ee\/wp-content\/uploads\/2025\/07\/product-153042_0-1402465.jpg?resize=700%2C400&ssl=1 2x"},"classes":[]},{"id":1300,"url":"https:\/\/indoorgarden.ee\/et\/toode\/kahara-peterselli-astra-seemned-petroselinum-crispum-vitamiinirikas-poosasort-aeda-rodule-ja-siseruumidesse-1g\/","url_meta":{"origin":2191,"position":1},"title":"K\u00e4hara peterselli \u2018Astra\u2019 seemned (Petroselinum crispum) \u2013 vitamiinirikas tuhmne sort aeda, r\u00f5dule ja potti","author":"admin","date":"31. juuli 2025","format":false,"excerpt":"K\u00e4hara peterselli \u2018Astra\u2019 seemned. Vitamiinirikas tihke sort, mis sobib k\u00f6\u00f6gile, salatile ja kaunistuseks. Kasvab nii peenardel, r\u00f5dul kui ka aknalaual.","rel":"","context":"Similar post","block_context":{"text":"Similar post","link":""},"img":{"alt_text":"","src":"https:\/\/i0.wp.com\/indoorgarden.ee\/wp-content\/uploads\/2025\/07\/product-153239_0-L2804.jpg?resize=350%2C200&ssl=1","width":350,"height":200,"srcset":"https:\/\/i0.wp.com\/indoorgarden.ee\/wp-content\/uploads\/2025\/07\/product-153239_0-L2804.jpg?resize=350%2C200&ssl=1 1x, https:\/\/i0.wp.com\/indoorgarden.ee\/wp-content\/uploads\/2025\/07\/product-153239_0-L2804.jpg?resize=525%2C300&ssl=1 1.5x, https:\/\/i0.wp.com\/indoorgarden.ee\/wp-content\/uploads\/2025\/07\/product-153239_0-L2804.jpg?resize=700%2C400&ssl=1 2x"},"classes":[]},{"id":2020,"url":"https:\/\/indoorgarden.ee\/et\/toode\/kaharpeterselli-seemned-bravour-1g-dekoratiiv-ja-maitsetaim-petroselinum-crispum\/","url_meta":{"origin":2191,"position":2},"title":"K\u00e4hara peterselli \u2018Bravour\u2019 seemned 1 g \u2013 dekoratiivne ja s\u00f6\u00f6dav maitsetaim (Petroselinum crispum)","author":"admin","date":"29. sept. 2025","format":false,"excerpt":"K\u00e4hara peterselli \u2018Bravour\u2019 seemned 1 g. Dekoratiivse v\u00e4ljan\u00e4gemisega s\u00f6\u00f6dav maitsetaim \u2013 sobib salatile, kaunistuseks ja taldrikule serveerimisel.","rel":"","context":"Similar post","block_context":{"text":"Similar post","link":""},"img":{"alt_text":"","src":"https:\/\/i0.wp.com\/indoorgarden.ee\/wp-content\/uploads\/2025\/09\/product-1822652_0-1402472.jpg?resize=350%2C200&ssl=1","width":350,"height":200,"srcset":"https:\/\/i0.wp.com\/indoorgarden.ee\/wp-content\/uploads\/2025\/09\/product-1822652_0-1402472.jpg?resize=350%2C200&ssl=1 1x, https:\/\/i0.wp.com\/indoorgarden.ee\/wp-content\/uploads\/2025\/09\/product-1822652_0-1402472.jpg?resize=525%2C300&ssl=1 1.5x, https:\/\/i0.wp.com\/indoorgarden.ee\/wp-content\/uploads\/2025\/09\/product-1822652_0-1402472.jpg?resize=700%2C400&ssl=1 2x"},"classes":[]},{"id":2199,"url":"https:\/\/indoorgarden.ee\/et\/toode\/paevalille-vorsete-seemned-100g-kiiresti-kasvav-supertoit-ideaalne-hudropoonikasse-ja-idanemiskaussidesse\/","url_meta":{"origin":2191,"position":3},"title":"Mikrov\u00f5rsete p\u00e4evalille seemned 100 g \u2013 kiirelt kasvav superfood h\u00fcdropoonikasse ja idupurkidesse","author":"admin","date":"16. nov. 2025","format":false,"excerpt":"Mikrov\u00f5rsete p\u00e4evalille seemned 100 g. Maitsev kr\u00f5mpsuv mikrov\u00f5rse, sobib salatitele, v\u00f5ileibadele ja kaunistuseks. Idud valmis 7\u201310 p\u00e4evaga.","rel":"","context":"Similar post","block_context":{"text":"Similar post","link":""},"img":{"alt_text":"","src":"https:\/\/i0.wp.com\/indoorgarden.ee\/wp-content\/uploads\/2025\/11\/4770168921146.jpg?resize=350%2C200&ssl=1","width":350,"height":200,"srcset":"https:\/\/i0.wp.com\/indoorgarden.ee\/wp-content\/uploads\/2025\/11\/4770168921146.jpg?resize=350%2C200&ssl=1 1x, https:\/\/i0.wp.com\/indoorgarden.ee\/wp-content\/uploads\/2025\/11\/4770168921146.jpg?resize=525%2C300&ssl=1 1.5x, https:\/\/i0.wp.com\/indoorgarden.ee\/wp-content\/uploads\/2025\/11\/4770168921146.jpg?resize=700%2C400&ssl=1 2x, https:\/\/i0.wp.com\/indoorgarden.ee\/wp-content\/uploads\/2025\/11\/4770168921146.jpg?resize=1050%2C600&ssl=1 3x"},"classes":[]},{"id":2024,"url":"https:\/\/indoorgarden.ee\/et\/toode\/siledalehelise-peterselli-seemned-1g-koogitaim-toiduvalmistamiseks-ja-kaunistamiseks-petroselinum-crispum\/","url_meta":{"origin":2191,"position":4},"title":"Siledalehelise peterselli seemned 1 g \u2013 maitsetaim toiduvalmistamiseks ja kaunistuseks (Petroselinum crispum)","author":"admin","date":"29. sept. 2025","format":false,"excerpt":"Siledalehelise peterselli seemned 1 g. Klassikaline k\u00f6\u00f6gimaitsetaim, sobib supile, kalale, kartulitele ja taldriku kaunistamiseks. Kasvab h\u00e4sti nutiaias.","rel":"","context":"Similar post","block_context":{"text":"Similar post","link":""},"img":{"alt_text":"","src":"https:\/\/i0.wp.com\/indoorgarden.ee\/wp-content\/uploads\/2025\/09\/product-153041_0-1402460.jpg?resize=350%2C200&ssl=1","width":350,"height":200,"srcset":"https:\/\/i0.wp.com\/indoorgarden.ee\/wp-content\/uploads\/2025\/09\/product-153041_0-1402460.jpg?resize=350%2C200&ssl=1 1x, https:\/\/i0.wp.com\/indoorgarden.ee\/wp-content\/uploads\/2025\/09\/product-153041_0-1402460.jpg?resize=525%2C300&ssl=1 1.5x, https:\/\/i0.wp.com\/indoorgarden.ee\/wp-content\/uploads\/2025\/09\/product-153041_0-1402460.jpg?resize=700%2C400&ssl=1 2x"},"classes":[]},{"id":1316,"url":"https:\/\/indoorgarden.ee\/et\/toode\/orgaanilised-redise-idanevad-seemned-vurtsikad-mikrokoogiviljad-salatite-ja-voileibade-jaoks-lihtne-siseruumide-supertoit-20g-vilmorin\/","url_meta":{"origin":2191,"position":5},"title":"Mahedad redise seemned idandamiseks \u2013 terav mikrov\u00f5rse salatitele ja v\u00f5ileibadele","author":"admin","date":"31. juuli 2025","format":false,"excerpt":"Mahedad redise seemned idandamiseks. Maitsev terav mikrov\u00f5rse, mis kasvab kodus lihtsalt. Vilmorini kvaliteet, sobib idupurkidele.","rel":"","context":"Similar post","block_context":{"text":"Similar post","link":""},"img":{"alt_text":"","src":"https:\/\/i0.wp.com\/indoorgarden.ee\/wp-content\/uploads\/2025\/07\/product-153675_0-VC554.jpg?resize=350%2C200&ssl=1","width":350,"height":200,"srcset":"https:\/\/i0.wp.com\/indoorgarden.ee\/wp-content\/uploads\/2025\/07\/product-153675_0-VC554.jpg?resize=350%2C200&ssl=1 1x, https:\/\/i0.wp.com\/indoorgarden.ee\/wp-content\/uploads\/2025\/07\/product-153675_0-VC554.jpg?resize=525%2C300&ssl=1 1.5x, https:\/\/i0.wp.com\/indoorgarden.ee\/wp-content\/uploads\/2025\/07\/product-153675_0-VC554.jpg?resize=700%2C400&ssl=1 2x"},"classes":[]}],"_links":{"self":[{"href":"https:\/\/indoorgarden.ee\/et\/wp-json\/wp\/v2\/product\/2191","targetHints":{"allow":["GET"]}}],"collection":[{"href":"https:\/\/indoorgarden.ee\/et\/wp-json\/wp\/v2\/product"}],"about":[{"href":"https:\/\/indoorgarden.ee\/et\/wp-json\/wp\/v2\/types\/product"}],"replies":[{"embeddable":true,"href":"https:\/\/indoorgarden.ee\/et\/wp-json\/wp\/v2\/comments?post=2191"}],"wp:featuredmedia":[{"embeddable":true,"href":"https:\/\/indoorgarden.ee\/et\/wp-json\/wp\/v2\/media\/2190"}],"wp:attachment":[{"href":"https:\/\/indoorgarden.ee\/et\/wp-json\/wp\/v2\/media?parent=2191"}],"wp:term":[{"taxonomy":"product_brand","embeddable":true,"href":"https:\/\/indoorgarden.ee\/et\/wp-json\/wp\/v2\/product_brand?post=2191"},{"taxonomy":"product_cat","embeddable":true,"href":"https:\/\/indoorgarden.ee\/et\/wp-json\/wp\/v2\/product_cat?post=2191"},{"taxonomy":"product_tag","embeddable":true,"href":"https:\/\/indoorgarden.ee\/et\/wp-json\/wp\/v2\/product_tag?post=2191"}],"curies":[{"name":"wp","href":"https:\/\/api.w.org\/{rel}","templated":true}]}}