{"id":2177,"date":"2025-11-16T16:57:52","date_gmt":"2025-11-16T14:57:52","guid":{"rendered":"https:\/\/indoorgarden.ee\/product\/valge-sinepi-vorsete-seemned-100-g-kiirekasvuline-supertoit-ideaalne-hudropoonikasse-ja-idandamisnoudesse\/"},"modified":"2026-04-26T18:49:14","modified_gmt":"2026-04-26T15:49:14","slug":"valge-sinepi-vorsete-seemned-100-g-kiirekasvuline-supertoit-ideaalne-hudropoonikasse-ja-idandamisnoudesse","status":"publish","type":"product","link":"https:\/\/indoorgarden.ee\/et\/toode\/valge-sinepi-vorsete-seemned-100-g-kiirekasvuline-supertoit-ideaalne-hudropoonikasse-ja-idandamisnoudesse\/","title":{"rendered":"Mikrov\u00f5rsete valge sinepi seemned 100 g \u2013 kiirelt kasvav superfood h\u00fcdropoonikasse ja idupurkidesse"},"content":{"rendered":"<h2>Valge sinepi v\u00f5rsetest<\/h2>\n<p>Valge sinepi v\u00f5rsed on kiirekasvulised, aromaatsed noored lehed, mis on tuntud oma kerge teravuse ja elava maitse poolest. Neid kasutatakse laialdaselt salatites, v\u00f5ileibades, smuutides ning toitainerikka garneeringuna. V\u00f5rsed korjatakse noorte v\u00f5sudena ja s\u00fc\u00fcakse ilma juurteta, mist\u00f5ttu on need v\u00e4rsked, puhtad ja mugavad supertoidud igap\u00e4evaseks kasutamiseks.  <\/p>\n<h2>Sobivus h\u00fcdropoonika ja idandamisega<\/h2>\n<p>Need seemned sobivad suurep\u00e4raselt nii h\u00fcdropoonikas\u00fcsteemidesse kui ka idandamisn\u00f5udesse. Valge sinepi v\u00f5rsed idanevad kiiresti ja kasvavad h\u00e4sti mullata keskkondades, nagu: <\/p>\n<ul>\n<li>H\u00fcdropoonilised alused ja matid<\/li>\n<li>Nutikad siseaiad<\/li>\n<li>Idandamisn\u00f5ud ja idandamispurgid<\/li>\n<li>Steriilne kiudmatt, kanepimatt v\u00f5i turbatabletid<\/li>\n<\/ul>\n<p>H\u00fcdropoonikas v\u00f5ivad v\u00f5rsed kasvada kuni 3\u00d7 kiiremini kui mullas, v\u00f5imaldades aastaringset kasvatamist minimaalse vaevaga.<\/p>\n<h2>Omadused<\/h2>\n<ul>\n<li>100 g kvaliteetseid valge sinepi seemneid<\/li>\n<li>Sobib v\u00f5rsete kasvatamiseks m\u00f5ne p\u00e4evaga<\/li>\n<li>Kiire idanemine ja tugev kasv<\/li>\n<li>Intensiivne maitse, ideaalne toitude maitsestamiseks ja kaunistamiseks<\/li>\n<li>Aastaringne kasvatamine siseruumides<\/li>\n<\/ul>\n<h2>Kuidas kasvatada<\/h2>\n<ul>\n<li>K\u00fclva seemned \u00fchtlaselt madalatesse alustesse, idandamisn\u00f5udesse v\u00f5i h\u00fcdropoonikamattidele.<\/li>\n<li>\u00c4ra kata mullaga \u2014 v\u00f5rsed t\u00e4rkavad k\u00f5ige paremini pinnal.<\/li>\n<li>Hoia substraat niiske ja taga hea \u00f5huringlus.<\/li>\n<li>Valmis koristamiseks juba m\u00f5ne p\u00e4eva p\u00e4rast.<\/li>\n<\/ul>\n<p>Valge sinepi v\u00f5rsed toovad sinu k\u00f6\u00f6ki nii maitset kui ka toitev\u00e4\u00e4rtust, muutes tavalised toidud v\u00e4rskemaiks ja elavamaks.<\/p>\n","protected":false},"excerpt":{"rendered":"<p>Mikrov\u00f5rsete valge sinepi seemned 100 g. Kiire kasv, kerge teravus, sobib salatitele ja v\u00f5ileibadele. Lihtne kasvatada idupurkides ja alustel.<\/p>\n","protected":false},"featured_media":2176,"comment_status":"closed","ping_status":"closed","template":"","meta":[],"product_brand":[240],"product_cat":[93,105],"product_tag":[],"class_list":{"0":"post-2177","1":"product","2":"type-product","3":"status-publish","4":"has-post-thumbnail","6":"product_brand-agronom","7":"product_cat-seemned","8":"product_cat-mikrovorsete-seemned","10":"first","11":"instock","12":"taxable","13":"shipping-taxable","14":"purchasable","15":"product-type-simple"},"jetpack_sharing_enabled":true,"jetpack-related-posts":[{"id":2181,"url":"https:\/\/indoorgarden.ee\/et\/toode\/koriandri-vorsete-seemned-100-g-kiirekasvuline-supertoit-ideaalne-hudropoonikasse-ja-idandamisnoudesse\/","url_meta":{"origin":2177,"position":0},"title":"Mikrov\u00f5rsete koriandri seemned 100 g \u2013 aromaatne superfood h\u00fcdropoonikasse ja idupurkidesse","author":"admin","date":"16. nov. 2025","format":false,"excerpt":"Mikrov\u00f5rsete koriandri seemned 100 g. Aromaatne mikrov\u00f5rse Mehhiko, India ja Aasia k\u00f6\u00f6gile \u2013 idud valmis 1\u20132 n\u00e4dalaga.","rel":"","context":"Similar post","block_context":{"text":"Similar post","link":""},"img":{"alt_text":"","src":"https:\/\/i0.wp.com\/indoorgarden.ee\/wp-content\/uploads\/2025\/11\/4770168921153.jpg?resize=350%2C200&ssl=1","width":350,"height":200,"srcset":"https:\/\/i0.wp.com\/indoorgarden.ee\/wp-content\/uploads\/2025\/11\/4770168921153.jpg?resize=350%2C200&ssl=1 1x, https:\/\/i0.wp.com\/indoorgarden.ee\/wp-content\/uploads\/2025\/11\/4770168921153.jpg?resize=525%2C300&ssl=1 1.5x, https:\/\/i0.wp.com\/indoorgarden.ee\/wp-content\/uploads\/2025\/11\/4770168921153.jpg?resize=700%2C400&ssl=1 2x, https:\/\/i0.wp.com\/indoorgarden.ee\/wp-content\/uploads\/2025\/11\/4770168921153.jpg?resize=1050%2C600&ssl=1 3x"},"classes":[]},{"id":2203,"url":"https:\/\/indoorgarden.ee\/et\/toode\/herne-vorsete-seemned-100-g-kiirekasvuline-supertoit-ideaalne-hudropoonikasse-ja-idandamisnoudesse\/","url_meta":{"origin":2177,"position":1},"title":"Mikrov\u00f5rsete herne seemned 100 g \u2013 kiirelt kasvav superfood h\u00fcdropoonikasse ja idupurkidesse","author":"admin","date":"16. nov. 2025","format":false,"excerpt":"Mikrov\u00f5rsete herne seemned 100 g. Magus, kr\u00f5mpsuv mikrov\u00f5rse, sobib salatitele, smuutidesse ja taldriku kaunistamiseks. Idud valmis n\u00e4dalaga.","rel":"","context":"Similar post","block_context":{"text":"Similar post","link":""},"img":{"alt_text":"","src":"https:\/\/i0.wp.com\/indoorgarden.ee\/wp-content\/uploads\/2025\/11\/4770168921177.jpg?resize=350%2C200&ssl=1","width":350,"height":200,"srcset":"https:\/\/i0.wp.com\/indoorgarden.ee\/wp-content\/uploads\/2025\/11\/4770168921177.jpg?resize=350%2C200&ssl=1 1x, https:\/\/i0.wp.com\/indoorgarden.ee\/wp-content\/uploads\/2025\/11\/4770168921177.jpg?resize=525%2C300&ssl=1 1.5x, https:\/\/i0.wp.com\/indoorgarden.ee\/wp-content\/uploads\/2025\/11\/4770168921177.jpg?resize=700%2C400&ssl=1 2x, https:\/\/i0.wp.com\/indoorgarden.ee\/wp-content\/uploads\/2025\/11\/4770168921177.jpg?resize=1050%2C600&ssl=1 3x"},"classes":[]},{"id":2186,"url":"https:\/\/indoorgarden.ee\/et\/toode\/redise-vorsete-seemned-100g-kiiresti-kasvav-supertoit-ideaalne-idandamiseks-ja-hudropooniliseks-kasvatamiseks\/","url_meta":{"origin":2177,"position":2},"title":"Mikrov\u00f5rsete redise seemned 100 g \u2013 terav superfood h\u00fcdropoonikasse ja idupurkidesse","author":"admin","date":"16. nov. 2025","format":false,"excerpt":"Mikrov\u00f5rsete redise seemned 100 g. Terava maitsega mikrov\u00f5rse salatitele, v\u00f5ileibadele ja taldriku kaunistamiseks. Kiire kasv, idud valmis n\u00e4dalaga.","rel":"","context":"Similar post","block_context":{"text":"Similar post","link":""},"img":{"alt_text":"","src":"https:\/\/i0.wp.com\/indoorgarden.ee\/wp-content\/uploads\/2025\/11\/4770168921207.jpg?resize=350%2C200&ssl=1","width":350,"height":200,"srcset":"https:\/\/i0.wp.com\/indoorgarden.ee\/wp-content\/uploads\/2025\/11\/4770168921207.jpg?resize=350%2C200&ssl=1 1x, https:\/\/i0.wp.com\/indoorgarden.ee\/wp-content\/uploads\/2025\/11\/4770168921207.jpg?resize=525%2C300&ssl=1 1.5x, https:\/\/i0.wp.com\/indoorgarden.ee\/wp-content\/uploads\/2025\/11\/4770168921207.jpg?resize=700%2C400&ssl=1 2x, https:\/\/i0.wp.com\/indoorgarden.ee\/wp-content\/uploads\/2025\/11\/4770168921207.jpg?resize=1050%2C600&ssl=1 3x"},"classes":[]},{"id":2199,"url":"https:\/\/indoorgarden.ee\/et\/toode\/paevalille-vorsete-seemned-100g-kiiresti-kasvav-supertoit-ideaalne-hudropoonikasse-ja-idanemiskaussidesse\/","url_meta":{"origin":2177,"position":3},"title":"Mikrov\u00f5rsete p\u00e4evalille seemned 100 g \u2013 kiirelt kasvav superfood h\u00fcdropoonikasse ja idupurkidesse","author":"admin","date":"16. nov. 2025","format":false,"excerpt":"Mikrov\u00f5rsete p\u00e4evalille seemned 100 g. Maitsev kr\u00f5mpsuv mikrov\u00f5rse, sobib salatitele, v\u00f5ileibadele ja kaunistuseks. Idud valmis 7\u201310 p\u00e4evaga.","rel":"","context":"Similar post","block_context":{"text":"Similar post","link":""},"img":{"alt_text":"","src":"https:\/\/i0.wp.com\/indoorgarden.ee\/wp-content\/uploads\/2025\/11\/4770168921146.jpg?resize=350%2C200&ssl=1","width":350,"height":200,"srcset":"https:\/\/i0.wp.com\/indoorgarden.ee\/wp-content\/uploads\/2025\/11\/4770168921146.jpg?resize=350%2C200&ssl=1 1x, https:\/\/i0.wp.com\/indoorgarden.ee\/wp-content\/uploads\/2025\/11\/4770168921146.jpg?resize=525%2C300&ssl=1 1.5x, https:\/\/i0.wp.com\/indoorgarden.ee\/wp-content\/uploads\/2025\/11\/4770168921146.jpg?resize=700%2C400&ssl=1 2x, https:\/\/i0.wp.com\/indoorgarden.ee\/wp-content\/uploads\/2025\/11\/4770168921146.jpg?resize=1050%2C600&ssl=1 3x"},"classes":[]},{"id":2191,"url":"https:\/\/indoorgarden.ee\/et\/toode\/kahara-lehtkapsa-vorsete-seemned-100g-kiiresti-kasvav-supertoit-ideaalne-hudropoonika-ja-idanemiskausside-jaoks\/","url_meta":{"origin":2177,"position":4},"title":"Mikrov\u00f5rsete k\u00e4hara lehtkapsa seemned 100 g \u2013 toitainerikas superfood h\u00fcdropoonikasse ja idupurkidesse","author":"admin","date":"16. nov. 2025","format":false,"excerpt":"Mikrov\u00f5rsete k\u00e4hara lehtkapsa seemned 100 g. Toitainerikas mikrov\u00f5rse smuutidesse, salatitele ja toiduks. Kiire kasv, idud valmis n\u00e4dalaga.","rel":"","context":"Similar post","block_context":{"text":"Similar post","link":""},"img":{"alt_text":"","src":"https:\/\/i0.wp.com\/indoorgarden.ee\/wp-content\/uploads\/2025\/11\/4770168921160.jpg?resize=350%2C200&ssl=1","width":350,"height":200,"srcset":"https:\/\/i0.wp.com\/indoorgarden.ee\/wp-content\/uploads\/2025\/11\/4770168921160.jpg?resize=350%2C200&ssl=1 1x, https:\/\/i0.wp.com\/indoorgarden.ee\/wp-content\/uploads\/2025\/11\/4770168921160.jpg?resize=525%2C300&ssl=1 1.5x, https:\/\/i0.wp.com\/indoorgarden.ee\/wp-content\/uploads\/2025\/11\/4770168921160.jpg?resize=700%2C400&ssl=1 2x, https:\/\/i0.wp.com\/indoorgarden.ee\/wp-content\/uploads\/2025\/11\/4770168921160.jpg?resize=1050%2C600&ssl=1 3x"},"classes":[]},{"id":2195,"url":"https:\/\/indoorgarden.ee\/et\/toode\/rukola-vorsete-seemned-100-g-kiirekasvuline-supertoit-ideaalne-hudropoonikasse-ja-idandamisnoudesse\/","url_meta":{"origin":2177,"position":5},"title":"Mikrov\u00f5rsete rukola seemned 100 g \u2013 kiirelt kasvav superfood h\u00fcdropoonikale ja idupurkidesse","author":"admin","date":"16. nov. 2025","format":false,"excerpt":"Mikrov\u00f5rsete rukola seemned 100 g. Kiire kasv, intensiivne p\u00e4hklise-pipraga maitse \u2013 sobib salatitele, v\u00f5ileibadele ja taldriku kaunistamiseks.","rel":"","context":"Similar post","block_context":{"text":"Similar post","link":""},"img":{"alt_text":"","src":"https:\/\/i0.wp.com\/indoorgarden.ee\/wp-content\/uploads\/2025\/11\/4770168921184.jpg?resize=350%2C200&ssl=1","width":350,"height":200,"srcset":"https:\/\/i0.wp.com\/indoorgarden.ee\/wp-content\/uploads\/2025\/11\/4770168921184.jpg?resize=350%2C200&ssl=1 1x, https:\/\/i0.wp.com\/indoorgarden.ee\/wp-content\/uploads\/2025\/11\/4770168921184.jpg?resize=525%2C300&ssl=1 1.5x, https:\/\/i0.wp.com\/indoorgarden.ee\/wp-content\/uploads\/2025\/11\/4770168921184.jpg?resize=700%2C400&ssl=1 2x, https:\/\/i0.wp.com\/indoorgarden.ee\/wp-content\/uploads\/2025\/11\/4770168921184.jpg?resize=1050%2C600&ssl=1 3x"},"classes":[]}],"_links":{"self":[{"href":"https:\/\/indoorgarden.ee\/et\/wp-json\/wp\/v2\/product\/2177","targetHints":{"allow":["GET"]}}],"collection":[{"href":"https:\/\/indoorgarden.ee\/et\/wp-json\/wp\/v2\/product"}],"about":[{"href":"https:\/\/indoorgarden.ee\/et\/wp-json\/wp\/v2\/types\/product"}],"replies":[{"embeddable":true,"href":"https:\/\/indoorgarden.ee\/et\/wp-json\/wp\/v2\/comments?post=2177"}],"wp:featuredmedia":[{"embeddable":true,"href":"https:\/\/indoorgarden.ee\/et\/wp-json\/wp\/v2\/media\/2176"}],"wp:attachment":[{"href":"https:\/\/indoorgarden.ee\/et\/wp-json\/wp\/v2\/media?parent=2177"}],"wp:term":[{"taxonomy":"product_brand","embeddable":true,"href":"https:\/\/indoorgarden.ee\/et\/wp-json\/wp\/v2\/product_brand?post=2177"},{"taxonomy":"product_cat","embeddable":true,"href":"https:\/\/indoorgarden.ee\/et\/wp-json\/wp\/v2\/product_cat?post=2177"},{"taxonomy":"product_tag","embeddable":true,"href":"https:\/\/indoorgarden.ee\/et\/wp-json\/wp\/v2\/product_tag?post=2177"}],"curies":[{"name":"wp","href":"https:\/\/api.w.org\/{rel}","templated":true}]}}